{"id":243,"date":"2024-04-19T05:02:28","date_gmt":"2024-04-19T05:02:28","guid":{"rendered":"https:\/\/petalwhim.com\/p\/mini-cyan-eternal-rose-under-glass-dome\/"},"modified":"2025-07-25T05:16:01","modified_gmt":"2025-07-25T05:16:01","slug":"mini-cian-orok-rozsa-uvegkupola-alatt","status":"publish","type":"product","link":"https:\/\/petalwhim.com\/hu\/p\/mini-cian-orok-rozsa-uvegkupola-alatt\/","title":{"rendered":"<span>Mini \u00f6r\u00f6k r\u00f3zsa \u00fcvegkupola alatt <\/span><span class=\"product-title-custom\">Cyan<\/span>"},"content":{"rendered":"<h2>Egy \u00f6r\u00f6k r\u00f3zsa, amely az \u00f6r\u00f6k szerelmet \u00e9s az er\u0151s \u00e9rzelmeket szimboliz\u00e1lja.<\/h2><p>Ez a term\u00e9k egy <strong>\u00f6r\u00f6k r\u00f3zsa<\/strong> ci\u00e1nk\u00e9k sz\u00ednben, sz\u00e9p Smalls \u00e9gsz\u00ednk\u00e9k vir\u00e1gokkal k\u00f6r\u00fclv\u00e9ve, valamint egy finom f\u00e9nyf\u00fcz\u00e9rrel, hogy feldobja \u00e9s melegs\u00e9get \u00e9s l\u00e1gys\u00e1got vigyen otthon\u00e1ba. Az eg\u00e9szet egy <strong>vastag \u00fcvegharang<\/strong> egy sz\u00e9p sz\u00edvvel a tetej\u00e9n \u00e9s a f\u00e1b\u00f3l k\u00e9sz\u00fclt talapzat\u00e1val.<br><br>Az \u00f6r\u00f6k r\u00f3zsa egy <strong>halhatatlan vir\u00e1g. <\/strong> Ezek a var\u00e1zslatos, ragyog\u00f3 r\u00f3zs\u00e1k nem ig\u00e9nyelnek k\u00fcl\u00f6nleges gondoz\u00e1st. Az \u00e9jjeliszekr\u00e9nyre vagy a nappaliba helyezve, ezeknek az \u00f6r\u00f6k r\u00f3zs\u00e1knak a halhatatlans\u00e1ga felid\u00e9zi <strong>eml\u00e9keket \u00e9s mindenf\u00e9le \u00e9rzelmeket minden nap. <\/strong> <br><br>Akkor k\u00edn\u00e1lja ezt a gy\u00f6ny\u00f6r\u0171 r\u00f3zsa alatt cloche, mert <strong>k\u00fcl\u00f6nleges alkalmak<\/strong> p\u00e9ld\u00e1ul Valentin-nap, \u00e9vfordul\u00f3 vagy egyszer\u0171en csak a szenved\u00e9lyes szerelem kifejez\u00e9s\u00e9re.<\/p>","protected":false},"excerpt":{"rendered":"Egy \u00f6r\u00f6k r\u00f3zsa, amely az \u00f6r\u00f6k szerelmet \u00e9s az er\u0151s \u00e9rzelmeket szimboliz\u00e1lja.Ez a term\u00e9k egy \u00f6r\u00f6k r\u00f3zs\u00e1t tartalmaz ci\u00e1nk\u00e9k sz\u00ednben, amelyet csinos Smalls \u00e9gsz\u00ednk\u00e9k vir\u00e1gok vesznek k\u00f6r\u00fcl, valamint egy finom f\u00e9nyf\u00fcz\u00e9r, amely feldobja \u00e9s melegs\u00e9get \u00e9s l\u00e1gys\u00e1got hoz otthon\u00e1ba. Az eg\u00e9szet egy vastag \u00fcvegharang fedi, amelyen egy sz\u00e9p sz\u00edv van [...]","protected":false},"featured_media":242,"template":"","meta":[],"product_brand":[],"product_cat":[15,36,21,35],"product_tag":[34],"class_list":{"0":"post-243","1":"product","2":"type-product","3":"status-publish","4":"has-post-thumbnail","6":"product_cat-all-products","7":"product_cat-best-sellers","8":"product_cat-blue-forever-rose","9":"product_cat-small-forever-rose","10":"product_tag-small-rose-in-glass","12":"first","13":"instock","14":"shipping-taxable","15":"purchasable","16":"product-type-simple"},"yoast_head":"<!-- This site is optimized with the Yoast SEO plugin v25.9 - https:\/\/yoast.com\/wordpress\/plugins\/seo\/ -->\n<title>Mini Eternal Rose under Glass Dome Cyan | Magyarorsz\u00e1g Florist<\/title>\n<meta name=\"description\" content=\"Celebrate everlasting love with our Mini Eternal Rose under Glass Dome Cyan .\ud83c\udf39Symbolize your endless affection. Shop now and get a free...\" \/>\n<meta name=\"robots\" content=\"index, follow, max-snippet:-1, max-image-preview:large, max-video-preview:-1\" \/>\n<link rel=\"canonical\" href=\"https:\/\/petalwhim.com\/hu\/p\/mini-cian-orok-rozsa-uvegkupola-alatt\/\" \/>\n<meta property=\"og:locale\" content=\"hu_HU\" \/>\n<meta property=\"og:type\" content=\"article\" \/>\n<meta property=\"og:title\" content=\"Mini Eternal Rose under Glass Dome Cyan | Magyarorsz\u00e1g Florist\" \/>\n<meta property=\"og:description\" content=\"Celebrate everlasting love with our Mini Eternal Rose under Glass Dome Cyan .\ud83c\udf39Symbolize your endless affection. Shop now and get a free...\" \/>\n<meta property=\"og:url\" content=\"https:\/\/petalwhim.com\/hu\/p\/mini-cian-orok-rozsa-uvegkupola-alatt\/\" \/>\n<meta property=\"og:site_name\" content=\"Petal Whim\u2122\" \/>\n<meta property=\"article:modified_time\" content=\"2025-07-25T05:16:01+00:00\" \/>\n<meta property=\"og:image\" content=\"https:\/\/petalwhim.com\/wp-content\/uploads\/2024\/04\/product-image-1487364161.jpg\" \/>\n\t<meta property=\"og:image:width\" content=\"640\" \/>\n\t<meta property=\"og:image:height\" content=\"640\" \/>\n\t<meta property=\"og:image:type\" content=\"image\/jpeg\" \/>\n<meta name=\"twitter:card\" content=\"summary_large_image\" \/>\n<meta name=\"twitter:label1\" content=\"Becs\u00fclt olvas\u00e1si id\u0151\" \/>\n\t<meta name=\"twitter:data1\" content=\"1 perc\" \/>\n<script type=\"application\/ld+json\" class=\"yoast-schema-graph\">{\"@context\":\"https:\/\/schema.org\",\"@graph\":[{\"@type\":\"WebPage\",\"@id\":\"https:\/\/petalwhim.com\/p\/mini-cyan-eternal-rose-under-glass-dome\/\",\"url\":\"https:\/\/petalwhim.com\/p\/mini-cyan-eternal-rose-under-glass-dome\/\",\"name\":\"Mini Eternal Rose under Glass Dome Cyan | Magyarorsz\u00e1g Florist\",\"isPartOf\":{\"@id\":\"https:\/\/petalwhim.com\/#website\"},\"primaryImageOfPage\":{\"@id\":\"https:\/\/petalwhim.com\/p\/mini-cyan-eternal-rose-under-glass-dome\/#primaryimage\"},\"image\":{\"@id\":\"https:\/\/petalwhim.com\/p\/mini-cyan-eternal-rose-under-glass-dome\/#primaryimage\"},\"thumbnailUrl\":\"https:\/\/petalwhim.com\/wp-content\/uploads\/2024\/04\/product-image-1487364161.jpg\",\"datePublished\":\"2024-04-19T05:02:28+00:00\",\"dateModified\":\"2025-07-25T05:16:01+00:00\",\"description\":\"Celebrate everlasting love with our Mini Eternal Rose under Glass Dome Cyan .\ud83c\udf39Symbolize your endless affection. Shop now and get a free...\",\"breadcrumb\":{\"@id\":\"https:\/\/petalwhim.com\/p\/mini-cyan-eternal-rose-under-glass-dome\/#breadcrumb\"},\"inLanguage\":\"hu\",\"potentialAction\":[{\"@type\":\"ReadAction\",\"target\":[\"https:\/\/petalwhim.com\/p\/mini-cyan-eternal-rose-under-glass-dome\/\"]}]},{\"@type\":\"ImageObject\",\"inLanguage\":\"hu\",\"@id\":\"https:\/\/petalwhim.com\/p\/mini-cyan-eternal-rose-under-glass-dome\/#primaryimage\",\"url\":\"https:\/\/petalwhim.com\/wp-content\/uploads\/2024\/04\/product-image-1487364161.jpg\",\"contentUrl\":\"https:\/\/petalwhim.com\/wp-content\/uploads\/2024\/04\/product-image-1487364161.jpg\",\"width\":640,\"height\":640,\"caption\":\"Mini Eternal Rose under Glass Dome Cyan\"},{\"@type\":\"BreadcrumbList\",\"@id\":\"https:\/\/petalwhim.com\/p\/mini-cyan-eternal-rose-under-glass-dome\/#breadcrumb\",\"itemListElement\":[{\"@type\":\"ListItem\",\"position\":1,\"name\":\"Home\",\"item\":\"https:\/\/petalwhim.com\/\"},{\"@type\":\"ListItem\",\"position\":2,\"name\":\"Shop\",\"item\":\"https:\/\/petalwhim.com\/shop\/\"},{\"@type\":\"ListItem\",\"position\":3,\"name\":\"Mini Eternal Rose under Glass Dome Cyan\"}]},{\"@type\":\"WebSite\",\"@id\":\"https:\/\/petalwhim.com\/#website\",\"url\":\"https:\/\/petalwhim.com\/\",\"name\":\"Petal Whim\u2122\",\"description\":\"Rose in Glass\",\"publisher\":{\"@id\":\"https:\/\/petalwhim.com\/#organization\"},\"potentialAction\":[{\"@type\":\"SearchAction\",\"target\":{\"@type\":\"EntryPoint\",\"urlTemplate\":\"https:\/\/petalwhim.com\/?s={search_term_string}\"},\"query-input\":{\"@type\":\"PropertyValueSpecification\",\"valueRequired\":true,\"valueName\":\"search_term_string\"}}],\"inLanguage\":\"hu\"},{\"@type\":\"Organization\",\"@id\":\"https:\/\/petalwhim.com\/#organization\",\"name\":\"Petal Whim\",\"alternateName\":\"Rose in Glass\",\"url\":\"https:\/\/petalwhim.com\/\",\"logo\":{\"@type\":\"ImageObject\",\"inLanguage\":\"hu\",\"@id\":\"https:\/\/petalwhim.com\/#\/schema\/logo\/image\/\",\"url\":\"https:\/\/petalwhim.com\/wp-content\/uploads\/2024\/05\/cropped-Petal-Whim-Favicon.png\",\"contentUrl\":\"https:\/\/petalwhim.com\/wp-content\/uploads\/2024\/05\/cropped-Petal-Whim-Favicon.png\",\"width\":512,\"height\":512,\"caption\":\"Petal Whim\"},\"image\":{\"@id\":\"https:\/\/petalwhim.com\/#\/schema\/logo\/image\/\"}}]}<\/script>\n<!-- \/ Yoast SEO plugin. -->","yoast_head_json":{"title":"Mini \u00d6r\u00f6k R\u00f3zsa \u00fcvegkupola alatt Cyan | Magyarorsz\u00e1g Vir\u00e1g\u00fczlet | Magyarorsz\u00e1g Vir\u00e1g\u00fczlet\u00e1g","description":"\u00dcnnepeld meg az \u00f6r\u00f6k szerelmet a Mini \u00d6r\u00f6k R\u00f3zsa \u00fcvegkupola alatt ci\u00e1nk\u00e9k sz\u00ednben \ud83c\udf39 Szimboliz\u00e1lja v\u00e9gtelen szeretetedet. V\u00e1s\u00e1roljon most \u00e9s kap egy ingyenes...","robots":{"index":"index","follow":"follow","max-snippet":"max-snippet:-1","max-image-preview":"max-image-preview:large","max-video-preview":"max-video-preview:-1"},"canonical":"https:\/\/petalwhim.com\/hu\/p\/mini-cian-orok-rozsa-uvegkupola-alatt\/","og_locale":"hu_HU","og_type":"article","og_title":"Mini Eternal Rose under Glass Dome Cyan | Magyarorsz\u00e1g Florist","og_description":"Celebrate everlasting love with our Mini Eternal Rose under Glass Dome Cyan .\ud83c\udf39Symbolize your endless affection. Shop now and get a free...","og_url":"https:\/\/petalwhim.com\/hu\/p\/mini-cian-orok-rozsa-uvegkupola-alatt\/","og_site_name":"Petal Whim\u2122","article_modified_time":"2025-07-25T05:16:01+00:00","og_image":[{"width":640,"height":640,"url":"https:\/\/petalwhim.com\/wp-content\/uploads\/2024\/04\/product-image-1487364161.jpg","type":"image\/jpeg"}],"twitter_card":"summary_large_image","twitter_misc":{"Becs\u00fclt olvas\u00e1si id\u0151":"1 perc"},"schema":{"@context":"https:\/\/schema.org","@graph":[{"@type":"WebPage","@id":"https:\/\/petalwhim.com\/p\/mini-cyan-eternal-rose-under-glass-dome\/","url":"https:\/\/petalwhim.com\/p\/mini-cyan-eternal-rose-under-glass-dome\/","name":"Mini \u00d6r\u00f6k R\u00f3zsa \u00fcvegkupola alatt Cyan | Magyarorsz\u00e1g Vir\u00e1g\u00fczlet | Magyarorsz\u00e1g Vir\u00e1g\u00fczlet\u00e1g","isPartOf":{"@id":"https:\/\/petalwhim.com\/#website"},"primaryImageOfPage":{"@id":"https:\/\/petalwhim.com\/p\/mini-cyan-eternal-rose-under-glass-dome\/#primaryimage"},"image":{"@id":"https:\/\/petalwhim.com\/p\/mini-cyan-eternal-rose-under-glass-dome\/#primaryimage"},"thumbnailUrl":"https:\/\/petalwhim.com\/wp-content\/uploads\/2024\/04\/product-image-1487364161.jpg","datePublished":"2024-04-19T05:02:28+00:00","dateModified":"2025-07-25T05:16:01+00:00","description":"\u00dcnnepeld meg az \u00f6r\u00f6k szerelmet a Mini \u00d6r\u00f6k R\u00f3zsa \u00fcvegkupola alatt ci\u00e1nk\u00e9k sz\u00ednben \ud83c\udf39 Szimboliz\u00e1lja v\u00e9gtelen szeretetedet. V\u00e1s\u00e1roljon most \u00e9s kap egy ingyenes...","breadcrumb":{"@id":"https:\/\/petalwhim.com\/p\/mini-cyan-eternal-rose-under-glass-dome\/#breadcrumb"},"inLanguage":"hu","potentialAction":[{"@type":"ReadAction","target":["https:\/\/petalwhim.com\/p\/mini-cyan-eternal-rose-under-glass-dome\/"]}]},{"@type":"ImageObject","inLanguage":"hu","@id":"https:\/\/petalwhim.com\/p\/mini-cyan-eternal-rose-under-glass-dome\/#primaryimage","url":"https:\/\/petalwhim.com\/wp-content\/uploads\/2024\/04\/product-image-1487364161.jpg","contentUrl":"https:\/\/petalwhim.com\/wp-content\/uploads\/2024\/04\/product-image-1487364161.jpg","width":640,"height":640,"caption":"Mini Eternal Rose under Glass Dome Cyan"},{"@type":"BreadcrumbList","@id":"https:\/\/petalwhim.com\/p\/mini-cyan-eternal-rose-under-glass-dome\/#breadcrumb","itemListElement":[{"@type":"ListItem","position":1,"name":"Home","item":"https:\/\/petalwhim.com\/"},{"@type":"ListItem","position":2,"name":"Shop","item":"https:\/\/petalwhim.com\/shop\/"},{"@type":"ListItem","position":3,"name":"Mini Eternal Rose under Glass Dome Cyan"}]},{"@type":"WebSite","@id":"https:\/\/petalwhim.com\/#website","url":"https:\/\/petalwhim.com\/","name":"Szirom szesz\u00e9ly\u2122","description":"R\u00f3zsa \u00fcvegben","publisher":{"@id":"https:\/\/petalwhim.com\/#organization"},"potentialAction":[{"@type":"SearchAction","target":{"@type":"EntryPoint","urlTemplate":"https:\/\/petalwhim.com\/?s={search_term_string}"},"query-input":{"@type":"PropertyValueSpecification","valueRequired":true,"valueName":"search_term_string"}}],"inLanguage":"hu"},{"@type":"Organization","@id":"https:\/\/petalwhim.com\/#organization","name":"Szirom szesz\u00e9ly","alternateName":"Rose in Glass","url":"https:\/\/petalwhim.com\/","logo":{"@type":"ImageObject","inLanguage":"hu","@id":"https:\/\/petalwhim.com\/#\/schema\/logo\/image\/","url":"https:\/\/petalwhim.com\/wp-content\/uploads\/2024\/05\/cropped-Petal-Whim-Favicon.png","contentUrl":"https:\/\/petalwhim.com\/wp-content\/uploads\/2024\/05\/cropped-Petal-Whim-Favicon.png","width":512,"height":512,"caption":"Petal Whim"},"image":{"@id":"https:\/\/petalwhim.com\/#\/schema\/logo\/image\/"}}]}},"_links":{"self":[{"href":"https:\/\/petalwhim.com\/hu\/wp-json\/wp\/v2\/product\/243","targetHints":{"allow":["GET"]}}],"collection":[{"href":"https:\/\/petalwhim.com\/hu\/wp-json\/wp\/v2\/product"}],"about":[{"href":"https:\/\/petalwhim.com\/hu\/wp-json\/wp\/v2\/types\/product"}],"wp:featuredmedia":[{"embeddable":true,"href":"https:\/\/petalwhim.com\/hu\/wp-json\/wp\/v2\/media\/242"}],"wp:attachment":[{"href":"https:\/\/petalwhim.com\/hu\/wp-json\/wp\/v2\/media?parent=243"}],"wp:term":[{"taxonomy":"product_brand","embeddable":true,"href":"https:\/\/petalwhim.com\/hu\/wp-json\/wp\/v2\/product_brand?post=243"},{"taxonomy":"product_cat","embeddable":true,"href":"https:\/\/petalwhim.com\/hu\/wp-json\/wp\/v2\/product_cat?post=243"},{"taxonomy":"product_tag","embeddable":true,"href":"https:\/\/petalwhim.com\/hu\/wp-json\/wp\/v2\/product_tag?post=243"}],"curies":[{"name":"wp","href":"https:\/\/api.w.org\/{rel}","templated":true}]}}