{"id":231,"date":"2024-04-19T05:02:01","date_gmt":"2024-04-19T05:02:01","guid":{"rendered":"https:\/\/petalwhim.com\/p\/mini-violet-eternal-rose-under-glass-dome\/"},"modified":"2025-07-25T05:16:01","modified_gmt":"2025-07-25T05:16:01","slug":"mini-lila-orok-rozsa-uvegkupola-alatt","status":"publish","type":"product","link":"https:\/\/petalwhim.com\/hu\/p\/mini-lila-orok-rozsa-uvegkupola-alatt\/","title":{"rendered":"<span>Mini \u00f6r\u00f6k r\u00f3zsa \u00fcvegkupola alatt <\/span><span class=\"product-title-custom\">Violet<\/span>"},"content":{"rendered":"<h2>Nyilv\u00e1n\u00edtsd ki l\u00e1ngodat ezzel a mini \u00f6r\u00f6k r\u00f3zs\u00e1val.<\/h2><p>Ez a pomp\u00e1s <strong>\u00f6r\u00f6k ibolya r\u00f3zsa<\/strong> egy kis sz\u00edvvel d\u00edsz\u00edtett \u00fcvegkoszor\u00faban t\u00fcnd\u00f6k\u00f6l. F\u00e1b\u00f3l k\u00e9sz\u00fclt talapzaton nyugszik, amely a vil\u00e1g\u00edt\u00f3testnek k\u00f6sz\u00f6nhet\u0151en vil\u00e1g\u00edt. <strong>mini f\u00fcz\u00e9r<\/strong> , \u00e9s romantikus t\u00e1jk\u00e9pi k\u00f6rnyezetben ker\u00fcl a k\u00f6z\u00e9ppontba.<br><br> A vir\u00e1gok nyelv\u00e9n a lila a kir\u00e1lyi hatalmat, a dics\u0151s\u00e9get \u00e9s az eleganci\u00e1t jelk\u00e9pezi. A szimb\u00f3lumok szempontj\u00e1b\u00f3l, ha ezt a mini \u00f6r\u00f6k lila r\u00f3zs\u00e1t adod valakinek, az azt jelenti, hogy \u00e9rezt\u00e9l egy igazi <strong>coup de foudre<\/strong> \u00e9s az aj\u00e1nd\u00e9koddal kinyilv\u00e1n\u00edtod, hogy szereted \u0151ket.<\/p><p>Ez a mini \u00f6r\u00f6k r\u00f3zsa d\u00edsz\u00edti a szob\u00e1t \u00e9s elmer\u00fcl egy <strong>meghitt hangulat<\/strong> ezernyi szikr\u00e1j\u00e1val.<\/p>","protected":false},"excerpt":{"rendered":"Nyilv\u00e1n\u00edtsd ki l\u00e1ngodat ezzel a mini \u00f6r\u00f6k r\u00f3zs\u00e1valEz a pomp\u00e1s, \u00f6r\u00f6kk\u00e9 tart\u00f3 lila r\u00f3zsa egy kis sz\u00edvvel d\u00edsz\u00edtett \u00fcvegcs\u00e9sz\u00e9ben pomp\u00e1zik. Egy mini f\u00fcz\u00e9rnek k\u00f6sz\u00f6nhet\u0151en megvil\u00e1g\u00edtott fa talapzaton nyugszik, \u00e9s egy romantikus t\u00e1jk\u00e9pi k\u00f6rnyezet k\u00f6z\u00e9ppontj\u00e1ban \u00e1ll. A vir\u00e1gok nyelv\u00e9n a lila a kir\u00e1lys\u00e1got, a dics\u0151s\u00e9get \u00e9s a [...]","protected":false},"featured_media":230,"template":"","meta":[],"product_brand":[],"product_cat":[15,36,35],"product_tag":[34],"class_list":{"0":"post-231","1":"product","2":"type-product","3":"status-publish","4":"has-post-thumbnail","6":"product_cat-all-products","7":"product_cat-best-sellers","8":"product_cat-small-forever-rose","9":"product_tag-small-rose-in-glass","11":"first","12":"instock","13":"shipping-taxable","14":"purchasable","15":"product-type-simple"},"yoast_head":"<!-- This site is optimized with the Yoast SEO plugin v25.9 - https:\/\/yoast.com\/wordpress\/plugins\/seo\/ -->\n<title>Mini Eternal Rose under Glass Dome Violet | Magyarorsz\u00e1g Florist<\/title>\n<meta name=\"description\" content=\"Celebrate everlasting love with our Mini Eternal Rose under Glass Dome Violet .\ud83c\udf39Symbolize your endless affection. Shop now and get a free...\" \/>\n<meta name=\"robots\" content=\"index, follow, max-snippet:-1, max-image-preview:large, max-video-preview:-1\" \/>\n<link rel=\"canonical\" href=\"https:\/\/petalwhim.com\/hu\/p\/mini-lila-orok-rozsa-uvegkupola-alatt\/\" \/>\n<meta property=\"og:locale\" content=\"hu_HU\" \/>\n<meta property=\"og:type\" content=\"article\" \/>\n<meta property=\"og:title\" content=\"Mini Eternal Rose under Glass Dome Violet | Magyarorsz\u00e1g Florist\" \/>\n<meta property=\"og:description\" content=\"Celebrate everlasting love with our Mini Eternal Rose under Glass Dome Violet .\ud83c\udf39Symbolize your endless affection. Shop now and get a free...\" \/>\n<meta property=\"og:url\" content=\"https:\/\/petalwhim.com\/hu\/p\/mini-lila-orok-rozsa-uvegkupola-alatt\/\" \/>\n<meta property=\"og:site_name\" content=\"Petal Whim\u2122\" \/>\n<meta property=\"article:modified_time\" content=\"2025-07-25T05:16:01+00:00\" \/>\n<meta property=\"og:image\" content=\"https:\/\/petalwhim.com\/wp-content\/uploads\/2024\/04\/product-image-1487364157_2b313790-5f69-4c92-b9f8-ad4d61cb8a3b.jpg\" \/>\n\t<meta property=\"og:image:width\" content=\"640\" \/>\n\t<meta property=\"og:image:height\" content=\"640\" \/>\n\t<meta property=\"og:image:type\" content=\"image\/jpeg\" \/>\n<meta name=\"twitter:card\" content=\"summary_large_image\" \/>\n<meta name=\"twitter:label1\" content=\"Becs\u00fclt olvas\u00e1si id\u0151\" \/>\n\t<meta name=\"twitter:data1\" content=\"1 perc\" \/>\n<script type=\"application\/ld+json\" class=\"yoast-schema-graph\">{\"@context\":\"https:\/\/schema.org\",\"@graph\":[{\"@type\":\"WebPage\",\"@id\":\"https:\/\/petalwhim.com\/p\/mini-violet-eternal-rose-under-glass-dome\/\",\"url\":\"https:\/\/petalwhim.com\/p\/mini-violet-eternal-rose-under-glass-dome\/\",\"name\":\"Mini Eternal Rose under Glass Dome Violet | Magyarorsz\u00e1g Florist\",\"isPartOf\":{\"@id\":\"https:\/\/petalwhim.com\/#website\"},\"primaryImageOfPage\":{\"@id\":\"https:\/\/petalwhim.com\/p\/mini-violet-eternal-rose-under-glass-dome\/#primaryimage\"},\"image\":{\"@id\":\"https:\/\/petalwhim.com\/p\/mini-violet-eternal-rose-under-glass-dome\/#primaryimage\"},\"thumbnailUrl\":\"https:\/\/petalwhim.com\/wp-content\/uploads\/2024\/04\/product-image-1487364157_2b313790-5f69-4c92-b9f8-ad4d61cb8a3b.jpg\",\"datePublished\":\"2024-04-19T05:02:01+00:00\",\"dateModified\":\"2025-07-25T05:16:01+00:00\",\"description\":\"Celebrate everlasting love with our Mini Eternal Rose under Glass Dome Violet .\ud83c\udf39Symbolize your endless affection. Shop now and get a free...\",\"breadcrumb\":{\"@id\":\"https:\/\/petalwhim.com\/p\/mini-violet-eternal-rose-under-glass-dome\/#breadcrumb\"},\"inLanguage\":\"hu\",\"potentialAction\":[{\"@type\":\"ReadAction\",\"target\":[\"https:\/\/petalwhim.com\/p\/mini-violet-eternal-rose-under-glass-dome\/\"]}]},{\"@type\":\"ImageObject\",\"inLanguage\":\"hu\",\"@id\":\"https:\/\/petalwhim.com\/p\/mini-violet-eternal-rose-under-glass-dome\/#primaryimage\",\"url\":\"https:\/\/petalwhim.com\/wp-content\/uploads\/2024\/04\/product-image-1487364157_2b313790-5f69-4c92-b9f8-ad4d61cb8a3b.jpg\",\"contentUrl\":\"https:\/\/petalwhim.com\/wp-content\/uploads\/2024\/04\/product-image-1487364157_2b313790-5f69-4c92-b9f8-ad4d61cb8a3b.jpg\",\"width\":640,\"height\":640,\"caption\":\"Mini Eternal Rose under Glass Dome Violet\"},{\"@type\":\"BreadcrumbList\",\"@id\":\"https:\/\/petalwhim.com\/p\/mini-violet-eternal-rose-under-glass-dome\/#breadcrumb\",\"itemListElement\":[{\"@type\":\"ListItem\",\"position\":1,\"name\":\"Home\",\"item\":\"https:\/\/petalwhim.com\/\"},{\"@type\":\"ListItem\",\"position\":2,\"name\":\"Shop\",\"item\":\"https:\/\/petalwhim.com\/shop\/\"},{\"@type\":\"ListItem\",\"position\":3,\"name\":\"Mini Eternal Rose under Glass Dome Violet\"}]},{\"@type\":\"WebSite\",\"@id\":\"https:\/\/petalwhim.com\/#website\",\"url\":\"https:\/\/petalwhim.com\/\",\"name\":\"Petal Whim\u2122\",\"description\":\"Rose in Glass\",\"publisher\":{\"@id\":\"https:\/\/petalwhim.com\/#organization\"},\"potentialAction\":[{\"@type\":\"SearchAction\",\"target\":{\"@type\":\"EntryPoint\",\"urlTemplate\":\"https:\/\/petalwhim.com\/?s={search_term_string}\"},\"query-input\":{\"@type\":\"PropertyValueSpecification\",\"valueRequired\":true,\"valueName\":\"search_term_string\"}}],\"inLanguage\":\"hu\"},{\"@type\":\"Organization\",\"@id\":\"https:\/\/petalwhim.com\/#organization\",\"name\":\"Petal Whim\",\"alternateName\":\"Rose in Glass\",\"url\":\"https:\/\/petalwhim.com\/\",\"logo\":{\"@type\":\"ImageObject\",\"inLanguage\":\"hu\",\"@id\":\"https:\/\/petalwhim.com\/#\/schema\/logo\/image\/\",\"url\":\"https:\/\/petalwhim.com\/wp-content\/uploads\/2024\/05\/cropped-Petal-Whim-Favicon.png\",\"contentUrl\":\"https:\/\/petalwhim.com\/wp-content\/uploads\/2024\/05\/cropped-Petal-Whim-Favicon.png\",\"width\":512,\"height\":512,\"caption\":\"Petal Whim\"},\"image\":{\"@id\":\"https:\/\/petalwhim.com\/#\/schema\/logo\/image\/\"}}]}<\/script>\n<!-- \/ Yoast SEO plugin. -->","yoast_head_json":{"title":"Mini \u00d6r\u00f6k R\u00f3zsa \u00fcvegkupola alatt lila | Magyarorsz\u00e1g Vir\u00e1g\u00fczlet\u00e1g | Magyarorsz\u00e1g Vir\u00e1g\u00fczlet","description":"\u00dcnnepeld meg az \u00f6r\u00f6k szerelmet a mini \u00f6r\u00f6k r\u00f3zs\u00e1val \u00fcvegkupola alatt lila \ud83c\udf39 Szimboliz\u00e1lja v\u00e9gtelen szeretetedet. V\u00e1s\u00e1roljon most \u00e9s kap egy ingyenes...","robots":{"index":"index","follow":"follow","max-snippet":"max-snippet:-1","max-image-preview":"max-image-preview:large","max-video-preview":"max-video-preview:-1"},"canonical":"https:\/\/petalwhim.com\/hu\/p\/mini-lila-orok-rozsa-uvegkupola-alatt\/","og_locale":"hu_HU","og_type":"article","og_title":"Mini Eternal Rose under Glass Dome Violet | Magyarorsz\u00e1g Florist","og_description":"Celebrate everlasting love with our Mini Eternal Rose under Glass Dome Violet .\ud83c\udf39Symbolize your endless affection. Shop now and get a free...","og_url":"https:\/\/petalwhim.com\/hu\/p\/mini-lila-orok-rozsa-uvegkupola-alatt\/","og_site_name":"Petal Whim\u2122","article_modified_time":"2025-07-25T05:16:01+00:00","og_image":[{"width":640,"height":640,"url":"https:\/\/petalwhim.com\/wp-content\/uploads\/2024\/04\/product-image-1487364157_2b313790-5f69-4c92-b9f8-ad4d61cb8a3b.jpg","type":"image\/jpeg"}],"twitter_card":"summary_large_image","twitter_misc":{"Becs\u00fclt olvas\u00e1si id\u0151":"1 perc"},"schema":{"@context":"https:\/\/schema.org","@graph":[{"@type":"WebPage","@id":"https:\/\/petalwhim.com\/p\/mini-violet-eternal-rose-under-glass-dome\/","url":"https:\/\/petalwhim.com\/p\/mini-violet-eternal-rose-under-glass-dome\/","name":"Mini \u00d6r\u00f6k R\u00f3zsa \u00fcvegkupola alatt lila | Magyarorsz\u00e1g Vir\u00e1g\u00fczlet\u00e1g | Magyarorsz\u00e1g Vir\u00e1g\u00fczlet","isPartOf":{"@id":"https:\/\/petalwhim.com\/#website"},"primaryImageOfPage":{"@id":"https:\/\/petalwhim.com\/p\/mini-violet-eternal-rose-under-glass-dome\/#primaryimage"},"image":{"@id":"https:\/\/petalwhim.com\/p\/mini-violet-eternal-rose-under-glass-dome\/#primaryimage"},"thumbnailUrl":"https:\/\/petalwhim.com\/wp-content\/uploads\/2024\/04\/product-image-1487364157_2b313790-5f69-4c92-b9f8-ad4d61cb8a3b.jpg","datePublished":"2024-04-19T05:02:01+00:00","dateModified":"2025-07-25T05:16:01+00:00","description":"\u00dcnnepeld meg az \u00f6r\u00f6k szerelmet a mini \u00f6r\u00f6k r\u00f3zs\u00e1val \u00fcvegkupola alatt lila \ud83c\udf39 Szimboliz\u00e1lja v\u00e9gtelen szeretetedet. V\u00e1s\u00e1roljon most \u00e9s kap egy ingyenes...","breadcrumb":{"@id":"https:\/\/petalwhim.com\/p\/mini-violet-eternal-rose-under-glass-dome\/#breadcrumb"},"inLanguage":"hu","potentialAction":[{"@type":"ReadAction","target":["https:\/\/petalwhim.com\/p\/mini-violet-eternal-rose-under-glass-dome\/"]}]},{"@type":"ImageObject","inLanguage":"hu","@id":"https:\/\/petalwhim.com\/p\/mini-violet-eternal-rose-under-glass-dome\/#primaryimage","url":"https:\/\/petalwhim.com\/wp-content\/uploads\/2024\/04\/product-image-1487364157_2b313790-5f69-4c92-b9f8-ad4d61cb8a3b.jpg","contentUrl":"https:\/\/petalwhim.com\/wp-content\/uploads\/2024\/04\/product-image-1487364157_2b313790-5f69-4c92-b9f8-ad4d61cb8a3b.jpg","width":640,"height":640,"caption":"Mini Eternal Rose under Glass Dome Violet"},{"@type":"BreadcrumbList","@id":"https:\/\/petalwhim.com\/p\/mini-violet-eternal-rose-under-glass-dome\/#breadcrumb","itemListElement":[{"@type":"ListItem","position":1,"name":"Home","item":"https:\/\/petalwhim.com\/"},{"@type":"ListItem","position":2,"name":"Shop","item":"https:\/\/petalwhim.com\/shop\/"},{"@type":"ListItem","position":3,"name":"Mini Eternal Rose under Glass Dome Violet"}]},{"@type":"WebSite","@id":"https:\/\/petalwhim.com\/#website","url":"https:\/\/petalwhim.com\/","name":"Szirom szesz\u00e9ly\u2122","description":"R\u00f3zsa \u00fcvegben","publisher":{"@id":"https:\/\/petalwhim.com\/#organization"},"potentialAction":[{"@type":"SearchAction","target":{"@type":"EntryPoint","urlTemplate":"https:\/\/petalwhim.com\/?s={search_term_string}"},"query-input":{"@type":"PropertyValueSpecification","valueRequired":true,"valueName":"search_term_string"}}],"inLanguage":"hu"},{"@type":"Organization","@id":"https:\/\/petalwhim.com\/#organization","name":"Szirom szesz\u00e9ly","alternateName":"Rose in Glass","url":"https:\/\/petalwhim.com\/","logo":{"@type":"ImageObject","inLanguage":"hu","@id":"https:\/\/petalwhim.com\/#\/schema\/logo\/image\/","url":"https:\/\/petalwhim.com\/wp-content\/uploads\/2024\/05\/cropped-Petal-Whim-Favicon.png","contentUrl":"https:\/\/petalwhim.com\/wp-content\/uploads\/2024\/05\/cropped-Petal-Whim-Favicon.png","width":512,"height":512,"caption":"Petal Whim"},"image":{"@id":"https:\/\/petalwhim.com\/#\/schema\/logo\/image\/"}}]}},"_links":{"self":[{"href":"https:\/\/petalwhim.com\/hu\/wp-json\/wp\/v2\/product\/231","targetHints":{"allow":["GET"]}}],"collection":[{"href":"https:\/\/petalwhim.com\/hu\/wp-json\/wp\/v2\/product"}],"about":[{"href":"https:\/\/petalwhim.com\/hu\/wp-json\/wp\/v2\/types\/product"}],"wp:featuredmedia":[{"embeddable":true,"href":"https:\/\/petalwhim.com\/hu\/wp-json\/wp\/v2\/media\/230"}],"wp:attachment":[{"href":"https:\/\/petalwhim.com\/hu\/wp-json\/wp\/v2\/media?parent=231"}],"wp:term":[{"taxonomy":"product_brand","embeddable":true,"href":"https:\/\/petalwhim.com\/hu\/wp-json\/wp\/v2\/product_brand?post=231"},{"taxonomy":"product_cat","embeddable":true,"href":"https:\/\/petalwhim.com\/hu\/wp-json\/wp\/v2\/product_cat?post=231"},{"taxonomy":"product_tag","embeddable":true,"href":"https:\/\/petalwhim.com\/hu\/wp-json\/wp\/v2\/product_tag?post=231"}],"curies":[{"name":"wp","href":"https:\/\/api.w.org\/{rel}","templated":true}]}}