{"id":205,"date":"2024-04-19T05:01:20","date_gmt":"2024-04-19T05:01:20","guid":{"rendered":"https:\/\/petalwhim.com\/p\/violet-eternal-rose-beauty-and-the-beast\/"},"modified":"2025-07-25T05:16:02","modified_gmt":"2025-07-25T05:16:02","slug":"ibolya-orok-rozsa-szepseg-es-a-szornyeteg","status":"publish","type":"product","link":"https:\/\/petalwhim.com\/hu\/p\/ibolya-orok-rozsa-szepseg-es-a-szornyeteg\/","title":{"rendered":"<span>Ibolya \u00d6r\u00f6k r\u00f3zsa <\/span><span class=\"product-title-custom\">A sz\u00e9ps\u00e9g \u00e9s a sz\u00f6rnyeteg<\/span>"},"content":{"rendered":"<h2>A t\u00f6k\u00e9letes aj\u00e1nd\u00e9kot keresed, amit olyasvalakinek adhatsz, aki ir\u00e1nt m\u00e9ly \u00e9rzelmeket t\u00e1pl\u00e1lsz? A Sz\u00e9ps\u00e9g \u00e9s a Sz\u00f6rnyeteg lila \u00f6r\u00f6k r\u00f3zsa pont az, amire sz\u00fcks\u00e9ged van.<\/h2><strong>Mit jelk\u00e9pez ez a sz\u00edn, \u00e9s milyen alkalomra adhatom ezt az \u00f6r\u00f6k r\u00f3zs\u00e1t? <\/strong> <br><br>Az ibolya a nagylelk\u0171s\u00e9get, a m\u00e9ly \u00e9rz\u00e9seket, a diszkr\u00e9ci\u00f3t \u00e9s a kedvess\u00e9get is jelenti. Az \u00f6r\u00f6k lila r\u00f3zsa olyasvalakinek k\u00e9sz\u00fclt, aki f\u00e9l\u00e9nk, de hihetetlen kedvess\u00e9ggel van meg\u00e1ldva.<br><br> <strong>Meddig tarthatom meg?<\/strong> <br><br>\u00d6r\u00f6kk\u00e9val\u00f3, hossz\u00fa \u00e9vekig megmarad, \u00e9s tov\u00e1bbra is k\u00f6zvet\u00edti az \u00fczenetedet annak, akinek adtad. <br><br> <strong>Engedd, hogy elcs\u00e1b\u00edtson ez az id\u0151tlen aj\u00e1nd\u00e9k.<\/strong> <br><br>","protected":false},"excerpt":{"rendered":"A t\u00f6k\u00e9letes aj\u00e1nd\u00e9kot keresed, amit olyasvalakinek adhatsz, akit szeretsz \u00e9s aki ir\u00e1nt m\u00e9ly \u00e9rzelmeket t\u00e1pl\u00e1lsz? A Sz\u00e9ps\u00e9g \u00e9s a Sz\u00f6rnyeteg lila \u00f6r\u00f6kr\u00f3zs\u00e1ja pont az, amire sz\u00fcks\u00e9ged van.Mit jelk\u00e9pez ez a sz\u00edn, \u00e9s milyen alkalomra adhatom ezt az \u00f6r\u00f6kr\u00f3zs\u00e1t? A lila a nagylelk\u0171s\u00e9get, a m\u00e9ly \u00e9rz\u00e9seket, a diszkr\u00e9ci\u00f3t \u00e9s a kedvess\u00e9get is jelk\u00e9pezi. [...]","protected":false},"featured_media":204,"template":"","meta":[],"product_brand":[],"product_cat":[15,36],"product_tag":[33],"class_list":{"0":"post-205","1":"product","2":"type-product","3":"status-publish","4":"has-post-thumbnail","6":"product_cat-all-products","7":"product_cat-best-sellers","8":"product_tag-rose-in-glass-dome","10":"first","11":"instock","12":"shipping-taxable","13":"purchasable","14":"product-type-simple"},"yoast_head":"<!-- This site is optimized with the Yoast SEO plugin v25.9 - https:\/\/yoast.com\/wordpress\/plugins\/seo\/ -->\n<title>Violet Eternal Rose Beauty and the Beast | Magyarorsz\u00e1g Florist<\/title>\n<meta name=\"description\" content=\"Celebrate everlasting love with our Violet Eternal Rose Beauty and the Beast .\ud83c\udf39Symbolize your endless affection. Shop now and get a free...\" \/>\n<meta name=\"robots\" content=\"index, follow, max-snippet:-1, max-image-preview:large, max-video-preview:-1\" \/>\n<link rel=\"canonical\" href=\"https:\/\/petalwhim.com\/hu\/p\/ibolya-orok-rozsa-szepseg-es-a-szornyeteg\/\" \/>\n<meta property=\"og:locale\" content=\"hu_HU\" \/>\n<meta property=\"og:type\" content=\"article\" \/>\n<meta property=\"og:title\" content=\"Violet Eternal Rose Beauty and the Beast | Magyarorsz\u00e1g Florist\" \/>\n<meta property=\"og:description\" content=\"Celebrate everlasting love with our Violet Eternal Rose Beauty and the Beast .\ud83c\udf39Symbolize your endless affection. Shop now and get a free...\" \/>\n<meta property=\"og:url\" content=\"https:\/\/petalwhim.com\/hu\/p\/ibolya-orok-rozsa-szepseg-es-a-szornyeteg\/\" \/>\n<meta property=\"og:site_name\" content=\"Petal Whim\u2122\" \/>\n<meta property=\"article:modified_time\" content=\"2025-07-25T05:16:02+00:00\" \/>\n<meta property=\"og:image\" content=\"https:\/\/petalwhim.com\/wp-content\/uploads\/2024\/04\/product-image-1562975864.jpg\" \/>\n\t<meta property=\"og:image:width\" content=\"640\" \/>\n\t<meta property=\"og:image:height\" content=\"640\" \/>\n\t<meta property=\"og:image:type\" content=\"image\/jpeg\" \/>\n<meta name=\"twitter:card\" content=\"summary_large_image\" \/>\n<meta name=\"twitter:label1\" content=\"Becs\u00fclt olvas\u00e1si id\u0151\" \/>\n\t<meta name=\"twitter:data1\" content=\"1 perc\" \/>\n<script type=\"application\/ld+json\" class=\"yoast-schema-graph\">{\"@context\":\"https:\/\/schema.org\",\"@graph\":[{\"@type\":\"WebPage\",\"@id\":\"https:\/\/petalwhim.com\/p\/violet-eternal-rose-beauty-and-the-beast\/\",\"url\":\"https:\/\/petalwhim.com\/p\/violet-eternal-rose-beauty-and-the-beast\/\",\"name\":\"Violet Eternal Rose Beauty and the Beast | Magyarorsz\u00e1g Florist\",\"isPartOf\":{\"@id\":\"https:\/\/petalwhim.com\/#website\"},\"primaryImageOfPage\":{\"@id\":\"https:\/\/petalwhim.com\/p\/violet-eternal-rose-beauty-and-the-beast\/#primaryimage\"},\"image\":{\"@id\":\"https:\/\/petalwhim.com\/p\/violet-eternal-rose-beauty-and-the-beast\/#primaryimage\"},\"thumbnailUrl\":\"https:\/\/petalwhim.com\/wp-content\/uploads\/2024\/04\/product-image-1562975864.jpg\",\"datePublished\":\"2024-04-19T05:01:20+00:00\",\"dateModified\":\"2025-07-25T05:16:02+00:00\",\"description\":\"Celebrate everlasting love with our Violet Eternal Rose Beauty and the Beast .\ud83c\udf39Symbolize your endless affection. Shop now and get a free...\",\"breadcrumb\":{\"@id\":\"https:\/\/petalwhim.com\/p\/violet-eternal-rose-beauty-and-the-beast\/#breadcrumb\"},\"inLanguage\":\"hu\",\"potentialAction\":[{\"@type\":\"ReadAction\",\"target\":[\"https:\/\/petalwhim.com\/p\/violet-eternal-rose-beauty-and-the-beast\/\"]}]},{\"@type\":\"ImageObject\",\"inLanguage\":\"hu\",\"@id\":\"https:\/\/petalwhim.com\/p\/violet-eternal-rose-beauty-and-the-beast\/#primaryimage\",\"url\":\"https:\/\/petalwhim.com\/wp-content\/uploads\/2024\/04\/product-image-1562975864.jpg\",\"contentUrl\":\"https:\/\/petalwhim.com\/wp-content\/uploads\/2024\/04\/product-image-1562975864.jpg\",\"width\":640,\"height\":640,\"caption\":\"Violet Eternal Rose Beauty and the Beast\"},{\"@type\":\"BreadcrumbList\",\"@id\":\"https:\/\/petalwhim.com\/p\/violet-eternal-rose-beauty-and-the-beast\/#breadcrumb\",\"itemListElement\":[{\"@type\":\"ListItem\",\"position\":1,\"name\":\"Home\",\"item\":\"https:\/\/petalwhim.com\/\"},{\"@type\":\"ListItem\",\"position\":2,\"name\":\"Shop\",\"item\":\"https:\/\/petalwhim.com\/shop\/\"},{\"@type\":\"ListItem\",\"position\":3,\"name\":\"Violet Eternal Rose Beauty and the Beast\"}]},{\"@type\":\"WebSite\",\"@id\":\"https:\/\/petalwhim.com\/#website\",\"url\":\"https:\/\/petalwhim.com\/\",\"name\":\"Petal Whim\u2122\",\"description\":\"Rose in Glass\",\"publisher\":{\"@id\":\"https:\/\/petalwhim.com\/#organization\"},\"potentialAction\":[{\"@type\":\"SearchAction\",\"target\":{\"@type\":\"EntryPoint\",\"urlTemplate\":\"https:\/\/petalwhim.com\/?s={search_term_string}\"},\"query-input\":{\"@type\":\"PropertyValueSpecification\",\"valueRequired\":true,\"valueName\":\"search_term_string\"}}],\"inLanguage\":\"hu\"},{\"@type\":\"Organization\",\"@id\":\"https:\/\/petalwhim.com\/#organization\",\"name\":\"Petal Whim\",\"alternateName\":\"Rose in Glass\",\"url\":\"https:\/\/petalwhim.com\/\",\"logo\":{\"@type\":\"ImageObject\",\"inLanguage\":\"hu\",\"@id\":\"https:\/\/petalwhim.com\/#\/schema\/logo\/image\/\",\"url\":\"https:\/\/petalwhim.com\/wp-content\/uploads\/2024\/05\/cropped-Petal-Whim-Favicon.png\",\"contentUrl\":\"https:\/\/petalwhim.com\/wp-content\/uploads\/2024\/05\/cropped-Petal-Whim-Favicon.png\",\"width\":512,\"height\":512,\"caption\":\"Petal Whim\"},\"image\":{\"@id\":\"https:\/\/petalwhim.com\/#\/schema\/logo\/image\/\"}}]}<\/script>\n<!-- \/ Yoast SEO plugin. -->","yoast_head_json":{"title":"Ibolya \u00d6r\u00f6k R\u00f3zsa A Sz\u00e9ps\u00e9g \u00e9s a Sz\u00f6rnyeteg | Magyarorsz\u00e1g Vir\u00e1g\u00fczlet | Magyarorsz\u00e1g Vir\u00e1g\u00fczlet","description":"\u00dcnnepeld meg az \u00f6r\u00f6k szerelmet a lila \u00f6r\u00f6k r\u00f3zsa Sz\u00e9ps\u00e9g \u00e9s a sz\u00f6rnyeteggel \ud83c\udf39 Szimboliz\u00e1lja v\u00e9gtelen szeretetedet. V\u00e1s\u00e1roljon most \u00e9s kap egy ingyenes...","robots":{"index":"index","follow":"follow","max-snippet":"max-snippet:-1","max-image-preview":"max-image-preview:large","max-video-preview":"max-video-preview:-1"},"canonical":"https:\/\/petalwhim.com\/hu\/p\/ibolya-orok-rozsa-szepseg-es-a-szornyeteg\/","og_locale":"hu_HU","og_type":"article","og_title":"Violet Eternal Rose Beauty and the Beast | Magyarorsz\u00e1g Florist","og_description":"Celebrate everlasting love with our Violet Eternal Rose Beauty and the Beast .\ud83c\udf39Symbolize your endless affection. Shop now and get a free...","og_url":"https:\/\/petalwhim.com\/hu\/p\/ibolya-orok-rozsa-szepseg-es-a-szornyeteg\/","og_site_name":"Petal Whim\u2122","article_modified_time":"2025-07-25T05:16:02+00:00","og_image":[{"width":640,"height":640,"url":"https:\/\/petalwhim.com\/wp-content\/uploads\/2024\/04\/product-image-1562975864.jpg","type":"image\/jpeg"}],"twitter_card":"summary_large_image","twitter_misc":{"Becs\u00fclt olvas\u00e1si id\u0151":"1 perc"},"schema":{"@context":"https:\/\/schema.org","@graph":[{"@type":"WebPage","@id":"https:\/\/petalwhim.com\/p\/violet-eternal-rose-beauty-and-the-beast\/","url":"https:\/\/petalwhim.com\/p\/violet-eternal-rose-beauty-and-the-beast\/","name":"Ibolya \u00d6r\u00f6k R\u00f3zsa A Sz\u00e9ps\u00e9g \u00e9s a Sz\u00f6rnyeteg | Magyarorsz\u00e1g Vir\u00e1g\u00fczlet | Magyarorsz\u00e1g Vir\u00e1g\u00fczlet","isPartOf":{"@id":"https:\/\/petalwhim.com\/#website"},"primaryImageOfPage":{"@id":"https:\/\/petalwhim.com\/p\/violet-eternal-rose-beauty-and-the-beast\/#primaryimage"},"image":{"@id":"https:\/\/petalwhim.com\/p\/violet-eternal-rose-beauty-and-the-beast\/#primaryimage"},"thumbnailUrl":"https:\/\/petalwhim.com\/wp-content\/uploads\/2024\/04\/product-image-1562975864.jpg","datePublished":"2024-04-19T05:01:20+00:00","dateModified":"2025-07-25T05:16:02+00:00","description":"\u00dcnnepeld meg az \u00f6r\u00f6k szerelmet a lila \u00f6r\u00f6k r\u00f3zsa Sz\u00e9ps\u00e9g \u00e9s a sz\u00f6rnyeteggel \ud83c\udf39 Szimboliz\u00e1lja v\u00e9gtelen szeretetedet. V\u00e1s\u00e1roljon most \u00e9s kap egy ingyenes...","breadcrumb":{"@id":"https:\/\/petalwhim.com\/p\/violet-eternal-rose-beauty-and-the-beast\/#breadcrumb"},"inLanguage":"hu","potentialAction":[{"@type":"ReadAction","target":["https:\/\/petalwhim.com\/p\/violet-eternal-rose-beauty-and-the-beast\/"]}]},{"@type":"ImageObject","inLanguage":"hu","@id":"https:\/\/petalwhim.com\/p\/violet-eternal-rose-beauty-and-the-beast\/#primaryimage","url":"https:\/\/petalwhim.com\/wp-content\/uploads\/2024\/04\/product-image-1562975864.jpg","contentUrl":"https:\/\/petalwhim.com\/wp-content\/uploads\/2024\/04\/product-image-1562975864.jpg","width":640,"height":640,"caption":"Violet Eternal Rose Beauty and the Beast"},{"@type":"BreadcrumbList","@id":"https:\/\/petalwhim.com\/p\/violet-eternal-rose-beauty-and-the-beast\/#breadcrumb","itemListElement":[{"@type":"ListItem","position":1,"name":"Home","item":"https:\/\/petalwhim.com\/"},{"@type":"ListItem","position":2,"name":"Shop","item":"https:\/\/petalwhim.com\/shop\/"},{"@type":"ListItem","position":3,"name":"Violet Eternal Rose Beauty and the Beast"}]},{"@type":"WebSite","@id":"https:\/\/petalwhim.com\/#website","url":"https:\/\/petalwhim.com\/","name":"Szirom szesz\u00e9ly\u2122","description":"R\u00f3zsa \u00fcvegben","publisher":{"@id":"https:\/\/petalwhim.com\/#organization"},"potentialAction":[{"@type":"SearchAction","target":{"@type":"EntryPoint","urlTemplate":"https:\/\/petalwhim.com\/?s={search_term_string}"},"query-input":{"@type":"PropertyValueSpecification","valueRequired":true,"valueName":"search_term_string"}}],"inLanguage":"hu"},{"@type":"Organization","@id":"https:\/\/petalwhim.com\/#organization","name":"Szirom szesz\u00e9ly","alternateName":"Rose in Glass","url":"https:\/\/petalwhim.com\/","logo":{"@type":"ImageObject","inLanguage":"hu","@id":"https:\/\/petalwhim.com\/#\/schema\/logo\/image\/","url":"https:\/\/petalwhim.com\/wp-content\/uploads\/2024\/05\/cropped-Petal-Whim-Favicon.png","contentUrl":"https:\/\/petalwhim.com\/wp-content\/uploads\/2024\/05\/cropped-Petal-Whim-Favicon.png","width":512,"height":512,"caption":"Petal Whim"},"image":{"@id":"https:\/\/petalwhim.com\/#\/schema\/logo\/image\/"}}]}},"_links":{"self":[{"href":"https:\/\/petalwhim.com\/hu\/wp-json\/wp\/v2\/product\/205","targetHints":{"allow":["GET"]}}],"collection":[{"href":"https:\/\/petalwhim.com\/hu\/wp-json\/wp\/v2\/product"}],"about":[{"href":"https:\/\/petalwhim.com\/hu\/wp-json\/wp\/v2\/types\/product"}],"wp:featuredmedia":[{"embeddable":true,"href":"https:\/\/petalwhim.com\/hu\/wp-json\/wp\/v2\/media\/204"}],"wp:attachment":[{"href":"https:\/\/petalwhim.com\/hu\/wp-json\/wp\/v2\/media?parent=205"}],"wp:term":[{"taxonomy":"product_brand","embeddable":true,"href":"https:\/\/petalwhim.com\/hu\/wp-json\/wp\/v2\/product_brand?post=205"},{"taxonomy":"product_cat","embeddable":true,"href":"https:\/\/petalwhim.com\/hu\/wp-json\/wp\/v2\/product_cat?post=205"},{"taxonomy":"product_tag","embeddable":true,"href":"https:\/\/petalwhim.com\/hu\/wp-json\/wp\/v2\/product_tag?post=205"}],"curies":[{"name":"wp","href":"https:\/\/api.w.org\/{rel}","templated":true}]}}