{"id":177,"date":"2024-04-19T05:00:01","date_gmt":"2024-04-19T05:00:01","guid":{"rendered":"https:\/\/petalwhim.com\/p\/silver-eternal-rose\/"},"modified":"2025-07-25T05:16:03","modified_gmt":"2025-07-25T05:16:03","slug":"ezust-orok-rozsa","status":"publish","type":"product","link":"https:\/\/petalwhim.com\/hu\/p\/ezust-orok-rozsa\/","title":{"rendered":"<span>\u00d6r\u00f6k r\u00f3zsa <\/span><span class=\"product-title-custom\">Ez\u00fcst<\/span>"},"content":{"rendered":"<h2><strong>Mivel a szerelem \u00e9rt\u00e9kes \u00e9rz\u00e9s, azt javasoljuk, hogy fejezze ki ezzel a fens\u00e9ges \u00e9s f\u00e9nyes ez\u00fcst \u00f6r\u00f6k r\u00f3zs\u00e1val.<\/strong><\/h2><p>Engedje, hogy elvar\u00e1zsolja var\u00e1zslatos sz\u00e9ps\u00e9ge. <br><br> <strong>Mikor aj\u00e1nljuk fel ezt a r\u00f3zs\u00e1t?<\/strong> <br><br>Az \u00f6r\u00f6k r\u00f3zs\u00e1k a v\u00e9gtelen szerelmet jelk\u00e9pezik. Mutasd meg szeretteidnek, hogy \u0151k egyed\u00fcl\u00e1ll\u00f3ak, ha ezt a szeretetjegyet adod nekik, amely az \u00e9rz\u00e9seidr\u0151l tan\u00faskodik.<br><br> <strong>Hogyan marad meg egy \u00f6r\u00f6k r\u00f3zsa?<\/strong> <br><br>A szeretteihez val\u00f3 ragaszkod\u00e1s\u00e1nak igazi bizony\u00edt\u00e9ka ez az ez\u00fcst \u00f6r\u00f6k r\u00f3zsa, amely az id\u0151k folyam\u00e1n \u00e9s m\u00e9g sok \u00e9ven \u00e1t eml\u00e9keztetni fogja a szerettei ir\u00e1nt \u00e9rzett rend\u00edthetetlen szeretet\u00e9re. <br><br> <strong>Mint egy igazi himnusz a szeretet felaj\u00e1nl\u00e1s\u00e1hoz, ez a r\u00f3zsa mindent jelent. <\/strong> <\/p>","protected":false},"excerpt":{"rendered":"Mivel a szerelem egy \u00e9rt\u00e9kes \u00e9rz\u00e9s, azt javasoljuk, hogy fejezze ki ezzel a fens\u00e9ges \u00e9s f\u00e9nyes ez\u00fcst \u00f6r\u00f6k r\u00f3zs\u00e1val.Hagyja, hogy elb\u0171v\u00f6lje \u00d6nt ez a var\u00e1zslatos sz\u00e9ps\u00e9g. Mikor aj\u00e1nlja fel ezt a r\u00f3zs\u00e1t? Az \u00f6r\u00f6k r\u00f3zsa a v\u00e9gtelen szerelmet jelk\u00e9pezi. Mutasd meg szeretteidnek, hogy egyed\u00fcl\u00e1ll\u00f3ak, ha ezt a szeretetjegyet adod nekik, amely a te [...]","protected":false},"featured_media":176,"template":"","meta":[],"product_brand":[],"product_cat":[15,36],"product_tag":[33],"class_list":{"0":"post-177","1":"product","2":"type-product","3":"status-publish","4":"has-post-thumbnail","6":"product_cat-all-products","7":"product_cat-best-sellers","8":"product_tag-rose-in-glass-dome","10":"first","11":"instock","12":"shipping-taxable","13":"purchasable","14":"product-type-simple"},"yoast_head":"<!-- This site is optimized with the Yoast SEO plugin v25.9 - https:\/\/yoast.com\/wordpress\/plugins\/seo\/ -->\n<title>Eternal Rose Silver | Magyarorsz\u00e1g Florist<\/title>\n<meta name=\"description\" content=\"Celebrate everlasting love with our Eternal Rose Silver .\ud83c\udf39Symbolize your endless affection. Shop now and get a free...\" \/>\n<meta name=\"robots\" content=\"index, follow, max-snippet:-1, max-image-preview:large, max-video-preview:-1\" \/>\n<link rel=\"canonical\" href=\"https:\/\/petalwhim.com\/hu\/p\/ezust-orok-rozsa\/\" \/>\n<meta property=\"og:locale\" content=\"hu_HU\" \/>\n<meta property=\"og:type\" content=\"article\" \/>\n<meta property=\"og:title\" content=\"Eternal Rose Silver | Magyarorsz\u00e1g Florist\" \/>\n<meta property=\"og:description\" content=\"Celebrate everlasting love with our Eternal Rose Silver .\ud83c\udf39Symbolize your endless affection. Shop now and get a free...\" \/>\n<meta property=\"og:url\" content=\"https:\/\/petalwhim.com\/hu\/p\/ezust-orok-rozsa\/\" \/>\n<meta property=\"og:site_name\" content=\"Petal Whim\u2122\" \/>\n<meta property=\"article:modified_time\" content=\"2025-07-25T05:16:03+00:00\" \/>\n<meta property=\"og:image\" content=\"https:\/\/petalwhim.com\/wp-content\/uploads\/2024\/04\/product-image-1562975878.jpg\" \/>\n\t<meta property=\"og:image:width\" content=\"640\" \/>\n\t<meta property=\"og:image:height\" content=\"640\" \/>\n\t<meta property=\"og:image:type\" content=\"image\/jpeg\" \/>\n<meta name=\"twitter:card\" content=\"summary_large_image\" \/>\n<meta name=\"twitter:label1\" content=\"Becs\u00fclt olvas\u00e1si id\u0151\" \/>\n\t<meta name=\"twitter:data1\" content=\"1 perc\" \/>\n<script type=\"application\/ld+json\" class=\"yoast-schema-graph\">{\"@context\":\"https:\/\/schema.org\",\"@graph\":[{\"@type\":\"WebPage\",\"@id\":\"https:\/\/petalwhim.com\/p\/silver-eternal-rose\/\",\"url\":\"https:\/\/petalwhim.com\/p\/silver-eternal-rose\/\",\"name\":\"Eternal Rose Silver | Magyarorsz\u00e1g Florist\",\"isPartOf\":{\"@id\":\"https:\/\/petalwhim.com\/#website\"},\"primaryImageOfPage\":{\"@id\":\"https:\/\/petalwhim.com\/p\/silver-eternal-rose\/#primaryimage\"},\"image\":{\"@id\":\"https:\/\/petalwhim.com\/p\/silver-eternal-rose\/#primaryimage\"},\"thumbnailUrl\":\"https:\/\/petalwhim.com\/wp-content\/uploads\/2024\/04\/product-image-1562975878.jpg\",\"datePublished\":\"2024-04-19T05:00:01+00:00\",\"dateModified\":\"2025-07-25T05:16:03+00:00\",\"description\":\"Celebrate everlasting love with our Eternal Rose Silver .\ud83c\udf39Symbolize your endless affection. Shop now and get a free...\",\"breadcrumb\":{\"@id\":\"https:\/\/petalwhim.com\/p\/silver-eternal-rose\/#breadcrumb\"},\"inLanguage\":\"hu\",\"potentialAction\":[{\"@type\":\"ReadAction\",\"target\":[\"https:\/\/petalwhim.com\/p\/silver-eternal-rose\/\"]}]},{\"@type\":\"ImageObject\",\"inLanguage\":\"hu\",\"@id\":\"https:\/\/petalwhim.com\/p\/silver-eternal-rose\/#primaryimage\",\"url\":\"https:\/\/petalwhim.com\/wp-content\/uploads\/2024\/04\/product-image-1562975878.jpg\",\"contentUrl\":\"https:\/\/petalwhim.com\/wp-content\/uploads\/2024\/04\/product-image-1562975878.jpg\",\"width\":640,\"height\":640,\"caption\":\"Eternal Rose Silver\"},{\"@type\":\"BreadcrumbList\",\"@id\":\"https:\/\/petalwhim.com\/p\/silver-eternal-rose\/#breadcrumb\",\"itemListElement\":[{\"@type\":\"ListItem\",\"position\":1,\"name\":\"Home\",\"item\":\"https:\/\/petalwhim.com\/\"},{\"@type\":\"ListItem\",\"position\":2,\"name\":\"Shop\",\"item\":\"https:\/\/petalwhim.com\/shop\/\"},{\"@type\":\"ListItem\",\"position\":3,\"name\":\"Eternal Rose Silver\"}]},{\"@type\":\"WebSite\",\"@id\":\"https:\/\/petalwhim.com\/#website\",\"url\":\"https:\/\/petalwhim.com\/\",\"name\":\"Petal Whim\u2122\",\"description\":\"Rose in Glass\",\"publisher\":{\"@id\":\"https:\/\/petalwhim.com\/#organization\"},\"potentialAction\":[{\"@type\":\"SearchAction\",\"target\":{\"@type\":\"EntryPoint\",\"urlTemplate\":\"https:\/\/petalwhim.com\/?s={search_term_string}\"},\"query-input\":{\"@type\":\"PropertyValueSpecification\",\"valueRequired\":true,\"valueName\":\"search_term_string\"}}],\"inLanguage\":\"hu\"},{\"@type\":\"Organization\",\"@id\":\"https:\/\/petalwhim.com\/#organization\",\"name\":\"Petal Whim\",\"alternateName\":\"Rose in Glass\",\"url\":\"https:\/\/petalwhim.com\/\",\"logo\":{\"@type\":\"ImageObject\",\"inLanguage\":\"hu\",\"@id\":\"https:\/\/petalwhim.com\/#\/schema\/logo\/image\/\",\"url\":\"https:\/\/petalwhim.com\/wp-content\/uploads\/2024\/05\/cropped-Petal-Whim-Favicon.png\",\"contentUrl\":\"https:\/\/petalwhim.com\/wp-content\/uploads\/2024\/05\/cropped-Petal-Whim-Favicon.png\",\"width\":512,\"height\":512,\"caption\":\"Petal Whim\"},\"image\":{\"@id\":\"https:\/\/petalwhim.com\/#\/schema\/logo\/image\/\"}}]}<\/script>\n<!-- \/ Yoast SEO plugin. -->","yoast_head_json":{"title":"\u00d6r\u00f6k R\u00f3zsa Ez\u00fcst | Magyarorsz\u00e1g Vir\u00e1g\u00fczlet","description":"\u00dcnnepeld az \u00f6r\u00f6k szerelmet az \u00d6r\u00f6k r\u00f3zsa ez\u00fcsttel .\ud83c\udf39Szimboliz\u00e1lja v\u00e9gtelen szeretetedet. V\u00e1s\u00e1roljon most \u00e9s kap egy ingyenes...","robots":{"index":"index","follow":"follow","max-snippet":"max-snippet:-1","max-image-preview":"max-image-preview:large","max-video-preview":"max-video-preview:-1"},"canonical":"https:\/\/petalwhim.com\/hu\/p\/ezust-orok-rozsa\/","og_locale":"hu_HU","og_type":"article","og_title":"Eternal Rose Silver | Magyarorsz\u00e1g Florist","og_description":"Celebrate everlasting love with our Eternal Rose Silver .\ud83c\udf39Symbolize your endless affection. Shop now and get a free...","og_url":"https:\/\/petalwhim.com\/hu\/p\/ezust-orok-rozsa\/","og_site_name":"Petal Whim\u2122","article_modified_time":"2025-07-25T05:16:03+00:00","og_image":[{"width":640,"height":640,"url":"https:\/\/petalwhim.com\/wp-content\/uploads\/2024\/04\/product-image-1562975878.jpg","type":"image\/jpeg"}],"twitter_card":"summary_large_image","twitter_misc":{"Becs\u00fclt olvas\u00e1si id\u0151":"1 perc"},"schema":{"@context":"https:\/\/schema.org","@graph":[{"@type":"WebPage","@id":"https:\/\/petalwhim.com\/p\/silver-eternal-rose\/","url":"https:\/\/petalwhim.com\/p\/silver-eternal-rose\/","name":"\u00d6r\u00f6k R\u00f3zsa Ez\u00fcst | Magyarorsz\u00e1g Vir\u00e1g\u00fczlet","isPartOf":{"@id":"https:\/\/petalwhim.com\/#website"},"primaryImageOfPage":{"@id":"https:\/\/petalwhim.com\/p\/silver-eternal-rose\/#primaryimage"},"image":{"@id":"https:\/\/petalwhim.com\/p\/silver-eternal-rose\/#primaryimage"},"thumbnailUrl":"https:\/\/petalwhim.com\/wp-content\/uploads\/2024\/04\/product-image-1562975878.jpg","datePublished":"2024-04-19T05:00:01+00:00","dateModified":"2025-07-25T05:16:03+00:00","description":"\u00dcnnepeld az \u00f6r\u00f6k szerelmet az \u00d6r\u00f6k r\u00f3zsa ez\u00fcsttel .\ud83c\udf39Szimboliz\u00e1lja v\u00e9gtelen szeretetedet. V\u00e1s\u00e1roljon most \u00e9s kap egy ingyenes...","breadcrumb":{"@id":"https:\/\/petalwhim.com\/p\/silver-eternal-rose\/#breadcrumb"},"inLanguage":"hu","potentialAction":[{"@type":"ReadAction","target":["https:\/\/petalwhim.com\/p\/silver-eternal-rose\/"]}]},{"@type":"ImageObject","inLanguage":"hu","@id":"https:\/\/petalwhim.com\/p\/silver-eternal-rose\/#primaryimage","url":"https:\/\/petalwhim.com\/wp-content\/uploads\/2024\/04\/product-image-1562975878.jpg","contentUrl":"https:\/\/petalwhim.com\/wp-content\/uploads\/2024\/04\/product-image-1562975878.jpg","width":640,"height":640,"caption":"Eternal Rose Silver"},{"@type":"BreadcrumbList","@id":"https:\/\/petalwhim.com\/p\/silver-eternal-rose\/#breadcrumb","itemListElement":[{"@type":"ListItem","position":1,"name":"Home","item":"https:\/\/petalwhim.com\/"},{"@type":"ListItem","position":2,"name":"Shop","item":"https:\/\/petalwhim.com\/shop\/"},{"@type":"ListItem","position":3,"name":"Eternal Rose Silver"}]},{"@type":"WebSite","@id":"https:\/\/petalwhim.com\/#website","url":"https:\/\/petalwhim.com\/","name":"Szirom szesz\u00e9ly\u2122","description":"R\u00f3zsa \u00fcvegben","publisher":{"@id":"https:\/\/petalwhim.com\/#organization"},"potentialAction":[{"@type":"SearchAction","target":{"@type":"EntryPoint","urlTemplate":"https:\/\/petalwhim.com\/?s={search_term_string}"},"query-input":{"@type":"PropertyValueSpecification","valueRequired":true,"valueName":"search_term_string"}}],"inLanguage":"hu"},{"@type":"Organization","@id":"https:\/\/petalwhim.com\/#organization","name":"Szirom szesz\u00e9ly","alternateName":"Rose in Glass","url":"https:\/\/petalwhim.com\/","logo":{"@type":"ImageObject","inLanguage":"hu","@id":"https:\/\/petalwhim.com\/#\/schema\/logo\/image\/","url":"https:\/\/petalwhim.com\/wp-content\/uploads\/2024\/05\/cropped-Petal-Whim-Favicon.png","contentUrl":"https:\/\/petalwhim.com\/wp-content\/uploads\/2024\/05\/cropped-Petal-Whim-Favicon.png","width":512,"height":512,"caption":"Petal Whim"},"image":{"@id":"https:\/\/petalwhim.com\/#\/schema\/logo\/image\/"}}]}},"_links":{"self":[{"href":"https:\/\/petalwhim.com\/hu\/wp-json\/wp\/v2\/product\/177","targetHints":{"allow":["GET"]}}],"collection":[{"href":"https:\/\/petalwhim.com\/hu\/wp-json\/wp\/v2\/product"}],"about":[{"href":"https:\/\/petalwhim.com\/hu\/wp-json\/wp\/v2\/types\/product"}],"wp:featuredmedia":[{"embeddable":true,"href":"https:\/\/petalwhim.com\/hu\/wp-json\/wp\/v2\/media\/176"}],"wp:attachment":[{"href":"https:\/\/petalwhim.com\/hu\/wp-json\/wp\/v2\/media?parent=177"}],"wp:term":[{"taxonomy":"product_brand","embeddable":true,"href":"https:\/\/petalwhim.com\/hu\/wp-json\/wp\/v2\/product_brand?post=177"},{"taxonomy":"product_cat","embeddable":true,"href":"https:\/\/petalwhim.com\/hu\/wp-json\/wp\/v2\/product_cat?post=177"},{"taxonomy":"product_tag","embeddable":true,"href":"https:\/\/petalwhim.com\/hu\/wp-json\/wp\/v2\/product_tag?post=177"}],"curies":[{"name":"wp","href":"https:\/\/api.w.org\/{rel}","templated":true}]}}