{"id":169,"date":"2024-04-19T04:59:21","date_gmt":"2024-04-19T04:59:21","guid":{"rendered":"https:\/\/petalwhim.com\/p\/mini-eternal-roses-under-glass-dome\/"},"modified":"2025-07-25T05:16:03","modified_gmt":"2025-07-25T05:16:03","slug":"mini-orok-rozsak-uvegkupola-alatt","status":"publish","type":"product","link":"https:\/\/petalwhim.com\/hu\/p\/mini-orok-rozsak-uvegkupola-alatt\/","title":{"rendered":"<span>Mini \u00f6r\u00f6k r\u00f3zs\u00e1k <\/span><span class=\"product-title-custom\">\u00dcvegkupola alatt<\/span>"},"content":{"rendered":"<h2>Egy \u00f6r\u00f6k r\u00f3zsa, amely az \u00f6r\u00f6k szerelmet \u00e9s az er\u0151s \u00e9rzelmeket szimboliz\u00e1lja.<\/h2><p><br>Ez a term\u00e9k a k\u00f6vetkez\u0151kb\u0151l \u00e1ll <strong>h\u00e1rom darab Smalls \u00f6r\u00f6k r\u00f3zsa<\/strong> halv\u00e1ny r\u00f3zsasz\u00edn, s\u00e1rga \u00e9s halv\u00e1nylila sz\u00ednben, valamint egy finom f\u00e9nyf\u00fcz\u00e9r, amely feldobja \u00e9s melegs\u00e9get \u00e9s l\u00e1gys\u00e1got hoz otthon\u00e1ba. Az eg\u00e9szet egy <strong>vastag \u00fcvegharang<\/strong> \u00e9s a fekete alap.<br><br>Az \u00f6r\u00f6k r\u00f3zsa egy <strong>halhatatlan vir\u00e1g. <\/strong> Ezek a var\u00e1zslatos, ragyog\u00f3 r\u00f3zs\u00e1k nem ig\u00e9nyelnek k\u00fcl\u00f6nleges gondoz\u00e1st. Az \u00e9jjeliszekr\u00e9nyre vagy a nappaliba helyezve, ezeknek az \u00f6r\u00f6k r\u00f3zs\u00e1knak a halhatatlans\u00e1ga felid\u00e9zi <strong>eml\u00e9keket \u00e9s mindenf\u00e9le \u00e9rzelmeket okoz neked minden nap. <\/strong> <br><br>Akkor k\u00edn\u00e1lja ezeket a gy\u00f6ny\u00f6r\u0171 Smalls r\u00f3zs\u00e1k alatt cloche, mert <strong>k\u00fcl\u00f6nleges alkalmak<\/strong> mint p\u00e9ld\u00e1ul Valentin-nap, h\u00e1zass\u00e1gi \u00e9vfordul\u00f3 vagy egyszer\u0171en csak a szenved\u00e9lyes szerelem kifejez\u00e9s\u00e9re.<\/p>","protected":false},"excerpt":{"rendered":"\u00d6r\u00f6k r\u00f3zsa az \u00f6r\u00f6k szerelem \u00e9s az er\u0151s \u00e9rzelmek jelk\u00e9pek\u00e9ntEz a term\u00e9k h\u00e1rom darab Smalls \u00f6r\u00f6k r\u00f3zs\u00e1b\u00f3l \u00e1ll\u00f3 k\u00e9szletet tartalmaz halv\u00e1ny r\u00f3zsasz\u00edn, s\u00e1rga \u00e9s halv\u00e1nylila sz\u00ednben, valamint egy finom f\u00e9nyf\u00fcz\u00e9rt, amely feldobja \u00e9s melegs\u00e9get \u00e9s l\u00e1gys\u00e1got hoz otthon\u00e1ba. Az eg\u00e9szet egy vastag \u00fcvegharang bor\u00edtja, \u00e9s [...]","protected":false},"featured_media":168,"template":"","meta":[],"product_brand":[],"product_cat":[15,36,35],"product_tag":[34],"class_list":{"0":"post-169","1":"product","2":"type-product","3":"status-publish","4":"has-post-thumbnail","6":"product_cat-all-products","7":"product_cat-best-sellers","8":"product_cat-small-forever-rose","9":"product_tag-small-rose-in-glass","11":"first","12":"instock","13":"shipping-taxable","14":"purchasable","15":"product-type-simple"},"yoast_head":"<!-- This site is optimized with the Yoast SEO plugin v25.9 - https:\/\/yoast.com\/wordpress\/plugins\/seo\/ -->\n<title>Mini Eternal Roses Under Glass Dome | Magyarorsz\u00e1g Florist<\/title>\n<meta name=\"description\" content=\"Celebrate everlasting love with our Mini Eternal Roses Under Glass Dome .\ud83c\udf39Symbolize your endless affection. Shop now and get a free...\" \/>\n<meta name=\"robots\" content=\"index, follow, max-snippet:-1, max-image-preview:large, max-video-preview:-1\" \/>\n<link rel=\"canonical\" href=\"https:\/\/petalwhim.com\/hu\/p\/mini-orok-rozsak-uvegkupola-alatt\/\" \/>\n<meta property=\"og:locale\" content=\"hu_HU\" \/>\n<meta property=\"og:type\" content=\"article\" \/>\n<meta property=\"og:title\" content=\"Mini Eternal Roses Under Glass Dome | Magyarorsz\u00e1g Florist\" \/>\n<meta property=\"og:description\" content=\"Celebrate everlasting love with our Mini Eternal Roses Under Glass Dome .\ud83c\udf39Symbolize your endless affection. Shop now and get a free...\" \/>\n<meta property=\"og:url\" content=\"https:\/\/petalwhim.com\/hu\/p\/mini-orok-rozsak-uvegkupola-alatt\/\" \/>\n<meta property=\"og:site_name\" content=\"Petal Whim\u2122\" \/>\n<meta property=\"article:modified_time\" content=\"2025-07-25T05:16:03+00:00\" \/>\n<meta property=\"og:image\" content=\"https:\/\/petalwhim.com\/wp-content\/uploads\/2024\/04\/product-image-1374376516.jpg\" \/>\n\t<meta property=\"og:image:width\" content=\"640\" \/>\n\t<meta property=\"og:image:height\" content=\"640\" \/>\n\t<meta property=\"og:image:type\" content=\"image\/jpeg\" \/>\n<meta name=\"twitter:card\" content=\"summary_large_image\" \/>\n<meta name=\"twitter:label1\" content=\"Becs\u00fclt olvas\u00e1si id\u0151\" \/>\n\t<meta name=\"twitter:data1\" content=\"1 perc\" \/>\n<script type=\"application\/ld+json\" class=\"yoast-schema-graph\">{\"@context\":\"https:\/\/schema.org\",\"@graph\":[{\"@type\":\"WebPage\",\"@id\":\"https:\/\/petalwhim.com\/p\/mini-eternal-roses-under-glass-dome\/\",\"url\":\"https:\/\/petalwhim.com\/p\/mini-eternal-roses-under-glass-dome\/\",\"name\":\"Mini Eternal Roses Under Glass Dome | Magyarorsz\u00e1g Florist\",\"isPartOf\":{\"@id\":\"https:\/\/petalwhim.com\/#website\"},\"primaryImageOfPage\":{\"@id\":\"https:\/\/petalwhim.com\/p\/mini-eternal-roses-under-glass-dome\/#primaryimage\"},\"image\":{\"@id\":\"https:\/\/petalwhim.com\/p\/mini-eternal-roses-under-glass-dome\/#primaryimage\"},\"thumbnailUrl\":\"https:\/\/petalwhim.com\/wp-content\/uploads\/2024\/04\/product-image-1374376516.jpg\",\"datePublished\":\"2024-04-19T04:59:21+00:00\",\"dateModified\":\"2025-07-25T05:16:03+00:00\",\"description\":\"Celebrate everlasting love with our Mini Eternal Roses Under Glass Dome .\ud83c\udf39Symbolize your endless affection. Shop now and get a free...\",\"breadcrumb\":{\"@id\":\"https:\/\/petalwhim.com\/p\/mini-eternal-roses-under-glass-dome\/#breadcrumb\"},\"inLanguage\":\"hu\",\"potentialAction\":[{\"@type\":\"ReadAction\",\"target\":[\"https:\/\/petalwhim.com\/p\/mini-eternal-roses-under-glass-dome\/\"]}]},{\"@type\":\"ImageObject\",\"inLanguage\":\"hu\",\"@id\":\"https:\/\/petalwhim.com\/p\/mini-eternal-roses-under-glass-dome\/#primaryimage\",\"url\":\"https:\/\/petalwhim.com\/wp-content\/uploads\/2024\/04\/product-image-1374376516.jpg\",\"contentUrl\":\"https:\/\/petalwhim.com\/wp-content\/uploads\/2024\/04\/product-image-1374376516.jpg\",\"width\":640,\"height\":640,\"caption\":\"Mini Eternal Roses Under Glass Dome\"},{\"@type\":\"BreadcrumbList\",\"@id\":\"https:\/\/petalwhim.com\/p\/mini-eternal-roses-under-glass-dome\/#breadcrumb\",\"itemListElement\":[{\"@type\":\"ListItem\",\"position\":1,\"name\":\"Home\",\"item\":\"https:\/\/petalwhim.com\/\"},{\"@type\":\"ListItem\",\"position\":2,\"name\":\"Shop\",\"item\":\"https:\/\/petalwhim.com\/shop\/\"},{\"@type\":\"ListItem\",\"position\":3,\"name\":\"Mini Eternal Roses Under Glass Dome\"}]},{\"@type\":\"WebSite\",\"@id\":\"https:\/\/petalwhim.com\/#website\",\"url\":\"https:\/\/petalwhim.com\/\",\"name\":\"Petal Whim\u2122\",\"description\":\"Rose in Glass\",\"publisher\":{\"@id\":\"https:\/\/petalwhim.com\/#organization\"},\"potentialAction\":[{\"@type\":\"SearchAction\",\"target\":{\"@type\":\"EntryPoint\",\"urlTemplate\":\"https:\/\/petalwhim.com\/?s={search_term_string}\"},\"query-input\":{\"@type\":\"PropertyValueSpecification\",\"valueRequired\":true,\"valueName\":\"search_term_string\"}}],\"inLanguage\":\"hu\"},{\"@type\":\"Organization\",\"@id\":\"https:\/\/petalwhim.com\/#organization\",\"name\":\"Petal Whim\",\"alternateName\":\"Rose in Glass\",\"url\":\"https:\/\/petalwhim.com\/\",\"logo\":{\"@type\":\"ImageObject\",\"inLanguage\":\"hu\",\"@id\":\"https:\/\/petalwhim.com\/#\/schema\/logo\/image\/\",\"url\":\"https:\/\/petalwhim.com\/wp-content\/uploads\/2024\/05\/cropped-Petal-Whim-Favicon.png\",\"contentUrl\":\"https:\/\/petalwhim.com\/wp-content\/uploads\/2024\/05\/cropped-Petal-Whim-Favicon.png\",\"width\":512,\"height\":512,\"caption\":\"Petal Whim\"},\"image\":{\"@id\":\"https:\/\/petalwhim.com\/#\/schema\/logo\/image\/\"}}]}<\/script>\n<!-- \/ Yoast SEO plugin. -->","yoast_head_json":{"title":"Mini \u00f6r\u00f6k r\u00f3zs\u00e1k \u00fcvegkupola alatt | Magyarorsz\u00e1g Vir\u00e1g\u00fczlet | Magyarorsz\u00e1g Vir\u00e1g\u00fczlet","description":"\u00dcnnepelje az \u00f6r\u00f6k szerelmet a mi Mini \u00f6r\u00f6k r\u00f3zs\u00e1k \u00fcvegkupola alatt \ud83c\udf39 Szimboliz\u00e1lja a v\u00e9gtelen szeretetet. V\u00e1s\u00e1roljon most \u00e9s kap egy ingyenes...","robots":{"index":"index","follow":"follow","max-snippet":"max-snippet:-1","max-image-preview":"max-image-preview:large","max-video-preview":"max-video-preview:-1"},"canonical":"https:\/\/petalwhim.com\/hu\/p\/mini-orok-rozsak-uvegkupola-alatt\/","og_locale":"hu_HU","og_type":"article","og_title":"Mini Eternal Roses Under Glass Dome | Magyarorsz\u00e1g Florist","og_description":"Celebrate everlasting love with our Mini Eternal Roses Under Glass Dome .\ud83c\udf39Symbolize your endless affection. Shop now and get a free...","og_url":"https:\/\/petalwhim.com\/hu\/p\/mini-orok-rozsak-uvegkupola-alatt\/","og_site_name":"Petal Whim\u2122","article_modified_time":"2025-07-25T05:16:03+00:00","og_image":[{"width":640,"height":640,"url":"https:\/\/petalwhim.com\/wp-content\/uploads\/2024\/04\/product-image-1374376516.jpg","type":"image\/jpeg"}],"twitter_card":"summary_large_image","twitter_misc":{"Becs\u00fclt olvas\u00e1si id\u0151":"1 perc"},"schema":{"@context":"https:\/\/schema.org","@graph":[{"@type":"WebPage","@id":"https:\/\/petalwhim.com\/p\/mini-eternal-roses-under-glass-dome\/","url":"https:\/\/petalwhim.com\/p\/mini-eternal-roses-under-glass-dome\/","name":"Mini \u00f6r\u00f6k r\u00f3zs\u00e1k \u00fcvegkupola alatt | Magyarorsz\u00e1g Vir\u00e1g\u00fczlet | Magyarorsz\u00e1g Vir\u00e1g\u00fczlet","isPartOf":{"@id":"https:\/\/petalwhim.com\/#website"},"primaryImageOfPage":{"@id":"https:\/\/petalwhim.com\/p\/mini-eternal-roses-under-glass-dome\/#primaryimage"},"image":{"@id":"https:\/\/petalwhim.com\/p\/mini-eternal-roses-under-glass-dome\/#primaryimage"},"thumbnailUrl":"https:\/\/petalwhim.com\/wp-content\/uploads\/2024\/04\/product-image-1374376516.jpg","datePublished":"2024-04-19T04:59:21+00:00","dateModified":"2025-07-25T05:16:03+00:00","description":"\u00dcnnepelje az \u00f6r\u00f6k szerelmet a mi Mini \u00f6r\u00f6k r\u00f3zs\u00e1k \u00fcvegkupola alatt \ud83c\udf39 Szimboliz\u00e1lja a v\u00e9gtelen szeretetet. V\u00e1s\u00e1roljon most \u00e9s kap egy ingyenes...","breadcrumb":{"@id":"https:\/\/petalwhim.com\/p\/mini-eternal-roses-under-glass-dome\/#breadcrumb"},"inLanguage":"hu","potentialAction":[{"@type":"ReadAction","target":["https:\/\/petalwhim.com\/p\/mini-eternal-roses-under-glass-dome\/"]}]},{"@type":"ImageObject","inLanguage":"hu","@id":"https:\/\/petalwhim.com\/p\/mini-eternal-roses-under-glass-dome\/#primaryimage","url":"https:\/\/petalwhim.com\/wp-content\/uploads\/2024\/04\/product-image-1374376516.jpg","contentUrl":"https:\/\/petalwhim.com\/wp-content\/uploads\/2024\/04\/product-image-1374376516.jpg","width":640,"height":640,"caption":"Mini Eternal Roses Under Glass Dome"},{"@type":"BreadcrumbList","@id":"https:\/\/petalwhim.com\/p\/mini-eternal-roses-under-glass-dome\/#breadcrumb","itemListElement":[{"@type":"ListItem","position":1,"name":"Home","item":"https:\/\/petalwhim.com\/"},{"@type":"ListItem","position":2,"name":"Shop","item":"https:\/\/petalwhim.com\/shop\/"},{"@type":"ListItem","position":3,"name":"Mini Eternal Roses Under Glass Dome"}]},{"@type":"WebSite","@id":"https:\/\/petalwhim.com\/#website","url":"https:\/\/petalwhim.com\/","name":"Szirom szesz\u00e9ly\u2122","description":"R\u00f3zsa \u00fcvegben","publisher":{"@id":"https:\/\/petalwhim.com\/#organization"},"potentialAction":[{"@type":"SearchAction","target":{"@type":"EntryPoint","urlTemplate":"https:\/\/petalwhim.com\/?s={search_term_string}"},"query-input":{"@type":"PropertyValueSpecification","valueRequired":true,"valueName":"search_term_string"}}],"inLanguage":"hu"},{"@type":"Organization","@id":"https:\/\/petalwhim.com\/#organization","name":"Szirom szesz\u00e9ly","alternateName":"Rose in Glass","url":"https:\/\/petalwhim.com\/","logo":{"@type":"ImageObject","inLanguage":"hu","@id":"https:\/\/petalwhim.com\/#\/schema\/logo\/image\/","url":"https:\/\/petalwhim.com\/wp-content\/uploads\/2024\/05\/cropped-Petal-Whim-Favicon.png","contentUrl":"https:\/\/petalwhim.com\/wp-content\/uploads\/2024\/05\/cropped-Petal-Whim-Favicon.png","width":512,"height":512,"caption":"Petal Whim"},"image":{"@id":"https:\/\/petalwhim.com\/#\/schema\/logo\/image\/"}}]}},"_links":{"self":[{"href":"https:\/\/petalwhim.com\/hu\/wp-json\/wp\/v2\/product\/169","targetHints":{"allow":["GET"]}}],"collection":[{"href":"https:\/\/petalwhim.com\/hu\/wp-json\/wp\/v2\/product"}],"about":[{"href":"https:\/\/petalwhim.com\/hu\/wp-json\/wp\/v2\/types\/product"}],"wp:featuredmedia":[{"embeddable":true,"href":"https:\/\/petalwhim.com\/hu\/wp-json\/wp\/v2\/media\/168"}],"wp:attachment":[{"href":"https:\/\/petalwhim.com\/hu\/wp-json\/wp\/v2\/media?parent=169"}],"wp:term":[{"taxonomy":"product_brand","embeddable":true,"href":"https:\/\/petalwhim.com\/hu\/wp-json\/wp\/v2\/product_brand?post=169"},{"taxonomy":"product_cat","embeddable":true,"href":"https:\/\/petalwhim.com\/hu\/wp-json\/wp\/v2\/product_cat?post=169"},{"taxonomy":"product_tag","embeddable":true,"href":"https:\/\/petalwhim.com\/hu\/wp-json\/wp\/v2\/product_tag?post=169"}],"curies":[{"name":"wp","href":"https:\/\/api.w.org\/{rel}","templated":true}]}}