{"id":155,"date":"2024-04-19T04:58:41","date_gmt":"2024-04-19T04:58:41","guid":{"rendered":"https:\/\/petalwhim.com\/p\/luminous-blue-petals-eternal-rose\/"},"modified":"2025-07-25T05:16:04","modified_gmt":"2025-07-25T05:16:04","slug":"vilagito-kek-szirmok-orok-rozsa","status":"publish","type":"product","link":"https:\/\/petalwhim.com\/hu\/p\/vilagito-kek-szirmok-orok-rozsa\/","title":{"rendered":"<span>F\u00e9nyl\u0151 \u00f6r\u00f6k r\u00f3zsa <\/span><span class=\"product-title-custom\">K\u00e9k szirmok<\/span>"},"content":{"rendered":"<h2>Szeretn\u00e9 kifejezni \u00e9rz\u00e9seit bar\u00e1tainak vagy csal\u00e1dtagjainak? A k\u00e9k szirm\u00fa, f\u00e9nyl\u0151 \u00f6r\u00f6k r\u00f3zsa az \u00d6n\u00e9.<\/h2><p>Engedje, hogy mag\u00e1val ragadja fens\u00e9ges sz\u00e9ps\u00e9ge, \u00e9s az, ahogyan ez a f\u00e9nyl\u0151 \u00fcvegkl\u00f3sz alatt megjelenik.<br><br><strong>Milyen \u00e9rz\u00e9seket fejez ki?<\/strong><br><br>A k\u00e9k \u00f6r\u00f6k r\u00f3zsa az \u00e1lmokat, a szeretetet, a b\u00f6lcsess\u00e9get \u00e9s a b\u00e9k\u00e9t szimboliz\u00e1lja. T\u00f6k\u00e9letes aj\u00e1nd\u00e9k a r\u00e9g\u00f3ta bar\u00e1toknak vagy csal\u00e1dtagoknak.<br><br><strong>Meg lehet tartani?<\/strong><br><br>Sok \u00e9ven \u00e1t meg\u0151rizhet\u0151, \u00e9s az id\u0151 m\u00fal\u00e1s\u00e1val az \u00d6n \u00e1ltal kifejezni k\u00edv\u00e1nt \u00e9rz\u00e9sek jelk\u00e9pe lesz.<\/p>","protected":false},"excerpt":{"rendered":"Szeretn\u00e9 kifejezni \u00e9rz\u00e9seit bar\u00e1tainak vagy csal\u00e1dtagjainak? A k\u00e9k szirm\u00fa, vil\u00e1g\u00edt\u00f3 \u00f6r\u00f6k r\u00f3zsa az \u00d6n\u00e9.Hagyja, hogy mag\u00e1val ragadja fens\u00e9ges sz\u00e9ps\u00e9ge, \u00e9s az, ahogyan ez a vil\u00e1g\u00edt\u00f3 \u00fcvegkoszor\u00fa alatt megjelenik.Milyen \u00e9rz\u00e9seket fejez ki?A k\u00e9k \u00f6r\u00f6k r\u00f3zsa az \u00e1lmokat, a szeretetet, a b\u00f6lcsess\u00e9get \u00e9s a b\u00e9k\u00e9t is szimboliz\u00e1lja. Ez [...]","protected":false},"featured_media":154,"template":"","meta":[],"product_brand":[],"product_cat":[15,36,21],"product_tag":[33],"class_list":{"0":"post-155","1":"product","2":"type-product","3":"status-publish","4":"has-post-thumbnail","6":"product_cat-all-products","7":"product_cat-best-sellers","8":"product_cat-blue-forever-rose","9":"product_tag-rose-in-glass-dome","11":"first","12":"instock","13":"shipping-taxable","14":"purchasable","15":"product-type-simple"},"yoast_head":"<!-- This site is optimized with the Yoast SEO plugin v25.9 - https:\/\/yoast.com\/wordpress\/plugins\/seo\/ -->\n<title>Luminous Eternal Rose Blue Petals | Magyarorsz\u00e1g Florist<\/title>\n<meta name=\"description\" content=\"Celebrate everlasting love with our Luminous Eternal Rose Blue Petals .\ud83c\udf39Symbolize your endless affection. Shop now and get a free...\" \/>\n<meta name=\"robots\" content=\"index, follow, max-snippet:-1, max-image-preview:large, max-video-preview:-1\" \/>\n<link rel=\"canonical\" href=\"https:\/\/petalwhim.com\/hu\/p\/vilagito-kek-szirmok-orok-rozsa\/\" \/>\n<meta property=\"og:locale\" content=\"hu_HU\" \/>\n<meta property=\"og:type\" content=\"article\" \/>\n<meta property=\"og:title\" content=\"Luminous Eternal Rose Blue Petals | Magyarorsz\u00e1g Florist\" \/>\n<meta property=\"og:description\" content=\"Celebrate everlasting love with our Luminous Eternal Rose Blue Petals .\ud83c\udf39Symbolize your endless affection. Shop now and get a free...\" \/>\n<meta property=\"og:url\" content=\"https:\/\/petalwhim.com\/hu\/p\/vilagito-kek-szirmok-orok-rozsa\/\" \/>\n<meta property=\"og:site_name\" content=\"Petal Whim\u2122\" \/>\n<meta property=\"article:modified_time\" content=\"2025-07-25T05:16:04+00:00\" \/>\n<meta property=\"og:image\" content=\"https:\/\/petalwhim.com\/wp-content\/uploads\/2024\/04\/product-image-1562975881.jpg\" \/>\n\t<meta property=\"og:image:width\" content=\"640\" \/>\n\t<meta property=\"og:image:height\" content=\"640\" \/>\n\t<meta property=\"og:image:type\" content=\"image\/jpeg\" \/>\n<meta name=\"twitter:card\" content=\"summary_large_image\" \/>\n<script type=\"application\/ld+json\" class=\"yoast-schema-graph\">{\"@context\":\"https:\/\/schema.org\",\"@graph\":[{\"@type\":\"WebPage\",\"@id\":\"https:\/\/petalwhim.com\/p\/luminous-blue-petals-eternal-rose\/\",\"url\":\"https:\/\/petalwhim.com\/p\/luminous-blue-petals-eternal-rose\/\",\"name\":\"Luminous Eternal Rose Blue Petals | Magyarorsz\u00e1g Florist\",\"isPartOf\":{\"@id\":\"https:\/\/petalwhim.com\/#website\"},\"primaryImageOfPage\":{\"@id\":\"https:\/\/petalwhim.com\/p\/luminous-blue-petals-eternal-rose\/#primaryimage\"},\"image\":{\"@id\":\"https:\/\/petalwhim.com\/p\/luminous-blue-petals-eternal-rose\/#primaryimage\"},\"thumbnailUrl\":\"https:\/\/petalwhim.com\/wp-content\/uploads\/2024\/04\/product-image-1562975881.jpg\",\"datePublished\":\"2024-04-19T04:58:41+00:00\",\"dateModified\":\"2025-07-25T05:16:04+00:00\",\"description\":\"Celebrate everlasting love with our Luminous Eternal Rose Blue Petals .\ud83c\udf39Symbolize your endless affection. Shop now and get a free...\",\"breadcrumb\":{\"@id\":\"https:\/\/petalwhim.com\/p\/luminous-blue-petals-eternal-rose\/#breadcrumb\"},\"inLanguage\":\"hu\",\"potentialAction\":[{\"@type\":\"ReadAction\",\"target\":[\"https:\/\/petalwhim.com\/p\/luminous-blue-petals-eternal-rose\/\"]}]},{\"@type\":\"ImageObject\",\"inLanguage\":\"hu\",\"@id\":\"https:\/\/petalwhim.com\/p\/luminous-blue-petals-eternal-rose\/#primaryimage\",\"url\":\"https:\/\/petalwhim.com\/wp-content\/uploads\/2024\/04\/product-image-1562975881.jpg\",\"contentUrl\":\"https:\/\/petalwhim.com\/wp-content\/uploads\/2024\/04\/product-image-1562975881.jpg\",\"width\":640,\"height\":640,\"caption\":\"Luminous Eternal Rose Blue Petals\"},{\"@type\":\"BreadcrumbList\",\"@id\":\"https:\/\/petalwhim.com\/p\/luminous-blue-petals-eternal-rose\/#breadcrumb\",\"itemListElement\":[{\"@type\":\"ListItem\",\"position\":1,\"name\":\"Home\",\"item\":\"https:\/\/petalwhim.com\/\"},{\"@type\":\"ListItem\",\"position\":2,\"name\":\"Shop\",\"item\":\"https:\/\/petalwhim.com\/shop\/\"},{\"@type\":\"ListItem\",\"position\":3,\"name\":\"Luminous Eternal Rose Blue Petals\"}]},{\"@type\":\"WebSite\",\"@id\":\"https:\/\/petalwhim.com\/#website\",\"url\":\"https:\/\/petalwhim.com\/\",\"name\":\"Petal Whim\u2122\",\"description\":\"Rose in Glass\",\"publisher\":{\"@id\":\"https:\/\/petalwhim.com\/#organization\"},\"potentialAction\":[{\"@type\":\"SearchAction\",\"target\":{\"@type\":\"EntryPoint\",\"urlTemplate\":\"https:\/\/petalwhim.com\/?s={search_term_string}\"},\"query-input\":{\"@type\":\"PropertyValueSpecification\",\"valueRequired\":true,\"valueName\":\"search_term_string\"}}],\"inLanguage\":\"hu\"},{\"@type\":\"Organization\",\"@id\":\"https:\/\/petalwhim.com\/#organization\",\"name\":\"Petal Whim\",\"alternateName\":\"Rose in Glass\",\"url\":\"https:\/\/petalwhim.com\/\",\"logo\":{\"@type\":\"ImageObject\",\"inLanguage\":\"hu\",\"@id\":\"https:\/\/petalwhim.com\/#\/schema\/logo\/image\/\",\"url\":\"https:\/\/petalwhim.com\/wp-content\/uploads\/2024\/05\/cropped-Petal-Whim-Favicon.png\",\"contentUrl\":\"https:\/\/petalwhim.com\/wp-content\/uploads\/2024\/05\/cropped-Petal-Whim-Favicon.png\",\"width\":512,\"height\":512,\"caption\":\"Petal Whim\"},\"image\":{\"@id\":\"https:\/\/petalwhim.com\/#\/schema\/logo\/image\/\"}}]}<\/script>\n<!-- \/ Yoast SEO plugin. -->","yoast_head_json":{"title":"F\u00e9nyl\u0151 \u00d6r\u00f6k R\u00f3zsa K\u00e9k Szirmok | Magyarorsz\u00e1g Vir\u00e1g\u00fczlet | Magyarorsz\u00e1g Vir\u00e1g\u00fczlet","description":"\u00dcnnepeld meg az \u00f6r\u00f6k szerelmet a f\u00e9nyl\u0151 \u00f6r\u00f6k r\u00f3zsa k\u00e9k szirmaival .\ud83c\udf39 Szimboliz\u00e1lja v\u00e9gtelen szeretetedet. V\u00e1s\u00e1roljon most \u00e9s kap egy ingyenes...","robots":{"index":"index","follow":"follow","max-snippet":"max-snippet:-1","max-image-preview":"max-image-preview:large","max-video-preview":"max-video-preview:-1"},"canonical":"https:\/\/petalwhim.com\/hu\/p\/vilagito-kek-szirmok-orok-rozsa\/","og_locale":"hu_HU","og_type":"article","og_title":"Luminous Eternal Rose Blue Petals | Magyarorsz\u00e1g Florist","og_description":"Celebrate everlasting love with our Luminous Eternal Rose Blue Petals .\ud83c\udf39Symbolize your endless affection. Shop now and get a free...","og_url":"https:\/\/petalwhim.com\/hu\/p\/vilagito-kek-szirmok-orok-rozsa\/","og_site_name":"Petal Whim\u2122","article_modified_time":"2025-07-25T05:16:04+00:00","og_image":[{"width":640,"height":640,"url":"https:\/\/petalwhim.com\/wp-content\/uploads\/2024\/04\/product-image-1562975881.jpg","type":"image\/jpeg"}],"twitter_card":"summary_large_image","schema":{"@context":"https:\/\/schema.org","@graph":[{"@type":"WebPage","@id":"https:\/\/petalwhim.com\/p\/luminous-blue-petals-eternal-rose\/","url":"https:\/\/petalwhim.com\/p\/luminous-blue-petals-eternal-rose\/","name":"F\u00e9nyl\u0151 \u00d6r\u00f6k R\u00f3zsa K\u00e9k Szirmok | Magyarorsz\u00e1g Vir\u00e1g\u00fczlet | Magyarorsz\u00e1g Vir\u00e1g\u00fczlet","isPartOf":{"@id":"https:\/\/petalwhim.com\/#website"},"primaryImageOfPage":{"@id":"https:\/\/petalwhim.com\/p\/luminous-blue-petals-eternal-rose\/#primaryimage"},"image":{"@id":"https:\/\/petalwhim.com\/p\/luminous-blue-petals-eternal-rose\/#primaryimage"},"thumbnailUrl":"https:\/\/petalwhim.com\/wp-content\/uploads\/2024\/04\/product-image-1562975881.jpg","datePublished":"2024-04-19T04:58:41+00:00","dateModified":"2025-07-25T05:16:04+00:00","description":"\u00dcnnepeld meg az \u00f6r\u00f6k szerelmet a f\u00e9nyl\u0151 \u00f6r\u00f6k r\u00f3zsa k\u00e9k szirmaival .\ud83c\udf39 Szimboliz\u00e1lja v\u00e9gtelen szeretetedet. V\u00e1s\u00e1roljon most \u00e9s kap egy ingyenes...","breadcrumb":{"@id":"https:\/\/petalwhim.com\/p\/luminous-blue-petals-eternal-rose\/#breadcrumb"},"inLanguage":"hu","potentialAction":[{"@type":"ReadAction","target":["https:\/\/petalwhim.com\/p\/luminous-blue-petals-eternal-rose\/"]}]},{"@type":"ImageObject","inLanguage":"hu","@id":"https:\/\/petalwhim.com\/p\/luminous-blue-petals-eternal-rose\/#primaryimage","url":"https:\/\/petalwhim.com\/wp-content\/uploads\/2024\/04\/product-image-1562975881.jpg","contentUrl":"https:\/\/petalwhim.com\/wp-content\/uploads\/2024\/04\/product-image-1562975881.jpg","width":640,"height":640,"caption":"Luminous Eternal Rose Blue Petals"},{"@type":"BreadcrumbList","@id":"https:\/\/petalwhim.com\/p\/luminous-blue-petals-eternal-rose\/#breadcrumb","itemListElement":[{"@type":"ListItem","position":1,"name":"Home","item":"https:\/\/petalwhim.com\/"},{"@type":"ListItem","position":2,"name":"Shop","item":"https:\/\/petalwhim.com\/shop\/"},{"@type":"ListItem","position":3,"name":"Luminous Eternal Rose Blue Petals"}]},{"@type":"WebSite","@id":"https:\/\/petalwhim.com\/#website","url":"https:\/\/petalwhim.com\/","name":"Szirom szesz\u00e9ly\u2122","description":"R\u00f3zsa \u00fcvegben","publisher":{"@id":"https:\/\/petalwhim.com\/#organization"},"potentialAction":[{"@type":"SearchAction","target":{"@type":"EntryPoint","urlTemplate":"https:\/\/petalwhim.com\/?s={search_term_string}"},"query-input":{"@type":"PropertyValueSpecification","valueRequired":true,"valueName":"search_term_string"}}],"inLanguage":"hu"},{"@type":"Organization","@id":"https:\/\/petalwhim.com\/#organization","name":"Szirom szesz\u00e9ly","alternateName":"Rose in Glass","url":"https:\/\/petalwhim.com\/","logo":{"@type":"ImageObject","inLanguage":"hu","@id":"https:\/\/petalwhim.com\/#\/schema\/logo\/image\/","url":"https:\/\/petalwhim.com\/wp-content\/uploads\/2024\/05\/cropped-Petal-Whim-Favicon.png","contentUrl":"https:\/\/petalwhim.com\/wp-content\/uploads\/2024\/05\/cropped-Petal-Whim-Favicon.png","width":512,"height":512,"caption":"Petal Whim"},"image":{"@id":"https:\/\/petalwhim.com\/#\/schema\/logo\/image\/"}}]}},"_links":{"self":[{"href":"https:\/\/petalwhim.com\/hu\/wp-json\/wp\/v2\/product\/155","targetHints":{"allow":["GET"]}}],"collection":[{"href":"https:\/\/petalwhim.com\/hu\/wp-json\/wp\/v2\/product"}],"about":[{"href":"https:\/\/petalwhim.com\/hu\/wp-json\/wp\/v2\/types\/product"}],"wp:featuredmedia":[{"embeddable":true,"href":"https:\/\/petalwhim.com\/hu\/wp-json\/wp\/v2\/media\/154"}],"wp:attachment":[{"href":"https:\/\/petalwhim.com\/hu\/wp-json\/wp\/v2\/media?parent=155"}],"wp:term":[{"taxonomy":"product_brand","embeddable":true,"href":"https:\/\/petalwhim.com\/hu\/wp-json\/wp\/v2\/product_brand?post=155"},{"taxonomy":"product_cat","embeddable":true,"href":"https:\/\/petalwhim.com\/hu\/wp-json\/wp\/v2\/product_cat?post=155"},{"taxonomy":"product_tag","embeddable":true,"href":"https:\/\/petalwhim.com\/hu\/wp-json\/wp\/v2\/product_tag?post=155"}],"curies":[{"name":"wp","href":"https:\/\/api.w.org\/{rel}","templated":true}]}}