{"id":135,"date":"2024-04-19T04:58:13","date_gmt":"2024-04-19T04:58:13","guid":{"rendered":"https:\/\/petalwhim.com\/p\/luminous-deep-pink-eternal-rose\/"},"modified":"2025-07-25T05:16:04","modified_gmt":"2025-07-25T05:16:04","slug":"vilagito-mely-rozsaszin-orok-rozsa","status":"publish","type":"product","link":"https:\/\/petalwhim.com\/hu\/p\/vilagito-mely-rozsaszin-orok-rozsa\/","title":{"rendered":"<span>F\u00e9nyl\u0151 \u00f6r\u00f6k r\u00f3zsa <\/span><span class=\"product-title-custom\">Deep Rose<\/span>"},"content":{"rendered":"<h2>Engedje, hogy mag\u00e1val ragadja ez a ragyog\u00f3 m\u00e9ly r\u00f3zsasz\u00edn \u00f6r\u00f6k r\u00f3zsa.<\/h2><p>A sz\u00ednekhez hasonl\u00f3an ez a r\u00f3zsa \u00f6nmag\u00e1ban is kifejezi a m\u00e9ly, bimb\u00f3z\u00f3 \u00e9rz\u00e9seket, amelyeket \u00e1t\u00e9lsz.<br><br> <strong>Milyen alkalomb\u00f3l adjuk?<\/strong> <br><br>Ha \u00faj \u00e9rz\u00e9seket szeretn\u00e9l kifejezni egy \u00faj kapcsolatban, amelybe k\u00e9sz vagy befektetni magad, akkor ez a r\u00f3zsa neked val\u00f3.<br><br> <strong>Mennyi ideig tart?<\/strong> <br><br>Az \u00f6r\u00f6k r\u00f3zsa var\u00e1zsa abban rejlik, hogy t\u00fal\u00e9li a szerelmedet, \u00e9s sok \u00e9ven \u00e1t elk\u00eds\u00e9r t\u00e9ged.<br><br> <strong>Ez a r\u00f3zsa el fogja gy\u00f6ny\u00f6rk\u00f6dtetni partner\u00e9t, aki nem fog k\u00e9telkedni az \u00d6n szentiment\u00e1lis elk\u00f6telezetts\u00e9g\u00e9ben, \u00e9s bimb\u00f3z\u00f3 szerelm\u00fck szimb\u00f3luma lesz. <\/strong> <br><br><\/p>","protected":false},"excerpt":{"rendered":"Engedd, hogy mag\u00e1val ragadjon ez a ragyog\u00f3, m\u00e9ly r\u00f3zsasz\u00edn \u00f6r\u00f6k r\u00f3zsa.A sz\u00ednekhez hasonl\u00f3an ez a r\u00f3zsa \u00f6nmag\u00e1ban is kifejezi a m\u00e9ly, bimb\u00f3z\u00f3 \u00e9rz\u00e9seket, amelyeket \u00e1t\u00e9lsz. Milyen alkalomra adjuk? Ha egy \u00faj \u00e9rz\u00e9st szeretn\u00e9l kifejezni egy \u00faj kapcsolatban, amelybe k\u00e9sz vagy befektetni magad, akkor ez a r\u00f3zsa neked val\u00f3. Mennyi ideig [...]","protected":false},"featured_media":134,"template":"","meta":[],"product_brand":[],"product_cat":[15,36],"product_tag":[33],"class_list":{"0":"post-135","1":"product","2":"type-product","3":"status-publish","4":"has-post-thumbnail","6":"product_cat-all-products","7":"product_cat-best-sellers","8":"product_tag-rose-in-glass-dome","10":"first","11":"instock","12":"shipping-taxable","13":"purchasable","14":"product-type-simple"},"yoast_head":"<!-- This site is optimized with the Yoast SEO plugin v25.9 - https:\/\/yoast.com\/wordpress\/plugins\/seo\/ -->\n<title>Luminous Eternal Rose Deep Rose | Magyarorsz\u00e1g Florist<\/title>\n<meta name=\"description\" content=\"Celebrate everlasting love with our Luminous Eternal Rose Deep Rose .\ud83c\udf39Symbolize your endless affection. Shop now and get a free...\" \/>\n<meta name=\"robots\" content=\"index, follow, max-snippet:-1, max-image-preview:large, max-video-preview:-1\" \/>\n<link rel=\"canonical\" href=\"https:\/\/petalwhim.com\/hu\/p\/vilagito-mely-rozsaszin-orok-rozsa\/\" \/>\n<meta property=\"og:locale\" content=\"hu_HU\" \/>\n<meta property=\"og:type\" content=\"article\" \/>\n<meta property=\"og:title\" content=\"Luminous Eternal Rose Deep Rose | Magyarorsz\u00e1g Florist\" \/>\n<meta property=\"og:description\" content=\"Celebrate everlasting love with our Luminous Eternal Rose Deep Rose .\ud83c\udf39Symbolize your endless affection. Shop now and get a free...\" \/>\n<meta property=\"og:url\" content=\"https:\/\/petalwhim.com\/hu\/p\/vilagito-mely-rozsaszin-orok-rozsa\/\" \/>\n<meta property=\"og:site_name\" content=\"Petal Whim\u2122\" \/>\n<meta property=\"article:modified_time\" content=\"2025-07-25T05:16:04+00:00\" \/>\n<meta property=\"og:image\" content=\"https:\/\/petalwhim.com\/wp-content\/uploads\/2024\/04\/product-image-1562975882.jpg\" \/>\n\t<meta property=\"og:image:width\" content=\"640\" \/>\n\t<meta property=\"og:image:height\" content=\"640\" \/>\n\t<meta property=\"og:image:type\" content=\"image\/jpeg\" \/>\n<meta name=\"twitter:card\" content=\"summary_large_image\" \/>\n<meta name=\"twitter:label1\" content=\"Becs\u00fclt olvas\u00e1si id\u0151\" \/>\n\t<meta name=\"twitter:data1\" content=\"1 perc\" \/>\n<script type=\"application\/ld+json\" class=\"yoast-schema-graph\">{\"@context\":\"https:\/\/schema.org\",\"@graph\":[{\"@type\":\"WebPage\",\"@id\":\"https:\/\/petalwhim.com\/p\/luminous-deep-pink-eternal-rose\/\",\"url\":\"https:\/\/petalwhim.com\/p\/luminous-deep-pink-eternal-rose\/\",\"name\":\"Luminous Eternal Rose Deep Rose | Magyarorsz\u00e1g Florist\",\"isPartOf\":{\"@id\":\"https:\/\/petalwhim.com\/#website\"},\"primaryImageOfPage\":{\"@id\":\"https:\/\/petalwhim.com\/p\/luminous-deep-pink-eternal-rose\/#primaryimage\"},\"image\":{\"@id\":\"https:\/\/petalwhim.com\/p\/luminous-deep-pink-eternal-rose\/#primaryimage\"},\"thumbnailUrl\":\"https:\/\/petalwhim.com\/wp-content\/uploads\/2024\/04\/product-image-1562975882.jpg\",\"datePublished\":\"2024-04-19T04:58:13+00:00\",\"dateModified\":\"2025-07-25T05:16:04+00:00\",\"description\":\"Celebrate everlasting love with our Luminous Eternal Rose Deep Rose .\ud83c\udf39Symbolize your endless affection. Shop now and get a free...\",\"breadcrumb\":{\"@id\":\"https:\/\/petalwhim.com\/p\/luminous-deep-pink-eternal-rose\/#breadcrumb\"},\"inLanguage\":\"hu\",\"potentialAction\":[{\"@type\":\"ReadAction\",\"target\":[\"https:\/\/petalwhim.com\/p\/luminous-deep-pink-eternal-rose\/\"]}]},{\"@type\":\"ImageObject\",\"inLanguage\":\"hu\",\"@id\":\"https:\/\/petalwhim.com\/p\/luminous-deep-pink-eternal-rose\/#primaryimage\",\"url\":\"https:\/\/petalwhim.com\/wp-content\/uploads\/2024\/04\/product-image-1562975882.jpg\",\"contentUrl\":\"https:\/\/petalwhim.com\/wp-content\/uploads\/2024\/04\/product-image-1562975882.jpg\",\"width\":640,\"height\":640,\"caption\":\"Luminous Eternal Rose Deep Rose\"},{\"@type\":\"BreadcrumbList\",\"@id\":\"https:\/\/petalwhim.com\/p\/luminous-deep-pink-eternal-rose\/#breadcrumb\",\"itemListElement\":[{\"@type\":\"ListItem\",\"position\":1,\"name\":\"Home\",\"item\":\"https:\/\/petalwhim.com\/\"},{\"@type\":\"ListItem\",\"position\":2,\"name\":\"Shop\",\"item\":\"https:\/\/petalwhim.com\/shop\/\"},{\"@type\":\"ListItem\",\"position\":3,\"name\":\"Luminous Eternal Rose Deep Rose\"}]},{\"@type\":\"WebSite\",\"@id\":\"https:\/\/petalwhim.com\/#website\",\"url\":\"https:\/\/petalwhim.com\/\",\"name\":\"Petal Whim\u2122\",\"description\":\"Rose in Glass\",\"publisher\":{\"@id\":\"https:\/\/petalwhim.com\/#organization\"},\"potentialAction\":[{\"@type\":\"SearchAction\",\"target\":{\"@type\":\"EntryPoint\",\"urlTemplate\":\"https:\/\/petalwhim.com\/?s={search_term_string}\"},\"query-input\":{\"@type\":\"PropertyValueSpecification\",\"valueRequired\":true,\"valueName\":\"search_term_string\"}}],\"inLanguage\":\"hu\"},{\"@type\":\"Organization\",\"@id\":\"https:\/\/petalwhim.com\/#organization\",\"name\":\"Petal Whim\",\"alternateName\":\"Rose in Glass\",\"url\":\"https:\/\/petalwhim.com\/\",\"logo\":{\"@type\":\"ImageObject\",\"inLanguage\":\"hu\",\"@id\":\"https:\/\/petalwhim.com\/#\/schema\/logo\/image\/\",\"url\":\"https:\/\/petalwhim.com\/wp-content\/uploads\/2024\/05\/cropped-Petal-Whim-Favicon.png\",\"contentUrl\":\"https:\/\/petalwhim.com\/wp-content\/uploads\/2024\/05\/cropped-Petal-Whim-Favicon.png\",\"width\":512,\"height\":512,\"caption\":\"Petal Whim\"},\"image\":{\"@id\":\"https:\/\/petalwhim.com\/#\/schema\/logo\/image\/\"}}]}<\/script>\n<!-- \/ Yoast SEO plugin. -->","yoast_head_json":{"title":"Vil\u00e1g\u00edt\u00f3 \u00d6r\u00f6k R\u00f3zsa M\u00e9ly R\u00f3zsa | Magyarorsz\u00e1g Vir\u00e1g\u00fczlet\u00e1g | Magyarorsz\u00e1g Vir\u00e1g\u00fczlet","description":"\u00dcnnepelje az \u00f6r\u00f6k szerelmet a mi Luminous Eternal Rose Deep Rose .\ud83c\udf39Szimboliz\u00e1lja a v\u00e9gtelen szeretetet. V\u00e1s\u00e1roljon most \u00e9s kap egy ingyenes...","robots":{"index":"index","follow":"follow","max-snippet":"max-snippet:-1","max-image-preview":"max-image-preview:large","max-video-preview":"max-video-preview:-1"},"canonical":"https:\/\/petalwhim.com\/hu\/p\/vilagito-mely-rozsaszin-orok-rozsa\/","og_locale":"hu_HU","og_type":"article","og_title":"Luminous Eternal Rose Deep Rose | Magyarorsz\u00e1g Florist","og_description":"Celebrate everlasting love with our Luminous Eternal Rose Deep Rose .\ud83c\udf39Symbolize your endless affection. Shop now and get a free...","og_url":"https:\/\/petalwhim.com\/hu\/p\/vilagito-mely-rozsaszin-orok-rozsa\/","og_site_name":"Petal Whim\u2122","article_modified_time":"2025-07-25T05:16:04+00:00","og_image":[{"width":640,"height":640,"url":"https:\/\/petalwhim.com\/wp-content\/uploads\/2024\/04\/product-image-1562975882.jpg","type":"image\/jpeg"}],"twitter_card":"summary_large_image","twitter_misc":{"Becs\u00fclt olvas\u00e1si id\u0151":"1 perc"},"schema":{"@context":"https:\/\/schema.org","@graph":[{"@type":"WebPage","@id":"https:\/\/petalwhim.com\/p\/luminous-deep-pink-eternal-rose\/","url":"https:\/\/petalwhim.com\/p\/luminous-deep-pink-eternal-rose\/","name":"Vil\u00e1g\u00edt\u00f3 \u00d6r\u00f6k R\u00f3zsa M\u00e9ly R\u00f3zsa | Magyarorsz\u00e1g Vir\u00e1g\u00fczlet\u00e1g | Magyarorsz\u00e1g Vir\u00e1g\u00fczlet","isPartOf":{"@id":"https:\/\/petalwhim.com\/#website"},"primaryImageOfPage":{"@id":"https:\/\/petalwhim.com\/p\/luminous-deep-pink-eternal-rose\/#primaryimage"},"image":{"@id":"https:\/\/petalwhim.com\/p\/luminous-deep-pink-eternal-rose\/#primaryimage"},"thumbnailUrl":"https:\/\/petalwhim.com\/wp-content\/uploads\/2024\/04\/product-image-1562975882.jpg","datePublished":"2024-04-19T04:58:13+00:00","dateModified":"2025-07-25T05:16:04+00:00","description":"\u00dcnnepelje az \u00f6r\u00f6k szerelmet a mi Luminous Eternal Rose Deep Rose .\ud83c\udf39Szimboliz\u00e1lja a v\u00e9gtelen szeretetet. V\u00e1s\u00e1roljon most \u00e9s kap egy ingyenes...","breadcrumb":{"@id":"https:\/\/petalwhim.com\/p\/luminous-deep-pink-eternal-rose\/#breadcrumb"},"inLanguage":"hu","potentialAction":[{"@type":"ReadAction","target":["https:\/\/petalwhim.com\/p\/luminous-deep-pink-eternal-rose\/"]}]},{"@type":"ImageObject","inLanguage":"hu","@id":"https:\/\/petalwhim.com\/p\/luminous-deep-pink-eternal-rose\/#primaryimage","url":"https:\/\/petalwhim.com\/wp-content\/uploads\/2024\/04\/product-image-1562975882.jpg","contentUrl":"https:\/\/petalwhim.com\/wp-content\/uploads\/2024\/04\/product-image-1562975882.jpg","width":640,"height":640,"caption":"Luminous Eternal Rose Deep Rose"},{"@type":"BreadcrumbList","@id":"https:\/\/petalwhim.com\/p\/luminous-deep-pink-eternal-rose\/#breadcrumb","itemListElement":[{"@type":"ListItem","position":1,"name":"Home","item":"https:\/\/petalwhim.com\/"},{"@type":"ListItem","position":2,"name":"Shop","item":"https:\/\/petalwhim.com\/shop\/"},{"@type":"ListItem","position":3,"name":"Luminous Eternal Rose Deep Rose"}]},{"@type":"WebSite","@id":"https:\/\/petalwhim.com\/#website","url":"https:\/\/petalwhim.com\/","name":"Szirom szesz\u00e9ly\u2122","description":"R\u00f3zsa \u00fcvegben","publisher":{"@id":"https:\/\/petalwhim.com\/#organization"},"potentialAction":[{"@type":"SearchAction","target":{"@type":"EntryPoint","urlTemplate":"https:\/\/petalwhim.com\/?s={search_term_string}"},"query-input":{"@type":"PropertyValueSpecification","valueRequired":true,"valueName":"search_term_string"}}],"inLanguage":"hu"},{"@type":"Organization","@id":"https:\/\/petalwhim.com\/#organization","name":"Szirom szesz\u00e9ly","alternateName":"Rose in Glass","url":"https:\/\/petalwhim.com\/","logo":{"@type":"ImageObject","inLanguage":"hu","@id":"https:\/\/petalwhim.com\/#\/schema\/logo\/image\/","url":"https:\/\/petalwhim.com\/wp-content\/uploads\/2024\/05\/cropped-Petal-Whim-Favicon.png","contentUrl":"https:\/\/petalwhim.com\/wp-content\/uploads\/2024\/05\/cropped-Petal-Whim-Favicon.png","width":512,"height":512,"caption":"Petal Whim"},"image":{"@id":"https:\/\/petalwhim.com\/#\/schema\/logo\/image\/"}}]}},"_links":{"self":[{"href":"https:\/\/petalwhim.com\/hu\/wp-json\/wp\/v2\/product\/135","targetHints":{"allow":["GET"]}}],"collection":[{"href":"https:\/\/petalwhim.com\/hu\/wp-json\/wp\/v2\/product"}],"about":[{"href":"https:\/\/petalwhim.com\/hu\/wp-json\/wp\/v2\/types\/product"}],"wp:featuredmedia":[{"embeddable":true,"href":"https:\/\/petalwhim.com\/hu\/wp-json\/wp\/v2\/media\/134"}],"wp:attachment":[{"href":"https:\/\/petalwhim.com\/hu\/wp-json\/wp\/v2\/media?parent=135"}],"wp:term":[{"taxonomy":"product_brand","embeddable":true,"href":"https:\/\/petalwhim.com\/hu\/wp-json\/wp\/v2\/product_brand?post=135"},{"taxonomy":"product_cat","embeddable":true,"href":"https:\/\/petalwhim.com\/hu\/wp-json\/wp\/v2\/product_cat?post=135"},{"taxonomy":"product_tag","embeddable":true,"href":"https:\/\/petalwhim.com\/hu\/wp-json\/wp\/v2\/product_tag?post=135"}],"curies":[{"name":"wp","href":"https:\/\/api.w.org\/{rel}","templated":true}]}}