{"id":105,"date":"2024-04-19T04:57:34","date_gmt":"2024-04-19T04:57:34","guid":{"rendered":"https:\/\/petalwhim.com\/p\/yellow-eternal-rose\/"},"modified":"2025-07-25T05:16:05","modified_gmt":"2025-07-25T05:16:05","slug":"sarga-orok-rozsa","status":"publish","type":"product","link":"https:\/\/petalwhim.com\/hu\/p\/sarga-orok-rozsa\/","title":{"rendered":"<span>\u00d6r\u00f6k r\u00f3zsa <\/span><span class=\"product-title-custom\">S\u00e1rga<\/span>"},"content":{"rendered":"<h2>Egy s\u00e1rga \u00f6r\u00f6k r\u00f3zsa: Eredetis\u00e9g!<\/h2><p><br>E gy\u00f6ny\u00f6r\u0171 harang alatt egy <strong>s\u00e1rga \u00f6r\u00f6k r\u00f3zsa<\/strong> valamint a Smalls feh\u00e9r \u00e9s z\u00f6ld vir\u00e1gok. A harang alapja m\u00e9lyfekete sz\u00edn\u0171, a harang tetej\u00e9n pedig egy sz\u00edv tal\u00e1lhat\u00f3. A sz\u00edv als\u00f3 r\u00e9sz\u00e9n egy masni is tal\u00e1lhat\u00f3, a Just For You felirattal.<br><br>Mivel a s\u00e1rga a nap sz\u00edne, ez a s\u00e1rga r\u00f3zsa ez\u00e9rt azt id\u00e9zi fel <strong>melegs\u00e9g<\/strong>, a f\u00e9ny \u00e9s a ragyog\u00e1s.<br><br>Amikor ezt a r\u00f3zs\u00e1t adod a kedvesednek, t\u00f6bbet adsz neki, mint egy r\u00f3zs\u00e1t. Felaj\u00e1nlod neki a szereteted meleg\u00e9t, valamint a szabads\u00e1got, hogy legyen <strong>sug\u00e1rz\u00f3<\/strong>.<br><br><br><\/p>","protected":false},"excerpt":{"rendered":"A yellow eternal rose: Originality!Under this beautiful bell is a yellow eternal rose as well as Smalls white and green flowers. The base of the bell is a deep black and the bell has a heart on the top. There&#8217;s also a bow on the lower part of the heart with the inscription Just For [&#8230;]","protected":false},"featured_media":104,"template":"","meta":[],"product_brand":[],"product_cat":[15,36,35,20],"product_tag":[34],"class_list":{"0":"post-105","1":"product","2":"type-product","3":"status-publish","4":"has-post-thumbnail","6":"product_cat-all-products","7":"product_cat-best-sellers","8":"product_cat-small-forever-rose","9":"product_cat-white-forever-rose","10":"product_tag-small-rose-in-glass","12":"first","13":"instock","14":"shipping-taxable","15":"purchasable","16":"product-type-simple"},"yoast_head":"<!-- This site is optimized with the Yoast SEO plugin v25.9 - https:\/\/yoast.com\/wordpress\/plugins\/seo\/ -->\n<title>Eternal Rose Yellow | Magyarorsz\u00e1g Florist<\/title>\n<meta name=\"description\" content=\"Celebrate everlasting love with our Eternal Rose Yellow .\ud83c\udf39Symbolize your endless affection. Shop now and get a free...\" \/>\n<meta name=\"robots\" content=\"index, follow, max-snippet:-1, max-image-preview:large, max-video-preview:-1\" \/>\n<link rel=\"canonical\" href=\"https:\/\/petalwhim.com\/hu\/p\/sarga-orok-rozsa\/\" \/>\n<meta property=\"og:locale\" content=\"hu_HU\" \/>\n<meta property=\"og:type\" content=\"article\" \/>\n<meta property=\"og:title\" content=\"Eternal Rose Yellow | Magyarorsz\u00e1g Florist\" \/>\n<meta property=\"og:description\" content=\"Celebrate everlasting love with our Eternal Rose Yellow .\ud83c\udf39Symbolize your endless affection. Shop now and get a free...\" \/>\n<meta property=\"og:url\" content=\"https:\/\/petalwhim.com\/hu\/p\/sarga-orok-rozsa\/\" \/>\n<meta property=\"og:site_name\" content=\"Petal Whim\u2122\" \/>\n<meta property=\"article:modified_time\" content=\"2025-07-25T05:16:05+00:00\" \/>\n<meta property=\"og:image\" content=\"https:\/\/petalwhim.com\/wp-content\/uploads\/2024\/04\/product-image-1594224951.jpg\" \/>\n\t<meta property=\"og:image:width\" content=\"640\" \/>\n\t<meta property=\"og:image:height\" content=\"640\" \/>\n\t<meta property=\"og:image:type\" content=\"image\/jpeg\" \/>\n<meta name=\"twitter:card\" content=\"summary_large_image\" \/>\n<meta name=\"twitter:label1\" content=\"Becs\u00fclt olvas\u00e1si id\u0151\" \/>\n\t<meta name=\"twitter:data1\" content=\"1 perc\" \/>\n<script type=\"application\/ld+json\" class=\"yoast-schema-graph\">{\"@context\":\"https:\/\/schema.org\",\"@graph\":[{\"@type\":\"WebPage\",\"@id\":\"https:\/\/petalwhim.com\/p\/yellow-eternal-rose\/\",\"url\":\"https:\/\/petalwhim.com\/p\/yellow-eternal-rose\/\",\"name\":\"Eternal Rose Yellow | Magyarorsz\u00e1g Florist\",\"isPartOf\":{\"@id\":\"https:\/\/petalwhim.com\/#website\"},\"primaryImageOfPage\":{\"@id\":\"https:\/\/petalwhim.com\/p\/yellow-eternal-rose\/#primaryimage\"},\"image\":{\"@id\":\"https:\/\/petalwhim.com\/p\/yellow-eternal-rose\/#primaryimage\"},\"thumbnailUrl\":\"https:\/\/petalwhim.com\/wp-content\/uploads\/2024\/04\/product-image-1594224951.jpg\",\"datePublished\":\"2024-04-19T04:57:34+00:00\",\"dateModified\":\"2025-07-25T05:16:05+00:00\",\"description\":\"Celebrate everlasting love with our Eternal Rose Yellow .\ud83c\udf39Symbolize your endless affection. Shop now and get a free...\",\"breadcrumb\":{\"@id\":\"https:\/\/petalwhim.com\/p\/yellow-eternal-rose\/#breadcrumb\"},\"inLanguage\":\"hu\",\"potentialAction\":[{\"@type\":\"ReadAction\",\"target\":[\"https:\/\/petalwhim.com\/p\/yellow-eternal-rose\/\"]}]},{\"@type\":\"ImageObject\",\"inLanguage\":\"hu\",\"@id\":\"https:\/\/petalwhim.com\/p\/yellow-eternal-rose\/#primaryimage\",\"url\":\"https:\/\/petalwhim.com\/wp-content\/uploads\/2024\/04\/product-image-1594224951.jpg\",\"contentUrl\":\"https:\/\/petalwhim.com\/wp-content\/uploads\/2024\/04\/product-image-1594224951.jpg\",\"width\":640,\"height\":640,\"caption\":\"Eternal Rose Yellow\"},{\"@type\":\"BreadcrumbList\",\"@id\":\"https:\/\/petalwhim.com\/p\/yellow-eternal-rose\/#breadcrumb\",\"itemListElement\":[{\"@type\":\"ListItem\",\"position\":1,\"name\":\"Home\",\"item\":\"https:\/\/petalwhim.com\/\"},{\"@type\":\"ListItem\",\"position\":2,\"name\":\"Shop\",\"item\":\"https:\/\/petalwhim.com\/shop\/\"},{\"@type\":\"ListItem\",\"position\":3,\"name\":\"Eternal Rose Yellow\"}]},{\"@type\":\"WebSite\",\"@id\":\"https:\/\/petalwhim.com\/#website\",\"url\":\"https:\/\/petalwhim.com\/\",\"name\":\"Petal Whim\u2122\",\"description\":\"Rose in Glass\",\"publisher\":{\"@id\":\"https:\/\/petalwhim.com\/#organization\"},\"potentialAction\":[{\"@type\":\"SearchAction\",\"target\":{\"@type\":\"EntryPoint\",\"urlTemplate\":\"https:\/\/petalwhim.com\/?s={search_term_string}\"},\"query-input\":{\"@type\":\"PropertyValueSpecification\",\"valueRequired\":true,\"valueName\":\"search_term_string\"}}],\"inLanguage\":\"hu\"},{\"@type\":\"Organization\",\"@id\":\"https:\/\/petalwhim.com\/#organization\",\"name\":\"Petal Whim\",\"alternateName\":\"Rose in Glass\",\"url\":\"https:\/\/petalwhim.com\/\",\"logo\":{\"@type\":\"ImageObject\",\"inLanguage\":\"hu\",\"@id\":\"https:\/\/petalwhim.com\/#\/schema\/logo\/image\/\",\"url\":\"https:\/\/petalwhim.com\/wp-content\/uploads\/2024\/05\/cropped-Petal-Whim-Favicon.png\",\"contentUrl\":\"https:\/\/petalwhim.com\/wp-content\/uploads\/2024\/05\/cropped-Petal-Whim-Favicon.png\",\"width\":512,\"height\":512,\"caption\":\"Petal Whim\"},\"image\":{\"@id\":\"https:\/\/petalwhim.com\/#\/schema\/logo\/image\/\"}}]}<\/script>\n<!-- \/ Yoast SEO plugin. -->","yoast_head_json":{"title":"\u00d6r\u00f6k R\u00f3zsa S\u00e1rga | Magyarorsz\u00e1g Vir\u00e1g\u00fczlet","description":"\u00dcnnepeld az \u00f6r\u00f6kk\u00e9 tart\u00f3 szerelmet az \u00d6r\u00f6k R\u00f3zsa S\u00e1rga .\ud83c\udf39Szimboliz\u00e1lja v\u00e9gtelen szeretetedet. V\u00e1s\u00e1roljon most \u00e9s kap egy ingyenes...","robots":{"index":"index","follow":"follow","max-snippet":"max-snippet:-1","max-image-preview":"max-image-preview:large","max-video-preview":"max-video-preview:-1"},"canonical":"https:\/\/petalwhim.com\/hu\/p\/sarga-orok-rozsa\/","og_locale":"hu_HU","og_type":"article","og_title":"Eternal Rose Yellow | Magyarorsz\u00e1g Florist","og_description":"Celebrate everlasting love with our Eternal Rose Yellow .\ud83c\udf39Symbolize your endless affection. Shop now and get a free...","og_url":"https:\/\/petalwhim.com\/hu\/p\/sarga-orok-rozsa\/","og_site_name":"Petal Whim\u2122","article_modified_time":"2025-07-25T05:16:05+00:00","og_image":[{"width":640,"height":640,"url":"https:\/\/petalwhim.com\/wp-content\/uploads\/2024\/04\/product-image-1594224951.jpg","type":"image\/jpeg"}],"twitter_card":"summary_large_image","twitter_misc":{"Becs\u00fclt olvas\u00e1si id\u0151":"1 perc"},"schema":{"@context":"https:\/\/schema.org","@graph":[{"@type":"WebPage","@id":"https:\/\/petalwhim.com\/p\/yellow-eternal-rose\/","url":"https:\/\/petalwhim.com\/p\/yellow-eternal-rose\/","name":"\u00d6r\u00f6k R\u00f3zsa S\u00e1rga | Magyarorsz\u00e1g Vir\u00e1g\u00fczlet","isPartOf":{"@id":"https:\/\/petalwhim.com\/#website"},"primaryImageOfPage":{"@id":"https:\/\/petalwhim.com\/p\/yellow-eternal-rose\/#primaryimage"},"image":{"@id":"https:\/\/petalwhim.com\/p\/yellow-eternal-rose\/#primaryimage"},"thumbnailUrl":"https:\/\/petalwhim.com\/wp-content\/uploads\/2024\/04\/product-image-1594224951.jpg","datePublished":"2024-04-19T04:57:34+00:00","dateModified":"2025-07-25T05:16:05+00:00","description":"\u00dcnnepeld az \u00f6r\u00f6kk\u00e9 tart\u00f3 szerelmet az \u00d6r\u00f6k R\u00f3zsa S\u00e1rga .\ud83c\udf39Szimboliz\u00e1lja v\u00e9gtelen szeretetedet. V\u00e1s\u00e1roljon most \u00e9s kap egy ingyenes...","breadcrumb":{"@id":"https:\/\/petalwhim.com\/p\/yellow-eternal-rose\/#breadcrumb"},"inLanguage":"hu","potentialAction":[{"@type":"ReadAction","target":["https:\/\/petalwhim.com\/p\/yellow-eternal-rose\/"]}]},{"@type":"ImageObject","inLanguage":"hu","@id":"https:\/\/petalwhim.com\/p\/yellow-eternal-rose\/#primaryimage","url":"https:\/\/petalwhim.com\/wp-content\/uploads\/2024\/04\/product-image-1594224951.jpg","contentUrl":"https:\/\/petalwhim.com\/wp-content\/uploads\/2024\/04\/product-image-1594224951.jpg","width":640,"height":640,"caption":"Eternal Rose Yellow"},{"@type":"BreadcrumbList","@id":"https:\/\/petalwhim.com\/p\/yellow-eternal-rose\/#breadcrumb","itemListElement":[{"@type":"ListItem","position":1,"name":"Home","item":"https:\/\/petalwhim.com\/"},{"@type":"ListItem","position":2,"name":"Shop","item":"https:\/\/petalwhim.com\/shop\/"},{"@type":"ListItem","position":3,"name":"Eternal Rose Yellow"}]},{"@type":"WebSite","@id":"https:\/\/petalwhim.com\/#website","url":"https:\/\/petalwhim.com\/","name":"Szirom szesz\u00e9ly\u2122","description":"R\u00f3zsa \u00fcvegben","publisher":{"@id":"https:\/\/petalwhim.com\/#organization"},"potentialAction":[{"@type":"SearchAction","target":{"@type":"EntryPoint","urlTemplate":"https:\/\/petalwhim.com\/?s={search_term_string}"},"query-input":{"@type":"PropertyValueSpecification","valueRequired":true,"valueName":"search_term_string"}}],"inLanguage":"hu"},{"@type":"Organization","@id":"https:\/\/petalwhim.com\/#organization","name":"Szirom szesz\u00e9ly","alternateName":"Rose in Glass","url":"https:\/\/petalwhim.com\/","logo":{"@type":"ImageObject","inLanguage":"hu","@id":"https:\/\/petalwhim.com\/#\/schema\/logo\/image\/","url":"https:\/\/petalwhim.com\/wp-content\/uploads\/2024\/05\/cropped-Petal-Whim-Favicon.png","contentUrl":"https:\/\/petalwhim.com\/wp-content\/uploads\/2024\/05\/cropped-Petal-Whim-Favicon.png","width":512,"height":512,"caption":"Petal Whim"},"image":{"@id":"https:\/\/petalwhim.com\/#\/schema\/logo\/image\/"}}]}},"_links":{"self":[{"href":"https:\/\/petalwhim.com\/hu\/wp-json\/wp\/v2\/product\/105","targetHints":{"allow":["GET"]}}],"collection":[{"href":"https:\/\/petalwhim.com\/hu\/wp-json\/wp\/v2\/product"}],"about":[{"href":"https:\/\/petalwhim.com\/hu\/wp-json\/wp\/v2\/types\/product"}],"wp:featuredmedia":[{"embeddable":true,"href":"https:\/\/petalwhim.com\/hu\/wp-json\/wp\/v2\/media\/104"}],"wp:attachment":[{"href":"https:\/\/petalwhim.com\/hu\/wp-json\/wp\/v2\/media?parent=105"}],"wp:term":[{"taxonomy":"product_brand","embeddable":true,"href":"https:\/\/petalwhim.com\/hu\/wp-json\/wp\/v2\/product_brand?post=105"},{"taxonomy":"product_cat","embeddable":true,"href":"https:\/\/petalwhim.com\/hu\/wp-json\/wp\/v2\/product_cat?post=105"},{"taxonomy":"product_tag","embeddable":true,"href":"https:\/\/petalwhim.com\/hu\/wp-json\/wp\/v2\/product_tag?post=105"}],"curies":[{"name":"wp","href":"https:\/\/api.w.org\/{rel}","templated":true}]}}