{"id":24,"date":"2024-04-10T02:26:26","date_gmt":"2024-04-10T02:26:26","guid":{"rendered":"https:\/\/roseinglass.kinsta.cloud\/?page_id=24"},"modified":"2024-06-06T01:04:53","modified_gmt":"2024-06-06T01:04:53","slug":"visszateritesi-es-visszakuldesi-politika","status":"publish","type":"page","link":"https:\/\/petalwhim.com\/hu\/visszateritesi-es-visszakuldesi-politika\/","title":{"rendered":"Visszat\u00e9r\u00edt\u00e9si \u00e9s visszat\u00e9r\u00edt\u00e9si politika"},"content":{"rendered":"<h2>Szeretn\u00e9k <strong>return<\/strong> vagy <strong>csere*<\/strong> egy olyan t\u00e1rgy, amely nem illik hozz\u00e1m.<\/h2>\r\n<strong>1. l\u00e9p\u00e9s:<\/strong> Ha szeretne <strong>return<\/strong> vagy <strong>csere<\/strong> a term\u00e9ket (m\u00e1s m\u00e9ret vagy sz\u00edn kiv\u00e1laszt\u00e1s\u00e1hoz), k\u00e9rj\u00fck, gy\u0151z\u0151dj\u00f6n meg r\u00f3la, hogy megfelel a k\u00f6vetkez\u0151 felt\u00e9teleknek:\r\n<ul>\r\n \t<li>A csomag \u00e1tv\u00e9tel\u00e9t k\u00f6vet\u0151en 30 nap \u00e1ll rendelkez\u00e9s\u00e9re, hogy visszak\u00fcldje nek\u00fcnk.<\/li>\r\n \t<li>A c\u00edmk\u00e9ket ugyan\u00fagy kell a term\u00e9kre ragasztani, ahogyan azt megkapta.<\/li>\r\n \t<li>A term\u00e9knek eredeti csomagol\u00e1s\u00e1ban kell lennie.<\/li>\r\n<\/ul>\r\n<strong>2. l\u00e9p\u00e9s:<\/strong> Vegye fel vel\u00fcnk a kapcsolatot a contact@petalwhim.com e-mail c\u00edmen vagy k\u00f6zvetlen\u00fcl a kapcsolatfelv\u00e9telen kereszt\u00fcl.\r\n\r\nGy\u0151z\u0151dj\u00f6n meg r\u00f3la, hogy az al\u00e1bbi adatok szerepelnek az e-mailben: az \u00d6n neve\u00a0<strong>rendel\u00e9si sz\u00e1m<\/strong>, <strong>a visszak\u00fcld\u00f6tt t\u00e9telek neve<\/strong>, valamint <strong>mit szeretne kapni a visszat\u00e9r\u00e9sb\u0151l<\/strong> (visszat\u00e9r\u00edt\u00e9s, utalv\u00e1ny vagy csere m\u00e1sik m\u00e9retre\/sz\u00ednre).\r\n\r\n<strong>3. l\u00e9p\u00e9s:<\/strong>\u00a048 \u00f3r\u00e1n bel\u00fcl v\u00e1laszolunk \u00d6nnek, \u00e9s megadjuk a postai c\u00edmet, ahov\u00e1 az \u00e1rut visszak\u00fcldheti.\r\n\r\nT\u00e1j\u00e9koztatjuk, hogy\u00a0<strong>a visszak\u00fcld\u00e9s k\u00f6lts\u00e9gei az \u00d6n k\u00f6lts\u00e9g\u00e9re maradnak<\/strong>.\r\n\r\n<em>A term\u00e9keket eredeti \u00e1llapotukban kell visszak\u00fcldeni. A mosott vagy viselt (c\u00edmke n\u00e9lk\u00fcli) term\u00e9kek nem k\u00fcldhet\u0151k vissza, illetve nem t\u00e9r\u00edthet\u0151k vissza.<\/em>\r\n\r\n<strong>4. l\u00e9p\u00e9s<\/strong>: Er\u0151s\u00edtse meg nek\u00fcnk e-mailben, hogy a term\u00e9ket elk\u00fcldt\u00e9k, \u00e9s adja meg nek\u00fcnk az al\u00e1bbi adatokat\u00a0<strong>a csomag sz\u00e1ll\u00edt\u00e1si sz\u00e1ma<\/strong>.\r\n\r\nEz lehet\u0151v\u00e9 teszi sz\u00e1munkra, hogy kifizetj\u00fck az esetlegesen felmer\u00fcl\u0151 v\u00e1mk\u00f6lts\u00e9geket.\u00a0<strong>Ha nem rendelkez\u00fcnk ezzel az inform\u00e1ci\u00f3val, nem tudjuk kifizetni a v\u00e1md\u00edjat, \u00e9s a csomag automatikusan visszaker\u00fcl \u00d6nh\u00f6z.<\/strong>.\r\n\r\n<strong>5. l\u00e9p\u00e9s:<\/strong> Amint megkapjuk a t\u00e9teleket, azokat megvizsg\u00e1ljuk, \u00e9s az \u00d6n k\u00e9r\u00e9s\u00e9nek megfelel\u0151en:\r\n<ul>\r\n \t<li>A t\u00e9telek visszat\u00e9r\u00edt\u00e9se: kap egy e-mailt, hogy meger\u0151s\u00edtse a rendel\u00e9s visszat\u00e9r\u00edt\u00e9s\u00e9t. A visszat\u00e9r\u00edt\u00e9s \u00e1ltal\u00e1ban 5 munkanapon bel\u00fcl \u00e9rkezik<\/li>\r\n \t<li>Cser\u00e9lje ki t\u00e1rgyait: \u00d6n kap egy e-mailt, amelyben meger\u0151s\u00edti a cser\u00e9t, valamint egy \u00faj rendel\u00e9si sz\u00e1mot.<\/li>\r\n<\/ul>\r\nA Petal Whim\u2122 fenntartja a jogot, hogy visszautas\u00edtsa a k\u00e9sedelmes visszak\u00fcld\u00e9s ut\u00e1n k\u00fcld\u00f6tt vagy k\u00f6z\u00f6lt visszak\u00fcld\u00e9seket, illetve azokat a cikkeket, amelyek nem ugyanolyan \u00e1llapotban vannak, mint amikor \u00e1tvett\u00e9k \u0151ket. Amint a visszak\u00fcld\u00e9st j\u00f3v\u00e1hagyt\u00e1k, a visszat\u00e9r\u00edt\u00e9st a <strong>ugyanaz a fizet\u00e9si m\u00f3d, amellyel a v\u00e1s\u00e1rl\u00e1s t\u00f6rt\u00e9nt<\/strong>. A visszat\u00e9r\u00edt\u00e9s maxim\u00e1lis k\u00e9sedelme 10 nap. K\u00e9rj\u00fck, vegye figyelembe, hogy a visszat\u00e9r\u00edt\u00e9s k\u00e9sedelme az \u00d6n banksz\u00e1ml\u00e1j\u00e1n mindig az \u00d6n bankj\u00e1t\u00f3l f\u00fcgg.","protected":false},"excerpt":{"rendered":"Vissza szeretn\u00e9m k\u00fcldeni vagy kicser\u00e9lni* a sz\u00e1momra nem megfelel\u0151 term\u00e9ket. 1. l\u00e9p\u00e9s: Ha szeretn\u00e9 visszak\u00fcldeni vagy kicser\u00e9lni a term\u00e9ket (m\u00e1s m\u00e9ret vagy sz\u00edn v\u00e1s\u00e1rl\u00e1s\u00e1ra), k\u00e9rj\u00fck, gy\u0151z\u0151dj\u00f6n meg r\u00f3la, hogy megfelel az al\u00e1bbi felt\u00e9teleknek: A csomag \u00e1tv\u00e9tel\u00e9t\u0151l sz\u00e1m\u00edtott 30 nap \u00e1ll rendelkez\u00e9s\u00e9re a visszak\u00fcld\u00e9sre [...]","protected":false},"author":1,"featured_media":0,"parent":0,"menu_order":0,"comment_status":"closed","ping_status":"closed","template":"page-blank-title-center.php","meta":{"footnotes":""},"class_list":["post-24","page","type-page","status-publish","hentry"],"yoast_head":"<!-- This site is optimized with the Yoast SEO plugin v25.9 - https:\/\/yoast.com\/wordpress\/plugins\/seo\/ -->\n<title>Refund and Returns Policy - Petal Whim\u2122<\/title>\n<meta name=\"robots\" content=\"noindex, follow\" \/>\n<meta property=\"og:locale\" content=\"hu_HU\" \/>\n<meta property=\"og:type\" content=\"article\" \/>\n<meta property=\"og:title\" content=\"Refund and Returns Policy - Petal Whim\u2122\" \/>\n<meta property=\"og:description\" content=\"I would like to return or exchange* an item that does not suit me. Step 1: If you would like to return or exchange your item (to get a different size or color), please make sure that you meet the following conditions: You have 30 days following the reception of your package to return it [...]\" \/>\n<meta property=\"og:url\" content=\"https:\/\/petalwhim.com\/hu\/visszateritesi-es-visszakuldesi-politika\/\" \/>\n<meta property=\"og:site_name\" content=\"Petal Whim\u2122\" \/>\n<meta property=\"article:modified_time\" content=\"2024-06-06T01:04:53+00:00\" \/>\n<meta property=\"og:image\" content=\"https:\/\/petalwhim.com\/wp-content\/uploads\/2024\/05\/cropped-Petal-Whim-Favicon.png\" \/>\n\t<meta property=\"og:image:width\" content=\"512\" \/>\n\t<meta property=\"og:image:height\" content=\"512\" \/>\n\t<meta property=\"og:image:type\" content=\"image\/png\" \/>\n<meta name=\"twitter:card\" content=\"summary_large_image\" \/>\n<meta name=\"twitter:label1\" content=\"Becs\u00fclt olvas\u00e1si id\u0151\" \/>\n\t<meta name=\"twitter:data1\" content=\"2 perc\" \/>\n<script type=\"application\/ld+json\" class=\"yoast-schema-graph\">{\"@context\":\"https:\/\/schema.org\",\"@graph\":[{\"@type\":\"WebPage\",\"@id\":\"https:\/\/petalwhim.com\/refund-and-returns-policy\/\",\"url\":\"https:\/\/petalwhim.com\/refund-and-returns-policy\/\",\"name\":\"Refund and Returns Policy - Petal Whim\u2122\",\"isPartOf\":{\"@id\":\"https:\/\/petalwhim.com\/#website\"},\"datePublished\":\"2024-04-10T02:26:26+00:00\",\"dateModified\":\"2024-06-06T01:04:53+00:00\",\"breadcrumb\":{\"@id\":\"https:\/\/petalwhim.com\/refund-and-returns-policy\/#breadcrumb\"},\"inLanguage\":\"hu\",\"potentialAction\":[{\"@type\":\"ReadAction\",\"target\":[\"https:\/\/petalwhim.com\/refund-and-returns-policy\/\"]}]},{\"@type\":\"BreadcrumbList\",\"@id\":\"https:\/\/petalwhim.com\/refund-and-returns-policy\/#breadcrumb\",\"itemListElement\":[{\"@type\":\"ListItem\",\"position\":1,\"name\":\"Home\",\"item\":\"https:\/\/petalwhim.com\/\"},{\"@type\":\"ListItem\",\"position\":2,\"name\":\"Refund and Returns Policy\"}]},{\"@type\":\"WebSite\",\"@id\":\"https:\/\/petalwhim.com\/#website\",\"url\":\"https:\/\/petalwhim.com\/\",\"name\":\"Petal Whim\u2122\",\"description\":\"Rose in Glass\",\"publisher\":{\"@id\":\"https:\/\/petalwhim.com\/#organization\"},\"potentialAction\":[{\"@type\":\"SearchAction\",\"target\":{\"@type\":\"EntryPoint\",\"urlTemplate\":\"https:\/\/petalwhim.com\/?s={search_term_string}\"},\"query-input\":{\"@type\":\"PropertyValueSpecification\",\"valueRequired\":true,\"valueName\":\"search_term_string\"}}],\"inLanguage\":\"hu\"},{\"@type\":\"Organization\",\"@id\":\"https:\/\/petalwhim.com\/#organization\",\"name\":\"Petal Whim\",\"alternateName\":\"Rose in Glass\",\"url\":\"https:\/\/petalwhim.com\/\",\"logo\":{\"@type\":\"ImageObject\",\"inLanguage\":\"hu\",\"@id\":\"https:\/\/petalwhim.com\/#\/schema\/logo\/image\/\",\"url\":\"https:\/\/petalwhim.com\/wp-content\/uploads\/2024\/05\/cropped-Petal-Whim-Favicon.png\",\"contentUrl\":\"https:\/\/petalwhim.com\/wp-content\/uploads\/2024\/05\/cropped-Petal-Whim-Favicon.png\",\"width\":512,\"height\":512,\"caption\":\"Petal Whim\"},\"image\":{\"@id\":\"https:\/\/petalwhim.com\/#\/schema\/logo\/image\/\"}}]}<\/script>\n<!-- \/ Yoast SEO plugin. -->","yoast_head_json":{"title":"Visszat\u00e9r\u00edt\u00e9si \u00e9s visszat\u00e9r\u00edt\u00e9si szab\u00e1lyzat - Petal Whim\u2122","robots":{"index":"noindex","follow":"follow"},"og_locale":"hu_HU","og_type":"article","og_title":"Refund and Returns Policy - Petal Whim\u2122","og_description":"I would like to return or exchange* an item that does not suit me. Step 1: If you would like to return or exchange your item (to get a different size or color), please make sure that you meet the following conditions: You have 30 days following the reception of your package to return it [...]","og_url":"https:\/\/petalwhim.com\/hu\/visszateritesi-es-visszakuldesi-politika\/","og_site_name":"Petal Whim\u2122","article_modified_time":"2024-06-06T01:04:53+00:00","og_image":[{"width":512,"height":512,"url":"https:\/\/petalwhim.com\/wp-content\/uploads\/2024\/05\/cropped-Petal-Whim-Favicon.png","type":"image\/png"}],"twitter_card":"summary_large_image","twitter_misc":{"Becs\u00fclt olvas\u00e1si id\u0151":"2 perc"},"schema":{"@context":"https:\/\/schema.org","@graph":[{"@type":"WebPage","@id":"https:\/\/petalwhim.com\/refund-and-returns-policy\/","url":"https:\/\/petalwhim.com\/refund-and-returns-policy\/","name":"Visszat\u00e9r\u00edt\u00e9si \u00e9s visszat\u00e9r\u00edt\u00e9si szab\u00e1lyzat - Petal Whim\u2122","isPartOf":{"@id":"https:\/\/petalwhim.com\/#website"},"datePublished":"2024-04-10T02:26:26+00:00","dateModified":"2024-06-06T01:04:53+00:00","breadcrumb":{"@id":"https:\/\/petalwhim.com\/refund-and-returns-policy\/#breadcrumb"},"inLanguage":"hu","potentialAction":[{"@type":"ReadAction","target":["https:\/\/petalwhim.com\/refund-and-returns-policy\/"]}]},{"@type":"BreadcrumbList","@id":"https:\/\/petalwhim.com\/refund-and-returns-policy\/#breadcrumb","itemListElement":[{"@type":"ListItem","position":1,"name":"Home","item":"https:\/\/petalwhim.com\/"},{"@type":"ListItem","position":2,"name":"Refund and Returns Policy"}]},{"@type":"WebSite","@id":"https:\/\/petalwhim.com\/#website","url":"https:\/\/petalwhim.com\/","name":"Szirom szesz\u00e9ly\u2122","description":"R\u00f3zsa \u00fcvegben","publisher":{"@id":"https:\/\/petalwhim.com\/#organization"},"potentialAction":[{"@type":"SearchAction","target":{"@type":"EntryPoint","urlTemplate":"https:\/\/petalwhim.com\/?s={search_term_string}"},"query-input":{"@type":"PropertyValueSpecification","valueRequired":true,"valueName":"search_term_string"}}],"inLanguage":"hu"},{"@type":"Organization","@id":"https:\/\/petalwhim.com\/#organization","name":"Szirom szesz\u00e9ly","alternateName":"Rose in Glass","url":"https:\/\/petalwhim.com\/","logo":{"@type":"ImageObject","inLanguage":"hu","@id":"https:\/\/petalwhim.com\/#\/schema\/logo\/image\/","url":"https:\/\/petalwhim.com\/wp-content\/uploads\/2024\/05\/cropped-Petal-Whim-Favicon.png","contentUrl":"https:\/\/petalwhim.com\/wp-content\/uploads\/2024\/05\/cropped-Petal-Whim-Favicon.png","width":512,"height":512,"caption":"Petal Whim"},"image":{"@id":"https:\/\/petalwhim.com\/#\/schema\/logo\/image\/"}}]}},"_links":{"self":[{"href":"https:\/\/petalwhim.com\/hu\/wp-json\/wp\/v2\/pages\/24","targetHints":{"allow":["GET"]}}],"collection":[{"href":"https:\/\/petalwhim.com\/hu\/wp-json\/wp\/v2\/pages"}],"about":[{"href":"https:\/\/petalwhim.com\/hu\/wp-json\/wp\/v2\/types\/page"}],"author":[{"embeddable":true,"href":"https:\/\/petalwhim.com\/hu\/wp-json\/wp\/v2\/users\/1"}],"replies":[{"embeddable":true,"href":"https:\/\/petalwhim.com\/hu\/wp-json\/wp\/v2\/comments?post=24"}],"version-history":[{"count":0,"href":"https:\/\/petalwhim.com\/hu\/wp-json\/wp\/v2\/pages\/24\/revisions"}],"wp:attachment":[{"href":"https:\/\/petalwhim.com\/hu\/wp-json\/wp\/v2\/media?parent=24"}],"curies":[{"name":"wp","href":"https:\/\/api.w.org\/{rel}","templated":true}]}}