{"id":353,"date":"2024-04-29T01:31:24","date_gmt":"2024-04-29T01:31:24","guid":{"rendered":"https:\/\/petalwhim.com\/p\/flower-bear-pink-petal\/"},"modified":"2025-07-25T05:16:00","modified_gmt":"2025-07-25T05:16:00","slug":"fleur-dours-rose-petale","status":"publish","type":"product","link":"https:\/\/petalwhim.com\/fr\/p\/fleur-dours-rose-petale\/","title":{"rendered":"<span>Ourson fleuri <\/span><span class=\"product-title-custom\">Pink Petal<\/span>"},"content":{"rendered":"<h2>L'ours en peluche rose : le cadeau original pour exprimer des sentiments profonds \u00e0 un \u00eatre cher<\/h2> <p><br \/>Ce magnifique ours en peluche est fabriqu\u00e9 en <strong>roses \u00e9ternelles synth\u00e9tiques<\/strong>. Symbole de tendresse et de c\u00e2lins, sa douceur vous r\u00e9confortera comme la peluche de votre enfance. <br \/><br \/>Par son originalit\u00e9 et son symbolisme, l'ours en peluche \u00e0 la rose touchera l'\u00e2me des enfants. <strong>c\u0153ur<\/strong> de la personne \u00e0 qui vous l'offrez. Ce cadeau convient \u00e0 un \u00eatre cher, un enfant ou un ami proche.<br \/><br \/>Sa couleur rose incarne le romantisme et la <strong>douceur<\/strong>. Selon le langage des fleurs, la rose rose a une signification particuli\u00e8re. En effet, elle v\u00e9hicule un message d'affection rempli de <strong>le bonheur<\/strong>.<\/p>","protected":false},"excerpt":{"rendered":"<ul> <li><strong>Teddy compos\u00e9<\/strong> de 550 roses \u00e9ternelles et d'un ruban de satin noir<\/li> <li>Taille de l'ours en peluche : 40 cm<\/li> <li>Fabriqu\u00e9 \u00e0 la main dans notre atelier<\/li> <\/ul>","protected":false},"featured_media":352,"template":"","meta":[],"product_brand":[],"product_cat":[15,32],"product_tag":[],"class_list":{"0":"post-353","1":"product","2":"type-product","3":"status-publish","4":"has-post-thumbnail","6":"product_cat-all-products","7":"product_cat-flower-bear","9":"first","10":"instock","11":"sale","12":"shipping-taxable","13":"purchasable","14":"product-type-simple"},"yoast_head":"<!-- This site is optimized with the Yoast SEO plugin v25.9 - https:\/\/yoast.com\/wordpress\/plugins\/seo\/ -->\n<title>Flower Bear Pink Petal | France Florist<\/title>\n<meta name=\"description\" content=\"Celebrate everlasting love with our Flower Bear Pink Petal .\ud83c\udf39Symbolize your endless affection. Shop now and get a free...\" \/>\n<meta name=\"robots\" content=\"index, follow, max-snippet:-1, max-image-preview:large, max-video-preview:-1\" \/>\n<link rel=\"canonical\" href=\"https:\/\/petalwhim.com\/fr\/p\/fleur-dours-rose-petale\/\" \/>\n<meta property=\"og:locale\" content=\"fr_FR\" \/>\n<meta property=\"og:type\" content=\"article\" \/>\n<meta property=\"og:title\" content=\"Flower Bear Pink Petal | France Florist\" \/>\n<meta property=\"og:description\" content=\"Celebrate everlasting love with our Flower Bear Pink Petal .\ud83c\udf39Symbolize your endless affection. Shop now and get a free...\" \/>\n<meta property=\"og:url\" content=\"https:\/\/petalwhim.com\/fr\/p\/fleur-dours-rose-petale\/\" \/>\n<meta property=\"og:site_name\" content=\"Petal Whim\u2122\" \/>\n<meta property=\"article:modified_time\" content=\"2025-07-25T05:16:00+00:00\" \/>\n<meta property=\"og:image\" content=\"https:\/\/petalwhim.com\/wp-content\/uploads\/2024\/04\/ours-de-rose_600x_2edf6b16-fc38-4f39-8e7d-81ad5cc161ad_2000x.jpg\" \/>\n\t<meta property=\"og:image:width\" content=\"600\" \/>\n\t<meta property=\"og:image:height\" content=\"600\" \/>\n\t<meta property=\"og:image:type\" content=\"image\/jpeg\" \/>\n<meta name=\"twitter:card\" content=\"summary_large_image\" \/>\n<meta name=\"twitter:label1\" content=\"Dur\u00e9e de lecture estim\u00e9e\" \/>\n\t<meta name=\"twitter:data1\" content=\"1 minute\" \/>\n<script type=\"application\/ld+json\" class=\"yoast-schema-graph\">{\"@context\":\"https:\/\/schema.org\",\"@graph\":[{\"@type\":\"WebPage\",\"@id\":\"https:\/\/petalwhim.com\/p\/flower-bear-pink-petal\/\",\"url\":\"https:\/\/petalwhim.com\/p\/flower-bear-pink-petal\/\",\"name\":\"Flower Bear Pink Petal | France Florist\",\"isPartOf\":{\"@id\":\"https:\/\/petalwhim.com\/#website\"},\"primaryImageOfPage\":{\"@id\":\"https:\/\/petalwhim.com\/p\/flower-bear-pink-petal\/#primaryimage\"},\"image\":{\"@id\":\"https:\/\/petalwhim.com\/p\/flower-bear-pink-petal\/#primaryimage\"},\"thumbnailUrl\":\"https:\/\/petalwhim.com\/wp-content\/uploads\/2024\/04\/ours-de-rose_600x_2edf6b16-fc38-4f39-8e7d-81ad5cc161ad_2000x.jpg\",\"datePublished\":\"2024-04-29T01:31:24+00:00\",\"dateModified\":\"2025-07-25T05:16:00+00:00\",\"description\":\"Celebrate everlasting love with our Flower Bear Pink Petal .\ud83c\udf39Symbolize your endless affection. Shop now and get a free...\",\"breadcrumb\":{\"@id\":\"https:\/\/petalwhim.com\/p\/flower-bear-pink-petal\/#breadcrumb\"},\"inLanguage\":\"fr-FR\",\"potentialAction\":[{\"@type\":\"ReadAction\",\"target\":[\"https:\/\/petalwhim.com\/p\/flower-bear-pink-petal\/\"]}]},{\"@type\":\"ImageObject\",\"inLanguage\":\"fr-FR\",\"@id\":\"https:\/\/petalwhim.com\/p\/flower-bear-pink-petal\/#primaryimage\",\"url\":\"https:\/\/petalwhim.com\/wp-content\/uploads\/2024\/04\/ours-de-rose_600x_2edf6b16-fc38-4f39-8e7d-81ad5cc161ad_2000x.jpg\",\"contentUrl\":\"https:\/\/petalwhim.com\/wp-content\/uploads\/2024\/04\/ours-de-rose_600x_2edf6b16-fc38-4f39-8e7d-81ad5cc161ad_2000x.jpg\",\"width\":600,\"height\":600,\"caption\":\"Flower Bear Pink Petal\"},{\"@type\":\"BreadcrumbList\",\"@id\":\"https:\/\/petalwhim.com\/p\/flower-bear-pink-petal\/#breadcrumb\",\"itemListElement\":[{\"@type\":\"ListItem\",\"position\":1,\"name\":\"Home\",\"item\":\"https:\/\/petalwhim.com\/\"},{\"@type\":\"ListItem\",\"position\":2,\"name\":\"Shop\",\"item\":\"https:\/\/petalwhim.com\/shop\/\"},{\"@type\":\"ListItem\",\"position\":3,\"name\":\"Flower Bear Pink Petal\"}]},{\"@type\":\"WebSite\",\"@id\":\"https:\/\/petalwhim.com\/#website\",\"url\":\"https:\/\/petalwhim.com\/\",\"name\":\"Petal Whim\u2122\",\"description\":\"Rose in Glass\",\"publisher\":{\"@id\":\"https:\/\/petalwhim.com\/#organization\"},\"potentialAction\":[{\"@type\":\"SearchAction\",\"target\":{\"@type\":\"EntryPoint\",\"urlTemplate\":\"https:\/\/petalwhim.com\/?s={search_term_string}\"},\"query-input\":{\"@type\":\"PropertyValueSpecification\",\"valueRequired\":true,\"valueName\":\"search_term_string\"}}],\"inLanguage\":\"fr-FR\"},{\"@type\":\"Organization\",\"@id\":\"https:\/\/petalwhim.com\/#organization\",\"name\":\"Petal Whim\",\"alternateName\":\"Rose in Glass\",\"url\":\"https:\/\/petalwhim.com\/\",\"logo\":{\"@type\":\"ImageObject\",\"inLanguage\":\"fr-FR\",\"@id\":\"https:\/\/petalwhim.com\/#\/schema\/logo\/image\/\",\"url\":\"https:\/\/petalwhim.com\/wp-content\/uploads\/2024\/05\/cropped-Petal-Whim-Favicon.png\",\"contentUrl\":\"https:\/\/petalwhim.com\/wp-content\/uploads\/2024\/05\/cropped-Petal-Whim-Favicon.png\",\"width\":512,\"height\":512,\"caption\":\"Petal Whim\"},\"image\":{\"@id\":\"https:\/\/petalwhim.com\/#\/schema\/logo\/image\/\"}}]}<\/script>\n<!-- \/ Yoast SEO plugin. -->","yoast_head_json":{"title":"Flower Bear Pink Petal | France Fleuriste","description":"C\u00e9l\u00e9brez l'amour \u00e9ternel avec notre ourson fleuri Pink Petal .\ud83c\udf39Symbolisez votre affection sans fin. Magasinez maintenant et obtenez un...","robots":{"index":"index","follow":"follow","max-snippet":"max-snippet:-1","max-image-preview":"max-image-preview:large","max-video-preview":"max-video-preview:-1"},"canonical":"https:\/\/petalwhim.com\/fr\/p\/fleur-dours-rose-petale\/","og_locale":"fr_FR","og_type":"article","og_title":"Flower Bear Pink Petal | France Florist","og_description":"Celebrate everlasting love with our Flower Bear Pink Petal .\ud83c\udf39Symbolize your endless affection. Shop now and get a free...","og_url":"https:\/\/petalwhim.com\/fr\/p\/fleur-dours-rose-petale\/","og_site_name":"Petal Whim\u2122","article_modified_time":"2025-07-25T05:16:00+00:00","og_image":[{"width":600,"height":600,"url":"https:\/\/petalwhim.com\/wp-content\/uploads\/2024\/04\/ours-de-rose_600x_2edf6b16-fc38-4f39-8e7d-81ad5cc161ad_2000x.jpg","type":"image\/jpeg"}],"twitter_card":"summary_large_image","twitter_misc":{"Dur\u00e9e de lecture estim\u00e9e":"1 minute"},"schema":{"@context":"https:\/\/schema.org","@graph":[{"@type":"WebPage","@id":"https:\/\/petalwhim.com\/p\/flower-bear-pink-petal\/","url":"https:\/\/petalwhim.com\/p\/flower-bear-pink-petal\/","name":"Flower Bear Pink Petal | France Fleuriste","isPartOf":{"@id":"https:\/\/petalwhim.com\/#website"},"primaryImageOfPage":{"@id":"https:\/\/petalwhim.com\/p\/flower-bear-pink-petal\/#primaryimage"},"image":{"@id":"https:\/\/petalwhim.com\/p\/flower-bear-pink-petal\/#primaryimage"},"thumbnailUrl":"https:\/\/petalwhim.com\/wp-content\/uploads\/2024\/04\/ours-de-rose_600x_2edf6b16-fc38-4f39-8e7d-81ad5cc161ad_2000x.jpg","datePublished":"2024-04-29T01:31:24+00:00","dateModified":"2025-07-25T05:16:00+00:00","description":"C\u00e9l\u00e9brez l'amour \u00e9ternel avec notre ourson fleuri Pink Petal .\ud83c\udf39Symbolisez votre affection sans fin. Magasinez maintenant et obtenez un...","breadcrumb":{"@id":"https:\/\/petalwhim.com\/p\/flower-bear-pink-petal\/#breadcrumb"},"inLanguage":"fr-FR","potentialAction":[{"@type":"ReadAction","target":["https:\/\/petalwhim.com\/p\/flower-bear-pink-petal\/"]}]},{"@type":"ImageObject","inLanguage":"fr-FR","@id":"https:\/\/petalwhim.com\/p\/flower-bear-pink-petal\/#primaryimage","url":"https:\/\/petalwhim.com\/wp-content\/uploads\/2024\/04\/ours-de-rose_600x_2edf6b16-fc38-4f39-8e7d-81ad5cc161ad_2000x.jpg","contentUrl":"https:\/\/petalwhim.com\/wp-content\/uploads\/2024\/04\/ours-de-rose_600x_2edf6b16-fc38-4f39-8e7d-81ad5cc161ad_2000x.jpg","width":600,"height":600,"caption":"Flower Bear Pink Petal"},{"@type":"BreadcrumbList","@id":"https:\/\/petalwhim.com\/p\/flower-bear-pink-petal\/#breadcrumb","itemListElement":[{"@type":"ListItem","position":1,"name":"Home","item":"https:\/\/petalwhim.com\/"},{"@type":"ListItem","position":2,"name":"Shop","item":"https:\/\/petalwhim.com\/shop\/"},{"@type":"ListItem","position":3,"name":"Flower Bear Pink Petal"}]},{"@type":"WebSite","@id":"https:\/\/petalwhim.com\/#website","url":"https:\/\/petalwhim.com\/","name":"Petal Whim\u2122","description":"Rose en verre","publisher":{"@id":"https:\/\/petalwhim.com\/#organization"},"potentialAction":[{"@type":"SearchAction","target":{"@type":"EntryPoint","urlTemplate":"https:\/\/petalwhim.com\/?s={search_term_string}"},"query-input":{"@type":"PropertyValueSpecification","valueRequired":true,"valueName":"search_term_string"}}],"inLanguage":"fr-FR"},{"@type":"Organization","@id":"https:\/\/petalwhim.com\/#organization","name":"Petal Whim","alternateName":"Rose in Glass","url":"https:\/\/petalwhim.com\/","logo":{"@type":"ImageObject","inLanguage":"fr-FR","@id":"https:\/\/petalwhim.com\/#\/schema\/logo\/image\/","url":"https:\/\/petalwhim.com\/wp-content\/uploads\/2024\/05\/cropped-Petal-Whim-Favicon.png","contentUrl":"https:\/\/petalwhim.com\/wp-content\/uploads\/2024\/05\/cropped-Petal-Whim-Favicon.png","width":512,"height":512,"caption":"Petal Whim"},"image":{"@id":"https:\/\/petalwhim.com\/#\/schema\/logo\/image\/"}}]}},"_links":{"self":[{"href":"https:\/\/petalwhim.com\/fr\/wp-json\/wp\/v2\/product\/353","targetHints":{"allow":["GET"]}}],"collection":[{"href":"https:\/\/petalwhim.com\/fr\/wp-json\/wp\/v2\/product"}],"about":[{"href":"https:\/\/petalwhim.com\/fr\/wp-json\/wp\/v2\/types\/product"}],"wp:featuredmedia":[{"embeddable":true,"href":"https:\/\/petalwhim.com\/fr\/wp-json\/wp\/v2\/media\/352"}],"wp:attachment":[{"href":"https:\/\/petalwhim.com\/fr\/wp-json\/wp\/v2\/media?parent=353"}],"wp:term":[{"taxonomy":"product_brand","embeddable":true,"href":"https:\/\/petalwhim.com\/fr\/wp-json\/wp\/v2\/product_brand?post=353"},{"taxonomy":"product_cat","embeddable":true,"href":"https:\/\/petalwhim.com\/fr\/wp-json\/wp\/v2\/product_cat?post=353"},{"taxonomy":"product_tag","embeddable":true,"href":"https:\/\/petalwhim.com\/fr\/wp-json\/wp\/v2\/product_tag?post=353"}],"curies":[{"name":"wp","href":"https:\/\/api.w.org\/{rel}","templated":true}]}}