{"id":225,"date":"2024-04-19T05:01:47","date_gmt":"2024-04-19T05:01:47","guid":{"rendered":"https:\/\/petalwhim.com\/p\/mini-white-and-violet-eternal-rose-under-glass-dome\/"},"modified":"2025-07-25T05:16:02","modified_gmt":"2025-07-25T05:16:02","slug":"mini-rose-eternelle-blanche-et-violette-sous-dome-de-verre","status":"publish","type":"product","link":"https:\/\/petalwhim.com\/fr\/p\/mini-rose-eternelle-blanche-et-violette-sous-dome-de-verre\/","title":{"rendered":"<span>Mini rose \u00e9ternelle sous d\u00f4me de verre <\/span><span class=\"product-title-custom\">Rose, blanc et violet<\/span>"},"content":{"rendered":"<h2>Vous \u00eates \u00e0 la recherche d'un cadeau sp\u00e9cial pour un \u00eatre cher ? Cette mini rose \u00e9ternelle dans une cloche rose, blanche et violette vous s\u00e9duira.<\/h2><p>Laissez-vous s\u00e9duire par sa pr\u00e9sentation. Pos\u00e9 sur un socle en bois qui met en valeur ses couleurs douces et agr\u00e9ables, il est recouvert d'une cloche en verre qui met en valeur sa beaut\u00e9.<br><br> <strong>Mais quel est le moment le plus propice pour offrir ce cadeau intemporel ?<\/strong> <br><br>Le meilleur moment pour offrir cette rose est : le plaisir d'offrir.<br>Faites plaisir \u00e0 vos proches, \u00e0 vos amis ou \u00e0 l'\u00eatre aim\u00e9. <br><br> <strong>Ils m\u00e9ritent d'\u00eatre \u00e9blouis, alors choisissez un cadeau \u00e0 leur mesure.<\/strong> <br><br><\/p>","protected":false},"excerpt":{"rendered":"Vous \u00eates \u00e0 la recherche d'un cadeau original pour un \u00eatre cher ? Cette mini rose \u00e9ternelle dans une cloche rose, blanche et violette vous s\u00e9duira. Pos\u00e9e sur un socle en bois qui met en valeur ses couleurs douces et agr\u00e9ables et recouverte d'une cloche en verre qui met en valeur sa beaut\u00e9. Mais qu'est-ce que [...]","protected":false},"featured_media":224,"template":"","meta":[],"product_brand":[],"product_cat":[15,36,35],"product_tag":[34],"class_list":{"0":"post-225","1":"product","2":"type-product","3":"status-publish","4":"has-post-thumbnail","6":"product_cat-all-products","7":"product_cat-best-sellers","8":"product_cat-small-forever-rose","9":"product_tag-small-rose-in-glass","11":"first","12":"instock","13":"shipping-taxable","14":"purchasable","15":"product-type-simple"},"yoast_head":"<!-- This site is optimized with the Yoast SEO plugin v25.9 - https:\/\/yoast.com\/wordpress\/plugins\/seo\/ -->\n<title>Mini Eternal Rose under Glass Dome Pink, White, and Violet | France Florist<\/title>\n<meta name=\"description\" content=\"Celebrate everlasting love with our Mini Eternal Rose under Glass Dome Pink, White, and Violet .\ud83c\udf39Symbolize your endless affection. Shop now and get a free...\" \/>\n<meta name=\"robots\" content=\"index, follow, max-snippet:-1, max-image-preview:large, max-video-preview:-1\" \/>\n<link rel=\"canonical\" href=\"https:\/\/petalwhim.com\/fr\/p\/mini-rose-eternelle-blanche-et-violette-sous-dome-de-verre\/\" \/>\n<meta property=\"og:locale\" content=\"fr_FR\" \/>\n<meta property=\"og:type\" content=\"article\" \/>\n<meta property=\"og:title\" content=\"Mini Eternal Rose under Glass Dome Pink, White, and Violet | France Florist\" \/>\n<meta property=\"og:description\" content=\"Celebrate everlasting love with our Mini Eternal Rose under Glass Dome Pink, White, and Violet .\ud83c\udf39Symbolize your endless affection. Shop now and get a free...\" \/>\n<meta property=\"og:url\" content=\"https:\/\/petalwhim.com\/fr\/p\/mini-rose-eternelle-blanche-et-violette-sous-dome-de-verre\/\" \/>\n<meta property=\"og:site_name\" content=\"Petal Whim\u2122\" \/>\n<meta property=\"article:modified_time\" content=\"2025-07-25T05:16:02+00:00\" \/>\n<meta property=\"og:image\" content=\"https:\/\/petalwhim.com\/wp-content\/uploads\/2024\/04\/product-image-1487364155_84f19f6f-0f23-4e44-8867-8b820697f2ba.jpg\" \/>\n\t<meta property=\"og:image:width\" content=\"640\" \/>\n\t<meta property=\"og:image:height\" content=\"640\" \/>\n\t<meta property=\"og:image:type\" content=\"image\/jpeg\" \/>\n<meta name=\"twitter:card\" content=\"summary_large_image\" \/>\n<meta name=\"twitter:label1\" content=\"Dur\u00e9e de lecture estim\u00e9e\" \/>\n\t<meta name=\"twitter:data1\" content=\"1 minute\" \/>\n<script type=\"application\/ld+json\" class=\"yoast-schema-graph\">{\"@context\":\"https:\/\/schema.org\",\"@graph\":[{\"@type\":\"WebPage\",\"@id\":\"https:\/\/petalwhim.com\/p\/mini-white-and-violet-eternal-rose-under-glass-dome\/\",\"url\":\"https:\/\/petalwhim.com\/p\/mini-white-and-violet-eternal-rose-under-glass-dome\/\",\"name\":\"Mini Eternal Rose under Glass Dome Pink, White, and Violet | France Florist\",\"isPartOf\":{\"@id\":\"https:\/\/petalwhim.com\/#website\"},\"primaryImageOfPage\":{\"@id\":\"https:\/\/petalwhim.com\/p\/mini-white-and-violet-eternal-rose-under-glass-dome\/#primaryimage\"},\"image\":{\"@id\":\"https:\/\/petalwhim.com\/p\/mini-white-and-violet-eternal-rose-under-glass-dome\/#primaryimage\"},\"thumbnailUrl\":\"https:\/\/petalwhim.com\/wp-content\/uploads\/2024\/04\/product-image-1487364155_84f19f6f-0f23-4e44-8867-8b820697f2ba.jpg\",\"datePublished\":\"2024-04-19T05:01:47+00:00\",\"dateModified\":\"2025-07-25T05:16:02+00:00\",\"description\":\"Celebrate everlasting love with our Mini Eternal Rose under Glass Dome Pink, White, and Violet .\ud83c\udf39Symbolize your endless affection. Shop now and get a free...\",\"breadcrumb\":{\"@id\":\"https:\/\/petalwhim.com\/p\/mini-white-and-violet-eternal-rose-under-glass-dome\/#breadcrumb\"},\"inLanguage\":\"fr-FR\",\"potentialAction\":[{\"@type\":\"ReadAction\",\"target\":[\"https:\/\/petalwhim.com\/p\/mini-white-and-violet-eternal-rose-under-glass-dome\/\"]}]},{\"@type\":\"ImageObject\",\"inLanguage\":\"fr-FR\",\"@id\":\"https:\/\/petalwhim.com\/p\/mini-white-and-violet-eternal-rose-under-glass-dome\/#primaryimage\",\"url\":\"https:\/\/petalwhim.com\/wp-content\/uploads\/2024\/04\/product-image-1487364155_84f19f6f-0f23-4e44-8867-8b820697f2ba.jpg\",\"contentUrl\":\"https:\/\/petalwhim.com\/wp-content\/uploads\/2024\/04\/product-image-1487364155_84f19f6f-0f23-4e44-8867-8b820697f2ba.jpg\",\"width\":640,\"height\":640,\"caption\":\"Mini Eternal Rose under Glass Dome Pink, White, and Violet\"},{\"@type\":\"BreadcrumbList\",\"@id\":\"https:\/\/petalwhim.com\/p\/mini-white-and-violet-eternal-rose-under-glass-dome\/#breadcrumb\",\"itemListElement\":[{\"@type\":\"ListItem\",\"position\":1,\"name\":\"Home\",\"item\":\"https:\/\/petalwhim.com\/\"},{\"@type\":\"ListItem\",\"position\":2,\"name\":\"Shop\",\"item\":\"https:\/\/petalwhim.com\/shop\/\"},{\"@type\":\"ListItem\",\"position\":3,\"name\":\"Mini Eternal Rose under Glass Dome Pink, White, and Violet\"}]},{\"@type\":\"WebSite\",\"@id\":\"https:\/\/petalwhim.com\/#website\",\"url\":\"https:\/\/petalwhim.com\/\",\"name\":\"Petal Whim\u2122\",\"description\":\"Rose in Glass\",\"publisher\":{\"@id\":\"https:\/\/petalwhim.com\/#organization\"},\"potentialAction\":[{\"@type\":\"SearchAction\",\"target\":{\"@type\":\"EntryPoint\",\"urlTemplate\":\"https:\/\/petalwhim.com\/?s={search_term_string}\"},\"query-input\":{\"@type\":\"PropertyValueSpecification\",\"valueRequired\":true,\"valueName\":\"search_term_string\"}}],\"inLanguage\":\"fr-FR\"},{\"@type\":\"Organization\",\"@id\":\"https:\/\/petalwhim.com\/#organization\",\"name\":\"Petal Whim\",\"alternateName\":\"Rose in Glass\",\"url\":\"https:\/\/petalwhim.com\/\",\"logo\":{\"@type\":\"ImageObject\",\"inLanguage\":\"fr-FR\",\"@id\":\"https:\/\/petalwhim.com\/#\/schema\/logo\/image\/\",\"url\":\"https:\/\/petalwhim.com\/wp-content\/uploads\/2024\/05\/cropped-Petal-Whim-Favicon.png\",\"contentUrl\":\"https:\/\/petalwhim.com\/wp-content\/uploads\/2024\/05\/cropped-Petal-Whim-Favicon.png\",\"width\":512,\"height\":512,\"caption\":\"Petal Whim\"},\"image\":{\"@id\":\"https:\/\/petalwhim.com\/#\/schema\/logo\/image\/\"}}]}<\/script>\n<!-- \/ Yoast SEO plugin. -->","yoast_head_json":{"title":"Mini rose \u00e9ternelle sous d\u00f4me de verre rose, blanc et violet | France Florist","description":"C\u00e9l\u00e9brez l'amour \u00e9ternel avec notre mini rose \u00e9ternelle sous d\u00f4me en verre rose, blanc et violet .\ud83c\udf39Symbolisez votre affection sans fin. Magasinez maintenant et obtenez un...","robots":{"index":"index","follow":"follow","max-snippet":"max-snippet:-1","max-image-preview":"max-image-preview:large","max-video-preview":"max-video-preview:-1"},"canonical":"https:\/\/petalwhim.com\/fr\/p\/mini-rose-eternelle-blanche-et-violette-sous-dome-de-verre\/","og_locale":"fr_FR","og_type":"article","og_title":"Mini Eternal Rose under Glass Dome Pink, White, and Violet | France Florist","og_description":"Celebrate everlasting love with our Mini Eternal Rose under Glass Dome Pink, White, and Violet .\ud83c\udf39Symbolize your endless affection. Shop now and get a free...","og_url":"https:\/\/petalwhim.com\/fr\/p\/mini-rose-eternelle-blanche-et-violette-sous-dome-de-verre\/","og_site_name":"Petal Whim\u2122","article_modified_time":"2025-07-25T05:16:02+00:00","og_image":[{"width":640,"height":640,"url":"https:\/\/petalwhim.com\/wp-content\/uploads\/2024\/04\/product-image-1487364155_84f19f6f-0f23-4e44-8867-8b820697f2ba.jpg","type":"image\/jpeg"}],"twitter_card":"summary_large_image","twitter_misc":{"Dur\u00e9e de lecture estim\u00e9e":"1 minute"},"schema":{"@context":"https:\/\/schema.org","@graph":[{"@type":"WebPage","@id":"https:\/\/petalwhim.com\/p\/mini-white-and-violet-eternal-rose-under-glass-dome\/","url":"https:\/\/petalwhim.com\/p\/mini-white-and-violet-eternal-rose-under-glass-dome\/","name":"Mini rose \u00e9ternelle sous d\u00f4me de verre rose, blanc et violet | France Florist","isPartOf":{"@id":"https:\/\/petalwhim.com\/#website"},"primaryImageOfPage":{"@id":"https:\/\/petalwhim.com\/p\/mini-white-and-violet-eternal-rose-under-glass-dome\/#primaryimage"},"image":{"@id":"https:\/\/petalwhim.com\/p\/mini-white-and-violet-eternal-rose-under-glass-dome\/#primaryimage"},"thumbnailUrl":"https:\/\/petalwhim.com\/wp-content\/uploads\/2024\/04\/product-image-1487364155_84f19f6f-0f23-4e44-8867-8b820697f2ba.jpg","datePublished":"2024-04-19T05:01:47+00:00","dateModified":"2025-07-25T05:16:02+00:00","description":"C\u00e9l\u00e9brez l'amour \u00e9ternel avec notre mini rose \u00e9ternelle sous d\u00f4me en verre rose, blanc et violet .\ud83c\udf39Symbolisez votre affection sans fin. Magasinez maintenant et obtenez un...","breadcrumb":{"@id":"https:\/\/petalwhim.com\/p\/mini-white-and-violet-eternal-rose-under-glass-dome\/#breadcrumb"},"inLanguage":"fr-FR","potentialAction":[{"@type":"ReadAction","target":["https:\/\/petalwhim.com\/p\/mini-white-and-violet-eternal-rose-under-glass-dome\/"]}]},{"@type":"ImageObject","inLanguage":"fr-FR","@id":"https:\/\/petalwhim.com\/p\/mini-white-and-violet-eternal-rose-under-glass-dome\/#primaryimage","url":"https:\/\/petalwhim.com\/wp-content\/uploads\/2024\/04\/product-image-1487364155_84f19f6f-0f23-4e44-8867-8b820697f2ba.jpg","contentUrl":"https:\/\/petalwhim.com\/wp-content\/uploads\/2024\/04\/product-image-1487364155_84f19f6f-0f23-4e44-8867-8b820697f2ba.jpg","width":640,"height":640,"caption":"Mini Eternal Rose under Glass Dome Pink, White, and Violet"},{"@type":"BreadcrumbList","@id":"https:\/\/petalwhim.com\/p\/mini-white-and-violet-eternal-rose-under-glass-dome\/#breadcrumb","itemListElement":[{"@type":"ListItem","position":1,"name":"Home","item":"https:\/\/petalwhim.com\/"},{"@type":"ListItem","position":2,"name":"Shop","item":"https:\/\/petalwhim.com\/shop\/"},{"@type":"ListItem","position":3,"name":"Mini Eternal Rose under Glass Dome Pink, White, and Violet"}]},{"@type":"WebSite","@id":"https:\/\/petalwhim.com\/#website","url":"https:\/\/petalwhim.com\/","name":"Petal Whim\u2122","description":"Rose en verre","publisher":{"@id":"https:\/\/petalwhim.com\/#organization"},"potentialAction":[{"@type":"SearchAction","target":{"@type":"EntryPoint","urlTemplate":"https:\/\/petalwhim.com\/?s={search_term_string}"},"query-input":{"@type":"PropertyValueSpecification","valueRequired":true,"valueName":"search_term_string"}}],"inLanguage":"fr-FR"},{"@type":"Organization","@id":"https:\/\/petalwhim.com\/#organization","name":"Petal Whim","alternateName":"Rose in Glass","url":"https:\/\/petalwhim.com\/","logo":{"@type":"ImageObject","inLanguage":"fr-FR","@id":"https:\/\/petalwhim.com\/#\/schema\/logo\/image\/","url":"https:\/\/petalwhim.com\/wp-content\/uploads\/2024\/05\/cropped-Petal-Whim-Favicon.png","contentUrl":"https:\/\/petalwhim.com\/wp-content\/uploads\/2024\/05\/cropped-Petal-Whim-Favicon.png","width":512,"height":512,"caption":"Petal Whim"},"image":{"@id":"https:\/\/petalwhim.com\/#\/schema\/logo\/image\/"}}]}},"_links":{"self":[{"href":"https:\/\/petalwhim.com\/fr\/wp-json\/wp\/v2\/product\/225","targetHints":{"allow":["GET"]}}],"collection":[{"href":"https:\/\/petalwhim.com\/fr\/wp-json\/wp\/v2\/product"}],"about":[{"href":"https:\/\/petalwhim.com\/fr\/wp-json\/wp\/v2\/types\/product"}],"wp:featuredmedia":[{"embeddable":true,"href":"https:\/\/petalwhim.com\/fr\/wp-json\/wp\/v2\/media\/224"}],"wp:attachment":[{"href":"https:\/\/petalwhim.com\/fr\/wp-json\/wp\/v2\/media?parent=225"}],"wp:term":[{"taxonomy":"product_brand","embeddable":true,"href":"https:\/\/petalwhim.com\/fr\/wp-json\/wp\/v2\/product_brand?post=225"},{"taxonomy":"product_cat","embeddable":true,"href":"https:\/\/petalwhim.com\/fr\/wp-json\/wp\/v2\/product_cat?post=225"},{"taxonomy":"product_tag","embeddable":true,"href":"https:\/\/petalwhim.com\/fr\/wp-json\/wp\/v2\/product_tag?post=225"}],"curies":[{"name":"wp","href":"https:\/\/api.w.org\/{rel}","templated":true}]}}