{"id":171,"date":"2024-04-19T04:59:26","date_gmt":"2024-04-19T04:59:26","guid":{"rendered":"https:\/\/petalwhim.com\/p\/eternal-love-rose\/"},"modified":"2025-07-25T05:16:03","modified_gmt":"2025-07-25T05:16:03","slug":"rose-amour-eternel","status":"publish","type":"product","link":"https:\/\/petalwhim.com\/fr\/p\/rose-amour-eternel\/","title":{"rendered":"<span>Rose \u00e9ternelle <\/span><span class=\"product-title-custom\">Amour<\/span>"},"content":{"rendered":"<h2>Une rose \u00e9ternelle pour symboliser l'amour \u00e9ternel et les \u00e9motions fortes. <\/h2><p>Ce produit pr\u00e9sente une couleur rose clair <strong>rose \u00e9ternelle<\/strong>, de jolies feuilles vertes ultra-r\u00e9alistes. Le tout est recouvert d'une <strong>cloche en verre \u00e9pais<\/strong> et sa base noire.<br><br>La rose \u00e9ternelle est une <strong>fleur immortelle<\/strong>.  Cette rose magique et lumineuse ne n\u00e9cessite aucun soin particulier. Plac\u00e9e sur la table de chevet ou dans le salon, l'immortalit\u00e9 de cette rose \u00e9ternelle \u00e9voquera la joie de vivre. <strong>Chaque jour, vous avez droit \u00e0 des souvenirs et \u00e0 toutes sortes d'\u00e9motions. <\/strong> <br><br>Vous pouvez offrir ce beau rosier sous cloche, pour une dur\u00e9e de trois ans. <strong>occasions sp\u00e9ciales<\/strong> comme la Saint-Valentin, un anniversaire ou simplement pour exprimer un amour ardent.<\/p><p>Si cette couronne n'est pas \u00e0 votre go\u00fbt, jetez un coup d'\u0153il \u00e0 notre <a title=\"Collection de couronnes de fleurs\" href=\"https:\/\/www.couronne-de-fleurs.com\/collections\/couronne-fleurs-mariage\">collection de couronnes de fleurs.<\/a><\/p><!-- split --><h2>Une rose rose \u00e9ternelle nomm\u00e9e \"Love\"<\/h2><p><strong>Love signifie amour en anglais.<\/strong> Cette rose est le parfait <strong>symbole de l'ardeur<\/strong> et l'amour \u00e9ternel. La couleur rose de cette fleur \u00e9voque <strong>f\u00e9minit\u00e9, d\u00e9sir et passion<\/strong>. C'est le rose parfait \u00e0 offrir \u00e0 l'\u00eatre aim\u00e9, pour lui dire \"je t'aime\".<\/p>","protected":false},"excerpt":{"rendered":"An eternal rose to symbolize everlasting love and strong emotions. This product features a light pink eternal rose, pretty ultra-realistic green leaves. The whole is covered by a thick glass bell and its black base.The eternal rose is an immortal flower. This magical, luminous rose needs no special care. Placed on the bedside table or [&#8230;]","protected":false},"featured_media":170,"template":"","meta":[],"product_brand":[],"product_cat":[15,36],"product_tag":[33],"class_list":{"0":"post-171","1":"product","2":"type-product","3":"status-publish","4":"has-post-thumbnail","6":"product_cat-all-products","7":"product_cat-best-sellers","8":"product_tag-rose-in-glass-dome","10":"first","11":"instock","12":"shipping-taxable","13":"purchasable","14":"product-type-simple"},"yoast_head":"<!-- This site is optimized with the Yoast SEO plugin v25.9 - https:\/\/yoast.com\/wordpress\/plugins\/seo\/ -->\n<title>Eternal Rose Love | France Florist<\/title>\n<meta name=\"description\" content=\"Celebrate everlasting love with our Eternal Rose Love .\ud83c\udf39Symbolize your endless affection. Shop now and get a free...\" \/>\n<meta name=\"robots\" content=\"index, follow, max-snippet:-1, max-image-preview:large, max-video-preview:-1\" \/>\n<link rel=\"canonical\" href=\"https:\/\/petalwhim.com\/fr\/p\/rose-amour-eternel\/\" \/>\n<meta property=\"og:locale\" content=\"fr_FR\" \/>\n<meta property=\"og:type\" content=\"article\" \/>\n<meta property=\"og:title\" content=\"Eternal Rose Love | France Florist\" \/>\n<meta property=\"og:description\" content=\"Celebrate everlasting love with our Eternal Rose Love .\ud83c\udf39Symbolize your endless affection. Shop now and get a free...\" \/>\n<meta property=\"og:url\" content=\"https:\/\/petalwhim.com\/fr\/p\/rose-amour-eternel\/\" \/>\n<meta property=\"og:site_name\" content=\"Petal Whim\u2122\" \/>\n<meta property=\"article:modified_time\" content=\"2025-07-25T05:16:03+00:00\" \/>\n<meta property=\"og:image\" content=\"https:\/\/petalwhim.com\/wp-content\/uploads\/2024\/04\/product-image-1588572235.jpg\" \/>\n\t<meta property=\"og:image:width\" content=\"640\" \/>\n\t<meta property=\"og:image:height\" content=\"640\" \/>\n\t<meta property=\"og:image:type\" content=\"image\/jpeg\" \/>\n<meta name=\"twitter:card\" content=\"summary_large_image\" \/>\n<meta name=\"twitter:label1\" content=\"Dur\u00e9e de lecture estim\u00e9e\" \/>\n\t<meta name=\"twitter:data1\" content=\"1 minute\" \/>\n<script type=\"application\/ld+json\" class=\"yoast-schema-graph\">{\"@context\":\"https:\/\/schema.org\",\"@graph\":[{\"@type\":\"WebPage\",\"@id\":\"https:\/\/petalwhim.com\/p\/eternal-love-rose\/\",\"url\":\"https:\/\/petalwhim.com\/p\/eternal-love-rose\/\",\"name\":\"Eternal Rose Love | France Florist\",\"isPartOf\":{\"@id\":\"https:\/\/petalwhim.com\/#website\"},\"primaryImageOfPage\":{\"@id\":\"https:\/\/petalwhim.com\/p\/eternal-love-rose\/#primaryimage\"},\"image\":{\"@id\":\"https:\/\/petalwhim.com\/p\/eternal-love-rose\/#primaryimage\"},\"thumbnailUrl\":\"https:\/\/petalwhim.com\/wp-content\/uploads\/2024\/04\/product-image-1588572235.jpg\",\"datePublished\":\"2024-04-19T04:59:26+00:00\",\"dateModified\":\"2025-07-25T05:16:03+00:00\",\"description\":\"Celebrate everlasting love with our Eternal Rose Love .\ud83c\udf39Symbolize your endless affection. Shop now and get a free...\",\"breadcrumb\":{\"@id\":\"https:\/\/petalwhim.com\/p\/eternal-love-rose\/#breadcrumb\"},\"inLanguage\":\"fr-FR\",\"potentialAction\":[{\"@type\":\"ReadAction\",\"target\":[\"https:\/\/petalwhim.com\/p\/eternal-love-rose\/\"]}]},{\"@type\":\"ImageObject\",\"inLanguage\":\"fr-FR\",\"@id\":\"https:\/\/petalwhim.com\/p\/eternal-love-rose\/#primaryimage\",\"url\":\"https:\/\/petalwhim.com\/wp-content\/uploads\/2024\/04\/product-image-1588572235.jpg\",\"contentUrl\":\"https:\/\/petalwhim.com\/wp-content\/uploads\/2024\/04\/product-image-1588572235.jpg\",\"width\":640,\"height\":640,\"caption\":\"Eternal Rose Love\"},{\"@type\":\"BreadcrumbList\",\"@id\":\"https:\/\/petalwhim.com\/p\/eternal-love-rose\/#breadcrumb\",\"itemListElement\":[{\"@type\":\"ListItem\",\"position\":1,\"name\":\"Home\",\"item\":\"https:\/\/petalwhim.com\/\"},{\"@type\":\"ListItem\",\"position\":2,\"name\":\"Shop\",\"item\":\"https:\/\/petalwhim.com\/shop\/\"},{\"@type\":\"ListItem\",\"position\":3,\"name\":\"Eternal Rose Love\"}]},{\"@type\":\"WebSite\",\"@id\":\"https:\/\/petalwhim.com\/#website\",\"url\":\"https:\/\/petalwhim.com\/\",\"name\":\"Petal Whim\u2122\",\"description\":\"Rose in Glass\",\"publisher\":{\"@id\":\"https:\/\/petalwhim.com\/#organization\"},\"potentialAction\":[{\"@type\":\"SearchAction\",\"target\":{\"@type\":\"EntryPoint\",\"urlTemplate\":\"https:\/\/petalwhim.com\/?s={search_term_string}\"},\"query-input\":{\"@type\":\"PropertyValueSpecification\",\"valueRequired\":true,\"valueName\":\"search_term_string\"}}],\"inLanguage\":\"fr-FR\"},{\"@type\":\"Organization\",\"@id\":\"https:\/\/petalwhim.com\/#organization\",\"name\":\"Petal Whim\",\"alternateName\":\"Rose in Glass\",\"url\":\"https:\/\/petalwhim.com\/\",\"logo\":{\"@type\":\"ImageObject\",\"inLanguage\":\"fr-FR\",\"@id\":\"https:\/\/petalwhim.com\/#\/schema\/logo\/image\/\",\"url\":\"https:\/\/petalwhim.com\/wp-content\/uploads\/2024\/05\/cropped-Petal-Whim-Favicon.png\",\"contentUrl\":\"https:\/\/petalwhim.com\/wp-content\/uploads\/2024\/05\/cropped-Petal-Whim-Favicon.png\",\"width\":512,\"height\":512,\"caption\":\"Petal Whim\"},\"image\":{\"@id\":\"https:\/\/petalwhim.com\/#\/schema\/logo\/image\/\"}}]}<\/script>\n<!-- \/ Yoast SEO plugin. -->","yoast_head_json":{"title":"Eternal Rose Love | France Florist","description":"C\u00e9l\u00e9brez l'amour \u00e9ternel avec notre Eternal Rose Love .\ud83c\udf39Symbolisez votre affection sans fin. Magasinez maintenant et obtenez un...","robots":{"index":"index","follow":"follow","max-snippet":"max-snippet:-1","max-image-preview":"max-image-preview:large","max-video-preview":"max-video-preview:-1"},"canonical":"https:\/\/petalwhim.com\/fr\/p\/rose-amour-eternel\/","og_locale":"fr_FR","og_type":"article","og_title":"Eternal Rose Love | France Florist","og_description":"Celebrate everlasting love with our Eternal Rose Love .\ud83c\udf39Symbolize your endless affection. Shop now and get a free...","og_url":"https:\/\/petalwhim.com\/fr\/p\/rose-amour-eternel\/","og_site_name":"Petal Whim\u2122","article_modified_time":"2025-07-25T05:16:03+00:00","og_image":[{"width":640,"height":640,"url":"https:\/\/petalwhim.com\/wp-content\/uploads\/2024\/04\/product-image-1588572235.jpg","type":"image\/jpeg"}],"twitter_card":"summary_large_image","twitter_misc":{"Dur\u00e9e de lecture estim\u00e9e":"1 minute"},"schema":{"@context":"https:\/\/schema.org","@graph":[{"@type":"WebPage","@id":"https:\/\/petalwhim.com\/p\/eternal-love-rose\/","url":"https:\/\/petalwhim.com\/p\/eternal-love-rose\/","name":"Eternal Rose Love | France Florist","isPartOf":{"@id":"https:\/\/petalwhim.com\/#website"},"primaryImageOfPage":{"@id":"https:\/\/petalwhim.com\/p\/eternal-love-rose\/#primaryimage"},"image":{"@id":"https:\/\/petalwhim.com\/p\/eternal-love-rose\/#primaryimage"},"thumbnailUrl":"https:\/\/petalwhim.com\/wp-content\/uploads\/2024\/04\/product-image-1588572235.jpg","datePublished":"2024-04-19T04:59:26+00:00","dateModified":"2025-07-25T05:16:03+00:00","description":"C\u00e9l\u00e9brez l'amour \u00e9ternel avec notre Eternal Rose Love .\ud83c\udf39Symbolisez votre affection sans fin. Magasinez maintenant et obtenez un...","breadcrumb":{"@id":"https:\/\/petalwhim.com\/p\/eternal-love-rose\/#breadcrumb"},"inLanguage":"fr-FR","potentialAction":[{"@type":"ReadAction","target":["https:\/\/petalwhim.com\/p\/eternal-love-rose\/"]}]},{"@type":"ImageObject","inLanguage":"fr-FR","@id":"https:\/\/petalwhim.com\/p\/eternal-love-rose\/#primaryimage","url":"https:\/\/petalwhim.com\/wp-content\/uploads\/2024\/04\/product-image-1588572235.jpg","contentUrl":"https:\/\/petalwhim.com\/wp-content\/uploads\/2024\/04\/product-image-1588572235.jpg","width":640,"height":640,"caption":"Eternal Rose Love"},{"@type":"BreadcrumbList","@id":"https:\/\/petalwhim.com\/p\/eternal-love-rose\/#breadcrumb","itemListElement":[{"@type":"ListItem","position":1,"name":"Home","item":"https:\/\/petalwhim.com\/"},{"@type":"ListItem","position":2,"name":"Shop","item":"https:\/\/petalwhim.com\/shop\/"},{"@type":"ListItem","position":3,"name":"Eternal Rose Love"}]},{"@type":"WebSite","@id":"https:\/\/petalwhim.com\/#website","url":"https:\/\/petalwhim.com\/","name":"Petal Whim\u2122","description":"Rose en verre","publisher":{"@id":"https:\/\/petalwhim.com\/#organization"},"potentialAction":[{"@type":"SearchAction","target":{"@type":"EntryPoint","urlTemplate":"https:\/\/petalwhim.com\/?s={search_term_string}"},"query-input":{"@type":"PropertyValueSpecification","valueRequired":true,"valueName":"search_term_string"}}],"inLanguage":"fr-FR"},{"@type":"Organization","@id":"https:\/\/petalwhim.com\/#organization","name":"Petal Whim","alternateName":"Rose in Glass","url":"https:\/\/petalwhim.com\/","logo":{"@type":"ImageObject","inLanguage":"fr-FR","@id":"https:\/\/petalwhim.com\/#\/schema\/logo\/image\/","url":"https:\/\/petalwhim.com\/wp-content\/uploads\/2024\/05\/cropped-Petal-Whim-Favicon.png","contentUrl":"https:\/\/petalwhim.com\/wp-content\/uploads\/2024\/05\/cropped-Petal-Whim-Favicon.png","width":512,"height":512,"caption":"Petal Whim"},"image":{"@id":"https:\/\/petalwhim.com\/#\/schema\/logo\/image\/"}}]}},"_links":{"self":[{"href":"https:\/\/petalwhim.com\/fr\/wp-json\/wp\/v2\/product\/171","targetHints":{"allow":["GET"]}}],"collection":[{"href":"https:\/\/petalwhim.com\/fr\/wp-json\/wp\/v2\/product"}],"about":[{"href":"https:\/\/petalwhim.com\/fr\/wp-json\/wp\/v2\/types\/product"}],"wp:featuredmedia":[{"embeddable":true,"href":"https:\/\/petalwhim.com\/fr\/wp-json\/wp\/v2\/media\/170"}],"wp:attachment":[{"href":"https:\/\/petalwhim.com\/fr\/wp-json\/wp\/v2\/media?parent=171"}],"wp:term":[{"taxonomy":"product_brand","embeddable":true,"href":"https:\/\/petalwhim.com\/fr\/wp-json\/wp\/v2\/product_brand?post=171"},{"taxonomy":"product_cat","embeddable":true,"href":"https:\/\/petalwhim.com\/fr\/wp-json\/wp\/v2\/product_cat?post=171"},{"taxonomy":"product_tag","embeddable":true,"href":"https:\/\/petalwhim.com\/fr\/wp-json\/wp\/v2\/product_tag?post=171"}],"curies":[{"name":"wp","href":"https:\/\/api.w.org\/{rel}","templated":true}]}}