{"id":24,"date":"2024-04-10T02:26:26","date_gmt":"2024-04-10T02:26:26","guid":{"rendered":"https:\/\/roseinglass.kinsta.cloud\/?page_id=24"},"modified":"2024-06-06T01:04:53","modified_gmt":"2024-06-06T01:04:53","slug":"politique-de-remboursement-et-de-retour","status":"publish","type":"page","link":"https:\/\/petalwhim.com\/fr\/politique-de-remboursement-et-de-retour\/","title":{"rendered":"Politique de remboursement et de retour"},"content":{"rendered":"<h2>Je voudrais <strong>retour<\/strong> ou <strong>\u00e9change*<\/strong> un article qui ne me convient pas.<\/h2>\r\n<strong>\u00c9tape 1 :<\/strong> Si vous souhaitez <strong>retour<\/strong> ou <strong>\u00e9change<\/strong> pour obtenir une taille ou une couleur diff\u00e9rente), veuillez vous assurer que vous remplissez les conditions suivantes :\r\n<ul>\r\n \t<li>Vous disposez d'un d\u00e9lai de 30 jours \u00e0 compter de la r\u00e9ception de votre colis pour nous le retourner.<\/li>\r\n \t<li>Les \u00e9tiquettes doivent \u00eatre appos\u00e9es sur l'article de la m\u00eame mani\u00e8re qu'il a \u00e9t\u00e9 re\u00e7u.<\/li>\r\n \t<li>L'article doit \u00eatre dans son emballage d'origine.<\/li>\r\n<\/ul>\r\n<strong>\u00c9tape 2 :<\/strong> Contactez-nous par courriel \u00e0 l'adresse contact@petalwhim.com ou directement via notre formulaire de contact.\r\n\r\nVeillez \u00e0 ce que les informations suivantes apparaissent dans votre courriel : votre\u00a0<strong>num\u00e9ro de commande<\/strong>, <strong>les noms des articles retourn\u00e9s<\/strong>ainsi que <strong>ce que vous souhaitez obtenir du retour<\/strong> (remboursement, bon d'achat ou \u00e9change avec une taille\/couleur diff\u00e9rente).\r\n\r\n<strong>\u00c9tape 3 :<\/strong>\u00a0Nous vous r\u00e9pondrons dans les 48 heures en vous indiquant l'adresse postale \u00e0 laquelle renvoyer les marchandises.\r\n\r\nNous vous informons que\u00a0<strong>les frais de retour restent \u00e0 votre charge<\/strong>.\r\n\r\n<em>Les articles doivent \u00eatre retourn\u00e9s dans leur \u00e9tat d'origine. Les articles qui ont \u00e9t\u00e9 lav\u00e9s ou port\u00e9s (sans l'\u00e9tiquette) ne peuvent pas \u00eatre retourn\u00e9s ou rembours\u00e9s.<\/em>\r\n\r\n<strong>\u00c9tape 4<\/strong>: Confirmez-nous par e-mail que votre produit a \u00e9t\u00e9 exp\u00e9di\u00e9 et fournissez-nous le num\u00e9ro de t\u00e9l\u00e9phone de l'exp\u00e9diteur.\u00a0<strong>le num\u00e9ro d'exp\u00e9dition du colis<\/strong>.\r\n\r\nCela nous permettra de payer les frais de douane \u00e9ventuels.\u00a0<strong>Si nous ne disposons pas de ces informations, nous ne pourrons pas payer les frais de douane et votre colis vous sera automatiquement renvoy\u00e9.<\/strong>.\r\n\r\n<strong>\u00c9tape 5 :<\/strong> D\u00e8s que nous recevons les articles, ils sont inspect\u00e9s et, selon votre demande, nous les r\u00e9parons :\r\n<ul>\r\n \t<li>Remboursement de vos articles : vous recevrez un e-mail confirmant le remboursement de votre commande. Les remboursements sont g\u00e9n\u00e9ralement re\u00e7us dans les 5 jours ouvrables<\/li>\r\n \t<li>\u00c9changez vos articles : Les articles seront \u00e9chang\u00e9s par ceux indiqu\u00e9s sur votre formulaire de retour, vous recevrez un email confirmant l'\u00e9change ainsi qu'un nouveau num\u00e9ro de commande.<\/li>\r\n<\/ul>\r\nPetal Whim\u2122 se r\u00e9serve le droit de refuser les retours envoy\u00e9s ou communiqu\u00e9s apr\u00e8s le d\u00e9lai de retour, ou les articles qui ne sont pas dans le m\u00eame \u00e9tat que lorsqu'ils ont \u00e9t\u00e9 re\u00e7us. Une fois le retour approuv\u00e9, vous serez rembours\u00e9 par l'interm\u00e9diaire de l'application <strong>le m\u00eame mode de paiement que celui utilis\u00e9 pour effectuer l'achat<\/strong>. Le d\u00e9lai maximum de remboursement est de 10 jours. Veuillez noter que le d\u00e9lai de remboursement sur votre compte bancaire d\u00e9pend toujours de votre banque.","protected":false},"excerpt":{"rendered":"I would like to return or exchange* an item that does not suit me. Step 1: If you would like to return or exchange your item (to get a different size or color), please make sure that you meet the following conditions: You have 30 days following the reception of your package to return it [&#8230;]","protected":false},"author":1,"featured_media":0,"parent":0,"menu_order":0,"comment_status":"closed","ping_status":"closed","template":"page-blank-title-center.php","meta":{"footnotes":""},"class_list":["post-24","page","type-page","status-publish","hentry"],"yoast_head":"<!-- This site is optimized with the Yoast SEO plugin v25.9 - https:\/\/yoast.com\/wordpress\/plugins\/seo\/ -->\n<title>Refund and Returns Policy - Petal Whim\u2122<\/title>\n<meta name=\"robots\" content=\"noindex, follow\" \/>\n<meta property=\"og:locale\" content=\"fr_FR\" \/>\n<meta property=\"og:type\" content=\"article\" \/>\n<meta property=\"og:title\" content=\"Refund and Returns Policy - Petal Whim\u2122\" \/>\n<meta property=\"og:description\" content=\"I would like to return or exchange* an item that does not suit me. Step 1: If you would like to return or exchange your item (to get a different size or color), please make sure that you meet the following conditions: You have 30 days following the reception of your package to return it [...]\" \/>\n<meta property=\"og:url\" content=\"https:\/\/petalwhim.com\/fr\/politique-de-remboursement-et-de-retour\/\" \/>\n<meta property=\"og:site_name\" content=\"Petal Whim\u2122\" \/>\n<meta property=\"article:modified_time\" content=\"2024-06-06T01:04:53+00:00\" \/>\n<meta property=\"og:image\" content=\"https:\/\/petalwhim.com\/wp-content\/uploads\/2024\/05\/cropped-Petal-Whim-Favicon.png\" \/>\n\t<meta property=\"og:image:width\" content=\"512\" \/>\n\t<meta property=\"og:image:height\" content=\"512\" \/>\n\t<meta property=\"og:image:type\" content=\"image\/png\" \/>\n<meta name=\"twitter:card\" content=\"summary_large_image\" \/>\n<meta name=\"twitter:label1\" content=\"Dur\u00e9e de lecture estim\u00e9e\" \/>\n\t<meta name=\"twitter:data1\" content=\"2 minutes\" \/>\n<script type=\"application\/ld+json\" class=\"yoast-schema-graph\">{\"@context\":\"https:\/\/schema.org\",\"@graph\":[{\"@type\":\"WebPage\",\"@id\":\"https:\/\/petalwhim.com\/refund-and-returns-policy\/\",\"url\":\"https:\/\/petalwhim.com\/refund-and-returns-policy\/\",\"name\":\"Refund and Returns Policy - Petal Whim\u2122\",\"isPartOf\":{\"@id\":\"https:\/\/petalwhim.com\/#website\"},\"datePublished\":\"2024-04-10T02:26:26+00:00\",\"dateModified\":\"2024-06-06T01:04:53+00:00\",\"breadcrumb\":{\"@id\":\"https:\/\/petalwhim.com\/refund-and-returns-policy\/#breadcrumb\"},\"inLanguage\":\"fr-FR\",\"potentialAction\":[{\"@type\":\"ReadAction\",\"target\":[\"https:\/\/petalwhim.com\/refund-and-returns-policy\/\"]}]},{\"@type\":\"BreadcrumbList\",\"@id\":\"https:\/\/petalwhim.com\/refund-and-returns-policy\/#breadcrumb\",\"itemListElement\":[{\"@type\":\"ListItem\",\"position\":1,\"name\":\"Home\",\"item\":\"https:\/\/petalwhim.com\/\"},{\"@type\":\"ListItem\",\"position\":2,\"name\":\"Refund and Returns Policy\"}]},{\"@type\":\"WebSite\",\"@id\":\"https:\/\/petalwhim.com\/#website\",\"url\":\"https:\/\/petalwhim.com\/\",\"name\":\"Petal Whim\u2122\",\"description\":\"Rose in Glass\",\"publisher\":{\"@id\":\"https:\/\/petalwhim.com\/#organization\"},\"potentialAction\":[{\"@type\":\"SearchAction\",\"target\":{\"@type\":\"EntryPoint\",\"urlTemplate\":\"https:\/\/petalwhim.com\/?s={search_term_string}\"},\"query-input\":{\"@type\":\"PropertyValueSpecification\",\"valueRequired\":true,\"valueName\":\"search_term_string\"}}],\"inLanguage\":\"fr-FR\"},{\"@type\":\"Organization\",\"@id\":\"https:\/\/petalwhim.com\/#organization\",\"name\":\"Petal Whim\",\"alternateName\":\"Rose in Glass\",\"url\":\"https:\/\/petalwhim.com\/\",\"logo\":{\"@type\":\"ImageObject\",\"inLanguage\":\"fr-FR\",\"@id\":\"https:\/\/petalwhim.com\/#\/schema\/logo\/image\/\",\"url\":\"https:\/\/petalwhim.com\/wp-content\/uploads\/2024\/05\/cropped-Petal-Whim-Favicon.png\",\"contentUrl\":\"https:\/\/petalwhim.com\/wp-content\/uploads\/2024\/05\/cropped-Petal-Whim-Favicon.png\",\"width\":512,\"height\":512,\"caption\":\"Petal Whim\"},\"image\":{\"@id\":\"https:\/\/petalwhim.com\/#\/schema\/logo\/image\/\"}}]}<\/script>\n<!-- \/ Yoast SEO plugin. -->","yoast_head_json":{"title":"Politique de remboursement et de retour - Petal Whim\u2122","robots":{"index":"noindex","follow":"follow"},"og_locale":"fr_FR","og_type":"article","og_title":"Refund and Returns Policy - Petal Whim\u2122","og_description":"I would like to return or exchange* an item that does not suit me. Step 1: If you would like to return or exchange your item (to get a different size or color), please make sure that you meet the following conditions: You have 30 days following the reception of your package to return it [...]","og_url":"https:\/\/petalwhim.com\/fr\/politique-de-remboursement-et-de-retour\/","og_site_name":"Petal Whim\u2122","article_modified_time":"2024-06-06T01:04:53+00:00","og_image":[{"width":512,"height":512,"url":"https:\/\/petalwhim.com\/wp-content\/uploads\/2024\/05\/cropped-Petal-Whim-Favicon.png","type":"image\/png"}],"twitter_card":"summary_large_image","twitter_misc":{"Dur\u00e9e de lecture estim\u00e9e":"2 minutes"},"schema":{"@context":"https:\/\/schema.org","@graph":[{"@type":"WebPage","@id":"https:\/\/petalwhim.com\/refund-and-returns-policy\/","url":"https:\/\/petalwhim.com\/refund-and-returns-policy\/","name":"Politique de remboursement et de retour - Petal Whim\u2122","isPartOf":{"@id":"https:\/\/petalwhim.com\/#website"},"datePublished":"2024-04-10T02:26:26+00:00","dateModified":"2024-06-06T01:04:53+00:00","breadcrumb":{"@id":"https:\/\/petalwhim.com\/refund-and-returns-policy\/#breadcrumb"},"inLanguage":"fr-FR","potentialAction":[{"@type":"ReadAction","target":["https:\/\/petalwhim.com\/refund-and-returns-policy\/"]}]},{"@type":"BreadcrumbList","@id":"https:\/\/petalwhim.com\/refund-and-returns-policy\/#breadcrumb","itemListElement":[{"@type":"ListItem","position":1,"name":"Home","item":"https:\/\/petalwhim.com\/"},{"@type":"ListItem","position":2,"name":"Refund and Returns Policy"}]},{"@type":"WebSite","@id":"https:\/\/petalwhim.com\/#website","url":"https:\/\/petalwhim.com\/","name":"Petal Whim\u2122","description":"Rose en verre","publisher":{"@id":"https:\/\/petalwhim.com\/#organization"},"potentialAction":[{"@type":"SearchAction","target":{"@type":"EntryPoint","urlTemplate":"https:\/\/petalwhim.com\/?s={search_term_string}"},"query-input":{"@type":"PropertyValueSpecification","valueRequired":true,"valueName":"search_term_string"}}],"inLanguage":"fr-FR"},{"@type":"Organization","@id":"https:\/\/petalwhim.com\/#organization","name":"Petal Whim","alternateName":"Rose in Glass","url":"https:\/\/petalwhim.com\/","logo":{"@type":"ImageObject","inLanguage":"fr-FR","@id":"https:\/\/petalwhim.com\/#\/schema\/logo\/image\/","url":"https:\/\/petalwhim.com\/wp-content\/uploads\/2024\/05\/cropped-Petal-Whim-Favicon.png","contentUrl":"https:\/\/petalwhim.com\/wp-content\/uploads\/2024\/05\/cropped-Petal-Whim-Favicon.png","width":512,"height":512,"caption":"Petal Whim"},"image":{"@id":"https:\/\/petalwhim.com\/#\/schema\/logo\/image\/"}}]}},"_links":{"self":[{"href":"https:\/\/petalwhim.com\/fr\/wp-json\/wp\/v2\/pages\/24","targetHints":{"allow":["GET"]}}],"collection":[{"href":"https:\/\/petalwhim.com\/fr\/wp-json\/wp\/v2\/pages"}],"about":[{"href":"https:\/\/petalwhim.com\/fr\/wp-json\/wp\/v2\/types\/page"}],"author":[{"embeddable":true,"href":"https:\/\/petalwhim.com\/fr\/wp-json\/wp\/v2\/users\/1"}],"replies":[{"embeddable":true,"href":"https:\/\/petalwhim.com\/fr\/wp-json\/wp\/v2\/comments?post=24"}],"version-history":[{"count":0,"href":"https:\/\/petalwhim.com\/fr\/wp-json\/wp\/v2\/pages\/24\/revisions"}],"wp:attachment":[{"href":"https:\/\/petalwhim.com\/fr\/wp-json\/wp\/v2\/media?parent=24"}],"curies":[{"name":"wp","href":"https:\/\/api.w.org\/{rel}","templated":true}]}}