{"id":79,"date":"2024-04-19T04:56:34","date_gmt":"2024-04-19T04:56:34","guid":{"rendered":"https:\/\/petalwhim.com\/p\/eternal-pink-rose-under-glass-dome\/"},"modified":"2025-07-25T05:16:06","modified_gmt":"2025-07-25T05:16:06","slug":"ikuinen-vaaleanpunainen-ruusu-lasikupolin-alla","status":"publish","type":"product","link":"https:\/\/petalwhim.com\/fi\/p\/ikuinen-vaaleanpunainen-ruusu-lasikupolin-alla\/","title":{"rendered":"<span>Pieni ikuinen ruusu <\/span><span class=\"product-title-custom\">Ruusu lasikupolin alla<\/span>"},"content":{"rendered":"<h2>Haluatko l\u00f6yt\u00e4\u00e4 romanttisen lahjan rakkaallesi? <\/h2><p>Petal Whim\u2122 huolehtii kaikesta. Itse asiassa n\u00e4in\u00e4 vuoden viimeisin\u00e4 kuukausina h\u00e4n tarjoaa sinulle Small <strong>ikuinen vaaleanpunainen<\/strong> clochen alla. T\u00e4m\u00e4 kaunis vaaleanpunainen Small on saatavana pellill\u00e4, jonka p\u00e4\u00e4ll\u00e4 on kaunis pieni syd\u00e4n, joka saa sinut varmasti rakastumaan. <\/p><p>Vaaleanpunainen v\u00e4ri, jota k\u00e4ytet\u00e4\u00e4n t\u00e4ss\u00e4 kauniissa kukassa, on merkki rakkauden viattomasta luonteesta. <\/p><p>T\u00e4m\u00e4 kukka on ihana lahja, jonka voit antaa h\u00e4iss\u00e4, ja se pit\u00e4\u00e4 l\u00e4sn\u00e4olijat mieless\u00e4, ett\u00e4 avioliitto on el\u00e4m\u00e4n kaunein p\u00e4iv\u00e4. <\/p>","protected":false},"excerpt":{"rendered":"Haluatko l\u00f6yt\u00e4\u00e4 romanttisen lahjan rakkaallesi? Petal Whim\u2122 huolehtii kaikesta. Itse asiassa n\u00e4in\u00e4 vuoden viimeisin\u00e4 kuukausina h\u00e4n tarjoaa sinulle Small ikuisen vaaleanpunaisen alla cloche. T\u00e4m\u00e4 kaunis vaaleanpunainen Small on saatavana clochensa kanssa, jonka p\u00e4\u00e4ll\u00e4 on kaunis pieni syd\u00e4n, joka varmasti tekee [...].","protected":false},"featured_media":78,"template":"","meta":[],"product_brand":[],"product_cat":[15,36,35],"product_tag":[34],"class_list":{"0":"post-79","1":"product","2":"type-product","3":"status-publish","4":"has-post-thumbnail","6":"product_cat-all-products","7":"product_cat-best-sellers","8":"product_cat-small-forever-rose","9":"product_tag-small-rose-in-glass","11":"first","12":"instock","13":"shipping-taxable","14":"purchasable","15":"product-type-simple"},"yoast_head":"<!-- This site is optimized with the Yoast SEO plugin v25.9 - https:\/\/yoast.com\/wordpress\/plugins\/seo\/ -->\n<title>Small Eternal Rose Rose under Glass Dome | Suomi Florist<\/title>\n<meta name=\"description\" content=\"Celebrate everlasting love with our Small Eternal Rose Rose under Glass Dome .\ud83c\udf39Symbolize your endless affection. Shop now and get a free...\" \/>\n<meta name=\"robots\" content=\"index, follow, max-snippet:-1, max-image-preview:large, max-video-preview:-1\" \/>\n<link rel=\"canonical\" href=\"https:\/\/petalwhim.com\/fi\/p\/ikuinen-vaaleanpunainen-ruusu-lasikupolin-alla\/\" \/>\n<meta property=\"og:locale\" content=\"fi_FI\" \/>\n<meta property=\"og:type\" content=\"article\" \/>\n<meta property=\"og:title\" content=\"Small Eternal Rose Rose under Glass Dome | Suomi Florist\" \/>\n<meta property=\"og:description\" content=\"Celebrate everlasting love with our Small Eternal Rose Rose under Glass Dome .\ud83c\udf39Symbolize your endless affection. Shop now and get a free...\" \/>\n<meta property=\"og:url\" content=\"https:\/\/petalwhim.com\/fi\/p\/ikuinen-vaaleanpunainen-ruusu-lasikupolin-alla\/\" \/>\n<meta property=\"og:site_name\" content=\"Petal Whim\u2122\" \/>\n<meta property=\"article:modified_time\" content=\"2025-07-25T05:16:06+00:00\" \/>\n<meta property=\"og:image\" content=\"https:\/\/petalwhim.com\/wp-content\/uploads\/2024\/04\/product-image-1594224960.jpg\" \/>\n\t<meta property=\"og:image:width\" content=\"640\" \/>\n\t<meta property=\"og:image:height\" content=\"640\" \/>\n\t<meta property=\"og:image:type\" content=\"image\/jpeg\" \/>\n<meta name=\"twitter:card\" content=\"summary_large_image\" \/>\n<meta name=\"twitter:label1\" content=\"Arvioitu lukuaika\" \/>\n\t<meta name=\"twitter:data1\" content=\"1 minuutti\" \/>\n<script type=\"application\/ld+json\" class=\"yoast-schema-graph\">{\"@context\":\"https:\/\/schema.org\",\"@graph\":[{\"@type\":\"WebPage\",\"@id\":\"https:\/\/petalwhim.com\/p\/eternal-pink-rose-under-glass-dome\/\",\"url\":\"https:\/\/petalwhim.com\/p\/eternal-pink-rose-under-glass-dome\/\",\"name\":\"Small Eternal Rose Rose under Glass Dome | Suomi Florist\",\"isPartOf\":{\"@id\":\"https:\/\/petalwhim.com\/#website\"},\"primaryImageOfPage\":{\"@id\":\"https:\/\/petalwhim.com\/p\/eternal-pink-rose-under-glass-dome\/#primaryimage\"},\"image\":{\"@id\":\"https:\/\/petalwhim.com\/p\/eternal-pink-rose-under-glass-dome\/#primaryimage\"},\"thumbnailUrl\":\"https:\/\/petalwhim.com\/wp-content\/uploads\/2024\/04\/product-image-1594224960.jpg\",\"datePublished\":\"2024-04-19T04:56:34+00:00\",\"dateModified\":\"2025-07-25T05:16:06+00:00\",\"description\":\"Celebrate everlasting love with our Small Eternal Rose Rose under Glass Dome .\ud83c\udf39Symbolize your endless affection. Shop now and get a free...\",\"breadcrumb\":{\"@id\":\"https:\/\/petalwhim.com\/p\/eternal-pink-rose-under-glass-dome\/#breadcrumb\"},\"inLanguage\":\"fi\",\"potentialAction\":[{\"@type\":\"ReadAction\",\"target\":[\"https:\/\/petalwhim.com\/p\/eternal-pink-rose-under-glass-dome\/\"]}]},{\"@type\":\"ImageObject\",\"inLanguage\":\"fi\",\"@id\":\"https:\/\/petalwhim.com\/p\/eternal-pink-rose-under-glass-dome\/#primaryimage\",\"url\":\"https:\/\/petalwhim.com\/wp-content\/uploads\/2024\/04\/product-image-1594224960.jpg\",\"contentUrl\":\"https:\/\/petalwhim.com\/wp-content\/uploads\/2024\/04\/product-image-1594224960.jpg\",\"width\":640,\"height\":640,\"caption\":\"Small Eternal Rose Rose under Glass Dome\"},{\"@type\":\"BreadcrumbList\",\"@id\":\"https:\/\/petalwhim.com\/p\/eternal-pink-rose-under-glass-dome\/#breadcrumb\",\"itemListElement\":[{\"@type\":\"ListItem\",\"position\":1,\"name\":\"Home\",\"item\":\"https:\/\/petalwhim.com\/\"},{\"@type\":\"ListItem\",\"position\":2,\"name\":\"Shop\",\"item\":\"https:\/\/petalwhim.com\/shop\/\"},{\"@type\":\"ListItem\",\"position\":3,\"name\":\"Small Eternal Rose Rose under Glass Dome\"}]},{\"@type\":\"WebSite\",\"@id\":\"https:\/\/petalwhim.com\/#website\",\"url\":\"https:\/\/petalwhim.com\/\",\"name\":\"Petal Whim\u2122\",\"description\":\"Rose in Glass\",\"publisher\":{\"@id\":\"https:\/\/petalwhim.com\/#organization\"},\"potentialAction\":[{\"@type\":\"SearchAction\",\"target\":{\"@type\":\"EntryPoint\",\"urlTemplate\":\"https:\/\/petalwhim.com\/?s={search_term_string}\"},\"query-input\":{\"@type\":\"PropertyValueSpecification\",\"valueRequired\":true,\"valueName\":\"search_term_string\"}}],\"inLanguage\":\"fi\"},{\"@type\":\"Organization\",\"@id\":\"https:\/\/petalwhim.com\/#organization\",\"name\":\"Petal Whim\",\"alternateName\":\"Rose in Glass\",\"url\":\"https:\/\/petalwhim.com\/\",\"logo\":{\"@type\":\"ImageObject\",\"inLanguage\":\"fi\",\"@id\":\"https:\/\/petalwhim.com\/#\/schema\/logo\/image\/\",\"url\":\"https:\/\/petalwhim.com\/wp-content\/uploads\/2024\/05\/cropped-Petal-Whim-Favicon.png\",\"contentUrl\":\"https:\/\/petalwhim.com\/wp-content\/uploads\/2024\/05\/cropped-Petal-Whim-Favicon.png\",\"width\":512,\"height\":512,\"caption\":\"Petal Whim\"},\"image\":{\"@id\":\"https:\/\/petalwhim.com\/#\/schema\/logo\/image\/\"}}]}<\/script>\n<!-- \/ Yoast SEO plugin. -->","yoast_head_json":{"title":"Pieni ikuinen ruusu Ruusu lasikupolin alla | Suomi Kukkakauppa","description":"Juhli ikuista rakkautta pienell\u00e4 ikuisella ruusulla ruusu lasikupolin alla .\ud83c\udf39Symbolisoi loputonta kiintymyst\u00e4si. Osta nyt ja saat ilmaisen...","robots":{"index":"index","follow":"follow","max-snippet":"max-snippet:-1","max-image-preview":"max-image-preview:large","max-video-preview":"max-video-preview:-1"},"canonical":"https:\/\/petalwhim.com\/fi\/p\/ikuinen-vaaleanpunainen-ruusu-lasikupolin-alla\/","og_locale":"fi_FI","og_type":"article","og_title":"Small Eternal Rose Rose under Glass Dome | Suomi Florist","og_description":"Celebrate everlasting love with our Small Eternal Rose Rose under Glass Dome .\ud83c\udf39Symbolize your endless affection. Shop now and get a free...","og_url":"https:\/\/petalwhim.com\/fi\/p\/ikuinen-vaaleanpunainen-ruusu-lasikupolin-alla\/","og_site_name":"Petal Whim\u2122","article_modified_time":"2025-07-25T05:16:06+00:00","og_image":[{"width":640,"height":640,"url":"https:\/\/petalwhim.com\/wp-content\/uploads\/2024\/04\/product-image-1594224960.jpg","type":"image\/jpeg"}],"twitter_card":"summary_large_image","twitter_misc":{"Arvioitu lukuaika":"1 minuutti"},"schema":{"@context":"https:\/\/schema.org","@graph":[{"@type":"WebPage","@id":"https:\/\/petalwhim.com\/p\/eternal-pink-rose-under-glass-dome\/","url":"https:\/\/petalwhim.com\/p\/eternal-pink-rose-under-glass-dome\/","name":"Pieni ikuinen ruusu Ruusu lasikupolin alla | Suomi Kukkakauppa","isPartOf":{"@id":"https:\/\/petalwhim.com\/#website"},"primaryImageOfPage":{"@id":"https:\/\/petalwhim.com\/p\/eternal-pink-rose-under-glass-dome\/#primaryimage"},"image":{"@id":"https:\/\/petalwhim.com\/p\/eternal-pink-rose-under-glass-dome\/#primaryimage"},"thumbnailUrl":"https:\/\/petalwhim.com\/wp-content\/uploads\/2024\/04\/product-image-1594224960.jpg","datePublished":"2024-04-19T04:56:34+00:00","dateModified":"2025-07-25T05:16:06+00:00","description":"Juhli ikuista rakkautta pienell\u00e4 ikuisella ruusulla ruusu lasikupolin alla .\ud83c\udf39Symbolisoi loputonta kiintymyst\u00e4si. Osta nyt ja saat ilmaisen...","breadcrumb":{"@id":"https:\/\/petalwhim.com\/p\/eternal-pink-rose-under-glass-dome\/#breadcrumb"},"inLanguage":"fi","potentialAction":[{"@type":"ReadAction","target":["https:\/\/petalwhim.com\/p\/eternal-pink-rose-under-glass-dome\/"]}]},{"@type":"ImageObject","inLanguage":"fi","@id":"https:\/\/petalwhim.com\/p\/eternal-pink-rose-under-glass-dome\/#primaryimage","url":"https:\/\/petalwhim.com\/wp-content\/uploads\/2024\/04\/product-image-1594224960.jpg","contentUrl":"https:\/\/petalwhim.com\/wp-content\/uploads\/2024\/04\/product-image-1594224960.jpg","width":640,"height":640,"caption":"Small Eternal Rose Rose under Glass Dome"},{"@type":"BreadcrumbList","@id":"https:\/\/petalwhim.com\/p\/eternal-pink-rose-under-glass-dome\/#breadcrumb","itemListElement":[{"@type":"ListItem","position":1,"name":"Home","item":"https:\/\/petalwhim.com\/"},{"@type":"ListItem","position":2,"name":"Shop","item":"https:\/\/petalwhim.com\/shop\/"},{"@type":"ListItem","position":3,"name":"Small Eternal Rose Rose under Glass Dome"}]},{"@type":"WebSite","@id":"https:\/\/petalwhim.com\/#website","url":"https:\/\/petalwhim.com\/","name":"Petal Whim\u2122","description":"Ruusu lasissa","publisher":{"@id":"https:\/\/petalwhim.com\/#organization"},"potentialAction":[{"@type":"SearchAction","target":{"@type":"EntryPoint","urlTemplate":"https:\/\/petalwhim.com\/?s={search_term_string}"},"query-input":{"@type":"PropertyValueSpecification","valueRequired":true,"valueName":"search_term_string"}}],"inLanguage":"fi"},{"@type":"Organization","@id":"https:\/\/petalwhim.com\/#organization","name":"Ter\u00e4lehdet Whim","alternateName":"Rose in Glass","url":"https:\/\/petalwhim.com\/","logo":{"@type":"ImageObject","inLanguage":"fi","@id":"https:\/\/petalwhim.com\/#\/schema\/logo\/image\/","url":"https:\/\/petalwhim.com\/wp-content\/uploads\/2024\/05\/cropped-Petal-Whim-Favicon.png","contentUrl":"https:\/\/petalwhim.com\/wp-content\/uploads\/2024\/05\/cropped-Petal-Whim-Favicon.png","width":512,"height":512,"caption":"Petal Whim"},"image":{"@id":"https:\/\/petalwhim.com\/#\/schema\/logo\/image\/"}}]}},"_links":{"self":[{"href":"https:\/\/petalwhim.com\/fi\/wp-json\/wp\/v2\/product\/79","targetHints":{"allow":["GET"]}}],"collection":[{"href":"https:\/\/petalwhim.com\/fi\/wp-json\/wp\/v2\/product"}],"about":[{"href":"https:\/\/petalwhim.com\/fi\/wp-json\/wp\/v2\/types\/product"}],"wp:featuredmedia":[{"embeddable":true,"href":"https:\/\/petalwhim.com\/fi\/wp-json\/wp\/v2\/media\/78"}],"wp:attachment":[{"href":"https:\/\/petalwhim.com\/fi\/wp-json\/wp\/v2\/media?parent=79"}],"wp:term":[{"taxonomy":"product_brand","embeddable":true,"href":"https:\/\/petalwhim.com\/fi\/wp-json\/wp\/v2\/product_brand?post=79"},{"taxonomy":"product_cat","embeddable":true,"href":"https:\/\/petalwhim.com\/fi\/wp-json\/wp\/v2\/product_cat?post=79"},{"taxonomy":"product_tag","embeddable":true,"href":"https:\/\/petalwhim.com\/fi\/wp-json\/wp\/v2\/product_tag?post=79"}],"curies":[{"name":"wp","href":"https:\/\/api.w.org\/{rel}","templated":true}]}}