{"id":229,"date":"2024-04-19T05:01:59","date_gmt":"2024-04-19T05:01:59","guid":{"rendered":"https:\/\/petalwhim.com\/p\/mini-pink-and-violet-eternal-rose-under-glass-dome\/"},"modified":"2025-07-25T05:16:02","modified_gmt":"2025-07-25T05:16:02","slug":"mini-vaaleanpunainen-ja-violetti-ikuinen-ruusu-lasikupolin-alla","status":"publish","type":"product","link":"https:\/\/petalwhim.com\/fi\/p\/mini-vaaleanpunainen-ja-violetti-ikuinen-ruusu-lasikupolin-alla\/","title":{"rendered":"<span>Mini ikuinen ruusu lasikupolin alla <\/span><span class=\"product-title-custom\">Vaaleanpunainen ja violetti<\/span>"},"content":{"rendered":"<h2>Upea ja romanttinen ikuinen ruusu clochin alla.<\/h2><p>L\u00f6yd\u00e4 syd\u00e4menmuotoisen rannepellin alta upea ruusu, jossa sekoittuvat vaaleanpunainen ja violetti v\u00e4ri. Se lep\u00e4\u00e4 hell\u00e4sti sammalkotelossa, ja sit\u00e4 ymp\u00e4r\u00f6iv\u00e4t helmet ja pienet vaaleanpunaiset kukat.<br><br>Vaaleanpunainen v\u00e4ri tuo mieleen romantiikan ja hellyyden. Se pirist\u00e4\u00e4 vastaanottajan p\u00e4iv\u00e4\u00e4. Violetti v\u00e4ri juhlistaa uneliaisuutta ja herkkyytt\u00e4 sek\u00e4 rauhaa.<br><br>Antamalla t\u00e4m\u00e4n upean ikuisen ruusun vaaleanpunaisen ja violetin clochen alla osoitat rakkaallesi, kuinka paljon v\u00e4lit\u00e4t. Osoitat h\u00e4nelle, ett\u00e4 rakkautesi on vahvempi kuin koskaan. Se voi olla my\u00f6s kaunis lahja kosinnan yhteydess\u00e4 tai yksinkertaisesti tehd\u00e4 t\u00e4st\u00e4 ikuisesta ruususta intohimosi symbolin.    <\/p>","protected":false},"excerpt":{"rendered":"Upea ja romanttinen ikuinen ruusu pellin allaSyd\u00e4menmuotoisen rannepellin alla on upea ruusu, jossa sekoittuvat vaaleanpunainen ja violetti v\u00e4ri. Se lep\u00e4\u00e4 herk\u00e4sti sammalkotelon p\u00e4\u00e4ll\u00e4, ja sit\u00e4 ymp\u00e4r\u00f6iv\u00e4t helmet ja pienet vaaleanpunaiset kukat.Vaaleanpunainen v\u00e4ri tuo mieleen romantiikan ja hellyyden. Se pirist\u00e4\u00e4 vastaanottajan p\u00e4iv\u00e4\u00e4. Violetti v\u00e4ri juhlistaa uneliaisuutta ja [...].","protected":false},"featured_media":228,"template":"","meta":[],"product_brand":[],"product_cat":[15,36,35],"product_tag":[34],"class_list":{"0":"post-229","1":"product","2":"type-product","3":"status-publish","4":"has-post-thumbnail","6":"product_cat-all-products","7":"product_cat-best-sellers","8":"product_cat-small-forever-rose","9":"product_tag-small-rose-in-glass","11":"first","12":"instock","13":"shipping-taxable","14":"purchasable","15":"product-type-simple"},"yoast_head":"<!-- This site is optimized with the Yoast SEO plugin v25.9 - https:\/\/yoast.com\/wordpress\/plugins\/seo\/ -->\n<title>Mini Eternal Rose under Glass Dome Pink and Violet | Suomi Florist<\/title>\n<meta name=\"description\" content=\"Celebrate everlasting love with our Mini Eternal Rose under Glass Dome Pink and Violet .\ud83c\udf39Symbolize your endless affection. Shop now and get a free...\" \/>\n<meta name=\"robots\" content=\"index, follow, max-snippet:-1, max-image-preview:large, max-video-preview:-1\" \/>\n<link rel=\"canonical\" href=\"https:\/\/petalwhim.com\/fi\/p\/mini-vaaleanpunainen-ja-violetti-ikuinen-ruusu-lasikupolin-alla\/\" \/>\n<meta property=\"og:locale\" content=\"fi_FI\" \/>\n<meta property=\"og:type\" content=\"article\" \/>\n<meta property=\"og:title\" content=\"Mini Eternal Rose under Glass Dome Pink and Violet | Suomi Florist\" \/>\n<meta property=\"og:description\" content=\"Celebrate everlasting love with our Mini Eternal Rose under Glass Dome Pink and Violet .\ud83c\udf39Symbolize your endless affection. Shop now and get a free...\" \/>\n<meta property=\"og:url\" content=\"https:\/\/petalwhim.com\/fi\/p\/mini-vaaleanpunainen-ja-violetti-ikuinen-ruusu-lasikupolin-alla\/\" \/>\n<meta property=\"og:site_name\" content=\"Petal Whim\u2122\" \/>\n<meta property=\"article:modified_time\" content=\"2025-07-25T05:16:02+00:00\" \/>\n<meta property=\"og:image\" content=\"https:\/\/petalwhim.com\/wp-content\/uploads\/2024\/04\/product-image-1487364156_05749d4d-0a62-4042-b220-174ffd02837d.jpg\" \/>\n\t<meta property=\"og:image:width\" content=\"640\" \/>\n\t<meta property=\"og:image:height\" content=\"640\" \/>\n\t<meta property=\"og:image:type\" content=\"image\/jpeg\" \/>\n<meta name=\"twitter:card\" content=\"summary_large_image\" \/>\n<meta name=\"twitter:label1\" content=\"Arvioitu lukuaika\" \/>\n\t<meta name=\"twitter:data1\" content=\"1 minuutti\" \/>\n<script type=\"application\/ld+json\" class=\"yoast-schema-graph\">{\"@context\":\"https:\/\/schema.org\",\"@graph\":[{\"@type\":\"WebPage\",\"@id\":\"https:\/\/petalwhim.com\/p\/mini-pink-and-violet-eternal-rose-under-glass-dome\/\",\"url\":\"https:\/\/petalwhim.com\/p\/mini-pink-and-violet-eternal-rose-under-glass-dome\/\",\"name\":\"Mini Eternal Rose under Glass Dome Pink and Violet | Suomi Florist\",\"isPartOf\":{\"@id\":\"https:\/\/petalwhim.com\/#website\"},\"primaryImageOfPage\":{\"@id\":\"https:\/\/petalwhim.com\/p\/mini-pink-and-violet-eternal-rose-under-glass-dome\/#primaryimage\"},\"image\":{\"@id\":\"https:\/\/petalwhim.com\/p\/mini-pink-and-violet-eternal-rose-under-glass-dome\/#primaryimage\"},\"thumbnailUrl\":\"https:\/\/petalwhim.com\/wp-content\/uploads\/2024\/04\/product-image-1487364156_05749d4d-0a62-4042-b220-174ffd02837d.jpg\",\"datePublished\":\"2024-04-19T05:01:59+00:00\",\"dateModified\":\"2025-07-25T05:16:02+00:00\",\"description\":\"Celebrate everlasting love with our Mini Eternal Rose under Glass Dome Pink and Violet .\ud83c\udf39Symbolize your endless affection. Shop now and get a free...\",\"breadcrumb\":{\"@id\":\"https:\/\/petalwhim.com\/p\/mini-pink-and-violet-eternal-rose-under-glass-dome\/#breadcrumb\"},\"inLanguage\":\"fi\",\"potentialAction\":[{\"@type\":\"ReadAction\",\"target\":[\"https:\/\/petalwhim.com\/p\/mini-pink-and-violet-eternal-rose-under-glass-dome\/\"]}]},{\"@type\":\"ImageObject\",\"inLanguage\":\"fi\",\"@id\":\"https:\/\/petalwhim.com\/p\/mini-pink-and-violet-eternal-rose-under-glass-dome\/#primaryimage\",\"url\":\"https:\/\/petalwhim.com\/wp-content\/uploads\/2024\/04\/product-image-1487364156_05749d4d-0a62-4042-b220-174ffd02837d.jpg\",\"contentUrl\":\"https:\/\/petalwhim.com\/wp-content\/uploads\/2024\/04\/product-image-1487364156_05749d4d-0a62-4042-b220-174ffd02837d.jpg\",\"width\":640,\"height\":640,\"caption\":\"Mini Eternal Rose under Glass Dome Pink and Violet\"},{\"@type\":\"BreadcrumbList\",\"@id\":\"https:\/\/petalwhim.com\/p\/mini-pink-and-violet-eternal-rose-under-glass-dome\/#breadcrumb\",\"itemListElement\":[{\"@type\":\"ListItem\",\"position\":1,\"name\":\"Home\",\"item\":\"https:\/\/petalwhim.com\/\"},{\"@type\":\"ListItem\",\"position\":2,\"name\":\"Shop\",\"item\":\"https:\/\/petalwhim.com\/shop\/\"},{\"@type\":\"ListItem\",\"position\":3,\"name\":\"Mini Eternal Rose under Glass Dome Pink and Violet\"}]},{\"@type\":\"WebSite\",\"@id\":\"https:\/\/petalwhim.com\/#website\",\"url\":\"https:\/\/petalwhim.com\/\",\"name\":\"Petal Whim\u2122\",\"description\":\"Rose in Glass\",\"publisher\":{\"@id\":\"https:\/\/petalwhim.com\/#organization\"},\"potentialAction\":[{\"@type\":\"SearchAction\",\"target\":{\"@type\":\"EntryPoint\",\"urlTemplate\":\"https:\/\/petalwhim.com\/?s={search_term_string}\"},\"query-input\":{\"@type\":\"PropertyValueSpecification\",\"valueRequired\":true,\"valueName\":\"search_term_string\"}}],\"inLanguage\":\"fi\"},{\"@type\":\"Organization\",\"@id\":\"https:\/\/petalwhim.com\/#organization\",\"name\":\"Petal Whim\",\"alternateName\":\"Rose in Glass\",\"url\":\"https:\/\/petalwhim.com\/\",\"logo\":{\"@type\":\"ImageObject\",\"inLanguage\":\"fi\",\"@id\":\"https:\/\/petalwhim.com\/#\/schema\/logo\/image\/\",\"url\":\"https:\/\/petalwhim.com\/wp-content\/uploads\/2024\/05\/cropped-Petal-Whim-Favicon.png\",\"contentUrl\":\"https:\/\/petalwhim.com\/wp-content\/uploads\/2024\/05\/cropped-Petal-Whim-Favicon.png\",\"width\":512,\"height\":512,\"caption\":\"Petal Whim\"},\"image\":{\"@id\":\"https:\/\/petalwhim.com\/#\/schema\/logo\/image\/\"}}]}<\/script>\n<!-- \/ Yoast SEO plugin. -->","yoast_head_json":{"title":"Mini ikuinen ruusu lasikupolin alla vaaleanpunainen ja violetti | Suomi Kukkakauppa","description":"Juhli ikuista rakkautta Mini ikuinen ruusu lasikupolin alla vaaleanpunainen ja violetti .\ud83c\udf39Symbolisoi loputonta kiintymyst\u00e4si. Osta nyt ja saat ilmaisen...","robots":{"index":"index","follow":"follow","max-snippet":"max-snippet:-1","max-image-preview":"max-image-preview:large","max-video-preview":"max-video-preview:-1"},"canonical":"https:\/\/petalwhim.com\/fi\/p\/mini-vaaleanpunainen-ja-violetti-ikuinen-ruusu-lasikupolin-alla\/","og_locale":"fi_FI","og_type":"article","og_title":"Mini Eternal Rose under Glass Dome Pink and Violet | Suomi Florist","og_description":"Celebrate everlasting love with our Mini Eternal Rose under Glass Dome Pink and Violet .\ud83c\udf39Symbolize your endless affection. Shop now and get a free...","og_url":"https:\/\/petalwhim.com\/fi\/p\/mini-vaaleanpunainen-ja-violetti-ikuinen-ruusu-lasikupolin-alla\/","og_site_name":"Petal Whim\u2122","article_modified_time":"2025-07-25T05:16:02+00:00","og_image":[{"width":640,"height":640,"url":"https:\/\/petalwhim.com\/wp-content\/uploads\/2024\/04\/product-image-1487364156_05749d4d-0a62-4042-b220-174ffd02837d.jpg","type":"image\/jpeg"}],"twitter_card":"summary_large_image","twitter_misc":{"Arvioitu lukuaika":"1 minuutti"},"schema":{"@context":"https:\/\/schema.org","@graph":[{"@type":"WebPage","@id":"https:\/\/petalwhim.com\/p\/mini-pink-and-violet-eternal-rose-under-glass-dome\/","url":"https:\/\/petalwhim.com\/p\/mini-pink-and-violet-eternal-rose-under-glass-dome\/","name":"Mini ikuinen ruusu lasikupolin alla vaaleanpunainen ja violetti | Suomi Kukkakauppa","isPartOf":{"@id":"https:\/\/petalwhim.com\/#website"},"primaryImageOfPage":{"@id":"https:\/\/petalwhim.com\/p\/mini-pink-and-violet-eternal-rose-under-glass-dome\/#primaryimage"},"image":{"@id":"https:\/\/petalwhim.com\/p\/mini-pink-and-violet-eternal-rose-under-glass-dome\/#primaryimage"},"thumbnailUrl":"https:\/\/petalwhim.com\/wp-content\/uploads\/2024\/04\/product-image-1487364156_05749d4d-0a62-4042-b220-174ffd02837d.jpg","datePublished":"2024-04-19T05:01:59+00:00","dateModified":"2025-07-25T05:16:02+00:00","description":"Juhli ikuista rakkautta Mini ikuinen ruusu lasikupolin alla vaaleanpunainen ja violetti .\ud83c\udf39Symbolisoi loputonta kiintymyst\u00e4si. Osta nyt ja saat ilmaisen...","breadcrumb":{"@id":"https:\/\/petalwhim.com\/p\/mini-pink-and-violet-eternal-rose-under-glass-dome\/#breadcrumb"},"inLanguage":"fi","potentialAction":[{"@type":"ReadAction","target":["https:\/\/petalwhim.com\/p\/mini-pink-and-violet-eternal-rose-under-glass-dome\/"]}]},{"@type":"ImageObject","inLanguage":"fi","@id":"https:\/\/petalwhim.com\/p\/mini-pink-and-violet-eternal-rose-under-glass-dome\/#primaryimage","url":"https:\/\/petalwhim.com\/wp-content\/uploads\/2024\/04\/product-image-1487364156_05749d4d-0a62-4042-b220-174ffd02837d.jpg","contentUrl":"https:\/\/petalwhim.com\/wp-content\/uploads\/2024\/04\/product-image-1487364156_05749d4d-0a62-4042-b220-174ffd02837d.jpg","width":640,"height":640,"caption":"Mini Eternal Rose under Glass Dome Pink and Violet"},{"@type":"BreadcrumbList","@id":"https:\/\/petalwhim.com\/p\/mini-pink-and-violet-eternal-rose-under-glass-dome\/#breadcrumb","itemListElement":[{"@type":"ListItem","position":1,"name":"Home","item":"https:\/\/petalwhim.com\/"},{"@type":"ListItem","position":2,"name":"Shop","item":"https:\/\/petalwhim.com\/shop\/"},{"@type":"ListItem","position":3,"name":"Mini Eternal Rose under Glass Dome Pink and Violet"}]},{"@type":"WebSite","@id":"https:\/\/petalwhim.com\/#website","url":"https:\/\/petalwhim.com\/","name":"Petal Whim\u2122","description":"Ruusu lasissa","publisher":{"@id":"https:\/\/petalwhim.com\/#organization"},"potentialAction":[{"@type":"SearchAction","target":{"@type":"EntryPoint","urlTemplate":"https:\/\/petalwhim.com\/?s={search_term_string}"},"query-input":{"@type":"PropertyValueSpecification","valueRequired":true,"valueName":"search_term_string"}}],"inLanguage":"fi"},{"@type":"Organization","@id":"https:\/\/petalwhim.com\/#organization","name":"Ter\u00e4lehdet Whim","alternateName":"Rose in Glass","url":"https:\/\/petalwhim.com\/","logo":{"@type":"ImageObject","inLanguage":"fi","@id":"https:\/\/petalwhim.com\/#\/schema\/logo\/image\/","url":"https:\/\/petalwhim.com\/wp-content\/uploads\/2024\/05\/cropped-Petal-Whim-Favicon.png","contentUrl":"https:\/\/petalwhim.com\/wp-content\/uploads\/2024\/05\/cropped-Petal-Whim-Favicon.png","width":512,"height":512,"caption":"Petal Whim"},"image":{"@id":"https:\/\/petalwhim.com\/#\/schema\/logo\/image\/"}}]}},"_links":{"self":[{"href":"https:\/\/petalwhim.com\/fi\/wp-json\/wp\/v2\/product\/229","targetHints":{"allow":["GET"]}}],"collection":[{"href":"https:\/\/petalwhim.com\/fi\/wp-json\/wp\/v2\/product"}],"about":[{"href":"https:\/\/petalwhim.com\/fi\/wp-json\/wp\/v2\/types\/product"}],"wp:featuredmedia":[{"embeddable":true,"href":"https:\/\/petalwhim.com\/fi\/wp-json\/wp\/v2\/media\/228"}],"wp:attachment":[{"href":"https:\/\/petalwhim.com\/fi\/wp-json\/wp\/v2\/media?parent=229"}],"wp:term":[{"taxonomy":"product_brand","embeddable":true,"href":"https:\/\/petalwhim.com\/fi\/wp-json\/wp\/v2\/product_brand?post=229"},{"taxonomy":"product_cat","embeddable":true,"href":"https:\/\/petalwhim.com\/fi\/wp-json\/wp\/v2\/product_cat?post=229"},{"taxonomy":"product_tag","embeddable":true,"href":"https:\/\/petalwhim.com\/fi\/wp-json\/wp\/v2\/product_tag?post=229"}],"curies":[{"name":"wp","href":"https:\/\/api.w.org\/{rel}","templated":true}]}}