{"id":191,"date":"2024-04-19T05:00:50","date_gmt":"2024-04-19T05:00:50","guid":{"rendered":"https:\/\/petalwhim.com\/p\/beauty-and-the-beast-eternal-rose\/"},"modified":"2025-07-25T05:16:03","modified_gmt":"2025-07-25T05:16:03","slug":"kaunotar-ja-peto-ikuinen-ruusu","status":"publish","type":"product","link":"https:\/\/petalwhim.com\/fi\/p\/kaunotar-ja-peto-ikuinen-ruusu\/","title":{"rendered":"<span>Ikuinen ruusu <\/span><span class=\"product-title-custom\">Kaunotar ja hirvi\u00f6<\/span>"},"content":{"rendered":"<h2>Ikuinen ruusu symboloi ikuista rakkautta ja voimakkaita tunteita, aivan kuten Kaunottaren ja hirvi\u00f6n tarinassa.<\/h2><p>T\u00e4ss\u00e4 tuotteessa on violetti <strong>ikuinen ruusu<\/strong>, kauniit lehdet ja kullanv\u00e4rinen varsi sek\u00e4 hieno kevyt kranssi tuovat pehmeytt\u00e4 ja l\u00e4mp\u00f6\u00e4 kotiisi. Kokonaisuus on peitetty <strong>paksu lasikello<\/strong> ja sen musta pohja.<br><br>Ikuinen ruusu on <strong>kuolematon kukka<\/strong> .  T\u00e4m\u00e4 maaginen, hohtava ruusu ei tarvitse erityist\u00e4 hoitoa. Y\u00f6p\u00f6yd\u00e4lle tai olohuoneeseen asetettuna t\u00e4m\u00e4n ikuisen ruusun kuolemattomuus her\u00e4tt\u00e4\u00e4 mieleen... <strong>muistoja ja kaikenlaisia tunteita sinulle joka p\u00e4iv\u00e4. <\/strong> <br><br>Voit tarjota t\u00e4m\u00e4n kauniin ruusun alla cloche, sill\u00e4 <strong>erityiset tilaisuudet<\/strong> kuten yst\u00e4v\u00e4np\u00e4iv\u00e4n\u00e4, vuosip\u00e4iv\u00e4n\u00e4 tai yksinkertaisesti ilmaistakseen kiihke\u00e4\u00e4 rakkautta.  <\/p>","protected":false},"excerpt":{"rendered":"Ikuinen ruusu symboloi ikuista rakkautta ja voimakkaita tunteita, aivan kuten tarina Kaunottaresta ja hirvi\u00f6st\u00e4.T\u00e4ss\u00e4 tuotteessa on violetti ikuinen ruusu, kauniit lehdet ja kullanv\u00e4rinen varsi sek\u00e4 hieno valokoriste, joka tuo pehmeytt\u00e4 ja l\u00e4mp\u00f6\u00e4 kotiin. Kokonaisuus on peitetty paksulla lasikellolla [...]","protected":false},"featured_media":190,"template":"","meta":[],"product_brand":[],"product_cat":[15,36],"product_tag":[33],"class_list":{"0":"post-191","1":"product","2":"type-product","3":"status-publish","4":"has-post-thumbnail","6":"product_cat-all-products","7":"product_cat-best-sellers","8":"product_tag-rose-in-glass-dome","10":"first","11":"instock","12":"shipping-taxable","13":"purchasable","14":"product-type-simple"},"yoast_head":"<!-- This site is optimized with the Yoast SEO plugin v25.9 - https:\/\/yoast.com\/wordpress\/plugins\/seo\/ -->\n<title>Eternal Rose Beauty and the Beast | Suomi Florist<\/title>\n<meta name=\"description\" content=\"Celebrate everlasting love with our Eternal Rose Beauty and the Beast .\ud83c\udf39Symbolize your endless affection. Shop now and get a free...\" \/>\n<meta name=\"robots\" content=\"index, follow, max-snippet:-1, max-image-preview:large, max-video-preview:-1\" \/>\n<link rel=\"canonical\" href=\"https:\/\/petalwhim.com\/fi\/p\/kaunotar-ja-peto-ikuinen-ruusu\/\" \/>\n<meta property=\"og:locale\" content=\"fi_FI\" \/>\n<meta property=\"og:type\" content=\"article\" \/>\n<meta property=\"og:title\" content=\"Eternal Rose Beauty and the Beast | Suomi Florist\" \/>\n<meta property=\"og:description\" content=\"Celebrate everlasting love with our Eternal Rose Beauty and the Beast .\ud83c\udf39Symbolize your endless affection. Shop now and get a free...\" \/>\n<meta property=\"og:url\" content=\"https:\/\/petalwhim.com\/fi\/p\/kaunotar-ja-peto-ikuinen-ruusu\/\" \/>\n<meta property=\"og:site_name\" content=\"Petal Whim\u2122\" \/>\n<meta property=\"article:modified_time\" content=\"2025-07-25T05:16:03+00:00\" \/>\n<meta property=\"og:image\" content=\"https:\/\/petalwhim.com\/wp-content\/uploads\/2024\/04\/product-image-1562975868.jpg\" \/>\n\t<meta property=\"og:image:width\" content=\"640\" \/>\n\t<meta property=\"og:image:height\" content=\"640\" \/>\n\t<meta property=\"og:image:type\" content=\"image\/jpeg\" \/>\n<meta name=\"twitter:card\" content=\"summary_large_image\" \/>\n<meta name=\"twitter:label1\" content=\"Arvioitu lukuaika\" \/>\n\t<meta name=\"twitter:data1\" content=\"1 minuutti\" \/>\n<script type=\"application\/ld+json\" class=\"yoast-schema-graph\">{\"@context\":\"https:\/\/schema.org\",\"@graph\":[{\"@type\":\"WebPage\",\"@id\":\"https:\/\/petalwhim.com\/p\/beauty-and-the-beast-eternal-rose\/\",\"url\":\"https:\/\/petalwhim.com\/p\/beauty-and-the-beast-eternal-rose\/\",\"name\":\"Eternal Rose Beauty and the Beast | Suomi Florist\",\"isPartOf\":{\"@id\":\"https:\/\/petalwhim.com\/#website\"},\"primaryImageOfPage\":{\"@id\":\"https:\/\/petalwhim.com\/p\/beauty-and-the-beast-eternal-rose\/#primaryimage\"},\"image\":{\"@id\":\"https:\/\/petalwhim.com\/p\/beauty-and-the-beast-eternal-rose\/#primaryimage\"},\"thumbnailUrl\":\"https:\/\/petalwhim.com\/wp-content\/uploads\/2024\/04\/product-image-1562975868.jpg\",\"datePublished\":\"2024-04-19T05:00:50+00:00\",\"dateModified\":\"2025-07-25T05:16:03+00:00\",\"description\":\"Celebrate everlasting love with our Eternal Rose Beauty and the Beast .\ud83c\udf39Symbolize your endless affection. Shop now and get a free...\",\"breadcrumb\":{\"@id\":\"https:\/\/petalwhim.com\/p\/beauty-and-the-beast-eternal-rose\/#breadcrumb\"},\"inLanguage\":\"fi\",\"potentialAction\":[{\"@type\":\"ReadAction\",\"target\":[\"https:\/\/petalwhim.com\/p\/beauty-and-the-beast-eternal-rose\/\"]}]},{\"@type\":\"ImageObject\",\"inLanguage\":\"fi\",\"@id\":\"https:\/\/petalwhim.com\/p\/beauty-and-the-beast-eternal-rose\/#primaryimage\",\"url\":\"https:\/\/petalwhim.com\/wp-content\/uploads\/2024\/04\/product-image-1562975868.jpg\",\"contentUrl\":\"https:\/\/petalwhim.com\/wp-content\/uploads\/2024\/04\/product-image-1562975868.jpg\",\"width\":640,\"height\":640,\"caption\":\"Eternal Rose Beauty and the Beast\"},{\"@type\":\"BreadcrumbList\",\"@id\":\"https:\/\/petalwhim.com\/p\/beauty-and-the-beast-eternal-rose\/#breadcrumb\",\"itemListElement\":[{\"@type\":\"ListItem\",\"position\":1,\"name\":\"Home\",\"item\":\"https:\/\/petalwhim.com\/\"},{\"@type\":\"ListItem\",\"position\":2,\"name\":\"Shop\",\"item\":\"https:\/\/petalwhim.com\/shop\/\"},{\"@type\":\"ListItem\",\"position\":3,\"name\":\"Eternal Rose Beauty and the Beast\"}]},{\"@type\":\"WebSite\",\"@id\":\"https:\/\/petalwhim.com\/#website\",\"url\":\"https:\/\/petalwhim.com\/\",\"name\":\"Petal Whim\u2122\",\"description\":\"Rose in Glass\",\"publisher\":{\"@id\":\"https:\/\/petalwhim.com\/#organization\"},\"potentialAction\":[{\"@type\":\"SearchAction\",\"target\":{\"@type\":\"EntryPoint\",\"urlTemplate\":\"https:\/\/petalwhim.com\/?s={search_term_string}\"},\"query-input\":{\"@type\":\"PropertyValueSpecification\",\"valueRequired\":true,\"valueName\":\"search_term_string\"}}],\"inLanguage\":\"fi\"},{\"@type\":\"Organization\",\"@id\":\"https:\/\/petalwhim.com\/#organization\",\"name\":\"Petal Whim\",\"alternateName\":\"Rose in Glass\",\"url\":\"https:\/\/petalwhim.com\/\",\"logo\":{\"@type\":\"ImageObject\",\"inLanguage\":\"fi\",\"@id\":\"https:\/\/petalwhim.com\/#\/schema\/logo\/image\/\",\"url\":\"https:\/\/petalwhim.com\/wp-content\/uploads\/2024\/05\/cropped-Petal-Whim-Favicon.png\",\"contentUrl\":\"https:\/\/petalwhim.com\/wp-content\/uploads\/2024\/05\/cropped-Petal-Whim-Favicon.png\",\"width\":512,\"height\":512,\"caption\":\"Petal Whim\"},\"image\":{\"@id\":\"https:\/\/petalwhim.com\/#\/schema\/logo\/image\/\"}}]}<\/script>\n<!-- \/ Yoast SEO plugin. -->","yoast_head_json":{"title":"Ikuinen ruusu Kaunotar ja hirvi\u00f6 | Suomi-Kukkakauppa","description":"Juhli ikuista rakkautta ikuisella ruusulla Kaunotar ja hirvi\u00f6 .\ud83c\udf39Symbolisoi loputonta kiintymyst\u00e4si. Osta nyt ja saat ilmaisen...","robots":{"index":"index","follow":"follow","max-snippet":"max-snippet:-1","max-image-preview":"max-image-preview:large","max-video-preview":"max-video-preview:-1"},"canonical":"https:\/\/petalwhim.com\/fi\/p\/kaunotar-ja-peto-ikuinen-ruusu\/","og_locale":"fi_FI","og_type":"article","og_title":"Eternal Rose Beauty and the Beast | Suomi Florist","og_description":"Celebrate everlasting love with our Eternal Rose Beauty and the Beast .\ud83c\udf39Symbolize your endless affection. Shop now and get a free...","og_url":"https:\/\/petalwhim.com\/fi\/p\/kaunotar-ja-peto-ikuinen-ruusu\/","og_site_name":"Petal Whim\u2122","article_modified_time":"2025-07-25T05:16:03+00:00","og_image":[{"width":640,"height":640,"url":"https:\/\/petalwhim.com\/wp-content\/uploads\/2024\/04\/product-image-1562975868.jpg","type":"image\/jpeg"}],"twitter_card":"summary_large_image","twitter_misc":{"Arvioitu lukuaika":"1 minuutti"},"schema":{"@context":"https:\/\/schema.org","@graph":[{"@type":"WebPage","@id":"https:\/\/petalwhim.com\/p\/beauty-and-the-beast-eternal-rose\/","url":"https:\/\/petalwhim.com\/p\/beauty-and-the-beast-eternal-rose\/","name":"Ikuinen ruusu Kaunotar ja hirvi\u00f6 | Suomi-Kukkakauppa","isPartOf":{"@id":"https:\/\/petalwhim.com\/#website"},"primaryImageOfPage":{"@id":"https:\/\/petalwhim.com\/p\/beauty-and-the-beast-eternal-rose\/#primaryimage"},"image":{"@id":"https:\/\/petalwhim.com\/p\/beauty-and-the-beast-eternal-rose\/#primaryimage"},"thumbnailUrl":"https:\/\/petalwhim.com\/wp-content\/uploads\/2024\/04\/product-image-1562975868.jpg","datePublished":"2024-04-19T05:00:50+00:00","dateModified":"2025-07-25T05:16:03+00:00","description":"Juhli ikuista rakkautta ikuisella ruusulla Kaunotar ja hirvi\u00f6 .\ud83c\udf39Symbolisoi loputonta kiintymyst\u00e4si. Osta nyt ja saat ilmaisen...","breadcrumb":{"@id":"https:\/\/petalwhim.com\/p\/beauty-and-the-beast-eternal-rose\/#breadcrumb"},"inLanguage":"fi","potentialAction":[{"@type":"ReadAction","target":["https:\/\/petalwhim.com\/p\/beauty-and-the-beast-eternal-rose\/"]}]},{"@type":"ImageObject","inLanguage":"fi","@id":"https:\/\/petalwhim.com\/p\/beauty-and-the-beast-eternal-rose\/#primaryimage","url":"https:\/\/petalwhim.com\/wp-content\/uploads\/2024\/04\/product-image-1562975868.jpg","contentUrl":"https:\/\/petalwhim.com\/wp-content\/uploads\/2024\/04\/product-image-1562975868.jpg","width":640,"height":640,"caption":"Eternal Rose Beauty and the Beast"},{"@type":"BreadcrumbList","@id":"https:\/\/petalwhim.com\/p\/beauty-and-the-beast-eternal-rose\/#breadcrumb","itemListElement":[{"@type":"ListItem","position":1,"name":"Home","item":"https:\/\/petalwhim.com\/"},{"@type":"ListItem","position":2,"name":"Shop","item":"https:\/\/petalwhim.com\/shop\/"},{"@type":"ListItem","position":3,"name":"Eternal Rose Beauty and the Beast"}]},{"@type":"WebSite","@id":"https:\/\/petalwhim.com\/#website","url":"https:\/\/petalwhim.com\/","name":"Petal Whim\u2122","description":"Ruusu lasissa","publisher":{"@id":"https:\/\/petalwhim.com\/#organization"},"potentialAction":[{"@type":"SearchAction","target":{"@type":"EntryPoint","urlTemplate":"https:\/\/petalwhim.com\/?s={search_term_string}"},"query-input":{"@type":"PropertyValueSpecification","valueRequired":true,"valueName":"search_term_string"}}],"inLanguage":"fi"},{"@type":"Organization","@id":"https:\/\/petalwhim.com\/#organization","name":"Ter\u00e4lehdet Whim","alternateName":"Rose in Glass","url":"https:\/\/petalwhim.com\/","logo":{"@type":"ImageObject","inLanguage":"fi","@id":"https:\/\/petalwhim.com\/#\/schema\/logo\/image\/","url":"https:\/\/petalwhim.com\/wp-content\/uploads\/2024\/05\/cropped-Petal-Whim-Favicon.png","contentUrl":"https:\/\/petalwhim.com\/wp-content\/uploads\/2024\/05\/cropped-Petal-Whim-Favicon.png","width":512,"height":512,"caption":"Petal Whim"},"image":{"@id":"https:\/\/petalwhim.com\/#\/schema\/logo\/image\/"}}]}},"_links":{"self":[{"href":"https:\/\/petalwhim.com\/fi\/wp-json\/wp\/v2\/product\/191","targetHints":{"allow":["GET"]}}],"collection":[{"href":"https:\/\/petalwhim.com\/fi\/wp-json\/wp\/v2\/product"}],"about":[{"href":"https:\/\/petalwhim.com\/fi\/wp-json\/wp\/v2\/types\/product"}],"wp:featuredmedia":[{"embeddable":true,"href":"https:\/\/petalwhim.com\/fi\/wp-json\/wp\/v2\/media\/190"}],"wp:attachment":[{"href":"https:\/\/petalwhim.com\/fi\/wp-json\/wp\/v2\/media?parent=191"}],"wp:term":[{"taxonomy":"product_brand","embeddable":true,"href":"https:\/\/petalwhim.com\/fi\/wp-json\/wp\/v2\/product_brand?post=191"},{"taxonomy":"product_cat","embeddable":true,"href":"https:\/\/petalwhim.com\/fi\/wp-json\/wp\/v2\/product_cat?post=191"},{"taxonomy":"product_tag","embeddable":true,"href":"https:\/\/petalwhim.com\/fi\/wp-json\/wp\/v2\/product_tag?post=191"}],"curies":[{"name":"wp","href":"https:\/\/api.w.org\/{rel}","templated":true}]}}