{"id":31,"date":"2024-04-10T02:30:24","date_gmt":"2024-04-10T02:30:24","guid":{"rendered":"https:\/\/roseinglass.kinsta.cloud\/?page_id=31"},"modified":"2025-07-18T13:06:53","modified_gmt":"2025-07-18T13:06:53","slug":"ota-yhteytta","status":"publish","type":"page","link":"https:\/\/petalwhim.com\/fi\/ota-yhteytta\/","title":{"rendered":"Ota yhteytt\u00e4"},"content":{"rendered":"<script src=\"https:\/\/www.google.com\/recaptcha\/api.js\" async defer><\/script>\n\n    <form id=\"custom-contact-form\" method=\"post\" action=\"\" data-trp-original-action=\"\">\n        <label for=\"custom_name\">Nimi<\/label>\n        <input type=\"text\" id=\"custom_name\" name=\"custom_name\" required>\n\n        <label for=\"custom_email\">S\u00e4hk\u00f6posti<\/label>\n        <input type=\"email\" id=\"custom_email\" name=\"custom_email\" required>\n\n        <label for=\"custom_phone\">Puhelin (valinnainen)<\/label>\n        <input type=\"text\" id=\"custom_phone\" name=\"custom_phone\">\n\n        <label for=\"custom_message\">Viesti<\/label>\n        <textarea id=\"custom_message\" name=\"custom_message\" required><\/textarea>\n\n        <button type=\"submit\" id=\"submit-button\">L\u00e4het\u00e4 viesti<\/button>\n\t\t<div class=\"g-recaptcha\" data-sitekey=\"6LegiocrAAAAAPtGEsgdOSpPsfhGYLbPenTsIO07\"><\/div>\n\n    <input type=\"hidden\" name=\"trp-form-language\" value=\"fi\"\/><\/form>\n\n    <div id=\"form-response\"><\/div>\n\n    <script type=\"text\/javascript\">\n        document.getElementById(\"custom-contact-form\").addEventListener(\"submit\", function(event){\n            event.preventDefault(); \/\/ Prevent the form from submitting normally\n\n            var formData = new FormData(this); \/\/ Get form data\n            var responseDiv = document.getElementById(\"form-response\");\n            var submitButton = document.getElementById(\"submit-button\");\n\n            \/\/ Disable the submit button and show loading spinner\n            submitButton.disabled = true;\n            responseDiv.innerHTML = \"<div id='loading-spinner' style='text-align:center;'><img src='\/wp-content\/uploads\/2025\/07\/loading-spinner-custom.gif' alt='Loading...'><\/div>\";\n    var recaptcha = document.querySelector('#g-recaptcha-response').value;\n    if (!recaptcha) {\n        responseDiv.innerHTML = \"<p style='color: red; font-weight: bold; font-size: 1.2em;'>Please complete the CAPTCHA.<\/p>\";\n        submitButton.disabled = false;\n        return;\n    }\n            \/\/ AJAX request\n            var xhr = new XMLHttpRequest();\n            xhr.open(\"POST\", window.location.href, true); \/\/ Post to the same page\n            xhr.onload = function () {\n                if (xhr.status === 200) {\n                    responseDiv.innerHTML = \"<p style='color: green; font-weight: bold; font-size: 1.2em;'>Thank you! Your message has been sent successfully.<\/p>\";\n                } else {\n                    responseDiv.innerHTML = \"<p style='color: red; font-weight: bold; font-size: 1.2em;'>Sorry, something went wrong. Please try again.<\/p>\";\n                }\n\n                \/\/ Re-enable the submit button after response\n                submitButton.disabled = false;\n            };\n            xhr.onerror = function () {\n                responseDiv.innerHTML = \"<p style='color: red; font-weight: bold; font-size: 1.2em;'>Sorry, something went wrong. Please try again.<\/p>\";\n                submitButton.disabled = false;\n            };\n            xhr.send(formData);\n        });\n    <\/script>\n\n    <style>\n        #submit-button {\n            background-color: #661731; \/* Button background color *\/\n            color: white; \/* Button text color *\/\n            padding: 10px 20px;\n            border: none;\n            cursor: pointer;\n            font-size: 1em;\n        }\n\n        #submit-button:hover {\n            background-color: #550e2f; \/* Darker background on hover *\/\n        }\n\n        #form-response {\n            margin-top: 15px;\n        }\n\n        #loading-spinner img {\n            width: 50px; \/* Adjust size *\/\n            height: 50px;\n        }\n    <\/style>\n\n    \r\n<h2>Muut tavat ottaa meihin yhteytt\u00e4<\/h2>\r\n<p><strong>S\u00e4hk\u00f6postitse<\/strong> S\u00e4hk\u00f6posti : contact@petalwhim.com Jos olet ottanut meihin yhteytt\u00e4 s\u00e4hk\u00f6postitse, arvostamme k\u00e4rsiv\u00e4llisyytt\u00e4si, sill\u00e4 tiimimme pyrkii vastaamaan jokaiseen kyselyyn. Teemme parhaamme vastataksemme 48 tunnin kuluessa. Huomaa, ett\u00e4 vastausaikamme voi viiv\u00e4sty\u00e4, jos meill\u00e4 on suuri m\u00e4\u00e4r\u00e4 viestej\u00e4 erityisesti myyntiaikana ja jouluna. Teemme parhaamme saadaksemme vastauksen sinulle mahdollisimman pian. Kiitos ymm\u00e4rryksest\u00e4nne.<\/p>\r\n<p><strong>Puhelimitse<\/strong> Jos sinulla on kysytt\u00e4v\u00e4\u00e4 tai huolenaiheita, \u00e4l\u00e4 ep\u00e4r\u00f6i soittaa meille. Autamme sinua mielell\u00e4mme. Asiakaspalvelumme on k\u00e4ytett\u00e4viss\u00e4 maanantaista perjantaihin klo 8:00-20:00 UTC+11.<\/p>\r\n<p><strong>Postitse<\/strong> Osoite : Petal Whim\u2122, Finlaysoninkuja 9, Tampere 33210, Suomi Vastaamme postiviesteihin yleens\u00e4 7-14 arkip\u00e4iv\u00e4n kuluessa.<\/p>\r\n<h2>Sitoutumisemme erinomaiseen asiakaspalveluun<\/h2>\r\nPetal Whim\u2122 on sitoutunut tarjoamaan erinomaista asiakaspalvelua. Uskomme, ett\u00e4 asiakkaamme ansaitsevat parhaan mahdollisen kokemuksen ostaessaan meilt\u00e4, ja pyrimme tarjoamaan sen joka kerta. Asiakaspalvelutiimimme on aina valmiina vastaamaan kaikkiin kysymyksiisi ja auttamaan sinua l\u00f6yt\u00e4m\u00e4\u00e4n tarpeisiisi sopivan tuotteen. Tied\u00e4mme, ett\u00e4 aikasi on arvokasta, joten arvostamme liiketoimintaasi ja kiitos, ett\u00e4 valitsit Petal Whim\u2122!<\/p>\r\n<h2>Yksityisyys<\/h2>\r\n<p>Vaihtomme ovat ehdottoman luottamuksellisia ja kaikki vaihtomme pysyv\u00e4t yksityisin\u00e4. Tietosuojaselosteemme mukaisesti emme v\u00e4lit\u00e4 mit\u00e4\u00e4n tietoja kolmansille osapuolille.<\/p>","protected":false},"excerpt":{"rendered":"Muut tavat ottaa meihin yhteytt\u00e4 S\u00e4hk\u00f6postitse S\u00e4hk\u00f6posti : contact@ Jos olet ottanut meihin yhteytt\u00e4 s\u00e4hk\u00f6postitse, arvostamme k\u00e4rsiv\u00e4llisyytt\u00e4si, sill\u00e4 tiimimme pyrkii vastaamaan jokaiseen kyselyyn. Teemme parhaamme vastataksemme 48 tunnin kuluessa. Huomaa, ett\u00e4 vastausaikamme voi viiv\u00e4sty\u00e4, jos meill\u00e4 on [...]","protected":false},"author":1,"featured_media":0,"parent":0,"menu_order":0,"comment_status":"closed","ping_status":"closed","template":"page-blank-title-center.php","meta":{"footnotes":""},"class_list":["post-31","page","type-page","status-publish","hentry"],"yoast_head":"<!-- This site is optimized with the Yoast SEO plugin v25.9 - https:\/\/yoast.com\/wordpress\/plugins\/seo\/ -->\n<title>Contact us - Petal Whim\u2122<\/title>\n<meta name=\"robots\" content=\"noindex, follow\" \/>\n<meta property=\"og:locale\" content=\"fi_FI\" \/>\n<meta property=\"og:type\" content=\"article\" \/>\n<meta property=\"og:title\" content=\"Contact us - Petal Whim\u2122\" \/>\n<meta property=\"og:description\" content=\"Other ways to contact us By email Email : contact@ If you have reached out to us via email, we appreciate your patience as our team works to respond to each inquiry. We will do our best to answer within 48 hours. Please note that our response time may be delayed if we are experiencing [...]\" \/>\n<meta property=\"og:url\" content=\"https:\/\/petalwhim.com\/fi\/ota-yhteytta\/\" \/>\n<meta property=\"og:site_name\" content=\"Petal Whim\u2122\" \/>\n<meta property=\"article:modified_time\" content=\"2025-07-18T13:06:53+00:00\" \/>\n<meta property=\"og:image\" content=\"https:\/\/petalwhim.com\/wp-content\/uploads\/2024\/05\/cropped-Petal-Whim-Favicon.png\" \/>\n\t<meta property=\"og:image:width\" content=\"512\" \/>\n\t<meta property=\"og:image:height\" content=\"512\" \/>\n\t<meta property=\"og:image:type\" content=\"image\/png\" \/>\n<meta name=\"twitter:card\" content=\"summary_large_image\" \/>\n<meta name=\"twitter:label1\" content=\"Arvioitu lukuaika\" \/>\n\t<meta name=\"twitter:data1\" content=\"2 minuuttia\" \/>\n<script type=\"application\/ld+json\" class=\"yoast-schema-graph\">{\"@context\":\"https:\/\/schema.org\",\"@graph\":[{\"@type\":\"WebPage\",\"@id\":\"https:\/\/petalwhim.com\/contact-us\/\",\"url\":\"https:\/\/petalwhim.com\/contact-us\/\",\"name\":\"Contact us - Petal Whim\u2122\",\"isPartOf\":{\"@id\":\"https:\/\/petalwhim.com\/#website\"},\"datePublished\":\"2024-04-10T02:30:24+00:00\",\"dateModified\":\"2025-07-18T13:06:53+00:00\",\"breadcrumb\":{\"@id\":\"https:\/\/petalwhim.com\/contact-us\/#breadcrumb\"},\"inLanguage\":\"fi\",\"potentialAction\":[{\"@type\":\"ReadAction\",\"target\":[\"https:\/\/petalwhim.com\/contact-us\/\"]}]},{\"@type\":\"BreadcrumbList\",\"@id\":\"https:\/\/petalwhim.com\/contact-us\/#breadcrumb\",\"itemListElement\":[{\"@type\":\"ListItem\",\"position\":1,\"name\":\"Home\",\"item\":\"https:\/\/petalwhim.com\/\"},{\"@type\":\"ListItem\",\"position\":2,\"name\":\"Contact us\"}]},{\"@type\":\"WebSite\",\"@id\":\"https:\/\/petalwhim.com\/#website\",\"url\":\"https:\/\/petalwhim.com\/\",\"name\":\"Petal Whim\u2122\",\"description\":\"Rose in Glass\",\"publisher\":{\"@id\":\"https:\/\/petalwhim.com\/#organization\"},\"potentialAction\":[{\"@type\":\"SearchAction\",\"target\":{\"@type\":\"EntryPoint\",\"urlTemplate\":\"https:\/\/petalwhim.com\/?s={search_term_string}\"},\"query-input\":{\"@type\":\"PropertyValueSpecification\",\"valueRequired\":true,\"valueName\":\"search_term_string\"}}],\"inLanguage\":\"fi\"},{\"@type\":\"Organization\",\"@id\":\"https:\/\/petalwhim.com\/#organization\",\"name\":\"Petal Whim\",\"alternateName\":\"Rose in Glass\",\"url\":\"https:\/\/petalwhim.com\/\",\"logo\":{\"@type\":\"ImageObject\",\"inLanguage\":\"fi\",\"@id\":\"https:\/\/petalwhim.com\/#\/schema\/logo\/image\/\",\"url\":\"https:\/\/petalwhim.com\/wp-content\/uploads\/2024\/05\/cropped-Petal-Whim-Favicon.png\",\"contentUrl\":\"https:\/\/petalwhim.com\/wp-content\/uploads\/2024\/05\/cropped-Petal-Whim-Favicon.png\",\"width\":512,\"height\":512,\"caption\":\"Petal Whim\"},\"image\":{\"@id\":\"https:\/\/petalwhim.com\/#\/schema\/logo\/image\/\"}}]}<\/script>\n<!-- \/ Yoast SEO plugin. -->","yoast_head_json":{"title":"Ota yhteytt\u00e4 - Petal Whim\u2122","robots":{"index":"noindex","follow":"follow"},"og_locale":"fi_FI","og_type":"article","og_title":"Contact us - Petal Whim\u2122","og_description":"Other ways to contact us By email Email : contact@ If you have reached out to us via email, we appreciate your patience as our team works to respond to each inquiry. We will do our best to answer within 48 hours. Please note that our response time may be delayed if we are experiencing [...]","og_url":"https:\/\/petalwhim.com\/fi\/ota-yhteytta\/","og_site_name":"Petal Whim\u2122","article_modified_time":"2025-07-18T13:06:53+00:00","og_image":[{"width":512,"height":512,"url":"https:\/\/petalwhim.com\/wp-content\/uploads\/2024\/05\/cropped-Petal-Whim-Favicon.png","type":"image\/png"}],"twitter_card":"summary_large_image","twitter_misc":{"Arvioitu lukuaika":"2 minuuttia"},"schema":{"@context":"https:\/\/schema.org","@graph":[{"@type":"WebPage","@id":"https:\/\/petalwhim.com\/contact-us\/","url":"https:\/\/petalwhim.com\/contact-us\/","name":"Ota yhteytt\u00e4 - Petal Whim\u2122","isPartOf":{"@id":"https:\/\/petalwhim.com\/#website"},"datePublished":"2024-04-10T02:30:24+00:00","dateModified":"2025-07-18T13:06:53+00:00","breadcrumb":{"@id":"https:\/\/petalwhim.com\/contact-us\/#breadcrumb"},"inLanguage":"fi","potentialAction":[{"@type":"ReadAction","target":["https:\/\/petalwhim.com\/contact-us\/"]}]},{"@type":"BreadcrumbList","@id":"https:\/\/petalwhim.com\/contact-us\/#breadcrumb","itemListElement":[{"@type":"ListItem","position":1,"name":"Home","item":"https:\/\/petalwhim.com\/"},{"@type":"ListItem","position":2,"name":"Contact us"}]},{"@type":"WebSite","@id":"https:\/\/petalwhim.com\/#website","url":"https:\/\/petalwhim.com\/","name":"Petal Whim\u2122","description":"Ruusu lasissa","publisher":{"@id":"https:\/\/petalwhim.com\/#organization"},"potentialAction":[{"@type":"SearchAction","target":{"@type":"EntryPoint","urlTemplate":"https:\/\/petalwhim.com\/?s={search_term_string}"},"query-input":{"@type":"PropertyValueSpecification","valueRequired":true,"valueName":"search_term_string"}}],"inLanguage":"fi"},{"@type":"Organization","@id":"https:\/\/petalwhim.com\/#organization","name":"Ter\u00e4lehdet Whim","alternateName":"Rose in Glass","url":"https:\/\/petalwhim.com\/","logo":{"@type":"ImageObject","inLanguage":"fi","@id":"https:\/\/petalwhim.com\/#\/schema\/logo\/image\/","url":"https:\/\/petalwhim.com\/wp-content\/uploads\/2024\/05\/cropped-Petal-Whim-Favicon.png","contentUrl":"https:\/\/petalwhim.com\/wp-content\/uploads\/2024\/05\/cropped-Petal-Whim-Favicon.png","width":512,"height":512,"caption":"Petal Whim"},"image":{"@id":"https:\/\/petalwhim.com\/#\/schema\/logo\/image\/"}}]}},"_links":{"self":[{"href":"https:\/\/petalwhim.com\/fi\/wp-json\/wp\/v2\/pages\/31","targetHints":{"allow":["GET"]}}],"collection":[{"href":"https:\/\/petalwhim.com\/fi\/wp-json\/wp\/v2\/pages"}],"about":[{"href":"https:\/\/petalwhim.com\/fi\/wp-json\/wp\/v2\/types\/page"}],"author":[{"embeddable":true,"href":"https:\/\/petalwhim.com\/fi\/wp-json\/wp\/v2\/users\/1"}],"replies":[{"embeddable":true,"href":"https:\/\/petalwhim.com\/fi\/wp-json\/wp\/v2\/comments?post=31"}],"version-history":[{"count":0,"href":"https:\/\/petalwhim.com\/fi\/wp-json\/wp\/v2\/pages\/31\/revisions"}],"wp:attachment":[{"href":"https:\/\/petalwhim.com\/fi\/wp-json\/wp\/v2\/media?parent=31"}],"curies":[{"name":"wp","href":"https:\/\/api.w.org\/{rel}","templated":true}]}}