{"id":24,"date":"2024-04-10T02:26:26","date_gmt":"2024-04-10T02:26:26","guid":{"rendered":"https:\/\/roseinglass.kinsta.cloud\/?page_id=24"},"modified":"2024-06-06T01:04:53","modified_gmt":"2024-06-06T01:04:53","slug":"hyvitys-ja-palautusehdot","status":"publish","type":"page","link":"https:\/\/petalwhim.com\/fi\/hyvitys-ja-palautusehdot\/","title":{"rendered":"Palautus- ja palautusk\u00e4yt\u00e4nt\u00f6"},"content":{"rendered":"<h2>Haluaisin <strong>return<\/strong> tai <strong>vaihto*<\/strong> tuote, joka ei sovi minulle.<\/h2>\r\n<strong>Vaihe 1:<\/strong> Jos haluatte <strong>return<\/strong> tai <strong>vaihto<\/strong> Tuotteesi (saadaksesi eri koon tai v\u00e4rin), varmista, ett\u00e4 t\u00e4yt\u00e4t seuraavat ehdot:\r\n<ul>\r\n \t<li>Sinulla on 30 p\u00e4iv\u00e4\u00e4 aikaa palauttaa pakettisi meille sen vastaanottamisen j\u00e4lkeen.<\/li>\r\n \t<li>Tarrat on kiinnitett\u00e4v\u00e4 tuotteeseen samalla tavalla kuin se on vastaanotettu.<\/li>\r\n \t<li>Tuotteen on oltava alkuper\u00e4isess\u00e4 pakkauksessaan.<\/li>\r\n<\/ul>\r\n<strong>Vaihe 2:<\/strong> Ota meihin yhteytt\u00e4 s\u00e4hk\u00f6postitse osoitteeseen contact@petalwhim.com tai suoraan yhteystietojemme kautta.\r\n\r\nVarmista, ett\u00e4 s\u00e4hk\u00f6postiviestiss\u00e4si on seuraavat tiedot: oma osoitteesi.\u00a0<strong>tilausnumero<\/strong>, <strong>palautettujen tuotteiden nimet<\/strong>sek\u00e4 <strong>mit\u00e4 haluatte saada palautuksesta<\/strong> (hyvitys, kuponki tai vaihto toiseen kokoon\/v\u00e4riin).\r\n\r\n<strong>Vaihe 3:<\/strong>\u00a0Vastaamme sinulle 48 tunnin kuluessa ja ilmoitamme postiosoitteen, johon palautat tavarat.\r\n\r\nIlmoitetaan, ett\u00e4\u00a0<strong>palautuksen toimituskulut j\u00e4\u00e4v\u00e4t sinun maksettavaksesi<\/strong>.\r\n\r\n<em>Tuotteet on palautettava alkuper\u00e4isess\u00e4 kunnossa. Tuotteita, jotka on pesty tai k\u00e4ytetty (ilman etiketti\u00e4), ei voida palauttaa tai hyvitt\u00e4\u00e4.<\/em>\r\n\r\n<strong>Vaihe 4<\/strong>: Vahvista meille s\u00e4hk\u00f6postitse, ett\u00e4 tuotteesi on toimitettu ja anna meille seuraavat tiedot.\u00a0<strong>paketin l\u00e4hetysnumero<\/strong>.\r\n\r\nN\u00e4in voimme maksaa mahdolliset tullimaksut.\u00a0<strong>Jos meill\u00e4 ei ole n\u00e4it\u00e4 tietoja, emme voi maksaa tullimaksuja ja pakettisi palautetaan sinulle automaattisesti.<\/strong>.\r\n\r\n<strong>Vaihe 5:<\/strong> Heti kun saamme kohteet, ne tarkastetaan ja pyynn\u00f6st\u00e4si me:\r\n<ul>\r\n \t<li>Palauta tuotteesi: saat s\u00e4hk\u00f6postiviestin, jossa vahvistetaan tilauksesi palautus. Palautus toimitetaan yleens\u00e4 5 arkip\u00e4iv\u00e4n kuluessa.<\/li>\r\n \t<li>Vaihda tuotteesi: Saat s\u00e4hk\u00f6postiviestin, jossa vahvistetaan vaihto sek\u00e4 uusi tilausnumero.<\/li>\r\n<\/ul>\r\nPetal Whim\u2122 pid\u00e4tt\u00e4\u00e4 oikeuden kielt\u00e4yty\u00e4 palautuksista, jotka on l\u00e4hetetty tai joista on ilmoitettu palautuksen viiv\u00e4stymisen j\u00e4lkeen, tai tuotteista, jotka eiv\u00e4t ole samassa kunnossa kuin ne on vastaanotettu. Kun palautus on hyv\u00e4ksytty, sinulle palautetaan rahat takaisin kautta <strong>sama maksutapa, jota k\u00e4ytettiin ostoksen tekemiseen<\/strong>. Palautusviive on enint\u00e4\u00e4n 10 p\u00e4iv\u00e4\u00e4. Huomaa, ett\u00e4 pankkitilisi palautuksen viiv\u00e4styminen riippuu aina pankistasi.","protected":false},"excerpt":{"rendered":"Haluaisin palauttaa tai vaihtaa* tuotteen, joka ei sovi minulle. Vaihe 1: Jos haluat palauttaa tai vaihtaa tuotteen (vaihtaaksesi kokoa tai v\u00e4ri\u00e4), varmista, ett\u00e4 t\u00e4yt\u00e4t seuraavat ehdot: Sinulla on 30 p\u00e4iv\u00e4\u00e4 aikaa palauttaa pakettisi [...]","protected":false},"author":1,"featured_media":0,"parent":0,"menu_order":0,"comment_status":"closed","ping_status":"closed","template":"page-blank-title-center.php","meta":{"footnotes":""},"class_list":["post-24","page","type-page","status-publish","hentry"],"yoast_head":"<!-- This site is optimized with the Yoast SEO plugin v25.9 - https:\/\/yoast.com\/wordpress\/plugins\/seo\/ -->\n<title>Refund and Returns Policy - Petal Whim\u2122<\/title>\n<meta name=\"robots\" content=\"noindex, follow\" \/>\n<meta property=\"og:locale\" content=\"fi_FI\" \/>\n<meta property=\"og:type\" content=\"article\" \/>\n<meta property=\"og:title\" content=\"Refund and Returns Policy - Petal Whim\u2122\" \/>\n<meta property=\"og:description\" content=\"I would like to return or exchange* an item that does not suit me. Step 1: If you would like to return or exchange your item (to get a different size or color), please make sure that you meet the following conditions: You have 30 days following the reception of your package to return it [...]\" \/>\n<meta property=\"og:url\" content=\"https:\/\/petalwhim.com\/fi\/hyvitys-ja-palautusehdot\/\" \/>\n<meta property=\"og:site_name\" content=\"Petal Whim\u2122\" \/>\n<meta property=\"article:modified_time\" content=\"2024-06-06T01:04:53+00:00\" \/>\n<meta property=\"og:image\" content=\"https:\/\/petalwhim.com\/wp-content\/uploads\/2024\/05\/cropped-Petal-Whim-Favicon.png\" \/>\n\t<meta property=\"og:image:width\" content=\"512\" \/>\n\t<meta property=\"og:image:height\" content=\"512\" \/>\n\t<meta property=\"og:image:type\" content=\"image\/png\" \/>\n<meta name=\"twitter:card\" content=\"summary_large_image\" \/>\n<meta name=\"twitter:label1\" content=\"Arvioitu lukuaika\" \/>\n\t<meta name=\"twitter:data1\" content=\"2 minuuttia\" \/>\n<script type=\"application\/ld+json\" class=\"yoast-schema-graph\">{\"@context\":\"https:\/\/schema.org\",\"@graph\":[{\"@type\":\"WebPage\",\"@id\":\"https:\/\/petalwhim.com\/refund-and-returns-policy\/\",\"url\":\"https:\/\/petalwhim.com\/refund-and-returns-policy\/\",\"name\":\"Refund and Returns Policy - Petal Whim\u2122\",\"isPartOf\":{\"@id\":\"https:\/\/petalwhim.com\/#website\"},\"datePublished\":\"2024-04-10T02:26:26+00:00\",\"dateModified\":\"2024-06-06T01:04:53+00:00\",\"breadcrumb\":{\"@id\":\"https:\/\/petalwhim.com\/refund-and-returns-policy\/#breadcrumb\"},\"inLanguage\":\"fi\",\"potentialAction\":[{\"@type\":\"ReadAction\",\"target\":[\"https:\/\/petalwhim.com\/refund-and-returns-policy\/\"]}]},{\"@type\":\"BreadcrumbList\",\"@id\":\"https:\/\/petalwhim.com\/refund-and-returns-policy\/#breadcrumb\",\"itemListElement\":[{\"@type\":\"ListItem\",\"position\":1,\"name\":\"Home\",\"item\":\"https:\/\/petalwhim.com\/\"},{\"@type\":\"ListItem\",\"position\":2,\"name\":\"Refund and Returns Policy\"}]},{\"@type\":\"WebSite\",\"@id\":\"https:\/\/petalwhim.com\/#website\",\"url\":\"https:\/\/petalwhim.com\/\",\"name\":\"Petal Whim\u2122\",\"description\":\"Rose in Glass\",\"publisher\":{\"@id\":\"https:\/\/petalwhim.com\/#organization\"},\"potentialAction\":[{\"@type\":\"SearchAction\",\"target\":{\"@type\":\"EntryPoint\",\"urlTemplate\":\"https:\/\/petalwhim.com\/?s={search_term_string}\"},\"query-input\":{\"@type\":\"PropertyValueSpecification\",\"valueRequired\":true,\"valueName\":\"search_term_string\"}}],\"inLanguage\":\"fi\"},{\"@type\":\"Organization\",\"@id\":\"https:\/\/petalwhim.com\/#organization\",\"name\":\"Petal Whim\",\"alternateName\":\"Rose in Glass\",\"url\":\"https:\/\/petalwhim.com\/\",\"logo\":{\"@type\":\"ImageObject\",\"inLanguage\":\"fi\",\"@id\":\"https:\/\/petalwhim.com\/#\/schema\/logo\/image\/\",\"url\":\"https:\/\/petalwhim.com\/wp-content\/uploads\/2024\/05\/cropped-Petal-Whim-Favicon.png\",\"contentUrl\":\"https:\/\/petalwhim.com\/wp-content\/uploads\/2024\/05\/cropped-Petal-Whim-Favicon.png\",\"width\":512,\"height\":512,\"caption\":\"Petal Whim\"},\"image\":{\"@id\":\"https:\/\/petalwhim.com\/#\/schema\/logo\/image\/\"}}]}<\/script>\n<!-- \/ Yoast SEO plugin. -->","yoast_head_json":{"title":"Palautus- ja palautusk\u00e4yt\u00e4nt\u00f6 - Petal Whim\u2122 - Petal Whim\u2122","robots":{"index":"noindex","follow":"follow"},"og_locale":"fi_FI","og_type":"article","og_title":"Refund and Returns Policy - Petal Whim\u2122","og_description":"I would like to return or exchange* an item that does not suit me. Step 1: If you would like to return or exchange your item (to get a different size or color), please make sure that you meet the following conditions: You have 30 days following the reception of your package to return it [...]","og_url":"https:\/\/petalwhim.com\/fi\/hyvitys-ja-palautusehdot\/","og_site_name":"Petal Whim\u2122","article_modified_time":"2024-06-06T01:04:53+00:00","og_image":[{"width":512,"height":512,"url":"https:\/\/petalwhim.com\/wp-content\/uploads\/2024\/05\/cropped-Petal-Whim-Favicon.png","type":"image\/png"}],"twitter_card":"summary_large_image","twitter_misc":{"Arvioitu lukuaika":"2 minuuttia"},"schema":{"@context":"https:\/\/schema.org","@graph":[{"@type":"WebPage","@id":"https:\/\/petalwhim.com\/refund-and-returns-policy\/","url":"https:\/\/petalwhim.com\/refund-and-returns-policy\/","name":"Palautus- ja palautusk\u00e4yt\u00e4nt\u00f6 - Petal Whim\u2122 - Petal Whim\u2122","isPartOf":{"@id":"https:\/\/petalwhim.com\/#website"},"datePublished":"2024-04-10T02:26:26+00:00","dateModified":"2024-06-06T01:04:53+00:00","breadcrumb":{"@id":"https:\/\/petalwhim.com\/refund-and-returns-policy\/#breadcrumb"},"inLanguage":"fi","potentialAction":[{"@type":"ReadAction","target":["https:\/\/petalwhim.com\/refund-and-returns-policy\/"]}]},{"@type":"BreadcrumbList","@id":"https:\/\/petalwhim.com\/refund-and-returns-policy\/#breadcrumb","itemListElement":[{"@type":"ListItem","position":1,"name":"Home","item":"https:\/\/petalwhim.com\/"},{"@type":"ListItem","position":2,"name":"Refund and Returns Policy"}]},{"@type":"WebSite","@id":"https:\/\/petalwhim.com\/#website","url":"https:\/\/petalwhim.com\/","name":"Petal Whim\u2122","description":"Ruusu lasissa","publisher":{"@id":"https:\/\/petalwhim.com\/#organization"},"potentialAction":[{"@type":"SearchAction","target":{"@type":"EntryPoint","urlTemplate":"https:\/\/petalwhim.com\/?s={search_term_string}"},"query-input":{"@type":"PropertyValueSpecification","valueRequired":true,"valueName":"search_term_string"}}],"inLanguage":"fi"},{"@type":"Organization","@id":"https:\/\/petalwhim.com\/#organization","name":"Ter\u00e4lehdet Whim","alternateName":"Rose in Glass","url":"https:\/\/petalwhim.com\/","logo":{"@type":"ImageObject","inLanguage":"fi","@id":"https:\/\/petalwhim.com\/#\/schema\/logo\/image\/","url":"https:\/\/petalwhim.com\/wp-content\/uploads\/2024\/05\/cropped-Petal-Whim-Favicon.png","contentUrl":"https:\/\/petalwhim.com\/wp-content\/uploads\/2024\/05\/cropped-Petal-Whim-Favicon.png","width":512,"height":512,"caption":"Petal Whim"},"image":{"@id":"https:\/\/petalwhim.com\/#\/schema\/logo\/image\/"}}]}},"_links":{"self":[{"href":"https:\/\/petalwhim.com\/fi\/wp-json\/wp\/v2\/pages\/24","targetHints":{"allow":["GET"]}}],"collection":[{"href":"https:\/\/petalwhim.com\/fi\/wp-json\/wp\/v2\/pages"}],"about":[{"href":"https:\/\/petalwhim.com\/fi\/wp-json\/wp\/v2\/types\/page"}],"author":[{"embeddable":true,"href":"https:\/\/petalwhim.com\/fi\/wp-json\/wp\/v2\/users\/1"}],"replies":[{"embeddable":true,"href":"https:\/\/petalwhim.com\/fi\/wp-json\/wp\/v2\/comments?post=24"}],"version-history":[{"count":0,"href":"https:\/\/petalwhim.com\/fi\/wp-json\/wp\/v2\/pages\/24\/revisions"}],"wp:attachment":[{"href":"https:\/\/petalwhim.com\/fi\/wp-json\/wp\/v2\/media?parent=24"}],"curies":[{"name":"wp","href":"https:\/\/api.w.org\/{rel}","templated":true}]}}