{"id":99,"date":"2024-04-19T04:57:28","date_gmt":"2024-04-19T04:57:28","guid":{"rendered":"https:\/\/petalwhim.com\/p\/red-eternal-roses-under-glass-dome\/"},"modified":"2025-07-25T05:16:05","modified_gmt":"2025-07-25T05:16:05","slug":"punased-igaveseid-roose-klaaskupli-all","status":"publish","type":"product","link":"https:\/\/petalwhim.com\/et\/p\/punased-igaveseid-roose-klaaskupli-all\/","title":{"rendered":"<span>V\u00e4ikesed igavene roosid <\/span><span class=\"product-title-custom\">Punane klaaskupli all<\/span>"},"content":{"rendered":"<h2>Igavene roosa Smalls: Imetlusv\u00e4\u00e4rne!<\/h2><p>Selle kella all on kaks ilusat ja <strong>Igavene roosa Smalls punane<\/strong> . On ka Smalls valgeid lilli. Sellel kellal on peal s\u00fcda ja ka kuller, millele on kirjutatud s\u00f5nad Just For Your, ning see on asetatud tumedale mustale alusele.<br><br>Selle lillede punane v\u00e4rvus meenutab <strong>kirglik armastus<\/strong> , romantika. See v\u00e4rv tuletab meile meelde, et j\u00e4rgida ilusaid armastus\u00f6\u00f6d.<br><br>See on ideaalne kingitus teie kallimale, kellele soovite n\u00e4idata oma k\u00f5ige ilusamat armastust. Sa m\u00e4rkad tema r\u00f5\u00f5mu ja <strong>\u00f5nne<\/strong> kui te seda t\u00e4idate.     <br><br><\/p>","protected":false},"excerpt":{"rendered":"Igavene roosa Smalls: Selle kellukese all on kaks ilusat ja igavene roosa Smalls punane . On ka Smalls valgeid lilli. Selle kellukese peal on s\u00fcda ja ka kuller, millele on kirjutatud s\u00f5nad Just For Your, ning see on asetatud tumedale mustale alusele.Punase v\u00e4rvi [...]","protected":false},"featured_media":98,"template":"","meta":[],"product_brand":[],"product_cat":[15,36,19,35],"product_tag":[34],"class_list":{"0":"post-99","1":"product","2":"type-product","3":"status-publish","4":"has-post-thumbnail","6":"product_cat-all-products","7":"product_cat-best-sellers","8":"product_cat-red-forever-rose","9":"product_cat-small-forever-rose","10":"product_tag-small-rose-in-glass","12":"first","13":"instock","14":"shipping-taxable","15":"purchasable","16":"product-type-simple"},"yoast_head":"<!-- This site is optimized with the Yoast SEO plugin v25.9 - https:\/\/yoast.com\/wordpress\/plugins\/seo\/ -->\n<title>Small Eternal Roses Red under Glass Dome | Eesti Florist<\/title>\n<meta name=\"description\" content=\"Celebrate everlasting love with our Small Eternal Roses Red under Glass Dome .\ud83c\udf39Symbolize your endless affection. Shop now and get a free...\" \/>\n<meta name=\"robots\" content=\"index, follow, max-snippet:-1, max-image-preview:large, max-video-preview:-1\" \/>\n<link rel=\"canonical\" href=\"https:\/\/petalwhim.com\/et\/p\/punased-igaveseid-roose-klaaskupli-all\/\" \/>\n<meta property=\"og:locale\" content=\"et_EE\" \/>\n<meta property=\"og:type\" content=\"article\" \/>\n<meta property=\"og:title\" content=\"Small Eternal Roses Red under Glass Dome | Eesti Florist\" \/>\n<meta property=\"og:description\" content=\"Celebrate everlasting love with our Small Eternal Roses Red under Glass Dome .\ud83c\udf39Symbolize your endless affection. Shop now and get a free...\" \/>\n<meta property=\"og:url\" content=\"https:\/\/petalwhim.com\/et\/p\/punased-igaveseid-roose-klaaskupli-all\/\" \/>\n<meta property=\"og:site_name\" content=\"Petal Whim\u2122\" \/>\n<meta property=\"article:modified_time\" content=\"2025-07-25T05:16:05+00:00\" \/>\n<meta property=\"og:image\" content=\"https:\/\/petalwhim.com\/wp-content\/uploads\/2024\/04\/product-image-1594224953.jpg\" \/>\n\t<meta property=\"og:image:width\" content=\"640\" \/>\n\t<meta property=\"og:image:height\" content=\"640\" \/>\n\t<meta property=\"og:image:type\" content=\"image\/jpeg\" \/>\n<meta name=\"twitter:card\" content=\"summary_large_image\" \/>\n<meta name=\"twitter:label1\" content=\"Est. reading time\" \/>\n\t<meta name=\"twitter:data1\" content=\"1 minut\" \/>\n<script type=\"application\/ld+json\" class=\"yoast-schema-graph\">{\"@context\":\"https:\/\/schema.org\",\"@graph\":[{\"@type\":\"WebPage\",\"@id\":\"https:\/\/petalwhim.com\/p\/red-eternal-roses-under-glass-dome\/\",\"url\":\"https:\/\/petalwhim.com\/p\/red-eternal-roses-under-glass-dome\/\",\"name\":\"Small Eternal Roses Red under Glass Dome | Eesti Florist\",\"isPartOf\":{\"@id\":\"https:\/\/petalwhim.com\/#website\"},\"primaryImageOfPage\":{\"@id\":\"https:\/\/petalwhim.com\/p\/red-eternal-roses-under-glass-dome\/#primaryimage\"},\"image\":{\"@id\":\"https:\/\/petalwhim.com\/p\/red-eternal-roses-under-glass-dome\/#primaryimage\"},\"thumbnailUrl\":\"https:\/\/petalwhim.com\/wp-content\/uploads\/2024\/04\/product-image-1594224953.jpg\",\"datePublished\":\"2024-04-19T04:57:28+00:00\",\"dateModified\":\"2025-07-25T05:16:05+00:00\",\"description\":\"Celebrate everlasting love with our Small Eternal Roses Red under Glass Dome .\ud83c\udf39Symbolize your endless affection. Shop now and get a free...\",\"breadcrumb\":{\"@id\":\"https:\/\/petalwhim.com\/p\/red-eternal-roses-under-glass-dome\/#breadcrumb\"},\"inLanguage\":\"et\",\"potentialAction\":[{\"@type\":\"ReadAction\",\"target\":[\"https:\/\/petalwhim.com\/p\/red-eternal-roses-under-glass-dome\/\"]}]},{\"@type\":\"ImageObject\",\"inLanguage\":\"et\",\"@id\":\"https:\/\/petalwhim.com\/p\/red-eternal-roses-under-glass-dome\/#primaryimage\",\"url\":\"https:\/\/petalwhim.com\/wp-content\/uploads\/2024\/04\/product-image-1594224953.jpg\",\"contentUrl\":\"https:\/\/petalwhim.com\/wp-content\/uploads\/2024\/04\/product-image-1594224953.jpg\",\"width\":640,\"height\":640,\"caption\":\"Small Eternal Roses Red under Glass Dome\"},{\"@type\":\"BreadcrumbList\",\"@id\":\"https:\/\/petalwhim.com\/p\/red-eternal-roses-under-glass-dome\/#breadcrumb\",\"itemListElement\":[{\"@type\":\"ListItem\",\"position\":1,\"name\":\"Home\",\"item\":\"https:\/\/petalwhim.com\/\"},{\"@type\":\"ListItem\",\"position\":2,\"name\":\"Shop\",\"item\":\"https:\/\/petalwhim.com\/shop\/\"},{\"@type\":\"ListItem\",\"position\":3,\"name\":\"Small Eternal Roses Red under Glass Dome\"}]},{\"@type\":\"WebSite\",\"@id\":\"https:\/\/petalwhim.com\/#website\",\"url\":\"https:\/\/petalwhim.com\/\",\"name\":\"Petal Whim\u2122\",\"description\":\"Rose in Glass\",\"publisher\":{\"@id\":\"https:\/\/petalwhim.com\/#organization\"},\"potentialAction\":[{\"@type\":\"SearchAction\",\"target\":{\"@type\":\"EntryPoint\",\"urlTemplate\":\"https:\/\/petalwhim.com\/?s={search_term_string}\"},\"query-input\":{\"@type\":\"PropertyValueSpecification\",\"valueRequired\":true,\"valueName\":\"search_term_string\"}}],\"inLanguage\":\"et\"},{\"@type\":\"Organization\",\"@id\":\"https:\/\/petalwhim.com\/#organization\",\"name\":\"Petal Whim\",\"alternateName\":\"Rose in Glass\",\"url\":\"https:\/\/petalwhim.com\/\",\"logo\":{\"@type\":\"ImageObject\",\"inLanguage\":\"et\",\"@id\":\"https:\/\/petalwhim.com\/#\/schema\/logo\/image\/\",\"url\":\"https:\/\/petalwhim.com\/wp-content\/uploads\/2024\/05\/cropped-Petal-Whim-Favicon.png\",\"contentUrl\":\"https:\/\/petalwhim.com\/wp-content\/uploads\/2024\/05\/cropped-Petal-Whim-Favicon.png\",\"width\":512,\"height\":512,\"caption\":\"Petal Whim\"},\"image\":{\"@id\":\"https:\/\/petalwhim.com\/#\/schema\/logo\/image\/\"}}]}<\/script>\n<!-- \/ Yoast SEO plugin. -->","yoast_head_json":{"title":"V\u00e4ikesed igavene roosid punane klaaskupli all | Eesti Kukkakauplus","description":"T\u00e4histage igavest armastust meie v\u00e4ikeste igaveste rooside punase klaaskupliga \ud83c\udf39S\u00fcmboliseeri oma l\u00f5putut kiindumust. Ostke n\u00fc\u00fcd ja saate tasuta...","robots":{"index":"index","follow":"follow","max-snippet":"max-snippet:-1","max-image-preview":"max-image-preview:large","max-video-preview":"max-video-preview:-1"},"canonical":"https:\/\/petalwhim.com\/et\/p\/punased-igaveseid-roose-klaaskupli-all\/","og_locale":"et_EE","og_type":"article","og_title":"Small Eternal Roses Red under Glass Dome | Eesti Florist","og_description":"Celebrate everlasting love with our Small Eternal Roses Red under Glass Dome .\ud83c\udf39Symbolize your endless affection. Shop now and get a free...","og_url":"https:\/\/petalwhim.com\/et\/p\/punased-igaveseid-roose-klaaskupli-all\/","og_site_name":"Petal Whim\u2122","article_modified_time":"2025-07-25T05:16:05+00:00","og_image":[{"width":640,"height":640,"url":"https:\/\/petalwhim.com\/wp-content\/uploads\/2024\/04\/product-image-1594224953.jpg","type":"image\/jpeg"}],"twitter_card":"summary_large_image","twitter_misc":{"Est. reading time":"1 minut"},"schema":{"@context":"https:\/\/schema.org","@graph":[{"@type":"WebPage","@id":"https:\/\/petalwhim.com\/p\/red-eternal-roses-under-glass-dome\/","url":"https:\/\/petalwhim.com\/p\/red-eternal-roses-under-glass-dome\/","name":"V\u00e4ikesed igavene roosid punane klaaskupli all | Eesti Kukkakauplus","isPartOf":{"@id":"https:\/\/petalwhim.com\/#website"},"primaryImageOfPage":{"@id":"https:\/\/petalwhim.com\/p\/red-eternal-roses-under-glass-dome\/#primaryimage"},"image":{"@id":"https:\/\/petalwhim.com\/p\/red-eternal-roses-under-glass-dome\/#primaryimage"},"thumbnailUrl":"https:\/\/petalwhim.com\/wp-content\/uploads\/2024\/04\/product-image-1594224953.jpg","datePublished":"2024-04-19T04:57:28+00:00","dateModified":"2025-07-25T05:16:05+00:00","description":"T\u00e4histage igavest armastust meie v\u00e4ikeste igaveste rooside punase klaaskupliga \ud83c\udf39S\u00fcmboliseeri oma l\u00f5putut kiindumust. Ostke n\u00fc\u00fcd ja saate tasuta...","breadcrumb":{"@id":"https:\/\/petalwhim.com\/p\/red-eternal-roses-under-glass-dome\/#breadcrumb"},"inLanguage":"et","potentialAction":[{"@type":"ReadAction","target":["https:\/\/petalwhim.com\/p\/red-eternal-roses-under-glass-dome\/"]}]},{"@type":"ImageObject","inLanguage":"et","@id":"https:\/\/petalwhim.com\/p\/red-eternal-roses-under-glass-dome\/#primaryimage","url":"https:\/\/petalwhim.com\/wp-content\/uploads\/2024\/04\/product-image-1594224953.jpg","contentUrl":"https:\/\/petalwhim.com\/wp-content\/uploads\/2024\/04\/product-image-1594224953.jpg","width":640,"height":640,"caption":"Small Eternal Roses Red under Glass Dome"},{"@type":"BreadcrumbList","@id":"https:\/\/petalwhim.com\/p\/red-eternal-roses-under-glass-dome\/#breadcrumb","itemListElement":[{"@type":"ListItem","position":1,"name":"Home","item":"https:\/\/petalwhim.com\/"},{"@type":"ListItem","position":2,"name":"Shop","item":"https:\/\/petalwhim.com\/shop\/"},{"@type":"ListItem","position":3,"name":"Small Eternal Roses Red under Glass Dome"}]},{"@type":"WebSite","@id":"https:\/\/petalwhim.com\/#website","url":"https:\/\/petalwhim.com\/","name":"Lille\u00f5ie Whim\u2122","description":"Roos klaasist","publisher":{"@id":"https:\/\/petalwhim.com\/#organization"},"potentialAction":[{"@type":"SearchAction","target":{"@type":"EntryPoint","urlTemplate":"https:\/\/petalwhim.com\/?s={search_term_string}"},"query-input":{"@type":"PropertyValueSpecification","valueRequired":true,"valueName":"search_term_string"}}],"inLanguage":"et"},{"@type":"Organization","@id":"https:\/\/petalwhim.com\/#organization","name":"Lille\u00f5ie Whim","alternateName":"Rose in Glass","url":"https:\/\/petalwhim.com\/","logo":{"@type":"ImageObject","inLanguage":"et","@id":"https:\/\/petalwhim.com\/#\/schema\/logo\/image\/","url":"https:\/\/petalwhim.com\/wp-content\/uploads\/2024\/05\/cropped-Petal-Whim-Favicon.png","contentUrl":"https:\/\/petalwhim.com\/wp-content\/uploads\/2024\/05\/cropped-Petal-Whim-Favicon.png","width":512,"height":512,"caption":"Petal Whim"},"image":{"@id":"https:\/\/petalwhim.com\/#\/schema\/logo\/image\/"}}]}},"_links":{"self":[{"href":"https:\/\/petalwhim.com\/et\/wp-json\/wp\/v2\/product\/99","targetHints":{"allow":["GET"]}}],"collection":[{"href":"https:\/\/petalwhim.com\/et\/wp-json\/wp\/v2\/product"}],"about":[{"href":"https:\/\/petalwhim.com\/et\/wp-json\/wp\/v2\/types\/product"}],"wp:featuredmedia":[{"embeddable":true,"href":"https:\/\/petalwhim.com\/et\/wp-json\/wp\/v2\/media\/98"}],"wp:attachment":[{"href":"https:\/\/petalwhim.com\/et\/wp-json\/wp\/v2\/media?parent=99"}],"wp:term":[{"taxonomy":"product_brand","embeddable":true,"href":"https:\/\/petalwhim.com\/et\/wp-json\/wp\/v2\/product_brand?post=99"},{"taxonomy":"product_cat","embeddable":true,"href":"https:\/\/petalwhim.com\/et\/wp-json\/wp\/v2\/product_cat?post=99"},{"taxonomy":"product_tag","embeddable":true,"href":"https:\/\/petalwhim.com\/et\/wp-json\/wp\/v2\/product_tag?post=99"}],"curies":[{"name":"wp","href":"https:\/\/api.w.org\/{rel}","templated":true}]}}