{"id":91,"date":"2024-04-19T04:57:07","date_gmt":"2024-04-19T04:57:07","guid":{"rendered":"https:\/\/petalwhim.com\/p\/blue-teddy-bear-eternal-rose\/"},"modified":"2025-10-15T04:20:57","modified_gmt":"2025-10-15T04:20:57","slug":"sinine-karu-igavene-roos","status":"publish","type":"product","link":"https:\/\/petalwhim.com\/et\/p\/sinine-karu-igavene-roos\/","title":{"rendered":"<span>V\u00e4ike igavene roos <\/span><span class=\"product-title-custom\">Sinine karu<\/span>"},"content":{"rendered":"<h2>Puuduvad ideed kingituseks oma kallimale? <\/h2><p>Petal Whim\u2122 on vastus. Tegelikult pakub ta teile oma v\u00e4ikest <strong>igavene roosa<\/strong>, minikaru tema k\u00f5rval. K\u00f5ik kaetud kellukesega, mille tipus on v\u00e4ike s\u00fcda, ilus sinine h\u00f5ljuk.  <br><br>V\u00e4rviga <strong>igavene roos<\/strong> on sinine, mis loob unen\u00e4olise keskkonna. Lisaks toob see koos sinise karukesega roosile armsat k\u00fclge. <br><br>See <strong>igavene roos<\/strong> on t\u00f5esti suurep\u00e4rane kingitus pulmakingituseks, sest see annab imelise, muinasjutulise h\u00f5ngu. <\/p><p> <\/p>","protected":false},"excerpt":{"rendered":"Puuduvad ideed kingituseks oma kallimale? Petal Whim\u2122 on vastus. Tegelikult pakub ta sulle oma V\u00e4ike igavene roosa, mille k\u00fcljes on minikaru. K\u00f5ik kaetud kellukesega, mille tipus on v\u00e4ike s\u00fcda, millel on ilus sinine h\u00f5ljuk. Igavese roosi v\u00e4rv on sinine, mis [...]","protected":false},"featured_media":90,"template":"","meta":[],"product_brand":[],"product_cat":[15,36,21,35],"product_tag":[34],"class_list":{"0":"post-91","1":"product","2":"type-product","3":"status-publish","4":"has-post-thumbnail","6":"product_cat-all-products","7":"product_cat-best-sellers","8":"product_cat-blue-forever-rose","9":"product_cat-small-forever-rose","10":"product_tag-small-rose-in-glass","12":"first","13":"outofstock","14":"shipping-taxable","15":"purchasable","16":"product-type-simple"},"yoast_head":"<!-- This site is optimized with the Yoast SEO plugin v25.9 - https:\/\/yoast.com\/wordpress\/plugins\/seo\/ -->\n<title>Small Eternal Rose Blue Teddy Bear | Eesti Florist<\/title>\n<meta name=\"description\" content=\"Celebrate everlasting love with our Small Eternal Rose Blue Teddy Bear .\ud83c\udf39Symbolize your endless affection. Shop now and get a free...\" \/>\n<meta name=\"robots\" content=\"index, follow, max-snippet:-1, max-image-preview:large, max-video-preview:-1\" \/>\n<link rel=\"canonical\" href=\"https:\/\/petalwhim.com\/et\/p\/sinine-karu-igavene-roos\/\" \/>\n<meta property=\"og:locale\" content=\"et_EE\" \/>\n<meta property=\"og:type\" content=\"article\" \/>\n<meta property=\"og:title\" content=\"Small Eternal Rose Blue Teddy Bear | Eesti Florist\" \/>\n<meta property=\"og:description\" content=\"Celebrate everlasting love with our Small Eternal Rose Blue Teddy Bear .\ud83c\udf39Symbolize your endless affection. Shop now and get a free...\" \/>\n<meta property=\"og:url\" content=\"https:\/\/petalwhim.com\/et\/p\/sinine-karu-igavene-roos\/\" \/>\n<meta property=\"og:site_name\" content=\"Petal Whim\u2122\" \/>\n<meta property=\"article:modified_time\" content=\"2025-10-15T04:20:57+00:00\" \/>\n<meta property=\"og:image\" content=\"https:\/\/petalwhim.com\/wp-content\/uploads\/2024\/04\/product-image-1594224962.jpg\" \/>\n\t<meta property=\"og:image:width\" content=\"640\" \/>\n\t<meta property=\"og:image:height\" content=\"640\" \/>\n\t<meta property=\"og:image:type\" content=\"image\/jpeg\" \/>\n<meta name=\"twitter:card\" content=\"summary_large_image\" \/>\n<meta name=\"twitter:label1\" content=\"Est. reading time\" \/>\n\t<meta name=\"twitter:data1\" content=\"1 minut\" \/>\n<script type=\"application\/ld+json\" class=\"yoast-schema-graph\">{\"@context\":\"https:\/\/schema.org\",\"@graph\":[{\"@type\":\"WebPage\",\"@id\":\"https:\/\/petalwhim.com\/p\/blue-teddy-bear-eternal-rose\/\",\"url\":\"https:\/\/petalwhim.com\/p\/blue-teddy-bear-eternal-rose\/\",\"name\":\"Small Eternal Rose Blue Teddy Bear | Eesti Florist\",\"isPartOf\":{\"@id\":\"https:\/\/petalwhim.com\/#website\"},\"primaryImageOfPage\":{\"@id\":\"https:\/\/petalwhim.com\/p\/blue-teddy-bear-eternal-rose\/#primaryimage\"},\"image\":{\"@id\":\"https:\/\/petalwhim.com\/p\/blue-teddy-bear-eternal-rose\/#primaryimage\"},\"thumbnailUrl\":\"https:\/\/petalwhim.com\/wp-content\/uploads\/2024\/04\/product-image-1594224962.jpg\",\"datePublished\":\"2024-04-19T04:57:07+00:00\",\"dateModified\":\"2025-10-15T04:20:57+00:00\",\"description\":\"Celebrate everlasting love with our Small Eternal Rose Blue Teddy Bear .\ud83c\udf39Symbolize your endless affection. Shop now and get a free...\",\"breadcrumb\":{\"@id\":\"https:\/\/petalwhim.com\/p\/blue-teddy-bear-eternal-rose\/#breadcrumb\"},\"inLanguage\":\"et\",\"potentialAction\":[{\"@type\":\"ReadAction\",\"target\":[\"https:\/\/petalwhim.com\/p\/blue-teddy-bear-eternal-rose\/\"]}]},{\"@type\":\"ImageObject\",\"inLanguage\":\"et\",\"@id\":\"https:\/\/petalwhim.com\/p\/blue-teddy-bear-eternal-rose\/#primaryimage\",\"url\":\"https:\/\/petalwhim.com\/wp-content\/uploads\/2024\/04\/product-image-1594224962.jpg\",\"contentUrl\":\"https:\/\/petalwhim.com\/wp-content\/uploads\/2024\/04\/product-image-1594224962.jpg\",\"width\":640,\"height\":640,\"caption\":\"Small Eternal Rose Blue Teddy Bear\"},{\"@type\":\"BreadcrumbList\",\"@id\":\"https:\/\/petalwhim.com\/p\/blue-teddy-bear-eternal-rose\/#breadcrumb\",\"itemListElement\":[{\"@type\":\"ListItem\",\"position\":1,\"name\":\"Home\",\"item\":\"https:\/\/petalwhim.com\/\"},{\"@type\":\"ListItem\",\"position\":2,\"name\":\"Shop\",\"item\":\"https:\/\/petalwhim.com\/shop\/\"},{\"@type\":\"ListItem\",\"position\":3,\"name\":\"Small Eternal Rose Blue Teddy Bear\"}]},{\"@type\":\"WebSite\",\"@id\":\"https:\/\/petalwhim.com\/#website\",\"url\":\"https:\/\/petalwhim.com\/\",\"name\":\"Petal Whim\u2122\",\"description\":\"Rose in Glass\",\"publisher\":{\"@id\":\"https:\/\/petalwhim.com\/#organization\"},\"potentialAction\":[{\"@type\":\"SearchAction\",\"target\":{\"@type\":\"EntryPoint\",\"urlTemplate\":\"https:\/\/petalwhim.com\/?s={search_term_string}\"},\"query-input\":{\"@type\":\"PropertyValueSpecification\",\"valueRequired\":true,\"valueName\":\"search_term_string\"}}],\"inLanguage\":\"et\"},{\"@type\":\"Organization\",\"@id\":\"https:\/\/petalwhim.com\/#organization\",\"name\":\"Petal Whim\",\"alternateName\":\"Rose in Glass\",\"url\":\"https:\/\/petalwhim.com\/\",\"logo\":{\"@type\":\"ImageObject\",\"inLanguage\":\"et\",\"@id\":\"https:\/\/petalwhim.com\/#\/schema\/logo\/image\/\",\"url\":\"https:\/\/petalwhim.com\/wp-content\/uploads\/2024\/05\/cropped-Petal-Whim-Favicon.png\",\"contentUrl\":\"https:\/\/petalwhim.com\/wp-content\/uploads\/2024\/05\/cropped-Petal-Whim-Favicon.png\",\"width\":512,\"height\":512,\"caption\":\"Petal Whim\"},\"image\":{\"@id\":\"https:\/\/petalwhim.com\/#\/schema\/logo\/image\/\"}}]}<\/script>\n<!-- \/ Yoast SEO plugin. -->","yoast_head_json":{"title":"V\u00e4ike igavene roosiline sinine karu | Eesti Kukk Kauplus | Eesti Kukkaria","description":"T\u00e4histage igavest armastust meie v\u00e4ikese igavese roosi sinise karukesega .\ud83c\udf39S\u00fcmboliseeri oma l\u00f5putut kiindumust. Osta n\u00fc\u00fcd ja saad tasuta...","robots":{"index":"index","follow":"follow","max-snippet":"max-snippet:-1","max-image-preview":"max-image-preview:large","max-video-preview":"max-video-preview:-1"},"canonical":"https:\/\/petalwhim.com\/et\/p\/sinine-karu-igavene-roos\/","og_locale":"et_EE","og_type":"article","og_title":"Small Eternal Rose Blue Teddy Bear | Eesti Florist","og_description":"Celebrate everlasting love with our Small Eternal Rose Blue Teddy Bear .\ud83c\udf39Symbolize your endless affection. Shop now and get a free...","og_url":"https:\/\/petalwhim.com\/et\/p\/sinine-karu-igavene-roos\/","og_site_name":"Petal Whim\u2122","article_modified_time":"2025-10-15T04:20:57+00:00","og_image":[{"width":640,"height":640,"url":"https:\/\/petalwhim.com\/wp-content\/uploads\/2024\/04\/product-image-1594224962.jpg","type":"image\/jpeg"}],"twitter_card":"summary_large_image","twitter_misc":{"Est. reading time":"1 minut"},"schema":{"@context":"https:\/\/schema.org","@graph":[{"@type":"WebPage","@id":"https:\/\/petalwhim.com\/p\/blue-teddy-bear-eternal-rose\/","url":"https:\/\/petalwhim.com\/p\/blue-teddy-bear-eternal-rose\/","name":"V\u00e4ike igavene roosiline sinine karu | Eesti Kukk Kauplus | Eesti Kukkaria","isPartOf":{"@id":"https:\/\/petalwhim.com\/#website"},"primaryImageOfPage":{"@id":"https:\/\/petalwhim.com\/p\/blue-teddy-bear-eternal-rose\/#primaryimage"},"image":{"@id":"https:\/\/petalwhim.com\/p\/blue-teddy-bear-eternal-rose\/#primaryimage"},"thumbnailUrl":"https:\/\/petalwhim.com\/wp-content\/uploads\/2024\/04\/product-image-1594224962.jpg","datePublished":"2024-04-19T04:57:07+00:00","dateModified":"2025-10-15T04:20:57+00:00","description":"T\u00e4histage igavest armastust meie v\u00e4ikese igavese roosi sinise karukesega .\ud83c\udf39S\u00fcmboliseeri oma l\u00f5putut kiindumust. Osta n\u00fc\u00fcd ja saad tasuta...","breadcrumb":{"@id":"https:\/\/petalwhim.com\/p\/blue-teddy-bear-eternal-rose\/#breadcrumb"},"inLanguage":"et","potentialAction":[{"@type":"ReadAction","target":["https:\/\/petalwhim.com\/p\/blue-teddy-bear-eternal-rose\/"]}]},{"@type":"ImageObject","inLanguage":"et","@id":"https:\/\/petalwhim.com\/p\/blue-teddy-bear-eternal-rose\/#primaryimage","url":"https:\/\/petalwhim.com\/wp-content\/uploads\/2024\/04\/product-image-1594224962.jpg","contentUrl":"https:\/\/petalwhim.com\/wp-content\/uploads\/2024\/04\/product-image-1594224962.jpg","width":640,"height":640,"caption":"Small Eternal Rose Blue Teddy Bear"},{"@type":"BreadcrumbList","@id":"https:\/\/petalwhim.com\/p\/blue-teddy-bear-eternal-rose\/#breadcrumb","itemListElement":[{"@type":"ListItem","position":1,"name":"Home","item":"https:\/\/petalwhim.com\/"},{"@type":"ListItem","position":2,"name":"Shop","item":"https:\/\/petalwhim.com\/shop\/"},{"@type":"ListItem","position":3,"name":"Small Eternal Rose Blue Teddy Bear"}]},{"@type":"WebSite","@id":"https:\/\/petalwhim.com\/#website","url":"https:\/\/petalwhim.com\/","name":"Lille\u00f5ie Whim\u2122","description":"Roos klaasist","publisher":{"@id":"https:\/\/petalwhim.com\/#organization"},"potentialAction":[{"@type":"SearchAction","target":{"@type":"EntryPoint","urlTemplate":"https:\/\/petalwhim.com\/?s={search_term_string}"},"query-input":{"@type":"PropertyValueSpecification","valueRequired":true,"valueName":"search_term_string"}}],"inLanguage":"et"},{"@type":"Organization","@id":"https:\/\/petalwhim.com\/#organization","name":"Lille\u00f5ie Whim","alternateName":"Rose in Glass","url":"https:\/\/petalwhim.com\/","logo":{"@type":"ImageObject","inLanguage":"et","@id":"https:\/\/petalwhim.com\/#\/schema\/logo\/image\/","url":"https:\/\/petalwhim.com\/wp-content\/uploads\/2024\/05\/cropped-Petal-Whim-Favicon.png","contentUrl":"https:\/\/petalwhim.com\/wp-content\/uploads\/2024\/05\/cropped-Petal-Whim-Favicon.png","width":512,"height":512,"caption":"Petal Whim"},"image":{"@id":"https:\/\/petalwhim.com\/#\/schema\/logo\/image\/"}}]}},"_links":{"self":[{"href":"https:\/\/petalwhim.com\/et\/wp-json\/wp\/v2\/product\/91","targetHints":{"allow":["GET"]}}],"collection":[{"href":"https:\/\/petalwhim.com\/et\/wp-json\/wp\/v2\/product"}],"about":[{"href":"https:\/\/petalwhim.com\/et\/wp-json\/wp\/v2\/types\/product"}],"wp:featuredmedia":[{"embeddable":true,"href":"https:\/\/petalwhim.com\/et\/wp-json\/wp\/v2\/media\/90"}],"wp:attachment":[{"href":"https:\/\/petalwhim.com\/et\/wp-json\/wp\/v2\/media?parent=91"}],"wp:term":[{"taxonomy":"product_brand","embeddable":true,"href":"https:\/\/petalwhim.com\/et\/wp-json\/wp\/v2\/product_brand?post=91"},{"taxonomy":"product_cat","embeddable":true,"href":"https:\/\/petalwhim.com\/et\/wp-json\/wp\/v2\/product_cat?post=91"},{"taxonomy":"product_tag","embeddable":true,"href":"https:\/\/petalwhim.com\/et\/wp-json\/wp\/v2\/product_tag?post=91"}],"curies":[{"name":"wp","href":"https:\/\/api.w.org\/{rel}","templated":true}]}}