{"id":77,"date":"2024-04-19T04:56:32","date_gmt":"2024-04-19T04:56:32","guid":{"rendered":"https:\/\/petalwhim.com\/p\/eternal-rose-gift\/"},"modified":"2025-07-25T05:16:06","modified_gmt":"2025-07-25T05:16:06","slug":"igavene-roosi-kingitus","status":"publish","type":"product","link":"https:\/\/petalwhim.com\/et\/p\/igavene-roosi-kingitus\/","title":{"rendered":"<span>Igavene roos <\/span><span class=\"product-title-custom\">Kingitus<\/span>"},"content":{"rendered":"<h2>V\u00e4ike kingiidee oma t\u00e4htsate s\u00fcndmuste jaoks? <\/h2><p>Me tahame teid roosi valikul suunata. Seep\u00e4rast pakume teile, a <strong>igavene roos<\/strong> kingitus, mis kindlasti v\u00f5lub. Sellel on kella peal ilus h\u00f5ljuk, mis annab sellele t\u00f5eliselt armsa v\u00e4limuse. <\/p><p>See ilus <strong>igavene roos<\/strong> on punast v\u00e4rvi, mis n\u00e4itab kogu armastust, mida te oma kallima vastu tunnete. See v\u00e4rv on t\u00f5esti ideaalne, sest see t\u00e4histab olukorra romantikat. <br><br>Iga kord on hea, kuid pulmad on just sobivad. Need on armastuse hetked, mis j\u00e4\u00e4vad \u00fcle k\u00f5ige igavesti.  <\/p>","protected":false},"excerpt":{"rendered":"V\u00e4ike kingiidee oma t\u00e4htsate s\u00fcndmuste jaoks? Soovime teid roosi valikul suunata. Seep\u00e4rast pakume teile, igavene roosi kingitus, mis kindlasti v\u00f5lub. Sellel on ilus kelluke, mis annab sellele t\u00f5eliselt armsa v\u00e4limuse. See ilus igavene roos on punast v\u00e4rvi, mis n\u00e4itab [...]","protected":false},"featured_media":76,"template":"","meta":[],"product_brand":[],"product_cat":[15,36,19,35],"product_tag":[34],"class_list":{"0":"post-77","1":"product","2":"type-product","3":"status-publish","4":"has-post-thumbnail","6":"product_cat-all-products","7":"product_cat-best-sellers","8":"product_cat-red-forever-rose","9":"product_cat-small-forever-rose","10":"product_tag-small-rose-in-glass","12":"first","13":"outofstock","14":"shipping-taxable","15":"purchasable","16":"product-type-simple"},"yoast_head":"<!-- This site is optimized with the Yoast SEO plugin v25.9 - https:\/\/yoast.com\/wordpress\/plugins\/seo\/ -->\n<title>Eternal Rose Gift | Eesti Florist<\/title>\n<meta name=\"description\" content=\"Celebrate everlasting love with our Eternal Rose Gift .\ud83c\udf39Symbolize your endless affection. Shop now and get a free...\" \/>\n<meta name=\"robots\" content=\"index, follow, max-snippet:-1, max-image-preview:large, max-video-preview:-1\" \/>\n<link rel=\"canonical\" href=\"https:\/\/petalwhim.com\/et\/p\/igavene-roosi-kingitus\/\" \/>\n<meta property=\"og:locale\" content=\"et_EE\" \/>\n<meta property=\"og:type\" content=\"article\" \/>\n<meta property=\"og:title\" content=\"Eternal Rose Gift | Eesti Florist\" \/>\n<meta property=\"og:description\" content=\"Celebrate everlasting love with our Eternal Rose Gift .\ud83c\udf39Symbolize your endless affection. Shop now and get a free...\" \/>\n<meta property=\"og:url\" content=\"https:\/\/petalwhim.com\/et\/p\/igavene-roosi-kingitus\/\" \/>\n<meta property=\"og:site_name\" content=\"Petal Whim\u2122\" \/>\n<meta property=\"article:modified_time\" content=\"2025-07-25T05:16:06+00:00\" \/>\n<meta property=\"og:image\" content=\"https:\/\/petalwhim.com\/wp-content\/uploads\/2024\/04\/product-image-1594224955.jpg\" \/>\n\t<meta property=\"og:image:width\" content=\"640\" \/>\n\t<meta property=\"og:image:height\" content=\"640\" \/>\n\t<meta property=\"og:image:type\" content=\"image\/jpeg\" \/>\n<meta name=\"twitter:card\" content=\"summary_large_image\" \/>\n<meta name=\"twitter:label1\" content=\"Est. reading time\" \/>\n\t<meta name=\"twitter:data1\" content=\"1 minut\" \/>\n<script type=\"application\/ld+json\" class=\"yoast-schema-graph\">{\"@context\":\"https:\/\/schema.org\",\"@graph\":[{\"@type\":\"WebPage\",\"@id\":\"https:\/\/petalwhim.com\/p\/eternal-rose-gift\/\",\"url\":\"https:\/\/petalwhim.com\/p\/eternal-rose-gift\/\",\"name\":\"Eternal Rose Gift | Eesti Florist\",\"isPartOf\":{\"@id\":\"https:\/\/petalwhim.com\/#website\"},\"primaryImageOfPage\":{\"@id\":\"https:\/\/petalwhim.com\/p\/eternal-rose-gift\/#primaryimage\"},\"image\":{\"@id\":\"https:\/\/petalwhim.com\/p\/eternal-rose-gift\/#primaryimage\"},\"thumbnailUrl\":\"https:\/\/petalwhim.com\/wp-content\/uploads\/2024\/04\/product-image-1594224955.jpg\",\"datePublished\":\"2024-04-19T04:56:32+00:00\",\"dateModified\":\"2025-07-25T05:16:06+00:00\",\"description\":\"Celebrate everlasting love with our Eternal Rose Gift .\ud83c\udf39Symbolize your endless affection. Shop now and get a free...\",\"breadcrumb\":{\"@id\":\"https:\/\/petalwhim.com\/p\/eternal-rose-gift\/#breadcrumb\"},\"inLanguage\":\"et\",\"potentialAction\":[{\"@type\":\"ReadAction\",\"target\":[\"https:\/\/petalwhim.com\/p\/eternal-rose-gift\/\"]}]},{\"@type\":\"ImageObject\",\"inLanguage\":\"et\",\"@id\":\"https:\/\/petalwhim.com\/p\/eternal-rose-gift\/#primaryimage\",\"url\":\"https:\/\/petalwhim.com\/wp-content\/uploads\/2024\/04\/product-image-1594224955.jpg\",\"contentUrl\":\"https:\/\/petalwhim.com\/wp-content\/uploads\/2024\/04\/product-image-1594224955.jpg\",\"width\":640,\"height\":640,\"caption\":\"Eternal Rose Gift\"},{\"@type\":\"BreadcrumbList\",\"@id\":\"https:\/\/petalwhim.com\/p\/eternal-rose-gift\/#breadcrumb\",\"itemListElement\":[{\"@type\":\"ListItem\",\"position\":1,\"name\":\"Home\",\"item\":\"https:\/\/petalwhim.com\/\"},{\"@type\":\"ListItem\",\"position\":2,\"name\":\"Shop\",\"item\":\"https:\/\/petalwhim.com\/shop\/\"},{\"@type\":\"ListItem\",\"position\":3,\"name\":\"Eternal Rose Gift\"}]},{\"@type\":\"WebSite\",\"@id\":\"https:\/\/petalwhim.com\/#website\",\"url\":\"https:\/\/petalwhim.com\/\",\"name\":\"Petal Whim\u2122\",\"description\":\"Rose in Glass\",\"publisher\":{\"@id\":\"https:\/\/petalwhim.com\/#organization\"},\"potentialAction\":[{\"@type\":\"SearchAction\",\"target\":{\"@type\":\"EntryPoint\",\"urlTemplate\":\"https:\/\/petalwhim.com\/?s={search_term_string}\"},\"query-input\":{\"@type\":\"PropertyValueSpecification\",\"valueRequired\":true,\"valueName\":\"search_term_string\"}}],\"inLanguage\":\"et\"},{\"@type\":\"Organization\",\"@id\":\"https:\/\/petalwhim.com\/#organization\",\"name\":\"Petal Whim\",\"alternateName\":\"Rose in Glass\",\"url\":\"https:\/\/petalwhim.com\/\",\"logo\":{\"@type\":\"ImageObject\",\"inLanguage\":\"et\",\"@id\":\"https:\/\/petalwhim.com\/#\/schema\/logo\/image\/\",\"url\":\"https:\/\/petalwhim.com\/wp-content\/uploads\/2024\/05\/cropped-Petal-Whim-Favicon.png\",\"contentUrl\":\"https:\/\/petalwhim.com\/wp-content\/uploads\/2024\/05\/cropped-Petal-Whim-Favicon.png\",\"width\":512,\"height\":512,\"caption\":\"Petal Whim\"},\"image\":{\"@id\":\"https:\/\/petalwhim.com\/#\/schema\/logo\/image\/\"}}]}<\/script>\n<!-- \/ Yoast SEO plugin. -->","yoast_head_json":{"title":"Igavene roosi kingitus | Eesti Kukkakauplus","description":"T\u00e4histage igavest armastust meie igavese roosi kingitusega .\ud83c\udf39S\u00fcmboliseeri oma l\u00f5putut kiindumust. Osta n\u00fc\u00fcd ja saada tasuta...","robots":{"index":"index","follow":"follow","max-snippet":"max-snippet:-1","max-image-preview":"max-image-preview:large","max-video-preview":"max-video-preview:-1"},"canonical":"https:\/\/petalwhim.com\/et\/p\/igavene-roosi-kingitus\/","og_locale":"et_EE","og_type":"article","og_title":"Eternal Rose Gift | Eesti Florist","og_description":"Celebrate everlasting love with our Eternal Rose Gift .\ud83c\udf39Symbolize your endless affection. Shop now and get a free...","og_url":"https:\/\/petalwhim.com\/et\/p\/igavene-roosi-kingitus\/","og_site_name":"Petal Whim\u2122","article_modified_time":"2025-07-25T05:16:06+00:00","og_image":[{"width":640,"height":640,"url":"https:\/\/petalwhim.com\/wp-content\/uploads\/2024\/04\/product-image-1594224955.jpg","type":"image\/jpeg"}],"twitter_card":"summary_large_image","twitter_misc":{"Est. reading time":"1 minut"},"schema":{"@context":"https:\/\/schema.org","@graph":[{"@type":"WebPage","@id":"https:\/\/petalwhim.com\/p\/eternal-rose-gift\/","url":"https:\/\/petalwhim.com\/p\/eternal-rose-gift\/","name":"Igavene roosi kingitus | Eesti Kukkakauplus","isPartOf":{"@id":"https:\/\/petalwhim.com\/#website"},"primaryImageOfPage":{"@id":"https:\/\/petalwhim.com\/p\/eternal-rose-gift\/#primaryimage"},"image":{"@id":"https:\/\/petalwhim.com\/p\/eternal-rose-gift\/#primaryimage"},"thumbnailUrl":"https:\/\/petalwhim.com\/wp-content\/uploads\/2024\/04\/product-image-1594224955.jpg","datePublished":"2024-04-19T04:56:32+00:00","dateModified":"2025-07-25T05:16:06+00:00","description":"T\u00e4histage igavest armastust meie igavese roosi kingitusega .\ud83c\udf39S\u00fcmboliseeri oma l\u00f5putut kiindumust. Osta n\u00fc\u00fcd ja saada tasuta...","breadcrumb":{"@id":"https:\/\/petalwhim.com\/p\/eternal-rose-gift\/#breadcrumb"},"inLanguage":"et","potentialAction":[{"@type":"ReadAction","target":["https:\/\/petalwhim.com\/p\/eternal-rose-gift\/"]}]},{"@type":"ImageObject","inLanguage":"et","@id":"https:\/\/petalwhim.com\/p\/eternal-rose-gift\/#primaryimage","url":"https:\/\/petalwhim.com\/wp-content\/uploads\/2024\/04\/product-image-1594224955.jpg","contentUrl":"https:\/\/petalwhim.com\/wp-content\/uploads\/2024\/04\/product-image-1594224955.jpg","width":640,"height":640,"caption":"Eternal Rose Gift"},{"@type":"BreadcrumbList","@id":"https:\/\/petalwhim.com\/p\/eternal-rose-gift\/#breadcrumb","itemListElement":[{"@type":"ListItem","position":1,"name":"Home","item":"https:\/\/petalwhim.com\/"},{"@type":"ListItem","position":2,"name":"Shop","item":"https:\/\/petalwhim.com\/shop\/"},{"@type":"ListItem","position":3,"name":"Eternal Rose Gift"}]},{"@type":"WebSite","@id":"https:\/\/petalwhim.com\/#website","url":"https:\/\/petalwhim.com\/","name":"Lille\u00f5ie Whim\u2122","description":"Roos klaasist","publisher":{"@id":"https:\/\/petalwhim.com\/#organization"},"potentialAction":[{"@type":"SearchAction","target":{"@type":"EntryPoint","urlTemplate":"https:\/\/petalwhim.com\/?s={search_term_string}"},"query-input":{"@type":"PropertyValueSpecification","valueRequired":true,"valueName":"search_term_string"}}],"inLanguage":"et"},{"@type":"Organization","@id":"https:\/\/petalwhim.com\/#organization","name":"Lille\u00f5ie Whim","alternateName":"Rose in Glass","url":"https:\/\/petalwhim.com\/","logo":{"@type":"ImageObject","inLanguage":"et","@id":"https:\/\/petalwhim.com\/#\/schema\/logo\/image\/","url":"https:\/\/petalwhim.com\/wp-content\/uploads\/2024\/05\/cropped-Petal-Whim-Favicon.png","contentUrl":"https:\/\/petalwhim.com\/wp-content\/uploads\/2024\/05\/cropped-Petal-Whim-Favicon.png","width":512,"height":512,"caption":"Petal Whim"},"image":{"@id":"https:\/\/petalwhim.com\/#\/schema\/logo\/image\/"}}]}},"_links":{"self":[{"href":"https:\/\/petalwhim.com\/et\/wp-json\/wp\/v2\/product\/77","targetHints":{"allow":["GET"]}}],"collection":[{"href":"https:\/\/petalwhim.com\/et\/wp-json\/wp\/v2\/product"}],"about":[{"href":"https:\/\/petalwhim.com\/et\/wp-json\/wp\/v2\/types\/product"}],"wp:featuredmedia":[{"embeddable":true,"href":"https:\/\/petalwhim.com\/et\/wp-json\/wp\/v2\/media\/76"}],"wp:attachment":[{"href":"https:\/\/petalwhim.com\/et\/wp-json\/wp\/v2\/media?parent=77"}],"wp:term":[{"taxonomy":"product_brand","embeddable":true,"href":"https:\/\/petalwhim.com\/et\/wp-json\/wp\/v2\/product_brand?post=77"},{"taxonomy":"product_cat","embeddable":true,"href":"https:\/\/petalwhim.com\/et\/wp-json\/wp\/v2\/product_cat?post=77"},{"taxonomy":"product_tag","embeddable":true,"href":"https:\/\/petalwhim.com\/et\/wp-json\/wp\/v2\/product_tag?post=77"}],"curies":[{"name":"wp","href":"https:\/\/api.w.org\/{rel}","templated":true}]}}