{"id":399,"date":"2024-04-29T01:32:03","date_gmt":"2024-04-29T01:32:03","guid":{"rendered":"https:\/\/petalwhim.com\/p\/rose-teddy-bear-eternal-grey\/"},"modified":"2025-07-25T05:16:00","modified_gmt":"2025-07-25T05:16:00","slug":"roosa-karu-igavene-hall-2","status":"publish","type":"product","link":"https:\/\/petalwhim.com\/et\/p\/roosa-karu-igavene-hall-2\/","title":{"rendered":"<span>Roosi karu <\/span><span class=\"product-title-custom\">Eternal Grey<\/span>"},"content":{"rendered":"<h2>A <strong>v\u00e4ike roosiline karu<\/strong> v\u00e4ljendada kogu oma armastust oma kallimale?<\/h2> <p>Petal Whim\u2122 on siin, et aidata teid nendel aasta viimastel kuudel. See pakub v\u00e4ikest roosilist karukest halli v\u00e4rvi. See on seotud v\u00e4ikese vibuga, mis muudab selle t\u00f5eliselt armsaks ja v\u00f5lub teie kallimat.<\/p> <h2>Kui palju see v\u00e4ike karu maksab?<\/h2> <p>Selle ostmiseks \u00e4rge kartke. T\u00f5epoolest, see maksab ainult 40 eurot, mis on m\u00e4rkimisv\u00e4\u00e4rne eelis. See kingitus saadetakse teile 24 tunni jooksul. Nii et \u00fcks n\u00f5uanne, \u00e4rge k\u00f5hkle enam. Mine edasi ja osta see v\u00e4ike hall roosiline karu!<\/p>","protected":false},"excerpt":{"rendered":"<ul> <li><strong>Teddy koosneb<\/strong> 350 igavese roosi ja musta satiinpaelaga.<\/li> <li>Selle karu suurus: 25 cm.<\/li> <li>K\u00e4sitsi valmistatud meie t\u00f6\u00f6kojas<\/li> <\/ul>","protected":false},"featured_media":398,"template":"","meta":[],"product_brand":[],"product_cat":[15,32],"product_tag":[],"class_list":{"0":"post-399","1":"product","2":"type-product","3":"status-publish","4":"has-post-thumbnail","6":"product_cat-all-products","7":"product_cat-flower-bear","9":"first","10":"instock","11":"shipping-taxable","12":"purchasable","13":"product-type-simple"},"yoast_head":"<!-- This site is optimized with the Yoast SEO plugin v25.9 - https:\/\/yoast.com\/wordpress\/plugins\/seo\/ -->\n<title>Rose Teddy Bear Eternal Grey | Eesti Florist<\/title>\n<meta name=\"description\" content=\"Celebrate everlasting love with our Rose Teddy Bear Eternal Grey .\ud83c\udf39Symbolize your endless affection. Shop now and get a free...\" \/>\n<meta name=\"robots\" content=\"index, follow, max-snippet:-1, max-image-preview:large, max-video-preview:-1\" \/>\n<link rel=\"canonical\" href=\"https:\/\/petalwhim.com\/et\/p\/roosa-karu-igavene-hall-2\/\" \/>\n<meta property=\"og:locale\" content=\"et_EE\" \/>\n<meta property=\"og:type\" content=\"article\" \/>\n<meta property=\"og:title\" content=\"Rose Teddy Bear Eternal Grey | Eesti Florist\" \/>\n<meta property=\"og:description\" content=\"Celebrate everlasting love with our Rose Teddy Bear Eternal Grey .\ud83c\udf39Symbolize your endless affection. Shop now and get a free...\" \/>\n<meta property=\"og:url\" content=\"https:\/\/petalwhim.com\/et\/p\/roosa-karu-igavene-hall-2\/\" \/>\n<meta property=\"og:site_name\" content=\"Petal Whim\u2122\" \/>\n<meta property=\"article:modified_time\" content=\"2025-07-25T05:16:00+00:00\" \/>\n<meta property=\"og:image\" content=\"https:\/\/petalwhim.com\/wp-content\/uploads\/2024\/04\/ourson-en-rose-paris_600x_747a6d3f-b864-4641-94f1-89339f02915b_600x.jpg\" \/>\n\t<meta property=\"og:image:width\" content=\"600\" \/>\n\t<meta property=\"og:image:height\" content=\"600\" \/>\n\t<meta property=\"og:image:type\" content=\"image\/jpeg\" \/>\n<meta name=\"twitter:card\" content=\"summary_large_image\" \/>\n<meta name=\"twitter:label1\" content=\"Est. reading time\" \/>\n\t<meta name=\"twitter:data1\" content=\"1 minut\" \/>\n<script type=\"application\/ld+json\" class=\"yoast-schema-graph\">{\"@context\":\"https:\/\/schema.org\",\"@graph\":[{\"@type\":\"WebPage\",\"@id\":\"https:\/\/petalwhim.com\/p\/rose-teddy-bear-eternal-grey\/\",\"url\":\"https:\/\/petalwhim.com\/p\/rose-teddy-bear-eternal-grey\/\",\"name\":\"Rose Teddy Bear Eternal Grey | Eesti Florist\",\"isPartOf\":{\"@id\":\"https:\/\/petalwhim.com\/#website\"},\"primaryImageOfPage\":{\"@id\":\"https:\/\/petalwhim.com\/p\/rose-teddy-bear-eternal-grey\/#primaryimage\"},\"image\":{\"@id\":\"https:\/\/petalwhim.com\/p\/rose-teddy-bear-eternal-grey\/#primaryimage\"},\"thumbnailUrl\":\"https:\/\/petalwhim.com\/wp-content\/uploads\/2024\/04\/ourson-en-rose-paris_600x_747a6d3f-b864-4641-94f1-89339f02915b_600x.jpg\",\"datePublished\":\"2024-04-29T01:32:03+00:00\",\"dateModified\":\"2025-07-25T05:16:00+00:00\",\"description\":\"Celebrate everlasting love with our Rose Teddy Bear Eternal Grey .\ud83c\udf39Symbolize your endless affection. Shop now and get a free...\",\"breadcrumb\":{\"@id\":\"https:\/\/petalwhim.com\/p\/rose-teddy-bear-eternal-grey\/#breadcrumb\"},\"inLanguage\":\"et\",\"potentialAction\":[{\"@type\":\"ReadAction\",\"target\":[\"https:\/\/petalwhim.com\/p\/rose-teddy-bear-eternal-grey\/\"]}]},{\"@type\":\"ImageObject\",\"inLanguage\":\"et\",\"@id\":\"https:\/\/petalwhim.com\/p\/rose-teddy-bear-eternal-grey\/#primaryimage\",\"url\":\"https:\/\/petalwhim.com\/wp-content\/uploads\/2024\/04\/ourson-en-rose-paris_600x_747a6d3f-b864-4641-94f1-89339f02915b_600x.jpg\",\"contentUrl\":\"https:\/\/petalwhim.com\/wp-content\/uploads\/2024\/04\/ourson-en-rose-paris_600x_747a6d3f-b864-4641-94f1-89339f02915b_600x.jpg\",\"width\":600,\"height\":600,\"caption\":\"Rose Teddy Bear Eternal Grey\"},{\"@type\":\"BreadcrumbList\",\"@id\":\"https:\/\/petalwhim.com\/p\/rose-teddy-bear-eternal-grey\/#breadcrumb\",\"itemListElement\":[{\"@type\":\"ListItem\",\"position\":1,\"name\":\"Home\",\"item\":\"https:\/\/petalwhim.com\/\"},{\"@type\":\"ListItem\",\"position\":2,\"name\":\"Shop\",\"item\":\"https:\/\/petalwhim.com\/shop\/\"},{\"@type\":\"ListItem\",\"position\":3,\"name\":\"Rose Teddy Bear Eternal Grey\"}]},{\"@type\":\"WebSite\",\"@id\":\"https:\/\/petalwhim.com\/#website\",\"url\":\"https:\/\/petalwhim.com\/\",\"name\":\"Petal Whim\u2122\",\"description\":\"Rose in Glass\",\"publisher\":{\"@id\":\"https:\/\/petalwhim.com\/#organization\"},\"potentialAction\":[{\"@type\":\"SearchAction\",\"target\":{\"@type\":\"EntryPoint\",\"urlTemplate\":\"https:\/\/petalwhim.com\/?s={search_term_string}\"},\"query-input\":{\"@type\":\"PropertyValueSpecification\",\"valueRequired\":true,\"valueName\":\"search_term_string\"}}],\"inLanguage\":\"et\"},{\"@type\":\"Organization\",\"@id\":\"https:\/\/petalwhim.com\/#organization\",\"name\":\"Petal Whim\",\"alternateName\":\"Rose in Glass\",\"url\":\"https:\/\/petalwhim.com\/\",\"logo\":{\"@type\":\"ImageObject\",\"inLanguage\":\"et\",\"@id\":\"https:\/\/petalwhim.com\/#\/schema\/logo\/image\/\",\"url\":\"https:\/\/petalwhim.com\/wp-content\/uploads\/2024\/05\/cropped-Petal-Whim-Favicon.png\",\"contentUrl\":\"https:\/\/petalwhim.com\/wp-content\/uploads\/2024\/05\/cropped-Petal-Whim-Favicon.png\",\"width\":512,\"height\":512,\"caption\":\"Petal Whim\"},\"image\":{\"@id\":\"https:\/\/petalwhim.com\/#\/schema\/logo\/image\/\"}}]}<\/script>\n<!-- \/ Yoast SEO plugin. -->","yoast_head_json":{"title":"Roosi karu Eternal Grey | Eesti Kukk Kauplus | Eesti Kukk Kauplus","description":"T\u00e4histage igavest armastust meie roosi karu Eternal Grey .\ud83c\udf39S\u00fcmboliseeri oma l\u00f5putut kiindumust. Osta n\u00fc\u00fcd ja saad tasuta...","robots":{"index":"index","follow":"follow","max-snippet":"max-snippet:-1","max-image-preview":"max-image-preview:large","max-video-preview":"max-video-preview:-1"},"canonical":"https:\/\/petalwhim.com\/et\/p\/roosa-karu-igavene-hall-2\/","og_locale":"et_EE","og_type":"article","og_title":"Rose Teddy Bear Eternal Grey | Eesti Florist","og_description":"Celebrate everlasting love with our Rose Teddy Bear Eternal Grey .\ud83c\udf39Symbolize your endless affection. Shop now and get a free...","og_url":"https:\/\/petalwhim.com\/et\/p\/roosa-karu-igavene-hall-2\/","og_site_name":"Petal Whim\u2122","article_modified_time":"2025-07-25T05:16:00+00:00","og_image":[{"width":600,"height":600,"url":"https:\/\/petalwhim.com\/wp-content\/uploads\/2024\/04\/ourson-en-rose-paris_600x_747a6d3f-b864-4641-94f1-89339f02915b_600x.jpg","type":"image\/jpeg"}],"twitter_card":"summary_large_image","twitter_misc":{"Est. reading time":"1 minut"},"schema":{"@context":"https:\/\/schema.org","@graph":[{"@type":"WebPage","@id":"https:\/\/petalwhim.com\/p\/rose-teddy-bear-eternal-grey\/","url":"https:\/\/petalwhim.com\/p\/rose-teddy-bear-eternal-grey\/","name":"Roosi karu Eternal Grey | Eesti Kukk Kauplus | Eesti Kukk Kauplus","isPartOf":{"@id":"https:\/\/petalwhim.com\/#website"},"primaryImageOfPage":{"@id":"https:\/\/petalwhim.com\/p\/rose-teddy-bear-eternal-grey\/#primaryimage"},"image":{"@id":"https:\/\/petalwhim.com\/p\/rose-teddy-bear-eternal-grey\/#primaryimage"},"thumbnailUrl":"https:\/\/petalwhim.com\/wp-content\/uploads\/2024\/04\/ourson-en-rose-paris_600x_747a6d3f-b864-4641-94f1-89339f02915b_600x.jpg","datePublished":"2024-04-29T01:32:03+00:00","dateModified":"2025-07-25T05:16:00+00:00","description":"T\u00e4histage igavest armastust meie roosi karu Eternal Grey .\ud83c\udf39S\u00fcmboliseeri oma l\u00f5putut kiindumust. Osta n\u00fc\u00fcd ja saad tasuta...","breadcrumb":{"@id":"https:\/\/petalwhim.com\/p\/rose-teddy-bear-eternal-grey\/#breadcrumb"},"inLanguage":"et","potentialAction":[{"@type":"ReadAction","target":["https:\/\/petalwhim.com\/p\/rose-teddy-bear-eternal-grey\/"]}]},{"@type":"ImageObject","inLanguage":"et","@id":"https:\/\/petalwhim.com\/p\/rose-teddy-bear-eternal-grey\/#primaryimage","url":"https:\/\/petalwhim.com\/wp-content\/uploads\/2024\/04\/ourson-en-rose-paris_600x_747a6d3f-b864-4641-94f1-89339f02915b_600x.jpg","contentUrl":"https:\/\/petalwhim.com\/wp-content\/uploads\/2024\/04\/ourson-en-rose-paris_600x_747a6d3f-b864-4641-94f1-89339f02915b_600x.jpg","width":600,"height":600,"caption":"Rose Teddy Bear Eternal Grey"},{"@type":"BreadcrumbList","@id":"https:\/\/petalwhim.com\/p\/rose-teddy-bear-eternal-grey\/#breadcrumb","itemListElement":[{"@type":"ListItem","position":1,"name":"Home","item":"https:\/\/petalwhim.com\/"},{"@type":"ListItem","position":2,"name":"Shop","item":"https:\/\/petalwhim.com\/shop\/"},{"@type":"ListItem","position":3,"name":"Rose Teddy Bear Eternal Grey"}]},{"@type":"WebSite","@id":"https:\/\/petalwhim.com\/#website","url":"https:\/\/petalwhim.com\/","name":"Lille\u00f5ie Whim\u2122","description":"Roos klaasist","publisher":{"@id":"https:\/\/petalwhim.com\/#organization"},"potentialAction":[{"@type":"SearchAction","target":{"@type":"EntryPoint","urlTemplate":"https:\/\/petalwhim.com\/?s={search_term_string}"},"query-input":{"@type":"PropertyValueSpecification","valueRequired":true,"valueName":"search_term_string"}}],"inLanguage":"et"},{"@type":"Organization","@id":"https:\/\/petalwhim.com\/#organization","name":"Lille\u00f5ie Whim","alternateName":"Rose in Glass","url":"https:\/\/petalwhim.com\/","logo":{"@type":"ImageObject","inLanguage":"et","@id":"https:\/\/petalwhim.com\/#\/schema\/logo\/image\/","url":"https:\/\/petalwhim.com\/wp-content\/uploads\/2024\/05\/cropped-Petal-Whim-Favicon.png","contentUrl":"https:\/\/petalwhim.com\/wp-content\/uploads\/2024\/05\/cropped-Petal-Whim-Favicon.png","width":512,"height":512,"caption":"Petal Whim"},"image":{"@id":"https:\/\/petalwhim.com\/#\/schema\/logo\/image\/"}}]}},"_links":{"self":[{"href":"https:\/\/petalwhim.com\/et\/wp-json\/wp\/v2\/product\/399","targetHints":{"allow":["GET"]}}],"collection":[{"href":"https:\/\/petalwhim.com\/et\/wp-json\/wp\/v2\/product"}],"about":[{"href":"https:\/\/petalwhim.com\/et\/wp-json\/wp\/v2\/types\/product"}],"wp:featuredmedia":[{"embeddable":true,"href":"https:\/\/petalwhim.com\/et\/wp-json\/wp\/v2\/media\/398"}],"wp:attachment":[{"href":"https:\/\/petalwhim.com\/et\/wp-json\/wp\/v2\/media?parent=399"}],"wp:term":[{"taxonomy":"product_brand","embeddable":true,"href":"https:\/\/petalwhim.com\/et\/wp-json\/wp\/v2\/product_brand?post=399"},{"taxonomy":"product_cat","embeddable":true,"href":"https:\/\/petalwhim.com\/et\/wp-json\/wp\/v2\/product_cat?post=399"},{"taxonomy":"product_tag","embeddable":true,"href":"https:\/\/petalwhim.com\/et\/wp-json\/wp\/v2\/product_tag?post=399"}],"curies":[{"name":"wp","href":"https:\/\/api.w.org\/{rel}","templated":true}]}}