{"id":229,"date":"2024-04-19T05:01:59","date_gmt":"2024-04-19T05:01:59","guid":{"rendered":"https:\/\/petalwhim.com\/p\/mini-pink-and-violet-eternal-rose-under-glass-dome\/"},"modified":"2025-07-25T05:16:02","modified_gmt":"2025-07-25T05:16:02","slug":"mini-roosa-ja-lilla-igavene-roos-klaasist-kupli-all","status":"publish","type":"product","link":"https:\/\/petalwhim.com\/et\/p\/mini-roosa-ja-lilla-igavene-roos-klaasist-kupli-all\/","title":{"rendered":"<span>Mini igavene roos klaasist kupli all <\/span><span class=\"product-title-custom\">Roosa ja lilla<\/span>"},"content":{"rendered":"<h2>Vapustav ja romantiline igavene roos klossi all<\/h2><p>Avastage s\u00fcdamekujulise rannakarbi all suurep\u00e4rane roos, milles segunevad roosa ja lilla v\u00e4rvid. See puhkab \u00f5rnalt samblakarbis, seda \u00fcmbritsevad p\u00e4rlid ja v\u00e4ikesed roosad lilled.<br><br>Roosa v\u00e4rv tekitab romantikat ja \u00f5rnust. See helendab saaja p\u00e4eva. Lilla v\u00e4rv t\u00e4histab unistust ja \u00f5rnust ning rahu.<br><br>Kinkides selle suurep\u00e4rase igavese roosa ja lilla klossi all oleva roosi, t\u00f5estate oma kallimale, kui palju te hoolivad. N\u00e4itad talle, et sinu armastus on tugevam kui kunagi varem. See v\u00f5ib olla ka kaunis kingitus abieluettepaneku juurde v\u00f5i lihtsalt selleks, et see igavene roos oleks teie kire s\u00fcmboliks.    <\/p>","protected":false},"excerpt":{"rendered":"Vapustav ja romantiline igavene roos klossi allS\u00fcdamekujulise rannakloosi all avastage suurep\u00e4rane roos, milles segunevad roosa ja lilla v\u00e4rvid. See puhkab \u00f5rnalt samblakarbis, seda \u00fcmbritsevad p\u00e4rlid ja v\u00e4ikesed roosad lilled.Roosa v\u00e4rvus kutsub esile romantikat ja \u00f5rnust. See helendab saaja p\u00e4eva. Lilla v\u00e4rv t\u00e4histab unistust ja [...]","protected":false},"featured_media":228,"template":"","meta":[],"product_brand":[],"product_cat":[15,36,35],"product_tag":[34],"class_list":{"0":"post-229","1":"product","2":"type-product","3":"status-publish","4":"has-post-thumbnail","6":"product_cat-all-products","7":"product_cat-best-sellers","8":"product_cat-small-forever-rose","9":"product_tag-small-rose-in-glass","11":"first","12":"instock","13":"shipping-taxable","14":"purchasable","15":"product-type-simple"},"yoast_head":"<!-- This site is optimized with the Yoast SEO plugin v25.9 - https:\/\/yoast.com\/wordpress\/plugins\/seo\/ -->\n<title>Mini Eternal Rose under Glass Dome Pink and Violet | Eesti Florist<\/title>\n<meta name=\"description\" content=\"Celebrate everlasting love with our Mini Eternal Rose under Glass Dome Pink and Violet .\ud83c\udf39Symbolize your endless affection. Shop now and get a free...\" \/>\n<meta name=\"robots\" content=\"index, follow, max-snippet:-1, max-image-preview:large, max-video-preview:-1\" \/>\n<link rel=\"canonical\" href=\"https:\/\/petalwhim.com\/et\/p\/mini-roosa-ja-lilla-igavene-roos-klaasist-kupli-all\/\" \/>\n<meta property=\"og:locale\" content=\"et_EE\" \/>\n<meta property=\"og:type\" content=\"article\" \/>\n<meta property=\"og:title\" content=\"Mini Eternal Rose under Glass Dome Pink and Violet | Eesti Florist\" \/>\n<meta property=\"og:description\" content=\"Celebrate everlasting love with our Mini Eternal Rose under Glass Dome Pink and Violet .\ud83c\udf39Symbolize your endless affection. Shop now and get a free...\" \/>\n<meta property=\"og:url\" content=\"https:\/\/petalwhim.com\/et\/p\/mini-roosa-ja-lilla-igavene-roos-klaasist-kupli-all\/\" \/>\n<meta property=\"og:site_name\" content=\"Petal Whim\u2122\" \/>\n<meta property=\"article:modified_time\" content=\"2025-07-25T05:16:02+00:00\" \/>\n<meta property=\"og:image\" content=\"https:\/\/petalwhim.com\/wp-content\/uploads\/2024\/04\/product-image-1487364156_05749d4d-0a62-4042-b220-174ffd02837d.jpg\" \/>\n\t<meta property=\"og:image:width\" content=\"640\" \/>\n\t<meta property=\"og:image:height\" content=\"640\" \/>\n\t<meta property=\"og:image:type\" content=\"image\/jpeg\" \/>\n<meta name=\"twitter:card\" content=\"summary_large_image\" \/>\n<meta name=\"twitter:label1\" content=\"Est. reading time\" \/>\n\t<meta name=\"twitter:data1\" content=\"1 minut\" \/>\n<script type=\"application\/ld+json\" class=\"yoast-schema-graph\">{\"@context\":\"https:\/\/schema.org\",\"@graph\":[{\"@type\":\"WebPage\",\"@id\":\"https:\/\/petalwhim.com\/p\/mini-pink-and-violet-eternal-rose-under-glass-dome\/\",\"url\":\"https:\/\/petalwhim.com\/p\/mini-pink-and-violet-eternal-rose-under-glass-dome\/\",\"name\":\"Mini Eternal Rose under Glass Dome Pink and Violet | Eesti Florist\",\"isPartOf\":{\"@id\":\"https:\/\/petalwhim.com\/#website\"},\"primaryImageOfPage\":{\"@id\":\"https:\/\/petalwhim.com\/p\/mini-pink-and-violet-eternal-rose-under-glass-dome\/#primaryimage\"},\"image\":{\"@id\":\"https:\/\/petalwhim.com\/p\/mini-pink-and-violet-eternal-rose-under-glass-dome\/#primaryimage\"},\"thumbnailUrl\":\"https:\/\/petalwhim.com\/wp-content\/uploads\/2024\/04\/product-image-1487364156_05749d4d-0a62-4042-b220-174ffd02837d.jpg\",\"datePublished\":\"2024-04-19T05:01:59+00:00\",\"dateModified\":\"2025-07-25T05:16:02+00:00\",\"description\":\"Celebrate everlasting love with our Mini Eternal Rose under Glass Dome Pink and Violet .\ud83c\udf39Symbolize your endless affection. Shop now and get a free...\",\"breadcrumb\":{\"@id\":\"https:\/\/petalwhim.com\/p\/mini-pink-and-violet-eternal-rose-under-glass-dome\/#breadcrumb\"},\"inLanguage\":\"et\",\"potentialAction\":[{\"@type\":\"ReadAction\",\"target\":[\"https:\/\/petalwhim.com\/p\/mini-pink-and-violet-eternal-rose-under-glass-dome\/\"]}]},{\"@type\":\"ImageObject\",\"inLanguage\":\"et\",\"@id\":\"https:\/\/petalwhim.com\/p\/mini-pink-and-violet-eternal-rose-under-glass-dome\/#primaryimage\",\"url\":\"https:\/\/petalwhim.com\/wp-content\/uploads\/2024\/04\/product-image-1487364156_05749d4d-0a62-4042-b220-174ffd02837d.jpg\",\"contentUrl\":\"https:\/\/petalwhim.com\/wp-content\/uploads\/2024\/04\/product-image-1487364156_05749d4d-0a62-4042-b220-174ffd02837d.jpg\",\"width\":640,\"height\":640,\"caption\":\"Mini Eternal Rose under Glass Dome Pink and Violet\"},{\"@type\":\"BreadcrumbList\",\"@id\":\"https:\/\/petalwhim.com\/p\/mini-pink-and-violet-eternal-rose-under-glass-dome\/#breadcrumb\",\"itemListElement\":[{\"@type\":\"ListItem\",\"position\":1,\"name\":\"Home\",\"item\":\"https:\/\/petalwhim.com\/\"},{\"@type\":\"ListItem\",\"position\":2,\"name\":\"Shop\",\"item\":\"https:\/\/petalwhim.com\/shop\/\"},{\"@type\":\"ListItem\",\"position\":3,\"name\":\"Mini Eternal Rose under Glass Dome Pink and Violet\"}]},{\"@type\":\"WebSite\",\"@id\":\"https:\/\/petalwhim.com\/#website\",\"url\":\"https:\/\/petalwhim.com\/\",\"name\":\"Petal Whim\u2122\",\"description\":\"Rose in Glass\",\"publisher\":{\"@id\":\"https:\/\/petalwhim.com\/#organization\"},\"potentialAction\":[{\"@type\":\"SearchAction\",\"target\":{\"@type\":\"EntryPoint\",\"urlTemplate\":\"https:\/\/petalwhim.com\/?s={search_term_string}\"},\"query-input\":{\"@type\":\"PropertyValueSpecification\",\"valueRequired\":true,\"valueName\":\"search_term_string\"}}],\"inLanguage\":\"et\"},{\"@type\":\"Organization\",\"@id\":\"https:\/\/petalwhim.com\/#organization\",\"name\":\"Petal Whim\",\"alternateName\":\"Rose in Glass\",\"url\":\"https:\/\/petalwhim.com\/\",\"logo\":{\"@type\":\"ImageObject\",\"inLanguage\":\"et\",\"@id\":\"https:\/\/petalwhim.com\/#\/schema\/logo\/image\/\",\"url\":\"https:\/\/petalwhim.com\/wp-content\/uploads\/2024\/05\/cropped-Petal-Whim-Favicon.png\",\"contentUrl\":\"https:\/\/petalwhim.com\/wp-content\/uploads\/2024\/05\/cropped-Petal-Whim-Favicon.png\",\"width\":512,\"height\":512,\"caption\":\"Petal Whim\"},\"image\":{\"@id\":\"https:\/\/petalwhim.com\/#\/schema\/logo\/image\/\"}}]}<\/script>\n<!-- \/ Yoast SEO plugin. -->","yoast_head_json":{"title":"Mini igavene roos klaaskupli all roosa ja lilla | Eesti Florist","description":"T\u00e4histage igavest armastust meie Mini Eternal Rose klaasist kuppel roosa ja lilla .\ud83c\udf39S\u00fcmboliseeri oma l\u00f5putut kiindumust. Osta n\u00fc\u00fcd ja saad tasuta...","robots":{"index":"index","follow":"follow","max-snippet":"max-snippet:-1","max-image-preview":"max-image-preview:large","max-video-preview":"max-video-preview:-1"},"canonical":"https:\/\/petalwhim.com\/et\/p\/mini-roosa-ja-lilla-igavene-roos-klaasist-kupli-all\/","og_locale":"et_EE","og_type":"article","og_title":"Mini Eternal Rose under Glass Dome Pink and Violet | Eesti Florist","og_description":"Celebrate everlasting love with our Mini Eternal Rose under Glass Dome Pink and Violet .\ud83c\udf39Symbolize your endless affection. Shop now and get a free...","og_url":"https:\/\/petalwhim.com\/et\/p\/mini-roosa-ja-lilla-igavene-roos-klaasist-kupli-all\/","og_site_name":"Petal Whim\u2122","article_modified_time":"2025-07-25T05:16:02+00:00","og_image":[{"width":640,"height":640,"url":"https:\/\/petalwhim.com\/wp-content\/uploads\/2024\/04\/product-image-1487364156_05749d4d-0a62-4042-b220-174ffd02837d.jpg","type":"image\/jpeg"}],"twitter_card":"summary_large_image","twitter_misc":{"Est. reading time":"1 minut"},"schema":{"@context":"https:\/\/schema.org","@graph":[{"@type":"WebPage","@id":"https:\/\/petalwhim.com\/p\/mini-pink-and-violet-eternal-rose-under-glass-dome\/","url":"https:\/\/petalwhim.com\/p\/mini-pink-and-violet-eternal-rose-under-glass-dome\/","name":"Mini igavene roos klaaskupli all roosa ja lilla | Eesti Florist","isPartOf":{"@id":"https:\/\/petalwhim.com\/#website"},"primaryImageOfPage":{"@id":"https:\/\/petalwhim.com\/p\/mini-pink-and-violet-eternal-rose-under-glass-dome\/#primaryimage"},"image":{"@id":"https:\/\/petalwhim.com\/p\/mini-pink-and-violet-eternal-rose-under-glass-dome\/#primaryimage"},"thumbnailUrl":"https:\/\/petalwhim.com\/wp-content\/uploads\/2024\/04\/product-image-1487364156_05749d4d-0a62-4042-b220-174ffd02837d.jpg","datePublished":"2024-04-19T05:01:59+00:00","dateModified":"2025-07-25T05:16:02+00:00","description":"T\u00e4histage igavest armastust meie Mini Eternal Rose klaasist kuppel roosa ja lilla .\ud83c\udf39S\u00fcmboliseeri oma l\u00f5putut kiindumust. Osta n\u00fc\u00fcd ja saad tasuta...","breadcrumb":{"@id":"https:\/\/petalwhim.com\/p\/mini-pink-and-violet-eternal-rose-under-glass-dome\/#breadcrumb"},"inLanguage":"et","potentialAction":[{"@type":"ReadAction","target":["https:\/\/petalwhim.com\/p\/mini-pink-and-violet-eternal-rose-under-glass-dome\/"]}]},{"@type":"ImageObject","inLanguage":"et","@id":"https:\/\/petalwhim.com\/p\/mini-pink-and-violet-eternal-rose-under-glass-dome\/#primaryimage","url":"https:\/\/petalwhim.com\/wp-content\/uploads\/2024\/04\/product-image-1487364156_05749d4d-0a62-4042-b220-174ffd02837d.jpg","contentUrl":"https:\/\/petalwhim.com\/wp-content\/uploads\/2024\/04\/product-image-1487364156_05749d4d-0a62-4042-b220-174ffd02837d.jpg","width":640,"height":640,"caption":"Mini Eternal Rose under Glass Dome Pink and Violet"},{"@type":"BreadcrumbList","@id":"https:\/\/petalwhim.com\/p\/mini-pink-and-violet-eternal-rose-under-glass-dome\/#breadcrumb","itemListElement":[{"@type":"ListItem","position":1,"name":"Home","item":"https:\/\/petalwhim.com\/"},{"@type":"ListItem","position":2,"name":"Shop","item":"https:\/\/petalwhim.com\/shop\/"},{"@type":"ListItem","position":3,"name":"Mini Eternal Rose under Glass Dome Pink and Violet"}]},{"@type":"WebSite","@id":"https:\/\/petalwhim.com\/#website","url":"https:\/\/petalwhim.com\/","name":"Lille\u00f5ie Whim\u2122","description":"Roos klaasist","publisher":{"@id":"https:\/\/petalwhim.com\/#organization"},"potentialAction":[{"@type":"SearchAction","target":{"@type":"EntryPoint","urlTemplate":"https:\/\/petalwhim.com\/?s={search_term_string}"},"query-input":{"@type":"PropertyValueSpecification","valueRequired":true,"valueName":"search_term_string"}}],"inLanguage":"et"},{"@type":"Organization","@id":"https:\/\/petalwhim.com\/#organization","name":"Lille\u00f5ie Whim","alternateName":"Rose in Glass","url":"https:\/\/petalwhim.com\/","logo":{"@type":"ImageObject","inLanguage":"et","@id":"https:\/\/petalwhim.com\/#\/schema\/logo\/image\/","url":"https:\/\/petalwhim.com\/wp-content\/uploads\/2024\/05\/cropped-Petal-Whim-Favicon.png","contentUrl":"https:\/\/petalwhim.com\/wp-content\/uploads\/2024\/05\/cropped-Petal-Whim-Favicon.png","width":512,"height":512,"caption":"Petal Whim"},"image":{"@id":"https:\/\/petalwhim.com\/#\/schema\/logo\/image\/"}}]}},"_links":{"self":[{"href":"https:\/\/petalwhim.com\/et\/wp-json\/wp\/v2\/product\/229","targetHints":{"allow":["GET"]}}],"collection":[{"href":"https:\/\/petalwhim.com\/et\/wp-json\/wp\/v2\/product"}],"about":[{"href":"https:\/\/petalwhim.com\/et\/wp-json\/wp\/v2\/types\/product"}],"wp:featuredmedia":[{"embeddable":true,"href":"https:\/\/petalwhim.com\/et\/wp-json\/wp\/v2\/media\/228"}],"wp:attachment":[{"href":"https:\/\/petalwhim.com\/et\/wp-json\/wp\/v2\/media?parent=229"}],"wp:term":[{"taxonomy":"product_brand","embeddable":true,"href":"https:\/\/petalwhim.com\/et\/wp-json\/wp\/v2\/product_brand?post=229"},{"taxonomy":"product_cat","embeddable":true,"href":"https:\/\/petalwhim.com\/et\/wp-json\/wp\/v2\/product_cat?post=229"},{"taxonomy":"product_tag","embeddable":true,"href":"https:\/\/petalwhim.com\/et\/wp-json\/wp\/v2\/product_tag?post=229"}],"curies":[{"name":"wp","href":"https:\/\/api.w.org\/{rel}","templated":true}]}}