{"id":193,"date":"2024-04-19T05:00:53","date_gmt":"2024-04-19T05:00:53","guid":{"rendered":"https:\/\/petalwhim.com\/p\/gold-eternal-rose-beauty-and-the-beast\/"},"modified":"2025-07-25T05:16:03","modified_gmt":"2025-07-25T05:16:03","slug":"kuldne-igavene-roos-iludus-ja-koletis","status":"publish","type":"product","link":"https:\/\/petalwhim.com\/et\/p\/kuldne-igavene-roos-iludus-ja-koletis\/","title":{"rendered":"<span>Kuldne igavene roos <\/span><span class=\"product-title-custom\">Kaunitar ja koletis<\/span>"},"content":{"rendered":"<h2>Igavene roos s\u00fcmboliseerib igavest armastust ja tugevaid emotsioone, nagu Kaunitari ja koletise loos.<\/h2><p>See toode koosneb <strong>kuldse v\u00e4rvi igavene roos<\/strong>, ilusad \u00fclirealistlikud lehed ja samav\u00e4rviline vars, samuti peenike valguskera, mis toob teie koju pehmust ja soojust. Kogu see on kaetud <strong>paks klaasist kelluke<\/strong> ja selle musta alusega.<br><br>Igavene roos on <strong>surematu lill.<\/strong> See maagiline, helendav roos ei vaja erilist hoolt. Selle igavese roosi surematus, mis asetatakse \u00f6\u00f6kapile v\u00f5i elutuppa, kutsub esile <strong>m\u00e4lestusi ja igasuguseid emotsioone teile iga p\u00e4ev. <\/strong> <br><br> V\u00f5ite pakkuda seda ilusat roosi all cloche, jaoks <strong>erilised s\u00fcndmused<\/strong> n\u00e4iteks s\u00f5brap\u00e4eva, aastap\u00e4eva v\u00f5i lihtsalt kirgliku armastuse v\u00e4ljendamiseks.  <\/p>","protected":false},"excerpt":{"rendered":"Igavene roos s\u00fcmboliseerib igavest armastust ja tugevaid emotsioone, nagu Kaunitar ja koletis.See toode koosneb kuldsest igavene roosist, ilusatest \u00fclirealistlikest lehtedest ja samav\u00e4rvilisest varrest, samuti peenest valguskera, mis toob teie koju pehmust ja soojust. Kogu [...]","protected":false},"featured_media":192,"template":"","meta":[],"product_brand":[],"product_cat":[15,36],"product_tag":[33],"class_list":{"0":"post-193","1":"product","2":"type-product","3":"status-publish","4":"has-post-thumbnail","6":"product_cat-all-products","7":"product_cat-best-sellers","8":"product_tag-rose-in-glass-dome","10":"first","11":"instock","12":"shipping-taxable","13":"purchasable","14":"product-type-simple"},"yoast_head":"<!-- This site is optimized with the Yoast SEO plugin v25.9 - https:\/\/yoast.com\/wordpress\/plugins\/seo\/ -->\n<title>Golden Eternal Rose Beauty and the Beast | Eesti Florist<\/title>\n<meta name=\"description\" content=\"Celebrate everlasting love with our Golden Eternal Rose Beauty and the Beast .\ud83c\udf39Symbolize your endless affection. Shop now and get a free...\" \/>\n<meta name=\"robots\" content=\"index, follow, max-snippet:-1, max-image-preview:large, max-video-preview:-1\" \/>\n<link rel=\"canonical\" href=\"https:\/\/petalwhim.com\/et\/p\/kuldne-igavene-roos-iludus-ja-koletis\/\" \/>\n<meta property=\"og:locale\" content=\"et_EE\" \/>\n<meta property=\"og:type\" content=\"article\" \/>\n<meta property=\"og:title\" content=\"Golden Eternal Rose Beauty and the Beast | Eesti Florist\" \/>\n<meta property=\"og:description\" content=\"Celebrate everlasting love with our Golden Eternal Rose Beauty and the Beast .\ud83c\udf39Symbolize your endless affection. Shop now and get a free...\" \/>\n<meta property=\"og:url\" content=\"https:\/\/petalwhim.com\/et\/p\/kuldne-igavene-roos-iludus-ja-koletis\/\" \/>\n<meta property=\"og:site_name\" content=\"Petal Whim\u2122\" \/>\n<meta property=\"article:modified_time\" content=\"2025-07-25T05:16:03+00:00\" \/>\n<meta property=\"og:image\" content=\"https:\/\/petalwhim.com\/wp-content\/uploads\/2024\/04\/product-image-1562975860.jpg\" \/>\n\t<meta property=\"og:image:width\" content=\"640\" \/>\n\t<meta property=\"og:image:height\" content=\"640\" \/>\n\t<meta property=\"og:image:type\" content=\"image\/jpeg\" \/>\n<meta name=\"twitter:card\" content=\"summary_large_image\" \/>\n<meta name=\"twitter:label1\" content=\"Est. reading time\" \/>\n\t<meta name=\"twitter:data1\" content=\"1 minut\" \/>\n<script type=\"application\/ld+json\" class=\"yoast-schema-graph\">{\"@context\":\"https:\/\/schema.org\",\"@graph\":[{\"@type\":\"WebPage\",\"@id\":\"https:\/\/petalwhim.com\/p\/gold-eternal-rose-beauty-and-the-beast\/\",\"url\":\"https:\/\/petalwhim.com\/p\/gold-eternal-rose-beauty-and-the-beast\/\",\"name\":\"Golden Eternal Rose Beauty and the Beast | Eesti Florist\",\"isPartOf\":{\"@id\":\"https:\/\/petalwhim.com\/#website\"},\"primaryImageOfPage\":{\"@id\":\"https:\/\/petalwhim.com\/p\/gold-eternal-rose-beauty-and-the-beast\/#primaryimage\"},\"image\":{\"@id\":\"https:\/\/petalwhim.com\/p\/gold-eternal-rose-beauty-and-the-beast\/#primaryimage\"},\"thumbnailUrl\":\"https:\/\/petalwhim.com\/wp-content\/uploads\/2024\/04\/product-image-1562975860.jpg\",\"datePublished\":\"2024-04-19T05:00:53+00:00\",\"dateModified\":\"2025-07-25T05:16:03+00:00\",\"description\":\"Celebrate everlasting love with our Golden Eternal Rose Beauty and the Beast .\ud83c\udf39Symbolize your endless affection. Shop now and get a free...\",\"breadcrumb\":{\"@id\":\"https:\/\/petalwhim.com\/p\/gold-eternal-rose-beauty-and-the-beast\/#breadcrumb\"},\"inLanguage\":\"et\",\"potentialAction\":[{\"@type\":\"ReadAction\",\"target\":[\"https:\/\/petalwhim.com\/p\/gold-eternal-rose-beauty-and-the-beast\/\"]}]},{\"@type\":\"ImageObject\",\"inLanguage\":\"et\",\"@id\":\"https:\/\/petalwhim.com\/p\/gold-eternal-rose-beauty-and-the-beast\/#primaryimage\",\"url\":\"https:\/\/petalwhim.com\/wp-content\/uploads\/2024\/04\/product-image-1562975860.jpg\",\"contentUrl\":\"https:\/\/petalwhim.com\/wp-content\/uploads\/2024\/04\/product-image-1562975860.jpg\",\"width\":640,\"height\":640,\"caption\":\"Golden Eternal Rose Beauty and the Beast\"},{\"@type\":\"BreadcrumbList\",\"@id\":\"https:\/\/petalwhim.com\/p\/gold-eternal-rose-beauty-and-the-beast\/#breadcrumb\",\"itemListElement\":[{\"@type\":\"ListItem\",\"position\":1,\"name\":\"Home\",\"item\":\"https:\/\/petalwhim.com\/\"},{\"@type\":\"ListItem\",\"position\":2,\"name\":\"Shop\",\"item\":\"https:\/\/petalwhim.com\/shop\/\"},{\"@type\":\"ListItem\",\"position\":3,\"name\":\"Golden Eternal Rose Beauty and the Beast\"}]},{\"@type\":\"WebSite\",\"@id\":\"https:\/\/petalwhim.com\/#website\",\"url\":\"https:\/\/petalwhim.com\/\",\"name\":\"Petal Whim\u2122\",\"description\":\"Rose in Glass\",\"publisher\":{\"@id\":\"https:\/\/petalwhim.com\/#organization\"},\"potentialAction\":[{\"@type\":\"SearchAction\",\"target\":{\"@type\":\"EntryPoint\",\"urlTemplate\":\"https:\/\/petalwhim.com\/?s={search_term_string}\"},\"query-input\":{\"@type\":\"PropertyValueSpecification\",\"valueRequired\":true,\"valueName\":\"search_term_string\"}}],\"inLanguage\":\"et\"},{\"@type\":\"Organization\",\"@id\":\"https:\/\/petalwhim.com\/#organization\",\"name\":\"Petal Whim\",\"alternateName\":\"Rose in Glass\",\"url\":\"https:\/\/petalwhim.com\/\",\"logo\":{\"@type\":\"ImageObject\",\"inLanguage\":\"et\",\"@id\":\"https:\/\/petalwhim.com\/#\/schema\/logo\/image\/\",\"url\":\"https:\/\/petalwhim.com\/wp-content\/uploads\/2024\/05\/cropped-Petal-Whim-Favicon.png\",\"contentUrl\":\"https:\/\/petalwhim.com\/wp-content\/uploads\/2024\/05\/cropped-Petal-Whim-Favicon.png\",\"width\":512,\"height\":512,\"caption\":\"Petal Whim\"},\"image\":{\"@id\":\"https:\/\/petalwhim.com\/#\/schema\/logo\/image\/\"}}]}<\/script>\n<!-- \/ Yoast SEO plugin. -->","yoast_head_json":{"title":"Kuldne igavene roos Kaunitar ja koletis | Eesti Florist","description":"T\u00e4histage igavest armastust meie kuldse igavese roosi \"Kaunitar ja koletis\" \ud83c\udf39S\u00fcmboliseeri oma l\u00f5putut kiindumust. Osta n\u00fc\u00fcd ja saad tasuta...","robots":{"index":"index","follow":"follow","max-snippet":"max-snippet:-1","max-image-preview":"max-image-preview:large","max-video-preview":"max-video-preview:-1"},"canonical":"https:\/\/petalwhim.com\/et\/p\/kuldne-igavene-roos-iludus-ja-koletis\/","og_locale":"et_EE","og_type":"article","og_title":"Golden Eternal Rose Beauty and the Beast | Eesti Florist","og_description":"Celebrate everlasting love with our Golden Eternal Rose Beauty and the Beast .\ud83c\udf39Symbolize your endless affection. Shop now and get a free...","og_url":"https:\/\/petalwhim.com\/et\/p\/kuldne-igavene-roos-iludus-ja-koletis\/","og_site_name":"Petal Whim\u2122","article_modified_time":"2025-07-25T05:16:03+00:00","og_image":[{"width":640,"height":640,"url":"https:\/\/petalwhim.com\/wp-content\/uploads\/2024\/04\/product-image-1562975860.jpg","type":"image\/jpeg"}],"twitter_card":"summary_large_image","twitter_misc":{"Est. reading time":"1 minut"},"schema":{"@context":"https:\/\/schema.org","@graph":[{"@type":"WebPage","@id":"https:\/\/petalwhim.com\/p\/gold-eternal-rose-beauty-and-the-beast\/","url":"https:\/\/petalwhim.com\/p\/gold-eternal-rose-beauty-and-the-beast\/","name":"Kuldne igavene roos Kaunitar ja koletis | Eesti Florist","isPartOf":{"@id":"https:\/\/petalwhim.com\/#website"},"primaryImageOfPage":{"@id":"https:\/\/petalwhim.com\/p\/gold-eternal-rose-beauty-and-the-beast\/#primaryimage"},"image":{"@id":"https:\/\/petalwhim.com\/p\/gold-eternal-rose-beauty-and-the-beast\/#primaryimage"},"thumbnailUrl":"https:\/\/petalwhim.com\/wp-content\/uploads\/2024\/04\/product-image-1562975860.jpg","datePublished":"2024-04-19T05:00:53+00:00","dateModified":"2025-07-25T05:16:03+00:00","description":"T\u00e4histage igavest armastust meie kuldse igavese roosi \"Kaunitar ja koletis\" \ud83c\udf39S\u00fcmboliseeri oma l\u00f5putut kiindumust. Osta n\u00fc\u00fcd ja saad tasuta...","breadcrumb":{"@id":"https:\/\/petalwhim.com\/p\/gold-eternal-rose-beauty-and-the-beast\/#breadcrumb"},"inLanguage":"et","potentialAction":[{"@type":"ReadAction","target":["https:\/\/petalwhim.com\/p\/gold-eternal-rose-beauty-and-the-beast\/"]}]},{"@type":"ImageObject","inLanguage":"et","@id":"https:\/\/petalwhim.com\/p\/gold-eternal-rose-beauty-and-the-beast\/#primaryimage","url":"https:\/\/petalwhim.com\/wp-content\/uploads\/2024\/04\/product-image-1562975860.jpg","contentUrl":"https:\/\/petalwhim.com\/wp-content\/uploads\/2024\/04\/product-image-1562975860.jpg","width":640,"height":640,"caption":"Golden Eternal Rose Beauty and the Beast"},{"@type":"BreadcrumbList","@id":"https:\/\/petalwhim.com\/p\/gold-eternal-rose-beauty-and-the-beast\/#breadcrumb","itemListElement":[{"@type":"ListItem","position":1,"name":"Home","item":"https:\/\/petalwhim.com\/"},{"@type":"ListItem","position":2,"name":"Shop","item":"https:\/\/petalwhim.com\/shop\/"},{"@type":"ListItem","position":3,"name":"Golden Eternal Rose Beauty and the Beast"}]},{"@type":"WebSite","@id":"https:\/\/petalwhim.com\/#website","url":"https:\/\/petalwhim.com\/","name":"Lille\u00f5ie Whim\u2122","description":"Roos klaasist","publisher":{"@id":"https:\/\/petalwhim.com\/#organization"},"potentialAction":[{"@type":"SearchAction","target":{"@type":"EntryPoint","urlTemplate":"https:\/\/petalwhim.com\/?s={search_term_string}"},"query-input":{"@type":"PropertyValueSpecification","valueRequired":true,"valueName":"search_term_string"}}],"inLanguage":"et"},{"@type":"Organization","@id":"https:\/\/petalwhim.com\/#organization","name":"Lille\u00f5ie Whim","alternateName":"Rose in Glass","url":"https:\/\/petalwhim.com\/","logo":{"@type":"ImageObject","inLanguage":"et","@id":"https:\/\/petalwhim.com\/#\/schema\/logo\/image\/","url":"https:\/\/petalwhim.com\/wp-content\/uploads\/2024\/05\/cropped-Petal-Whim-Favicon.png","contentUrl":"https:\/\/petalwhim.com\/wp-content\/uploads\/2024\/05\/cropped-Petal-Whim-Favicon.png","width":512,"height":512,"caption":"Petal Whim"},"image":{"@id":"https:\/\/petalwhim.com\/#\/schema\/logo\/image\/"}}]}},"_links":{"self":[{"href":"https:\/\/petalwhim.com\/et\/wp-json\/wp\/v2\/product\/193","targetHints":{"allow":["GET"]}}],"collection":[{"href":"https:\/\/petalwhim.com\/et\/wp-json\/wp\/v2\/product"}],"about":[{"href":"https:\/\/petalwhim.com\/et\/wp-json\/wp\/v2\/types\/product"}],"wp:featuredmedia":[{"embeddable":true,"href":"https:\/\/petalwhim.com\/et\/wp-json\/wp\/v2\/media\/192"}],"wp:attachment":[{"href":"https:\/\/petalwhim.com\/et\/wp-json\/wp\/v2\/media?parent=193"}],"wp:term":[{"taxonomy":"product_brand","embeddable":true,"href":"https:\/\/petalwhim.com\/et\/wp-json\/wp\/v2\/product_brand?post=193"},{"taxonomy":"product_cat","embeddable":true,"href":"https:\/\/petalwhim.com\/et\/wp-json\/wp\/v2\/product_cat?post=193"},{"taxonomy":"product_tag","embeddable":true,"href":"https:\/\/petalwhim.com\/et\/wp-json\/wp\/v2\/product_tag?post=193"}],"curies":[{"name":"wp","href":"https:\/\/api.w.org\/{rel}","templated":true}]}}