{"id":169,"date":"2024-04-19T04:59:21","date_gmt":"2024-04-19T04:59:21","guid":{"rendered":"https:\/\/petalwhim.com\/p\/mini-eternal-roses-under-glass-dome\/"},"modified":"2025-07-25T05:16:03","modified_gmt":"2025-07-25T05:16:03","slug":"mini-igavene-roosid-klaasist-kupli-all","status":"publish","type":"product","link":"https:\/\/petalwhim.com\/et\/p\/mini-igavene-roosid-klaasist-kupli-all\/","title":{"rendered":"<span>Mini igavene roosid <\/span><span class=\"product-title-custom\">Klaasist kuppel<\/span>"},"content":{"rendered":"<h2>Igavene roos s\u00fcmboliseerib igavest armastust ja tugevaid emotsioone.<\/h2><p><br>See toode koosneb <strong>kolme Smalls igavese roosi komplekt<\/strong> heleroosa, kollase ja helelilla v\u00e4rviga, samuti peene heledat girlande, mis helendab ja toob teie koju soojust ja pehmust. Tervik on kaetud <strong>paks klaasist kelluke<\/strong> ja selle musta alusega.<br><br>Igavene roos on <strong>surematu lill. <\/strong> Need maagilised, s\u00e4ravad roosid ei vaja erilist hooldust. \u00d6\u00f6laual v\u00f5i elutoas asetatuna \u00e4ratab nende igaveste rooside surematus elutruudust. <strong>m\u00e4lestusi ja igasuguseid emotsioone teile iga p\u00e4ev. <\/strong> <br><br>Saate pakkuda neid kauneid Smalls rooside all cloche, jaoks <strong>erilised s\u00fcndmused<\/strong> nagu s\u00f5brap\u00e4ev, pulma-aastap\u00e4ev v\u00f5i lihtsalt kirgliku armastuse v\u00e4ljendamine.<\/p>","protected":false},"excerpt":{"rendered":"Igavene roos, mis s\u00fcmboliseerib igavest armastust ja tugevaid emotsiooneToode koosneb kolmest Smalls igavene roosi komplektist, mis on kahvaturoosa, kollane ja kahvatu lilla, ning peenest kergest girlandist, mis kaunistab ja toob teie koju soojust ja pehmust. Tervik on kaetud paksu klaasist kellaga ja [...]","protected":false},"featured_media":168,"template":"","meta":[],"product_brand":[],"product_cat":[15,36,35],"product_tag":[34],"class_list":{"0":"post-169","1":"product","2":"type-product","3":"status-publish","4":"has-post-thumbnail","6":"product_cat-all-products","7":"product_cat-best-sellers","8":"product_cat-small-forever-rose","9":"product_tag-small-rose-in-glass","11":"first","12":"instock","13":"shipping-taxable","14":"purchasable","15":"product-type-simple"},"yoast_head":"<!-- This site is optimized with the Yoast SEO plugin v25.9 - https:\/\/yoast.com\/wordpress\/plugins\/seo\/ -->\n<title>Mini Eternal Roses Under Glass Dome | Eesti Florist<\/title>\n<meta name=\"description\" content=\"Celebrate everlasting love with our Mini Eternal Roses Under Glass Dome .\ud83c\udf39Symbolize your endless affection. Shop now and get a free...\" \/>\n<meta name=\"robots\" content=\"index, follow, max-snippet:-1, max-image-preview:large, max-video-preview:-1\" \/>\n<link rel=\"canonical\" href=\"https:\/\/petalwhim.com\/et\/p\/mini-igavene-roosid-klaasist-kupli-all\/\" \/>\n<meta property=\"og:locale\" content=\"et_EE\" \/>\n<meta property=\"og:type\" content=\"article\" \/>\n<meta property=\"og:title\" content=\"Mini Eternal Roses Under Glass Dome | Eesti Florist\" \/>\n<meta property=\"og:description\" content=\"Celebrate everlasting love with our Mini Eternal Roses Under Glass Dome .\ud83c\udf39Symbolize your endless affection. Shop now and get a free...\" \/>\n<meta property=\"og:url\" content=\"https:\/\/petalwhim.com\/et\/p\/mini-igavene-roosid-klaasist-kupli-all\/\" \/>\n<meta property=\"og:site_name\" content=\"Petal Whim\u2122\" \/>\n<meta property=\"article:modified_time\" content=\"2025-07-25T05:16:03+00:00\" \/>\n<meta property=\"og:image\" content=\"https:\/\/petalwhim.com\/wp-content\/uploads\/2024\/04\/product-image-1374376516.jpg\" \/>\n\t<meta property=\"og:image:width\" content=\"640\" \/>\n\t<meta property=\"og:image:height\" content=\"640\" \/>\n\t<meta property=\"og:image:type\" content=\"image\/jpeg\" \/>\n<meta name=\"twitter:card\" content=\"summary_large_image\" \/>\n<meta name=\"twitter:label1\" content=\"Est. reading time\" \/>\n\t<meta name=\"twitter:data1\" content=\"1 minut\" \/>\n<script type=\"application\/ld+json\" class=\"yoast-schema-graph\">{\"@context\":\"https:\/\/schema.org\",\"@graph\":[{\"@type\":\"WebPage\",\"@id\":\"https:\/\/petalwhim.com\/p\/mini-eternal-roses-under-glass-dome\/\",\"url\":\"https:\/\/petalwhim.com\/p\/mini-eternal-roses-under-glass-dome\/\",\"name\":\"Mini Eternal Roses Under Glass Dome | Eesti Florist\",\"isPartOf\":{\"@id\":\"https:\/\/petalwhim.com\/#website\"},\"primaryImageOfPage\":{\"@id\":\"https:\/\/petalwhim.com\/p\/mini-eternal-roses-under-glass-dome\/#primaryimage\"},\"image\":{\"@id\":\"https:\/\/petalwhim.com\/p\/mini-eternal-roses-under-glass-dome\/#primaryimage\"},\"thumbnailUrl\":\"https:\/\/petalwhim.com\/wp-content\/uploads\/2024\/04\/product-image-1374376516.jpg\",\"datePublished\":\"2024-04-19T04:59:21+00:00\",\"dateModified\":\"2025-07-25T05:16:03+00:00\",\"description\":\"Celebrate everlasting love with our Mini Eternal Roses Under Glass Dome .\ud83c\udf39Symbolize your endless affection. Shop now and get a free...\",\"breadcrumb\":{\"@id\":\"https:\/\/petalwhim.com\/p\/mini-eternal-roses-under-glass-dome\/#breadcrumb\"},\"inLanguage\":\"et\",\"potentialAction\":[{\"@type\":\"ReadAction\",\"target\":[\"https:\/\/petalwhim.com\/p\/mini-eternal-roses-under-glass-dome\/\"]}]},{\"@type\":\"ImageObject\",\"inLanguage\":\"et\",\"@id\":\"https:\/\/petalwhim.com\/p\/mini-eternal-roses-under-glass-dome\/#primaryimage\",\"url\":\"https:\/\/petalwhim.com\/wp-content\/uploads\/2024\/04\/product-image-1374376516.jpg\",\"contentUrl\":\"https:\/\/petalwhim.com\/wp-content\/uploads\/2024\/04\/product-image-1374376516.jpg\",\"width\":640,\"height\":640,\"caption\":\"Mini Eternal Roses Under Glass Dome\"},{\"@type\":\"BreadcrumbList\",\"@id\":\"https:\/\/petalwhim.com\/p\/mini-eternal-roses-under-glass-dome\/#breadcrumb\",\"itemListElement\":[{\"@type\":\"ListItem\",\"position\":1,\"name\":\"Home\",\"item\":\"https:\/\/petalwhim.com\/\"},{\"@type\":\"ListItem\",\"position\":2,\"name\":\"Shop\",\"item\":\"https:\/\/petalwhim.com\/shop\/\"},{\"@type\":\"ListItem\",\"position\":3,\"name\":\"Mini Eternal Roses Under Glass Dome\"}]},{\"@type\":\"WebSite\",\"@id\":\"https:\/\/petalwhim.com\/#website\",\"url\":\"https:\/\/petalwhim.com\/\",\"name\":\"Petal Whim\u2122\",\"description\":\"Rose in Glass\",\"publisher\":{\"@id\":\"https:\/\/petalwhim.com\/#organization\"},\"potentialAction\":[{\"@type\":\"SearchAction\",\"target\":{\"@type\":\"EntryPoint\",\"urlTemplate\":\"https:\/\/petalwhim.com\/?s={search_term_string}\"},\"query-input\":{\"@type\":\"PropertyValueSpecification\",\"valueRequired\":true,\"valueName\":\"search_term_string\"}}],\"inLanguage\":\"et\"},{\"@type\":\"Organization\",\"@id\":\"https:\/\/petalwhim.com\/#organization\",\"name\":\"Petal Whim\",\"alternateName\":\"Rose in Glass\",\"url\":\"https:\/\/petalwhim.com\/\",\"logo\":{\"@type\":\"ImageObject\",\"inLanguage\":\"et\",\"@id\":\"https:\/\/petalwhim.com\/#\/schema\/logo\/image\/\",\"url\":\"https:\/\/petalwhim.com\/wp-content\/uploads\/2024\/05\/cropped-Petal-Whim-Favicon.png\",\"contentUrl\":\"https:\/\/petalwhim.com\/wp-content\/uploads\/2024\/05\/cropped-Petal-Whim-Favicon.png\",\"width\":512,\"height\":512,\"caption\":\"Petal Whim\"},\"image\":{\"@id\":\"https:\/\/petalwhim.com\/#\/schema\/logo\/image\/\"}}]}<\/script>\n<!-- \/ Yoast SEO plugin. -->","yoast_head_json":{"title":"Mini igavene roosid klaaskupli all | Eesti Florist","description":"T\u00e4histage igavest armastust meie klaasist kuppelde all olevate mini igaveste roosidega .\ud83c\udf39S\u00fcmboliseeri oma l\u00f5putut kiindumust. Ostke n\u00fc\u00fcd ja saate tasuta...","robots":{"index":"index","follow":"follow","max-snippet":"max-snippet:-1","max-image-preview":"max-image-preview:large","max-video-preview":"max-video-preview:-1"},"canonical":"https:\/\/petalwhim.com\/et\/p\/mini-igavene-roosid-klaasist-kupli-all\/","og_locale":"et_EE","og_type":"article","og_title":"Mini Eternal Roses Under Glass Dome | Eesti Florist","og_description":"Celebrate everlasting love with our Mini Eternal Roses Under Glass Dome .\ud83c\udf39Symbolize your endless affection. Shop now and get a free...","og_url":"https:\/\/petalwhim.com\/et\/p\/mini-igavene-roosid-klaasist-kupli-all\/","og_site_name":"Petal Whim\u2122","article_modified_time":"2025-07-25T05:16:03+00:00","og_image":[{"width":640,"height":640,"url":"https:\/\/petalwhim.com\/wp-content\/uploads\/2024\/04\/product-image-1374376516.jpg","type":"image\/jpeg"}],"twitter_card":"summary_large_image","twitter_misc":{"Est. reading time":"1 minut"},"schema":{"@context":"https:\/\/schema.org","@graph":[{"@type":"WebPage","@id":"https:\/\/petalwhim.com\/p\/mini-eternal-roses-under-glass-dome\/","url":"https:\/\/petalwhim.com\/p\/mini-eternal-roses-under-glass-dome\/","name":"Mini igavene roosid klaaskupli all | Eesti Florist","isPartOf":{"@id":"https:\/\/petalwhim.com\/#website"},"primaryImageOfPage":{"@id":"https:\/\/petalwhim.com\/p\/mini-eternal-roses-under-glass-dome\/#primaryimage"},"image":{"@id":"https:\/\/petalwhim.com\/p\/mini-eternal-roses-under-glass-dome\/#primaryimage"},"thumbnailUrl":"https:\/\/petalwhim.com\/wp-content\/uploads\/2024\/04\/product-image-1374376516.jpg","datePublished":"2024-04-19T04:59:21+00:00","dateModified":"2025-07-25T05:16:03+00:00","description":"T\u00e4histage igavest armastust meie klaasist kuppelde all olevate mini igaveste roosidega .\ud83c\udf39S\u00fcmboliseeri oma l\u00f5putut kiindumust. Ostke n\u00fc\u00fcd ja saate tasuta...","breadcrumb":{"@id":"https:\/\/petalwhim.com\/p\/mini-eternal-roses-under-glass-dome\/#breadcrumb"},"inLanguage":"et","potentialAction":[{"@type":"ReadAction","target":["https:\/\/petalwhim.com\/p\/mini-eternal-roses-under-glass-dome\/"]}]},{"@type":"ImageObject","inLanguage":"et","@id":"https:\/\/petalwhim.com\/p\/mini-eternal-roses-under-glass-dome\/#primaryimage","url":"https:\/\/petalwhim.com\/wp-content\/uploads\/2024\/04\/product-image-1374376516.jpg","contentUrl":"https:\/\/petalwhim.com\/wp-content\/uploads\/2024\/04\/product-image-1374376516.jpg","width":640,"height":640,"caption":"Mini Eternal Roses Under Glass Dome"},{"@type":"BreadcrumbList","@id":"https:\/\/petalwhim.com\/p\/mini-eternal-roses-under-glass-dome\/#breadcrumb","itemListElement":[{"@type":"ListItem","position":1,"name":"Home","item":"https:\/\/petalwhim.com\/"},{"@type":"ListItem","position":2,"name":"Shop","item":"https:\/\/petalwhim.com\/shop\/"},{"@type":"ListItem","position":3,"name":"Mini Eternal Roses Under Glass Dome"}]},{"@type":"WebSite","@id":"https:\/\/petalwhim.com\/#website","url":"https:\/\/petalwhim.com\/","name":"Lille\u00f5ie Whim\u2122","description":"Roos klaasist","publisher":{"@id":"https:\/\/petalwhim.com\/#organization"},"potentialAction":[{"@type":"SearchAction","target":{"@type":"EntryPoint","urlTemplate":"https:\/\/petalwhim.com\/?s={search_term_string}"},"query-input":{"@type":"PropertyValueSpecification","valueRequired":true,"valueName":"search_term_string"}}],"inLanguage":"et"},{"@type":"Organization","@id":"https:\/\/petalwhim.com\/#organization","name":"Lille\u00f5ie Whim","alternateName":"Rose in Glass","url":"https:\/\/petalwhim.com\/","logo":{"@type":"ImageObject","inLanguage":"et","@id":"https:\/\/petalwhim.com\/#\/schema\/logo\/image\/","url":"https:\/\/petalwhim.com\/wp-content\/uploads\/2024\/05\/cropped-Petal-Whim-Favicon.png","contentUrl":"https:\/\/petalwhim.com\/wp-content\/uploads\/2024\/05\/cropped-Petal-Whim-Favicon.png","width":512,"height":512,"caption":"Petal Whim"},"image":{"@id":"https:\/\/petalwhim.com\/#\/schema\/logo\/image\/"}}]}},"_links":{"self":[{"href":"https:\/\/petalwhim.com\/et\/wp-json\/wp\/v2\/product\/169","targetHints":{"allow":["GET"]}}],"collection":[{"href":"https:\/\/petalwhim.com\/et\/wp-json\/wp\/v2\/product"}],"about":[{"href":"https:\/\/petalwhim.com\/et\/wp-json\/wp\/v2\/types\/product"}],"wp:featuredmedia":[{"embeddable":true,"href":"https:\/\/petalwhim.com\/et\/wp-json\/wp\/v2\/media\/168"}],"wp:attachment":[{"href":"https:\/\/petalwhim.com\/et\/wp-json\/wp\/v2\/media?parent=169"}],"wp:term":[{"taxonomy":"product_brand","embeddable":true,"href":"https:\/\/petalwhim.com\/et\/wp-json\/wp\/v2\/product_brand?post=169"},{"taxonomy":"product_cat","embeddable":true,"href":"https:\/\/petalwhim.com\/et\/wp-json\/wp\/v2\/product_cat?post=169"},{"taxonomy":"product_tag","embeddable":true,"href":"https:\/\/petalwhim.com\/et\/wp-json\/wp\/v2\/product_tag?post=169"}],"curies":[{"name":"wp","href":"https:\/\/api.w.org\/{rel}","templated":true}]}}