{"id":23,"date":"2024-04-10T02:26:00","date_gmt":"2024-04-10T02:26:00","guid":{"rendered":"https:\/\/roseinglass.kinsta.cloud\/?page_id=23"},"modified":"2024-04-10T02:26:00","modified_gmt":"2024-04-10T02:26:00","slug":"privaatsuspoliitika-2","status":"publish","type":"page","link":"https:\/\/petalwhim.com\/et\/privaatsuspoliitika-2\/","title":{"rendered":"Privaatsuspoliitika"},"content":{"rendered":"K\u00e4esolev privaatsuspoliitika kirjeldab, kuidas teie isikuandmeid kogutakse, kasutatakse ja jagatakse, kui k\u00fclastate v\u00f5i sooritate ostu veebilehel petalwhim.com (\"Sait\").\r\n<h2>KOGUTUD ISIKUANDMED<\/h2>\r\nKui k\u00fclastate veebilehte, kogume automaatselt teatud teavet teie seadme kohta, sealhulgas teavet teie veebilehitseja, IP-aadressi, ajav\u00f6\u00f6ndi ja m\u00f5nede teie seadmesse paigaldatud k\u00fcpsiste kohta. Lisaks kogume Saidi sirvimisel teavet \u00fcksikute veebilehtede v\u00f5i toodete kohta, mida te vaatate, milliseid veebisaite v\u00f5i otsingus\u00f5nu te Saidile suunasite, ning teavet selle kohta, kuidas te Saidiga suhtlete. Me nimetame seda automaatselt kogutud teavet \"seadmeandmeteks\".\r\n\r\nMe kogume seadmeandmeid j\u00e4rgmiste tehnoloogiate abil:\r\n<ul>\r\n \t<li>\"K\u00fcpsised\" on andmefailid, mis paigutatakse teie seadmesse v\u00f5i arvutisse ja sisaldavad sageli anon\u00fc\u00fcmset unikaalset identifikaatorit. Lisateavet k\u00fcpsiste kohta ja selle kohta, kuidas k\u00fcpsiseid keelata, leiate veebilehelt http:\/\/www.allaboutcookies.org.<\/li>\r\n \t<li>\"Logifailid\" j\u00e4lgivad saidil toimuvaid tegevusi ja koguvad andmeid, sealhulgas teie IP-aadressi, brauseri t\u00fc\u00fcbi, internetiteenuse pakkuja, viitavate\/v\u00e4ljuvate lehek\u00fclgede ja kuup\u00e4eva\/kellaajaliste templite kohta.<\/li>\r\n \t<li>\"Veebimajakad\", \"m\u00e4rgid\" ja \"pikslid\" on elektroonilised failid, mida kasutatakse teabe salvestamiseks selle kohta, kuidas te veebilehte sirvite.<\/li>\r\n<\/ul>\r\nKui teete v\u00f5i p\u00fc\u00fcate teha ostu veebilehe kaudu, kogume teilt teatud teavet, sealhulgas teie nime, arveldusaadressi, tarneaadressi, makseteavet (sealhulgas krediitkaardi numbreid).\r\n\r\nKui me r\u00e4\u00e4gime k\u00e4esolevas privaatsuspoliitikas \"isiklikest andmetest\", siis r\u00e4\u00e4gime nii seadme kui ka tellimuse andmetest.\r\n<h2>KUIDAS ME TEIE ISIKUANDMEID KASUTAME?<\/h2>\r\nMe kasutame kogutud tellimusandmeid \u00fcldiselt selleks, et t\u00e4ita k\u00f5ik veebilehe kaudu tehtud tellimused (sealhulgas teie makseteabe t\u00f6\u00f6tlemine, saatmise korraldamine ja teile arvete ja\/v\u00f5i tellimuse kinnituste esitamine). Lisaks kasutame seda tellimuse teavet selleks, et:\r\n<ul>\r\n \t<li>Teiega suhtlemine;<\/li>\r\n \t<li>s\u00f5eluda meie tellimusi v\u00f5imaliku riski v\u00f5i pettuse suhtes; ja<\/li>\r\n \t<li>Kui see on koosk\u00f5las teie poolt meiega jagatud eelistustega, pakkuda teile teavet v\u00f5i reklaami meie toodete v\u00f5i teenuste kohta.<\/li>\r\n<\/ul>\r\nMe kasutame kogutud seadmeandmeid, et aidata meil v\u00e4lja selgitada v\u00f5imalikke riske ja pettusi (eelk\u00f5ige teie IP-aadressi) ning \u00fcldisemalt parandada ja optimeerida meie veebilehte (n\u00e4iteks koostades anal\u00fc\u00fctilisi andmeid selle kohta, kuidas meie kliendid veebilehte sirvivad ja sellega suhtlevad, ning hindamaks meie turundus- ja reklaamikampaaniate edukust).\r\n<h2>OMA ISIKUANDMETE JAGAMINE<\/h2>\r\nMe jagame teie isikuandmeid kolmandate osapooltega, et aidata meil kasutada teie isikuandmeid, nagu eespool kirjeldatud. N\u00e4iteks kasutame Shopify'i oma veebipoe haldamiseks - rohkem teavet selle kohta, kuidas Shopify teie isikuandmeid kasutab, saate lugeda siit: https:\/\/www.shopify.com\/legal\/privacy. Samuti kasutame Google Analytics'i, et aidata meil m\u00f5ista, kuidas meie kliendid Veebisaiti kasutavad - lisateavet selle kohta, kuidas Google teie isikuandmeid kasutab, leiate siit: https:\/\/www.google.com\/intl\/en\/policies\/privacy\/. Samuti saate Google Analyticsist loobuda siin: https:\/\/tools.google.com\/dlpage\/gaoptout.\r\n\r\nL\u00f5puks v\u00f5ime jagada teie isikuandmeid ka selleks, et t\u00e4ita kohaldatavaid seadusi ja eeskirju, vastata kohtukutsele, l\u00e4biotsimism\u00e4\u00e4rusele v\u00f5i muule seaduslikule teaben\u00f5udele, mille me saame, v\u00f5i muul viisil kaitsta meie \u00f5igusi.\r\n<h2>K\u00c4ITUMUSLIK REKLAAM<\/h2>\r\nNagu eespool kirjeldatud, kasutame teie isikuandmeid selleks, et edastada teile sihip\u00e4raseid reklaame v\u00f5i turundusteateid, mis meie arvates v\u00f5ivad teile huvi pakkuda. T\u00e4iendavat teavet selle kohta, kuidas sihitud reklaam toimib, leiate Network Advertising Initiative'i (\"NAI\") hariduslikust lehek\u00fcljest aadressil http:\/\/www.networkadvertising.org\/understanding-online-advertising\/how-does-it-work.\r\n\r\nLisaks saate m\u00f5nest sellisest teenusest loobuda, k\u00fclastades Digital Advertising Alliance'i loobumisportaali aadressil: http:\/\/optout.aboutads.info\/.\r\n<h2>\u00c4RGE J\u00c4LGI<\/h2>\r\nPange t\u00e4hele, et me ei muuda oma veebilehe andmete kogumise ja kasutamise tavasid, kui n\u00e4eme teie brauserist \"\u00c4ra j\u00e4lgi\" signaali.\r\n<h2>SINU \u00d5IGUSED<\/h2>\r\nKui olete Euroopa elanik, on teil \u00f5igus tutvuda teie kohta k\u00e4ivate isikuandmetega ning n\u00f5uda, et teie isikuandmeid parandataks, ajakohastataks v\u00f5i kustutataks. Kui soovite seda \u00f5igust kasutada, v\u00f5tke meiega \u00fchendust allpool esitatud kontaktandmete kaudu.\r\n\r\nKui olete Euroopa elanik, siis m\u00e4rgime lisaks, et t\u00f6\u00f6tleme teie andmeid selleks, et t\u00e4ita teiega s\u00f5lmitud lepinguid (n\u00e4iteks kui teete veebilehe kaudu tellimuse), v\u00f5i muul viisil, et j\u00e4rgida meie eespool loetletud \u00f5igustatud \u00e4rihuve. Lisaks palume arvestada, et teie andmeid edastatakse v\u00e4ljapoole Euroopat, sealhulgas Kanadasse ja Ameerika \u00dchendriikidesse.\r\n<h2>ANDMETE KASUTAMINE<\/h2>\r\nKui te teete tellimuse veebilehe kaudu, s\u00e4ilitame teie tellimuse andmed oma registris, kuni te ei palu meil neid andmeid kustutada.\r\n<h2>MUUTUSED<\/h2>\r\nMe v\u00f5ime seda privaatsuspoliitikat aeg-ajalt ajakohastada, et kajastada n\u00e4iteks meie tavade muutusi v\u00f5i muudel operatiivsetel, \u00f5iguslikel v\u00f5i regulatiivsetel p\u00f5hjustel.\r\n<h2>V\u00d5TA MEIEGA \u00dcHENDUST<\/h2>\r\nLisateabe saamiseks meie privaatsustavade kohta, kui teil on k\u00fcsimusi v\u00f5i kui soovite esitada kaebuse, v\u00f5tke meiega \u00fchendust e-posti aadressil contact@petalwhim.com v\u00f5i posti teel, kasutades allpool esitatud andmeid:\r\n\r\nPetal Whim\u2122<br\/>\r\nViru v\u00e4ljak 4<br\/>Tallinn 10111<br\/>Eesti<br\/>\r\ncontact@petalwhim.com","protected":false},"excerpt":{"rendered":"K\u00e4esolev privaatsuspoliitika kirjeldab, kuidas teie isikuandmeid kogutakse, kasutatakse ja jagatakse, kui te k\u00fclastate v\u00f5i sooritate ostu veebisaidil (\"Sait\"). Kui k\u00fclastate Saiti, kogume automaatselt teatud teavet teie seadme kohta, sealhulgas teavet teie veebibrauseri, IP-aadressi, ajav\u00f6\u00f6ndi ja m\u00f5nede k\u00fcpsiste kohta, mis [...]","protected":false},"author":1,"featured_media":0,"parent":0,"menu_order":0,"comment_status":"closed","ping_status":"closed","template":"page-blank-title-center.php","meta":{"footnotes":""},"class_list":["post-23","page","type-page","status-publish","hentry"],"yoast_head":"<!-- This site is optimized with the Yoast SEO plugin v25.9 - https:\/\/yoast.com\/wordpress\/plugins\/seo\/ -->\n<title>Privacy Policy - Petal Whim\u2122<\/title>\n<meta name=\"robots\" content=\"noindex, follow\" \/>\n<meta property=\"og:locale\" content=\"et_EE\" \/>\n<meta property=\"og:type\" content=\"article\" \/>\n<meta property=\"og:title\" content=\"Privacy Policy - Petal Whim\u2122\" \/>\n<meta property=\"og:description\" content=\"This Privacy Policy describes how your personal information is collected, used,and shared when you visit or make a purchase from (the \u201cSite\u201d). PERSONAL INFORMATION WE COLLECT When you visit the Site, we automatically collect certain information about your device, including information about your web browser, IP address, time zone, and some of the cookies that [...]\" \/>\n<meta property=\"og:url\" content=\"https:\/\/petalwhim.com\/et\/privaatsuspoliitika-2\/\" \/>\n<meta property=\"og:site_name\" content=\"Petal Whim\u2122\" \/>\n<meta property=\"og:image\" content=\"https:\/\/petalwhim.com\/wp-content\/uploads\/2024\/05\/cropped-Petal-Whim-Favicon.png\" \/>\n\t<meta property=\"og:image:width\" content=\"512\" \/>\n\t<meta property=\"og:image:height\" content=\"512\" \/>\n\t<meta property=\"og:image:type\" content=\"image\/png\" \/>\n<meta name=\"twitter:card\" content=\"summary_large_image\" \/>\n<script type=\"application\/ld+json\" class=\"yoast-schema-graph\">{\"@context\":\"https:\/\/schema.org\",\"@graph\":[{\"@type\":\"WebPage\",\"@id\":\"https:\/\/petalwhim.com\/privacy-policy-2\/\",\"url\":\"https:\/\/petalwhim.com\/privacy-policy-2\/\",\"name\":\"Privacy Policy - Petal Whim\u2122\",\"isPartOf\":{\"@id\":\"https:\/\/petalwhim.com\/#website\"},\"datePublished\":\"2024-04-10T02:26:00+00:00\",\"breadcrumb\":{\"@id\":\"https:\/\/petalwhim.com\/privacy-policy-2\/#breadcrumb\"},\"inLanguage\":\"et\",\"potentialAction\":[{\"@type\":\"ReadAction\",\"target\":[\"https:\/\/petalwhim.com\/privacy-policy-2\/\"]}]},{\"@type\":\"BreadcrumbList\",\"@id\":\"https:\/\/petalwhim.com\/privacy-policy-2\/#breadcrumb\",\"itemListElement\":[{\"@type\":\"ListItem\",\"position\":1,\"name\":\"Home\",\"item\":\"https:\/\/petalwhim.com\/\"},{\"@type\":\"ListItem\",\"position\":2,\"name\":\"Privacy Policy\"}]},{\"@type\":\"WebSite\",\"@id\":\"https:\/\/petalwhim.com\/#website\",\"url\":\"https:\/\/petalwhim.com\/\",\"name\":\"Petal Whim\u2122\",\"description\":\"Rose in Glass\",\"publisher\":{\"@id\":\"https:\/\/petalwhim.com\/#organization\"},\"potentialAction\":[{\"@type\":\"SearchAction\",\"target\":{\"@type\":\"EntryPoint\",\"urlTemplate\":\"https:\/\/petalwhim.com\/?s={search_term_string}\"},\"query-input\":{\"@type\":\"PropertyValueSpecification\",\"valueRequired\":true,\"valueName\":\"search_term_string\"}}],\"inLanguage\":\"et\"},{\"@type\":\"Organization\",\"@id\":\"https:\/\/petalwhim.com\/#organization\",\"name\":\"Petal Whim\",\"alternateName\":\"Rose in Glass\",\"url\":\"https:\/\/petalwhim.com\/\",\"logo\":{\"@type\":\"ImageObject\",\"inLanguage\":\"et\",\"@id\":\"https:\/\/petalwhim.com\/#\/schema\/logo\/image\/\",\"url\":\"https:\/\/petalwhim.com\/wp-content\/uploads\/2024\/05\/cropped-Petal-Whim-Favicon.png\",\"contentUrl\":\"https:\/\/petalwhim.com\/wp-content\/uploads\/2024\/05\/cropped-Petal-Whim-Favicon.png\",\"width\":512,\"height\":512,\"caption\":\"Petal Whim\"},\"image\":{\"@id\":\"https:\/\/petalwhim.com\/#\/schema\/logo\/image\/\"}}]}<\/script>\n<!-- \/ Yoast SEO plugin. -->","yoast_head_json":{"title":"Privaatsuspoliitika - Petal Whim\u2122","robots":{"index":"noindex","follow":"follow"},"og_locale":"et_EE","og_type":"article","og_title":"Privacy Policy - Petal Whim\u2122","og_description":"This Privacy Policy describes how your personal information is collected, used,and shared when you visit or make a purchase from (the \u201cSite\u201d). PERSONAL INFORMATION WE COLLECT When you visit the Site, we automatically collect certain information about your device, including information about your web browser, IP address, time zone, and some of the cookies that [...]","og_url":"https:\/\/petalwhim.com\/et\/privaatsuspoliitika-2\/","og_site_name":"Petal Whim\u2122","og_image":[{"width":512,"height":512,"url":"https:\/\/petalwhim.com\/wp-content\/uploads\/2024\/05\/cropped-Petal-Whim-Favicon.png","type":"image\/png"}],"twitter_card":"summary_large_image","schema":{"@context":"https:\/\/schema.org","@graph":[{"@type":"WebPage","@id":"https:\/\/petalwhim.com\/privacy-policy-2\/","url":"https:\/\/petalwhim.com\/privacy-policy-2\/","name":"Privaatsuspoliitika - Petal Whim\u2122","isPartOf":{"@id":"https:\/\/petalwhim.com\/#website"},"datePublished":"2024-04-10T02:26:00+00:00","breadcrumb":{"@id":"https:\/\/petalwhim.com\/privacy-policy-2\/#breadcrumb"},"inLanguage":"et","potentialAction":[{"@type":"ReadAction","target":["https:\/\/petalwhim.com\/privacy-policy-2\/"]}]},{"@type":"BreadcrumbList","@id":"https:\/\/petalwhim.com\/privacy-policy-2\/#breadcrumb","itemListElement":[{"@type":"ListItem","position":1,"name":"Home","item":"https:\/\/petalwhim.com\/"},{"@type":"ListItem","position":2,"name":"Privacy Policy"}]},{"@type":"WebSite","@id":"https:\/\/petalwhim.com\/#website","url":"https:\/\/petalwhim.com\/","name":"Lille\u00f5ie Whim\u2122","description":"Roos klaasist","publisher":{"@id":"https:\/\/petalwhim.com\/#organization"},"potentialAction":[{"@type":"SearchAction","target":{"@type":"EntryPoint","urlTemplate":"https:\/\/petalwhim.com\/?s={search_term_string}"},"query-input":{"@type":"PropertyValueSpecification","valueRequired":true,"valueName":"search_term_string"}}],"inLanguage":"et"},{"@type":"Organization","@id":"https:\/\/petalwhim.com\/#organization","name":"Lille\u00f5ie Whim","alternateName":"Rose in Glass","url":"https:\/\/petalwhim.com\/","logo":{"@type":"ImageObject","inLanguage":"et","@id":"https:\/\/petalwhim.com\/#\/schema\/logo\/image\/","url":"https:\/\/petalwhim.com\/wp-content\/uploads\/2024\/05\/cropped-Petal-Whim-Favicon.png","contentUrl":"https:\/\/petalwhim.com\/wp-content\/uploads\/2024\/05\/cropped-Petal-Whim-Favicon.png","width":512,"height":512,"caption":"Petal Whim"},"image":{"@id":"https:\/\/petalwhim.com\/#\/schema\/logo\/image\/"}}]}},"_links":{"self":[{"href":"https:\/\/petalwhim.com\/et\/wp-json\/wp\/v2\/pages\/23","targetHints":{"allow":["GET"]}}],"collection":[{"href":"https:\/\/petalwhim.com\/et\/wp-json\/wp\/v2\/pages"}],"about":[{"href":"https:\/\/petalwhim.com\/et\/wp-json\/wp\/v2\/types\/page"}],"author":[{"embeddable":true,"href":"https:\/\/petalwhim.com\/et\/wp-json\/wp\/v2\/users\/1"}],"replies":[{"embeddable":true,"href":"https:\/\/petalwhim.com\/et\/wp-json\/wp\/v2\/comments?post=23"}],"version-history":[{"count":0,"href":"https:\/\/petalwhim.com\/et\/wp-json\/wp\/v2\/pages\/23\/revisions"}],"wp:attachment":[{"href":"https:\/\/petalwhim.com\/et\/wp-json\/wp\/v2\/media?parent=23"}],"curies":[{"name":"wp","href":"https:\/\/api.w.org\/{rel}","templated":true}]}}