{"id":93,"date":"2024-04-19T04:57:13","date_gmt":"2024-04-19T04:57:13","guid":{"rendered":"https:\/\/petalwhim.com\/p\/grey-eternal-roses-under-glass-dome\/"},"modified":"2025-07-25T05:16:05","modified_gmt":"2025-07-25T05:16:05","slug":"rosas-eternas-grises-bajo-cupula-de-cristal","status":"publish","type":"product","link":"https:\/\/petalwhim.com\/es\/p\/rosas-eternas-grises-bajo-cupula-de-cristal\/","title":{"rendered":"<span>Peque\u00f1as rosas eternas <\/span><span class=\"product-title-custom\">Gris bajo c\u00fapula de cristal<\/span>"},"content":{"rendered":"<h2>Peque\u00f1as rosas eternas grises bajo un cloche: \u00a1Una captura preciosa!<\/h2><p>Debajo de este cloche encontrar\u00e1s estas preciosas <strong>Gris eterno rosa peque\u00f1o<\/strong> as\u00ed como flores rosas. La campana est\u00e1 fijada sobre su base de espuma negra con un coraz\u00f3n en su parte superior. Tambi\u00e9n lleva un lazo de cinta negra con una inscripci\u00f3n.<\/p><p>Estas flores son de color gris. Este color no es necesariamente negativo, ya que tambi\u00e9n recuerda a <strong>neutralidad<\/strong>de ah\u00ed el deseo de paz. Por eso se utiliza aqu\u00ed este color.<\/p><p>Puedes muy bien ofrecer esta rosa gris eterna a tu amor, que demostrar\u00e1 tu <strong>bienestar<\/strong> a su lado.<\/p>","protected":false},"excerpt":{"rendered":"Bajo esta campana encontrar\u00e1 estas preciosas campanillas grises de color rosa eterno y flores rosas. La campana est\u00e1 fijada sobre una base de espuma negra con un coraz\u00f3n en la parte superior. Tambi\u00e9n hay un lazo de cinta negra con una inscripci\u00f3n.Estas flores son grises [...]","protected":false},"featured_media":92,"template":"","meta":[],"product_brand":[],"product_cat":[15,36,35,20],"product_tag":[34],"class_list":{"0":"post-93","1":"product","2":"type-product","3":"status-publish","4":"has-post-thumbnail","6":"product_cat-all-products","7":"product_cat-best-sellers","8":"product_cat-small-forever-rose","9":"product_cat-white-forever-rose","10":"product_tag-small-rose-in-glass","12":"first","13":"instock","14":"shipping-taxable","15":"purchasable","16":"product-type-simple"},"yoast_head":"<!-- This site is optimized with the Yoast SEO plugin v25.9 - https:\/\/yoast.com\/wordpress\/plugins\/seo\/ -->\n<title>Small Eternal Roses Grey under Glass Dome | Espa\u00f1a Florist<\/title>\n<meta name=\"description\" content=\"Celebrate everlasting love with our Small Eternal Roses Grey under Glass Dome .\ud83c\udf39Symbolize your endless affection. Shop now and get a free...\" \/>\n<meta name=\"robots\" content=\"index, follow, max-snippet:-1, max-image-preview:large, max-video-preview:-1\" \/>\n<link rel=\"canonical\" href=\"https:\/\/petalwhim.com\/es\/p\/rosas-eternas-grises-bajo-cupula-de-cristal\/\" \/>\n<meta property=\"og:locale\" content=\"es_ES\" \/>\n<meta property=\"og:type\" content=\"article\" \/>\n<meta property=\"og:title\" content=\"Small Eternal Roses Grey under Glass Dome | Espa\u00f1a Florist\" \/>\n<meta property=\"og:description\" content=\"Celebrate everlasting love with our Small Eternal Roses Grey under Glass Dome .\ud83c\udf39Symbolize your endless affection. Shop now and get a free...\" \/>\n<meta property=\"og:url\" content=\"https:\/\/petalwhim.com\/es\/p\/rosas-eternas-grises-bajo-cupula-de-cristal\/\" \/>\n<meta property=\"og:site_name\" content=\"Petal Whim\u2122\" \/>\n<meta property=\"article:modified_time\" content=\"2025-07-25T05:16:05+00:00\" \/>\n<meta property=\"og:image\" content=\"https:\/\/petalwhim.com\/wp-content\/uploads\/2024\/04\/product-image-1594224954.jpg\" \/>\n\t<meta property=\"og:image:width\" content=\"640\" \/>\n\t<meta property=\"og:image:height\" content=\"640\" \/>\n\t<meta property=\"og:image:type\" content=\"image\/jpeg\" \/>\n<meta name=\"twitter:card\" content=\"summary_large_image\" \/>\n<meta name=\"twitter:label1\" content=\"Tiempo de lectura\" \/>\n\t<meta name=\"twitter:data1\" content=\"1 minuto\" \/>\n<script type=\"application\/ld+json\" class=\"yoast-schema-graph\">{\"@context\":\"https:\/\/schema.org\",\"@graph\":[{\"@type\":\"WebPage\",\"@id\":\"https:\/\/petalwhim.com\/p\/grey-eternal-roses-under-glass-dome\/\",\"url\":\"https:\/\/petalwhim.com\/p\/grey-eternal-roses-under-glass-dome\/\",\"name\":\"Small Eternal Roses Grey under Glass Dome | Espa\u00f1a Florist\",\"isPartOf\":{\"@id\":\"https:\/\/petalwhim.com\/#website\"},\"primaryImageOfPage\":{\"@id\":\"https:\/\/petalwhim.com\/p\/grey-eternal-roses-under-glass-dome\/#primaryimage\"},\"image\":{\"@id\":\"https:\/\/petalwhim.com\/p\/grey-eternal-roses-under-glass-dome\/#primaryimage\"},\"thumbnailUrl\":\"https:\/\/petalwhim.com\/wp-content\/uploads\/2024\/04\/product-image-1594224954.jpg\",\"datePublished\":\"2024-04-19T04:57:13+00:00\",\"dateModified\":\"2025-07-25T05:16:05+00:00\",\"description\":\"Celebrate everlasting love with our Small Eternal Roses Grey under Glass Dome .\ud83c\udf39Symbolize your endless affection. Shop now and get a free...\",\"breadcrumb\":{\"@id\":\"https:\/\/petalwhim.com\/p\/grey-eternal-roses-under-glass-dome\/#breadcrumb\"},\"inLanguage\":\"es\",\"potentialAction\":[{\"@type\":\"ReadAction\",\"target\":[\"https:\/\/petalwhim.com\/p\/grey-eternal-roses-under-glass-dome\/\"]}]},{\"@type\":\"ImageObject\",\"inLanguage\":\"es\",\"@id\":\"https:\/\/petalwhim.com\/p\/grey-eternal-roses-under-glass-dome\/#primaryimage\",\"url\":\"https:\/\/petalwhim.com\/wp-content\/uploads\/2024\/04\/product-image-1594224954.jpg\",\"contentUrl\":\"https:\/\/petalwhim.com\/wp-content\/uploads\/2024\/04\/product-image-1594224954.jpg\",\"width\":640,\"height\":640,\"caption\":\"Small Eternal Roses Grey under Glass Dome\"},{\"@type\":\"BreadcrumbList\",\"@id\":\"https:\/\/petalwhim.com\/p\/grey-eternal-roses-under-glass-dome\/#breadcrumb\",\"itemListElement\":[{\"@type\":\"ListItem\",\"position\":1,\"name\":\"Home\",\"item\":\"https:\/\/petalwhim.com\/\"},{\"@type\":\"ListItem\",\"position\":2,\"name\":\"Shop\",\"item\":\"https:\/\/petalwhim.com\/shop\/\"},{\"@type\":\"ListItem\",\"position\":3,\"name\":\"Small Eternal Roses Grey under Glass Dome\"}]},{\"@type\":\"WebSite\",\"@id\":\"https:\/\/petalwhim.com\/#website\",\"url\":\"https:\/\/petalwhim.com\/\",\"name\":\"Petal Whim\u2122\",\"description\":\"Rose in Glass\",\"publisher\":{\"@id\":\"https:\/\/petalwhim.com\/#organization\"},\"potentialAction\":[{\"@type\":\"SearchAction\",\"target\":{\"@type\":\"EntryPoint\",\"urlTemplate\":\"https:\/\/petalwhim.com\/?s={search_term_string}\"},\"query-input\":{\"@type\":\"PropertyValueSpecification\",\"valueRequired\":true,\"valueName\":\"search_term_string\"}}],\"inLanguage\":\"es\"},{\"@type\":\"Organization\",\"@id\":\"https:\/\/petalwhim.com\/#organization\",\"name\":\"Petal Whim\",\"alternateName\":\"Rose in Glass\",\"url\":\"https:\/\/petalwhim.com\/\",\"logo\":{\"@type\":\"ImageObject\",\"inLanguage\":\"es\",\"@id\":\"https:\/\/petalwhim.com\/#\/schema\/logo\/image\/\",\"url\":\"https:\/\/petalwhim.com\/wp-content\/uploads\/2024\/05\/cropped-Petal-Whim-Favicon.png\",\"contentUrl\":\"https:\/\/petalwhim.com\/wp-content\/uploads\/2024\/05\/cropped-Petal-Whim-Favicon.png\",\"width\":512,\"height\":512,\"caption\":\"Petal Whim\"},\"image\":{\"@id\":\"https:\/\/petalwhim.com\/#\/schema\/logo\/image\/\"}}]}<\/script>\n<!-- \/ Yoast SEO plugin. -->","yoast_head_json":{"title":"Peque\u00f1as Rosas Eternas Grises bajo C\u00fapula de Cristal | Espa\u00f1a Florist","description":"Celebre el amor eterno con nuestras Peque\u00f1as Rosas Eternas Grises bajo C\u00fapula de Cristal .\ud83c\udf39Simbolice su afecto sin fin. Compre ahora y obtenga un...","robots":{"index":"index","follow":"follow","max-snippet":"max-snippet:-1","max-image-preview":"max-image-preview:large","max-video-preview":"max-video-preview:-1"},"canonical":"https:\/\/petalwhim.com\/es\/p\/rosas-eternas-grises-bajo-cupula-de-cristal\/","og_locale":"es_ES","og_type":"article","og_title":"Small Eternal Roses Grey under Glass Dome | Espa\u00f1a Florist","og_description":"Celebrate everlasting love with our Small Eternal Roses Grey under Glass Dome .\ud83c\udf39Symbolize your endless affection. Shop now and get a free...","og_url":"https:\/\/petalwhim.com\/es\/p\/rosas-eternas-grises-bajo-cupula-de-cristal\/","og_site_name":"Petal Whim\u2122","article_modified_time":"2025-07-25T05:16:05+00:00","og_image":[{"width":640,"height":640,"url":"https:\/\/petalwhim.com\/wp-content\/uploads\/2024\/04\/product-image-1594224954.jpg","type":"image\/jpeg"}],"twitter_card":"summary_large_image","twitter_misc":{"Tiempo de lectura":"1 minuto"},"schema":{"@context":"https:\/\/schema.org","@graph":[{"@type":"WebPage","@id":"https:\/\/petalwhim.com\/p\/grey-eternal-roses-under-glass-dome\/","url":"https:\/\/petalwhim.com\/p\/grey-eternal-roses-under-glass-dome\/","name":"Peque\u00f1as Rosas Eternas Grises bajo C\u00fapula de Cristal | Espa\u00f1a Florist","isPartOf":{"@id":"https:\/\/petalwhim.com\/#website"},"primaryImageOfPage":{"@id":"https:\/\/petalwhim.com\/p\/grey-eternal-roses-under-glass-dome\/#primaryimage"},"image":{"@id":"https:\/\/petalwhim.com\/p\/grey-eternal-roses-under-glass-dome\/#primaryimage"},"thumbnailUrl":"https:\/\/petalwhim.com\/wp-content\/uploads\/2024\/04\/product-image-1594224954.jpg","datePublished":"2024-04-19T04:57:13+00:00","dateModified":"2025-07-25T05:16:05+00:00","description":"Celebre el amor eterno con nuestras Peque\u00f1as Rosas Eternas Grises bajo C\u00fapula de Cristal .\ud83c\udf39Simbolice su afecto sin fin. Compre ahora y obtenga un...","breadcrumb":{"@id":"https:\/\/petalwhim.com\/p\/grey-eternal-roses-under-glass-dome\/#breadcrumb"},"inLanguage":"es","potentialAction":[{"@type":"ReadAction","target":["https:\/\/petalwhim.com\/p\/grey-eternal-roses-under-glass-dome\/"]}]},{"@type":"ImageObject","inLanguage":"es","@id":"https:\/\/petalwhim.com\/p\/grey-eternal-roses-under-glass-dome\/#primaryimage","url":"https:\/\/petalwhim.com\/wp-content\/uploads\/2024\/04\/product-image-1594224954.jpg","contentUrl":"https:\/\/petalwhim.com\/wp-content\/uploads\/2024\/04\/product-image-1594224954.jpg","width":640,"height":640,"caption":"Small Eternal Roses Grey under Glass Dome"},{"@type":"BreadcrumbList","@id":"https:\/\/petalwhim.com\/p\/grey-eternal-roses-under-glass-dome\/#breadcrumb","itemListElement":[{"@type":"ListItem","position":1,"name":"Home","item":"https:\/\/petalwhim.com\/"},{"@type":"ListItem","position":2,"name":"Shop","item":"https:\/\/petalwhim.com\/shop\/"},{"@type":"ListItem","position":3,"name":"Small Eternal Roses Grey under Glass Dome"}]},{"@type":"WebSite","@id":"https:\/\/petalwhim.com\/#website","url":"https:\/\/petalwhim.com\/","name":"P\u00e9talo Whim\u2122","description":"Rosa de cristal","publisher":{"@id":"https:\/\/petalwhim.com\/#organization"},"potentialAction":[{"@type":"SearchAction","target":{"@type":"EntryPoint","urlTemplate":"https:\/\/petalwhim.com\/?s={search_term_string}"},"query-input":{"@type":"PropertyValueSpecification","valueRequired":true,"valueName":"search_term_string"}}],"inLanguage":"es"},{"@type":"Organization","@id":"https:\/\/petalwhim.com\/#organization","name":"Capricho de p\u00e9talo","alternateName":"Rose in Glass","url":"https:\/\/petalwhim.com\/","logo":{"@type":"ImageObject","inLanguage":"es","@id":"https:\/\/petalwhim.com\/#\/schema\/logo\/image\/","url":"https:\/\/petalwhim.com\/wp-content\/uploads\/2024\/05\/cropped-Petal-Whim-Favicon.png","contentUrl":"https:\/\/petalwhim.com\/wp-content\/uploads\/2024\/05\/cropped-Petal-Whim-Favicon.png","width":512,"height":512,"caption":"Petal Whim"},"image":{"@id":"https:\/\/petalwhim.com\/#\/schema\/logo\/image\/"}}]}},"_links":{"self":[{"href":"https:\/\/petalwhim.com\/es\/wp-json\/wp\/v2\/product\/93","targetHints":{"allow":["GET"]}}],"collection":[{"href":"https:\/\/petalwhim.com\/es\/wp-json\/wp\/v2\/product"}],"about":[{"href":"https:\/\/petalwhim.com\/es\/wp-json\/wp\/v2\/types\/product"}],"wp:featuredmedia":[{"embeddable":true,"href":"https:\/\/petalwhim.com\/es\/wp-json\/wp\/v2\/media\/92"}],"wp:attachment":[{"href":"https:\/\/petalwhim.com\/es\/wp-json\/wp\/v2\/media?parent=93"}],"wp:term":[{"taxonomy":"product_brand","embeddable":true,"href":"https:\/\/petalwhim.com\/es\/wp-json\/wp\/v2\/product_brand?post=93"},{"taxonomy":"product_cat","embeddable":true,"href":"https:\/\/petalwhim.com\/es\/wp-json\/wp\/v2\/product_cat?post=93"},{"taxonomy":"product_tag","embeddable":true,"href":"https:\/\/petalwhim.com\/es\/wp-json\/wp\/v2\/product_tag?post=93"}],"curies":[{"name":"wp","href":"https:\/\/api.w.org\/{rel}","templated":true}]}}