{"id":81,"date":"2024-04-19T04:56:41","date_gmt":"2024-04-19T04:56:41","guid":{"rendered":"https:\/\/petalwhim.com\/p\/eternal-rose-for-mothers-day\/"},"modified":"2025-07-25T05:16:06","modified_gmt":"2025-07-25T05:16:06","slug":"rosa-eterna-para-el-dia-de-la-madre","status":"publish","type":"product","link":"https:\/\/petalwhim.com\/es\/p\/rosa-eterna-para-el-dia-de-la-madre\/","title":{"rendered":"<span>Rosa eterna <\/span><span class=\"product-title-custom\">D\u00eda de la madre<\/span>"},"content":{"rendered":"<h2>Una rosa eterna <strong>a<\/strong> simbolizan el amor eterno y las emociones fuertes<\/h2><p>Este producto presenta un <strong>rosa eterna<\/strong>, un adorable osito de peluche tambi\u00e9n en rojo, cuentas blancas y una fina guirnalda ligera para aportar suavidad a tu hogar. El conjunto est\u00e1 cubierto por un <strong>campana de cristal grueso<\/strong> con un peque\u00f1o coraz\u00f3n en la parte superior, y su base. <br><br>La rosa eterna es una <strong>flor inmortal<\/strong>.  Esta rosa m\u00e1gica y luminosa no necesita cuidados especiales. Colocada en la mesilla de noche o en el sal\u00f3n, la inmortalidad de esta rosa eterna evocar\u00e1 <strong>recuerdos<\/strong> y todo tipo de emociones<\/strong> a diario.<br> <br>Puede ofrecer esta hermosa rosa bajo cloche, para ocasiones especiales para el D\u00eda de la Madre, para honrarla.<\/p><p>Si esta rosa eterna no es de su gusto, eche un vistazo a nuestro <a title=\"Colecci\u00f3n de rosas eternas\" href=\"https:\/\/www.couronne-de-fleurs.com\/collections\/fleur-rose-eternel\">colecci\u00f3n de rosas eternas.<\/a><\/p><!-- split --><h2>Dale un capricho a tu madre por su cumplea\u00f1os.<\/h2><p>En el <strong>\u00faltimo domingo de mayo<\/strong>es el D\u00eda de la Madre. Un d\u00eda especialmente dedicado a <strong>honrando a todas las madres<\/strong> en Francia. <\/p><p>Es costumbre desearle unas felices fiestas, mimarla y hacerle un regalito que la haga feliz.<\/p><p>Aqu\u00ed le ofrecemos una composici\u00f3n de rosas rojas eternas bajo un cloche con un osito de peluche. Este regalo <strong>simboliza el amor eterno de un hijo por su madre<\/strong>. Es el <strong>el regalo perfecto para el D\u00eda de la Madre<\/strong>.<\/p><p>Tu madre no s\u00f3lo quedar\u00e1 encantada con este peque\u00f1o regalo, sino que tambi\u00e9n podr\u00e1 utilizarlo como elemento decorativo para su hogar.<\/p>","protected":false},"excerpt":{"rendered":"Una rosa eterna para simbolizar el amor eterno y las emociones fuertesEste producto presenta una rosa eterna roja, un adorable osito de peluche tambi\u00e9n en rojo, cuentas blancas y una fina guirnalda ligera para aportar suavidad a su hogar. El conjunto est\u00e1 cubierto por una campana de cristal grueso con un corazoncito en la parte superior, y su base. [...]","protected":false},"featured_media":80,"template":"","meta":[],"product_brand":[],"product_cat":[15,36,19,35],"product_tag":[34],"class_list":{"0":"post-81","1":"product","2":"type-product","3":"status-publish","4":"has-post-thumbnail","6":"product_cat-all-products","7":"product_cat-best-sellers","8":"product_cat-red-forever-rose","9":"product_cat-small-forever-rose","10":"product_tag-small-rose-in-glass","12":"first","13":"instock","14":"shipping-taxable","15":"purchasable","16":"product-type-simple"},"yoast_head":"<!-- This site is optimized with the Yoast SEO plugin v25.9 - https:\/\/yoast.com\/wordpress\/plugins\/seo\/ -->\n<title>Eternal Rose Mother&#039;s Day | Espa\u00f1a Florist<\/title>\n<meta name=\"description\" content=\"Celebrate everlasting love with our Eternal Rose Mother&#039;s Day .\ud83c\udf39Symbolize your endless affection. Shop now and get a free...\" \/>\n<meta name=\"robots\" content=\"index, follow, max-snippet:-1, max-image-preview:large, max-video-preview:-1\" \/>\n<link rel=\"canonical\" href=\"https:\/\/petalwhim.com\/es\/p\/rosa-eterna-para-el-dia-de-la-madre\/\" \/>\n<meta property=\"og:locale\" content=\"es_ES\" \/>\n<meta property=\"og:type\" content=\"article\" \/>\n<meta property=\"og:title\" content=\"Eternal Rose Mother&#039;s Day | Espa\u00f1a Florist\" \/>\n<meta property=\"og:description\" content=\"Celebrate everlasting love with our Eternal Rose Mother&#039;s Day .\ud83c\udf39Symbolize your endless affection. Shop now and get a free...\" \/>\n<meta property=\"og:url\" content=\"https:\/\/petalwhim.com\/es\/p\/rosa-eterna-para-el-dia-de-la-madre\/\" \/>\n<meta property=\"og:site_name\" content=\"Petal Whim\u2122\" \/>\n<meta property=\"article:modified_time\" content=\"2025-07-25T05:16:06+00:00\" \/>\n<meta property=\"og:image\" content=\"https:\/\/petalwhim.com\/wp-content\/uploads\/2024\/04\/product-image-1594224958.jpg\" \/>\n\t<meta property=\"og:image:width\" content=\"640\" \/>\n\t<meta property=\"og:image:height\" content=\"640\" \/>\n\t<meta property=\"og:image:type\" content=\"image\/jpeg\" \/>\n<meta name=\"twitter:card\" content=\"summary_large_image\" \/>\n<meta name=\"twitter:label1\" content=\"Tiempo de lectura\" \/>\n\t<meta name=\"twitter:data1\" content=\"1 minuto\" \/>\n<script type=\"application\/ld+json\" class=\"yoast-schema-graph\">{\"@context\":\"https:\/\/schema.org\",\"@graph\":[{\"@type\":\"WebPage\",\"@id\":\"https:\/\/petalwhim.com\/p\/eternal-rose-for-mothers-day\/\",\"url\":\"https:\/\/petalwhim.com\/p\/eternal-rose-for-mothers-day\/\",\"name\":\"Eternal Rose Mother's Day | Espa\u00f1a Florist\",\"isPartOf\":{\"@id\":\"https:\/\/petalwhim.com\/#website\"},\"primaryImageOfPage\":{\"@id\":\"https:\/\/petalwhim.com\/p\/eternal-rose-for-mothers-day\/#primaryimage\"},\"image\":{\"@id\":\"https:\/\/petalwhim.com\/p\/eternal-rose-for-mothers-day\/#primaryimage\"},\"thumbnailUrl\":\"https:\/\/petalwhim.com\/wp-content\/uploads\/2024\/04\/product-image-1594224958.jpg\",\"datePublished\":\"2024-04-19T04:56:41+00:00\",\"dateModified\":\"2025-07-25T05:16:06+00:00\",\"description\":\"Celebrate everlasting love with our Eternal Rose Mother's Day .\ud83c\udf39Symbolize your endless affection. Shop now and get a free...\",\"breadcrumb\":{\"@id\":\"https:\/\/petalwhim.com\/p\/eternal-rose-for-mothers-day\/#breadcrumb\"},\"inLanguage\":\"es\",\"potentialAction\":[{\"@type\":\"ReadAction\",\"target\":[\"https:\/\/petalwhim.com\/p\/eternal-rose-for-mothers-day\/\"]}]},{\"@type\":\"ImageObject\",\"inLanguage\":\"es\",\"@id\":\"https:\/\/petalwhim.com\/p\/eternal-rose-for-mothers-day\/#primaryimage\",\"url\":\"https:\/\/petalwhim.com\/wp-content\/uploads\/2024\/04\/product-image-1594224958.jpg\",\"contentUrl\":\"https:\/\/petalwhim.com\/wp-content\/uploads\/2024\/04\/product-image-1594224958.jpg\",\"width\":640,\"height\":640,\"caption\":\"Eternal Rose Mother's Day\"},{\"@type\":\"BreadcrumbList\",\"@id\":\"https:\/\/petalwhim.com\/p\/eternal-rose-for-mothers-day\/#breadcrumb\",\"itemListElement\":[{\"@type\":\"ListItem\",\"position\":1,\"name\":\"Home\",\"item\":\"https:\/\/petalwhim.com\/\"},{\"@type\":\"ListItem\",\"position\":2,\"name\":\"Shop\",\"item\":\"https:\/\/petalwhim.com\/shop\/\"},{\"@type\":\"ListItem\",\"position\":3,\"name\":\"Eternal Rose Mother&#8217;s Day\"}]},{\"@type\":\"WebSite\",\"@id\":\"https:\/\/petalwhim.com\/#website\",\"url\":\"https:\/\/petalwhim.com\/\",\"name\":\"Petal Whim\u2122\",\"description\":\"Rose in Glass\",\"publisher\":{\"@id\":\"https:\/\/petalwhim.com\/#organization\"},\"potentialAction\":[{\"@type\":\"SearchAction\",\"target\":{\"@type\":\"EntryPoint\",\"urlTemplate\":\"https:\/\/petalwhim.com\/?s={search_term_string}\"},\"query-input\":{\"@type\":\"PropertyValueSpecification\",\"valueRequired\":true,\"valueName\":\"search_term_string\"}}],\"inLanguage\":\"es\"},{\"@type\":\"Organization\",\"@id\":\"https:\/\/petalwhim.com\/#organization\",\"name\":\"Petal Whim\",\"alternateName\":\"Rose in Glass\",\"url\":\"https:\/\/petalwhim.com\/\",\"logo\":{\"@type\":\"ImageObject\",\"inLanguage\":\"es\",\"@id\":\"https:\/\/petalwhim.com\/#\/schema\/logo\/image\/\",\"url\":\"https:\/\/petalwhim.com\/wp-content\/uploads\/2024\/05\/cropped-Petal-Whim-Favicon.png\",\"contentUrl\":\"https:\/\/petalwhim.com\/wp-content\/uploads\/2024\/05\/cropped-Petal-Whim-Favicon.png\",\"width\":512,\"height\":512,\"caption\":\"Petal Whim\"},\"image\":{\"@id\":\"https:\/\/petalwhim.com\/#\/schema\/logo\/image\/\"}}]}<\/script>\n<!-- \/ Yoast SEO plugin. -->","yoast_head_json":{"title":"Rosa Eterna D\u00eda de la Madre | Espa\u00f1a Florister\u00eda","description":"Celebra el amor eterno con nuestra Rosa Eterna D\u00eda de la Madre.\ud83c\udf39Simboliza tu afecto sin fin. Compra ahora y consigue un...","robots":{"index":"index","follow":"follow","max-snippet":"max-snippet:-1","max-image-preview":"max-image-preview:large","max-video-preview":"max-video-preview:-1"},"canonical":"https:\/\/petalwhim.com\/es\/p\/rosa-eterna-para-el-dia-de-la-madre\/","og_locale":"es_ES","og_type":"article","og_title":"Eternal Rose Mother's Day | Espa\u00f1a Florist","og_description":"Celebrate everlasting love with our Eternal Rose Mother's Day .\ud83c\udf39Symbolize your endless affection. Shop now and get a free...","og_url":"https:\/\/petalwhim.com\/es\/p\/rosa-eterna-para-el-dia-de-la-madre\/","og_site_name":"Petal Whim\u2122","article_modified_time":"2025-07-25T05:16:06+00:00","og_image":[{"width":640,"height":640,"url":"https:\/\/petalwhim.com\/wp-content\/uploads\/2024\/04\/product-image-1594224958.jpg","type":"image\/jpeg"}],"twitter_card":"summary_large_image","twitter_misc":{"Tiempo de lectura":"1 minuto"},"schema":{"@context":"https:\/\/schema.org","@graph":[{"@type":"WebPage","@id":"https:\/\/petalwhim.com\/p\/eternal-rose-for-mothers-day\/","url":"https:\/\/petalwhim.com\/p\/eternal-rose-for-mothers-day\/","name":"Rosa Eterna D\u00eda de la Madre | Espa\u00f1a Florister\u00eda","isPartOf":{"@id":"https:\/\/petalwhim.com\/#website"},"primaryImageOfPage":{"@id":"https:\/\/petalwhim.com\/p\/eternal-rose-for-mothers-day\/#primaryimage"},"image":{"@id":"https:\/\/petalwhim.com\/p\/eternal-rose-for-mothers-day\/#primaryimage"},"thumbnailUrl":"https:\/\/petalwhim.com\/wp-content\/uploads\/2024\/04\/product-image-1594224958.jpg","datePublished":"2024-04-19T04:56:41+00:00","dateModified":"2025-07-25T05:16:06+00:00","description":"Celebra el amor eterno con nuestra Rosa Eterna D\u00eda de la Madre.\ud83c\udf39Simboliza tu afecto sin fin. Compra ahora y consigue un...","breadcrumb":{"@id":"https:\/\/petalwhim.com\/p\/eternal-rose-for-mothers-day\/#breadcrumb"},"inLanguage":"es","potentialAction":[{"@type":"ReadAction","target":["https:\/\/petalwhim.com\/p\/eternal-rose-for-mothers-day\/"]}]},{"@type":"ImageObject","inLanguage":"es","@id":"https:\/\/petalwhim.com\/p\/eternal-rose-for-mothers-day\/#primaryimage","url":"https:\/\/petalwhim.com\/wp-content\/uploads\/2024\/04\/product-image-1594224958.jpg","contentUrl":"https:\/\/petalwhim.com\/wp-content\/uploads\/2024\/04\/product-image-1594224958.jpg","width":640,"height":640,"caption":"Eternal Rose Mother's Day"},{"@type":"BreadcrumbList","@id":"https:\/\/petalwhim.com\/p\/eternal-rose-for-mothers-day\/#breadcrumb","itemListElement":[{"@type":"ListItem","position":1,"name":"Home","item":"https:\/\/petalwhim.com\/"},{"@type":"ListItem","position":2,"name":"Shop","item":"https:\/\/petalwhim.com\/shop\/"},{"@type":"ListItem","position":3,"name":"Eternal Rose Mother&#8217;s Day"}]},{"@type":"WebSite","@id":"https:\/\/petalwhim.com\/#website","url":"https:\/\/petalwhim.com\/","name":"P\u00e9talo Whim\u2122","description":"Rosa de cristal","publisher":{"@id":"https:\/\/petalwhim.com\/#organization"},"potentialAction":[{"@type":"SearchAction","target":{"@type":"EntryPoint","urlTemplate":"https:\/\/petalwhim.com\/?s={search_term_string}"},"query-input":{"@type":"PropertyValueSpecification","valueRequired":true,"valueName":"search_term_string"}}],"inLanguage":"es"},{"@type":"Organization","@id":"https:\/\/petalwhim.com\/#organization","name":"Capricho de p\u00e9talo","alternateName":"Rose in Glass","url":"https:\/\/petalwhim.com\/","logo":{"@type":"ImageObject","inLanguage":"es","@id":"https:\/\/petalwhim.com\/#\/schema\/logo\/image\/","url":"https:\/\/petalwhim.com\/wp-content\/uploads\/2024\/05\/cropped-Petal-Whim-Favicon.png","contentUrl":"https:\/\/petalwhim.com\/wp-content\/uploads\/2024\/05\/cropped-Petal-Whim-Favicon.png","width":512,"height":512,"caption":"Petal Whim"},"image":{"@id":"https:\/\/petalwhim.com\/#\/schema\/logo\/image\/"}}]}},"_links":{"self":[{"href":"https:\/\/petalwhim.com\/es\/wp-json\/wp\/v2\/product\/81","targetHints":{"allow":["GET"]}}],"collection":[{"href":"https:\/\/petalwhim.com\/es\/wp-json\/wp\/v2\/product"}],"about":[{"href":"https:\/\/petalwhim.com\/es\/wp-json\/wp\/v2\/types\/product"}],"wp:featuredmedia":[{"embeddable":true,"href":"https:\/\/petalwhim.com\/es\/wp-json\/wp\/v2\/media\/80"}],"wp:attachment":[{"href":"https:\/\/petalwhim.com\/es\/wp-json\/wp\/v2\/media?parent=81"}],"wp:term":[{"taxonomy":"product_brand","embeddable":true,"href":"https:\/\/petalwhim.com\/es\/wp-json\/wp\/v2\/product_brand?post=81"},{"taxonomy":"product_cat","embeddable":true,"href":"https:\/\/petalwhim.com\/es\/wp-json\/wp\/v2\/product_cat?post=81"},{"taxonomy":"product_tag","embeddable":true,"href":"https:\/\/petalwhim.com\/es\/wp-json\/wp\/v2\/product_tag?post=81"}],"curies":[{"name":"wp","href":"https:\/\/api.w.org\/{rel}","templated":true}]}}