{"id":255,"date":"2024-04-19T05:02:47","date_gmt":"2024-04-19T05:02:47","guid":{"rendered":"https:\/\/petalwhim.com\/p\/yellow-gold-rose\/"},"modified":"2025-07-25T05:16:01","modified_gmt":"2025-07-25T05:16:01","slug":"oro-amarillo-rosa","status":"publish","type":"product","link":"https:\/\/petalwhim.com\/es\/p\/oro-amarillo-rosa\/","title":{"rendered":"<span>Rosa amarilla eterna <\/span><span class=\"product-title-custom\">Chapado en oro<\/span>"},"content":{"rendered":"<h2>\u00bfEnvidia de hacer un regalo soleado que simbolice benevolencia y calidez? La rosa amarilla eterna chapada en oro es el regalo perfecto para expresar tus sentimientos.<\/h2><strong>\u00bfNo sabe para qu\u00e9 eventos se recomienda?<\/strong> <br><br>Se ofrece para acompa\u00f1ar los mejores acontecimientos de la vida como: un nacimiento, un aniversario o para celebrar una larga amistad.<br><br>La persona querida a la que se lo regale quedar\u00e1 encantada con su atenci\u00f3n. Su ornamentaci\u00f3n dorada lo hace majestuoso y a\u00f1ade cach\u00e9 a este regalo.<br><br> <strong>\u00bfY se pregunta por su conservaci\u00f3n?<\/strong> <br><br>Acompa\u00f1ar\u00e1 a su hu\u00e9sped durante varios a\u00f1os conservando su magn\u00edfica belleza.<br><br> <strong>Regala esta rosa eterna sin dudarlo. Te est\u00e1 esperando<\/strong>.","protected":false},"excerpt":{"rendered":"<ul style=\"text-align: center;list-style-position: inside;\">\r\n<li>\ud83d\udc51 Rosa ba\u00f1ada en oro de 24 quilates<\/li>\r\n<li>\ud83c\udf39 Hecho de una rosa de verdad<\/li>\r\n<li>Acabado brillante y lustroso.<\/li>\r\n<\/ul>","protected":false},"featured_media":254,"template":"","meta":[],"product_brand":[],"product_cat":[15,23],"product_tag":[],"class_list":{"0":"post-255","1":"product","2":"type-product","3":"status-publish","4":"has-post-thumbnail","6":"product_cat-all-products","7":"product_cat-gold-plated-rose","9":"first","10":"outofstock","11":"shipping-taxable","12":"purchasable","13":"product-type-simple"},"yoast_head":"<!-- This site is optimized with the Yoast SEO plugin v25.9 - https:\/\/yoast.com\/wordpress\/plugins\/seo\/ -->\n<title>Yellow Eternal Rose Gold Plated | Espa\u00f1a Florist<\/title>\n<meta name=\"description\" content=\"Celebrate everlasting love with our Yellow Eternal Rose Gold Plated .\ud83c\udf39Symbolize your endless affection. Shop now and get a free...\" \/>\n<meta name=\"robots\" content=\"index, follow, max-snippet:-1, max-image-preview:large, max-video-preview:-1\" \/>\n<link rel=\"canonical\" href=\"https:\/\/petalwhim.com\/es\/p\/oro-amarillo-rosa\/\" \/>\n<meta property=\"og:locale\" content=\"es_ES\" \/>\n<meta property=\"og:type\" content=\"article\" \/>\n<meta property=\"og:title\" content=\"Yellow Eternal Rose Gold Plated | Espa\u00f1a Florist\" \/>\n<meta property=\"og:description\" content=\"Celebrate everlasting love with our Yellow Eternal Rose Gold Plated .\ud83c\udf39Symbolize your endless affection. Shop now and get a free...\" \/>\n<meta property=\"og:url\" content=\"https:\/\/petalwhim.com\/es\/p\/oro-amarillo-rosa\/\" \/>\n<meta property=\"og:site_name\" content=\"Petal Whim\u2122\" \/>\n<meta property=\"article:modified_time\" content=\"2025-07-25T05:16:01+00:00\" \/>\n<meta property=\"og:image\" content=\"https:\/\/petalwhim.com\/wp-content\/uploads\/2024\/04\/product-image-1488753308.jpg\" \/>\n\t<meta property=\"og:image:width\" content=\"640\" \/>\n\t<meta property=\"og:image:height\" content=\"640\" \/>\n\t<meta property=\"og:image:type\" content=\"image\/jpeg\" \/>\n<meta name=\"twitter:card\" content=\"summary_large_image\" \/>\n<meta name=\"twitter:label1\" content=\"Tiempo de lectura\" \/>\n\t<meta name=\"twitter:data1\" content=\"1 minuto\" \/>\n<script type=\"application\/ld+json\" class=\"yoast-schema-graph\">{\"@context\":\"https:\/\/schema.org\",\"@graph\":[{\"@type\":\"WebPage\",\"@id\":\"https:\/\/petalwhim.com\/p\/yellow-gold-rose\/\",\"url\":\"https:\/\/petalwhim.com\/p\/yellow-gold-rose\/\",\"name\":\"Yellow Eternal Rose Gold Plated | Espa\u00f1a Florist\",\"isPartOf\":{\"@id\":\"https:\/\/petalwhim.com\/#website\"},\"primaryImageOfPage\":{\"@id\":\"https:\/\/petalwhim.com\/p\/yellow-gold-rose\/#primaryimage\"},\"image\":{\"@id\":\"https:\/\/petalwhim.com\/p\/yellow-gold-rose\/#primaryimage\"},\"thumbnailUrl\":\"https:\/\/petalwhim.com\/wp-content\/uploads\/2024\/04\/product-image-1488753308.jpg\",\"datePublished\":\"2024-04-19T05:02:47+00:00\",\"dateModified\":\"2025-07-25T05:16:01+00:00\",\"description\":\"Celebrate everlasting love with our Yellow Eternal Rose Gold Plated .\ud83c\udf39Symbolize your endless affection. Shop now and get a free...\",\"breadcrumb\":{\"@id\":\"https:\/\/petalwhim.com\/p\/yellow-gold-rose\/#breadcrumb\"},\"inLanguage\":\"es\",\"potentialAction\":[{\"@type\":\"ReadAction\",\"target\":[\"https:\/\/petalwhim.com\/p\/yellow-gold-rose\/\"]}]},{\"@type\":\"ImageObject\",\"inLanguage\":\"es\",\"@id\":\"https:\/\/petalwhim.com\/p\/yellow-gold-rose\/#primaryimage\",\"url\":\"https:\/\/petalwhim.com\/wp-content\/uploads\/2024\/04\/product-image-1488753308.jpg\",\"contentUrl\":\"https:\/\/petalwhim.com\/wp-content\/uploads\/2024\/04\/product-image-1488753308.jpg\",\"width\":640,\"height\":640,\"caption\":\"Yellow Eternal Rose Gold Plated\"},{\"@type\":\"BreadcrumbList\",\"@id\":\"https:\/\/petalwhim.com\/p\/yellow-gold-rose\/#breadcrumb\",\"itemListElement\":[{\"@type\":\"ListItem\",\"position\":1,\"name\":\"Home\",\"item\":\"https:\/\/petalwhim.com\/\"},{\"@type\":\"ListItem\",\"position\":2,\"name\":\"Shop\",\"item\":\"https:\/\/petalwhim.com\/shop\/\"},{\"@type\":\"ListItem\",\"position\":3,\"name\":\"Yellow Eternal Rose Gold Plated\"}]},{\"@type\":\"WebSite\",\"@id\":\"https:\/\/petalwhim.com\/#website\",\"url\":\"https:\/\/petalwhim.com\/\",\"name\":\"Petal Whim\u2122\",\"description\":\"Rose in Glass\",\"publisher\":{\"@id\":\"https:\/\/petalwhim.com\/#organization\"},\"potentialAction\":[{\"@type\":\"SearchAction\",\"target\":{\"@type\":\"EntryPoint\",\"urlTemplate\":\"https:\/\/petalwhim.com\/?s={search_term_string}\"},\"query-input\":{\"@type\":\"PropertyValueSpecification\",\"valueRequired\":true,\"valueName\":\"search_term_string\"}}],\"inLanguage\":\"es\"},{\"@type\":\"Organization\",\"@id\":\"https:\/\/petalwhim.com\/#organization\",\"name\":\"Petal Whim\",\"alternateName\":\"Rose in Glass\",\"url\":\"https:\/\/petalwhim.com\/\",\"logo\":{\"@type\":\"ImageObject\",\"inLanguage\":\"es\",\"@id\":\"https:\/\/petalwhim.com\/#\/schema\/logo\/image\/\",\"url\":\"https:\/\/petalwhim.com\/wp-content\/uploads\/2024\/05\/cropped-Petal-Whim-Favicon.png\",\"contentUrl\":\"https:\/\/petalwhim.com\/wp-content\/uploads\/2024\/05\/cropped-Petal-Whim-Favicon.png\",\"width\":512,\"height\":512,\"caption\":\"Petal Whim\"},\"image\":{\"@id\":\"https:\/\/petalwhim.com\/#\/schema\/logo\/image\/\"}}]}<\/script>\n<!-- \/ Yoast SEO plugin. -->","yoast_head_json":{"title":"Eterno Amarillo Rosa Chapado en Oro | Espa\u00f1a Florister\u00eda","description":"Celebre el amor eterno con nuestro Eterno Amarillo chapado en oro rosa .\ud83c\udf39Simbolice su afecto sin fin. Compre ahora y obtenga un...","robots":{"index":"index","follow":"follow","max-snippet":"max-snippet:-1","max-image-preview":"max-image-preview:large","max-video-preview":"max-video-preview:-1"},"canonical":"https:\/\/petalwhim.com\/es\/p\/oro-amarillo-rosa\/","og_locale":"es_ES","og_type":"article","og_title":"Yellow Eternal Rose Gold Plated | Espa\u00f1a Florist","og_description":"Celebrate everlasting love with our Yellow Eternal Rose Gold Plated .\ud83c\udf39Symbolize your endless affection. Shop now and get a free...","og_url":"https:\/\/petalwhim.com\/es\/p\/oro-amarillo-rosa\/","og_site_name":"Petal Whim\u2122","article_modified_time":"2025-07-25T05:16:01+00:00","og_image":[{"width":640,"height":640,"url":"https:\/\/petalwhim.com\/wp-content\/uploads\/2024\/04\/product-image-1488753308.jpg","type":"image\/jpeg"}],"twitter_card":"summary_large_image","twitter_misc":{"Tiempo de lectura":"1 minuto"},"schema":{"@context":"https:\/\/schema.org","@graph":[{"@type":"WebPage","@id":"https:\/\/petalwhim.com\/p\/yellow-gold-rose\/","url":"https:\/\/petalwhim.com\/p\/yellow-gold-rose\/","name":"Eterno Amarillo Rosa Chapado en Oro | Espa\u00f1a Florister\u00eda","isPartOf":{"@id":"https:\/\/petalwhim.com\/#website"},"primaryImageOfPage":{"@id":"https:\/\/petalwhim.com\/p\/yellow-gold-rose\/#primaryimage"},"image":{"@id":"https:\/\/petalwhim.com\/p\/yellow-gold-rose\/#primaryimage"},"thumbnailUrl":"https:\/\/petalwhim.com\/wp-content\/uploads\/2024\/04\/product-image-1488753308.jpg","datePublished":"2024-04-19T05:02:47+00:00","dateModified":"2025-07-25T05:16:01+00:00","description":"Celebre el amor eterno con nuestro Eterno Amarillo chapado en oro rosa .\ud83c\udf39Simbolice su afecto sin fin. Compre ahora y obtenga un...","breadcrumb":{"@id":"https:\/\/petalwhim.com\/p\/yellow-gold-rose\/#breadcrumb"},"inLanguage":"es","potentialAction":[{"@type":"ReadAction","target":["https:\/\/petalwhim.com\/p\/yellow-gold-rose\/"]}]},{"@type":"ImageObject","inLanguage":"es","@id":"https:\/\/petalwhim.com\/p\/yellow-gold-rose\/#primaryimage","url":"https:\/\/petalwhim.com\/wp-content\/uploads\/2024\/04\/product-image-1488753308.jpg","contentUrl":"https:\/\/petalwhim.com\/wp-content\/uploads\/2024\/04\/product-image-1488753308.jpg","width":640,"height":640,"caption":"Yellow Eternal Rose Gold Plated"},{"@type":"BreadcrumbList","@id":"https:\/\/petalwhim.com\/p\/yellow-gold-rose\/#breadcrumb","itemListElement":[{"@type":"ListItem","position":1,"name":"Home","item":"https:\/\/petalwhim.com\/"},{"@type":"ListItem","position":2,"name":"Shop","item":"https:\/\/petalwhim.com\/shop\/"},{"@type":"ListItem","position":3,"name":"Yellow Eternal Rose Gold Plated"}]},{"@type":"WebSite","@id":"https:\/\/petalwhim.com\/#website","url":"https:\/\/petalwhim.com\/","name":"P\u00e9talo Whim\u2122","description":"Rosa de cristal","publisher":{"@id":"https:\/\/petalwhim.com\/#organization"},"potentialAction":[{"@type":"SearchAction","target":{"@type":"EntryPoint","urlTemplate":"https:\/\/petalwhim.com\/?s={search_term_string}"},"query-input":{"@type":"PropertyValueSpecification","valueRequired":true,"valueName":"search_term_string"}}],"inLanguage":"es"},{"@type":"Organization","@id":"https:\/\/petalwhim.com\/#organization","name":"Capricho de p\u00e9talo","alternateName":"Rose in Glass","url":"https:\/\/petalwhim.com\/","logo":{"@type":"ImageObject","inLanguage":"es","@id":"https:\/\/petalwhim.com\/#\/schema\/logo\/image\/","url":"https:\/\/petalwhim.com\/wp-content\/uploads\/2024\/05\/cropped-Petal-Whim-Favicon.png","contentUrl":"https:\/\/petalwhim.com\/wp-content\/uploads\/2024\/05\/cropped-Petal-Whim-Favicon.png","width":512,"height":512,"caption":"Petal Whim"},"image":{"@id":"https:\/\/petalwhim.com\/#\/schema\/logo\/image\/"}}]}},"_links":{"self":[{"href":"https:\/\/petalwhim.com\/es\/wp-json\/wp\/v2\/product\/255","targetHints":{"allow":["GET"]}}],"collection":[{"href":"https:\/\/petalwhim.com\/es\/wp-json\/wp\/v2\/product"}],"about":[{"href":"https:\/\/petalwhim.com\/es\/wp-json\/wp\/v2\/types\/product"}],"wp:featuredmedia":[{"embeddable":true,"href":"https:\/\/petalwhim.com\/es\/wp-json\/wp\/v2\/media\/254"}],"wp:attachment":[{"href":"https:\/\/petalwhim.com\/es\/wp-json\/wp\/v2\/media?parent=255"}],"wp:term":[{"taxonomy":"product_brand","embeddable":true,"href":"https:\/\/petalwhim.com\/es\/wp-json\/wp\/v2\/product_brand?post=255"},{"taxonomy":"product_cat","embeddable":true,"href":"https:\/\/petalwhim.com\/es\/wp-json\/wp\/v2\/product_cat?post=255"},{"taxonomy":"product_tag","embeddable":true,"href":"https:\/\/petalwhim.com\/es\/wp-json\/wp\/v2\/product_tag?post=255"}],"curies":[{"name":"wp","href":"https:\/\/api.w.org\/{rel}","templated":true}]}}