{"id":183,"date":"2024-04-19T05:00:39","date_gmt":"2024-04-19T05:00:39","guid":{"rendered":"https:\/\/petalwhim.com\/p\/crystal-eternal-rose\/"},"modified":"2025-07-25T05:16:03","modified_gmt":"2025-07-25T05:16:03","slug":"rosa-eterna-de-cristal","status":"publish","type":"product","link":"https:\/\/petalwhim.com\/es\/p\/rosa-eterna-de-cristal\/","title":{"rendered":"<span>Rosa eterna <\/span><span class=\"product-title-custom\">Cristal<\/span>"},"content":{"rendered":"<h2>\u00bfQuieres demostrar a un ser querido lo especial que es para ti? Reg\u00e1lale una Rosa Eterna Cristal<\/h2><p>M\u00e1s que una rosa, un s\u00edmbolo de vuestro amor eterno. <br><br> <strong>\u00bfHay alguna ocasi\u00f3n para regalar esta rosa de cristal eterna?<\/strong> <br><br>Cualquier ocasi\u00f3n es buena para demostrar lo importantes que son para usted sus seres queridos. Adem\u00e1s de ser un regalo excepcional, es una muestra de afecto indiscutible e incontestable.<br><br> <strong>\u00bfCu\u00e1l es su vida \u00fatil?<\/strong> <br><br>Al igual que tus sentimientos, es eterno y resistir\u00e1 el peso de los a\u00f1os. <br><br> <strong>D\u00e9jate llevar por su hechizante belleza y causa una impresi\u00f3n duradera regal\u00e1ndoselo a alguien especial.<\/strong><\/p>","protected":false},"excerpt":{"rendered":"\u00bfQuieres demostrar a un ser querido lo especial que es para ti? Reg\u00e1lale una Rosa Eterna de CristalM\u00e1s que una rosa, un s\u00edmbolo de tu amor eterno. \u00bfHay alguna ocasi\u00f3n para regalar esta rosa eterna de cristal? Cualquier ocasi\u00f3n es buena para demostrar lo importantes que son para ti tus seres queridos. Adem\u00e1s [...]","protected":false},"featured_media":182,"template":"","meta":[],"product_brand":[],"product_cat":[15,36],"product_tag":[33],"class_list":{"0":"post-183","1":"product","2":"type-product","3":"status-publish","4":"has-post-thumbnail","6":"product_cat-all-products","7":"product_cat-best-sellers","8":"product_tag-rose-in-glass-dome","10":"first","11":"instock","12":"shipping-taxable","13":"purchasable","14":"product-type-simple"},"yoast_head":"<!-- This site is optimized with the Yoast SEO plugin v25.9 - https:\/\/yoast.com\/wordpress\/plugins\/seo\/ -->\n<title>Eternal Rose Crystal | Espa\u00f1a Florist<\/title>\n<meta name=\"description\" content=\"Celebrate everlasting love with our Eternal Rose Crystal .\ud83c\udf39Symbolize your endless affection. Shop now and get a free...\" \/>\n<meta name=\"robots\" content=\"index, follow, max-snippet:-1, max-image-preview:large, max-video-preview:-1\" \/>\n<link rel=\"canonical\" href=\"https:\/\/petalwhim.com\/es\/p\/rosa-eterna-de-cristal\/\" \/>\n<meta property=\"og:locale\" content=\"es_ES\" \/>\n<meta property=\"og:type\" content=\"article\" \/>\n<meta property=\"og:title\" content=\"Eternal Rose Crystal | Espa\u00f1a Florist\" \/>\n<meta property=\"og:description\" content=\"Celebrate everlasting love with our Eternal Rose Crystal .\ud83c\udf39Symbolize your endless affection. Shop now and get a free...\" \/>\n<meta property=\"og:url\" content=\"https:\/\/petalwhim.com\/es\/p\/rosa-eterna-de-cristal\/\" \/>\n<meta property=\"og:site_name\" content=\"Petal Whim\u2122\" \/>\n<meta property=\"article:modified_time\" content=\"2025-07-25T05:16:03+00:00\" \/>\n<meta property=\"og:image\" content=\"https:\/\/petalwhim.com\/wp-content\/uploads\/2024\/04\/product-image-1562975876.jpg\" \/>\n\t<meta property=\"og:image:width\" content=\"640\" \/>\n\t<meta property=\"og:image:height\" content=\"640\" \/>\n\t<meta property=\"og:image:type\" content=\"image\/jpeg\" \/>\n<meta name=\"twitter:card\" content=\"summary_large_image\" \/>\n<meta name=\"twitter:label1\" content=\"Tiempo de lectura\" \/>\n\t<meta name=\"twitter:data1\" content=\"1 minuto\" \/>\n<script type=\"application\/ld+json\" class=\"yoast-schema-graph\">{\"@context\":\"https:\/\/schema.org\",\"@graph\":[{\"@type\":\"WebPage\",\"@id\":\"https:\/\/petalwhim.com\/p\/crystal-eternal-rose\/\",\"url\":\"https:\/\/petalwhim.com\/p\/crystal-eternal-rose\/\",\"name\":\"Eternal Rose Crystal | Espa\u00f1a Florist\",\"isPartOf\":{\"@id\":\"https:\/\/petalwhim.com\/#website\"},\"primaryImageOfPage\":{\"@id\":\"https:\/\/petalwhim.com\/p\/crystal-eternal-rose\/#primaryimage\"},\"image\":{\"@id\":\"https:\/\/petalwhim.com\/p\/crystal-eternal-rose\/#primaryimage\"},\"thumbnailUrl\":\"https:\/\/petalwhim.com\/wp-content\/uploads\/2024\/04\/product-image-1562975876.jpg\",\"datePublished\":\"2024-04-19T05:00:39+00:00\",\"dateModified\":\"2025-07-25T05:16:03+00:00\",\"description\":\"Celebrate everlasting love with our Eternal Rose Crystal .\ud83c\udf39Symbolize your endless affection. Shop now and get a free...\",\"breadcrumb\":{\"@id\":\"https:\/\/petalwhim.com\/p\/crystal-eternal-rose\/#breadcrumb\"},\"inLanguage\":\"es\",\"potentialAction\":[{\"@type\":\"ReadAction\",\"target\":[\"https:\/\/petalwhim.com\/p\/crystal-eternal-rose\/\"]}]},{\"@type\":\"ImageObject\",\"inLanguage\":\"es\",\"@id\":\"https:\/\/petalwhim.com\/p\/crystal-eternal-rose\/#primaryimage\",\"url\":\"https:\/\/petalwhim.com\/wp-content\/uploads\/2024\/04\/product-image-1562975876.jpg\",\"contentUrl\":\"https:\/\/petalwhim.com\/wp-content\/uploads\/2024\/04\/product-image-1562975876.jpg\",\"width\":640,\"height\":640,\"caption\":\"Eternal Rose Crystal\"},{\"@type\":\"BreadcrumbList\",\"@id\":\"https:\/\/petalwhim.com\/p\/crystal-eternal-rose\/#breadcrumb\",\"itemListElement\":[{\"@type\":\"ListItem\",\"position\":1,\"name\":\"Home\",\"item\":\"https:\/\/petalwhim.com\/\"},{\"@type\":\"ListItem\",\"position\":2,\"name\":\"Shop\",\"item\":\"https:\/\/petalwhim.com\/shop\/\"},{\"@type\":\"ListItem\",\"position\":3,\"name\":\"Eternal Rose Crystal\"}]},{\"@type\":\"WebSite\",\"@id\":\"https:\/\/petalwhim.com\/#website\",\"url\":\"https:\/\/petalwhim.com\/\",\"name\":\"Petal Whim\u2122\",\"description\":\"Rose in Glass\",\"publisher\":{\"@id\":\"https:\/\/petalwhim.com\/#organization\"},\"potentialAction\":[{\"@type\":\"SearchAction\",\"target\":{\"@type\":\"EntryPoint\",\"urlTemplate\":\"https:\/\/petalwhim.com\/?s={search_term_string}\"},\"query-input\":{\"@type\":\"PropertyValueSpecification\",\"valueRequired\":true,\"valueName\":\"search_term_string\"}}],\"inLanguage\":\"es\"},{\"@type\":\"Organization\",\"@id\":\"https:\/\/petalwhim.com\/#organization\",\"name\":\"Petal Whim\",\"alternateName\":\"Rose in Glass\",\"url\":\"https:\/\/petalwhim.com\/\",\"logo\":{\"@type\":\"ImageObject\",\"inLanguage\":\"es\",\"@id\":\"https:\/\/petalwhim.com\/#\/schema\/logo\/image\/\",\"url\":\"https:\/\/petalwhim.com\/wp-content\/uploads\/2024\/05\/cropped-Petal-Whim-Favicon.png\",\"contentUrl\":\"https:\/\/petalwhim.com\/wp-content\/uploads\/2024\/05\/cropped-Petal-Whim-Favicon.png\",\"width\":512,\"height\":512,\"caption\":\"Petal Whim\"},\"image\":{\"@id\":\"https:\/\/petalwhim.com\/#\/schema\/logo\/image\/\"}}]}<\/script>\n<!-- \/ Yoast SEO plugin. -->","yoast_head_json":{"title":"Rosa Eterna Cristal | Espa\u00f1a Florister\u00eda","description":"Celebra el amor eterno con nuestra Rosa Eterna de Cristal.\ud83c\udf39Simboliza tu afecto sin fin. Compra ahora y consigue un...","robots":{"index":"index","follow":"follow","max-snippet":"max-snippet:-1","max-image-preview":"max-image-preview:large","max-video-preview":"max-video-preview:-1"},"canonical":"https:\/\/petalwhim.com\/es\/p\/rosa-eterna-de-cristal\/","og_locale":"es_ES","og_type":"article","og_title":"Eternal Rose Crystal | Espa\u00f1a Florist","og_description":"Celebrate everlasting love with our Eternal Rose Crystal .\ud83c\udf39Symbolize your endless affection. Shop now and get a free...","og_url":"https:\/\/petalwhim.com\/es\/p\/rosa-eterna-de-cristal\/","og_site_name":"Petal Whim\u2122","article_modified_time":"2025-07-25T05:16:03+00:00","og_image":[{"width":640,"height":640,"url":"https:\/\/petalwhim.com\/wp-content\/uploads\/2024\/04\/product-image-1562975876.jpg","type":"image\/jpeg"}],"twitter_card":"summary_large_image","twitter_misc":{"Tiempo de lectura":"1 minuto"},"schema":{"@context":"https:\/\/schema.org","@graph":[{"@type":"WebPage","@id":"https:\/\/petalwhim.com\/p\/crystal-eternal-rose\/","url":"https:\/\/petalwhim.com\/p\/crystal-eternal-rose\/","name":"Rosa Eterna Cristal | Espa\u00f1a Florister\u00eda","isPartOf":{"@id":"https:\/\/petalwhim.com\/#website"},"primaryImageOfPage":{"@id":"https:\/\/petalwhim.com\/p\/crystal-eternal-rose\/#primaryimage"},"image":{"@id":"https:\/\/petalwhim.com\/p\/crystal-eternal-rose\/#primaryimage"},"thumbnailUrl":"https:\/\/petalwhim.com\/wp-content\/uploads\/2024\/04\/product-image-1562975876.jpg","datePublished":"2024-04-19T05:00:39+00:00","dateModified":"2025-07-25T05:16:03+00:00","description":"Celebra el amor eterno con nuestra Rosa Eterna de Cristal.\ud83c\udf39Simboliza tu afecto sin fin. Compra ahora y consigue un...","breadcrumb":{"@id":"https:\/\/petalwhim.com\/p\/crystal-eternal-rose\/#breadcrumb"},"inLanguage":"es","potentialAction":[{"@type":"ReadAction","target":["https:\/\/petalwhim.com\/p\/crystal-eternal-rose\/"]}]},{"@type":"ImageObject","inLanguage":"es","@id":"https:\/\/petalwhim.com\/p\/crystal-eternal-rose\/#primaryimage","url":"https:\/\/petalwhim.com\/wp-content\/uploads\/2024\/04\/product-image-1562975876.jpg","contentUrl":"https:\/\/petalwhim.com\/wp-content\/uploads\/2024\/04\/product-image-1562975876.jpg","width":640,"height":640,"caption":"Eternal Rose Crystal"},{"@type":"BreadcrumbList","@id":"https:\/\/petalwhim.com\/p\/crystal-eternal-rose\/#breadcrumb","itemListElement":[{"@type":"ListItem","position":1,"name":"Home","item":"https:\/\/petalwhim.com\/"},{"@type":"ListItem","position":2,"name":"Shop","item":"https:\/\/petalwhim.com\/shop\/"},{"@type":"ListItem","position":3,"name":"Eternal Rose Crystal"}]},{"@type":"WebSite","@id":"https:\/\/petalwhim.com\/#website","url":"https:\/\/petalwhim.com\/","name":"P\u00e9talo Whim\u2122","description":"Rosa de cristal","publisher":{"@id":"https:\/\/petalwhim.com\/#organization"},"potentialAction":[{"@type":"SearchAction","target":{"@type":"EntryPoint","urlTemplate":"https:\/\/petalwhim.com\/?s={search_term_string}"},"query-input":{"@type":"PropertyValueSpecification","valueRequired":true,"valueName":"search_term_string"}}],"inLanguage":"es"},{"@type":"Organization","@id":"https:\/\/petalwhim.com\/#organization","name":"Capricho de p\u00e9talo","alternateName":"Rose in Glass","url":"https:\/\/petalwhim.com\/","logo":{"@type":"ImageObject","inLanguage":"es","@id":"https:\/\/petalwhim.com\/#\/schema\/logo\/image\/","url":"https:\/\/petalwhim.com\/wp-content\/uploads\/2024\/05\/cropped-Petal-Whim-Favicon.png","contentUrl":"https:\/\/petalwhim.com\/wp-content\/uploads\/2024\/05\/cropped-Petal-Whim-Favicon.png","width":512,"height":512,"caption":"Petal Whim"},"image":{"@id":"https:\/\/petalwhim.com\/#\/schema\/logo\/image\/"}}]}},"_links":{"self":[{"href":"https:\/\/petalwhim.com\/es\/wp-json\/wp\/v2\/product\/183","targetHints":{"allow":["GET"]}}],"collection":[{"href":"https:\/\/petalwhim.com\/es\/wp-json\/wp\/v2\/product"}],"about":[{"href":"https:\/\/petalwhim.com\/es\/wp-json\/wp\/v2\/types\/product"}],"wp:featuredmedia":[{"embeddable":true,"href":"https:\/\/petalwhim.com\/es\/wp-json\/wp\/v2\/media\/182"}],"wp:attachment":[{"href":"https:\/\/petalwhim.com\/es\/wp-json\/wp\/v2\/media?parent=183"}],"wp:term":[{"taxonomy":"product_brand","embeddable":true,"href":"https:\/\/petalwhim.com\/es\/wp-json\/wp\/v2\/product_brand?post=183"},{"taxonomy":"product_cat","embeddable":true,"href":"https:\/\/petalwhim.com\/es\/wp-json\/wp\/v2\/product_cat?post=183"},{"taxonomy":"product_tag","embeddable":true,"href":"https:\/\/petalwhim.com\/es\/wp-json\/wp\/v2\/product_tag?post=183"}],"curies":[{"name":"wp","href":"https:\/\/api.w.org\/{rel}","templated":true}]}}