{"id":31,"date":"2024-04-10T02:30:24","date_gmt":"2024-04-10T02:30:24","guid":{"rendered":"https:\/\/roseinglass.kinsta.cloud\/?page_id=31"},"modified":"2025-07-18T13:06:53","modified_gmt":"2025-07-18T13:06:53","slug":"contacto","status":"publish","type":"page","link":"https:\/\/petalwhim.com\/es\/contacto\/","title":{"rendered":"P\u00f3ngase en contacto con nosotros"},"content":{"rendered":"<script src=\"https:\/\/www.google.com\/recaptcha\/api.js\" async defer><\/script>\n\n    <form id=\"custom-contact-form\" method=\"post\" action=\"\" data-trp-original-action=\"\">\n        <label for=\"custom_name\">Nombre<\/label>\n        <input type=\"text\" id=\"custom_name\" name=\"custom_name\" required>\n\n        <label for=\"custom_email\">Correo electr\u00f3nico<\/label>\n        <input type=\"email\" id=\"custom_email\" name=\"custom_email\" required>\n\n        <label for=\"custom_phone\">Tel\u00e9fono (opcional)<\/label>\n        <input type=\"text\" id=\"custom_phone\" name=\"custom_phone\">\n\n        <label for=\"custom_message\">Mensaje<\/label>\n        <textarea id=\"custom_message\" name=\"custom_message\" required><\/textarea>\n\n        <button type=\"submit\" id=\"submit-button\">Enviar mensaje<\/button>\n\t\t<div class=\"g-recaptcha\" data-sitekey=\"6LegiocrAAAAAPtGEsgdOSpPsfhGYLbPenTsIO07\"><\/div>\n\n    <input type=\"hidden\" name=\"trp-form-language\" value=\"es\"\/><\/form>\n\n    <div id=\"form-response\"><\/div>\n\n    <script type=\"text\/javascript\">\n        document.getElementById(\"custom-contact-form\").addEventListener(\"submit\", function(event){\n            event.preventDefault(); \/\/ Prevent the form from submitting normally\n\n            var formData = new FormData(this); \/\/ Get form data\n            var responseDiv = document.getElementById(\"form-response\");\n            var submitButton = document.getElementById(\"submit-button\");\n\n            \/\/ Disable the submit button and show loading spinner\n            submitButton.disabled = true;\n            responseDiv.innerHTML = \"<div id='loading-spinner' style='text-align:center;'><img src='\/wp-content\/uploads\/2025\/07\/loading-spinner-custom.gif' alt='Loading...'><\/div>\";\n    var recaptcha = document.querySelector('#g-recaptcha-response').value;\n    if (!recaptcha) {\n        responseDiv.innerHTML = \"<p style='color: red; font-weight: bold; font-size: 1.2em;'>Please complete the CAPTCHA.<\/p>\";\n        submitButton.disabled = false;\n        return;\n    }\n            \/\/ AJAX request\n            var xhr = new XMLHttpRequest();\n            xhr.open(\"POST\", window.location.href, true); \/\/ Post to the same page\n            xhr.onload = function () {\n                if (xhr.status === 200) {\n                    responseDiv.innerHTML = \"<p style='color: green; font-weight: bold; font-size: 1.2em;'>Thank you! Your message has been sent successfully.<\/p>\";\n                } else {\n                    responseDiv.innerHTML = \"<p style='color: red; font-weight: bold; font-size: 1.2em;'>Sorry, something went wrong. Please try again.<\/p>\";\n                }\n\n                \/\/ Re-enable the submit button after response\n                submitButton.disabled = false;\n            };\n            xhr.onerror = function () {\n                responseDiv.innerHTML = \"<p style='color: red; font-weight: bold; font-size: 1.2em;'>Sorry, something went wrong. Please try again.<\/p>\";\n                submitButton.disabled = false;\n            };\n            xhr.send(formData);\n        });\n    <\/script>\n\n    <style>\n        #submit-button {\n            background-color: #661731; \/* Button background color *\/\n            color: white; \/* Button text color *\/\n            padding: 10px 20px;\n            border: none;\n            cursor: pointer;\n            font-size: 1em;\n        }\n\n        #submit-button:hover {\n            background-color: #550e2f; \/* Darker background on hover *\/\n        }\n\n        #form-response {\n            margin-top: 15px;\n        }\n\n        #loading-spinner img {\n            width: 50px; \/* Adjust size *\/\n            height: 50px;\n        }\n    <\/style>\n\n    \r\n<h2>Otras formas de ponerse en contacto con nosotros<\/h2>\r\n<p><strong>Por correo electr\u00f3nico<\/strong> Correo electr\u00f3nico : contact@petalwhim.com Si se ha puesto en contacto con nosotros por correo electr\u00f3nico, le agradecemos su paciencia mientras nuestro equipo trabaja para responder a cada consulta. Haremos todo lo posible para responder en un plazo de 48 horas. Tenga en cuenta que nuestro tiempo de respuesta puede retrasarse si estamos experimentando el alto volumen de mensajes, especialmente durante el per\u00edodo de ventas y la Navidad. Haremos todo lo posible para responderle lo antes posible. Gracias por su comprensi\u00f3n.<\/p>\r\n<p><strong>Por tel\u00e9fono<\/strong> Si tiene alguna pregunta o duda, no dude en llamarnos. Estaremos encantados de ayudarle. Nuestra l\u00ednea de atenci\u00f3n al cliente est\u00e1 disponible de lunes a viernes de 8:00 a 20:00 UTC+11.<\/p>\r\n<p><strong>Por correo postal<\/strong> Direcci\u00f3n : Petal Whim\u2122, 81 Paseo de la Castellana, Madrid 28046, Espa\u00f1a Normalmente respondemos a los correos en un plazo de 7-14 d\u00edas laborables.<\/p>\r\n<h2>Nuestro compromiso con el servicio al cliente<\/h2>\r\nPetal Whim\u2122 se compromete a proporcionar un gran servicio al cliente. Creemos que nuestros clientes se merecen la mejor experiencia posible cuando compran con nosotros, y nos esforzamos por proporcion\u00e1rsela en todo momento. Nuestro equipo de servicio al cliente est\u00e1 siempre disponible para responder a cualquier pregunta que pueda tener, y ayudarle a encontrar el producto perfecto para sus necesidades. \u00a1Sabemos que su tiempo es valioso, por lo que apreciamos su negocio y gracias por elegir Petal Whim \u2122!<\/p>\r\n<h2>Privacidad<\/h2>\r\n<p>Nuestros intercambios son estrictamente confidenciales y todos nuestros intercambios seguir\u00e1n siendo privados. En cumplimiento de nuestra pol\u00edtica de privacidad, no transmitimos ning\u00fan dato a terceros.<\/p>","protected":false},"excerpt":{"rendered":"Otras formas de ponerse en contacto con nosotros Por correo electr\u00f3nico Correo electr\u00f3nico : contact@ Si se ha puesto en contacto con nosotros por correo electr\u00f3nico, le agradecemos su paciencia mientras nuestro equipo trabaja para responder a cada consulta. Haremos todo lo posible por responderle en un plazo de 48 horas. Tenga en cuenta que nuestro tiempo de respuesta puede retrasarse si estamos experimentando [...]","protected":false},"author":1,"featured_media":0,"parent":0,"menu_order":0,"comment_status":"closed","ping_status":"closed","template":"page-blank-title-center.php","meta":{"footnotes":""},"class_list":["post-31","page","type-page","status-publish","hentry"],"yoast_head":"<!-- This site is optimized with the Yoast SEO plugin v25.9 - https:\/\/yoast.com\/wordpress\/plugins\/seo\/ -->\n<title>Contact us - Petal Whim\u2122<\/title>\n<meta name=\"robots\" content=\"noindex, follow\" \/>\n<meta property=\"og:locale\" content=\"es_ES\" \/>\n<meta property=\"og:type\" content=\"article\" \/>\n<meta property=\"og:title\" content=\"Contact us - Petal Whim\u2122\" \/>\n<meta property=\"og:description\" content=\"Other ways to contact us By email Email : contact@ If you have reached out to us via email, we appreciate your patience as our team works to respond to each inquiry. We will do our best to answer within 48 hours. Please note that our response time may be delayed if we are experiencing [...]\" \/>\n<meta property=\"og:url\" content=\"https:\/\/petalwhim.com\/es\/contacto\/\" \/>\n<meta property=\"og:site_name\" content=\"Petal Whim\u2122\" \/>\n<meta property=\"article:modified_time\" content=\"2025-07-18T13:06:53+00:00\" \/>\n<meta property=\"og:image\" content=\"https:\/\/petalwhim.com\/wp-content\/uploads\/2024\/05\/cropped-Petal-Whim-Favicon.png\" \/>\n\t<meta property=\"og:image:width\" content=\"512\" \/>\n\t<meta property=\"og:image:height\" content=\"512\" \/>\n\t<meta property=\"og:image:type\" content=\"image\/png\" \/>\n<meta name=\"twitter:card\" content=\"summary_large_image\" \/>\n<meta name=\"twitter:label1\" content=\"Tiempo de lectura\" \/>\n\t<meta name=\"twitter:data1\" content=\"2 minutos\" \/>\n<script type=\"application\/ld+json\" class=\"yoast-schema-graph\">{\"@context\":\"https:\/\/schema.org\",\"@graph\":[{\"@type\":\"WebPage\",\"@id\":\"https:\/\/petalwhim.com\/contact-us\/\",\"url\":\"https:\/\/petalwhim.com\/contact-us\/\",\"name\":\"Contact us - Petal Whim\u2122\",\"isPartOf\":{\"@id\":\"https:\/\/petalwhim.com\/#website\"},\"datePublished\":\"2024-04-10T02:30:24+00:00\",\"dateModified\":\"2025-07-18T13:06:53+00:00\",\"breadcrumb\":{\"@id\":\"https:\/\/petalwhim.com\/contact-us\/#breadcrumb\"},\"inLanguage\":\"es\",\"potentialAction\":[{\"@type\":\"ReadAction\",\"target\":[\"https:\/\/petalwhim.com\/contact-us\/\"]}]},{\"@type\":\"BreadcrumbList\",\"@id\":\"https:\/\/petalwhim.com\/contact-us\/#breadcrumb\",\"itemListElement\":[{\"@type\":\"ListItem\",\"position\":1,\"name\":\"Home\",\"item\":\"https:\/\/petalwhim.com\/\"},{\"@type\":\"ListItem\",\"position\":2,\"name\":\"Contact us\"}]},{\"@type\":\"WebSite\",\"@id\":\"https:\/\/petalwhim.com\/#website\",\"url\":\"https:\/\/petalwhim.com\/\",\"name\":\"Petal Whim\u2122\",\"description\":\"Rose in Glass\",\"publisher\":{\"@id\":\"https:\/\/petalwhim.com\/#organization\"},\"potentialAction\":[{\"@type\":\"SearchAction\",\"target\":{\"@type\":\"EntryPoint\",\"urlTemplate\":\"https:\/\/petalwhim.com\/?s={search_term_string}\"},\"query-input\":{\"@type\":\"PropertyValueSpecification\",\"valueRequired\":true,\"valueName\":\"search_term_string\"}}],\"inLanguage\":\"es\"},{\"@type\":\"Organization\",\"@id\":\"https:\/\/petalwhim.com\/#organization\",\"name\":\"Petal Whim\",\"alternateName\":\"Rose in Glass\",\"url\":\"https:\/\/petalwhim.com\/\",\"logo\":{\"@type\":\"ImageObject\",\"inLanguage\":\"es\",\"@id\":\"https:\/\/petalwhim.com\/#\/schema\/logo\/image\/\",\"url\":\"https:\/\/petalwhim.com\/wp-content\/uploads\/2024\/05\/cropped-Petal-Whim-Favicon.png\",\"contentUrl\":\"https:\/\/petalwhim.com\/wp-content\/uploads\/2024\/05\/cropped-Petal-Whim-Favicon.png\",\"width\":512,\"height\":512,\"caption\":\"Petal Whim\"},\"image\":{\"@id\":\"https:\/\/petalwhim.com\/#\/schema\/logo\/image\/\"}}]}<\/script>\n<!-- \/ Yoast SEO plugin. -->","yoast_head_json":{"title":"Cont\u00e1ctenos - Petal Whim\u2122","robots":{"index":"noindex","follow":"follow"},"og_locale":"es_ES","og_type":"article","og_title":"Contact us - Petal Whim\u2122","og_description":"Other ways to contact us By email Email : contact@ If you have reached out to us via email, we appreciate your patience as our team works to respond to each inquiry. We will do our best to answer within 48 hours. Please note that our response time may be delayed if we are experiencing [...]","og_url":"https:\/\/petalwhim.com\/es\/contacto\/","og_site_name":"Petal Whim\u2122","article_modified_time":"2025-07-18T13:06:53+00:00","og_image":[{"width":512,"height":512,"url":"https:\/\/petalwhim.com\/wp-content\/uploads\/2024\/05\/cropped-Petal-Whim-Favicon.png","type":"image\/png"}],"twitter_card":"summary_large_image","twitter_misc":{"Tiempo de lectura":"2 minutos"},"schema":{"@context":"https:\/\/schema.org","@graph":[{"@type":"WebPage","@id":"https:\/\/petalwhim.com\/contact-us\/","url":"https:\/\/petalwhim.com\/contact-us\/","name":"Cont\u00e1ctenos - Petal Whim\u2122","isPartOf":{"@id":"https:\/\/petalwhim.com\/#website"},"datePublished":"2024-04-10T02:30:24+00:00","dateModified":"2025-07-18T13:06:53+00:00","breadcrumb":{"@id":"https:\/\/petalwhim.com\/contact-us\/#breadcrumb"},"inLanguage":"es","potentialAction":[{"@type":"ReadAction","target":["https:\/\/petalwhim.com\/contact-us\/"]}]},{"@type":"BreadcrumbList","@id":"https:\/\/petalwhim.com\/contact-us\/#breadcrumb","itemListElement":[{"@type":"ListItem","position":1,"name":"Home","item":"https:\/\/petalwhim.com\/"},{"@type":"ListItem","position":2,"name":"Contact us"}]},{"@type":"WebSite","@id":"https:\/\/petalwhim.com\/#website","url":"https:\/\/petalwhim.com\/","name":"P\u00e9talo Whim\u2122","description":"Rosa de cristal","publisher":{"@id":"https:\/\/petalwhim.com\/#organization"},"potentialAction":[{"@type":"SearchAction","target":{"@type":"EntryPoint","urlTemplate":"https:\/\/petalwhim.com\/?s={search_term_string}"},"query-input":{"@type":"PropertyValueSpecification","valueRequired":true,"valueName":"search_term_string"}}],"inLanguage":"es"},{"@type":"Organization","@id":"https:\/\/petalwhim.com\/#organization","name":"Capricho de p\u00e9talo","alternateName":"Rose in Glass","url":"https:\/\/petalwhim.com\/","logo":{"@type":"ImageObject","inLanguage":"es","@id":"https:\/\/petalwhim.com\/#\/schema\/logo\/image\/","url":"https:\/\/petalwhim.com\/wp-content\/uploads\/2024\/05\/cropped-Petal-Whim-Favicon.png","contentUrl":"https:\/\/petalwhim.com\/wp-content\/uploads\/2024\/05\/cropped-Petal-Whim-Favicon.png","width":512,"height":512,"caption":"Petal Whim"},"image":{"@id":"https:\/\/petalwhim.com\/#\/schema\/logo\/image\/"}}]}},"_links":{"self":[{"href":"https:\/\/petalwhim.com\/es\/wp-json\/wp\/v2\/pages\/31","targetHints":{"allow":["GET"]}}],"collection":[{"href":"https:\/\/petalwhim.com\/es\/wp-json\/wp\/v2\/pages"}],"about":[{"href":"https:\/\/petalwhim.com\/es\/wp-json\/wp\/v2\/types\/page"}],"author":[{"embeddable":true,"href":"https:\/\/petalwhim.com\/es\/wp-json\/wp\/v2\/users\/1"}],"replies":[{"embeddable":true,"href":"https:\/\/petalwhim.com\/es\/wp-json\/wp\/v2\/comments?post=31"}],"version-history":[{"count":0,"href":"https:\/\/petalwhim.com\/es\/wp-json\/wp\/v2\/pages\/31\/revisions"}],"wp:attachment":[{"href":"https:\/\/petalwhim.com\/es\/wp-json\/wp\/v2\/media?parent=31"}],"curies":[{"name":"wp","href":"https:\/\/api.w.org\/{rel}","templated":true}]}}