{"id":24,"date":"2024-04-10T02:26:26","date_gmt":"2024-04-10T02:26:26","guid":{"rendered":"https:\/\/roseinglass.kinsta.cloud\/?page_id=24"},"modified":"2024-06-06T01:04:53","modified_gmt":"2024-06-06T01:04:53","slug":"politica-de-reembolsos-y-devoluciones","status":"publish","type":"page","link":"https:\/\/petalwhim.com\/es\/politica-de-reembolsos-y-devoluciones\/","title":{"rendered":"Pol\u00edtica de devoluciones y reembolsos"},"content":{"rendered":"<h2>Me gustar\u00eda <strong>devolver<\/strong> o <strong>intercambio*<\/strong> un art\u00edculo que no me conviene.<\/h2>\r\n<strong>Primer paso:<\/strong> Si desea <strong>devolver<\/strong> o <strong>intercambiar<\/strong> su art\u00edculo (para obtener una talla o un color diferentes), aseg\u00farese de que cumple las siguientes condiciones:\r\n<ul>\r\n \t<li>Dispone de 30 d\u00edas a partir de la recepci\u00f3n del paquete para devolv\u00e9rnoslo.<\/li>\r\n \t<li>Las etiquetas deben adherirse al art\u00edculo de la misma forma en que se recibieron.<\/li>\r\n \t<li>El art\u00edculo debe estar en su embalaje original.<\/li>\r\n<\/ul>\r\n<strong>Segundo paso:<\/strong> P\u00f3ngase en contacto con nosotros por correo electr\u00f3nico en contact@petalwhim.com o directamente a trav\u00e9s de nuestro contacto.\r\n\r\nAseg\u00farese de que la siguiente informaci\u00f3n aparece en su correo electr\u00f3nico: su\u00a0<strong>n\u00famero de pedido<\/strong>, <strong>nombres de los art\u00edculos devueltos<\/strong>as\u00ed como <strong>qu\u00e9 desea obtener de la devoluci\u00f3n<\/strong> (reembolso, vale o cambio por otra talla\/color).\r\n\r\n<strong>Paso 3:<\/strong>\u00a0Le contestaremos en un plazo de 48 horas con la direcci\u00f3n postal a la que debe devolver la mercanc\u00eda.\r\n\r\nLe informamos de que\u00a0<strong>los gastos de devoluci\u00f3n corren por su cuenta<\/strong>.\r\n\r\n<em>Los art\u00edculos deben devolverse en su estado original. Los art\u00edculos que hayan sido lavados o usados (sin la etiqueta) no podr\u00e1n devolverse ni reembolsarse.<\/em>\r\n\r\n<strong>Paso 4<\/strong>: Conf\u00edrmenos por correo electr\u00f3nico que su producto ha sido enviado y facil\u00edtenos el\u00a0<strong>n\u00famero de env\u00edo del paquete<\/strong>.\r\n\r\nEsto nos permitir\u00e1 pagar los gastos de aduana si se aplican.\u00a0<strong>Si no disponemos de esta informaci\u00f3n, no podremos pagar los gastos de aduana y su paquete le ser\u00e1 devuelto autom\u00e1ticamente.<\/strong>.\r\n\r\n<strong>Paso 5:<\/strong> Tan pronto como recibamos los art\u00edculos, ser\u00e1n inspeccionados y de acuerdo a su solicitud nos:\r\n<ul>\r\n \t<li>Reembolso de sus art\u00edculos: recibir\u00e1 un correo electr\u00f3nico para confirmar el reembolso de su pedido. Los reembolsos suelen recibirse en un plazo de 5 d\u00edas laborables<\/li>\r\n \t<li>Cambie sus art\u00edculos: Los art\u00edculos se cambiar\u00e1n por los indicados en tu formulario de devoluci\u00f3n, recibir\u00e1s un correo electr\u00f3nico confirmando el cambio as\u00ed como un nuevo n\u00famero de pedido.<\/li>\r\n<\/ul>\r\nPetal Whim\u2122 se reserva el derecho a rechazar devoluciones enviadas o comunicadas con posterioridad al retraso de la devoluci\u00f3n, o art\u00edculos que no se encuentren en las mismas condiciones en las que fueron recibidos. Una vez aprobada la devoluci\u00f3n, se le reembolsar\u00e1 el importe a trav\u00e9s del <strong>el mismo m\u00e9todo de pago utilizado para realizar la compra<\/strong>. El plazo m\u00e1ximo de reembolso es de 10 d\u00edas. Tenga en cuenta que el plazo de reembolso en su cuenta bancaria depende siempre de su banco.","protected":false},"excerpt":{"rendered":"Deseo devolver o cambiar* un art\u00edculo que no me conviene. Paso 1: Si desea devolver o cambiar su art\u00edculo (para obtener una talla o un color diferentes), aseg\u00farese de que cumple las siguientes condiciones: Tienes 30 d\u00edas a partir de la recepci\u00f3n de tu paquete para devolverlo [...]","protected":false},"author":1,"featured_media":0,"parent":0,"menu_order":0,"comment_status":"closed","ping_status":"closed","template":"page-blank-title-center.php","meta":{"footnotes":""},"class_list":["post-24","page","type-page","status-publish","hentry"],"yoast_head":"<!-- This site is optimized with the Yoast SEO plugin v25.9 - https:\/\/yoast.com\/wordpress\/plugins\/seo\/ -->\n<title>Refund and Returns Policy - Petal Whim\u2122<\/title>\n<meta name=\"robots\" content=\"noindex, follow\" \/>\n<meta property=\"og:locale\" content=\"es_ES\" \/>\n<meta property=\"og:type\" content=\"article\" \/>\n<meta property=\"og:title\" content=\"Refund and Returns Policy - Petal Whim\u2122\" \/>\n<meta property=\"og:description\" content=\"I would like to return or exchange* an item that does not suit me. Step 1: If you would like to return or exchange your item (to get a different size or color), please make sure that you meet the following conditions: You have 30 days following the reception of your package to return it [...]\" \/>\n<meta property=\"og:url\" content=\"https:\/\/petalwhim.com\/es\/politica-de-reembolsos-y-devoluciones\/\" \/>\n<meta property=\"og:site_name\" content=\"Petal Whim\u2122\" \/>\n<meta property=\"article:modified_time\" content=\"2024-06-06T01:04:53+00:00\" \/>\n<meta property=\"og:image\" content=\"https:\/\/petalwhim.com\/wp-content\/uploads\/2024\/05\/cropped-Petal-Whim-Favicon.png\" \/>\n\t<meta property=\"og:image:width\" content=\"512\" \/>\n\t<meta property=\"og:image:height\" content=\"512\" \/>\n\t<meta property=\"og:image:type\" content=\"image\/png\" \/>\n<meta name=\"twitter:card\" content=\"summary_large_image\" \/>\n<meta name=\"twitter:label1\" content=\"Tiempo de lectura\" \/>\n\t<meta name=\"twitter:data1\" content=\"2 minutos\" \/>\n<script type=\"application\/ld+json\" class=\"yoast-schema-graph\">{\"@context\":\"https:\/\/schema.org\",\"@graph\":[{\"@type\":\"WebPage\",\"@id\":\"https:\/\/petalwhim.com\/refund-and-returns-policy\/\",\"url\":\"https:\/\/petalwhim.com\/refund-and-returns-policy\/\",\"name\":\"Refund and Returns Policy - Petal Whim\u2122\",\"isPartOf\":{\"@id\":\"https:\/\/petalwhim.com\/#website\"},\"datePublished\":\"2024-04-10T02:26:26+00:00\",\"dateModified\":\"2024-06-06T01:04:53+00:00\",\"breadcrumb\":{\"@id\":\"https:\/\/petalwhim.com\/refund-and-returns-policy\/#breadcrumb\"},\"inLanguage\":\"es\",\"potentialAction\":[{\"@type\":\"ReadAction\",\"target\":[\"https:\/\/petalwhim.com\/refund-and-returns-policy\/\"]}]},{\"@type\":\"BreadcrumbList\",\"@id\":\"https:\/\/petalwhim.com\/refund-and-returns-policy\/#breadcrumb\",\"itemListElement\":[{\"@type\":\"ListItem\",\"position\":1,\"name\":\"Home\",\"item\":\"https:\/\/petalwhim.com\/\"},{\"@type\":\"ListItem\",\"position\":2,\"name\":\"Refund and Returns Policy\"}]},{\"@type\":\"WebSite\",\"@id\":\"https:\/\/petalwhim.com\/#website\",\"url\":\"https:\/\/petalwhim.com\/\",\"name\":\"Petal Whim\u2122\",\"description\":\"Rose in Glass\",\"publisher\":{\"@id\":\"https:\/\/petalwhim.com\/#organization\"},\"potentialAction\":[{\"@type\":\"SearchAction\",\"target\":{\"@type\":\"EntryPoint\",\"urlTemplate\":\"https:\/\/petalwhim.com\/?s={search_term_string}\"},\"query-input\":{\"@type\":\"PropertyValueSpecification\",\"valueRequired\":true,\"valueName\":\"search_term_string\"}}],\"inLanguage\":\"es\"},{\"@type\":\"Organization\",\"@id\":\"https:\/\/petalwhim.com\/#organization\",\"name\":\"Petal Whim\",\"alternateName\":\"Rose in Glass\",\"url\":\"https:\/\/petalwhim.com\/\",\"logo\":{\"@type\":\"ImageObject\",\"inLanguage\":\"es\",\"@id\":\"https:\/\/petalwhim.com\/#\/schema\/logo\/image\/\",\"url\":\"https:\/\/petalwhim.com\/wp-content\/uploads\/2024\/05\/cropped-Petal-Whim-Favicon.png\",\"contentUrl\":\"https:\/\/petalwhim.com\/wp-content\/uploads\/2024\/05\/cropped-Petal-Whim-Favicon.png\",\"width\":512,\"height\":512,\"caption\":\"Petal Whim\"},\"image\":{\"@id\":\"https:\/\/petalwhim.com\/#\/schema\/logo\/image\/\"}}]}<\/script>\n<!-- \/ Yoast SEO plugin. -->","yoast_head_json":{"title":"Pol\u00edtica de devoluciones y reembolsos - Petal Whim\u2122.","robots":{"index":"noindex","follow":"follow"},"og_locale":"es_ES","og_type":"article","og_title":"Refund and Returns Policy - Petal Whim\u2122","og_description":"I would like to return or exchange* an item that does not suit me. Step 1: If you would like to return or exchange your item (to get a different size or color), please make sure that you meet the following conditions: You have 30 days following the reception of your package to return it [...]","og_url":"https:\/\/petalwhim.com\/es\/politica-de-reembolsos-y-devoluciones\/","og_site_name":"Petal Whim\u2122","article_modified_time":"2024-06-06T01:04:53+00:00","og_image":[{"width":512,"height":512,"url":"https:\/\/petalwhim.com\/wp-content\/uploads\/2024\/05\/cropped-Petal-Whim-Favicon.png","type":"image\/png"}],"twitter_card":"summary_large_image","twitter_misc":{"Tiempo de lectura":"2 minutos"},"schema":{"@context":"https:\/\/schema.org","@graph":[{"@type":"WebPage","@id":"https:\/\/petalwhim.com\/refund-and-returns-policy\/","url":"https:\/\/petalwhim.com\/refund-and-returns-policy\/","name":"Pol\u00edtica de devoluciones y reembolsos - Petal Whim\u2122.","isPartOf":{"@id":"https:\/\/petalwhim.com\/#website"},"datePublished":"2024-04-10T02:26:26+00:00","dateModified":"2024-06-06T01:04:53+00:00","breadcrumb":{"@id":"https:\/\/petalwhim.com\/refund-and-returns-policy\/#breadcrumb"},"inLanguage":"es","potentialAction":[{"@type":"ReadAction","target":["https:\/\/petalwhim.com\/refund-and-returns-policy\/"]}]},{"@type":"BreadcrumbList","@id":"https:\/\/petalwhim.com\/refund-and-returns-policy\/#breadcrumb","itemListElement":[{"@type":"ListItem","position":1,"name":"Home","item":"https:\/\/petalwhim.com\/"},{"@type":"ListItem","position":2,"name":"Refund and Returns Policy"}]},{"@type":"WebSite","@id":"https:\/\/petalwhim.com\/#website","url":"https:\/\/petalwhim.com\/","name":"P\u00e9talo Whim\u2122","description":"Rosa de cristal","publisher":{"@id":"https:\/\/petalwhim.com\/#organization"},"potentialAction":[{"@type":"SearchAction","target":{"@type":"EntryPoint","urlTemplate":"https:\/\/petalwhim.com\/?s={search_term_string}"},"query-input":{"@type":"PropertyValueSpecification","valueRequired":true,"valueName":"search_term_string"}}],"inLanguage":"es"},{"@type":"Organization","@id":"https:\/\/petalwhim.com\/#organization","name":"Capricho de p\u00e9talo","alternateName":"Rose in Glass","url":"https:\/\/petalwhim.com\/","logo":{"@type":"ImageObject","inLanguage":"es","@id":"https:\/\/petalwhim.com\/#\/schema\/logo\/image\/","url":"https:\/\/petalwhim.com\/wp-content\/uploads\/2024\/05\/cropped-Petal-Whim-Favicon.png","contentUrl":"https:\/\/petalwhim.com\/wp-content\/uploads\/2024\/05\/cropped-Petal-Whim-Favicon.png","width":512,"height":512,"caption":"Petal Whim"},"image":{"@id":"https:\/\/petalwhim.com\/#\/schema\/logo\/image\/"}}]}},"_links":{"self":[{"href":"https:\/\/petalwhim.com\/es\/wp-json\/wp\/v2\/pages\/24","targetHints":{"allow":["GET"]}}],"collection":[{"href":"https:\/\/petalwhim.com\/es\/wp-json\/wp\/v2\/pages"}],"about":[{"href":"https:\/\/petalwhim.com\/es\/wp-json\/wp\/v2\/types\/page"}],"author":[{"embeddable":true,"href":"https:\/\/petalwhim.com\/es\/wp-json\/wp\/v2\/users\/1"}],"replies":[{"embeddable":true,"href":"https:\/\/petalwhim.com\/es\/wp-json\/wp\/v2\/comments?post=24"}],"version-history":[{"count":0,"href":"https:\/\/petalwhim.com\/es\/wp-json\/wp\/v2\/pages\/24\/revisions"}],"wp:attachment":[{"href":"https:\/\/petalwhim.com\/es\/wp-json\/wp\/v2\/media?parent=24"}],"curies":[{"name":"wp","href":"https:\/\/api.w.org\/{rel}","templated":true}]}}