{"id":384,"date":"2024-04-29T01:31:49","date_gmt":"2024-04-29T01:31:49","guid":{"rendered":"https:\/\/petalwhim.com\/p\/rose-bear-mothers-day\/"},"modified":"2025-07-25T05:16:00","modified_gmt":"2025-07-25T05:16:00","slug":"rosenbar-muttertag","status":"publish","type":"product","link":"https:\/\/petalwhim.com\/de\/p\/rosenbar-muttertag\/","title":{"rendered":"<span>Rosenb\u00e4r <\/span><span class=\"product-title-custom\">Muttertag<\/span>"},"content":{"rendered":"<h2>Blue Rose Teddy Bear: Das Geschenk, das einen Moment des Gl\u00fccks schenkt!<\/h2> <p>Petal Whim\u2122 pr\u00e4sentiert diesen wundersch\u00f6nen Teddyb\u00e4r aus kleinen blauen Rosen. Diese Zusammenstellung von kleinen Rosen ergibt einen wundersch\u00f6nen Teddyb\u00e4ren, der einem Pl\u00fcschtier \u00e4hnelt. Er ist mit einem schwarzen Band um den Hals gestaltet.<\/p> <p>Dieser Teddyb\u00e4r kann zu jeder Gelegenheit verschenkt werden, an Ihre Geliebte oder Ihre Tochter. Dieser Moment der Z\u00e4rtlichkeit und Liebe wird ihren Tag erhellen und Ihre tiefe und sanfte Liebe zeigen.<\/p> <p>Diese Zusammenstellung besteht aus kleinen blauen Rosen, einer Farbe, die an die zarte Seite, die Z\u00e4rtlichkeit der Liebe erinnert.<\/p>","protected":false},"excerpt":{"rendered":"<ul> <li><strong>Teddy komponiert<\/strong> aus 550 ewigen Rosen und einem schwarzen Satinband<\/li> <li>Gr\u00f6\u00dfe des Teddys: 40 cm<\/li> <li>Handgefertigt in unserer Werkstatt<\/li> <\/ul>","protected":false},"featured_media":383,"template":"","meta":[],"product_brand":[],"product_cat":[15,32],"product_tag":[],"class_list":{"0":"post-384","1":"product","2":"type-product","3":"status-publish","4":"has-post-thumbnail","6":"product_cat-all-products","7":"product_cat-flower-bear","9":"first","10":"instock","11":"shipping-taxable","12":"purchasable","13":"product-type-simple"},"yoast_head":"<!-- This site is optimized with the Yoast SEO plugin v25.9 - https:\/\/yoast.com\/wordpress\/plugins\/seo\/ -->\n<title>Rose Bear Mother&#039;s Day | Deutschland Florist<\/title>\n<meta name=\"description\" content=\"Celebrate everlasting love with our Rose Bear Mother&#039;s Day .\ud83c\udf39Symbolize your endless affection. Shop now and get a free...\" \/>\n<meta name=\"robots\" content=\"index, follow, max-snippet:-1, max-image-preview:large, max-video-preview:-1\" \/>\n<link rel=\"canonical\" href=\"https:\/\/petalwhim.com\/de\/p\/rosenbar-muttertag\/\" \/>\n<meta property=\"og:locale\" content=\"de_DE\" \/>\n<meta property=\"og:type\" content=\"article\" \/>\n<meta property=\"og:title\" content=\"Rose Bear Mother&#039;s Day | Deutschland Florist\" \/>\n<meta property=\"og:description\" content=\"Celebrate everlasting love with our Rose Bear Mother&#039;s Day .\ud83c\udf39Symbolize your endless affection. Shop now and get a free...\" \/>\n<meta property=\"og:url\" content=\"https:\/\/petalwhim.com\/de\/p\/rosenbar-muttertag\/\" \/>\n<meta property=\"og:site_name\" content=\"Petal Whim\u2122\" \/>\n<meta property=\"article:modified_time\" content=\"2025-07-25T05:16:00+00:00\" \/>\n<meta property=\"og:image\" content=\"https:\/\/petalwhim.com\/wp-content\/uploads\/2024\/04\/ours-en-rose-fleur_600x_e19370b4-88e6-4f65-a5fb-8395efe1d3ca_2000x.jpg\" \/>\n\t<meta property=\"og:image:width\" content=\"600\" \/>\n\t<meta property=\"og:image:height\" content=\"600\" \/>\n\t<meta property=\"og:image:type\" content=\"image\/jpeg\" \/>\n<meta name=\"twitter:card\" content=\"summary_large_image\" \/>\n<meta name=\"twitter:label1\" content=\"Gesch\u00e4tzte Lesezeit\" \/>\n\t<meta name=\"twitter:data1\" content=\"1\u00a0Minute\" \/>\n<script type=\"application\/ld+json\" class=\"yoast-schema-graph\">{\"@context\":\"https:\/\/schema.org\",\"@graph\":[{\"@type\":\"WebPage\",\"@id\":\"https:\/\/petalwhim.com\/p\/rose-bear-mothers-day\/\",\"url\":\"https:\/\/petalwhim.com\/p\/rose-bear-mothers-day\/\",\"name\":\"Rose Bear Mother's Day | Deutschland Florist\",\"isPartOf\":{\"@id\":\"https:\/\/petalwhim.com\/#website\"},\"primaryImageOfPage\":{\"@id\":\"https:\/\/petalwhim.com\/p\/rose-bear-mothers-day\/#primaryimage\"},\"image\":{\"@id\":\"https:\/\/petalwhim.com\/p\/rose-bear-mothers-day\/#primaryimage\"},\"thumbnailUrl\":\"https:\/\/petalwhim.com\/wp-content\/uploads\/2024\/04\/ours-en-rose-fleur_600x_e19370b4-88e6-4f65-a5fb-8395efe1d3ca_2000x.jpg\",\"datePublished\":\"2024-04-29T01:31:49+00:00\",\"dateModified\":\"2025-07-25T05:16:00+00:00\",\"description\":\"Celebrate everlasting love with our Rose Bear Mother's Day .\ud83c\udf39Symbolize your endless affection. Shop now and get a free...\",\"breadcrumb\":{\"@id\":\"https:\/\/petalwhim.com\/p\/rose-bear-mothers-day\/#breadcrumb\"},\"inLanguage\":\"de\",\"potentialAction\":[{\"@type\":\"ReadAction\",\"target\":[\"https:\/\/petalwhim.com\/p\/rose-bear-mothers-day\/\"]}]},{\"@type\":\"ImageObject\",\"inLanguage\":\"de\",\"@id\":\"https:\/\/petalwhim.com\/p\/rose-bear-mothers-day\/#primaryimage\",\"url\":\"https:\/\/petalwhim.com\/wp-content\/uploads\/2024\/04\/ours-en-rose-fleur_600x_e19370b4-88e6-4f65-a5fb-8395efe1d3ca_2000x.jpg\",\"contentUrl\":\"https:\/\/petalwhim.com\/wp-content\/uploads\/2024\/04\/ours-en-rose-fleur_600x_e19370b4-88e6-4f65-a5fb-8395efe1d3ca_2000x.jpg\",\"width\":600,\"height\":600,\"caption\":\"Rose Bear Mother's Day\"},{\"@type\":\"BreadcrumbList\",\"@id\":\"https:\/\/petalwhim.com\/p\/rose-bear-mothers-day\/#breadcrumb\",\"itemListElement\":[{\"@type\":\"ListItem\",\"position\":1,\"name\":\"Home\",\"item\":\"https:\/\/petalwhim.com\/\"},{\"@type\":\"ListItem\",\"position\":2,\"name\":\"Shop\",\"item\":\"https:\/\/petalwhim.com\/shop\/\"},{\"@type\":\"ListItem\",\"position\":3,\"name\":\"Rose Bear Mother&#8217;s Day\"}]},{\"@type\":\"WebSite\",\"@id\":\"https:\/\/petalwhim.com\/#website\",\"url\":\"https:\/\/petalwhim.com\/\",\"name\":\"Petal Whim\u2122\",\"description\":\"Rose in Glass\",\"publisher\":{\"@id\":\"https:\/\/petalwhim.com\/#organization\"},\"potentialAction\":[{\"@type\":\"SearchAction\",\"target\":{\"@type\":\"EntryPoint\",\"urlTemplate\":\"https:\/\/petalwhim.com\/?s={search_term_string}\"},\"query-input\":{\"@type\":\"PropertyValueSpecification\",\"valueRequired\":true,\"valueName\":\"search_term_string\"}}],\"inLanguage\":\"de\"},{\"@type\":\"Organization\",\"@id\":\"https:\/\/petalwhim.com\/#organization\",\"name\":\"Petal Whim\",\"alternateName\":\"Rose in Glass\",\"url\":\"https:\/\/petalwhim.com\/\",\"logo\":{\"@type\":\"ImageObject\",\"inLanguage\":\"de\",\"@id\":\"https:\/\/petalwhim.com\/#\/schema\/logo\/image\/\",\"url\":\"https:\/\/petalwhim.com\/wp-content\/uploads\/2024\/05\/cropped-Petal-Whim-Favicon.png\",\"contentUrl\":\"https:\/\/petalwhim.com\/wp-content\/uploads\/2024\/05\/cropped-Petal-Whim-Favicon.png\",\"width\":512,\"height\":512,\"caption\":\"Petal Whim\"},\"image\":{\"@id\":\"https:\/\/petalwhim.com\/#\/schema\/logo\/image\/\"}}]}<\/script>\n<!-- \/ Yoast SEO plugin. -->","yoast_head_json":{"title":"Rosenb\u00e4r Muttertag | Deutschland Florist","description":"Feiern Sie die ewige Liebe mit unserem Rosenb\u00e4r Muttertag.\ud83c\udf39Symbolisieren Sie Ihre endlose Zuneigung. Kaufen Sie jetzt und erhalten Sie eine...","robots":{"index":"index","follow":"follow","max-snippet":"max-snippet:-1","max-image-preview":"max-image-preview:large","max-video-preview":"max-video-preview:-1"},"canonical":"https:\/\/petalwhim.com\/de\/p\/rosenbar-muttertag\/","og_locale":"de_DE","og_type":"article","og_title":"Rose Bear Mother's Day | Deutschland Florist","og_description":"Celebrate everlasting love with our Rose Bear Mother's Day .\ud83c\udf39Symbolize your endless affection. Shop now and get a free...","og_url":"https:\/\/petalwhim.com\/de\/p\/rosenbar-muttertag\/","og_site_name":"Petal Whim\u2122","article_modified_time":"2025-07-25T05:16:00+00:00","og_image":[{"width":600,"height":600,"url":"https:\/\/petalwhim.com\/wp-content\/uploads\/2024\/04\/ours-en-rose-fleur_600x_e19370b4-88e6-4f65-a5fb-8395efe1d3ca_2000x.jpg","type":"image\/jpeg"}],"twitter_card":"summary_large_image","twitter_misc":{"Gesch\u00e4tzte Lesezeit":"1\u00a0Minute"},"schema":{"@context":"https:\/\/schema.org","@graph":[{"@type":"WebPage","@id":"https:\/\/petalwhim.com\/p\/rose-bear-mothers-day\/","url":"https:\/\/petalwhim.com\/p\/rose-bear-mothers-day\/","name":"Rosenb\u00e4r Muttertag | Deutschland Florist","isPartOf":{"@id":"https:\/\/petalwhim.com\/#website"},"primaryImageOfPage":{"@id":"https:\/\/petalwhim.com\/p\/rose-bear-mothers-day\/#primaryimage"},"image":{"@id":"https:\/\/petalwhim.com\/p\/rose-bear-mothers-day\/#primaryimage"},"thumbnailUrl":"https:\/\/petalwhim.com\/wp-content\/uploads\/2024\/04\/ours-en-rose-fleur_600x_e19370b4-88e6-4f65-a5fb-8395efe1d3ca_2000x.jpg","datePublished":"2024-04-29T01:31:49+00:00","dateModified":"2025-07-25T05:16:00+00:00","description":"Feiern Sie die ewige Liebe mit unserem Rosenb\u00e4r Muttertag.\ud83c\udf39Symbolisieren Sie Ihre endlose Zuneigung. Kaufen Sie jetzt und erhalten Sie eine...","breadcrumb":{"@id":"https:\/\/petalwhim.com\/p\/rose-bear-mothers-day\/#breadcrumb"},"inLanguage":"de","potentialAction":[{"@type":"ReadAction","target":["https:\/\/petalwhim.com\/p\/rose-bear-mothers-day\/"]}]},{"@type":"ImageObject","inLanguage":"de","@id":"https:\/\/petalwhim.com\/p\/rose-bear-mothers-day\/#primaryimage","url":"https:\/\/petalwhim.com\/wp-content\/uploads\/2024\/04\/ours-en-rose-fleur_600x_e19370b4-88e6-4f65-a5fb-8395efe1d3ca_2000x.jpg","contentUrl":"https:\/\/petalwhim.com\/wp-content\/uploads\/2024\/04\/ours-en-rose-fleur_600x_e19370b4-88e6-4f65-a5fb-8395efe1d3ca_2000x.jpg","width":600,"height":600,"caption":"Rose Bear Mother's Day"},{"@type":"BreadcrumbList","@id":"https:\/\/petalwhim.com\/p\/rose-bear-mothers-day\/#breadcrumb","itemListElement":[{"@type":"ListItem","position":1,"name":"Home","item":"https:\/\/petalwhim.com\/"},{"@type":"ListItem","position":2,"name":"Shop","item":"https:\/\/petalwhim.com\/shop\/"},{"@type":"ListItem","position":3,"name":"Rose Bear Mother&#8217;s Day"}]},{"@type":"WebSite","@id":"https:\/\/petalwhim.com\/#website","url":"https:\/\/petalwhim.com\/","name":"Petal Whim\u2122","description":"Rose im Glas","publisher":{"@id":"https:\/\/petalwhim.com\/#organization"},"potentialAction":[{"@type":"SearchAction","target":{"@type":"EntryPoint","urlTemplate":"https:\/\/petalwhim.com\/?s={search_term_string}"},"query-input":{"@type":"PropertyValueSpecification","valueRequired":true,"valueName":"search_term_string"}}],"inLanguage":"de"},{"@type":"Organization","@id":"https:\/\/petalwhim.com\/#organization","name":"Blumenlaune","alternateName":"Rose in Glass","url":"https:\/\/petalwhim.com\/","logo":{"@type":"ImageObject","inLanguage":"de","@id":"https:\/\/petalwhim.com\/#\/schema\/logo\/image\/","url":"https:\/\/petalwhim.com\/wp-content\/uploads\/2024\/05\/cropped-Petal-Whim-Favicon.png","contentUrl":"https:\/\/petalwhim.com\/wp-content\/uploads\/2024\/05\/cropped-Petal-Whim-Favicon.png","width":512,"height":512,"caption":"Petal Whim"},"image":{"@id":"https:\/\/petalwhim.com\/#\/schema\/logo\/image\/"}}]}},"_links":{"self":[{"href":"https:\/\/petalwhim.com\/de\/wp-json\/wp\/v2\/product\/384","targetHints":{"allow":["GET"]}}],"collection":[{"href":"https:\/\/petalwhim.com\/de\/wp-json\/wp\/v2\/product"}],"about":[{"href":"https:\/\/petalwhim.com\/de\/wp-json\/wp\/v2\/types\/product"}],"wp:featuredmedia":[{"embeddable":true,"href":"https:\/\/petalwhim.com\/de\/wp-json\/wp\/v2\/media\/383"}],"wp:attachment":[{"href":"https:\/\/petalwhim.com\/de\/wp-json\/wp\/v2\/media?parent=384"}],"wp:term":[{"taxonomy":"product_brand","embeddable":true,"href":"https:\/\/petalwhim.com\/de\/wp-json\/wp\/v2\/product_brand?post=384"},{"taxonomy":"product_cat","embeddable":true,"href":"https:\/\/petalwhim.com\/de\/wp-json\/wp\/v2\/product_cat?post=384"},{"taxonomy":"product_tag","embeddable":true,"href":"https:\/\/petalwhim.com\/de\/wp-json\/wp\/v2\/product_tag?post=384"}],"curies":[{"name":"wp","href":"https:\/\/api.w.org\/{rel}","templated":true}]}}