{"id":191,"date":"2024-04-19T05:00:50","date_gmt":"2024-04-19T05:00:50","guid":{"rendered":"https:\/\/petalwhim.com\/p\/beauty-and-the-beast-eternal-rose\/"},"modified":"2025-07-25T05:16:03","modified_gmt":"2025-07-25T05:16:03","slug":"die-schone-und-das-biest-ewige-rose","status":"publish","type":"product","link":"https:\/\/petalwhim.com\/de\/p\/die-schone-und-das-biest-ewige-rose\/","title":{"rendered":"<span>Ewige Rose <\/span><span class=\"product-title-custom\">Die Sch\u00f6ne und das Biest<\/span>"},"content":{"rendered":"<h2>Eine ewige Rose als Symbol f\u00fcr ewige Liebe und starke Emotionen, genau wie in der Geschichte von der Sch\u00f6nen und dem Biest.<\/h2><p>Dieses Produkt hat ein lila <strong>ewige Rose<\/strong>Mit h\u00fcbschen Bl\u00e4ttern und einem goldfarbenen Stiel sowie einer feinen Lichtgirlande, die Weichheit und W\u00e4rme in Ihr Zuhause bringt. Das Ganze ist mit einer <strong>Dickglasglocke<\/strong> und seinem schwarzen Sockel.<br><br>Die ewige Rose ist eine <strong>Unsterbliche Blume<\/strong> .  Diese magische, leuchtende Rose braucht keine besondere Pflege. Auf dem Nachttisch oder im Wohnzimmer platziert, wird die Unsterblichkeit dieser ewigen Rose hervorrufen <strong>Erinnerungen und alle Arten von Emotionen f\u00fcr Sie jeden Tag. <\/strong> <br><br>Sie k\u00f6nnen diese sch\u00f6ne Rose unter einer Cloche anbieten, f\u00fcr <strong>besondere Anl\u00e4sse<\/strong> wie dem Valentinstag, einem Jahrestag oder einfach, um die Liebe auszudr\u00fccken.  <\/p>","protected":false},"excerpt":{"rendered":"Eine ewige Rose, die ewige Liebe und starke Emotionen symbolisiert, genau wie die Geschichte von der Sch\u00f6nen und dem Biest... Dieses Produkt verf\u00fcgt \u00fcber eine lila ewige Rose, h\u00fcbsche Bl\u00e4tter und einen goldfarbenen Stiel sowie eine feine Lichtgirlande, die Weichheit und W\u00e4rme in Ihr Zuhause bringt. Das Ganze wird von einer dicken Glasglocke bedeckt [...]","protected":false},"featured_media":190,"template":"","meta":[],"product_brand":[],"product_cat":[15,36],"product_tag":[33],"class_list":{"0":"post-191","1":"product","2":"type-product","3":"status-publish","4":"has-post-thumbnail","6":"product_cat-all-products","7":"product_cat-best-sellers","8":"product_tag-rose-in-glass-dome","10":"first","11":"instock","12":"shipping-taxable","13":"purchasable","14":"product-type-simple"},"yoast_head":"<!-- This site is optimized with the Yoast SEO plugin v25.9 - https:\/\/yoast.com\/wordpress\/plugins\/seo\/ -->\n<title>Eternal Rose Beauty and the Beast | Deutschland Florist<\/title>\n<meta name=\"description\" content=\"Celebrate everlasting love with our Eternal Rose Beauty and the Beast .\ud83c\udf39Symbolize your endless affection. Shop now and get a free...\" \/>\n<meta name=\"robots\" content=\"index, follow, max-snippet:-1, max-image-preview:large, max-video-preview:-1\" \/>\n<link rel=\"canonical\" href=\"https:\/\/petalwhim.com\/de\/p\/die-schone-und-das-biest-ewige-rose\/\" \/>\n<meta property=\"og:locale\" content=\"de_DE\" \/>\n<meta property=\"og:type\" content=\"article\" \/>\n<meta property=\"og:title\" content=\"Eternal Rose Beauty and the Beast | Deutschland Florist\" \/>\n<meta property=\"og:description\" content=\"Celebrate everlasting love with our Eternal Rose Beauty and the Beast .\ud83c\udf39Symbolize your endless affection. Shop now and get a free...\" \/>\n<meta property=\"og:url\" content=\"https:\/\/petalwhim.com\/de\/p\/die-schone-und-das-biest-ewige-rose\/\" \/>\n<meta property=\"og:site_name\" content=\"Petal Whim\u2122\" \/>\n<meta property=\"article:modified_time\" content=\"2025-07-25T05:16:03+00:00\" \/>\n<meta property=\"og:image\" content=\"https:\/\/petalwhim.com\/wp-content\/uploads\/2024\/04\/product-image-1562975868.jpg\" \/>\n\t<meta property=\"og:image:width\" content=\"640\" \/>\n\t<meta property=\"og:image:height\" content=\"640\" \/>\n\t<meta property=\"og:image:type\" content=\"image\/jpeg\" \/>\n<meta name=\"twitter:card\" content=\"summary_large_image\" \/>\n<meta name=\"twitter:label1\" content=\"Gesch\u00e4tzte Lesezeit\" \/>\n\t<meta name=\"twitter:data1\" content=\"1\u00a0Minute\" \/>\n<script type=\"application\/ld+json\" class=\"yoast-schema-graph\">{\"@context\":\"https:\/\/schema.org\",\"@graph\":[{\"@type\":\"WebPage\",\"@id\":\"https:\/\/petalwhim.com\/p\/beauty-and-the-beast-eternal-rose\/\",\"url\":\"https:\/\/petalwhim.com\/p\/beauty-and-the-beast-eternal-rose\/\",\"name\":\"Eternal Rose Beauty and the Beast | Deutschland Florist\",\"isPartOf\":{\"@id\":\"https:\/\/petalwhim.com\/#website\"},\"primaryImageOfPage\":{\"@id\":\"https:\/\/petalwhim.com\/p\/beauty-and-the-beast-eternal-rose\/#primaryimage\"},\"image\":{\"@id\":\"https:\/\/petalwhim.com\/p\/beauty-and-the-beast-eternal-rose\/#primaryimage\"},\"thumbnailUrl\":\"https:\/\/petalwhim.com\/wp-content\/uploads\/2024\/04\/product-image-1562975868.jpg\",\"datePublished\":\"2024-04-19T05:00:50+00:00\",\"dateModified\":\"2025-07-25T05:16:03+00:00\",\"description\":\"Celebrate everlasting love with our Eternal Rose Beauty and the Beast .\ud83c\udf39Symbolize your endless affection. Shop now and get a free...\",\"breadcrumb\":{\"@id\":\"https:\/\/petalwhim.com\/p\/beauty-and-the-beast-eternal-rose\/#breadcrumb\"},\"inLanguage\":\"de\",\"potentialAction\":[{\"@type\":\"ReadAction\",\"target\":[\"https:\/\/petalwhim.com\/p\/beauty-and-the-beast-eternal-rose\/\"]}]},{\"@type\":\"ImageObject\",\"inLanguage\":\"de\",\"@id\":\"https:\/\/petalwhim.com\/p\/beauty-and-the-beast-eternal-rose\/#primaryimage\",\"url\":\"https:\/\/petalwhim.com\/wp-content\/uploads\/2024\/04\/product-image-1562975868.jpg\",\"contentUrl\":\"https:\/\/petalwhim.com\/wp-content\/uploads\/2024\/04\/product-image-1562975868.jpg\",\"width\":640,\"height\":640,\"caption\":\"Eternal Rose Beauty and the Beast\"},{\"@type\":\"BreadcrumbList\",\"@id\":\"https:\/\/petalwhim.com\/p\/beauty-and-the-beast-eternal-rose\/#breadcrumb\",\"itemListElement\":[{\"@type\":\"ListItem\",\"position\":1,\"name\":\"Home\",\"item\":\"https:\/\/petalwhim.com\/\"},{\"@type\":\"ListItem\",\"position\":2,\"name\":\"Shop\",\"item\":\"https:\/\/petalwhim.com\/shop\/\"},{\"@type\":\"ListItem\",\"position\":3,\"name\":\"Eternal Rose Beauty and the Beast\"}]},{\"@type\":\"WebSite\",\"@id\":\"https:\/\/petalwhim.com\/#website\",\"url\":\"https:\/\/petalwhim.com\/\",\"name\":\"Petal Whim\u2122\",\"description\":\"Rose in Glass\",\"publisher\":{\"@id\":\"https:\/\/petalwhim.com\/#organization\"},\"potentialAction\":[{\"@type\":\"SearchAction\",\"target\":{\"@type\":\"EntryPoint\",\"urlTemplate\":\"https:\/\/petalwhim.com\/?s={search_term_string}\"},\"query-input\":{\"@type\":\"PropertyValueSpecification\",\"valueRequired\":true,\"valueName\":\"search_term_string\"}}],\"inLanguage\":\"de\"},{\"@type\":\"Organization\",\"@id\":\"https:\/\/petalwhim.com\/#organization\",\"name\":\"Petal Whim\",\"alternateName\":\"Rose in Glass\",\"url\":\"https:\/\/petalwhim.com\/\",\"logo\":{\"@type\":\"ImageObject\",\"inLanguage\":\"de\",\"@id\":\"https:\/\/petalwhim.com\/#\/schema\/logo\/image\/\",\"url\":\"https:\/\/petalwhim.com\/wp-content\/uploads\/2024\/05\/cropped-Petal-Whim-Favicon.png\",\"contentUrl\":\"https:\/\/petalwhim.com\/wp-content\/uploads\/2024\/05\/cropped-Petal-Whim-Favicon.png\",\"width\":512,\"height\":512,\"caption\":\"Petal Whim\"},\"image\":{\"@id\":\"https:\/\/petalwhim.com\/#\/schema\/logo\/image\/\"}}]}<\/script>\n<!-- \/ Yoast SEO plugin. -->","yoast_head_json":{"title":"Ewige Rose Sch\u00f6ne und das Biest | Deutschland Florist","description":"Feiern Sie die ewige Liebe mit unserer Eternal Rose Beauty and the Beast \ud83c\udf39Symbolisieren Sie Ihre endlose Zuneigung. Kaufen Sie jetzt und erhalten Sie eine...","robots":{"index":"index","follow":"follow","max-snippet":"max-snippet:-1","max-image-preview":"max-image-preview:large","max-video-preview":"max-video-preview:-1"},"canonical":"https:\/\/petalwhim.com\/de\/p\/die-schone-und-das-biest-ewige-rose\/","og_locale":"de_DE","og_type":"article","og_title":"Eternal Rose Beauty and the Beast | Deutschland Florist","og_description":"Celebrate everlasting love with our Eternal Rose Beauty and the Beast .\ud83c\udf39Symbolize your endless affection. Shop now and get a free...","og_url":"https:\/\/petalwhim.com\/de\/p\/die-schone-und-das-biest-ewige-rose\/","og_site_name":"Petal Whim\u2122","article_modified_time":"2025-07-25T05:16:03+00:00","og_image":[{"width":640,"height":640,"url":"https:\/\/petalwhim.com\/wp-content\/uploads\/2024\/04\/product-image-1562975868.jpg","type":"image\/jpeg"}],"twitter_card":"summary_large_image","twitter_misc":{"Gesch\u00e4tzte Lesezeit":"1\u00a0Minute"},"schema":{"@context":"https:\/\/schema.org","@graph":[{"@type":"WebPage","@id":"https:\/\/petalwhim.com\/p\/beauty-and-the-beast-eternal-rose\/","url":"https:\/\/petalwhim.com\/p\/beauty-and-the-beast-eternal-rose\/","name":"Ewige Rose Sch\u00f6ne und das Biest | Deutschland Florist","isPartOf":{"@id":"https:\/\/petalwhim.com\/#website"},"primaryImageOfPage":{"@id":"https:\/\/petalwhim.com\/p\/beauty-and-the-beast-eternal-rose\/#primaryimage"},"image":{"@id":"https:\/\/petalwhim.com\/p\/beauty-and-the-beast-eternal-rose\/#primaryimage"},"thumbnailUrl":"https:\/\/petalwhim.com\/wp-content\/uploads\/2024\/04\/product-image-1562975868.jpg","datePublished":"2024-04-19T05:00:50+00:00","dateModified":"2025-07-25T05:16:03+00:00","description":"Feiern Sie die ewige Liebe mit unserer Eternal Rose Beauty and the Beast \ud83c\udf39Symbolisieren Sie Ihre endlose Zuneigung. Kaufen Sie jetzt und erhalten Sie eine...","breadcrumb":{"@id":"https:\/\/petalwhim.com\/p\/beauty-and-the-beast-eternal-rose\/#breadcrumb"},"inLanguage":"de","potentialAction":[{"@type":"ReadAction","target":["https:\/\/petalwhim.com\/p\/beauty-and-the-beast-eternal-rose\/"]}]},{"@type":"ImageObject","inLanguage":"de","@id":"https:\/\/petalwhim.com\/p\/beauty-and-the-beast-eternal-rose\/#primaryimage","url":"https:\/\/petalwhim.com\/wp-content\/uploads\/2024\/04\/product-image-1562975868.jpg","contentUrl":"https:\/\/petalwhim.com\/wp-content\/uploads\/2024\/04\/product-image-1562975868.jpg","width":640,"height":640,"caption":"Eternal Rose Beauty and the Beast"},{"@type":"BreadcrumbList","@id":"https:\/\/petalwhim.com\/p\/beauty-and-the-beast-eternal-rose\/#breadcrumb","itemListElement":[{"@type":"ListItem","position":1,"name":"Home","item":"https:\/\/petalwhim.com\/"},{"@type":"ListItem","position":2,"name":"Shop","item":"https:\/\/petalwhim.com\/shop\/"},{"@type":"ListItem","position":3,"name":"Eternal Rose Beauty and the Beast"}]},{"@type":"WebSite","@id":"https:\/\/petalwhim.com\/#website","url":"https:\/\/petalwhim.com\/","name":"Petal Whim\u2122","description":"Rose im Glas","publisher":{"@id":"https:\/\/petalwhim.com\/#organization"},"potentialAction":[{"@type":"SearchAction","target":{"@type":"EntryPoint","urlTemplate":"https:\/\/petalwhim.com\/?s={search_term_string}"},"query-input":{"@type":"PropertyValueSpecification","valueRequired":true,"valueName":"search_term_string"}}],"inLanguage":"de"},{"@type":"Organization","@id":"https:\/\/petalwhim.com\/#organization","name":"Blumenlaune","alternateName":"Rose in Glass","url":"https:\/\/petalwhim.com\/","logo":{"@type":"ImageObject","inLanguage":"de","@id":"https:\/\/petalwhim.com\/#\/schema\/logo\/image\/","url":"https:\/\/petalwhim.com\/wp-content\/uploads\/2024\/05\/cropped-Petal-Whim-Favicon.png","contentUrl":"https:\/\/petalwhim.com\/wp-content\/uploads\/2024\/05\/cropped-Petal-Whim-Favicon.png","width":512,"height":512,"caption":"Petal Whim"},"image":{"@id":"https:\/\/petalwhim.com\/#\/schema\/logo\/image\/"}}]}},"_links":{"self":[{"href":"https:\/\/petalwhim.com\/de\/wp-json\/wp\/v2\/product\/191","targetHints":{"allow":["GET"]}}],"collection":[{"href":"https:\/\/petalwhim.com\/de\/wp-json\/wp\/v2\/product"}],"about":[{"href":"https:\/\/petalwhim.com\/de\/wp-json\/wp\/v2\/types\/product"}],"wp:featuredmedia":[{"embeddable":true,"href":"https:\/\/petalwhim.com\/de\/wp-json\/wp\/v2\/media\/190"}],"wp:attachment":[{"href":"https:\/\/petalwhim.com\/de\/wp-json\/wp\/v2\/media?parent=191"}],"wp:term":[{"taxonomy":"product_brand","embeddable":true,"href":"https:\/\/petalwhim.com\/de\/wp-json\/wp\/v2\/product_brand?post=191"},{"taxonomy":"product_cat","embeddable":true,"href":"https:\/\/petalwhim.com\/de\/wp-json\/wp\/v2\/product_cat?post=191"},{"taxonomy":"product_tag","embeddable":true,"href":"https:\/\/petalwhim.com\/de\/wp-json\/wp\/v2\/product_tag?post=191"}],"curies":[{"name":"wp","href":"https:\/\/api.w.org\/{rel}","templated":true}]}}