{"id":107,"date":"2024-04-19T04:57:36","date_gmt":"2024-04-19T04:57:36","guid":{"rendered":"https:\/\/petalwhim.com\/p\/small-eternal-green-rose-under-glass-dome\/"},"modified":"2025-07-25T05:16:05","modified_gmt":"2025-07-25T05:16:05","slug":"kleine-ewige-grune-rose-unter-glaskuppel","status":"publish","type":"product","link":"https:\/\/petalwhim.com\/de\/p\/kleine-ewige-grune-rose-unter-glaskuppel\/","title":{"rendered":"<span>Kleine Ewige Rose <\/span><span class=\"product-title-custom\">Gr\u00fcn unter Glaskuppel<\/span>"},"content":{"rendered":"<h2>M\u00f6chten Sie der Person, die Ihr Leben teilt, eine Blume schenken?<\/h2><p>In diesem Fall sollten Sie sich von Petal Whim\u2122 leiten lassen. Es bietet Ihnen in der Tat eine kleine <strong>ewige Rose<\/strong> gr\u00fcn unter einer Glocke. Auf letzterem befindet sich ein h\u00fcbsches kleines Herz, das Sie in seinen Bann ziehen wird. <\/p><p>Diese Pflanze hat eine gr\u00fcne Farbe. Durch diese Farbe begreifen wir eine gro\u00dfe Bedeutung, die <strong>Liebe<\/strong> dreht sich alles um die Natur.  <\/p><p>Diese Rose ist eine pr\u00e4chtige <strong>Geschenk<\/strong> zum Verschenken an Ihre\/n Liebste\/n oder an ein junges Paar, das gerade geheiratet hat und die wahre Liebe schmecken kann. <\/p>","protected":false},"excerpt":{"rendered":"M\u00f6chten Sie der Person, die Ihr Leben teilt, eine Blume schenken? Dann lassen Sie sich von der Petal Whim\u2122 leiten. In der Tat, es bietet Ihnen eine kleine ewige Rose gr\u00fcn unter einer Glocke. Auf letzterem befindet sich ein h\u00fcbsches kleines Herz, das Sie in seinen Bann ziehen wird. Diese Pflanze ist gr\u00fcn in [...]","protected":false},"featured_media":106,"template":"","meta":[],"product_brand":[],"product_cat":[15,36,35],"product_tag":[34],"class_list":{"0":"post-107","1":"product","2":"type-product","3":"status-publish","4":"has-post-thumbnail","6":"product_cat-all-products","7":"product_cat-best-sellers","8":"product_cat-small-forever-rose","9":"product_tag-small-rose-in-glass","11":"first","12":"instock","13":"shipping-taxable","14":"purchasable","15":"product-type-simple"},"yoast_head":"<!-- This site is optimized with the Yoast SEO plugin v25.9 - https:\/\/yoast.com\/wordpress\/plugins\/seo\/ -->\n<title>Small Eternal Rose Green under Glass Dome | Deutschland Florist<\/title>\n<meta name=\"description\" content=\"Celebrate everlasting love with our Small Eternal Rose Green under Glass Dome .\ud83c\udf39Symbolize your endless affection. Shop now and get a free...\" \/>\n<meta name=\"robots\" content=\"index, follow, max-snippet:-1, max-image-preview:large, max-video-preview:-1\" \/>\n<link rel=\"canonical\" href=\"https:\/\/petalwhim.com\/de\/p\/kleine-ewige-grune-rose-unter-glaskuppel\/\" \/>\n<meta property=\"og:locale\" content=\"de_DE\" \/>\n<meta property=\"og:type\" content=\"article\" \/>\n<meta property=\"og:title\" content=\"Small Eternal Rose Green under Glass Dome | Deutschland Florist\" \/>\n<meta property=\"og:description\" content=\"Celebrate everlasting love with our Small Eternal Rose Green under Glass Dome .\ud83c\udf39Symbolize your endless affection. Shop now and get a free...\" \/>\n<meta property=\"og:url\" content=\"https:\/\/petalwhim.com\/de\/p\/kleine-ewige-grune-rose-unter-glaskuppel\/\" \/>\n<meta property=\"og:site_name\" content=\"Petal Whim\u2122\" \/>\n<meta property=\"article:modified_time\" content=\"2025-07-25T05:16:05+00:00\" \/>\n<meta property=\"og:image\" content=\"https:\/\/petalwhim.com\/wp-content\/uploads\/2024\/04\/product-image-1594224946.jpg\" \/>\n\t<meta property=\"og:image:width\" content=\"640\" \/>\n\t<meta property=\"og:image:height\" content=\"640\" \/>\n\t<meta property=\"og:image:type\" content=\"image\/jpeg\" \/>\n<meta name=\"twitter:card\" content=\"summary_large_image\" \/>\n<script type=\"application\/ld+json\" class=\"yoast-schema-graph\">{\"@context\":\"https:\/\/schema.org\",\"@graph\":[{\"@type\":\"WebPage\",\"@id\":\"https:\/\/petalwhim.com\/p\/small-eternal-green-rose-under-glass-dome\/\",\"url\":\"https:\/\/petalwhim.com\/p\/small-eternal-green-rose-under-glass-dome\/\",\"name\":\"Small Eternal Rose Green under Glass Dome | Deutschland Florist\",\"isPartOf\":{\"@id\":\"https:\/\/petalwhim.com\/#website\"},\"primaryImageOfPage\":{\"@id\":\"https:\/\/petalwhim.com\/p\/small-eternal-green-rose-under-glass-dome\/#primaryimage\"},\"image\":{\"@id\":\"https:\/\/petalwhim.com\/p\/small-eternal-green-rose-under-glass-dome\/#primaryimage\"},\"thumbnailUrl\":\"https:\/\/petalwhim.com\/wp-content\/uploads\/2024\/04\/product-image-1594224946.jpg\",\"datePublished\":\"2024-04-19T04:57:36+00:00\",\"dateModified\":\"2025-07-25T05:16:05+00:00\",\"description\":\"Celebrate everlasting love with our Small Eternal Rose Green under Glass Dome .\ud83c\udf39Symbolize your endless affection. Shop now and get a free...\",\"breadcrumb\":{\"@id\":\"https:\/\/petalwhim.com\/p\/small-eternal-green-rose-under-glass-dome\/#breadcrumb\"},\"inLanguage\":\"de\",\"potentialAction\":[{\"@type\":\"ReadAction\",\"target\":[\"https:\/\/petalwhim.com\/p\/small-eternal-green-rose-under-glass-dome\/\"]}]},{\"@type\":\"ImageObject\",\"inLanguage\":\"de\",\"@id\":\"https:\/\/petalwhim.com\/p\/small-eternal-green-rose-under-glass-dome\/#primaryimage\",\"url\":\"https:\/\/petalwhim.com\/wp-content\/uploads\/2024\/04\/product-image-1594224946.jpg\",\"contentUrl\":\"https:\/\/petalwhim.com\/wp-content\/uploads\/2024\/04\/product-image-1594224946.jpg\",\"width\":640,\"height\":640,\"caption\":\"Small Eternal Rose Green under Glass Dome\"},{\"@type\":\"BreadcrumbList\",\"@id\":\"https:\/\/petalwhim.com\/p\/small-eternal-green-rose-under-glass-dome\/#breadcrumb\",\"itemListElement\":[{\"@type\":\"ListItem\",\"position\":1,\"name\":\"Home\",\"item\":\"https:\/\/petalwhim.com\/\"},{\"@type\":\"ListItem\",\"position\":2,\"name\":\"Shop\",\"item\":\"https:\/\/petalwhim.com\/shop\/\"},{\"@type\":\"ListItem\",\"position\":3,\"name\":\"Small Eternal Rose Green under Glass Dome\"}]},{\"@type\":\"WebSite\",\"@id\":\"https:\/\/petalwhim.com\/#website\",\"url\":\"https:\/\/petalwhim.com\/\",\"name\":\"Petal Whim\u2122\",\"description\":\"Rose in Glass\",\"publisher\":{\"@id\":\"https:\/\/petalwhim.com\/#organization\"},\"potentialAction\":[{\"@type\":\"SearchAction\",\"target\":{\"@type\":\"EntryPoint\",\"urlTemplate\":\"https:\/\/petalwhim.com\/?s={search_term_string}\"},\"query-input\":{\"@type\":\"PropertyValueSpecification\",\"valueRequired\":true,\"valueName\":\"search_term_string\"}}],\"inLanguage\":\"de\"},{\"@type\":\"Organization\",\"@id\":\"https:\/\/petalwhim.com\/#organization\",\"name\":\"Petal Whim\",\"alternateName\":\"Rose in Glass\",\"url\":\"https:\/\/petalwhim.com\/\",\"logo\":{\"@type\":\"ImageObject\",\"inLanguage\":\"de\",\"@id\":\"https:\/\/petalwhim.com\/#\/schema\/logo\/image\/\",\"url\":\"https:\/\/petalwhim.com\/wp-content\/uploads\/2024\/05\/cropped-Petal-Whim-Favicon.png\",\"contentUrl\":\"https:\/\/petalwhim.com\/wp-content\/uploads\/2024\/05\/cropped-Petal-Whim-Favicon.png\",\"width\":512,\"height\":512,\"caption\":\"Petal Whim\"},\"image\":{\"@id\":\"https:\/\/petalwhim.com\/#\/schema\/logo\/image\/\"}}]}<\/script>\n<!-- \/ Yoast SEO plugin. -->","yoast_head_json":{"title":"Kleine Ewige Rose Gr\u00fcn unter Glaskuppel | Deutschland Florist","description":"Feiern Sie die ewige Liebe mit unserer Kleinen Ewigen Rose Gr\u00fcn unter Glaskuppel.\ud83c\udf39Symbolisieren Sie Ihre endlose Zuneigung. Kaufen Sie jetzt und erhalten Sie eine...","robots":{"index":"index","follow":"follow","max-snippet":"max-snippet:-1","max-image-preview":"max-image-preview:large","max-video-preview":"max-video-preview:-1"},"canonical":"https:\/\/petalwhim.com\/de\/p\/kleine-ewige-grune-rose-unter-glaskuppel\/","og_locale":"de_DE","og_type":"article","og_title":"Small Eternal Rose Green under Glass Dome | Deutschland Florist","og_description":"Celebrate everlasting love with our Small Eternal Rose Green under Glass Dome .\ud83c\udf39Symbolize your endless affection. Shop now and get a free...","og_url":"https:\/\/petalwhim.com\/de\/p\/kleine-ewige-grune-rose-unter-glaskuppel\/","og_site_name":"Petal Whim\u2122","article_modified_time":"2025-07-25T05:16:05+00:00","og_image":[{"width":640,"height":640,"url":"https:\/\/petalwhim.com\/wp-content\/uploads\/2024\/04\/product-image-1594224946.jpg","type":"image\/jpeg"}],"twitter_card":"summary_large_image","schema":{"@context":"https:\/\/schema.org","@graph":[{"@type":"WebPage","@id":"https:\/\/petalwhim.com\/p\/small-eternal-green-rose-under-glass-dome\/","url":"https:\/\/petalwhim.com\/p\/small-eternal-green-rose-under-glass-dome\/","name":"Kleine Ewige Rose Gr\u00fcn unter Glaskuppel | Deutschland Florist","isPartOf":{"@id":"https:\/\/petalwhim.com\/#website"},"primaryImageOfPage":{"@id":"https:\/\/petalwhim.com\/p\/small-eternal-green-rose-under-glass-dome\/#primaryimage"},"image":{"@id":"https:\/\/petalwhim.com\/p\/small-eternal-green-rose-under-glass-dome\/#primaryimage"},"thumbnailUrl":"https:\/\/petalwhim.com\/wp-content\/uploads\/2024\/04\/product-image-1594224946.jpg","datePublished":"2024-04-19T04:57:36+00:00","dateModified":"2025-07-25T05:16:05+00:00","description":"Feiern Sie die ewige Liebe mit unserer Kleinen Ewigen Rose Gr\u00fcn unter Glaskuppel.\ud83c\udf39Symbolisieren Sie Ihre endlose Zuneigung. Kaufen Sie jetzt und erhalten Sie eine...","breadcrumb":{"@id":"https:\/\/petalwhim.com\/p\/small-eternal-green-rose-under-glass-dome\/#breadcrumb"},"inLanguage":"de","potentialAction":[{"@type":"ReadAction","target":["https:\/\/petalwhim.com\/p\/small-eternal-green-rose-under-glass-dome\/"]}]},{"@type":"ImageObject","inLanguage":"de","@id":"https:\/\/petalwhim.com\/p\/small-eternal-green-rose-under-glass-dome\/#primaryimage","url":"https:\/\/petalwhim.com\/wp-content\/uploads\/2024\/04\/product-image-1594224946.jpg","contentUrl":"https:\/\/petalwhim.com\/wp-content\/uploads\/2024\/04\/product-image-1594224946.jpg","width":640,"height":640,"caption":"Small Eternal Rose Green under Glass Dome"},{"@type":"BreadcrumbList","@id":"https:\/\/petalwhim.com\/p\/small-eternal-green-rose-under-glass-dome\/#breadcrumb","itemListElement":[{"@type":"ListItem","position":1,"name":"Home","item":"https:\/\/petalwhim.com\/"},{"@type":"ListItem","position":2,"name":"Shop","item":"https:\/\/petalwhim.com\/shop\/"},{"@type":"ListItem","position":3,"name":"Small Eternal Rose Green under Glass Dome"}]},{"@type":"WebSite","@id":"https:\/\/petalwhim.com\/#website","url":"https:\/\/petalwhim.com\/","name":"Petal Whim\u2122","description":"Rose im Glas","publisher":{"@id":"https:\/\/petalwhim.com\/#organization"},"potentialAction":[{"@type":"SearchAction","target":{"@type":"EntryPoint","urlTemplate":"https:\/\/petalwhim.com\/?s={search_term_string}"},"query-input":{"@type":"PropertyValueSpecification","valueRequired":true,"valueName":"search_term_string"}}],"inLanguage":"de"},{"@type":"Organization","@id":"https:\/\/petalwhim.com\/#organization","name":"Blumenlaune","alternateName":"Rose in Glass","url":"https:\/\/petalwhim.com\/","logo":{"@type":"ImageObject","inLanguage":"de","@id":"https:\/\/petalwhim.com\/#\/schema\/logo\/image\/","url":"https:\/\/petalwhim.com\/wp-content\/uploads\/2024\/05\/cropped-Petal-Whim-Favicon.png","contentUrl":"https:\/\/petalwhim.com\/wp-content\/uploads\/2024\/05\/cropped-Petal-Whim-Favicon.png","width":512,"height":512,"caption":"Petal Whim"},"image":{"@id":"https:\/\/petalwhim.com\/#\/schema\/logo\/image\/"}}]}},"_links":{"self":[{"href":"https:\/\/petalwhim.com\/de\/wp-json\/wp\/v2\/product\/107","targetHints":{"allow":["GET"]}}],"collection":[{"href":"https:\/\/petalwhim.com\/de\/wp-json\/wp\/v2\/product"}],"about":[{"href":"https:\/\/petalwhim.com\/de\/wp-json\/wp\/v2\/types\/product"}],"wp:featuredmedia":[{"embeddable":true,"href":"https:\/\/petalwhim.com\/de\/wp-json\/wp\/v2\/media\/106"}],"wp:attachment":[{"href":"https:\/\/petalwhim.com\/de\/wp-json\/wp\/v2\/media?parent=107"}],"wp:term":[{"taxonomy":"product_brand","embeddable":true,"href":"https:\/\/petalwhim.com\/de\/wp-json\/wp\/v2\/product_brand?post=107"},{"taxonomy":"product_cat","embeddable":true,"href":"https:\/\/petalwhim.com\/de\/wp-json\/wp\/v2\/product_cat?post=107"},{"taxonomy":"product_tag","embeddable":true,"href":"https:\/\/petalwhim.com\/de\/wp-json\/wp\/v2\/product_tag?post=107"}],"curies":[{"name":"wp","href":"https:\/\/api.w.org\/{rel}","templated":true}]}}