{"id":95,"date":"2024-04-19T04:57:23","date_gmt":"2024-04-19T04:57:23","guid":{"rendered":"https:\/\/petalwhim.com\/p\/blue-eternal-rose-under-glass-dome\/"},"modified":"2025-07-25T05:16:05","modified_gmt":"2025-07-25T05:16:05","slug":"bla-evig-rose-under-glaskuppel","status":"publish","type":"product","link":"https:\/\/petalwhim.com\/da\/p\/bla-evig-rose-under-glaskuppel\/","title":{"rendered":"<span>Lille evig rose <\/span><span class=\"product-title-custom\">Bl\u00e5 under glaskuppel<\/span>"},"content":{"rendered":"<h2>Lille evig bl\u00e5 rose under klase: En velkommen gave!<\/h2><p>Under denne cloche er der en smuk <strong>Lille evig bl\u00e5 rose<\/strong>. Ledsaget af sorte og hvide Smalls-blomster er dette sortiment perfekt! Klokken er sat p\u00e5 en sort base, og over den er der et hjerte med en sort sl\u00f8jfe, hvorp\u00e5 der st\u00e5r Just For You.<\/p><p>Denne rose er bl\u00e5, en farve, der symboliserer <strong>tillid<\/strong>Troskab, hengivenhed og tilbageholdenhed. Disse v\u00e6sentlige kvaliteter er markeret i denne farve.<\/p><p>S\u00e5 du kan give den til din k\u00e6reste med det form\u00e5l at vise hende din k\u00e6rlighed og <strong>Troskab<\/strong>.<\/p>","protected":false},"excerpt":{"rendered":"Lille evig bl\u00e5 rose under cloche: En k\u00e6rkommen gave! Under denne cloche st\u00e5r en smuk lille evig bl\u00e5 rose. Ledsaget af sorte og hvide Smalls blomster er dette sortiment perfekt! Klokken er sat p\u00e5 en sort base, og over den er der et hjerte med en sort sl\u00f8jfe, hvorp\u00e5 der st\u00e5r Just For YouDenne rose [...]","protected":false},"featured_media":94,"template":"","meta":[],"product_brand":[],"product_cat":[15,36,21,35],"product_tag":[34],"class_list":{"0":"post-95","1":"product","2":"type-product","3":"status-publish","4":"has-post-thumbnail","6":"product_cat-all-products","7":"product_cat-best-sellers","8":"product_cat-blue-forever-rose","9":"product_cat-small-forever-rose","10":"product_tag-small-rose-in-glass","12":"first","13":"instock","14":"shipping-taxable","15":"purchasable","16":"product-type-simple"},"yoast_head":"<!-- This site is optimized with the Yoast SEO plugin v25.9 - https:\/\/yoast.com\/wordpress\/plugins\/seo\/ -->\n<title>Small Eternal Rose Blue under Glass Dome | Danmark Florist<\/title>\n<meta name=\"description\" content=\"Celebrate everlasting love with our Small Eternal Rose Blue under Glass Dome .\ud83c\udf39Symbolize your endless affection. Shop now and get a free...\" \/>\n<meta name=\"robots\" content=\"index, follow, max-snippet:-1, max-image-preview:large, max-video-preview:-1\" \/>\n<link rel=\"canonical\" href=\"https:\/\/petalwhim.com\/da\/p\/bla-evig-rose-under-glaskuppel\/\" \/>\n<meta property=\"og:locale\" content=\"da_DK\" \/>\n<meta property=\"og:type\" content=\"article\" \/>\n<meta property=\"og:title\" content=\"Small Eternal Rose Blue under Glass Dome | Danmark Florist\" \/>\n<meta property=\"og:description\" content=\"Celebrate everlasting love with our Small Eternal Rose Blue under Glass Dome .\ud83c\udf39Symbolize your endless affection. Shop now and get a free...\" \/>\n<meta property=\"og:url\" content=\"https:\/\/petalwhim.com\/da\/p\/bla-evig-rose-under-glaskuppel\/\" \/>\n<meta property=\"og:site_name\" content=\"Petal Whim\u2122\" \/>\n<meta property=\"article:modified_time\" content=\"2025-07-25T05:16:05+00:00\" \/>\n<meta property=\"og:image\" content=\"https:\/\/petalwhim.com\/wp-content\/uploads\/2024\/04\/product-image-1594224963.jpg\" \/>\n\t<meta property=\"og:image:width\" content=\"640\" \/>\n\t<meta property=\"og:image:height\" content=\"640\" \/>\n\t<meta property=\"og:image:type\" content=\"image\/jpeg\" \/>\n<meta name=\"twitter:card\" content=\"summary_large_image\" \/>\n<script type=\"application\/ld+json\" class=\"yoast-schema-graph\">{\"@context\":\"https:\/\/schema.org\",\"@graph\":[{\"@type\":\"WebPage\",\"@id\":\"https:\/\/petalwhim.com\/p\/blue-eternal-rose-under-glass-dome\/\",\"url\":\"https:\/\/petalwhim.com\/p\/blue-eternal-rose-under-glass-dome\/\",\"name\":\"Small Eternal Rose Blue under Glass Dome | Danmark Florist\",\"isPartOf\":{\"@id\":\"https:\/\/petalwhim.com\/#website\"},\"primaryImageOfPage\":{\"@id\":\"https:\/\/petalwhim.com\/p\/blue-eternal-rose-under-glass-dome\/#primaryimage\"},\"image\":{\"@id\":\"https:\/\/petalwhim.com\/p\/blue-eternal-rose-under-glass-dome\/#primaryimage\"},\"thumbnailUrl\":\"https:\/\/petalwhim.com\/wp-content\/uploads\/2024\/04\/product-image-1594224963.jpg\",\"datePublished\":\"2024-04-19T04:57:23+00:00\",\"dateModified\":\"2025-07-25T05:16:05+00:00\",\"description\":\"Celebrate everlasting love with our Small Eternal Rose Blue under Glass Dome .\ud83c\udf39Symbolize your endless affection. Shop now and get a free...\",\"breadcrumb\":{\"@id\":\"https:\/\/petalwhim.com\/p\/blue-eternal-rose-under-glass-dome\/#breadcrumb\"},\"inLanguage\":\"da-DK\",\"potentialAction\":[{\"@type\":\"ReadAction\",\"target\":[\"https:\/\/petalwhim.com\/p\/blue-eternal-rose-under-glass-dome\/\"]}]},{\"@type\":\"ImageObject\",\"inLanguage\":\"da-DK\",\"@id\":\"https:\/\/petalwhim.com\/p\/blue-eternal-rose-under-glass-dome\/#primaryimage\",\"url\":\"https:\/\/petalwhim.com\/wp-content\/uploads\/2024\/04\/product-image-1594224963.jpg\",\"contentUrl\":\"https:\/\/petalwhim.com\/wp-content\/uploads\/2024\/04\/product-image-1594224963.jpg\",\"width\":640,\"height\":640,\"caption\":\"Small Eternal Rose Blue under Glass Dome\"},{\"@type\":\"BreadcrumbList\",\"@id\":\"https:\/\/petalwhim.com\/p\/blue-eternal-rose-under-glass-dome\/#breadcrumb\",\"itemListElement\":[{\"@type\":\"ListItem\",\"position\":1,\"name\":\"Home\",\"item\":\"https:\/\/petalwhim.com\/\"},{\"@type\":\"ListItem\",\"position\":2,\"name\":\"Shop\",\"item\":\"https:\/\/petalwhim.com\/shop\/\"},{\"@type\":\"ListItem\",\"position\":3,\"name\":\"Small Eternal Rose Blue under Glass Dome\"}]},{\"@type\":\"WebSite\",\"@id\":\"https:\/\/petalwhim.com\/#website\",\"url\":\"https:\/\/petalwhim.com\/\",\"name\":\"Petal Whim\u2122\",\"description\":\"Rose in Glass\",\"publisher\":{\"@id\":\"https:\/\/petalwhim.com\/#organization\"},\"potentialAction\":[{\"@type\":\"SearchAction\",\"target\":{\"@type\":\"EntryPoint\",\"urlTemplate\":\"https:\/\/petalwhim.com\/?s={search_term_string}\"},\"query-input\":{\"@type\":\"PropertyValueSpecification\",\"valueRequired\":true,\"valueName\":\"search_term_string\"}}],\"inLanguage\":\"da-DK\"},{\"@type\":\"Organization\",\"@id\":\"https:\/\/petalwhim.com\/#organization\",\"name\":\"Petal Whim\",\"alternateName\":\"Rose in Glass\",\"url\":\"https:\/\/petalwhim.com\/\",\"logo\":{\"@type\":\"ImageObject\",\"inLanguage\":\"da-DK\",\"@id\":\"https:\/\/petalwhim.com\/#\/schema\/logo\/image\/\",\"url\":\"https:\/\/petalwhim.com\/wp-content\/uploads\/2024\/05\/cropped-Petal-Whim-Favicon.png\",\"contentUrl\":\"https:\/\/petalwhim.com\/wp-content\/uploads\/2024\/05\/cropped-Petal-Whim-Favicon.png\",\"width\":512,\"height\":512,\"caption\":\"Petal Whim\"},\"image\":{\"@id\":\"https:\/\/petalwhim.com\/#\/schema\/logo\/image\/\"}}]}<\/script>\n<!-- \/ Yoast SEO plugin. -->","yoast_head_json":{"title":"Lille evig rose bl\u00e5 under glaskuppel | Danmark Florist","description":"Fejr evig k\u00e6rlighed med vores Small Eternal Rose Blue under Glass Dome .\ud83c\udf39Symboliser din uendelige hengivenhed. K\u00f8b nu og f\u00e5 en gratis...","robots":{"index":"index","follow":"follow","max-snippet":"max-snippet:-1","max-image-preview":"max-image-preview:large","max-video-preview":"max-video-preview:-1"},"canonical":"https:\/\/petalwhim.com\/da\/p\/bla-evig-rose-under-glaskuppel\/","og_locale":"da_DK","og_type":"article","og_title":"Small Eternal Rose Blue under Glass Dome | Danmark Florist","og_description":"Celebrate everlasting love with our Small Eternal Rose Blue under Glass Dome .\ud83c\udf39Symbolize your endless affection. Shop now and get a free...","og_url":"https:\/\/petalwhim.com\/da\/p\/bla-evig-rose-under-glaskuppel\/","og_site_name":"Petal Whim\u2122","article_modified_time":"2025-07-25T05:16:05+00:00","og_image":[{"width":640,"height":640,"url":"https:\/\/petalwhim.com\/wp-content\/uploads\/2024\/04\/product-image-1594224963.jpg","type":"image\/jpeg"}],"twitter_card":"summary_large_image","schema":{"@context":"https:\/\/schema.org","@graph":[{"@type":"WebPage","@id":"https:\/\/petalwhim.com\/p\/blue-eternal-rose-under-glass-dome\/","url":"https:\/\/petalwhim.com\/p\/blue-eternal-rose-under-glass-dome\/","name":"Lille evig rose bl\u00e5 under glaskuppel | Danmark Florist","isPartOf":{"@id":"https:\/\/petalwhim.com\/#website"},"primaryImageOfPage":{"@id":"https:\/\/petalwhim.com\/p\/blue-eternal-rose-under-glass-dome\/#primaryimage"},"image":{"@id":"https:\/\/petalwhim.com\/p\/blue-eternal-rose-under-glass-dome\/#primaryimage"},"thumbnailUrl":"https:\/\/petalwhim.com\/wp-content\/uploads\/2024\/04\/product-image-1594224963.jpg","datePublished":"2024-04-19T04:57:23+00:00","dateModified":"2025-07-25T05:16:05+00:00","description":"Fejr evig k\u00e6rlighed med vores Small Eternal Rose Blue under Glass Dome .\ud83c\udf39Symboliser din uendelige hengivenhed. K\u00f8b nu og f\u00e5 en gratis...","breadcrumb":{"@id":"https:\/\/petalwhim.com\/p\/blue-eternal-rose-under-glass-dome\/#breadcrumb"},"inLanguage":"da-DK","potentialAction":[{"@type":"ReadAction","target":["https:\/\/petalwhim.com\/p\/blue-eternal-rose-under-glass-dome\/"]}]},{"@type":"ImageObject","inLanguage":"da-DK","@id":"https:\/\/petalwhim.com\/p\/blue-eternal-rose-under-glass-dome\/#primaryimage","url":"https:\/\/petalwhim.com\/wp-content\/uploads\/2024\/04\/product-image-1594224963.jpg","contentUrl":"https:\/\/petalwhim.com\/wp-content\/uploads\/2024\/04\/product-image-1594224963.jpg","width":640,"height":640,"caption":"Small Eternal Rose Blue under Glass Dome"},{"@type":"BreadcrumbList","@id":"https:\/\/petalwhim.com\/p\/blue-eternal-rose-under-glass-dome\/#breadcrumb","itemListElement":[{"@type":"ListItem","position":1,"name":"Home","item":"https:\/\/petalwhim.com\/"},{"@type":"ListItem","position":2,"name":"Shop","item":"https:\/\/petalwhim.com\/shop\/"},{"@type":"ListItem","position":3,"name":"Small Eternal Rose Blue under Glass Dome"}]},{"@type":"WebSite","@id":"https:\/\/petalwhim.com\/#website","url":"https:\/\/petalwhim.com\/","name":"Petal Whim\u2122.","description":"Rose i glas","publisher":{"@id":"https:\/\/petalwhim.com\/#organization"},"potentialAction":[{"@type":"SearchAction","target":{"@type":"EntryPoint","urlTemplate":"https:\/\/petalwhim.com\/?s={search_term_string}"},"query-input":{"@type":"PropertyValueSpecification","valueRequired":true,"valueName":"search_term_string"}}],"inLanguage":"da-DK"},{"@type":"Organization","@id":"https:\/\/petalwhim.com\/#organization","name":"Petal Whim","alternateName":"Rose in Glass","url":"https:\/\/petalwhim.com\/","logo":{"@type":"ImageObject","inLanguage":"da-DK","@id":"https:\/\/petalwhim.com\/#\/schema\/logo\/image\/","url":"https:\/\/petalwhim.com\/wp-content\/uploads\/2024\/05\/cropped-Petal-Whim-Favicon.png","contentUrl":"https:\/\/petalwhim.com\/wp-content\/uploads\/2024\/05\/cropped-Petal-Whim-Favicon.png","width":512,"height":512,"caption":"Petal Whim"},"image":{"@id":"https:\/\/petalwhim.com\/#\/schema\/logo\/image\/"}}]}},"_links":{"self":[{"href":"https:\/\/petalwhim.com\/da\/wp-json\/wp\/v2\/product\/95","targetHints":{"allow":["GET"]}}],"collection":[{"href":"https:\/\/petalwhim.com\/da\/wp-json\/wp\/v2\/product"}],"about":[{"href":"https:\/\/petalwhim.com\/da\/wp-json\/wp\/v2\/types\/product"}],"wp:featuredmedia":[{"embeddable":true,"href":"https:\/\/petalwhim.com\/da\/wp-json\/wp\/v2\/media\/94"}],"wp:attachment":[{"href":"https:\/\/petalwhim.com\/da\/wp-json\/wp\/v2\/media?parent=95"}],"wp:term":[{"taxonomy":"product_brand","embeddable":true,"href":"https:\/\/petalwhim.com\/da\/wp-json\/wp\/v2\/product_brand?post=95"},{"taxonomy":"product_cat","embeddable":true,"href":"https:\/\/petalwhim.com\/da\/wp-json\/wp\/v2\/product_cat?post=95"},{"taxonomy":"product_tag","embeddable":true,"href":"https:\/\/petalwhim.com\/da\/wp-json\/wp\/v2\/product_tag?post=95"}],"curies":[{"name":"wp","href":"https:\/\/api.w.org\/{rel}","templated":true}]}}