{"id":379,"date":"2024-04-29T01:31:44","date_gmt":"2024-04-29T01:31:44","guid":{"rendered":"https:\/\/petalwhim.com\/p\/rose-teddy-bear-azure-dream\/"},"modified":"2025-07-25T05:16:00","modified_gmt":"2025-07-25T05:16:00","slug":"rosa-bamse-azurbla-drom","status":"publish","type":"product","link":"https:\/\/petalwhim.com\/da\/p\/rosa-bamse-azurbla-drom\/","title":{"rendered":"<span>Rose bamse <\/span><span class=\"product-title-custom\">Azure Dream<\/span>"},"content":{"rendered":"<h2>Blue Rose Teddy Bear: Den str\u00e5lende gave!<\/h2> <p>Petal Whim\u2122 tilbyder denne bed\u00e5rende lille bamse lavet af bl\u00e5 roser. Den er sat sammen af sm\u00e5 bl\u00e5 roser og udformet som en plysbamse. Den har ogs\u00e5 et sort b\u00e5nd rundt om halsen.<\/p> <p>Denne bamse er ideel at give til din k\u00e6reste eller din datter. Det er en meget speciel gave, der giver \u00f8mhed og k\u00e6rlighed. Den kan gives ved mange lejligheder.<\/p> <p>Denne bamse er lavet af bl\u00e5 roser. Denne farve fremkalder den \u00f8mme side af k\u00e6rligheden, \u00f8mhed. Ved at give den, giver du modtageren \u00f8mhed.<\/p>","protected":false},"excerpt":{"rendered":"<ul> <li><strong>Teddy sammensat<\/strong> af 350 evige roser og et sort satinb\u00e5nd<\/li> <li>St\u00f8rrelse p\u00e5 denne bamse: 25 cm<\/li> <li>H\u00e5ndlavet i vores v\u00e6rksted<\/li> <\/ul>","protected":false},"featured_media":378,"template":"","meta":[],"product_brand":[],"product_cat":[15,32],"product_tag":[],"class_list":{"0":"post-379","1":"product","2":"type-product","3":"status-publish","4":"has-post-thumbnail","6":"product_cat-all-products","7":"product_cat-flower-bear","9":"first","10":"instock","11":"shipping-taxable","12":"purchasable","13":"product-type-simple"},"yoast_head":"<!-- This site is optimized with the Yoast SEO plugin v25.9 - https:\/\/yoast.com\/wordpress\/plugins\/seo\/ -->\n<title>Rose Teddy Bear Azure Dream | Danmark Florist<\/title>\n<meta name=\"description\" content=\"Celebrate everlasting love with our Rose Teddy Bear Azure Dream .\ud83c\udf39Symbolize your endless affection. Shop now and get a free...\" \/>\n<meta name=\"robots\" content=\"index, follow, max-snippet:-1, max-image-preview:large, max-video-preview:-1\" \/>\n<link rel=\"canonical\" href=\"https:\/\/petalwhim.com\/da\/p\/rosa-bamse-azurbla-drom\/\" \/>\n<meta property=\"og:locale\" content=\"da_DK\" \/>\n<meta property=\"og:type\" content=\"article\" \/>\n<meta property=\"og:title\" content=\"Rose Teddy Bear Azure Dream | Danmark Florist\" \/>\n<meta property=\"og:description\" content=\"Celebrate everlasting love with our Rose Teddy Bear Azure Dream .\ud83c\udf39Symbolize your endless affection. Shop now and get a free...\" \/>\n<meta property=\"og:url\" content=\"https:\/\/petalwhim.com\/da\/p\/rosa-bamse-azurbla-drom\/\" \/>\n<meta property=\"og:site_name\" content=\"Petal Whim\u2122\" \/>\n<meta property=\"article:modified_time\" content=\"2025-07-25T05:16:00+00:00\" \/>\n<meta property=\"og:image\" content=\"https:\/\/petalwhim.com\/wp-content\/uploads\/2024\/04\/ourson-en-rose-bleu_600x_f26a2fb7-cbbc-447f-94c6-85d0c300c1c1_2000x.jpg\" \/>\n\t<meta property=\"og:image:width\" content=\"600\" \/>\n\t<meta property=\"og:image:height\" content=\"600\" \/>\n\t<meta property=\"og:image:type\" content=\"image\/jpeg\" \/>\n<meta name=\"twitter:card\" content=\"summary_large_image\" \/>\n<script type=\"application\/ld+json\" class=\"yoast-schema-graph\">{\"@context\":\"https:\/\/schema.org\",\"@graph\":[{\"@type\":\"WebPage\",\"@id\":\"https:\/\/petalwhim.com\/p\/rose-teddy-bear-azure-dream\/\",\"url\":\"https:\/\/petalwhim.com\/p\/rose-teddy-bear-azure-dream\/\",\"name\":\"Rose Teddy Bear Azure Dream | Danmark Florist\",\"isPartOf\":{\"@id\":\"https:\/\/petalwhim.com\/#website\"},\"primaryImageOfPage\":{\"@id\":\"https:\/\/petalwhim.com\/p\/rose-teddy-bear-azure-dream\/#primaryimage\"},\"image\":{\"@id\":\"https:\/\/petalwhim.com\/p\/rose-teddy-bear-azure-dream\/#primaryimage\"},\"thumbnailUrl\":\"https:\/\/petalwhim.com\/wp-content\/uploads\/2024\/04\/ourson-en-rose-bleu_600x_f26a2fb7-cbbc-447f-94c6-85d0c300c1c1_2000x.jpg\",\"datePublished\":\"2024-04-29T01:31:44+00:00\",\"dateModified\":\"2025-07-25T05:16:00+00:00\",\"description\":\"Celebrate everlasting love with our Rose Teddy Bear Azure Dream .\ud83c\udf39Symbolize your endless affection. Shop now and get a free...\",\"breadcrumb\":{\"@id\":\"https:\/\/petalwhim.com\/p\/rose-teddy-bear-azure-dream\/#breadcrumb\"},\"inLanguage\":\"da-DK\",\"potentialAction\":[{\"@type\":\"ReadAction\",\"target\":[\"https:\/\/petalwhim.com\/p\/rose-teddy-bear-azure-dream\/\"]}]},{\"@type\":\"ImageObject\",\"inLanguage\":\"da-DK\",\"@id\":\"https:\/\/petalwhim.com\/p\/rose-teddy-bear-azure-dream\/#primaryimage\",\"url\":\"https:\/\/petalwhim.com\/wp-content\/uploads\/2024\/04\/ourson-en-rose-bleu_600x_f26a2fb7-cbbc-447f-94c6-85d0c300c1c1_2000x.jpg\",\"contentUrl\":\"https:\/\/petalwhim.com\/wp-content\/uploads\/2024\/04\/ourson-en-rose-bleu_600x_f26a2fb7-cbbc-447f-94c6-85d0c300c1c1_2000x.jpg\",\"width\":600,\"height\":600,\"caption\":\"Rose Teddy Bear Azure Dream\"},{\"@type\":\"BreadcrumbList\",\"@id\":\"https:\/\/petalwhim.com\/p\/rose-teddy-bear-azure-dream\/#breadcrumb\",\"itemListElement\":[{\"@type\":\"ListItem\",\"position\":1,\"name\":\"Home\",\"item\":\"https:\/\/petalwhim.com\/\"},{\"@type\":\"ListItem\",\"position\":2,\"name\":\"Shop\",\"item\":\"https:\/\/petalwhim.com\/shop\/\"},{\"@type\":\"ListItem\",\"position\":3,\"name\":\"Rose Teddy Bear Azure Dream\"}]},{\"@type\":\"WebSite\",\"@id\":\"https:\/\/petalwhim.com\/#website\",\"url\":\"https:\/\/petalwhim.com\/\",\"name\":\"Petal Whim\u2122\",\"description\":\"Rose in Glass\",\"publisher\":{\"@id\":\"https:\/\/petalwhim.com\/#organization\"},\"potentialAction\":[{\"@type\":\"SearchAction\",\"target\":{\"@type\":\"EntryPoint\",\"urlTemplate\":\"https:\/\/petalwhim.com\/?s={search_term_string}\"},\"query-input\":{\"@type\":\"PropertyValueSpecification\",\"valueRequired\":true,\"valueName\":\"search_term_string\"}}],\"inLanguage\":\"da-DK\"},{\"@type\":\"Organization\",\"@id\":\"https:\/\/petalwhim.com\/#organization\",\"name\":\"Petal Whim\",\"alternateName\":\"Rose in Glass\",\"url\":\"https:\/\/petalwhim.com\/\",\"logo\":{\"@type\":\"ImageObject\",\"inLanguage\":\"da-DK\",\"@id\":\"https:\/\/petalwhim.com\/#\/schema\/logo\/image\/\",\"url\":\"https:\/\/petalwhim.com\/wp-content\/uploads\/2024\/05\/cropped-Petal-Whim-Favicon.png\",\"contentUrl\":\"https:\/\/petalwhim.com\/wp-content\/uploads\/2024\/05\/cropped-Petal-Whim-Favicon.png\",\"width\":512,\"height\":512,\"caption\":\"Petal Whim\"},\"image\":{\"@id\":\"https:\/\/petalwhim.com\/#\/schema\/logo\/image\/\"}}]}<\/script>\n<!-- \/ Yoast SEO plugin. -->","yoast_head_json":{"title":"Rose bamse Azure Dream | Danmark Blomsterhandler","description":"Fejr evig k\u00e6rlighed med vores Rose Teddy Bear Azure Dream .\ud83c\udf39Symboliser din uendelige hengivenhed. Shop nu og f\u00e5 en gratis...","robots":{"index":"index","follow":"follow","max-snippet":"max-snippet:-1","max-image-preview":"max-image-preview:large","max-video-preview":"max-video-preview:-1"},"canonical":"https:\/\/petalwhim.com\/da\/p\/rosa-bamse-azurbla-drom\/","og_locale":"da_DK","og_type":"article","og_title":"Rose Teddy Bear Azure Dream | Danmark Florist","og_description":"Celebrate everlasting love with our Rose Teddy Bear Azure Dream .\ud83c\udf39Symbolize your endless affection. Shop now and get a free...","og_url":"https:\/\/petalwhim.com\/da\/p\/rosa-bamse-azurbla-drom\/","og_site_name":"Petal Whim\u2122","article_modified_time":"2025-07-25T05:16:00+00:00","og_image":[{"width":600,"height":600,"url":"https:\/\/petalwhim.com\/wp-content\/uploads\/2024\/04\/ourson-en-rose-bleu_600x_f26a2fb7-cbbc-447f-94c6-85d0c300c1c1_2000x.jpg","type":"image\/jpeg"}],"twitter_card":"summary_large_image","schema":{"@context":"https:\/\/schema.org","@graph":[{"@type":"WebPage","@id":"https:\/\/petalwhim.com\/p\/rose-teddy-bear-azure-dream\/","url":"https:\/\/petalwhim.com\/p\/rose-teddy-bear-azure-dream\/","name":"Rose bamse Azure Dream | Danmark Blomsterhandler","isPartOf":{"@id":"https:\/\/petalwhim.com\/#website"},"primaryImageOfPage":{"@id":"https:\/\/petalwhim.com\/p\/rose-teddy-bear-azure-dream\/#primaryimage"},"image":{"@id":"https:\/\/petalwhim.com\/p\/rose-teddy-bear-azure-dream\/#primaryimage"},"thumbnailUrl":"https:\/\/petalwhim.com\/wp-content\/uploads\/2024\/04\/ourson-en-rose-bleu_600x_f26a2fb7-cbbc-447f-94c6-85d0c300c1c1_2000x.jpg","datePublished":"2024-04-29T01:31:44+00:00","dateModified":"2025-07-25T05:16:00+00:00","description":"Fejr evig k\u00e6rlighed med vores Rose Teddy Bear Azure Dream .\ud83c\udf39Symboliser din uendelige hengivenhed. Shop nu og f\u00e5 en gratis...","breadcrumb":{"@id":"https:\/\/petalwhim.com\/p\/rose-teddy-bear-azure-dream\/#breadcrumb"},"inLanguage":"da-DK","potentialAction":[{"@type":"ReadAction","target":["https:\/\/petalwhim.com\/p\/rose-teddy-bear-azure-dream\/"]}]},{"@type":"ImageObject","inLanguage":"da-DK","@id":"https:\/\/petalwhim.com\/p\/rose-teddy-bear-azure-dream\/#primaryimage","url":"https:\/\/petalwhim.com\/wp-content\/uploads\/2024\/04\/ourson-en-rose-bleu_600x_f26a2fb7-cbbc-447f-94c6-85d0c300c1c1_2000x.jpg","contentUrl":"https:\/\/petalwhim.com\/wp-content\/uploads\/2024\/04\/ourson-en-rose-bleu_600x_f26a2fb7-cbbc-447f-94c6-85d0c300c1c1_2000x.jpg","width":600,"height":600,"caption":"Rose Teddy Bear Azure Dream"},{"@type":"BreadcrumbList","@id":"https:\/\/petalwhim.com\/p\/rose-teddy-bear-azure-dream\/#breadcrumb","itemListElement":[{"@type":"ListItem","position":1,"name":"Home","item":"https:\/\/petalwhim.com\/"},{"@type":"ListItem","position":2,"name":"Shop","item":"https:\/\/petalwhim.com\/shop\/"},{"@type":"ListItem","position":3,"name":"Rose Teddy Bear Azure Dream"}]},{"@type":"WebSite","@id":"https:\/\/petalwhim.com\/#website","url":"https:\/\/petalwhim.com\/","name":"Petal Whim\u2122.","description":"Rose i glas","publisher":{"@id":"https:\/\/petalwhim.com\/#organization"},"potentialAction":[{"@type":"SearchAction","target":{"@type":"EntryPoint","urlTemplate":"https:\/\/petalwhim.com\/?s={search_term_string}"},"query-input":{"@type":"PropertyValueSpecification","valueRequired":true,"valueName":"search_term_string"}}],"inLanguage":"da-DK"},{"@type":"Organization","@id":"https:\/\/petalwhim.com\/#organization","name":"Petal Whim","alternateName":"Rose in Glass","url":"https:\/\/petalwhim.com\/","logo":{"@type":"ImageObject","inLanguage":"da-DK","@id":"https:\/\/petalwhim.com\/#\/schema\/logo\/image\/","url":"https:\/\/petalwhim.com\/wp-content\/uploads\/2024\/05\/cropped-Petal-Whim-Favicon.png","contentUrl":"https:\/\/petalwhim.com\/wp-content\/uploads\/2024\/05\/cropped-Petal-Whim-Favicon.png","width":512,"height":512,"caption":"Petal Whim"},"image":{"@id":"https:\/\/petalwhim.com\/#\/schema\/logo\/image\/"}}]}},"_links":{"self":[{"href":"https:\/\/petalwhim.com\/da\/wp-json\/wp\/v2\/product\/379","targetHints":{"allow":["GET"]}}],"collection":[{"href":"https:\/\/petalwhim.com\/da\/wp-json\/wp\/v2\/product"}],"about":[{"href":"https:\/\/petalwhim.com\/da\/wp-json\/wp\/v2\/types\/product"}],"wp:featuredmedia":[{"embeddable":true,"href":"https:\/\/petalwhim.com\/da\/wp-json\/wp\/v2\/media\/378"}],"wp:attachment":[{"href":"https:\/\/petalwhim.com\/da\/wp-json\/wp\/v2\/media?parent=379"}],"wp:term":[{"taxonomy":"product_brand","embeddable":true,"href":"https:\/\/petalwhim.com\/da\/wp-json\/wp\/v2\/product_brand?post=379"},{"taxonomy":"product_cat","embeddable":true,"href":"https:\/\/petalwhim.com\/da\/wp-json\/wp\/v2\/product_cat?post=379"},{"taxonomy":"product_tag","embeddable":true,"href":"https:\/\/petalwhim.com\/da\/wp-json\/wp\/v2\/product_tag?post=379"}],"curies":[{"name":"wp","href":"https:\/\/api.w.org\/{rel}","templated":true}]}}