{"id":163,"date":"2024-04-19T04:58:54","date_gmt":"2024-04-19T04:58:54","guid":{"rendered":"https:\/\/petalwhim.com\/p\/paris-eternal-rose\/"},"modified":"2025-07-25T05:16:03","modified_gmt":"2025-07-25T05:16:03","slug":"paris-evig-rose","status":"publish","type":"product","link":"https:\/\/petalwhim.com\/da\/p\/paris-evig-rose\/","title":{"rendered":"<span>Den evige rose <\/span><span class=\"product-title-custom\">Paris<\/span>"},"content":{"rendered":"<h2>En evig rose for at symbolisere evig k\u00e6rlighed og st\u00e6rke f\u00f8lelser<\/h2><p>Dette produkt best\u00e5r af en r\u00f8d <strong>Den evige rose,<\/strong> smukke ultra-realistiske gr\u00f8nne blade og en fin led-lyskrans, der lyser op og giver varme og bl\u00f8dhed til dit hjem. Det hele er d\u00e6kket af en <strong>tyk glasklokke<\/strong> og dens sorte base.<br><br>Den evige rose er en <strong>ud\u00f8delig blomst. <\/strong> Denne magiske, lysende rose beh\u00f8ver ingen s\u00e6rlig pleje. Placeret p\u00e5 natbordet eller i stuen vil ud\u00f8deligheden af denne evige rose fremkalde <strong>minder og alle mulige f\u00f8lelser for dig hver dag. <\/strong> <br><br>Du kan give denne smukke rose under en klase, for <strong>s\u00e6rlige lejligheder<\/strong> som Valentinsdag, en bryllupsdag eller bare for at udtrykke gl\u00f8dende k\u00e6rlighed.<\/p><!-- split --><h2>Paris k\u00e6rlighedens og lidenskabens by<\/h2><p>Vi har navngivet denne evige rose \"Paris\" som en hyldest til den <strong>Den mest romantiske by i verden<\/strong>. <\/p><p>Paris skylder sit ry som den <strong>K\u00e6rlighedens by<\/strong> til sin <strong>romantiske digtere<\/strong> af det 19. \u00e5rhundrede (Hugo, <span data-mce-fragment=\"1\">Chateaubriand, La Rousseau<\/span>) samt dens maleriske arkitektur.<\/p><p>De fleste aktiviteter i Paris opfattes som romantiske af mennesker over hele verden. A <strong>Ballade langs Seinen<\/strong>en god restaurant eller endda en simpel g\u00e5tur i en park med udsigt til sacr\u00e9 c\u0153ur, alle disse aktiviteter har en meget romantisk konnotation, som <strong>fremkalder k\u00e6rlighed og romantik<\/strong>.<\/p>","protected":false},"excerpt":{"rendered":"En evig rose, der symboliserer evig k\u00e6rlighed og st\u00e6rke f\u00f8lelserDette produkt best\u00e5r af en r\u00f8d evig rose, smukke ultra-realistiske gr\u00f8nne blade og en fin led-lyskrans, der lyser op og giver varme og bl\u00f8dhed til dit hjem. Det hele er d\u00e6kket af en tyk glasklokke og dens sorte base.den evige rose [...]","protected":false},"featured_media":162,"template":"","meta":[],"product_brand":[],"product_cat":[15,36,19],"product_tag":[33],"class_list":{"0":"post-163","1":"product","2":"type-product","3":"status-publish","4":"has-post-thumbnail","6":"product_cat-all-products","7":"product_cat-best-sellers","8":"product_cat-red-forever-rose","9":"product_tag-rose-in-glass-dome","11":"first","12":"instock","13":"sale","14":"shipping-taxable","15":"purchasable","16":"product-type-simple"},"yoast_head":"<!-- This site is optimized with the Yoast SEO plugin v25.9 - https:\/\/yoast.com\/wordpress\/plugins\/seo\/ -->\n<title>Eternal Rose Paris | Danmark Florist<\/title>\n<meta name=\"description\" content=\"Celebrate everlasting love with our Eternal Rose Paris .\ud83c\udf39Symbolize your endless affection. Shop now and get a free...\" \/>\n<meta name=\"robots\" content=\"index, follow, max-snippet:-1, max-image-preview:large, max-video-preview:-1\" \/>\n<link rel=\"canonical\" href=\"https:\/\/petalwhim.com\/da\/p\/paris-evig-rose\/\" \/>\n<meta property=\"og:locale\" content=\"da_DK\" \/>\n<meta property=\"og:type\" content=\"article\" \/>\n<meta property=\"og:title\" content=\"Eternal Rose Paris | Danmark Florist\" \/>\n<meta property=\"og:description\" content=\"Celebrate everlasting love with our Eternal Rose Paris .\ud83c\udf39Symbolize your endless affection. Shop now and get a free...\" \/>\n<meta property=\"og:url\" content=\"https:\/\/petalwhim.com\/da\/p\/paris-evig-rose\/\" \/>\n<meta property=\"og:site_name\" content=\"Petal Whim\u2122\" \/>\n<meta property=\"article:modified_time\" content=\"2025-07-25T05:16:03+00:00\" \/>\n<meta property=\"og:image\" content=\"https:\/\/petalwhim.com\/wp-content\/uploads\/2024\/04\/product-image-1145632006.jpg\" \/>\n\t<meta property=\"og:image:width\" content=\"640\" \/>\n\t<meta property=\"og:image:height\" content=\"640\" \/>\n\t<meta property=\"og:image:type\" content=\"image\/jpeg\" \/>\n<meta name=\"twitter:card\" content=\"summary_large_image\" \/>\n<meta name=\"twitter:label1\" content=\"Estimeret l\u00e6setid\" \/>\n\t<meta name=\"twitter:data1\" content=\"1 minut\" \/>\n<script type=\"application\/ld+json\" class=\"yoast-schema-graph\">{\"@context\":\"https:\/\/schema.org\",\"@graph\":[{\"@type\":\"WebPage\",\"@id\":\"https:\/\/petalwhim.com\/p\/paris-eternal-rose\/\",\"url\":\"https:\/\/petalwhim.com\/p\/paris-eternal-rose\/\",\"name\":\"Eternal Rose Paris | Danmark Florist\",\"isPartOf\":{\"@id\":\"https:\/\/petalwhim.com\/#website\"},\"primaryImageOfPage\":{\"@id\":\"https:\/\/petalwhim.com\/p\/paris-eternal-rose\/#primaryimage\"},\"image\":{\"@id\":\"https:\/\/petalwhim.com\/p\/paris-eternal-rose\/#primaryimage\"},\"thumbnailUrl\":\"https:\/\/petalwhim.com\/wp-content\/uploads\/2024\/04\/product-image-1145632006.jpg\",\"datePublished\":\"2024-04-19T04:58:54+00:00\",\"dateModified\":\"2025-07-25T05:16:03+00:00\",\"description\":\"Celebrate everlasting love with our Eternal Rose Paris .\ud83c\udf39Symbolize your endless affection. Shop now and get a free...\",\"breadcrumb\":{\"@id\":\"https:\/\/petalwhim.com\/p\/paris-eternal-rose\/#breadcrumb\"},\"inLanguage\":\"da-DK\",\"potentialAction\":[{\"@type\":\"ReadAction\",\"target\":[\"https:\/\/petalwhim.com\/p\/paris-eternal-rose\/\"]}]},{\"@type\":\"ImageObject\",\"inLanguage\":\"da-DK\",\"@id\":\"https:\/\/petalwhim.com\/p\/paris-eternal-rose\/#primaryimage\",\"url\":\"https:\/\/petalwhim.com\/wp-content\/uploads\/2024\/04\/product-image-1145632006.jpg\",\"contentUrl\":\"https:\/\/petalwhim.com\/wp-content\/uploads\/2024\/04\/product-image-1145632006.jpg\",\"width\":640,\"height\":640,\"caption\":\"Eternal Rose Paris\"},{\"@type\":\"BreadcrumbList\",\"@id\":\"https:\/\/petalwhim.com\/p\/paris-eternal-rose\/#breadcrumb\",\"itemListElement\":[{\"@type\":\"ListItem\",\"position\":1,\"name\":\"Home\",\"item\":\"https:\/\/petalwhim.com\/\"},{\"@type\":\"ListItem\",\"position\":2,\"name\":\"Shop\",\"item\":\"https:\/\/petalwhim.com\/shop\/\"},{\"@type\":\"ListItem\",\"position\":3,\"name\":\"Eternal Rose Paris\"}]},{\"@type\":\"WebSite\",\"@id\":\"https:\/\/petalwhim.com\/#website\",\"url\":\"https:\/\/petalwhim.com\/\",\"name\":\"Petal Whim\u2122\",\"description\":\"Rose in Glass\",\"publisher\":{\"@id\":\"https:\/\/petalwhim.com\/#organization\"},\"potentialAction\":[{\"@type\":\"SearchAction\",\"target\":{\"@type\":\"EntryPoint\",\"urlTemplate\":\"https:\/\/petalwhim.com\/?s={search_term_string}\"},\"query-input\":{\"@type\":\"PropertyValueSpecification\",\"valueRequired\":true,\"valueName\":\"search_term_string\"}}],\"inLanguage\":\"da-DK\"},{\"@type\":\"Organization\",\"@id\":\"https:\/\/petalwhim.com\/#organization\",\"name\":\"Petal Whim\",\"alternateName\":\"Rose in Glass\",\"url\":\"https:\/\/petalwhim.com\/\",\"logo\":{\"@type\":\"ImageObject\",\"inLanguage\":\"da-DK\",\"@id\":\"https:\/\/petalwhim.com\/#\/schema\/logo\/image\/\",\"url\":\"https:\/\/petalwhim.com\/wp-content\/uploads\/2024\/05\/cropped-Petal-Whim-Favicon.png\",\"contentUrl\":\"https:\/\/petalwhim.com\/wp-content\/uploads\/2024\/05\/cropped-Petal-Whim-Favicon.png\",\"width\":512,\"height\":512,\"caption\":\"Petal Whim\"},\"image\":{\"@id\":\"https:\/\/petalwhim.com\/#\/schema\/logo\/image\/\"}}]}<\/script>\n<!-- \/ Yoast SEO plugin. -->","yoast_head_json":{"title":"Eternal Rose Paris | Danmark Florist","description":"Fejr evig k\u00e6rlighed med vores Eternal Rose Paris .\ud83c\udf39Symboliser din uendelige hengivenhed. K\u00f8b nu og f\u00e5 en gratis...","robots":{"index":"index","follow":"follow","max-snippet":"max-snippet:-1","max-image-preview":"max-image-preview:large","max-video-preview":"max-video-preview:-1"},"canonical":"https:\/\/petalwhim.com\/da\/p\/paris-evig-rose\/","og_locale":"da_DK","og_type":"article","og_title":"Eternal Rose Paris | Danmark Florist","og_description":"Celebrate everlasting love with our Eternal Rose Paris .\ud83c\udf39Symbolize your endless affection. Shop now and get a free...","og_url":"https:\/\/petalwhim.com\/da\/p\/paris-evig-rose\/","og_site_name":"Petal Whim\u2122","article_modified_time":"2025-07-25T05:16:03+00:00","og_image":[{"width":640,"height":640,"url":"https:\/\/petalwhim.com\/wp-content\/uploads\/2024\/04\/product-image-1145632006.jpg","type":"image\/jpeg"}],"twitter_card":"summary_large_image","twitter_misc":{"Estimeret l\u00e6setid":"1 minut"},"schema":{"@context":"https:\/\/schema.org","@graph":[{"@type":"WebPage","@id":"https:\/\/petalwhim.com\/p\/paris-eternal-rose\/","url":"https:\/\/petalwhim.com\/p\/paris-eternal-rose\/","name":"Eternal Rose Paris | Danmark Florist","isPartOf":{"@id":"https:\/\/petalwhim.com\/#website"},"primaryImageOfPage":{"@id":"https:\/\/petalwhim.com\/p\/paris-eternal-rose\/#primaryimage"},"image":{"@id":"https:\/\/petalwhim.com\/p\/paris-eternal-rose\/#primaryimage"},"thumbnailUrl":"https:\/\/petalwhim.com\/wp-content\/uploads\/2024\/04\/product-image-1145632006.jpg","datePublished":"2024-04-19T04:58:54+00:00","dateModified":"2025-07-25T05:16:03+00:00","description":"Fejr evig k\u00e6rlighed med vores Eternal Rose Paris .\ud83c\udf39Symboliser din uendelige hengivenhed. K\u00f8b nu og f\u00e5 en gratis...","breadcrumb":{"@id":"https:\/\/petalwhim.com\/p\/paris-eternal-rose\/#breadcrumb"},"inLanguage":"da-DK","potentialAction":[{"@type":"ReadAction","target":["https:\/\/petalwhim.com\/p\/paris-eternal-rose\/"]}]},{"@type":"ImageObject","inLanguage":"da-DK","@id":"https:\/\/petalwhim.com\/p\/paris-eternal-rose\/#primaryimage","url":"https:\/\/petalwhim.com\/wp-content\/uploads\/2024\/04\/product-image-1145632006.jpg","contentUrl":"https:\/\/petalwhim.com\/wp-content\/uploads\/2024\/04\/product-image-1145632006.jpg","width":640,"height":640,"caption":"Eternal Rose Paris"},{"@type":"BreadcrumbList","@id":"https:\/\/petalwhim.com\/p\/paris-eternal-rose\/#breadcrumb","itemListElement":[{"@type":"ListItem","position":1,"name":"Home","item":"https:\/\/petalwhim.com\/"},{"@type":"ListItem","position":2,"name":"Shop","item":"https:\/\/petalwhim.com\/shop\/"},{"@type":"ListItem","position":3,"name":"Eternal Rose Paris"}]},{"@type":"WebSite","@id":"https:\/\/petalwhim.com\/#website","url":"https:\/\/petalwhim.com\/","name":"Petal Whim\u2122.","description":"Rose i glas","publisher":{"@id":"https:\/\/petalwhim.com\/#organization"},"potentialAction":[{"@type":"SearchAction","target":{"@type":"EntryPoint","urlTemplate":"https:\/\/petalwhim.com\/?s={search_term_string}"},"query-input":{"@type":"PropertyValueSpecification","valueRequired":true,"valueName":"search_term_string"}}],"inLanguage":"da-DK"},{"@type":"Organization","@id":"https:\/\/petalwhim.com\/#organization","name":"Petal Whim","alternateName":"Rose in Glass","url":"https:\/\/petalwhim.com\/","logo":{"@type":"ImageObject","inLanguage":"da-DK","@id":"https:\/\/petalwhim.com\/#\/schema\/logo\/image\/","url":"https:\/\/petalwhim.com\/wp-content\/uploads\/2024\/05\/cropped-Petal-Whim-Favicon.png","contentUrl":"https:\/\/petalwhim.com\/wp-content\/uploads\/2024\/05\/cropped-Petal-Whim-Favicon.png","width":512,"height":512,"caption":"Petal Whim"},"image":{"@id":"https:\/\/petalwhim.com\/#\/schema\/logo\/image\/"}}]}},"_links":{"self":[{"href":"https:\/\/petalwhim.com\/da\/wp-json\/wp\/v2\/product\/163","targetHints":{"allow":["GET"]}}],"collection":[{"href":"https:\/\/petalwhim.com\/da\/wp-json\/wp\/v2\/product"}],"about":[{"href":"https:\/\/petalwhim.com\/da\/wp-json\/wp\/v2\/types\/product"}],"wp:featuredmedia":[{"embeddable":true,"href":"https:\/\/petalwhim.com\/da\/wp-json\/wp\/v2\/media\/162"}],"wp:attachment":[{"href":"https:\/\/petalwhim.com\/da\/wp-json\/wp\/v2\/media?parent=163"}],"wp:term":[{"taxonomy":"product_brand","embeddable":true,"href":"https:\/\/petalwhim.com\/da\/wp-json\/wp\/v2\/product_brand?post=163"},{"taxonomy":"product_cat","embeddable":true,"href":"https:\/\/petalwhim.com\/da\/wp-json\/wp\/v2\/product_cat?post=163"},{"taxonomy":"product_tag","embeddable":true,"href":"https:\/\/petalwhim.com\/da\/wp-json\/wp\/v2\/product_tag?post=163"}],"curies":[{"name":"wp","href":"https:\/\/api.w.org\/{rel}","templated":true}]}}