{"id":97,"date":"2024-04-19T04:57:26","date_gmt":"2024-04-19T04:57:26","guid":{"rendered":"https:\/\/petalwhim.com\/p\/pink-eternal-rose-under-glass-dome\/"},"modified":"2025-07-25T05:16:05","modified_gmt":"2025-07-25T05:16:05","slug":"ruzova-vecna-ruze-pod-sklenenou-kopuli","status":"publish","type":"product","link":"https:\/\/petalwhim.com\/cs\/p\/ruzova-vecna-ruze-pod-sklenenou-kopuli\/","title":{"rendered":"<span>Mal\u00e1 v\u011b\u010dn\u00e1 r\u016f\u017ee <\/span><span class=\"product-title-custom\">R\u016f\u017ee pod sklen\u011bnou kopul\u00ed<\/span>"},"content":{"rendered":"<h2>Mal\u00e1 touha po romantice, kter\u00e1 okouzl\u00ed va\u0161i milovanou? <\/h2><p>Petal Whim\u2122 odpov\u00edd\u00e1 na vol\u00e1n\u00ed. Pro leto\u0161n\u00ed konec roku v\u00e1m toti\u017e nab\u00edz\u00ed Mal\u00fd<strong> v\u011b\u010dn\u00e1 r\u016f\u017ee<\/strong> r\u016f\u017ee pod k\u0161iltem. Na t\u00e9to klo\u0161e je kr\u00e1sn\u00e9 srd\u00ed\u010dko, sv\u00e1zan\u00e9 p\u011bkn\u00fdm plov\u00e1kem, kter\u00fd v\u00e1s ur\u010dit\u011b rozesm\u011bje.<br><br>R\u016f\u017eov\u00e1 barva t\u011bchto kv\u011bt\u016f ozna\u010duje p\u0159edev\u0161\u00edm nevinnost l\u00e1sky. <br><br>Ve skute\u010dnosti je to n\u00e1dhern\u00fd d\u00e1rek pro va\u0161e bl\u00edzk\u00e9. Svatby jsou v\u0161ak nejvhodn\u011bj\u0161\u00edm okam\u017eikem pro nab\u00eddnut\u00ed tohoto skute\u010dn\u011b nezapomenuteln\u00e9ho d\u00e1rku. Nev\u00e1hejte a jak\u00fdmkoli zp\u016fsobem pot\u011b\u0161te mlad\u00e9 zamilovan\u00e9.  <\/p>","protected":false},"excerpt":{"rendered":"Mal\u00e1 touha po romantice, kter\u00e1 okouzl\u00ed va\u0161i milovanou? Model Petal Whim\u2122 odpov\u00ed na toto vol\u00e1n\u00ed. Pro leto\u0161n\u00ed konec roku v\u00e1m toti\u017e nab\u00edz\u00ed Malou v\u011b\u010dnou r\u016f\u017ei pod k\u0161iltem. Na t\u00e9to klo\u0161e je kr\u00e1sn\u00e9 mal\u00e9 srd\u00ed\u010dko, sv\u00e1zan\u00e9 kr\u00e1sn\u00fdm plov\u00e1kem, kter\u00fd v\u00e1s jist\u011b rozn\u011b\u017en\u00ed. r\u016f\u017eov\u00e1 barva t\u011bchto kv\u011bt\u016f je [...].","protected":false},"featured_media":96,"template":"","meta":[],"product_brand":[],"product_cat":[15,36,35],"product_tag":[34],"class_list":{"0":"post-97","1":"product","2":"type-product","3":"status-publish","4":"has-post-thumbnail","6":"product_cat-all-products","7":"product_cat-best-sellers","8":"product_cat-small-forever-rose","9":"product_tag-small-rose-in-glass","11":"first","12":"instock","13":"shipping-taxable","14":"purchasable","15":"product-type-simple"},"yoast_head":"<!-- This site is optimized with the Yoast SEO plugin v25.9 - https:\/\/yoast.com\/wordpress\/plugins\/seo\/ -->\n<title>Small Eternal Rose Roses under Glass Dome | \u010cesk\u00e1 republika Florist<\/title>\n<meta name=\"description\" content=\"Celebrate everlasting love with our Small Eternal Rose Roses under Glass Dome .\ud83c\udf39Symbolize your endless affection. Shop now and get a free...\" \/>\n<meta name=\"robots\" content=\"index, follow, max-snippet:-1, max-image-preview:large, max-video-preview:-1\" \/>\n<link rel=\"canonical\" href=\"https:\/\/petalwhim.com\/cs\/p\/ruzova-vecna-ruze-pod-sklenenou-kopuli\/\" \/>\n<meta property=\"og:locale\" content=\"cs_CZ\" \/>\n<meta property=\"og:type\" content=\"article\" \/>\n<meta property=\"og:title\" content=\"Small Eternal Rose Roses under Glass Dome | \u010cesk\u00e1 republika Florist\" \/>\n<meta property=\"og:description\" content=\"Celebrate everlasting love with our Small Eternal Rose Roses under Glass Dome .\ud83c\udf39Symbolize your endless affection. Shop now and get a free...\" \/>\n<meta property=\"og:url\" content=\"https:\/\/petalwhim.com\/cs\/p\/ruzova-vecna-ruze-pod-sklenenou-kopuli\/\" \/>\n<meta property=\"og:site_name\" content=\"Petal Whim\u2122\" \/>\n<meta property=\"article:modified_time\" content=\"2025-07-25T05:16:05+00:00\" \/>\n<meta property=\"og:image\" content=\"https:\/\/petalwhim.com\/wp-content\/uploads\/2024\/04\/product-image-1594224967.jpg\" \/>\n\t<meta property=\"og:image:width\" content=\"640\" \/>\n\t<meta property=\"og:image:height\" content=\"640\" \/>\n\t<meta property=\"og:image:type\" content=\"image\/jpeg\" \/>\n<meta name=\"twitter:card\" content=\"summary_large_image\" \/>\n<script type=\"application\/ld+json\" class=\"yoast-schema-graph\">{\"@context\":\"https:\/\/schema.org\",\"@graph\":[{\"@type\":\"WebPage\",\"@id\":\"https:\/\/petalwhim.com\/p\/pink-eternal-rose-under-glass-dome\/\",\"url\":\"https:\/\/petalwhim.com\/p\/pink-eternal-rose-under-glass-dome\/\",\"name\":\"Small Eternal Rose Roses under Glass Dome | \u010cesk\u00e1 republika Florist\",\"isPartOf\":{\"@id\":\"https:\/\/petalwhim.com\/#website\"},\"primaryImageOfPage\":{\"@id\":\"https:\/\/petalwhim.com\/p\/pink-eternal-rose-under-glass-dome\/#primaryimage\"},\"image\":{\"@id\":\"https:\/\/petalwhim.com\/p\/pink-eternal-rose-under-glass-dome\/#primaryimage\"},\"thumbnailUrl\":\"https:\/\/petalwhim.com\/wp-content\/uploads\/2024\/04\/product-image-1594224967.jpg\",\"datePublished\":\"2024-04-19T04:57:26+00:00\",\"dateModified\":\"2025-07-25T05:16:05+00:00\",\"description\":\"Celebrate everlasting love with our Small Eternal Rose Roses under Glass Dome .\ud83c\udf39Symbolize your endless affection. Shop now and get a free...\",\"breadcrumb\":{\"@id\":\"https:\/\/petalwhim.com\/p\/pink-eternal-rose-under-glass-dome\/#breadcrumb\"},\"inLanguage\":\"cs\",\"potentialAction\":[{\"@type\":\"ReadAction\",\"target\":[\"https:\/\/petalwhim.com\/p\/pink-eternal-rose-under-glass-dome\/\"]}]},{\"@type\":\"ImageObject\",\"inLanguage\":\"cs\",\"@id\":\"https:\/\/petalwhim.com\/p\/pink-eternal-rose-under-glass-dome\/#primaryimage\",\"url\":\"https:\/\/petalwhim.com\/wp-content\/uploads\/2024\/04\/product-image-1594224967.jpg\",\"contentUrl\":\"https:\/\/petalwhim.com\/wp-content\/uploads\/2024\/04\/product-image-1594224967.jpg\",\"width\":640,\"height\":640,\"caption\":\"Small Eternal Rose Roses under Glass Dome\"},{\"@type\":\"BreadcrumbList\",\"@id\":\"https:\/\/petalwhim.com\/p\/pink-eternal-rose-under-glass-dome\/#breadcrumb\",\"itemListElement\":[{\"@type\":\"ListItem\",\"position\":1,\"name\":\"Home\",\"item\":\"https:\/\/petalwhim.com\/\"},{\"@type\":\"ListItem\",\"position\":2,\"name\":\"Shop\",\"item\":\"https:\/\/petalwhim.com\/shop\/\"},{\"@type\":\"ListItem\",\"position\":3,\"name\":\"Small Eternal Rose Roses under Glass Dome\"}]},{\"@type\":\"WebSite\",\"@id\":\"https:\/\/petalwhim.com\/#website\",\"url\":\"https:\/\/petalwhim.com\/\",\"name\":\"Petal Whim\u2122\",\"description\":\"Rose in Glass\",\"publisher\":{\"@id\":\"https:\/\/petalwhim.com\/#organization\"},\"potentialAction\":[{\"@type\":\"SearchAction\",\"target\":{\"@type\":\"EntryPoint\",\"urlTemplate\":\"https:\/\/petalwhim.com\/?s={search_term_string}\"},\"query-input\":{\"@type\":\"PropertyValueSpecification\",\"valueRequired\":true,\"valueName\":\"search_term_string\"}}],\"inLanguage\":\"cs\"},{\"@type\":\"Organization\",\"@id\":\"https:\/\/petalwhim.com\/#organization\",\"name\":\"Petal Whim\",\"alternateName\":\"Rose in Glass\",\"url\":\"https:\/\/petalwhim.com\/\",\"logo\":{\"@type\":\"ImageObject\",\"inLanguage\":\"cs\",\"@id\":\"https:\/\/petalwhim.com\/#\/schema\/logo\/image\/\",\"url\":\"https:\/\/petalwhim.com\/wp-content\/uploads\/2024\/05\/cropped-Petal-Whim-Favicon.png\",\"contentUrl\":\"https:\/\/petalwhim.com\/wp-content\/uploads\/2024\/05\/cropped-Petal-Whim-Favicon.png\",\"width\":512,\"height\":512,\"caption\":\"Petal Whim\"},\"image\":{\"@id\":\"https:\/\/petalwhim.com\/#\/schema\/logo\/image\/\"}}]}<\/script>\n<!-- \/ Yoast SEO plugin. -->","yoast_head_json":{"title":"Mal\u00e9 v\u011b\u010dn\u00e9 r\u016f\u017ee pod sklen\u011bnou kopul\u00ed | \u010cesk\u00e1 republika Kv\u011btin\u00e1\u0159stv\u00ed","description":"Oslavte v\u011b\u010dnou l\u00e1sku s na\u0161imi mal\u00fdmi v\u011b\u010dn\u00fdmi r\u016f\u017eemi pod sklen\u011bnou kopul\u00ed \ud83c\udf39Symbolizuj\u00ed va\u0161i nekone\u010dnou n\u00e1klonnost. Nakupujte nyn\u00ed a z\u00edskejte zdarma...","robots":{"index":"index","follow":"follow","max-snippet":"max-snippet:-1","max-image-preview":"max-image-preview:large","max-video-preview":"max-video-preview:-1"},"canonical":"https:\/\/petalwhim.com\/cs\/p\/ruzova-vecna-ruze-pod-sklenenou-kopuli\/","og_locale":"cs_CZ","og_type":"article","og_title":"Small Eternal Rose Roses under Glass Dome | \u010cesk\u00e1 republika Florist","og_description":"Celebrate everlasting love with our Small Eternal Rose Roses under Glass Dome .\ud83c\udf39Symbolize your endless affection. Shop now and get a free...","og_url":"https:\/\/petalwhim.com\/cs\/p\/ruzova-vecna-ruze-pod-sklenenou-kopuli\/","og_site_name":"Petal Whim\u2122","article_modified_time":"2025-07-25T05:16:05+00:00","og_image":[{"width":640,"height":640,"url":"https:\/\/petalwhim.com\/wp-content\/uploads\/2024\/04\/product-image-1594224967.jpg","type":"image\/jpeg"}],"twitter_card":"summary_large_image","schema":{"@context":"https:\/\/schema.org","@graph":[{"@type":"WebPage","@id":"https:\/\/petalwhim.com\/p\/pink-eternal-rose-under-glass-dome\/","url":"https:\/\/petalwhim.com\/p\/pink-eternal-rose-under-glass-dome\/","name":"Mal\u00e9 v\u011b\u010dn\u00e9 r\u016f\u017ee pod sklen\u011bnou kopul\u00ed | \u010cesk\u00e1 republika Kv\u011btin\u00e1\u0159stv\u00ed","isPartOf":{"@id":"https:\/\/petalwhim.com\/#website"},"primaryImageOfPage":{"@id":"https:\/\/petalwhim.com\/p\/pink-eternal-rose-under-glass-dome\/#primaryimage"},"image":{"@id":"https:\/\/petalwhim.com\/p\/pink-eternal-rose-under-glass-dome\/#primaryimage"},"thumbnailUrl":"https:\/\/petalwhim.com\/wp-content\/uploads\/2024\/04\/product-image-1594224967.jpg","datePublished":"2024-04-19T04:57:26+00:00","dateModified":"2025-07-25T05:16:05+00:00","description":"Oslavte v\u011b\u010dnou l\u00e1sku s na\u0161imi mal\u00fdmi v\u011b\u010dn\u00fdmi r\u016f\u017eemi pod sklen\u011bnou kopul\u00ed \ud83c\udf39Symbolizuj\u00ed va\u0161i nekone\u010dnou n\u00e1klonnost. Nakupujte nyn\u00ed a z\u00edskejte zdarma...","breadcrumb":{"@id":"https:\/\/petalwhim.com\/p\/pink-eternal-rose-under-glass-dome\/#breadcrumb"},"inLanguage":"cs","potentialAction":[{"@type":"ReadAction","target":["https:\/\/petalwhim.com\/p\/pink-eternal-rose-under-glass-dome\/"]}]},{"@type":"ImageObject","inLanguage":"cs","@id":"https:\/\/petalwhim.com\/p\/pink-eternal-rose-under-glass-dome\/#primaryimage","url":"https:\/\/petalwhim.com\/wp-content\/uploads\/2024\/04\/product-image-1594224967.jpg","contentUrl":"https:\/\/petalwhim.com\/wp-content\/uploads\/2024\/04\/product-image-1594224967.jpg","width":640,"height":640,"caption":"Small Eternal Rose Roses under Glass Dome"},{"@type":"BreadcrumbList","@id":"https:\/\/petalwhim.com\/p\/pink-eternal-rose-under-glass-dome\/#breadcrumb","itemListElement":[{"@type":"ListItem","position":1,"name":"Home","item":"https:\/\/petalwhim.com\/"},{"@type":"ListItem","position":2,"name":"Shop","item":"https:\/\/petalwhim.com\/shop\/"},{"@type":"ListItem","position":3,"name":"Small Eternal Rose Roses under Glass Dome"}]},{"@type":"WebSite","@id":"https:\/\/petalwhim.com\/#website","url":"https:\/\/petalwhim.com\/","name":"Petal Whim\u2122","description":"R\u016f\u017ee ve skle","publisher":{"@id":"https:\/\/petalwhim.com\/#organization"},"potentialAction":[{"@type":"SearchAction","target":{"@type":"EntryPoint","urlTemplate":"https:\/\/petalwhim.com\/?s={search_term_string}"},"query-input":{"@type":"PropertyValueSpecification","valueRequired":true,"valueName":"search_term_string"}}],"inLanguage":"cs"},{"@type":"Organization","@id":"https:\/\/petalwhim.com\/#organization","name":"Petal Whim","alternateName":"Rose in Glass","url":"https:\/\/petalwhim.com\/","logo":{"@type":"ImageObject","inLanguage":"cs","@id":"https:\/\/petalwhim.com\/#\/schema\/logo\/image\/","url":"https:\/\/petalwhim.com\/wp-content\/uploads\/2024\/05\/cropped-Petal-Whim-Favicon.png","contentUrl":"https:\/\/petalwhim.com\/wp-content\/uploads\/2024\/05\/cropped-Petal-Whim-Favicon.png","width":512,"height":512,"caption":"Petal Whim"},"image":{"@id":"https:\/\/petalwhim.com\/#\/schema\/logo\/image\/"}}]}},"_links":{"self":[{"href":"https:\/\/petalwhim.com\/cs\/wp-json\/wp\/v2\/product\/97","targetHints":{"allow":["GET"]}}],"collection":[{"href":"https:\/\/petalwhim.com\/cs\/wp-json\/wp\/v2\/product"}],"about":[{"href":"https:\/\/petalwhim.com\/cs\/wp-json\/wp\/v2\/types\/product"}],"wp:featuredmedia":[{"embeddable":true,"href":"https:\/\/petalwhim.com\/cs\/wp-json\/wp\/v2\/media\/96"}],"wp:attachment":[{"href":"https:\/\/petalwhim.com\/cs\/wp-json\/wp\/v2\/media?parent=97"}],"wp:term":[{"taxonomy":"product_brand","embeddable":true,"href":"https:\/\/petalwhim.com\/cs\/wp-json\/wp\/v2\/product_brand?post=97"},{"taxonomy":"product_cat","embeddable":true,"href":"https:\/\/petalwhim.com\/cs\/wp-json\/wp\/v2\/product_cat?post=97"},{"taxonomy":"product_tag","embeddable":true,"href":"https:\/\/petalwhim.com\/cs\/wp-json\/wp\/v2\/product_tag?post=97"}],"curies":[{"name":"wp","href":"https:\/\/api.w.org\/{rel}","templated":true}]}}