{"id":65,"date":"2024-04-19T04:56:13","date_gmt":"2024-04-19T04:56:13","guid":{"rendered":"https:\/\/petalwhim.com\/p\/galaxy-rose-under-glass-dome\/"},"modified":"2025-07-25T05:16:06","modified_gmt":"2025-07-25T05:16:06","slug":"galaxy-rose-pod-sklenenou-kopuli","status":"publish","type":"product","link":"https:\/\/petalwhim.com\/cs\/p\/galaxy-rose-pod-sklenenou-kopuli\/","title":{"rendered":"<span>Galaxy Rose <\/span><span class=\"product-title-custom\">Pod sklen\u011bnou kopul\u00ed<\/span>"},"content":{"rendered":"<h2>R\u016f\u017ee z galaxie pro nekone\u010dnou l\u00e1sku<\/h2><p>Tento n\u00e1dhern\u00fd <strong>v\u011b\u010dn\u00e1 r\u016f\u017ee Galaxy<\/strong> stoj\u00ed hrd\u011b na d\u0159ev\u011bn\u00e9m podstavci pod ochrann\u00fdm sklen\u011bn\u00fdm krytem. Po cel\u00e9 v\u00fd\u0161ce ho obklopuje nen\u00e1padn\u00e1 mini LED girlanda, kter\u00e1 ho zjem\u0148uje. <\/p><p>Jej\u00ed eleganci umoc\u0148uj\u00ed pastelov\u00e9 duhov\u00e9 barvy. <strong>nuance<\/strong> kter\u00e9 pom\u00e1haj\u00ed vytvo\u0159it okouzluj\u00edc\u00ed <strong>atmosf\u00e9ra<\/strong>: co m\u016f\u017ee b\u00fdt lep\u0161\u00edho ne\u017e v\u011b\u010dn\u00e1 r\u016f\u017ee z galaxie, kter\u00e1 bude sv\u011bd\u010dit o tv\u00e9 sl\u00e1v\u011b? <strong>nekone\u010dn\u00e1 l\u00e1ska<\/strong> do nejvzd\u00e1len\u011bj\u0161\u00edch kout\u016f galaxie? <\/p><p>Je to jist\u011b ide\u00e1ln\u00ed d\u00e1rek pro osobu, kterou milujete, a tak\u00e9 pro n\u011bkoho velmi bl\u00edzk\u00e9ho, jako je nap\u0159\u00edklad va\u0161e maminka. Tento d\u00e1rek m\u016f\u017eete v\u011bnovat k jak\u00e9koli p\u0159\u00edle\u017eitosti, k narozenin\u00e1m,<strong>svatba<\/strong>, <strong>Den matek<\/strong>, atd.  R\u016f\u017ee Galaxy ozdob\u00ed slavnostn\u00ed st\u016fl nebo poli\u010dku s p\u016fvabem.<\/p>","protected":false},"excerpt":{"rendered":"R\u016f\u017ee z galaxie pro nekone\u010dnou l\u00e1skuTato n\u00e1dhern\u00e1 v\u011b\u010dn\u00e1 r\u016f\u017ee z galaxie hrd\u011b stoj\u00ed na d\u0159ev\u011bn\u00e9m podstavci pod ochrann\u00fdm sklen\u011bn\u00fdm krytem. Po cel\u00e9 v\u00fd\u0161ce ji obklopuje decentn\u00ed mini LED girlanda, kter\u00e1 ji sublimuje. Jej\u00ed eleganci umoc\u0148uj\u00ed pastelov\u00e9 duhov\u00e9 odst\u00edny, kter\u00e9 pom\u00e1haj\u00ed vytv\u00e1\u0159et okouzluj\u00edc\u00ed atmosf\u00e9ru: co m\u016f\u017ee b\u00fdt lep\u0161\u00edho ne\u017e r\u016f\u017ee Galaxy?","protected":false},"featured_media":64,"template":"","meta":[],"product_brand":[],"product_cat":[15,36,24,23],"product_tag":[33],"class_list":{"0":"post-65","1":"product","2":"type-product","3":"status-publish","4":"has-post-thumbnail","6":"product_cat-all-products","7":"product_cat-best-sellers","8":"product_cat-galactic-diamond-rose","9":"product_cat-gold-plated-rose","10":"product_tag-rose-in-glass-dome","12":"first","13":"instock","14":"shipping-taxable","15":"purchasable","16":"product-type-simple"},"yoast_head":"<!-- This site is optimized with the Yoast SEO plugin v25.9 - https:\/\/yoast.com\/wordpress\/plugins\/seo\/ -->\n<title>Galaxy Rose Under Glass Dome | \u010cesk\u00e1 republika Florist<\/title>\n<meta name=\"description\" content=\"Celebrate everlasting love with our Galaxy Rose Under Glass Dome .\ud83c\udf39Symbolize your endless affection. Shop now and get a free...\" \/>\n<meta name=\"robots\" content=\"index, follow, max-snippet:-1, max-image-preview:large, max-video-preview:-1\" \/>\n<link rel=\"canonical\" href=\"https:\/\/petalwhim.com\/cs\/p\/galaxy-rose-pod-sklenenou-kopuli\/\" \/>\n<meta property=\"og:locale\" content=\"cs_CZ\" \/>\n<meta property=\"og:type\" content=\"article\" \/>\n<meta property=\"og:title\" content=\"Galaxy Rose Under Glass Dome | \u010cesk\u00e1 republika Florist\" \/>\n<meta property=\"og:description\" content=\"Celebrate everlasting love with our Galaxy Rose Under Glass Dome .\ud83c\udf39Symbolize your endless affection. Shop now and get a free...\" \/>\n<meta property=\"og:url\" content=\"https:\/\/petalwhim.com\/cs\/p\/galaxy-rose-pod-sklenenou-kopuli\/\" \/>\n<meta property=\"og:site_name\" content=\"Petal Whim\u2122\" \/>\n<meta property=\"article:modified_time\" content=\"2025-07-25T05:16:06+00:00\" \/>\n<meta property=\"og:image\" content=\"https:\/\/petalwhim.com\/wp-content\/uploads\/2024\/04\/product-image-1494965198.jpg\" \/>\n\t<meta property=\"og:image:width\" content=\"640\" \/>\n\t<meta property=\"og:image:height\" content=\"640\" \/>\n\t<meta property=\"og:image:type\" content=\"image\/jpeg\" \/>\n<meta name=\"twitter:card\" content=\"summary_large_image\" \/>\n<meta name=\"twitter:label1\" content=\"Odhadovan\u00e1 doba \u010dten\u00ed\" \/>\n\t<meta name=\"twitter:data1\" content=\"1 minuta\" \/>\n<script type=\"application\/ld+json\" class=\"yoast-schema-graph\">{\"@context\":\"https:\/\/schema.org\",\"@graph\":[{\"@type\":\"WebPage\",\"@id\":\"https:\/\/petalwhim.com\/p\/galaxy-rose-under-glass-dome\/\",\"url\":\"https:\/\/petalwhim.com\/p\/galaxy-rose-under-glass-dome\/\",\"name\":\"Galaxy Rose Under Glass Dome | \u010cesk\u00e1 republika Florist\",\"isPartOf\":{\"@id\":\"https:\/\/petalwhim.com\/#website\"},\"primaryImageOfPage\":{\"@id\":\"https:\/\/petalwhim.com\/p\/galaxy-rose-under-glass-dome\/#primaryimage\"},\"image\":{\"@id\":\"https:\/\/petalwhim.com\/p\/galaxy-rose-under-glass-dome\/#primaryimage\"},\"thumbnailUrl\":\"https:\/\/petalwhim.com\/wp-content\/uploads\/2024\/04\/product-image-1494965198.jpg\",\"datePublished\":\"2024-04-19T04:56:13+00:00\",\"dateModified\":\"2025-07-25T05:16:06+00:00\",\"description\":\"Celebrate everlasting love with our Galaxy Rose Under Glass Dome .\ud83c\udf39Symbolize your endless affection. Shop now and get a free...\",\"breadcrumb\":{\"@id\":\"https:\/\/petalwhim.com\/p\/galaxy-rose-under-glass-dome\/#breadcrumb\"},\"inLanguage\":\"cs\",\"potentialAction\":[{\"@type\":\"ReadAction\",\"target\":[\"https:\/\/petalwhim.com\/p\/galaxy-rose-under-glass-dome\/\"]}]},{\"@type\":\"ImageObject\",\"inLanguage\":\"cs\",\"@id\":\"https:\/\/petalwhim.com\/p\/galaxy-rose-under-glass-dome\/#primaryimage\",\"url\":\"https:\/\/petalwhim.com\/wp-content\/uploads\/2024\/04\/product-image-1494965198.jpg\",\"contentUrl\":\"https:\/\/petalwhim.com\/wp-content\/uploads\/2024\/04\/product-image-1494965198.jpg\",\"width\":640,\"height\":640,\"caption\":\"Galaxy Rose Under Glass Dome\"},{\"@type\":\"BreadcrumbList\",\"@id\":\"https:\/\/petalwhim.com\/p\/galaxy-rose-under-glass-dome\/#breadcrumb\",\"itemListElement\":[{\"@type\":\"ListItem\",\"position\":1,\"name\":\"Home\",\"item\":\"https:\/\/petalwhim.com\/\"},{\"@type\":\"ListItem\",\"position\":2,\"name\":\"Shop\",\"item\":\"https:\/\/petalwhim.com\/shop\/\"},{\"@type\":\"ListItem\",\"position\":3,\"name\":\"Galaxy Rose Under Glass Dome\"}]},{\"@type\":\"WebSite\",\"@id\":\"https:\/\/petalwhim.com\/#website\",\"url\":\"https:\/\/petalwhim.com\/\",\"name\":\"Petal Whim\u2122\",\"description\":\"Rose in Glass\",\"publisher\":{\"@id\":\"https:\/\/petalwhim.com\/#organization\"},\"potentialAction\":[{\"@type\":\"SearchAction\",\"target\":{\"@type\":\"EntryPoint\",\"urlTemplate\":\"https:\/\/petalwhim.com\/?s={search_term_string}\"},\"query-input\":{\"@type\":\"PropertyValueSpecification\",\"valueRequired\":true,\"valueName\":\"search_term_string\"}}],\"inLanguage\":\"cs\"},{\"@type\":\"Organization\",\"@id\":\"https:\/\/petalwhim.com\/#organization\",\"name\":\"Petal Whim\",\"alternateName\":\"Rose in Glass\",\"url\":\"https:\/\/petalwhim.com\/\",\"logo\":{\"@type\":\"ImageObject\",\"inLanguage\":\"cs\",\"@id\":\"https:\/\/petalwhim.com\/#\/schema\/logo\/image\/\",\"url\":\"https:\/\/petalwhim.com\/wp-content\/uploads\/2024\/05\/cropped-Petal-Whim-Favicon.png\",\"contentUrl\":\"https:\/\/petalwhim.com\/wp-content\/uploads\/2024\/05\/cropped-Petal-Whim-Favicon.png\",\"width\":512,\"height\":512,\"caption\":\"Petal Whim\"},\"image\":{\"@id\":\"https:\/\/petalwhim.com\/#\/schema\/logo\/image\/\"}}]}<\/script>\n<!-- \/ Yoast SEO plugin. -->","yoast_head_json":{"title":"Galaxy Rose pod sklen\u011bnou kopul\u00ed | \u010cesk\u00e1 republika Kv\u011btin\u00e1\u0159stv\u00ed","description":"Oslavte v\u011b\u010dnou l\u00e1sku s na\u0161\u00ed Galaxy Rose Under Glass Dome .\ud83c\udf39Symbolizujte svou nekone\u010dnou n\u00e1klonnost. Nakupujte nyn\u00ed a z\u00edskejte zdarma...","robots":{"index":"index","follow":"follow","max-snippet":"max-snippet:-1","max-image-preview":"max-image-preview:large","max-video-preview":"max-video-preview:-1"},"canonical":"https:\/\/petalwhim.com\/cs\/p\/galaxy-rose-pod-sklenenou-kopuli\/","og_locale":"cs_CZ","og_type":"article","og_title":"Galaxy Rose Under Glass Dome | \u010cesk\u00e1 republika Florist","og_description":"Celebrate everlasting love with our Galaxy Rose Under Glass Dome .\ud83c\udf39Symbolize your endless affection. Shop now and get a free...","og_url":"https:\/\/petalwhim.com\/cs\/p\/galaxy-rose-pod-sklenenou-kopuli\/","og_site_name":"Petal Whim\u2122","article_modified_time":"2025-07-25T05:16:06+00:00","og_image":[{"width":640,"height":640,"url":"https:\/\/petalwhim.com\/wp-content\/uploads\/2024\/04\/product-image-1494965198.jpg","type":"image\/jpeg"}],"twitter_card":"summary_large_image","twitter_misc":{"Odhadovan\u00e1 doba \u010dten\u00ed":"1 minuta"},"schema":{"@context":"https:\/\/schema.org","@graph":[{"@type":"WebPage","@id":"https:\/\/petalwhim.com\/p\/galaxy-rose-under-glass-dome\/","url":"https:\/\/petalwhim.com\/p\/galaxy-rose-under-glass-dome\/","name":"Galaxy Rose pod sklen\u011bnou kopul\u00ed | \u010cesk\u00e1 republika Kv\u011btin\u00e1\u0159stv\u00ed","isPartOf":{"@id":"https:\/\/petalwhim.com\/#website"},"primaryImageOfPage":{"@id":"https:\/\/petalwhim.com\/p\/galaxy-rose-under-glass-dome\/#primaryimage"},"image":{"@id":"https:\/\/petalwhim.com\/p\/galaxy-rose-under-glass-dome\/#primaryimage"},"thumbnailUrl":"https:\/\/petalwhim.com\/wp-content\/uploads\/2024\/04\/product-image-1494965198.jpg","datePublished":"2024-04-19T04:56:13+00:00","dateModified":"2025-07-25T05:16:06+00:00","description":"Oslavte v\u011b\u010dnou l\u00e1sku s na\u0161\u00ed Galaxy Rose Under Glass Dome .\ud83c\udf39Symbolizujte svou nekone\u010dnou n\u00e1klonnost. Nakupujte nyn\u00ed a z\u00edskejte zdarma...","breadcrumb":{"@id":"https:\/\/petalwhim.com\/p\/galaxy-rose-under-glass-dome\/#breadcrumb"},"inLanguage":"cs","potentialAction":[{"@type":"ReadAction","target":["https:\/\/petalwhim.com\/p\/galaxy-rose-under-glass-dome\/"]}]},{"@type":"ImageObject","inLanguage":"cs","@id":"https:\/\/petalwhim.com\/p\/galaxy-rose-under-glass-dome\/#primaryimage","url":"https:\/\/petalwhim.com\/wp-content\/uploads\/2024\/04\/product-image-1494965198.jpg","contentUrl":"https:\/\/petalwhim.com\/wp-content\/uploads\/2024\/04\/product-image-1494965198.jpg","width":640,"height":640,"caption":"Galaxy Rose Under Glass Dome"},{"@type":"BreadcrumbList","@id":"https:\/\/petalwhim.com\/p\/galaxy-rose-under-glass-dome\/#breadcrumb","itemListElement":[{"@type":"ListItem","position":1,"name":"Home","item":"https:\/\/petalwhim.com\/"},{"@type":"ListItem","position":2,"name":"Shop","item":"https:\/\/petalwhim.com\/shop\/"},{"@type":"ListItem","position":3,"name":"Galaxy Rose Under Glass Dome"}]},{"@type":"WebSite","@id":"https:\/\/petalwhim.com\/#website","url":"https:\/\/petalwhim.com\/","name":"Petal Whim\u2122","description":"R\u016f\u017ee ve skle","publisher":{"@id":"https:\/\/petalwhim.com\/#organization"},"potentialAction":[{"@type":"SearchAction","target":{"@type":"EntryPoint","urlTemplate":"https:\/\/petalwhim.com\/?s={search_term_string}"},"query-input":{"@type":"PropertyValueSpecification","valueRequired":true,"valueName":"search_term_string"}}],"inLanguage":"cs"},{"@type":"Organization","@id":"https:\/\/petalwhim.com\/#organization","name":"Petal Whim","alternateName":"Rose in Glass","url":"https:\/\/petalwhim.com\/","logo":{"@type":"ImageObject","inLanguage":"cs","@id":"https:\/\/petalwhim.com\/#\/schema\/logo\/image\/","url":"https:\/\/petalwhim.com\/wp-content\/uploads\/2024\/05\/cropped-Petal-Whim-Favicon.png","contentUrl":"https:\/\/petalwhim.com\/wp-content\/uploads\/2024\/05\/cropped-Petal-Whim-Favicon.png","width":512,"height":512,"caption":"Petal Whim"},"image":{"@id":"https:\/\/petalwhim.com\/#\/schema\/logo\/image\/"}}]}},"_links":{"self":[{"href":"https:\/\/petalwhim.com\/cs\/wp-json\/wp\/v2\/product\/65","targetHints":{"allow":["GET"]}}],"collection":[{"href":"https:\/\/petalwhim.com\/cs\/wp-json\/wp\/v2\/product"}],"about":[{"href":"https:\/\/petalwhim.com\/cs\/wp-json\/wp\/v2\/types\/product"}],"wp:featuredmedia":[{"embeddable":true,"href":"https:\/\/petalwhim.com\/cs\/wp-json\/wp\/v2\/media\/64"}],"wp:attachment":[{"href":"https:\/\/petalwhim.com\/cs\/wp-json\/wp\/v2\/media?parent=65"}],"wp:term":[{"taxonomy":"product_brand","embeddable":true,"href":"https:\/\/petalwhim.com\/cs\/wp-json\/wp\/v2\/product_brand?post=65"},{"taxonomy":"product_cat","embeddable":true,"href":"https:\/\/petalwhim.com\/cs\/wp-json\/wp\/v2\/product_cat?post=65"},{"taxonomy":"product_tag","embeddable":true,"href":"https:\/\/petalwhim.com\/cs\/wp-json\/wp\/v2\/product_tag?post=65"}],"curies":[{"name":"wp","href":"https:\/\/api.w.org\/{rel}","templated":true}]}}