{"id":243,"date":"2024-04-19T05:02:28","date_gmt":"2024-04-19T05:02:28","guid":{"rendered":"https:\/\/petalwhim.com\/p\/mini-cyan-eternal-rose-under-glass-dome\/"},"modified":"2025-07-25T05:16:01","modified_gmt":"2025-07-25T05:16:01","slug":"mini-azurova-vecna-ruze-pod-sklenenou-kopuli","status":"publish","type":"product","link":"https:\/\/petalwhim.com\/cs\/p\/mini-azurova-vecna-ruze-pod-sklenenou-kopuli\/","title":{"rendered":"<span>Mini v\u011b\u010dn\u00e1 r\u016f\u017ee pod sklen\u011bnou kopul\u00ed <\/span><span class=\"product-title-custom\">Cyan<\/span>"},"content":{"rendered":"<h2>V\u011b\u010dn\u00e1 r\u016f\u017ee symbolizuje v\u011b\u010dnou l\u00e1sku a siln\u00e9 emoce.<\/h2><p>Tento produkt je vybaven <strong>v\u011b\u010dn\u00e1 r\u016f\u017ee<\/strong> v blankytn\u011b modr\u00e9 barv\u011b, obklopen\u00fd kr\u00e1sn\u00fdmi blankytn\u011b modr\u00fdmi kv\u011bty Smalls a jemn\u00fdm sv\u011bteln\u00fdm v\u011bncem, kter\u00fd rozz\u00e1\u0159\u00ed a vnese do va\u0161eho domova teplo a jemnost. Cel\u00e9 je to pokryt\u00e9 <strong>siln\u00fd sklen\u011bn\u00fd zvon<\/strong> s p\u011bkn\u00fdm srdcem na vrcholu a d\u0159ev\u011bn\u00fdm podstavcem.<br><br>V\u011b\u010dn\u00e1 r\u016f\u017ee je <strong>nesmrteln\u00e1 kv\u011btina. <\/strong> Tyto kouzeln\u00e9, z\u00e1\u0159iv\u00e9 r\u016f\u017ee nepot\u0159ebuj\u00ed \u017e\u00e1dnou zvl\u00e1\u0161tn\u00ed p\u00e9\u010di. Um\u00edst\u011bn\u00e9 na no\u010dn\u00edm stolku nebo v ob\u00fdvac\u00edm pokoji, nesmrtelnost t\u011bchto v\u011b\u010dn\u00fdch r\u016f\u017e\u00ed bude evokovat. <strong>vzpom\u00ednky a nejr\u016fzn\u011bj\u0161\u00ed emoce ka\u017ed\u00fd den. <\/strong> <br><br>Tuto kr\u00e1snou r\u016f\u017ei m\u016f\u017eete nab\u00eddnout pod klenbou, pro <strong>zvl\u00e1\u0161tn\u00ed p\u0159\u00edle\u017eitosti<\/strong> jako je Valent\u00fdn, v\u00fdro\u010d\u00ed nebo jen vyj\u00e1d\u0159en\u00ed vrouc\u00ed l\u00e1sky.<\/p>","protected":false},"excerpt":{"rendered":"V\u011b\u010dn\u00e1 r\u016f\u017ee symbolizuj\u00edc\u00ed v\u011b\u010dnou l\u00e1sku a siln\u00e9 emoce.Tento v\u00fdrobek obsahuje v\u011b\u010dnou r\u016f\u017ei v blankytn\u011b modr\u00e9 barv\u011b, obklopenou kr\u00e1sn\u00fdmi nebesky modr\u00fdmi kv\u011bty Smalls a jemnou sv\u011btelnou girlandu, kter\u00e1 rozz\u00e1\u0159\u00ed a vnese do va\u0161eho domova teplo a jemnost. Celek je zakryt\u00fd siln\u00fdm sklen\u011bn\u00fdm zvonem s p\u011bkn\u00fdm srd\u00ed\u010dkem, na kter\u00e9m je um\u00edst\u011bno [...]","protected":false},"featured_media":242,"template":"","meta":[],"product_brand":[],"product_cat":[15,36,21,35],"product_tag":[34],"class_list":{"0":"post-243","1":"product","2":"type-product","3":"status-publish","4":"has-post-thumbnail","6":"product_cat-all-products","7":"product_cat-best-sellers","8":"product_cat-blue-forever-rose","9":"product_cat-small-forever-rose","10":"product_tag-small-rose-in-glass","12":"first","13":"instock","14":"shipping-taxable","15":"purchasable","16":"product-type-simple"},"yoast_head":"<!-- This site is optimized with the Yoast SEO plugin v25.9 - https:\/\/yoast.com\/wordpress\/plugins\/seo\/ -->\n<title>Mini Eternal Rose under Glass Dome Cyan | \u010cesk\u00e1 republika Florist<\/title>\n<meta name=\"description\" content=\"Celebrate everlasting love with our Mini Eternal Rose under Glass Dome Cyan .\ud83c\udf39Symbolize your endless affection. Shop now and get a free...\" \/>\n<meta name=\"robots\" content=\"index, follow, max-snippet:-1, max-image-preview:large, max-video-preview:-1\" \/>\n<link rel=\"canonical\" href=\"https:\/\/petalwhim.com\/cs\/p\/mini-azurova-vecna-ruze-pod-sklenenou-kopuli\/\" \/>\n<meta property=\"og:locale\" content=\"cs_CZ\" \/>\n<meta property=\"og:type\" content=\"article\" \/>\n<meta property=\"og:title\" content=\"Mini Eternal Rose under Glass Dome Cyan | \u010cesk\u00e1 republika Florist\" \/>\n<meta property=\"og:description\" content=\"Celebrate everlasting love with our Mini Eternal Rose under Glass Dome Cyan .\ud83c\udf39Symbolize your endless affection. Shop now and get a free...\" \/>\n<meta property=\"og:url\" content=\"https:\/\/petalwhim.com\/cs\/p\/mini-azurova-vecna-ruze-pod-sklenenou-kopuli\/\" \/>\n<meta property=\"og:site_name\" content=\"Petal Whim\u2122\" \/>\n<meta property=\"article:modified_time\" content=\"2025-07-25T05:16:01+00:00\" \/>\n<meta property=\"og:image\" content=\"https:\/\/petalwhim.com\/wp-content\/uploads\/2024\/04\/product-image-1487364161.jpg\" \/>\n\t<meta property=\"og:image:width\" content=\"640\" \/>\n\t<meta property=\"og:image:height\" content=\"640\" \/>\n\t<meta property=\"og:image:type\" content=\"image\/jpeg\" \/>\n<meta name=\"twitter:card\" content=\"summary_large_image\" \/>\n<meta name=\"twitter:label1\" content=\"Odhadovan\u00e1 doba \u010dten\u00ed\" \/>\n\t<meta name=\"twitter:data1\" content=\"1 minuta\" \/>\n<script type=\"application\/ld+json\" class=\"yoast-schema-graph\">{\"@context\":\"https:\/\/schema.org\",\"@graph\":[{\"@type\":\"WebPage\",\"@id\":\"https:\/\/petalwhim.com\/p\/mini-cyan-eternal-rose-under-glass-dome\/\",\"url\":\"https:\/\/petalwhim.com\/p\/mini-cyan-eternal-rose-under-glass-dome\/\",\"name\":\"Mini Eternal Rose under Glass Dome Cyan | \u010cesk\u00e1 republika Florist\",\"isPartOf\":{\"@id\":\"https:\/\/petalwhim.com\/#website\"},\"primaryImageOfPage\":{\"@id\":\"https:\/\/petalwhim.com\/p\/mini-cyan-eternal-rose-under-glass-dome\/#primaryimage\"},\"image\":{\"@id\":\"https:\/\/petalwhim.com\/p\/mini-cyan-eternal-rose-under-glass-dome\/#primaryimage\"},\"thumbnailUrl\":\"https:\/\/petalwhim.com\/wp-content\/uploads\/2024\/04\/product-image-1487364161.jpg\",\"datePublished\":\"2024-04-19T05:02:28+00:00\",\"dateModified\":\"2025-07-25T05:16:01+00:00\",\"description\":\"Celebrate everlasting love with our Mini Eternal Rose under Glass Dome Cyan .\ud83c\udf39Symbolize your endless affection. Shop now and get a free...\",\"breadcrumb\":{\"@id\":\"https:\/\/petalwhim.com\/p\/mini-cyan-eternal-rose-under-glass-dome\/#breadcrumb\"},\"inLanguage\":\"cs\",\"potentialAction\":[{\"@type\":\"ReadAction\",\"target\":[\"https:\/\/petalwhim.com\/p\/mini-cyan-eternal-rose-under-glass-dome\/\"]}]},{\"@type\":\"ImageObject\",\"inLanguage\":\"cs\",\"@id\":\"https:\/\/petalwhim.com\/p\/mini-cyan-eternal-rose-under-glass-dome\/#primaryimage\",\"url\":\"https:\/\/petalwhim.com\/wp-content\/uploads\/2024\/04\/product-image-1487364161.jpg\",\"contentUrl\":\"https:\/\/petalwhim.com\/wp-content\/uploads\/2024\/04\/product-image-1487364161.jpg\",\"width\":640,\"height\":640,\"caption\":\"Mini Eternal Rose under Glass Dome Cyan\"},{\"@type\":\"BreadcrumbList\",\"@id\":\"https:\/\/petalwhim.com\/p\/mini-cyan-eternal-rose-under-glass-dome\/#breadcrumb\",\"itemListElement\":[{\"@type\":\"ListItem\",\"position\":1,\"name\":\"Home\",\"item\":\"https:\/\/petalwhim.com\/\"},{\"@type\":\"ListItem\",\"position\":2,\"name\":\"Shop\",\"item\":\"https:\/\/petalwhim.com\/shop\/\"},{\"@type\":\"ListItem\",\"position\":3,\"name\":\"Mini Eternal Rose under Glass Dome Cyan\"}]},{\"@type\":\"WebSite\",\"@id\":\"https:\/\/petalwhim.com\/#website\",\"url\":\"https:\/\/petalwhim.com\/\",\"name\":\"Petal Whim\u2122\",\"description\":\"Rose in Glass\",\"publisher\":{\"@id\":\"https:\/\/petalwhim.com\/#organization\"},\"potentialAction\":[{\"@type\":\"SearchAction\",\"target\":{\"@type\":\"EntryPoint\",\"urlTemplate\":\"https:\/\/petalwhim.com\/?s={search_term_string}\"},\"query-input\":{\"@type\":\"PropertyValueSpecification\",\"valueRequired\":true,\"valueName\":\"search_term_string\"}}],\"inLanguage\":\"cs\"},{\"@type\":\"Organization\",\"@id\":\"https:\/\/petalwhim.com\/#organization\",\"name\":\"Petal Whim\",\"alternateName\":\"Rose in Glass\",\"url\":\"https:\/\/petalwhim.com\/\",\"logo\":{\"@type\":\"ImageObject\",\"inLanguage\":\"cs\",\"@id\":\"https:\/\/petalwhim.com\/#\/schema\/logo\/image\/\",\"url\":\"https:\/\/petalwhim.com\/wp-content\/uploads\/2024\/05\/cropped-Petal-Whim-Favicon.png\",\"contentUrl\":\"https:\/\/petalwhim.com\/wp-content\/uploads\/2024\/05\/cropped-Petal-Whim-Favicon.png\",\"width\":512,\"height\":512,\"caption\":\"Petal Whim\"},\"image\":{\"@id\":\"https:\/\/petalwhim.com\/#\/schema\/logo\/image\/\"}}]}<\/script>\n<!-- \/ Yoast SEO plugin. -->","yoast_head_json":{"title":"Mini v\u011b\u010dn\u00e1 r\u016f\u017ee pod sklen\u011bnou kopul\u00ed Cyan | \u010cesk\u00e1 republika Kv\u011btin\u00e1\u0159stv\u00ed","description":"Oslavte v\u011b\u010dnou l\u00e1sku s na\u0161\u00ed mini v\u011b\u010dnou r\u016f\u017e\u00ed pod sklen\u011bnou kopul\u00ed azurov\u00e9 barvy \ud83c\udf39Symbolizujte svou nekone\u010dnou n\u00e1klonnost. Nakupujte nyn\u00ed a z\u00edskejte zdarma...","robots":{"index":"index","follow":"follow","max-snippet":"max-snippet:-1","max-image-preview":"max-image-preview:large","max-video-preview":"max-video-preview:-1"},"canonical":"https:\/\/petalwhim.com\/cs\/p\/mini-azurova-vecna-ruze-pod-sklenenou-kopuli\/","og_locale":"cs_CZ","og_type":"article","og_title":"Mini Eternal Rose under Glass Dome Cyan | \u010cesk\u00e1 republika Florist","og_description":"Celebrate everlasting love with our Mini Eternal Rose under Glass Dome Cyan .\ud83c\udf39Symbolize your endless affection. Shop now and get a free...","og_url":"https:\/\/petalwhim.com\/cs\/p\/mini-azurova-vecna-ruze-pod-sklenenou-kopuli\/","og_site_name":"Petal Whim\u2122","article_modified_time":"2025-07-25T05:16:01+00:00","og_image":[{"width":640,"height":640,"url":"https:\/\/petalwhim.com\/wp-content\/uploads\/2024\/04\/product-image-1487364161.jpg","type":"image\/jpeg"}],"twitter_card":"summary_large_image","twitter_misc":{"Odhadovan\u00e1 doba \u010dten\u00ed":"1 minuta"},"schema":{"@context":"https:\/\/schema.org","@graph":[{"@type":"WebPage","@id":"https:\/\/petalwhim.com\/p\/mini-cyan-eternal-rose-under-glass-dome\/","url":"https:\/\/petalwhim.com\/p\/mini-cyan-eternal-rose-under-glass-dome\/","name":"Mini v\u011b\u010dn\u00e1 r\u016f\u017ee pod sklen\u011bnou kopul\u00ed Cyan | \u010cesk\u00e1 republika Kv\u011btin\u00e1\u0159stv\u00ed","isPartOf":{"@id":"https:\/\/petalwhim.com\/#website"},"primaryImageOfPage":{"@id":"https:\/\/petalwhim.com\/p\/mini-cyan-eternal-rose-under-glass-dome\/#primaryimage"},"image":{"@id":"https:\/\/petalwhim.com\/p\/mini-cyan-eternal-rose-under-glass-dome\/#primaryimage"},"thumbnailUrl":"https:\/\/petalwhim.com\/wp-content\/uploads\/2024\/04\/product-image-1487364161.jpg","datePublished":"2024-04-19T05:02:28+00:00","dateModified":"2025-07-25T05:16:01+00:00","description":"Oslavte v\u011b\u010dnou l\u00e1sku s na\u0161\u00ed mini v\u011b\u010dnou r\u016f\u017e\u00ed pod sklen\u011bnou kopul\u00ed azurov\u00e9 barvy \ud83c\udf39Symbolizujte svou nekone\u010dnou n\u00e1klonnost. Nakupujte nyn\u00ed a z\u00edskejte zdarma...","breadcrumb":{"@id":"https:\/\/petalwhim.com\/p\/mini-cyan-eternal-rose-under-glass-dome\/#breadcrumb"},"inLanguage":"cs","potentialAction":[{"@type":"ReadAction","target":["https:\/\/petalwhim.com\/p\/mini-cyan-eternal-rose-under-glass-dome\/"]}]},{"@type":"ImageObject","inLanguage":"cs","@id":"https:\/\/petalwhim.com\/p\/mini-cyan-eternal-rose-under-glass-dome\/#primaryimage","url":"https:\/\/petalwhim.com\/wp-content\/uploads\/2024\/04\/product-image-1487364161.jpg","contentUrl":"https:\/\/petalwhim.com\/wp-content\/uploads\/2024\/04\/product-image-1487364161.jpg","width":640,"height":640,"caption":"Mini Eternal Rose under Glass Dome Cyan"},{"@type":"BreadcrumbList","@id":"https:\/\/petalwhim.com\/p\/mini-cyan-eternal-rose-under-glass-dome\/#breadcrumb","itemListElement":[{"@type":"ListItem","position":1,"name":"Home","item":"https:\/\/petalwhim.com\/"},{"@type":"ListItem","position":2,"name":"Shop","item":"https:\/\/petalwhim.com\/shop\/"},{"@type":"ListItem","position":3,"name":"Mini Eternal Rose under Glass Dome Cyan"}]},{"@type":"WebSite","@id":"https:\/\/petalwhim.com\/#website","url":"https:\/\/petalwhim.com\/","name":"Petal Whim\u2122","description":"R\u016f\u017ee ve skle","publisher":{"@id":"https:\/\/petalwhim.com\/#organization"},"potentialAction":[{"@type":"SearchAction","target":{"@type":"EntryPoint","urlTemplate":"https:\/\/petalwhim.com\/?s={search_term_string}"},"query-input":{"@type":"PropertyValueSpecification","valueRequired":true,"valueName":"search_term_string"}}],"inLanguage":"cs"},{"@type":"Organization","@id":"https:\/\/petalwhim.com\/#organization","name":"Petal Whim","alternateName":"Rose in Glass","url":"https:\/\/petalwhim.com\/","logo":{"@type":"ImageObject","inLanguage":"cs","@id":"https:\/\/petalwhim.com\/#\/schema\/logo\/image\/","url":"https:\/\/petalwhim.com\/wp-content\/uploads\/2024\/05\/cropped-Petal-Whim-Favicon.png","contentUrl":"https:\/\/petalwhim.com\/wp-content\/uploads\/2024\/05\/cropped-Petal-Whim-Favicon.png","width":512,"height":512,"caption":"Petal Whim"},"image":{"@id":"https:\/\/petalwhim.com\/#\/schema\/logo\/image\/"}}]}},"_links":{"self":[{"href":"https:\/\/petalwhim.com\/cs\/wp-json\/wp\/v2\/product\/243","targetHints":{"allow":["GET"]}}],"collection":[{"href":"https:\/\/petalwhim.com\/cs\/wp-json\/wp\/v2\/product"}],"about":[{"href":"https:\/\/petalwhim.com\/cs\/wp-json\/wp\/v2\/types\/product"}],"wp:featuredmedia":[{"embeddable":true,"href":"https:\/\/petalwhim.com\/cs\/wp-json\/wp\/v2\/media\/242"}],"wp:attachment":[{"href":"https:\/\/petalwhim.com\/cs\/wp-json\/wp\/v2\/media?parent=243"}],"wp:term":[{"taxonomy":"product_brand","embeddable":true,"href":"https:\/\/petalwhim.com\/cs\/wp-json\/wp\/v2\/product_brand?post=243"},{"taxonomy":"product_cat","embeddable":true,"href":"https:\/\/petalwhim.com\/cs\/wp-json\/wp\/v2\/product_cat?post=243"},{"taxonomy":"product_tag","embeddable":true,"href":"https:\/\/petalwhim.com\/cs\/wp-json\/wp\/v2\/product_tag?post=243"}],"curies":[{"name":"wp","href":"https:\/\/api.w.org\/{rel}","templated":true}]}}