{"id":235,"date":"2024-04-19T05:02:13","date_gmt":"2024-04-19T05:02:13","guid":{"rendered":"https:\/\/petalwhim.com\/p\/mini-white-and-green-eternal-rose-under-glass-dome\/"},"modified":"2025-07-25T05:16:01","modified_gmt":"2025-07-25T05:16:01","slug":"mini-bila-a-zelena-vecna-ruze-pod-sklenenou-kopuli","status":"publish","type":"product","link":"https:\/\/petalwhim.com\/cs\/p\/mini-bila-a-zelena-vecna-ruze-pod-sklenenou-kopuli\/","title":{"rendered":"<span>Mini v\u011b\u010dn\u00e1 r\u016f\u017ee pod sklen\u011bnou kopul\u00ed <\/span><span class=\"product-title-custom\">B\u00edl\u00e1 a zelen\u00e1<\/span>"},"content":{"rendered":"<h2>Nab\u00eddn\u011bte tuto miniaturn\u00ed v\u011b\u010dnou r\u016f\u017ei pod b\u00edlou a zelenou k\u0161iltovkou k j\u00eddlu ve venkovsk\u00e9m stylu.<\/h2><p>Tato n\u00e1dhern\u00e1 mini r\u016f\u017ee je jemn\u011b um\u00edst\u011bna na d\u0159ev\u011bn\u00e9m podstavci a je obklopena r\u016f\u017ei\u010dkou. <strong>mini t\u0159pytiv\u00fd v\u011bnec<\/strong>. Je upraven dekorativn\u00edmi prvky p\u0159ipom\u00ednaj\u00edc\u00edmi p\u0159\u00edrodu. Jeho sklen\u011bn\u00fd zvonek je zakon\u010den mal\u00fdm srdcem.<\/p><p>Miniaturn\u00ed v\u011b\u010dn\u00e1 r\u016f\u017ee se dod\u00e1v\u00e1 ve dvou barv\u00e1ch: b\u00edl\u00e9 a zelen\u00e9, v pastelov\u00e9m proveden\u00ed. B\u00edl\u00e1 symbolizuje \u010distotu, nevinnost a sv\u011b\u017eest. Zelen\u00e1 je pova\u017eov\u00e1na za <strong>pozitivn\u00ed barva<\/strong> vyz\u00fdv\u00e1 k nad\u011bji, stabilit\u011b a optimismu.<\/p><p>M\u016f\u017eete pou\u017e\u00edt tento <strong>mini v\u011b\u010dn\u00e1 b\u00edl\u00e1 a zelen\u00e1 r\u016f\u017ee<\/strong> na ozdobu svatebn\u00edho stolu, k p\u0159ij\u00edm\u00e1n\u00ed nebo k\u0159tin\u00e1m M\u016f\u017ee to b\u00fdt d\u00e1rek pro hostitelku u p\u0159\u00edle\u017eitosti svatebn\u00ed hostiny. <strong>pitn\u00fd re\u017eim<\/strong>, podzimn\u00ed nebo prost\u011b <strong>Valent\u00fdnsk\u00fd d\u00e1rek nebo d\u00e1rek k narozenin\u00e1m<\/strong>.<\/p>","protected":false},"excerpt":{"rendered":"Nab\u00eddn\u011bte tuto miniaturn\u00ed v\u011b\u010dnou r\u016f\u017ei pod b\u00edlozelenou klenbou k j\u00eddlu ve venkovsk\u00e9m styluTato n\u00e1dhern\u00e1 miniaturn\u00ed r\u016f\u017ee je jemn\u011b um\u00edst\u011bna na d\u0159ev\u011bn\u00e9m podstavci a je obklopena miniaturn\u00edm t\u0159pytiv\u00fdm v\u011bncem. Je upravena dekorativn\u00edmi prvky p\u0159ipom\u00ednaj\u00edc\u00edmi p\u0159\u00edrodu. Jej\u00ed sklen\u011bn\u00fd zvonek je zakon\u010den mal\u00fdm srdcem.Mini v\u011b\u010dn\u00e1 r\u016f\u017ee se dod\u00e1v\u00e1 s [...]","protected":false},"featured_media":234,"template":"","meta":[],"product_brand":[],"product_cat":[15,36,35,20],"product_tag":[34],"class_list":{"0":"post-235","1":"product","2":"type-product","3":"status-publish","4":"has-post-thumbnail","6":"product_cat-all-products","7":"product_cat-best-sellers","8":"product_cat-small-forever-rose","9":"product_cat-white-forever-rose","10":"product_tag-small-rose-in-glass","12":"first","13":"instock","14":"shipping-taxable","15":"purchasable","16":"product-type-simple"},"yoast_head":"<!-- This site is optimized with the Yoast SEO plugin v25.9 - https:\/\/yoast.com\/wordpress\/plugins\/seo\/ -->\n<title>Mini Eternal Rose under Glass Dome White and Green | \u010cesk\u00e1 republika Florist<\/title>\n<meta name=\"description\" content=\"Celebrate everlasting love with our Mini Eternal Rose under Glass Dome White and Green .\ud83c\udf39Symbolize your endless affection. Shop now and get a free...\" \/>\n<meta name=\"robots\" content=\"index, follow, max-snippet:-1, max-image-preview:large, max-video-preview:-1\" \/>\n<link rel=\"canonical\" href=\"https:\/\/petalwhim.com\/cs\/p\/mini-bila-a-zelena-vecna-ruze-pod-sklenenou-kopuli\/\" \/>\n<meta property=\"og:locale\" content=\"cs_CZ\" \/>\n<meta property=\"og:type\" content=\"article\" \/>\n<meta property=\"og:title\" content=\"Mini Eternal Rose under Glass Dome White and Green | \u010cesk\u00e1 republika Florist\" \/>\n<meta property=\"og:description\" content=\"Celebrate everlasting love with our Mini Eternal Rose under Glass Dome White and Green .\ud83c\udf39Symbolize your endless affection. Shop now and get a free...\" \/>\n<meta property=\"og:url\" content=\"https:\/\/petalwhim.com\/cs\/p\/mini-bila-a-zelena-vecna-ruze-pod-sklenenou-kopuli\/\" \/>\n<meta property=\"og:site_name\" content=\"Petal Whim\u2122\" \/>\n<meta property=\"article:modified_time\" content=\"2025-07-25T05:16:01+00:00\" \/>\n<meta property=\"og:image\" content=\"https:\/\/petalwhim.com\/wp-content\/uploads\/2024\/04\/product-image-1487364154_053203a4-48cd-4c22-b06a-cb3b0744fbf2.jpg\" \/>\n\t<meta property=\"og:image:width\" content=\"640\" \/>\n\t<meta property=\"og:image:height\" content=\"640\" \/>\n\t<meta property=\"og:image:type\" content=\"image\/jpeg\" \/>\n<meta name=\"twitter:card\" content=\"summary_large_image\" \/>\n<meta name=\"twitter:label1\" content=\"Odhadovan\u00e1 doba \u010dten\u00ed\" \/>\n\t<meta name=\"twitter:data1\" content=\"1 minuta\" \/>\n<script type=\"application\/ld+json\" class=\"yoast-schema-graph\">{\"@context\":\"https:\/\/schema.org\",\"@graph\":[{\"@type\":\"WebPage\",\"@id\":\"https:\/\/petalwhim.com\/p\/mini-white-and-green-eternal-rose-under-glass-dome\/\",\"url\":\"https:\/\/petalwhim.com\/p\/mini-white-and-green-eternal-rose-under-glass-dome\/\",\"name\":\"Mini Eternal Rose under Glass Dome White and Green | \u010cesk\u00e1 republika Florist\",\"isPartOf\":{\"@id\":\"https:\/\/petalwhim.com\/#website\"},\"primaryImageOfPage\":{\"@id\":\"https:\/\/petalwhim.com\/p\/mini-white-and-green-eternal-rose-under-glass-dome\/#primaryimage\"},\"image\":{\"@id\":\"https:\/\/petalwhim.com\/p\/mini-white-and-green-eternal-rose-under-glass-dome\/#primaryimage\"},\"thumbnailUrl\":\"https:\/\/petalwhim.com\/wp-content\/uploads\/2024\/04\/product-image-1487364154_053203a4-48cd-4c22-b06a-cb3b0744fbf2.jpg\",\"datePublished\":\"2024-04-19T05:02:13+00:00\",\"dateModified\":\"2025-07-25T05:16:01+00:00\",\"description\":\"Celebrate everlasting love with our Mini Eternal Rose under Glass Dome White and Green .\ud83c\udf39Symbolize your endless affection. Shop now and get a free...\",\"breadcrumb\":{\"@id\":\"https:\/\/petalwhim.com\/p\/mini-white-and-green-eternal-rose-under-glass-dome\/#breadcrumb\"},\"inLanguage\":\"cs\",\"potentialAction\":[{\"@type\":\"ReadAction\",\"target\":[\"https:\/\/petalwhim.com\/p\/mini-white-and-green-eternal-rose-under-glass-dome\/\"]}]},{\"@type\":\"ImageObject\",\"inLanguage\":\"cs\",\"@id\":\"https:\/\/petalwhim.com\/p\/mini-white-and-green-eternal-rose-under-glass-dome\/#primaryimage\",\"url\":\"https:\/\/petalwhim.com\/wp-content\/uploads\/2024\/04\/product-image-1487364154_053203a4-48cd-4c22-b06a-cb3b0744fbf2.jpg\",\"contentUrl\":\"https:\/\/petalwhim.com\/wp-content\/uploads\/2024\/04\/product-image-1487364154_053203a4-48cd-4c22-b06a-cb3b0744fbf2.jpg\",\"width\":640,\"height\":640,\"caption\":\"Mini Eternal Rose under Glass Dome White and Green\"},{\"@type\":\"BreadcrumbList\",\"@id\":\"https:\/\/petalwhim.com\/p\/mini-white-and-green-eternal-rose-under-glass-dome\/#breadcrumb\",\"itemListElement\":[{\"@type\":\"ListItem\",\"position\":1,\"name\":\"Home\",\"item\":\"https:\/\/petalwhim.com\/\"},{\"@type\":\"ListItem\",\"position\":2,\"name\":\"Shop\",\"item\":\"https:\/\/petalwhim.com\/shop\/\"},{\"@type\":\"ListItem\",\"position\":3,\"name\":\"Mini Eternal Rose under Glass Dome White and Green\"}]},{\"@type\":\"WebSite\",\"@id\":\"https:\/\/petalwhim.com\/#website\",\"url\":\"https:\/\/petalwhim.com\/\",\"name\":\"Petal Whim\u2122\",\"description\":\"Rose in Glass\",\"publisher\":{\"@id\":\"https:\/\/petalwhim.com\/#organization\"},\"potentialAction\":[{\"@type\":\"SearchAction\",\"target\":{\"@type\":\"EntryPoint\",\"urlTemplate\":\"https:\/\/petalwhim.com\/?s={search_term_string}\"},\"query-input\":{\"@type\":\"PropertyValueSpecification\",\"valueRequired\":true,\"valueName\":\"search_term_string\"}}],\"inLanguage\":\"cs\"},{\"@type\":\"Organization\",\"@id\":\"https:\/\/petalwhim.com\/#organization\",\"name\":\"Petal Whim\",\"alternateName\":\"Rose in Glass\",\"url\":\"https:\/\/petalwhim.com\/\",\"logo\":{\"@type\":\"ImageObject\",\"inLanguage\":\"cs\",\"@id\":\"https:\/\/petalwhim.com\/#\/schema\/logo\/image\/\",\"url\":\"https:\/\/petalwhim.com\/wp-content\/uploads\/2024\/05\/cropped-Petal-Whim-Favicon.png\",\"contentUrl\":\"https:\/\/petalwhim.com\/wp-content\/uploads\/2024\/05\/cropped-Petal-Whim-Favicon.png\",\"width\":512,\"height\":512,\"caption\":\"Petal Whim\"},\"image\":{\"@id\":\"https:\/\/petalwhim.com\/#\/schema\/logo\/image\/\"}}]}<\/script>\n<!-- \/ Yoast SEO plugin. -->","yoast_head_json":{"title":"Mini v\u011b\u010dn\u00e1 r\u016f\u017ee pod sklen\u011bnou kopul\u00ed b\u00edl\u00e1 a zelen\u00e1 | \u010cesk\u00e1 republika Kv\u011btin\u00e1\u0159stv\u00ed","description":"Oslavte v\u011b\u010dnou l\u00e1sku s na\u0161\u00ed mini v\u011b\u010dnou r\u016f\u017e\u00ed pod sklen\u011bnou kopul\u00ed v b\u00edl\u00e9 a zelen\u00e9 barv\u011b \ud83c\udf39Symbolizujte svou nekone\u010dnou n\u00e1klonnost. Nakupujte nyn\u00ed a z\u00edskejte zdarma...","robots":{"index":"index","follow":"follow","max-snippet":"max-snippet:-1","max-image-preview":"max-image-preview:large","max-video-preview":"max-video-preview:-1"},"canonical":"https:\/\/petalwhim.com\/cs\/p\/mini-bila-a-zelena-vecna-ruze-pod-sklenenou-kopuli\/","og_locale":"cs_CZ","og_type":"article","og_title":"Mini Eternal Rose under Glass Dome White and Green | \u010cesk\u00e1 republika Florist","og_description":"Celebrate everlasting love with our Mini Eternal Rose under Glass Dome White and Green .\ud83c\udf39Symbolize your endless affection. Shop now and get a free...","og_url":"https:\/\/petalwhim.com\/cs\/p\/mini-bila-a-zelena-vecna-ruze-pod-sklenenou-kopuli\/","og_site_name":"Petal Whim\u2122","article_modified_time":"2025-07-25T05:16:01+00:00","og_image":[{"width":640,"height":640,"url":"https:\/\/petalwhim.com\/wp-content\/uploads\/2024\/04\/product-image-1487364154_053203a4-48cd-4c22-b06a-cb3b0744fbf2.jpg","type":"image\/jpeg"}],"twitter_card":"summary_large_image","twitter_misc":{"Odhadovan\u00e1 doba \u010dten\u00ed":"1 minuta"},"schema":{"@context":"https:\/\/schema.org","@graph":[{"@type":"WebPage","@id":"https:\/\/petalwhim.com\/p\/mini-white-and-green-eternal-rose-under-glass-dome\/","url":"https:\/\/petalwhim.com\/p\/mini-white-and-green-eternal-rose-under-glass-dome\/","name":"Mini v\u011b\u010dn\u00e1 r\u016f\u017ee pod sklen\u011bnou kopul\u00ed b\u00edl\u00e1 a zelen\u00e1 | \u010cesk\u00e1 republika Kv\u011btin\u00e1\u0159stv\u00ed","isPartOf":{"@id":"https:\/\/petalwhim.com\/#website"},"primaryImageOfPage":{"@id":"https:\/\/petalwhim.com\/p\/mini-white-and-green-eternal-rose-under-glass-dome\/#primaryimage"},"image":{"@id":"https:\/\/petalwhim.com\/p\/mini-white-and-green-eternal-rose-under-glass-dome\/#primaryimage"},"thumbnailUrl":"https:\/\/petalwhim.com\/wp-content\/uploads\/2024\/04\/product-image-1487364154_053203a4-48cd-4c22-b06a-cb3b0744fbf2.jpg","datePublished":"2024-04-19T05:02:13+00:00","dateModified":"2025-07-25T05:16:01+00:00","description":"Oslavte v\u011b\u010dnou l\u00e1sku s na\u0161\u00ed mini v\u011b\u010dnou r\u016f\u017e\u00ed pod sklen\u011bnou kopul\u00ed v b\u00edl\u00e9 a zelen\u00e9 barv\u011b \ud83c\udf39Symbolizujte svou nekone\u010dnou n\u00e1klonnost. Nakupujte nyn\u00ed a z\u00edskejte zdarma...","breadcrumb":{"@id":"https:\/\/petalwhim.com\/p\/mini-white-and-green-eternal-rose-under-glass-dome\/#breadcrumb"},"inLanguage":"cs","potentialAction":[{"@type":"ReadAction","target":["https:\/\/petalwhim.com\/p\/mini-white-and-green-eternal-rose-under-glass-dome\/"]}]},{"@type":"ImageObject","inLanguage":"cs","@id":"https:\/\/petalwhim.com\/p\/mini-white-and-green-eternal-rose-under-glass-dome\/#primaryimage","url":"https:\/\/petalwhim.com\/wp-content\/uploads\/2024\/04\/product-image-1487364154_053203a4-48cd-4c22-b06a-cb3b0744fbf2.jpg","contentUrl":"https:\/\/petalwhim.com\/wp-content\/uploads\/2024\/04\/product-image-1487364154_053203a4-48cd-4c22-b06a-cb3b0744fbf2.jpg","width":640,"height":640,"caption":"Mini Eternal Rose under Glass Dome White and Green"},{"@type":"BreadcrumbList","@id":"https:\/\/petalwhim.com\/p\/mini-white-and-green-eternal-rose-under-glass-dome\/#breadcrumb","itemListElement":[{"@type":"ListItem","position":1,"name":"Home","item":"https:\/\/petalwhim.com\/"},{"@type":"ListItem","position":2,"name":"Shop","item":"https:\/\/petalwhim.com\/shop\/"},{"@type":"ListItem","position":3,"name":"Mini Eternal Rose under Glass Dome White and Green"}]},{"@type":"WebSite","@id":"https:\/\/petalwhim.com\/#website","url":"https:\/\/petalwhim.com\/","name":"Petal Whim\u2122","description":"R\u016f\u017ee ve skle","publisher":{"@id":"https:\/\/petalwhim.com\/#organization"},"potentialAction":[{"@type":"SearchAction","target":{"@type":"EntryPoint","urlTemplate":"https:\/\/petalwhim.com\/?s={search_term_string}"},"query-input":{"@type":"PropertyValueSpecification","valueRequired":true,"valueName":"search_term_string"}}],"inLanguage":"cs"},{"@type":"Organization","@id":"https:\/\/petalwhim.com\/#organization","name":"Petal Whim","alternateName":"Rose in Glass","url":"https:\/\/petalwhim.com\/","logo":{"@type":"ImageObject","inLanguage":"cs","@id":"https:\/\/petalwhim.com\/#\/schema\/logo\/image\/","url":"https:\/\/petalwhim.com\/wp-content\/uploads\/2024\/05\/cropped-Petal-Whim-Favicon.png","contentUrl":"https:\/\/petalwhim.com\/wp-content\/uploads\/2024\/05\/cropped-Petal-Whim-Favicon.png","width":512,"height":512,"caption":"Petal Whim"},"image":{"@id":"https:\/\/petalwhim.com\/#\/schema\/logo\/image\/"}}]}},"_links":{"self":[{"href":"https:\/\/petalwhim.com\/cs\/wp-json\/wp\/v2\/product\/235","targetHints":{"allow":["GET"]}}],"collection":[{"href":"https:\/\/petalwhim.com\/cs\/wp-json\/wp\/v2\/product"}],"about":[{"href":"https:\/\/petalwhim.com\/cs\/wp-json\/wp\/v2\/types\/product"}],"wp:featuredmedia":[{"embeddable":true,"href":"https:\/\/petalwhim.com\/cs\/wp-json\/wp\/v2\/media\/234"}],"wp:attachment":[{"href":"https:\/\/petalwhim.com\/cs\/wp-json\/wp\/v2\/media?parent=235"}],"wp:term":[{"taxonomy":"product_brand","embeddable":true,"href":"https:\/\/petalwhim.com\/cs\/wp-json\/wp\/v2\/product_brand?post=235"},{"taxonomy":"product_cat","embeddable":true,"href":"https:\/\/petalwhim.com\/cs\/wp-json\/wp\/v2\/product_cat?post=235"},{"taxonomy":"product_tag","embeddable":true,"href":"https:\/\/petalwhim.com\/cs\/wp-json\/wp\/v2\/product_tag?post=235"}],"curies":[{"name":"wp","href":"https:\/\/api.w.org\/{rel}","templated":true}]}}