{"id":229,"date":"2024-04-19T05:01:59","date_gmt":"2024-04-19T05:01:59","guid":{"rendered":"https:\/\/petalwhim.com\/p\/mini-pink-and-violet-eternal-rose-under-glass-dome\/"},"modified":"2025-07-25T05:16:02","modified_gmt":"2025-07-25T05:16:02","slug":"mini-ruzova-a-fialova-vecna-ruze-pod-sklenenou-kopuli","status":"publish","type":"product","link":"https:\/\/petalwhim.com\/cs\/p\/mini-ruzova-a-fialova-vecna-ruze-pod-sklenenou-kopuli\/","title":{"rendered":"<span>Mini v\u011b\u010dn\u00e1 r\u016f\u017ee pod sklen\u011bnou kopul\u00ed <\/span><span class=\"product-title-custom\">R\u016f\u017eov\u00e1 a fialov\u00e1<\/span>"},"content":{"rendered":"<h2>B\u00e1je\u010dn\u00e1 a romantick\u00e1 v\u011b\u010dn\u00e1 r\u016f\u017ee pod klenbou<\/h2><p>Pod z\u00e1p\u011bstn\u00ed klenbou ve tvaru srdce objev\u00edte n\u00e1dhernou r\u016f\u017ei, v n\u00ed\u017e se m\u00eds\u00ed r\u016f\u017eov\u00e1 a fialov\u00e1 barva. Jemn\u011b spo\u010d\u00edv\u00e1 na mechov\u00e9m pouzd\u0159e a je obklopena perlami a drobn\u00fdmi r\u016f\u017eov\u00fdmi kv\u011bty.<br><br>R\u016f\u017eov\u00e1 barva evokuje romantiku a n\u011bhu. Rozz\u00e1\u0159\u00ed den obdarovan\u00e9ho. Fialov\u00e1 barva oslavuje zasn\u011bnost a jemnost a tak\u00e9 klid.<br><br>Darov\u00e1n\u00edm t\u00e9to vynikaj\u00edc\u00ed v\u011b\u010dn\u00e9 r\u016f\u017ee pod r\u016f\u017eovofialov\u00fdm pl\u00e1\u0161t\u011bm dok\u00e1\u017eete sv\u00e9 milovan\u00e9 osob\u011b, jak moc v\u00e1m na n\u00ed z\u00e1le\u017e\u00ed. D\u00e1v\u00e1te j\u00ed najevo, \u017ee va\u0161e l\u00e1ska je siln\u011bj\u0161\u00ed ne\u017e kdy jindy. M\u016f\u017ee to b\u00fdt tak\u00e9 kr\u00e1sn\u00fd d\u00e1rek, kter\u00fd doprovod\u00ed \u017e\u00e1dost o ruku, nebo prost\u011b tato v\u011b\u010dn\u00e1 r\u016f\u017ee bude symbolem va\u0161\u00ed v\u00e1\u0161n\u011b.    <\/p>","protected":false},"excerpt":{"rendered":"B\u00e1je\u010dn\u00e1 a romantick\u00e1 v\u011b\u010dn\u00e1 r\u016f\u017ee pod pl\u00e1\u0161t\u011bnkouPod pl\u00e1\u0161t\u011bnkou na z\u00e1p\u011bst\u00ed ve tvaru srdce objev\u00edte n\u00e1dhernou r\u016f\u017ei, v n\u00ed\u017e se snoub\u00ed r\u016f\u017eov\u00e1 a fialov\u00e1 barva. Jemn\u011b spo\u010d\u00edv\u00e1 na mechov\u00e9m pouzd\u0159e a je obklopena perlami a drobn\u00fdmi r\u016f\u017eov\u00fdmi kv\u011bty.r\u016f\u017eov\u00e1 barva evokuje romantiku a n\u011bhu. Obdarovan\u00e9mu rozz\u00e1\u0159\u00ed den. Fialov\u00e1 barva oslavuje zasn\u011bnost a [...]","protected":false},"featured_media":228,"template":"","meta":[],"product_brand":[],"product_cat":[15,36,35],"product_tag":[34],"class_list":{"0":"post-229","1":"product","2":"type-product","3":"status-publish","4":"has-post-thumbnail","6":"product_cat-all-products","7":"product_cat-best-sellers","8":"product_cat-small-forever-rose","9":"product_tag-small-rose-in-glass","11":"first","12":"instock","13":"shipping-taxable","14":"purchasable","15":"product-type-simple"},"yoast_head":"<!-- This site is optimized with the Yoast SEO plugin v25.9 - https:\/\/yoast.com\/wordpress\/plugins\/seo\/ -->\n<title>Mini Eternal Rose under Glass Dome Pink and Violet | \u010cesk\u00e1 republika Florist<\/title>\n<meta name=\"description\" content=\"Celebrate everlasting love with our Mini Eternal Rose under Glass Dome Pink and Violet .\ud83c\udf39Symbolize your endless affection. Shop now and get a free...\" \/>\n<meta name=\"robots\" content=\"index, follow, max-snippet:-1, max-image-preview:large, max-video-preview:-1\" \/>\n<link rel=\"canonical\" href=\"https:\/\/petalwhim.com\/cs\/p\/mini-ruzova-a-fialova-vecna-ruze-pod-sklenenou-kopuli\/\" \/>\n<meta property=\"og:locale\" content=\"cs_CZ\" \/>\n<meta property=\"og:type\" content=\"article\" \/>\n<meta property=\"og:title\" content=\"Mini Eternal Rose under Glass Dome Pink and Violet | \u010cesk\u00e1 republika Florist\" \/>\n<meta property=\"og:description\" content=\"Celebrate everlasting love with our Mini Eternal Rose under Glass Dome Pink and Violet .\ud83c\udf39Symbolize your endless affection. Shop now and get a free...\" \/>\n<meta property=\"og:url\" content=\"https:\/\/petalwhim.com\/cs\/p\/mini-ruzova-a-fialova-vecna-ruze-pod-sklenenou-kopuli\/\" \/>\n<meta property=\"og:site_name\" content=\"Petal Whim\u2122\" \/>\n<meta property=\"article:modified_time\" content=\"2025-07-25T05:16:02+00:00\" \/>\n<meta property=\"og:image\" content=\"https:\/\/petalwhim.com\/wp-content\/uploads\/2024\/04\/product-image-1487364156_05749d4d-0a62-4042-b220-174ffd02837d.jpg\" \/>\n\t<meta property=\"og:image:width\" content=\"640\" \/>\n\t<meta property=\"og:image:height\" content=\"640\" \/>\n\t<meta property=\"og:image:type\" content=\"image\/jpeg\" \/>\n<meta name=\"twitter:card\" content=\"summary_large_image\" \/>\n<meta name=\"twitter:label1\" content=\"Odhadovan\u00e1 doba \u010dten\u00ed\" \/>\n\t<meta name=\"twitter:data1\" content=\"1 minuta\" \/>\n<script type=\"application\/ld+json\" class=\"yoast-schema-graph\">{\"@context\":\"https:\/\/schema.org\",\"@graph\":[{\"@type\":\"WebPage\",\"@id\":\"https:\/\/petalwhim.com\/p\/mini-pink-and-violet-eternal-rose-under-glass-dome\/\",\"url\":\"https:\/\/petalwhim.com\/p\/mini-pink-and-violet-eternal-rose-under-glass-dome\/\",\"name\":\"Mini Eternal Rose under Glass Dome Pink and Violet | \u010cesk\u00e1 republika Florist\",\"isPartOf\":{\"@id\":\"https:\/\/petalwhim.com\/#website\"},\"primaryImageOfPage\":{\"@id\":\"https:\/\/petalwhim.com\/p\/mini-pink-and-violet-eternal-rose-under-glass-dome\/#primaryimage\"},\"image\":{\"@id\":\"https:\/\/petalwhim.com\/p\/mini-pink-and-violet-eternal-rose-under-glass-dome\/#primaryimage\"},\"thumbnailUrl\":\"https:\/\/petalwhim.com\/wp-content\/uploads\/2024\/04\/product-image-1487364156_05749d4d-0a62-4042-b220-174ffd02837d.jpg\",\"datePublished\":\"2024-04-19T05:01:59+00:00\",\"dateModified\":\"2025-07-25T05:16:02+00:00\",\"description\":\"Celebrate everlasting love with our Mini Eternal Rose under Glass Dome Pink and Violet .\ud83c\udf39Symbolize your endless affection. Shop now and get a free...\",\"breadcrumb\":{\"@id\":\"https:\/\/petalwhim.com\/p\/mini-pink-and-violet-eternal-rose-under-glass-dome\/#breadcrumb\"},\"inLanguage\":\"cs\",\"potentialAction\":[{\"@type\":\"ReadAction\",\"target\":[\"https:\/\/petalwhim.com\/p\/mini-pink-and-violet-eternal-rose-under-glass-dome\/\"]}]},{\"@type\":\"ImageObject\",\"inLanguage\":\"cs\",\"@id\":\"https:\/\/petalwhim.com\/p\/mini-pink-and-violet-eternal-rose-under-glass-dome\/#primaryimage\",\"url\":\"https:\/\/petalwhim.com\/wp-content\/uploads\/2024\/04\/product-image-1487364156_05749d4d-0a62-4042-b220-174ffd02837d.jpg\",\"contentUrl\":\"https:\/\/petalwhim.com\/wp-content\/uploads\/2024\/04\/product-image-1487364156_05749d4d-0a62-4042-b220-174ffd02837d.jpg\",\"width\":640,\"height\":640,\"caption\":\"Mini Eternal Rose under Glass Dome Pink and Violet\"},{\"@type\":\"BreadcrumbList\",\"@id\":\"https:\/\/petalwhim.com\/p\/mini-pink-and-violet-eternal-rose-under-glass-dome\/#breadcrumb\",\"itemListElement\":[{\"@type\":\"ListItem\",\"position\":1,\"name\":\"Home\",\"item\":\"https:\/\/petalwhim.com\/\"},{\"@type\":\"ListItem\",\"position\":2,\"name\":\"Shop\",\"item\":\"https:\/\/petalwhim.com\/shop\/\"},{\"@type\":\"ListItem\",\"position\":3,\"name\":\"Mini Eternal Rose under Glass Dome Pink and Violet\"}]},{\"@type\":\"WebSite\",\"@id\":\"https:\/\/petalwhim.com\/#website\",\"url\":\"https:\/\/petalwhim.com\/\",\"name\":\"Petal Whim\u2122\",\"description\":\"Rose in Glass\",\"publisher\":{\"@id\":\"https:\/\/petalwhim.com\/#organization\"},\"potentialAction\":[{\"@type\":\"SearchAction\",\"target\":{\"@type\":\"EntryPoint\",\"urlTemplate\":\"https:\/\/petalwhim.com\/?s={search_term_string}\"},\"query-input\":{\"@type\":\"PropertyValueSpecification\",\"valueRequired\":true,\"valueName\":\"search_term_string\"}}],\"inLanguage\":\"cs\"},{\"@type\":\"Organization\",\"@id\":\"https:\/\/petalwhim.com\/#organization\",\"name\":\"Petal Whim\",\"alternateName\":\"Rose in Glass\",\"url\":\"https:\/\/petalwhim.com\/\",\"logo\":{\"@type\":\"ImageObject\",\"inLanguage\":\"cs\",\"@id\":\"https:\/\/petalwhim.com\/#\/schema\/logo\/image\/\",\"url\":\"https:\/\/petalwhim.com\/wp-content\/uploads\/2024\/05\/cropped-Petal-Whim-Favicon.png\",\"contentUrl\":\"https:\/\/petalwhim.com\/wp-content\/uploads\/2024\/05\/cropped-Petal-Whim-Favicon.png\",\"width\":512,\"height\":512,\"caption\":\"Petal Whim\"},\"image\":{\"@id\":\"https:\/\/petalwhim.com\/#\/schema\/logo\/image\/\"}}]}<\/script>\n<!-- \/ Yoast SEO plugin. -->","yoast_head_json":{"title":"Mini v\u011b\u010dn\u00e1 r\u016f\u017ee pod sklen\u011bnou kopul\u00ed r\u016f\u017eov\u00e1 a fialov\u00e1 | \u010cesk\u00e1 republika Kv\u011btin\u00e1\u0159stv\u00ed","description":"Oslavte v\u011b\u010dnou l\u00e1sku s na\u0161\u00ed mini v\u011b\u010dnou r\u016f\u017e\u00ed pod sklen\u011bnou kopul\u00ed v r\u016f\u017eov\u00e9 a fialov\u00e9 barv\u011b \ud83c\udf39Symbolizujte svou nekone\u010dnou n\u00e1klonnost. Nakupujte nyn\u00ed a z\u00edskejte zdarma...","robots":{"index":"index","follow":"follow","max-snippet":"max-snippet:-1","max-image-preview":"max-image-preview:large","max-video-preview":"max-video-preview:-1"},"canonical":"https:\/\/petalwhim.com\/cs\/p\/mini-ruzova-a-fialova-vecna-ruze-pod-sklenenou-kopuli\/","og_locale":"cs_CZ","og_type":"article","og_title":"Mini Eternal Rose under Glass Dome Pink and Violet | \u010cesk\u00e1 republika Florist","og_description":"Celebrate everlasting love with our Mini Eternal Rose under Glass Dome Pink and Violet .\ud83c\udf39Symbolize your endless affection. Shop now and get a free...","og_url":"https:\/\/petalwhim.com\/cs\/p\/mini-ruzova-a-fialova-vecna-ruze-pod-sklenenou-kopuli\/","og_site_name":"Petal Whim\u2122","article_modified_time":"2025-07-25T05:16:02+00:00","og_image":[{"width":640,"height":640,"url":"https:\/\/petalwhim.com\/wp-content\/uploads\/2024\/04\/product-image-1487364156_05749d4d-0a62-4042-b220-174ffd02837d.jpg","type":"image\/jpeg"}],"twitter_card":"summary_large_image","twitter_misc":{"Odhadovan\u00e1 doba \u010dten\u00ed":"1 minuta"},"schema":{"@context":"https:\/\/schema.org","@graph":[{"@type":"WebPage","@id":"https:\/\/petalwhim.com\/p\/mini-pink-and-violet-eternal-rose-under-glass-dome\/","url":"https:\/\/petalwhim.com\/p\/mini-pink-and-violet-eternal-rose-under-glass-dome\/","name":"Mini v\u011b\u010dn\u00e1 r\u016f\u017ee pod sklen\u011bnou kopul\u00ed r\u016f\u017eov\u00e1 a fialov\u00e1 | \u010cesk\u00e1 republika Kv\u011btin\u00e1\u0159stv\u00ed","isPartOf":{"@id":"https:\/\/petalwhim.com\/#website"},"primaryImageOfPage":{"@id":"https:\/\/petalwhim.com\/p\/mini-pink-and-violet-eternal-rose-under-glass-dome\/#primaryimage"},"image":{"@id":"https:\/\/petalwhim.com\/p\/mini-pink-and-violet-eternal-rose-under-glass-dome\/#primaryimage"},"thumbnailUrl":"https:\/\/petalwhim.com\/wp-content\/uploads\/2024\/04\/product-image-1487364156_05749d4d-0a62-4042-b220-174ffd02837d.jpg","datePublished":"2024-04-19T05:01:59+00:00","dateModified":"2025-07-25T05:16:02+00:00","description":"Oslavte v\u011b\u010dnou l\u00e1sku s na\u0161\u00ed mini v\u011b\u010dnou r\u016f\u017e\u00ed pod sklen\u011bnou kopul\u00ed v r\u016f\u017eov\u00e9 a fialov\u00e9 barv\u011b \ud83c\udf39Symbolizujte svou nekone\u010dnou n\u00e1klonnost. Nakupujte nyn\u00ed a z\u00edskejte zdarma...","breadcrumb":{"@id":"https:\/\/petalwhim.com\/p\/mini-pink-and-violet-eternal-rose-under-glass-dome\/#breadcrumb"},"inLanguage":"cs","potentialAction":[{"@type":"ReadAction","target":["https:\/\/petalwhim.com\/p\/mini-pink-and-violet-eternal-rose-under-glass-dome\/"]}]},{"@type":"ImageObject","inLanguage":"cs","@id":"https:\/\/petalwhim.com\/p\/mini-pink-and-violet-eternal-rose-under-glass-dome\/#primaryimage","url":"https:\/\/petalwhim.com\/wp-content\/uploads\/2024\/04\/product-image-1487364156_05749d4d-0a62-4042-b220-174ffd02837d.jpg","contentUrl":"https:\/\/petalwhim.com\/wp-content\/uploads\/2024\/04\/product-image-1487364156_05749d4d-0a62-4042-b220-174ffd02837d.jpg","width":640,"height":640,"caption":"Mini Eternal Rose under Glass Dome Pink and Violet"},{"@type":"BreadcrumbList","@id":"https:\/\/petalwhim.com\/p\/mini-pink-and-violet-eternal-rose-under-glass-dome\/#breadcrumb","itemListElement":[{"@type":"ListItem","position":1,"name":"Home","item":"https:\/\/petalwhim.com\/"},{"@type":"ListItem","position":2,"name":"Shop","item":"https:\/\/petalwhim.com\/shop\/"},{"@type":"ListItem","position":3,"name":"Mini Eternal Rose under Glass Dome Pink and Violet"}]},{"@type":"WebSite","@id":"https:\/\/petalwhim.com\/#website","url":"https:\/\/petalwhim.com\/","name":"Petal Whim\u2122","description":"R\u016f\u017ee ve skle","publisher":{"@id":"https:\/\/petalwhim.com\/#organization"},"potentialAction":[{"@type":"SearchAction","target":{"@type":"EntryPoint","urlTemplate":"https:\/\/petalwhim.com\/?s={search_term_string}"},"query-input":{"@type":"PropertyValueSpecification","valueRequired":true,"valueName":"search_term_string"}}],"inLanguage":"cs"},{"@type":"Organization","@id":"https:\/\/petalwhim.com\/#organization","name":"Petal Whim","alternateName":"Rose in Glass","url":"https:\/\/petalwhim.com\/","logo":{"@type":"ImageObject","inLanguage":"cs","@id":"https:\/\/petalwhim.com\/#\/schema\/logo\/image\/","url":"https:\/\/petalwhim.com\/wp-content\/uploads\/2024\/05\/cropped-Petal-Whim-Favicon.png","contentUrl":"https:\/\/petalwhim.com\/wp-content\/uploads\/2024\/05\/cropped-Petal-Whim-Favicon.png","width":512,"height":512,"caption":"Petal Whim"},"image":{"@id":"https:\/\/petalwhim.com\/#\/schema\/logo\/image\/"}}]}},"_links":{"self":[{"href":"https:\/\/petalwhim.com\/cs\/wp-json\/wp\/v2\/product\/229","targetHints":{"allow":["GET"]}}],"collection":[{"href":"https:\/\/petalwhim.com\/cs\/wp-json\/wp\/v2\/product"}],"about":[{"href":"https:\/\/petalwhim.com\/cs\/wp-json\/wp\/v2\/types\/product"}],"wp:featuredmedia":[{"embeddable":true,"href":"https:\/\/petalwhim.com\/cs\/wp-json\/wp\/v2\/media\/228"}],"wp:attachment":[{"href":"https:\/\/petalwhim.com\/cs\/wp-json\/wp\/v2\/media?parent=229"}],"wp:term":[{"taxonomy":"product_brand","embeddable":true,"href":"https:\/\/petalwhim.com\/cs\/wp-json\/wp\/v2\/product_brand?post=229"},{"taxonomy":"product_cat","embeddable":true,"href":"https:\/\/petalwhim.com\/cs\/wp-json\/wp\/v2\/product_cat?post=229"},{"taxonomy":"product_tag","embeddable":true,"href":"https:\/\/petalwhim.com\/cs\/wp-json\/wp\/v2\/product_tag?post=229"}],"curies":[{"name":"wp","href":"https:\/\/api.w.org\/{rel}","templated":true}]}}