{"id":177,"date":"2024-04-19T05:00:01","date_gmt":"2024-04-19T05:00:01","guid":{"rendered":"https:\/\/petalwhim.com\/p\/silver-eternal-rose\/"},"modified":"2025-07-25T05:16:03","modified_gmt":"2025-07-25T05:16:03","slug":"stribrna-vecna-ruze","status":"publish","type":"product","link":"https:\/\/petalwhim.com\/cs\/p\/stribrna-vecna-ruze\/","title":{"rendered":"<span>V\u011b\u010dn\u00e1 r\u016f\u017ee <\/span><span class=\"product-title-custom\">Silver<\/span>"},"content":{"rendered":"<h2><strong>Proto\u017ee l\u00e1ska je vz\u00e1cn\u00fd cit, doporu\u010dujeme v\u00e1m vyj\u00e1d\u0159it ji touto vzne\u0161enou a z\u00e1\u0159ivou st\u0159\u00edbrnou v\u011b\u010dnou r\u016f\u017e\u00ed.<\/strong><\/h2><p>Nechte se okouzlit jeho podmanivou kr\u00e1sou. <br><br> <strong>Kdy tuto r\u016f\u017ei nab\u00eddnout?<\/strong> <br><br>V\u011b\u010dn\u00e9 r\u016f\u017ee p\u0159edstavuj\u00ed nekone\u010dnou l\u00e1sku. Uka\u017ete sv\u00fdm bl\u00edzk\u00fdm, \u017ee jsou jedine\u010dn\u00ed, a darujte jim tento d\u016fkaz n\u00e1klonnosti, kter\u00fd je sv\u011bdectv\u00edm va\u0161ich cit\u016f.<br><br> <strong>Jak se uchov\u00e1v\u00e1 v\u011b\u010dn\u00e1 r\u016f\u017ee?<\/strong> <br><br>Tato st\u0159\u00edbrn\u00e1 v\u011b\u010dn\u00e1 r\u016f\u017ee, kter\u00e1 je skute\u010dn\u00fdm d\u016fkazem va\u0161\u00ed n\u00e1klonnosti k va\u0161im bl\u00edzk\u00fdm, v\u00e1m bude po mnoho let p\u0159ipom\u00ednat va\u0161i neutuchaj\u00edc\u00ed l\u00e1sku k va\u0161im milovan\u00fdm. <br><br> <strong>Tato r\u016f\u017ee je jako prav\u00fd chvalozp\u011bv na l\u00e1sku, kter\u00e1 nab\u00edz\u00ed v\u0161echno. <\/strong> <\/p>","protected":false},"excerpt":{"rendered":"Proto\u017ee l\u00e1ska je vz\u00e1cn\u00fd cit, doporu\u010dujeme v\u00e1m vyj\u00e1d\u0159it ji touto vzne\u0161enou a z\u00e1\u0159ivou st\u0159\u00edbrnou v\u011b\u010dnou r\u016f\u017e\u00ed.Nechte se okouzlit jej\u00ed podmanivou kr\u00e1sou. Kdy tuto r\u016f\u017ei nab\u00eddnout? V\u011b\u010dn\u00e9 r\u016f\u017ee p\u0159edstavuj\u00ed nekone\u010dnou l\u00e1sku. Uka\u017ete sv\u00fdm bl\u00edzk\u00fdm, \u017ee jsou jedine\u010dn\u00ed, a v\u011bnujte jim tento d\u016fkaz n\u00e1klonnosti, sv\u011bdectv\u00ed o tom, \u017ee jste se s nimi [...]","protected":false},"featured_media":176,"template":"","meta":[],"product_brand":[],"product_cat":[15,36],"product_tag":[33],"class_list":{"0":"post-177","1":"product","2":"type-product","3":"status-publish","4":"has-post-thumbnail","6":"product_cat-all-products","7":"product_cat-best-sellers","8":"product_tag-rose-in-glass-dome","10":"first","11":"instock","12":"shipping-taxable","13":"purchasable","14":"product-type-simple"},"yoast_head":"<!-- This site is optimized with the Yoast SEO plugin v25.9 - https:\/\/yoast.com\/wordpress\/plugins\/seo\/ -->\n<title>Eternal Rose Silver | \u010cesk\u00e1 republika Florist<\/title>\n<meta name=\"description\" content=\"Celebrate everlasting love with our Eternal Rose Silver .\ud83c\udf39Symbolize your endless affection. Shop now and get a free...\" \/>\n<meta name=\"robots\" content=\"index, follow, max-snippet:-1, max-image-preview:large, max-video-preview:-1\" \/>\n<link rel=\"canonical\" href=\"https:\/\/petalwhim.com\/cs\/p\/stribrna-vecna-ruze\/\" \/>\n<meta property=\"og:locale\" content=\"cs_CZ\" \/>\n<meta property=\"og:type\" content=\"article\" \/>\n<meta property=\"og:title\" content=\"Eternal Rose Silver | \u010cesk\u00e1 republika Florist\" \/>\n<meta property=\"og:description\" content=\"Celebrate everlasting love with our Eternal Rose Silver .\ud83c\udf39Symbolize your endless affection. Shop now and get a free...\" \/>\n<meta property=\"og:url\" content=\"https:\/\/petalwhim.com\/cs\/p\/stribrna-vecna-ruze\/\" \/>\n<meta property=\"og:site_name\" content=\"Petal Whim\u2122\" \/>\n<meta property=\"article:modified_time\" content=\"2025-07-25T05:16:03+00:00\" \/>\n<meta property=\"og:image\" content=\"https:\/\/petalwhim.com\/wp-content\/uploads\/2024\/04\/product-image-1562975878.jpg\" \/>\n\t<meta property=\"og:image:width\" content=\"640\" \/>\n\t<meta property=\"og:image:height\" content=\"640\" \/>\n\t<meta property=\"og:image:type\" content=\"image\/jpeg\" \/>\n<meta name=\"twitter:card\" content=\"summary_large_image\" \/>\n<meta name=\"twitter:label1\" content=\"Odhadovan\u00e1 doba \u010dten\u00ed\" \/>\n\t<meta name=\"twitter:data1\" content=\"1 minuta\" \/>\n<script type=\"application\/ld+json\" class=\"yoast-schema-graph\">{\"@context\":\"https:\/\/schema.org\",\"@graph\":[{\"@type\":\"WebPage\",\"@id\":\"https:\/\/petalwhim.com\/p\/silver-eternal-rose\/\",\"url\":\"https:\/\/petalwhim.com\/p\/silver-eternal-rose\/\",\"name\":\"Eternal Rose Silver | \u010cesk\u00e1 republika Florist\",\"isPartOf\":{\"@id\":\"https:\/\/petalwhim.com\/#website\"},\"primaryImageOfPage\":{\"@id\":\"https:\/\/petalwhim.com\/p\/silver-eternal-rose\/#primaryimage\"},\"image\":{\"@id\":\"https:\/\/petalwhim.com\/p\/silver-eternal-rose\/#primaryimage\"},\"thumbnailUrl\":\"https:\/\/petalwhim.com\/wp-content\/uploads\/2024\/04\/product-image-1562975878.jpg\",\"datePublished\":\"2024-04-19T05:00:01+00:00\",\"dateModified\":\"2025-07-25T05:16:03+00:00\",\"description\":\"Celebrate everlasting love with our Eternal Rose Silver .\ud83c\udf39Symbolize your endless affection. Shop now and get a free...\",\"breadcrumb\":{\"@id\":\"https:\/\/petalwhim.com\/p\/silver-eternal-rose\/#breadcrumb\"},\"inLanguage\":\"cs\",\"potentialAction\":[{\"@type\":\"ReadAction\",\"target\":[\"https:\/\/petalwhim.com\/p\/silver-eternal-rose\/\"]}]},{\"@type\":\"ImageObject\",\"inLanguage\":\"cs\",\"@id\":\"https:\/\/petalwhim.com\/p\/silver-eternal-rose\/#primaryimage\",\"url\":\"https:\/\/petalwhim.com\/wp-content\/uploads\/2024\/04\/product-image-1562975878.jpg\",\"contentUrl\":\"https:\/\/petalwhim.com\/wp-content\/uploads\/2024\/04\/product-image-1562975878.jpg\",\"width\":640,\"height\":640,\"caption\":\"Eternal Rose Silver\"},{\"@type\":\"BreadcrumbList\",\"@id\":\"https:\/\/petalwhim.com\/p\/silver-eternal-rose\/#breadcrumb\",\"itemListElement\":[{\"@type\":\"ListItem\",\"position\":1,\"name\":\"Home\",\"item\":\"https:\/\/petalwhim.com\/\"},{\"@type\":\"ListItem\",\"position\":2,\"name\":\"Shop\",\"item\":\"https:\/\/petalwhim.com\/shop\/\"},{\"@type\":\"ListItem\",\"position\":3,\"name\":\"Eternal Rose Silver\"}]},{\"@type\":\"WebSite\",\"@id\":\"https:\/\/petalwhim.com\/#website\",\"url\":\"https:\/\/petalwhim.com\/\",\"name\":\"Petal Whim\u2122\",\"description\":\"Rose in Glass\",\"publisher\":{\"@id\":\"https:\/\/petalwhim.com\/#organization\"},\"potentialAction\":[{\"@type\":\"SearchAction\",\"target\":{\"@type\":\"EntryPoint\",\"urlTemplate\":\"https:\/\/petalwhim.com\/?s={search_term_string}\"},\"query-input\":{\"@type\":\"PropertyValueSpecification\",\"valueRequired\":true,\"valueName\":\"search_term_string\"}}],\"inLanguage\":\"cs\"},{\"@type\":\"Organization\",\"@id\":\"https:\/\/petalwhim.com\/#organization\",\"name\":\"Petal Whim\",\"alternateName\":\"Rose in Glass\",\"url\":\"https:\/\/petalwhim.com\/\",\"logo\":{\"@type\":\"ImageObject\",\"inLanguage\":\"cs\",\"@id\":\"https:\/\/petalwhim.com\/#\/schema\/logo\/image\/\",\"url\":\"https:\/\/petalwhim.com\/wp-content\/uploads\/2024\/05\/cropped-Petal-Whim-Favicon.png\",\"contentUrl\":\"https:\/\/petalwhim.com\/wp-content\/uploads\/2024\/05\/cropped-Petal-Whim-Favicon.png\",\"width\":512,\"height\":512,\"caption\":\"Petal Whim\"},\"image\":{\"@id\":\"https:\/\/petalwhim.com\/#\/schema\/logo\/image\/\"}}]}<\/script>\n<!-- \/ Yoast SEO plugin. -->","yoast_head_json":{"title":"Eternal Rose Silver | \u010cesk\u00e1 republika Kv\u011btin\u00e1\u0159stv\u00ed","description":"Oslavte v\u011b\u010dnou l\u00e1sku s na\u0161\u00edm v\u011b\u010dn\u00fdm st\u0159\u00edbrn\u00fdm p\u0159\u00edv\u011bskem Rose .\ud83c\udf39Symbolizujte svou nekone\u010dnou n\u00e1klonnost. Nakupujte nyn\u00ed a z\u00edskejte zdarma...","robots":{"index":"index","follow":"follow","max-snippet":"max-snippet:-1","max-image-preview":"max-image-preview:large","max-video-preview":"max-video-preview:-1"},"canonical":"https:\/\/petalwhim.com\/cs\/p\/stribrna-vecna-ruze\/","og_locale":"cs_CZ","og_type":"article","og_title":"Eternal Rose Silver | \u010cesk\u00e1 republika Florist","og_description":"Celebrate everlasting love with our Eternal Rose Silver .\ud83c\udf39Symbolize your endless affection. Shop now and get a free...","og_url":"https:\/\/petalwhim.com\/cs\/p\/stribrna-vecna-ruze\/","og_site_name":"Petal Whim\u2122","article_modified_time":"2025-07-25T05:16:03+00:00","og_image":[{"width":640,"height":640,"url":"https:\/\/petalwhim.com\/wp-content\/uploads\/2024\/04\/product-image-1562975878.jpg","type":"image\/jpeg"}],"twitter_card":"summary_large_image","twitter_misc":{"Odhadovan\u00e1 doba \u010dten\u00ed":"1 minuta"},"schema":{"@context":"https:\/\/schema.org","@graph":[{"@type":"WebPage","@id":"https:\/\/petalwhim.com\/p\/silver-eternal-rose\/","url":"https:\/\/petalwhim.com\/p\/silver-eternal-rose\/","name":"Eternal Rose Silver | \u010cesk\u00e1 republika Kv\u011btin\u00e1\u0159stv\u00ed","isPartOf":{"@id":"https:\/\/petalwhim.com\/#website"},"primaryImageOfPage":{"@id":"https:\/\/petalwhim.com\/p\/silver-eternal-rose\/#primaryimage"},"image":{"@id":"https:\/\/petalwhim.com\/p\/silver-eternal-rose\/#primaryimage"},"thumbnailUrl":"https:\/\/petalwhim.com\/wp-content\/uploads\/2024\/04\/product-image-1562975878.jpg","datePublished":"2024-04-19T05:00:01+00:00","dateModified":"2025-07-25T05:16:03+00:00","description":"Oslavte v\u011b\u010dnou l\u00e1sku s na\u0161\u00edm v\u011b\u010dn\u00fdm st\u0159\u00edbrn\u00fdm p\u0159\u00edv\u011bskem Rose .\ud83c\udf39Symbolizujte svou nekone\u010dnou n\u00e1klonnost. Nakupujte nyn\u00ed a z\u00edskejte zdarma...","breadcrumb":{"@id":"https:\/\/petalwhim.com\/p\/silver-eternal-rose\/#breadcrumb"},"inLanguage":"cs","potentialAction":[{"@type":"ReadAction","target":["https:\/\/petalwhim.com\/p\/silver-eternal-rose\/"]}]},{"@type":"ImageObject","inLanguage":"cs","@id":"https:\/\/petalwhim.com\/p\/silver-eternal-rose\/#primaryimage","url":"https:\/\/petalwhim.com\/wp-content\/uploads\/2024\/04\/product-image-1562975878.jpg","contentUrl":"https:\/\/petalwhim.com\/wp-content\/uploads\/2024\/04\/product-image-1562975878.jpg","width":640,"height":640,"caption":"Eternal Rose Silver"},{"@type":"BreadcrumbList","@id":"https:\/\/petalwhim.com\/p\/silver-eternal-rose\/#breadcrumb","itemListElement":[{"@type":"ListItem","position":1,"name":"Home","item":"https:\/\/petalwhim.com\/"},{"@type":"ListItem","position":2,"name":"Shop","item":"https:\/\/petalwhim.com\/shop\/"},{"@type":"ListItem","position":3,"name":"Eternal Rose Silver"}]},{"@type":"WebSite","@id":"https:\/\/petalwhim.com\/#website","url":"https:\/\/petalwhim.com\/","name":"Petal Whim\u2122","description":"R\u016f\u017ee ve skle","publisher":{"@id":"https:\/\/petalwhim.com\/#organization"},"potentialAction":[{"@type":"SearchAction","target":{"@type":"EntryPoint","urlTemplate":"https:\/\/petalwhim.com\/?s={search_term_string}"},"query-input":{"@type":"PropertyValueSpecification","valueRequired":true,"valueName":"search_term_string"}}],"inLanguage":"cs"},{"@type":"Organization","@id":"https:\/\/petalwhim.com\/#organization","name":"Petal Whim","alternateName":"Rose in Glass","url":"https:\/\/petalwhim.com\/","logo":{"@type":"ImageObject","inLanguage":"cs","@id":"https:\/\/petalwhim.com\/#\/schema\/logo\/image\/","url":"https:\/\/petalwhim.com\/wp-content\/uploads\/2024\/05\/cropped-Petal-Whim-Favicon.png","contentUrl":"https:\/\/petalwhim.com\/wp-content\/uploads\/2024\/05\/cropped-Petal-Whim-Favicon.png","width":512,"height":512,"caption":"Petal Whim"},"image":{"@id":"https:\/\/petalwhim.com\/#\/schema\/logo\/image\/"}}]}},"_links":{"self":[{"href":"https:\/\/petalwhim.com\/cs\/wp-json\/wp\/v2\/product\/177","targetHints":{"allow":["GET"]}}],"collection":[{"href":"https:\/\/petalwhim.com\/cs\/wp-json\/wp\/v2\/product"}],"about":[{"href":"https:\/\/petalwhim.com\/cs\/wp-json\/wp\/v2\/types\/product"}],"wp:featuredmedia":[{"embeddable":true,"href":"https:\/\/petalwhim.com\/cs\/wp-json\/wp\/v2\/media\/176"}],"wp:attachment":[{"href":"https:\/\/petalwhim.com\/cs\/wp-json\/wp\/v2\/media?parent=177"}],"wp:term":[{"taxonomy":"product_brand","embeddable":true,"href":"https:\/\/petalwhim.com\/cs\/wp-json\/wp\/v2\/product_brand?post=177"},{"taxonomy":"product_cat","embeddable":true,"href":"https:\/\/petalwhim.com\/cs\/wp-json\/wp\/v2\/product_cat?post=177"},{"taxonomy":"product_tag","embeddable":true,"href":"https:\/\/petalwhim.com\/cs\/wp-json\/wp\/v2\/product_tag?post=177"}],"curies":[{"name":"wp","href":"https:\/\/api.w.org\/{rel}","templated":true}]}}