{"id":171,"date":"2024-04-19T04:59:26","date_gmt":"2024-04-19T04:59:26","guid":{"rendered":"https:\/\/petalwhim.com\/p\/eternal-love-rose\/"},"modified":"2025-07-25T05:16:03","modified_gmt":"2025-07-25T05:16:03","slug":"ruze-vecne-lasky","status":"publish","type":"product","link":"https:\/\/petalwhim.com\/cs\/p\/ruze-vecne-lasky\/","title":{"rendered":"<span>V\u011b\u010dn\u00e1 r\u016f\u017ee <\/span><span class=\"product-title-custom\">L\u00e1ska<\/span>"},"content":{"rendered":"<h2>V\u011b\u010dn\u00e1 r\u016f\u017ee symbolizuje v\u011b\u010dnou l\u00e1sku a siln\u00e9 emoce. <\/h2><p>Tento v\u00fdrobek m\u00e1 sv\u011btle r\u016f\u017eovou barvu <strong>v\u011b\u010dn\u00e1 r\u016f\u017ee<\/strong>, p\u011bkn\u00e9 ultrarealistick\u00e9 zelen\u00e9 listy. Cel\u00fd je pokryt\u00fd <strong>siln\u00fd sklen\u011bn\u00fd zvon<\/strong> a jeho \u010dern\u00fdm podkladem.<br><br>V\u011b\u010dn\u00e1 r\u016f\u017ee je <strong>nesmrteln\u00e1 kv\u011btina<\/strong>.  Tato kouzeln\u00e1, z\u00e1\u0159iv\u00e1 r\u016f\u017ee nepot\u0159ebuje \u017e\u00e1dnou zvl\u00e1\u0161tn\u00ed p\u00e9\u010di. Um\u00edst\u011bn\u00e1 na no\u010dn\u00edm stolku nebo v ob\u00fdvac\u00edm pokoji vyvol\u00e1 nesmrtelnost t\u00e9to v\u011b\u010dn\u00e9 r\u016f\u017ee. <strong>vzpom\u00ednky a nejr\u016fzn\u011bj\u0161\u00ed emoce pro v\u00e1s ka\u017ed\u00fd den. <\/strong> <br><br>Tuto kr\u00e1snou r\u016f\u017ei m\u016f\u017eete nab\u00eddnout pod klenbou, pro <strong>zvl\u00e1\u0161tn\u00ed p\u0159\u00edle\u017eitosti<\/strong> jako je Valent\u00fdn, v\u00fdro\u010d\u00ed nebo jednodu\u0161e vyj\u00e1d\u0159en\u00ed vrouc\u00ed l\u00e1sky.<\/p><p>Pokud tento v\u011bnec nen\u00ed podle va\u0161eho vkusu, pod\u00edvejte se na na\u0161e <a title=\"Kolekce kv\u011btinov\u00fdch v\u011bnc\u016f\" href=\"https:\/\/www.couronne-de-fleurs.com\/collections\/couronne-fleurs-mariage\">sb\u00edrka kv\u011btinov\u00fdch v\u011bnc\u016f.<\/a><\/p><!-- split --><h2>V\u011b\u010dn\u011b r\u016f\u017eov\u00e1 r\u016f\u017ee jm\u00e9nem \"Love\".<\/h2><p><strong>Love znamen\u00e1 v angli\u010dtin\u011b l\u00e1ska.<\/strong> Tato r\u016f\u017ee je perfektn\u00ed <strong>symbol horlivosti<\/strong> a v\u011b\u010dnou l\u00e1sku. R\u016f\u017eov\u00e1 barva t\u00e9to kv\u011btiny evokuje <strong>\u017eenskost, touha a v\u00e1\u0161e\u0148<\/strong>. Je to perfektn\u00ed r\u016f\u017eov\u00e1 barva, kterou m\u016f\u017eete d\u00e1t milovan\u00e9 osob\u011b, abyste j\u00ed \u0159ekli \"Miluji t\u011b\".<\/p>","protected":false},"excerpt":{"rendered":"V\u011b\u010dn\u00e1 r\u016f\u017ee symbolizuje v\u011b\u010dnou l\u00e1sku a siln\u00e9 emoce. Tento v\u00fdrobek obsahuje sv\u011btle r\u016f\u017eovou v\u011b\u010dnou r\u016f\u017ei, p\u011bkn\u00e9 ultrarealistick\u00e9 zelen\u00e9 listy. Celek je kryt\u00fd siln\u00fdm sklen\u011bn\u00fdm zvonem a jeho \u010dern\u00fdm podstavcem. v\u011b\u010dn\u00e1 r\u016f\u017ee je nesmrteln\u00e1 kv\u011btina. Tato magick\u00e1, z\u00e1\u0159iv\u00e1 r\u016f\u017ee nepot\u0159ebuje \u017e\u00e1dnou zvl\u00e1\u0161tn\u00ed p\u00e9\u010di. Um\u00edst\u011bn\u00e1 na no\u010dn\u00edm stolku nebo na [...]","protected":false},"featured_media":170,"template":"","meta":[],"product_brand":[],"product_cat":[15,36],"product_tag":[33],"class_list":{"0":"post-171","1":"product","2":"type-product","3":"status-publish","4":"has-post-thumbnail","6":"product_cat-all-products","7":"product_cat-best-sellers","8":"product_tag-rose-in-glass-dome","10":"first","11":"instock","12":"shipping-taxable","13":"purchasable","14":"product-type-simple"},"yoast_head":"<!-- This site is optimized with the Yoast SEO plugin v25.9 - https:\/\/yoast.com\/wordpress\/plugins\/seo\/ -->\n<title>Eternal Rose Love | \u010cesk\u00e1 republika Florist<\/title>\n<meta name=\"description\" content=\"Celebrate everlasting love with our Eternal Rose Love .\ud83c\udf39Symbolize your endless affection. Shop now and get a free...\" \/>\n<meta name=\"robots\" content=\"index, follow, max-snippet:-1, max-image-preview:large, max-video-preview:-1\" \/>\n<link rel=\"canonical\" href=\"https:\/\/petalwhim.com\/cs\/p\/ruze-vecne-lasky\/\" \/>\n<meta property=\"og:locale\" content=\"cs_CZ\" \/>\n<meta property=\"og:type\" content=\"article\" \/>\n<meta property=\"og:title\" content=\"Eternal Rose Love | \u010cesk\u00e1 republika Florist\" \/>\n<meta property=\"og:description\" content=\"Celebrate everlasting love with our Eternal Rose Love .\ud83c\udf39Symbolize your endless affection. Shop now and get a free...\" \/>\n<meta property=\"og:url\" content=\"https:\/\/petalwhim.com\/cs\/p\/ruze-vecne-lasky\/\" \/>\n<meta property=\"og:site_name\" content=\"Petal Whim\u2122\" \/>\n<meta property=\"article:modified_time\" content=\"2025-07-25T05:16:03+00:00\" \/>\n<meta property=\"og:image\" content=\"https:\/\/petalwhim.com\/wp-content\/uploads\/2024\/04\/product-image-1588572235.jpg\" \/>\n\t<meta property=\"og:image:width\" content=\"640\" \/>\n\t<meta property=\"og:image:height\" content=\"640\" \/>\n\t<meta property=\"og:image:type\" content=\"image\/jpeg\" \/>\n<meta name=\"twitter:card\" content=\"summary_large_image\" \/>\n<meta name=\"twitter:label1\" content=\"Odhadovan\u00e1 doba \u010dten\u00ed\" \/>\n\t<meta name=\"twitter:data1\" content=\"1 minuta\" \/>\n<script type=\"application\/ld+json\" class=\"yoast-schema-graph\">{\"@context\":\"https:\/\/schema.org\",\"@graph\":[{\"@type\":\"WebPage\",\"@id\":\"https:\/\/petalwhim.com\/p\/eternal-love-rose\/\",\"url\":\"https:\/\/petalwhim.com\/p\/eternal-love-rose\/\",\"name\":\"Eternal Rose Love | \u010cesk\u00e1 republika Florist\",\"isPartOf\":{\"@id\":\"https:\/\/petalwhim.com\/#website\"},\"primaryImageOfPage\":{\"@id\":\"https:\/\/petalwhim.com\/p\/eternal-love-rose\/#primaryimage\"},\"image\":{\"@id\":\"https:\/\/petalwhim.com\/p\/eternal-love-rose\/#primaryimage\"},\"thumbnailUrl\":\"https:\/\/petalwhim.com\/wp-content\/uploads\/2024\/04\/product-image-1588572235.jpg\",\"datePublished\":\"2024-04-19T04:59:26+00:00\",\"dateModified\":\"2025-07-25T05:16:03+00:00\",\"description\":\"Celebrate everlasting love with our Eternal Rose Love .\ud83c\udf39Symbolize your endless affection. Shop now and get a free...\",\"breadcrumb\":{\"@id\":\"https:\/\/petalwhim.com\/p\/eternal-love-rose\/#breadcrumb\"},\"inLanguage\":\"cs\",\"potentialAction\":[{\"@type\":\"ReadAction\",\"target\":[\"https:\/\/petalwhim.com\/p\/eternal-love-rose\/\"]}]},{\"@type\":\"ImageObject\",\"inLanguage\":\"cs\",\"@id\":\"https:\/\/petalwhim.com\/p\/eternal-love-rose\/#primaryimage\",\"url\":\"https:\/\/petalwhim.com\/wp-content\/uploads\/2024\/04\/product-image-1588572235.jpg\",\"contentUrl\":\"https:\/\/petalwhim.com\/wp-content\/uploads\/2024\/04\/product-image-1588572235.jpg\",\"width\":640,\"height\":640,\"caption\":\"Eternal Rose Love\"},{\"@type\":\"BreadcrumbList\",\"@id\":\"https:\/\/petalwhim.com\/p\/eternal-love-rose\/#breadcrumb\",\"itemListElement\":[{\"@type\":\"ListItem\",\"position\":1,\"name\":\"Home\",\"item\":\"https:\/\/petalwhim.com\/\"},{\"@type\":\"ListItem\",\"position\":2,\"name\":\"Shop\",\"item\":\"https:\/\/petalwhim.com\/shop\/\"},{\"@type\":\"ListItem\",\"position\":3,\"name\":\"Eternal Rose Love\"}]},{\"@type\":\"WebSite\",\"@id\":\"https:\/\/petalwhim.com\/#website\",\"url\":\"https:\/\/petalwhim.com\/\",\"name\":\"Petal Whim\u2122\",\"description\":\"Rose in Glass\",\"publisher\":{\"@id\":\"https:\/\/petalwhim.com\/#organization\"},\"potentialAction\":[{\"@type\":\"SearchAction\",\"target\":{\"@type\":\"EntryPoint\",\"urlTemplate\":\"https:\/\/petalwhim.com\/?s={search_term_string}\"},\"query-input\":{\"@type\":\"PropertyValueSpecification\",\"valueRequired\":true,\"valueName\":\"search_term_string\"}}],\"inLanguage\":\"cs\"},{\"@type\":\"Organization\",\"@id\":\"https:\/\/petalwhim.com\/#organization\",\"name\":\"Petal Whim\",\"alternateName\":\"Rose in Glass\",\"url\":\"https:\/\/petalwhim.com\/\",\"logo\":{\"@type\":\"ImageObject\",\"inLanguage\":\"cs\",\"@id\":\"https:\/\/petalwhim.com\/#\/schema\/logo\/image\/\",\"url\":\"https:\/\/petalwhim.com\/wp-content\/uploads\/2024\/05\/cropped-Petal-Whim-Favicon.png\",\"contentUrl\":\"https:\/\/petalwhim.com\/wp-content\/uploads\/2024\/05\/cropped-Petal-Whim-Favicon.png\",\"width\":512,\"height\":512,\"caption\":\"Petal Whim\"},\"image\":{\"@id\":\"https:\/\/petalwhim.com\/#\/schema\/logo\/image\/\"}}]}<\/script>\n<!-- \/ Yoast SEO plugin. -->","yoast_head_json":{"title":"V\u011b\u010dn\u00e1 r\u016f\u017eov\u00e1 l\u00e1ska | \u010cesk\u00e1 republika Kv\u011btin\u00e1\u0159stv\u00ed","description":"Oslavte v\u011b\u010dnou l\u00e1sku s na\u0161\u00ed v\u011b\u010dnou r\u016f\u017e\u00ed Love .\ud83c\udf39Symbolizujte svou nekone\u010dnou n\u00e1klonnost. Nakupujte nyn\u00ed a z\u00edskejte zdarma...","robots":{"index":"index","follow":"follow","max-snippet":"max-snippet:-1","max-image-preview":"max-image-preview:large","max-video-preview":"max-video-preview:-1"},"canonical":"https:\/\/petalwhim.com\/cs\/p\/ruze-vecne-lasky\/","og_locale":"cs_CZ","og_type":"article","og_title":"Eternal Rose Love | \u010cesk\u00e1 republika Florist","og_description":"Celebrate everlasting love with our Eternal Rose Love .\ud83c\udf39Symbolize your endless affection. Shop now and get a free...","og_url":"https:\/\/petalwhim.com\/cs\/p\/ruze-vecne-lasky\/","og_site_name":"Petal Whim\u2122","article_modified_time":"2025-07-25T05:16:03+00:00","og_image":[{"width":640,"height":640,"url":"https:\/\/petalwhim.com\/wp-content\/uploads\/2024\/04\/product-image-1588572235.jpg","type":"image\/jpeg"}],"twitter_card":"summary_large_image","twitter_misc":{"Odhadovan\u00e1 doba \u010dten\u00ed":"1 minuta"},"schema":{"@context":"https:\/\/schema.org","@graph":[{"@type":"WebPage","@id":"https:\/\/petalwhim.com\/p\/eternal-love-rose\/","url":"https:\/\/petalwhim.com\/p\/eternal-love-rose\/","name":"V\u011b\u010dn\u00e1 r\u016f\u017eov\u00e1 l\u00e1ska | \u010cesk\u00e1 republika Kv\u011btin\u00e1\u0159stv\u00ed","isPartOf":{"@id":"https:\/\/petalwhim.com\/#website"},"primaryImageOfPage":{"@id":"https:\/\/petalwhim.com\/p\/eternal-love-rose\/#primaryimage"},"image":{"@id":"https:\/\/petalwhim.com\/p\/eternal-love-rose\/#primaryimage"},"thumbnailUrl":"https:\/\/petalwhim.com\/wp-content\/uploads\/2024\/04\/product-image-1588572235.jpg","datePublished":"2024-04-19T04:59:26+00:00","dateModified":"2025-07-25T05:16:03+00:00","description":"Oslavte v\u011b\u010dnou l\u00e1sku s na\u0161\u00ed v\u011b\u010dnou r\u016f\u017e\u00ed Love .\ud83c\udf39Symbolizujte svou nekone\u010dnou n\u00e1klonnost. Nakupujte nyn\u00ed a z\u00edskejte zdarma...","breadcrumb":{"@id":"https:\/\/petalwhim.com\/p\/eternal-love-rose\/#breadcrumb"},"inLanguage":"cs","potentialAction":[{"@type":"ReadAction","target":["https:\/\/petalwhim.com\/p\/eternal-love-rose\/"]}]},{"@type":"ImageObject","inLanguage":"cs","@id":"https:\/\/petalwhim.com\/p\/eternal-love-rose\/#primaryimage","url":"https:\/\/petalwhim.com\/wp-content\/uploads\/2024\/04\/product-image-1588572235.jpg","contentUrl":"https:\/\/petalwhim.com\/wp-content\/uploads\/2024\/04\/product-image-1588572235.jpg","width":640,"height":640,"caption":"Eternal Rose Love"},{"@type":"BreadcrumbList","@id":"https:\/\/petalwhim.com\/p\/eternal-love-rose\/#breadcrumb","itemListElement":[{"@type":"ListItem","position":1,"name":"Home","item":"https:\/\/petalwhim.com\/"},{"@type":"ListItem","position":2,"name":"Shop","item":"https:\/\/petalwhim.com\/shop\/"},{"@type":"ListItem","position":3,"name":"Eternal Rose Love"}]},{"@type":"WebSite","@id":"https:\/\/petalwhim.com\/#website","url":"https:\/\/petalwhim.com\/","name":"Petal Whim\u2122","description":"R\u016f\u017ee ve skle","publisher":{"@id":"https:\/\/petalwhim.com\/#organization"},"potentialAction":[{"@type":"SearchAction","target":{"@type":"EntryPoint","urlTemplate":"https:\/\/petalwhim.com\/?s={search_term_string}"},"query-input":{"@type":"PropertyValueSpecification","valueRequired":true,"valueName":"search_term_string"}}],"inLanguage":"cs"},{"@type":"Organization","@id":"https:\/\/petalwhim.com\/#organization","name":"Petal Whim","alternateName":"Rose in Glass","url":"https:\/\/petalwhim.com\/","logo":{"@type":"ImageObject","inLanguage":"cs","@id":"https:\/\/petalwhim.com\/#\/schema\/logo\/image\/","url":"https:\/\/petalwhim.com\/wp-content\/uploads\/2024\/05\/cropped-Petal-Whim-Favicon.png","contentUrl":"https:\/\/petalwhim.com\/wp-content\/uploads\/2024\/05\/cropped-Petal-Whim-Favicon.png","width":512,"height":512,"caption":"Petal Whim"},"image":{"@id":"https:\/\/petalwhim.com\/#\/schema\/logo\/image\/"}}]}},"_links":{"self":[{"href":"https:\/\/petalwhim.com\/cs\/wp-json\/wp\/v2\/product\/171","targetHints":{"allow":["GET"]}}],"collection":[{"href":"https:\/\/petalwhim.com\/cs\/wp-json\/wp\/v2\/product"}],"about":[{"href":"https:\/\/petalwhim.com\/cs\/wp-json\/wp\/v2\/types\/product"}],"wp:featuredmedia":[{"embeddable":true,"href":"https:\/\/petalwhim.com\/cs\/wp-json\/wp\/v2\/media\/170"}],"wp:attachment":[{"href":"https:\/\/petalwhim.com\/cs\/wp-json\/wp\/v2\/media?parent=171"}],"wp:term":[{"taxonomy":"product_brand","embeddable":true,"href":"https:\/\/petalwhim.com\/cs\/wp-json\/wp\/v2\/product_brand?post=171"},{"taxonomy":"product_cat","embeddable":true,"href":"https:\/\/petalwhim.com\/cs\/wp-json\/wp\/v2\/product_cat?post=171"},{"taxonomy":"product_tag","embeddable":true,"href":"https:\/\/petalwhim.com\/cs\/wp-json\/wp\/v2\/product_tag?post=171"}],"curies":[{"name":"wp","href":"https:\/\/api.w.org\/{rel}","templated":true}]}}