{"id":167,"date":"2024-04-19T04:59:07","date_gmt":"2024-04-19T04:59:07","guid":{"rendered":"https:\/\/petalwhim.com\/p\/luminous-radiant-red-eternal-rose\/"},"modified":"2025-07-25T05:16:03","modified_gmt":"2025-07-25T05:16:03","slug":"zarive-cervena-vecna-ruze","status":"publish","type":"product","link":"https:\/\/petalwhim.com\/cs\/p\/zarive-cervena-vecna-ruze\/","title":{"rendered":"<span>Sv\u011bteln\u00e1 v\u011b\u010dn\u00e1 r\u016f\u017ee <\/span><span class=\"product-title-custom\">Z\u00e1\u0159iv\u011b \u010derven\u00e1<\/span>"},"content":{"rendered":"<h2><strong>V\u011b\u010dn\u00e1 r\u016f\u017ee symbolizuje v\u011b\u010dnou l\u00e1sku a siln\u00e9 emoce. <\/strong><\/h2><p><br>Tento produkt se skl\u00e1d\u00e1 z <strong>v\u011b\u010dn\u00e1 r\u016f\u017ee v jasn\u011b \u010derven\u00e9 barv\u011b<\/strong>, p\u011bkn\u00e9 zlat\u00e9 listy a stonek ve stejn\u00e9 barv\u011b. R\u016f\u017ei obklopuje jemn\u00fd sv\u011bteln\u00fd v\u011bnec, kter\u00fd vnese do interi\u00e9ru jemnost. Celek je zakryt\u00fd <strong>siln\u00fd sklen\u011bn\u00fd zvon<\/strong> a jeho b\u00edl\u00fd podklad. <br><br>V\u011b\u010dn\u00e1 r\u016f\u017ee je <strong>nesmrteln\u00e1 kv\u011btina<\/strong> .  Tato kouzeln\u00e1, z\u00e1\u0159iv\u00e1 r\u016f\u017ee nepot\u0159ebuje \u017e\u00e1dnou zvl\u00e1\u0161tn\u00ed p\u00e9\u010di. Um\u00edst\u011bn\u00e1 na no\u010dn\u00edm stolku nebo v ob\u00fdvac\u00edm pokoji vyvol\u00e1 nesmrtelnost t\u00e9to v\u011b\u010dn\u00e9 r\u016f\u017ee. <strong>vzpom\u00ednky a nejr\u016fzn\u011bj\u0161\u00ed emoce pro v\u00e1s ka\u017ed\u00fd den.  <\/strong> <br><br> <strong> <\/strong> <br><br>Tuto kr\u00e1snou r\u016f\u017ei m\u016f\u017eete nab\u00eddnout pod klenbou, pro <strong>zvl\u00e1\u0161tn\u00ed p\u0159\u00edle\u017eitosti<\/strong> jako je Valent\u00fdn, v\u00fdro\u010d\u00ed nebo jen vyj\u00e1d\u0159en\u00ed vrouc\u00ed l\u00e1sky.  <\/p>","protected":false},"excerpt":{"rendered":"V\u011b\u010dn\u00e1 r\u016f\u017ee symbolizuje v\u011b\u010dnou l\u00e1sku a siln\u00e9 emoce. Tento v\u00fdrobek se skl\u00e1d\u00e1 z v\u011b\u010dn\u00e9 r\u016f\u017ee v jasn\u011b \u010derven\u00e9 barv\u011b, p\u011bkn\u00fdch zlat\u00fdch list\u016f a stonku ve stejn\u00e9 barv\u011b. R\u016f\u017ei obklopuje jemn\u00fd sv\u011bteln\u00fd v\u011bnec, kter\u00fd vnese do va\u0161eho interi\u00e9ru jemnost. Celek je zakryt\u00fd siln\u00fdm sklen\u011bn\u00fdm zvonem a jeho b\u00edl\u00e1 [...]","protected":false},"featured_media":166,"template":"","meta":[],"product_brand":[],"product_cat":[15,36],"product_tag":[33],"class_list":{"0":"post-167","1":"product","2":"type-product","3":"status-publish","4":"has-post-thumbnail","6":"product_cat-all-products","7":"product_cat-best-sellers","8":"product_tag-rose-in-glass-dome","10":"first","11":"instock","12":"shipping-taxable","13":"purchasable","14":"product-type-simple"},"yoast_head":"<!-- This site is optimized with the Yoast SEO plugin v25.9 - https:\/\/yoast.com\/wordpress\/plugins\/seo\/ -->\n<title>Luminous Eternal Rose Radiant Red | \u010cesk\u00e1 republika Florist<\/title>\n<meta name=\"description\" content=\"Celebrate everlasting love with our Luminous Eternal Rose Radiant Red .\ud83c\udf39Symbolize your endless affection. Shop now and get a free...\" \/>\n<meta name=\"robots\" content=\"index, follow, max-snippet:-1, max-image-preview:large, max-video-preview:-1\" \/>\n<link rel=\"canonical\" href=\"https:\/\/petalwhim.com\/cs\/p\/zarive-cervena-vecna-ruze\/\" \/>\n<meta property=\"og:locale\" content=\"cs_CZ\" \/>\n<meta property=\"og:type\" content=\"article\" \/>\n<meta property=\"og:title\" content=\"Luminous Eternal Rose Radiant Red | \u010cesk\u00e1 republika Florist\" \/>\n<meta property=\"og:description\" content=\"Celebrate everlasting love with our Luminous Eternal Rose Radiant Red .\ud83c\udf39Symbolize your endless affection. Shop now and get a free...\" \/>\n<meta property=\"og:url\" content=\"https:\/\/petalwhim.com\/cs\/p\/zarive-cervena-vecna-ruze\/\" \/>\n<meta property=\"og:site_name\" content=\"Petal Whim\u2122\" \/>\n<meta property=\"article:modified_time\" content=\"2025-07-25T05:16:03+00:00\" \/>\n<meta property=\"og:image\" content=\"https:\/\/petalwhim.com\/wp-content\/uploads\/2024\/04\/product-image-1562975877.jpg\" \/>\n\t<meta property=\"og:image:width\" content=\"640\" \/>\n\t<meta property=\"og:image:height\" content=\"640\" \/>\n\t<meta property=\"og:image:type\" content=\"image\/jpeg\" \/>\n<meta name=\"twitter:card\" content=\"summary_large_image\" \/>\n<meta name=\"twitter:label1\" content=\"Odhadovan\u00e1 doba \u010dten\u00ed\" \/>\n\t<meta name=\"twitter:data1\" content=\"1 minuta\" \/>\n<script type=\"application\/ld+json\" class=\"yoast-schema-graph\">{\"@context\":\"https:\/\/schema.org\",\"@graph\":[{\"@type\":\"WebPage\",\"@id\":\"https:\/\/petalwhim.com\/p\/luminous-radiant-red-eternal-rose\/\",\"url\":\"https:\/\/petalwhim.com\/p\/luminous-radiant-red-eternal-rose\/\",\"name\":\"Luminous Eternal Rose Radiant Red | \u010cesk\u00e1 republika Florist\",\"isPartOf\":{\"@id\":\"https:\/\/petalwhim.com\/#website\"},\"primaryImageOfPage\":{\"@id\":\"https:\/\/petalwhim.com\/p\/luminous-radiant-red-eternal-rose\/#primaryimage\"},\"image\":{\"@id\":\"https:\/\/petalwhim.com\/p\/luminous-radiant-red-eternal-rose\/#primaryimage\"},\"thumbnailUrl\":\"https:\/\/petalwhim.com\/wp-content\/uploads\/2024\/04\/product-image-1562975877.jpg\",\"datePublished\":\"2024-04-19T04:59:07+00:00\",\"dateModified\":\"2025-07-25T05:16:03+00:00\",\"description\":\"Celebrate everlasting love with our Luminous Eternal Rose Radiant Red .\ud83c\udf39Symbolize your endless affection. Shop now and get a free...\",\"breadcrumb\":{\"@id\":\"https:\/\/petalwhim.com\/p\/luminous-radiant-red-eternal-rose\/#breadcrumb\"},\"inLanguage\":\"cs\",\"potentialAction\":[{\"@type\":\"ReadAction\",\"target\":[\"https:\/\/petalwhim.com\/p\/luminous-radiant-red-eternal-rose\/\"]}]},{\"@type\":\"ImageObject\",\"inLanguage\":\"cs\",\"@id\":\"https:\/\/petalwhim.com\/p\/luminous-radiant-red-eternal-rose\/#primaryimage\",\"url\":\"https:\/\/petalwhim.com\/wp-content\/uploads\/2024\/04\/product-image-1562975877.jpg\",\"contentUrl\":\"https:\/\/petalwhim.com\/wp-content\/uploads\/2024\/04\/product-image-1562975877.jpg\",\"width\":640,\"height\":640,\"caption\":\"Luminous Eternal Rose Radiant Red\"},{\"@type\":\"BreadcrumbList\",\"@id\":\"https:\/\/petalwhim.com\/p\/luminous-radiant-red-eternal-rose\/#breadcrumb\",\"itemListElement\":[{\"@type\":\"ListItem\",\"position\":1,\"name\":\"Home\",\"item\":\"https:\/\/petalwhim.com\/\"},{\"@type\":\"ListItem\",\"position\":2,\"name\":\"Shop\",\"item\":\"https:\/\/petalwhim.com\/shop\/\"},{\"@type\":\"ListItem\",\"position\":3,\"name\":\"Luminous Eternal Rose Radiant Red\"}]},{\"@type\":\"WebSite\",\"@id\":\"https:\/\/petalwhim.com\/#website\",\"url\":\"https:\/\/petalwhim.com\/\",\"name\":\"Petal Whim\u2122\",\"description\":\"Rose in Glass\",\"publisher\":{\"@id\":\"https:\/\/petalwhim.com\/#organization\"},\"potentialAction\":[{\"@type\":\"SearchAction\",\"target\":{\"@type\":\"EntryPoint\",\"urlTemplate\":\"https:\/\/petalwhim.com\/?s={search_term_string}\"},\"query-input\":{\"@type\":\"PropertyValueSpecification\",\"valueRequired\":true,\"valueName\":\"search_term_string\"}}],\"inLanguage\":\"cs\"},{\"@type\":\"Organization\",\"@id\":\"https:\/\/petalwhim.com\/#organization\",\"name\":\"Petal Whim\",\"alternateName\":\"Rose in Glass\",\"url\":\"https:\/\/petalwhim.com\/\",\"logo\":{\"@type\":\"ImageObject\",\"inLanguage\":\"cs\",\"@id\":\"https:\/\/petalwhim.com\/#\/schema\/logo\/image\/\",\"url\":\"https:\/\/petalwhim.com\/wp-content\/uploads\/2024\/05\/cropped-Petal-Whim-Favicon.png\",\"contentUrl\":\"https:\/\/petalwhim.com\/wp-content\/uploads\/2024\/05\/cropped-Petal-Whim-Favicon.png\",\"width\":512,\"height\":512,\"caption\":\"Petal Whim\"},\"image\":{\"@id\":\"https:\/\/petalwhim.com\/#\/schema\/logo\/image\/\"}}]}<\/script>\n<!-- \/ Yoast SEO plugin. -->","yoast_head_json":{"title":"Sv\u011bteln\u00e1 v\u011b\u010dn\u00e1 r\u016f\u017ee z\u00e1\u0159iv\u011b \u010derven\u00e1 | \u010cesk\u00e1 republika Kv\u011btin\u00e1\u0159stv\u00ed","description":"Oslavte v\u011b\u010dnou l\u00e1sku s na\u0161\u00ed z\u00e1\u0159ivou r\u016f\u017e\u00ed Eternal Rose Radiant Red .\ud83c\udf39Symbolizujte svou nekone\u010dnou n\u00e1klonnost. Nakupujte nyn\u00ed a z\u00edskejte zdarma...","robots":{"index":"index","follow":"follow","max-snippet":"max-snippet:-1","max-image-preview":"max-image-preview:large","max-video-preview":"max-video-preview:-1"},"canonical":"https:\/\/petalwhim.com\/cs\/p\/zarive-cervena-vecna-ruze\/","og_locale":"cs_CZ","og_type":"article","og_title":"Luminous Eternal Rose Radiant Red | \u010cesk\u00e1 republika Florist","og_description":"Celebrate everlasting love with our Luminous Eternal Rose Radiant Red .\ud83c\udf39Symbolize your endless affection. Shop now and get a free...","og_url":"https:\/\/petalwhim.com\/cs\/p\/zarive-cervena-vecna-ruze\/","og_site_name":"Petal Whim\u2122","article_modified_time":"2025-07-25T05:16:03+00:00","og_image":[{"width":640,"height":640,"url":"https:\/\/petalwhim.com\/wp-content\/uploads\/2024\/04\/product-image-1562975877.jpg","type":"image\/jpeg"}],"twitter_card":"summary_large_image","twitter_misc":{"Odhadovan\u00e1 doba \u010dten\u00ed":"1 minuta"},"schema":{"@context":"https:\/\/schema.org","@graph":[{"@type":"WebPage","@id":"https:\/\/petalwhim.com\/p\/luminous-radiant-red-eternal-rose\/","url":"https:\/\/petalwhim.com\/p\/luminous-radiant-red-eternal-rose\/","name":"Sv\u011bteln\u00e1 v\u011b\u010dn\u00e1 r\u016f\u017ee z\u00e1\u0159iv\u011b \u010derven\u00e1 | \u010cesk\u00e1 republika Kv\u011btin\u00e1\u0159stv\u00ed","isPartOf":{"@id":"https:\/\/petalwhim.com\/#website"},"primaryImageOfPage":{"@id":"https:\/\/petalwhim.com\/p\/luminous-radiant-red-eternal-rose\/#primaryimage"},"image":{"@id":"https:\/\/petalwhim.com\/p\/luminous-radiant-red-eternal-rose\/#primaryimage"},"thumbnailUrl":"https:\/\/petalwhim.com\/wp-content\/uploads\/2024\/04\/product-image-1562975877.jpg","datePublished":"2024-04-19T04:59:07+00:00","dateModified":"2025-07-25T05:16:03+00:00","description":"Oslavte v\u011b\u010dnou l\u00e1sku s na\u0161\u00ed z\u00e1\u0159ivou r\u016f\u017e\u00ed Eternal Rose Radiant Red .\ud83c\udf39Symbolizujte svou nekone\u010dnou n\u00e1klonnost. Nakupujte nyn\u00ed a z\u00edskejte zdarma...","breadcrumb":{"@id":"https:\/\/petalwhim.com\/p\/luminous-radiant-red-eternal-rose\/#breadcrumb"},"inLanguage":"cs","potentialAction":[{"@type":"ReadAction","target":["https:\/\/petalwhim.com\/p\/luminous-radiant-red-eternal-rose\/"]}]},{"@type":"ImageObject","inLanguage":"cs","@id":"https:\/\/petalwhim.com\/p\/luminous-radiant-red-eternal-rose\/#primaryimage","url":"https:\/\/petalwhim.com\/wp-content\/uploads\/2024\/04\/product-image-1562975877.jpg","contentUrl":"https:\/\/petalwhim.com\/wp-content\/uploads\/2024\/04\/product-image-1562975877.jpg","width":640,"height":640,"caption":"Luminous Eternal Rose Radiant Red"},{"@type":"BreadcrumbList","@id":"https:\/\/petalwhim.com\/p\/luminous-radiant-red-eternal-rose\/#breadcrumb","itemListElement":[{"@type":"ListItem","position":1,"name":"Home","item":"https:\/\/petalwhim.com\/"},{"@type":"ListItem","position":2,"name":"Shop","item":"https:\/\/petalwhim.com\/shop\/"},{"@type":"ListItem","position":3,"name":"Luminous Eternal Rose Radiant Red"}]},{"@type":"WebSite","@id":"https:\/\/petalwhim.com\/#website","url":"https:\/\/petalwhim.com\/","name":"Petal Whim\u2122","description":"R\u016f\u017ee ve skle","publisher":{"@id":"https:\/\/petalwhim.com\/#organization"},"potentialAction":[{"@type":"SearchAction","target":{"@type":"EntryPoint","urlTemplate":"https:\/\/petalwhim.com\/?s={search_term_string}"},"query-input":{"@type":"PropertyValueSpecification","valueRequired":true,"valueName":"search_term_string"}}],"inLanguage":"cs"},{"@type":"Organization","@id":"https:\/\/petalwhim.com\/#organization","name":"Petal Whim","alternateName":"Rose in Glass","url":"https:\/\/petalwhim.com\/","logo":{"@type":"ImageObject","inLanguage":"cs","@id":"https:\/\/petalwhim.com\/#\/schema\/logo\/image\/","url":"https:\/\/petalwhim.com\/wp-content\/uploads\/2024\/05\/cropped-Petal-Whim-Favicon.png","contentUrl":"https:\/\/petalwhim.com\/wp-content\/uploads\/2024\/05\/cropped-Petal-Whim-Favicon.png","width":512,"height":512,"caption":"Petal Whim"},"image":{"@id":"https:\/\/petalwhim.com\/#\/schema\/logo\/image\/"}}]}},"_links":{"self":[{"href":"https:\/\/petalwhim.com\/cs\/wp-json\/wp\/v2\/product\/167","targetHints":{"allow":["GET"]}}],"collection":[{"href":"https:\/\/petalwhim.com\/cs\/wp-json\/wp\/v2\/product"}],"about":[{"href":"https:\/\/petalwhim.com\/cs\/wp-json\/wp\/v2\/types\/product"}],"wp:featuredmedia":[{"embeddable":true,"href":"https:\/\/petalwhim.com\/cs\/wp-json\/wp\/v2\/media\/166"}],"wp:attachment":[{"href":"https:\/\/petalwhim.com\/cs\/wp-json\/wp\/v2\/media?parent=167"}],"wp:term":[{"taxonomy":"product_brand","embeddable":true,"href":"https:\/\/petalwhim.com\/cs\/wp-json\/wp\/v2\/product_brand?post=167"},{"taxonomy":"product_cat","embeddable":true,"href":"https:\/\/petalwhim.com\/cs\/wp-json\/wp\/v2\/product_cat?post=167"},{"taxonomy":"product_tag","embeddable":true,"href":"https:\/\/petalwhim.com\/cs\/wp-json\/wp\/v2\/product_tag?post=167"}],"curies":[{"name":"wp","href":"https:\/\/api.w.org\/{rel}","templated":true}]}}