{"id":163,"date":"2024-04-19T04:58:54","date_gmt":"2024-04-19T04:58:54","guid":{"rendered":"https:\/\/petalwhim.com\/p\/paris-eternal-rose\/"},"modified":"2025-07-25T05:16:03","modified_gmt":"2025-07-25T05:16:03","slug":"paris-eternal-rose","status":"publish","type":"product","link":"https:\/\/petalwhim.com\/cs\/p\/paris-eternal-rose\/","title":{"rendered":"<span>V\u011b\u010dn\u00e1 r\u016f\u017ee <\/span><span class=\"product-title-custom\">Paris<\/span>"},"content":{"rendered":"<h2>V\u011b\u010dn\u00e1 r\u016f\u017ee, kter\u00e1 symbolizuje v\u011b\u010dnou l\u00e1sku a siln\u00e9 emoce.<\/h2><p>Tento v\u00fdrobek se skl\u00e1d\u00e1 z \u010derven\u00e9 <strong>v\u011b\u010dn\u00e1 r\u016f\u017ee,<\/strong> p\u011bkn\u00e9 ultrarealistick\u00e9 zelen\u00e9 listy a jemn\u00e1 sv\u011bteln\u00e1 girlanda, kter\u00e1 rozz\u00e1\u0159\u00ed a vnese do va\u0161eho domova teplo a m\u011bkkost. Cel\u00fd je pokryt\u00fd <strong>siln\u00fd sklen\u011bn\u00fd zvon<\/strong> a jeho \u010dern\u00fdm podkladem.<br><br>V\u011b\u010dn\u00e1 r\u016f\u017ee je <strong>nesmrteln\u00e1 kv\u011btina. <\/strong> Tato kouzeln\u00e1, z\u00e1\u0159iv\u00e1 r\u016f\u017ee nepot\u0159ebuje \u017e\u00e1dnou zvl\u00e1\u0161tn\u00ed p\u00e9\u010di. Um\u00edst\u011bn\u00e1 na no\u010dn\u00edm stolku nebo v ob\u00fdvac\u00edm pokoji vyvol\u00e1 nesmrtelnost t\u00e9to v\u011b\u010dn\u00e9 r\u016f\u017ee. <strong>vzpom\u00ednky a nejr\u016fzn\u011bj\u0161\u00ed emoce pro v\u00e1s ka\u017ed\u00fd den. <\/strong> <br><br>Tuto kr\u00e1snou r\u016f\u017ei m\u016f\u017eete darovat pod klenbu, pro <strong>zvl\u00e1\u0161tn\u00ed p\u0159\u00edle\u017eitosti<\/strong> jako je Valent\u00fdn, v\u00fdro\u010d\u00ed svatby nebo prost\u011b jen vyj\u00e1d\u0159en\u00ed v\u00e1\u0161niv\u00e9 l\u00e1sky.<\/p><!-- split --><h2>Paris m\u011bsto l\u00e1sky a v\u00e1\u0161n\u011b<\/h2><p>Tuto v\u011b\u010dnou r\u016f\u017ei jsme pojmenovali \"Paris\" na po\u010dest <strong>nejromanti\u010dt\u011bj\u0161\u00ed m\u011bsto na sv\u011bt\u011b<\/strong>. <\/p><p>Paris vd\u011b\u010d\u00ed za svou pov\u011bst jako <strong>m\u011bsto l\u00e1sky<\/strong> na jeho <strong>romanti\u010dt\u00ed b\u00e1sn\u00edci<\/strong> 19. stolet\u00ed (Hugo, <span data-mce-fragment=\"1\">Chateaubriand, La Rousseau<\/span>), stejn\u011b jako na jeho malebnou architekturu.<\/p><p>V\u011bt\u0161inu \u010dinnost\u00ed v programu Paris pova\u017euj\u00ed lid\u00e9 na cel\u00e9m sv\u011bt\u011b za romantick\u00e9. A <strong>balada po mo\u0159i<\/strong>, dobr\u00e1 restaurace nebo i oby\u010dejn\u00e1 proch\u00e1zka v parku s v\u00fdhledem na Sacr\u00e9 c\u0153ur, v\u0161echny tyto \u010dinnosti maj\u00ed velmi romantick\u00fd n\u00e1dech, kter\u00fd <strong>evokuje l\u00e1sku a romantiku<\/strong>.<\/p>","protected":false},"excerpt":{"rendered":"V\u011b\u010dn\u00e1 r\u016f\u017ee symbolizuj\u00edc\u00ed v\u011b\u010dnou l\u00e1sku a siln\u00e9 emoceTento v\u00fdrobek se skl\u00e1d\u00e1 z \u010derven\u00e9 v\u011b\u010dn\u00e9 r\u016f\u017ee, p\u011bkn\u00fdch ultrarealistick\u00fdch zelen\u00fdch list\u016f a jemn\u00e9 sv\u011bteln\u00e9 girlandy, kter\u00e1 rozz\u00e1\u0159\u00ed a vnese do va\u0161eho domova teplo a jemnost. Celek je zakryt\u00fd siln\u00fdm sklen\u011bn\u00fdm zvonem a jeho \u010dern\u00fdm podstavcem.V\u011b\u010dn\u00e1 r\u016f\u017ee [...]","protected":false},"featured_media":162,"template":"","meta":[],"product_brand":[],"product_cat":[15,36,19],"product_tag":[33],"class_list":{"0":"post-163","1":"product","2":"type-product","3":"status-publish","4":"has-post-thumbnail","6":"product_cat-all-products","7":"product_cat-best-sellers","8":"product_cat-red-forever-rose","9":"product_tag-rose-in-glass-dome","11":"first","12":"instock","13":"sale","14":"shipping-taxable","15":"purchasable","16":"product-type-simple"},"yoast_head":"<!-- This site is optimized with the Yoast SEO plugin v25.9 - https:\/\/yoast.com\/wordpress\/plugins\/seo\/ -->\n<title>Eternal Rose Paris | \u010cesk\u00e1 republika Florist<\/title>\n<meta name=\"description\" content=\"Celebrate everlasting love with our Eternal Rose Paris .\ud83c\udf39Symbolize your endless affection. Shop now and get a free...\" \/>\n<meta name=\"robots\" content=\"index, follow, max-snippet:-1, max-image-preview:large, max-video-preview:-1\" \/>\n<link rel=\"canonical\" href=\"https:\/\/petalwhim.com\/cs\/p\/paris-eternal-rose\/\" \/>\n<meta property=\"og:locale\" content=\"cs_CZ\" \/>\n<meta property=\"og:type\" content=\"article\" \/>\n<meta property=\"og:title\" content=\"Eternal Rose Paris | \u010cesk\u00e1 republika Florist\" \/>\n<meta property=\"og:description\" content=\"Celebrate everlasting love with our Eternal Rose Paris .\ud83c\udf39Symbolize your endless affection. Shop now and get a free...\" \/>\n<meta property=\"og:url\" content=\"https:\/\/petalwhim.com\/cs\/p\/paris-eternal-rose\/\" \/>\n<meta property=\"og:site_name\" content=\"Petal Whim\u2122\" \/>\n<meta property=\"article:modified_time\" content=\"2025-07-25T05:16:03+00:00\" \/>\n<meta property=\"og:image\" content=\"https:\/\/petalwhim.com\/wp-content\/uploads\/2024\/04\/product-image-1145632006.jpg\" \/>\n\t<meta property=\"og:image:width\" content=\"640\" \/>\n\t<meta property=\"og:image:height\" content=\"640\" \/>\n\t<meta property=\"og:image:type\" content=\"image\/jpeg\" \/>\n<meta name=\"twitter:card\" content=\"summary_large_image\" \/>\n<meta name=\"twitter:label1\" content=\"Odhadovan\u00e1 doba \u010dten\u00ed\" \/>\n\t<meta name=\"twitter:data1\" content=\"1 minuta\" \/>\n<script type=\"application\/ld+json\" class=\"yoast-schema-graph\">{\"@context\":\"https:\/\/schema.org\",\"@graph\":[{\"@type\":\"WebPage\",\"@id\":\"https:\/\/petalwhim.com\/p\/paris-eternal-rose\/\",\"url\":\"https:\/\/petalwhim.com\/p\/paris-eternal-rose\/\",\"name\":\"Eternal Rose Paris | \u010cesk\u00e1 republika Florist\",\"isPartOf\":{\"@id\":\"https:\/\/petalwhim.com\/#website\"},\"primaryImageOfPage\":{\"@id\":\"https:\/\/petalwhim.com\/p\/paris-eternal-rose\/#primaryimage\"},\"image\":{\"@id\":\"https:\/\/petalwhim.com\/p\/paris-eternal-rose\/#primaryimage\"},\"thumbnailUrl\":\"https:\/\/petalwhim.com\/wp-content\/uploads\/2024\/04\/product-image-1145632006.jpg\",\"datePublished\":\"2024-04-19T04:58:54+00:00\",\"dateModified\":\"2025-07-25T05:16:03+00:00\",\"description\":\"Celebrate everlasting love with our Eternal Rose Paris .\ud83c\udf39Symbolize your endless affection. Shop now and get a free...\",\"breadcrumb\":{\"@id\":\"https:\/\/petalwhim.com\/p\/paris-eternal-rose\/#breadcrumb\"},\"inLanguage\":\"cs\",\"potentialAction\":[{\"@type\":\"ReadAction\",\"target\":[\"https:\/\/petalwhim.com\/p\/paris-eternal-rose\/\"]}]},{\"@type\":\"ImageObject\",\"inLanguage\":\"cs\",\"@id\":\"https:\/\/petalwhim.com\/p\/paris-eternal-rose\/#primaryimage\",\"url\":\"https:\/\/petalwhim.com\/wp-content\/uploads\/2024\/04\/product-image-1145632006.jpg\",\"contentUrl\":\"https:\/\/petalwhim.com\/wp-content\/uploads\/2024\/04\/product-image-1145632006.jpg\",\"width\":640,\"height\":640,\"caption\":\"Eternal Rose Paris\"},{\"@type\":\"BreadcrumbList\",\"@id\":\"https:\/\/petalwhim.com\/p\/paris-eternal-rose\/#breadcrumb\",\"itemListElement\":[{\"@type\":\"ListItem\",\"position\":1,\"name\":\"Home\",\"item\":\"https:\/\/petalwhim.com\/\"},{\"@type\":\"ListItem\",\"position\":2,\"name\":\"Shop\",\"item\":\"https:\/\/petalwhim.com\/shop\/\"},{\"@type\":\"ListItem\",\"position\":3,\"name\":\"Eternal Rose Paris\"}]},{\"@type\":\"WebSite\",\"@id\":\"https:\/\/petalwhim.com\/#website\",\"url\":\"https:\/\/petalwhim.com\/\",\"name\":\"Petal Whim\u2122\",\"description\":\"Rose in Glass\",\"publisher\":{\"@id\":\"https:\/\/petalwhim.com\/#organization\"},\"potentialAction\":[{\"@type\":\"SearchAction\",\"target\":{\"@type\":\"EntryPoint\",\"urlTemplate\":\"https:\/\/petalwhim.com\/?s={search_term_string}\"},\"query-input\":{\"@type\":\"PropertyValueSpecification\",\"valueRequired\":true,\"valueName\":\"search_term_string\"}}],\"inLanguage\":\"cs\"},{\"@type\":\"Organization\",\"@id\":\"https:\/\/petalwhim.com\/#organization\",\"name\":\"Petal Whim\",\"alternateName\":\"Rose in Glass\",\"url\":\"https:\/\/petalwhim.com\/\",\"logo\":{\"@type\":\"ImageObject\",\"inLanguage\":\"cs\",\"@id\":\"https:\/\/petalwhim.com\/#\/schema\/logo\/image\/\",\"url\":\"https:\/\/petalwhim.com\/wp-content\/uploads\/2024\/05\/cropped-Petal-Whim-Favicon.png\",\"contentUrl\":\"https:\/\/petalwhim.com\/wp-content\/uploads\/2024\/05\/cropped-Petal-Whim-Favicon.png\",\"width\":512,\"height\":512,\"caption\":\"Petal Whim\"},\"image\":{\"@id\":\"https:\/\/petalwhim.com\/#\/schema\/logo\/image\/\"}}]}<\/script>\n<!-- \/ Yoast SEO plugin. -->","yoast_head_json":{"title":"Eternal Rose Paris | \u010cesk\u00e1 republika Kv\u011btin\u00e1\u0159stv\u00ed","description":"Oslavte v\u011b\u010dnou l\u00e1sku s na\u0161\u00ed v\u011b\u010dnou r\u016f\u017e\u00ed Paris .\ud83c\udf39Symbolizujte svou nekone\u010dnou n\u00e1klonnost. Nakupujte nyn\u00ed a z\u00edskejte zdarma...","robots":{"index":"index","follow":"follow","max-snippet":"max-snippet:-1","max-image-preview":"max-image-preview:large","max-video-preview":"max-video-preview:-1"},"canonical":"https:\/\/petalwhim.com\/cs\/p\/paris-eternal-rose\/","og_locale":"cs_CZ","og_type":"article","og_title":"Eternal Rose Paris | \u010cesk\u00e1 republika Florist","og_description":"Celebrate everlasting love with our Eternal Rose Paris .\ud83c\udf39Symbolize your endless affection. Shop now and get a free...","og_url":"https:\/\/petalwhim.com\/cs\/p\/paris-eternal-rose\/","og_site_name":"Petal Whim\u2122","article_modified_time":"2025-07-25T05:16:03+00:00","og_image":[{"width":640,"height":640,"url":"https:\/\/petalwhim.com\/wp-content\/uploads\/2024\/04\/product-image-1145632006.jpg","type":"image\/jpeg"}],"twitter_card":"summary_large_image","twitter_misc":{"Odhadovan\u00e1 doba \u010dten\u00ed":"1 minuta"},"schema":{"@context":"https:\/\/schema.org","@graph":[{"@type":"WebPage","@id":"https:\/\/petalwhim.com\/p\/paris-eternal-rose\/","url":"https:\/\/petalwhim.com\/p\/paris-eternal-rose\/","name":"Eternal Rose Paris | \u010cesk\u00e1 republika Kv\u011btin\u00e1\u0159stv\u00ed","isPartOf":{"@id":"https:\/\/petalwhim.com\/#website"},"primaryImageOfPage":{"@id":"https:\/\/petalwhim.com\/p\/paris-eternal-rose\/#primaryimage"},"image":{"@id":"https:\/\/petalwhim.com\/p\/paris-eternal-rose\/#primaryimage"},"thumbnailUrl":"https:\/\/petalwhim.com\/wp-content\/uploads\/2024\/04\/product-image-1145632006.jpg","datePublished":"2024-04-19T04:58:54+00:00","dateModified":"2025-07-25T05:16:03+00:00","description":"Oslavte v\u011b\u010dnou l\u00e1sku s na\u0161\u00ed v\u011b\u010dnou r\u016f\u017e\u00ed Paris .\ud83c\udf39Symbolizujte svou nekone\u010dnou n\u00e1klonnost. Nakupujte nyn\u00ed a z\u00edskejte zdarma...","breadcrumb":{"@id":"https:\/\/petalwhim.com\/p\/paris-eternal-rose\/#breadcrumb"},"inLanguage":"cs","potentialAction":[{"@type":"ReadAction","target":["https:\/\/petalwhim.com\/p\/paris-eternal-rose\/"]}]},{"@type":"ImageObject","inLanguage":"cs","@id":"https:\/\/petalwhim.com\/p\/paris-eternal-rose\/#primaryimage","url":"https:\/\/petalwhim.com\/wp-content\/uploads\/2024\/04\/product-image-1145632006.jpg","contentUrl":"https:\/\/petalwhim.com\/wp-content\/uploads\/2024\/04\/product-image-1145632006.jpg","width":640,"height":640,"caption":"Eternal Rose Paris"},{"@type":"BreadcrumbList","@id":"https:\/\/petalwhim.com\/p\/paris-eternal-rose\/#breadcrumb","itemListElement":[{"@type":"ListItem","position":1,"name":"Home","item":"https:\/\/petalwhim.com\/"},{"@type":"ListItem","position":2,"name":"Shop","item":"https:\/\/petalwhim.com\/shop\/"},{"@type":"ListItem","position":3,"name":"Eternal Rose Paris"}]},{"@type":"WebSite","@id":"https:\/\/petalwhim.com\/#website","url":"https:\/\/petalwhim.com\/","name":"Petal Whim\u2122","description":"R\u016f\u017ee ve skle","publisher":{"@id":"https:\/\/petalwhim.com\/#organization"},"potentialAction":[{"@type":"SearchAction","target":{"@type":"EntryPoint","urlTemplate":"https:\/\/petalwhim.com\/?s={search_term_string}"},"query-input":{"@type":"PropertyValueSpecification","valueRequired":true,"valueName":"search_term_string"}}],"inLanguage":"cs"},{"@type":"Organization","@id":"https:\/\/petalwhim.com\/#organization","name":"Petal Whim","alternateName":"Rose in Glass","url":"https:\/\/petalwhim.com\/","logo":{"@type":"ImageObject","inLanguage":"cs","@id":"https:\/\/petalwhim.com\/#\/schema\/logo\/image\/","url":"https:\/\/petalwhim.com\/wp-content\/uploads\/2024\/05\/cropped-Petal-Whim-Favicon.png","contentUrl":"https:\/\/petalwhim.com\/wp-content\/uploads\/2024\/05\/cropped-Petal-Whim-Favicon.png","width":512,"height":512,"caption":"Petal Whim"},"image":{"@id":"https:\/\/petalwhim.com\/#\/schema\/logo\/image\/"}}]}},"_links":{"self":[{"href":"https:\/\/petalwhim.com\/cs\/wp-json\/wp\/v2\/product\/163","targetHints":{"allow":["GET"]}}],"collection":[{"href":"https:\/\/petalwhim.com\/cs\/wp-json\/wp\/v2\/product"}],"about":[{"href":"https:\/\/petalwhim.com\/cs\/wp-json\/wp\/v2\/types\/product"}],"wp:featuredmedia":[{"embeddable":true,"href":"https:\/\/petalwhim.com\/cs\/wp-json\/wp\/v2\/media\/162"}],"wp:attachment":[{"href":"https:\/\/petalwhim.com\/cs\/wp-json\/wp\/v2\/media?parent=163"}],"wp:term":[{"taxonomy":"product_brand","embeddable":true,"href":"https:\/\/petalwhim.com\/cs\/wp-json\/wp\/v2\/product_brand?post=163"},{"taxonomy":"product_cat","embeddable":true,"href":"https:\/\/petalwhim.com\/cs\/wp-json\/wp\/v2\/product_cat?post=163"},{"taxonomy":"product_tag","embeddable":true,"href":"https:\/\/petalwhim.com\/cs\/wp-json\/wp\/v2\/product_tag?post=163"}],"curies":[{"name":"wp","href":"https:\/\/api.w.org\/{rel}","templated":true}]}}