{"id":107,"date":"2024-04-19T04:57:36","date_gmt":"2024-04-19T04:57:36","guid":{"rendered":"https:\/\/petalwhim.com\/p\/small-eternal-green-rose-under-glass-dome\/"},"modified":"2025-07-25T05:16:05","modified_gmt":"2025-07-25T05:16:05","slug":"mala-vecne-zelena-ruze-pod-sklenenou-kopuli","status":"publish","type":"product","link":"https:\/\/petalwhim.com\/cs\/p\/mala-vecne-zelena-ruze-pod-sklenenou-kopuli\/","title":{"rendered":"<span>Mal\u00e1 v\u011b\u010dn\u00e1 r\u016f\u017ee <\/span><span class=\"product-title-custom\">Zelen\u00e1 pod sklen\u011bnou kopul\u00ed<\/span>"},"content":{"rendered":"<h2>Chcete darovat kv\u011btinu osob\u011b, kter\u00e1 s v\u00e1mi sd\u00edl\u00ed \u017eivot?<\/h2><p>V takov\u00e9m p\u0159\u00edpad\u011b se nechte v\u00e9st syst\u00e9mem Petal Whim\u2122. Nab\u00edz\u00ed v\u00e1m toti\u017e Small <strong>v\u011b\u010dn\u00e1 r\u016f\u017ee<\/strong> zelen\u00e1 pod zvonem. Na n\u011bm je kr\u00e1sn\u00e9 srd\u00ed\u010dko, kter\u00e9 v\u00e1s okouzl\u00ed. <\/p><p>Tato rostlina m\u00e1 zelenou barvu. Prost\u0159ednictv\u00edm t\u00e9to barvy ch\u00e1peme hlavn\u00ed v\u00fdznam, \u017ee <strong>l\u00e1ska<\/strong> je o p\u0159\u00edrod\u011b.  <\/p><p>Tato r\u016f\u017ee je n\u00e1dhern\u00e1 <strong>d\u00e1rek<\/strong> darovat sv\u00e9 milovan\u00e9 osob\u011b nebo mlad\u00e9mu p\u00e1ru, kter\u00fd se pr\u00e1v\u011b vzal a m\u016f\u017ee ochutnat pravou l\u00e1sku. <\/p>","protected":false},"excerpt":{"rendered":"Chcete darovat kv\u011btinu osob\u011b, kter\u00e1 s v\u00e1mi sd\u00edl\u00ed \u017eivot?V tom p\u0159\u00edpad\u011b se nechte v\u00e9st p\u0159\u00edstrojem Petal Whim\u2122. Nab\u00edz\u00ed v\u00e1m toti\u017e Malou v\u011b\u010dnou r\u016f\u017ei zelenou pod zvonem. Na t\u00e9 je p\u0159\u00edtomno kr\u00e1sn\u00e9 srd\u00ed\u010dko, d\u00edky kter\u00e9mu propadnete jej\u00edmu kouzlu. Tato rostlina je zelen\u00e1 v [...]","protected":false},"featured_media":106,"template":"","meta":[],"product_brand":[],"product_cat":[15,36,35],"product_tag":[34],"class_list":{"0":"post-107","1":"product","2":"type-product","3":"status-publish","4":"has-post-thumbnail","6":"product_cat-all-products","7":"product_cat-best-sellers","8":"product_cat-small-forever-rose","9":"product_tag-small-rose-in-glass","11":"first","12":"instock","13":"shipping-taxable","14":"purchasable","15":"product-type-simple"},"yoast_head":"<!-- This site is optimized with the Yoast SEO plugin v25.9 - https:\/\/yoast.com\/wordpress\/plugins\/seo\/ -->\n<title>Small Eternal Rose Green under Glass Dome | \u010cesk\u00e1 republika Florist<\/title>\n<meta name=\"description\" content=\"Celebrate everlasting love with our Small Eternal Rose Green under Glass Dome .\ud83c\udf39Symbolize your endless affection. Shop now and get a free...\" \/>\n<meta name=\"robots\" content=\"index, follow, max-snippet:-1, max-image-preview:large, max-video-preview:-1\" \/>\n<link rel=\"canonical\" href=\"https:\/\/petalwhim.com\/cs\/p\/mala-vecne-zelena-ruze-pod-sklenenou-kopuli\/\" \/>\n<meta property=\"og:locale\" content=\"cs_CZ\" \/>\n<meta property=\"og:type\" content=\"article\" \/>\n<meta property=\"og:title\" content=\"Small Eternal Rose Green under Glass Dome | \u010cesk\u00e1 republika Florist\" \/>\n<meta property=\"og:description\" content=\"Celebrate everlasting love with our Small Eternal Rose Green under Glass Dome .\ud83c\udf39Symbolize your endless affection. Shop now and get a free...\" \/>\n<meta property=\"og:url\" content=\"https:\/\/petalwhim.com\/cs\/p\/mala-vecne-zelena-ruze-pod-sklenenou-kopuli\/\" \/>\n<meta property=\"og:site_name\" content=\"Petal Whim\u2122\" \/>\n<meta property=\"article:modified_time\" content=\"2025-07-25T05:16:05+00:00\" \/>\n<meta property=\"og:image\" content=\"https:\/\/petalwhim.com\/wp-content\/uploads\/2024\/04\/product-image-1594224946.jpg\" \/>\n\t<meta property=\"og:image:width\" content=\"640\" \/>\n\t<meta property=\"og:image:height\" content=\"640\" \/>\n\t<meta property=\"og:image:type\" content=\"image\/jpeg\" \/>\n<meta name=\"twitter:card\" content=\"summary_large_image\" \/>\n<script type=\"application\/ld+json\" class=\"yoast-schema-graph\">{\"@context\":\"https:\/\/schema.org\",\"@graph\":[{\"@type\":\"WebPage\",\"@id\":\"https:\/\/petalwhim.com\/p\/small-eternal-green-rose-under-glass-dome\/\",\"url\":\"https:\/\/petalwhim.com\/p\/small-eternal-green-rose-under-glass-dome\/\",\"name\":\"Small Eternal Rose Green under Glass Dome | \u010cesk\u00e1 republika Florist\",\"isPartOf\":{\"@id\":\"https:\/\/petalwhim.com\/#website\"},\"primaryImageOfPage\":{\"@id\":\"https:\/\/petalwhim.com\/p\/small-eternal-green-rose-under-glass-dome\/#primaryimage\"},\"image\":{\"@id\":\"https:\/\/petalwhim.com\/p\/small-eternal-green-rose-under-glass-dome\/#primaryimage\"},\"thumbnailUrl\":\"https:\/\/petalwhim.com\/wp-content\/uploads\/2024\/04\/product-image-1594224946.jpg\",\"datePublished\":\"2024-04-19T04:57:36+00:00\",\"dateModified\":\"2025-07-25T05:16:05+00:00\",\"description\":\"Celebrate everlasting love with our Small Eternal Rose Green under Glass Dome .\ud83c\udf39Symbolize your endless affection. Shop now and get a free...\",\"breadcrumb\":{\"@id\":\"https:\/\/petalwhim.com\/p\/small-eternal-green-rose-under-glass-dome\/#breadcrumb\"},\"inLanguage\":\"cs\",\"potentialAction\":[{\"@type\":\"ReadAction\",\"target\":[\"https:\/\/petalwhim.com\/p\/small-eternal-green-rose-under-glass-dome\/\"]}]},{\"@type\":\"ImageObject\",\"inLanguage\":\"cs\",\"@id\":\"https:\/\/petalwhim.com\/p\/small-eternal-green-rose-under-glass-dome\/#primaryimage\",\"url\":\"https:\/\/petalwhim.com\/wp-content\/uploads\/2024\/04\/product-image-1594224946.jpg\",\"contentUrl\":\"https:\/\/petalwhim.com\/wp-content\/uploads\/2024\/04\/product-image-1594224946.jpg\",\"width\":640,\"height\":640,\"caption\":\"Small Eternal Rose Green under Glass Dome\"},{\"@type\":\"BreadcrumbList\",\"@id\":\"https:\/\/petalwhim.com\/p\/small-eternal-green-rose-under-glass-dome\/#breadcrumb\",\"itemListElement\":[{\"@type\":\"ListItem\",\"position\":1,\"name\":\"Home\",\"item\":\"https:\/\/petalwhim.com\/\"},{\"@type\":\"ListItem\",\"position\":2,\"name\":\"Shop\",\"item\":\"https:\/\/petalwhim.com\/shop\/\"},{\"@type\":\"ListItem\",\"position\":3,\"name\":\"Small Eternal Rose Green under Glass Dome\"}]},{\"@type\":\"WebSite\",\"@id\":\"https:\/\/petalwhim.com\/#website\",\"url\":\"https:\/\/petalwhim.com\/\",\"name\":\"Petal Whim\u2122\",\"description\":\"Rose in Glass\",\"publisher\":{\"@id\":\"https:\/\/petalwhim.com\/#organization\"},\"potentialAction\":[{\"@type\":\"SearchAction\",\"target\":{\"@type\":\"EntryPoint\",\"urlTemplate\":\"https:\/\/petalwhim.com\/?s={search_term_string}\"},\"query-input\":{\"@type\":\"PropertyValueSpecification\",\"valueRequired\":true,\"valueName\":\"search_term_string\"}}],\"inLanguage\":\"cs\"},{\"@type\":\"Organization\",\"@id\":\"https:\/\/petalwhim.com\/#organization\",\"name\":\"Petal Whim\",\"alternateName\":\"Rose in Glass\",\"url\":\"https:\/\/petalwhim.com\/\",\"logo\":{\"@type\":\"ImageObject\",\"inLanguage\":\"cs\",\"@id\":\"https:\/\/petalwhim.com\/#\/schema\/logo\/image\/\",\"url\":\"https:\/\/petalwhim.com\/wp-content\/uploads\/2024\/05\/cropped-Petal-Whim-Favicon.png\",\"contentUrl\":\"https:\/\/petalwhim.com\/wp-content\/uploads\/2024\/05\/cropped-Petal-Whim-Favicon.png\",\"width\":512,\"height\":512,\"caption\":\"Petal Whim\"},\"image\":{\"@id\":\"https:\/\/petalwhim.com\/#\/schema\/logo\/image\/\"}}]}<\/script>\n<!-- \/ Yoast SEO plugin. -->","yoast_head_json":{"title":"Mal\u00e1 v\u011b\u010dn\u00e1 r\u016f\u017ee zelen\u00e1 pod sklen\u011bnou kopul\u00ed | \u010cesk\u00e1 republika Kv\u011btin\u00e1\u0159stv\u00ed","description":"Oslavte v\u011b\u010dnou l\u00e1sku s na\u0161\u00ed malou v\u011b\u010dnou r\u016f\u017e\u00ed Zelen\u00e1 pod sklen\u011bnou kopul\u00ed \ud83c\udf39Symbolizujte svou nekone\u010dnou n\u00e1klonnost. Nakupujte nyn\u00ed a z\u00edskejte zdarma...","robots":{"index":"index","follow":"follow","max-snippet":"max-snippet:-1","max-image-preview":"max-image-preview:large","max-video-preview":"max-video-preview:-1"},"canonical":"https:\/\/petalwhim.com\/cs\/p\/mala-vecne-zelena-ruze-pod-sklenenou-kopuli\/","og_locale":"cs_CZ","og_type":"article","og_title":"Small Eternal Rose Green under Glass Dome | \u010cesk\u00e1 republika Florist","og_description":"Celebrate everlasting love with our Small Eternal Rose Green under Glass Dome .\ud83c\udf39Symbolize your endless affection. Shop now and get a free...","og_url":"https:\/\/petalwhim.com\/cs\/p\/mala-vecne-zelena-ruze-pod-sklenenou-kopuli\/","og_site_name":"Petal Whim\u2122","article_modified_time":"2025-07-25T05:16:05+00:00","og_image":[{"width":640,"height":640,"url":"https:\/\/petalwhim.com\/wp-content\/uploads\/2024\/04\/product-image-1594224946.jpg","type":"image\/jpeg"}],"twitter_card":"summary_large_image","schema":{"@context":"https:\/\/schema.org","@graph":[{"@type":"WebPage","@id":"https:\/\/petalwhim.com\/p\/small-eternal-green-rose-under-glass-dome\/","url":"https:\/\/petalwhim.com\/p\/small-eternal-green-rose-under-glass-dome\/","name":"Mal\u00e1 v\u011b\u010dn\u00e1 r\u016f\u017ee zelen\u00e1 pod sklen\u011bnou kopul\u00ed | \u010cesk\u00e1 republika Kv\u011btin\u00e1\u0159stv\u00ed","isPartOf":{"@id":"https:\/\/petalwhim.com\/#website"},"primaryImageOfPage":{"@id":"https:\/\/petalwhim.com\/p\/small-eternal-green-rose-under-glass-dome\/#primaryimage"},"image":{"@id":"https:\/\/petalwhim.com\/p\/small-eternal-green-rose-under-glass-dome\/#primaryimage"},"thumbnailUrl":"https:\/\/petalwhim.com\/wp-content\/uploads\/2024\/04\/product-image-1594224946.jpg","datePublished":"2024-04-19T04:57:36+00:00","dateModified":"2025-07-25T05:16:05+00:00","description":"Oslavte v\u011b\u010dnou l\u00e1sku s na\u0161\u00ed malou v\u011b\u010dnou r\u016f\u017e\u00ed Zelen\u00e1 pod sklen\u011bnou kopul\u00ed \ud83c\udf39Symbolizujte svou nekone\u010dnou n\u00e1klonnost. Nakupujte nyn\u00ed a z\u00edskejte zdarma...","breadcrumb":{"@id":"https:\/\/petalwhim.com\/p\/small-eternal-green-rose-under-glass-dome\/#breadcrumb"},"inLanguage":"cs","potentialAction":[{"@type":"ReadAction","target":["https:\/\/petalwhim.com\/p\/small-eternal-green-rose-under-glass-dome\/"]}]},{"@type":"ImageObject","inLanguage":"cs","@id":"https:\/\/petalwhim.com\/p\/small-eternal-green-rose-under-glass-dome\/#primaryimage","url":"https:\/\/petalwhim.com\/wp-content\/uploads\/2024\/04\/product-image-1594224946.jpg","contentUrl":"https:\/\/petalwhim.com\/wp-content\/uploads\/2024\/04\/product-image-1594224946.jpg","width":640,"height":640,"caption":"Small Eternal Rose Green under Glass Dome"},{"@type":"BreadcrumbList","@id":"https:\/\/petalwhim.com\/p\/small-eternal-green-rose-under-glass-dome\/#breadcrumb","itemListElement":[{"@type":"ListItem","position":1,"name":"Home","item":"https:\/\/petalwhim.com\/"},{"@type":"ListItem","position":2,"name":"Shop","item":"https:\/\/petalwhim.com\/shop\/"},{"@type":"ListItem","position":3,"name":"Small Eternal Rose Green under Glass Dome"}]},{"@type":"WebSite","@id":"https:\/\/petalwhim.com\/#website","url":"https:\/\/petalwhim.com\/","name":"Petal Whim\u2122","description":"R\u016f\u017ee ve skle","publisher":{"@id":"https:\/\/petalwhim.com\/#organization"},"potentialAction":[{"@type":"SearchAction","target":{"@type":"EntryPoint","urlTemplate":"https:\/\/petalwhim.com\/?s={search_term_string}"},"query-input":{"@type":"PropertyValueSpecification","valueRequired":true,"valueName":"search_term_string"}}],"inLanguage":"cs"},{"@type":"Organization","@id":"https:\/\/petalwhim.com\/#organization","name":"Petal Whim","alternateName":"Rose in Glass","url":"https:\/\/petalwhim.com\/","logo":{"@type":"ImageObject","inLanguage":"cs","@id":"https:\/\/petalwhim.com\/#\/schema\/logo\/image\/","url":"https:\/\/petalwhim.com\/wp-content\/uploads\/2024\/05\/cropped-Petal-Whim-Favicon.png","contentUrl":"https:\/\/petalwhim.com\/wp-content\/uploads\/2024\/05\/cropped-Petal-Whim-Favicon.png","width":512,"height":512,"caption":"Petal Whim"},"image":{"@id":"https:\/\/petalwhim.com\/#\/schema\/logo\/image\/"}}]}},"_links":{"self":[{"href":"https:\/\/petalwhim.com\/cs\/wp-json\/wp\/v2\/product\/107","targetHints":{"allow":["GET"]}}],"collection":[{"href":"https:\/\/petalwhim.com\/cs\/wp-json\/wp\/v2\/product"}],"about":[{"href":"https:\/\/petalwhim.com\/cs\/wp-json\/wp\/v2\/types\/product"}],"wp:featuredmedia":[{"embeddable":true,"href":"https:\/\/petalwhim.com\/cs\/wp-json\/wp\/v2\/media\/106"}],"wp:attachment":[{"href":"https:\/\/petalwhim.com\/cs\/wp-json\/wp\/v2\/media?parent=107"}],"wp:term":[{"taxonomy":"product_brand","embeddable":true,"href":"https:\/\/petalwhim.com\/cs\/wp-json\/wp\/v2\/product_brand?post=107"},{"taxonomy":"product_cat","embeddable":true,"href":"https:\/\/petalwhim.com\/cs\/wp-json\/wp\/v2\/product_cat?post=107"},{"taxonomy":"product_tag","embeddable":true,"href":"https:\/\/petalwhim.com\/cs\/wp-json\/wp\/v2\/product_tag?post=107"}],"curies":[{"name":"wp","href":"https:\/\/api.w.org\/{rel}","templated":true}]}}