{"id":31,"date":"2024-04-10T02:30:24","date_gmt":"2024-04-10T02:30:24","guid":{"rendered":"https:\/\/roseinglass.kinsta.cloud\/?page_id=31"},"modified":"2025-07-18T13:06:53","modified_gmt":"2025-07-18T13:06:53","slug":"kontaktujte-nas","status":"publish","type":"page","link":"https:\/\/petalwhim.com\/cs\/kontaktujte-nas\/","title":{"rendered":"Kontaktujte n\u00e1s"},"content":{"rendered":"<script src=\"https:\/\/www.google.com\/recaptcha\/api.js\" async defer><\/script>\n\n    <form id=\"custom-contact-form\" method=\"post\" action=\"\" data-trp-original-action=\"\">\n        <label for=\"custom_name\">N\u00e1zev<\/label>\n        <input type=\"text\" id=\"custom_name\" name=\"custom_name\" required>\n\n        <label for=\"custom_email\">E-mail<\/label>\n        <input type=\"email\" id=\"custom_email\" name=\"custom_email\" required>\n\n        <label for=\"custom_phone\">Telefon (voliteln\u011b)<\/label>\n        <input type=\"text\" id=\"custom_phone\" name=\"custom_phone\">\n\n        <label for=\"custom_message\">Zpr\u00e1va<\/label>\n        <textarea id=\"custom_message\" name=\"custom_message\" required><\/textarea>\n\n        <button type=\"submit\" id=\"submit-button\">Odeslat zpr\u00e1vu<\/button>\n\t\t<div class=\"g-recaptcha\" data-sitekey=\"6LegiocrAAAAAPtGEsgdOSpPsfhGYLbPenTsIO07\"><\/div>\n\n    <input type=\"hidden\" name=\"trp-form-language\" value=\"cs\"\/><\/form>\n\n    <div id=\"form-response\"><\/div>\n\n    <script type=\"text\/javascript\">\n        document.getElementById(\"custom-contact-form\").addEventListener(\"submit\", function(event){\n            event.preventDefault(); \/\/ Prevent the form from submitting normally\n\n            var formData = new FormData(this); \/\/ Get form data\n            var responseDiv = document.getElementById(\"form-response\");\n            var submitButton = document.getElementById(\"submit-button\");\n\n            \/\/ Disable the submit button and show loading spinner\n            submitButton.disabled = true;\n            responseDiv.innerHTML = \"<div id='loading-spinner' style='text-align:center;'><img src='\/wp-content\/uploads\/2025\/07\/loading-spinner-custom.gif' alt='Loading...'><\/div>\";\n    var recaptcha = document.querySelector('#g-recaptcha-response').value;\n    if (!recaptcha) {\n        responseDiv.innerHTML = \"<p style='color: red; font-weight: bold; font-size: 1.2em;'>Please complete the CAPTCHA.<\/p>\";\n        submitButton.disabled = false;\n        return;\n    }\n            \/\/ AJAX request\n            var xhr = new XMLHttpRequest();\n            xhr.open(\"POST\", window.location.href, true); \/\/ Post to the same page\n            xhr.onload = function () {\n                if (xhr.status === 200) {\n                    responseDiv.innerHTML = \"<p style='color: green; font-weight: bold; font-size: 1.2em;'>Thank you! Your message has been sent successfully.<\/p>\";\n                } else {\n                    responseDiv.innerHTML = \"<p style='color: red; font-weight: bold; font-size: 1.2em;'>Sorry, something went wrong. Please try again.<\/p>\";\n                }\n\n                \/\/ Re-enable the submit button after response\n                submitButton.disabled = false;\n            };\n            xhr.onerror = function () {\n                responseDiv.innerHTML = \"<p style='color: red; font-weight: bold; font-size: 1.2em;'>Sorry, something went wrong. Please try again.<\/p>\";\n                submitButton.disabled = false;\n            };\n            xhr.send(formData);\n        });\n    <\/script>\n\n    <style>\n        #submit-button {\n            background-color: #661731; \/* Button background color *\/\n            color: white; \/* Button text color *\/\n            padding: 10px 20px;\n            border: none;\n            cursor: pointer;\n            font-size: 1em;\n        }\n\n        #submit-button:hover {\n            background-color: #550e2f; \/* Darker background on hover *\/\n        }\n\n        #form-response {\n            margin-top: 15px;\n        }\n\n        #loading-spinner img {\n            width: 50px; \/* Adjust size *\/\n            height: 50px;\n        }\n    <\/style>\n\n    \r\n<h2>Dal\u0161\u00ed zp\u016fsoby, jak n\u00e1s kontaktovat<\/h2>\r\n<p><strong>E-mailem<\/strong> E-mail : contact@petalwhim.com Pokud jste se na n\u00e1s obr\u00e1tili e-mailem, oce\u0148ujeme va\u0161i trp\u011blivost, proto\u017ee n\u00e1\u0161 t\u00fdm se sna\u017e\u00ed odpov\u011bd\u011bt na ka\u017ed\u00fd dotaz. Budeme se sna\u017eit odpov\u011bd\u011bt do 48 hodin. Vezm\u011bte pros\u00edm na v\u011bdom\u00ed, \u017ee na\u0161e reak\u010dn\u00ed doba se m\u016f\u017ee zpozdit, pokud se setk\u00e1me s vysok\u00fdm objemem zpr\u00e1v, zejm\u00e9na v obdob\u00ed prodeje a V\u00e1noc. Ud\u011bl\u00e1me v\u0161e pro to, abychom se v\u00e1m ozvali co nejd\u0159\u00edve. D\u011bkujeme v\u00e1m za pochopen\u00ed.<\/p>\r\n<p><strong>Telefonicky<\/strong> Pokud m\u00e1te jak\u00e9koli dotazy nebo obavy, nev\u00e1hejte n\u00e1m zavolat. R\u00e1di v\u00e1m pom\u016f\u017eeme. Na\u0161e z\u00e1kaznick\u00e1 linka je k dispozici od pond\u011bl\u00ed do p\u00e1tku od 8:00 do 20:00 UTC+11.<\/p>\r\n<p><strong>Po\u0161tou<\/strong> Adresa : Petal Whim\u2122, V\u00e1clavsk\u00e9 n\u00e1m\u011bst\u00ed 808\/66, Praha 11000, \u010cesk\u00e1 republika Na po\u0161tu obvykle odpov\u00edd\u00e1me do 7-14 pracovn\u00edch dn\u016f.<\/p>\r\n<h2>N\u00e1\u0161 z\u00e1vazek poskytovat skv\u011bl\u00e9 slu\u017eby z\u00e1kazn\u00edk\u016fm<\/h2>\r\nSpole\u010dnost Petal Whim\u2122 se zav\u00e1zala poskytovat skv\u011bl\u00e9 slu\u017eby z\u00e1kazn\u00edk\u016fm. V\u011b\u0159\u00edme, \u017ee si na\u0161i z\u00e1kazn\u00edci zaslou\u017e\u00ed co nejlep\u0161\u00ed z\u00e1\u017eitek z nakupov\u00e1n\u00ed u n\u00e1s, a sna\u017e\u00edme se jim ho poka\u017ed\u00e9 poskytnout. N\u00e1\u0161 t\u00fdm z\u00e1kaznick\u00e9ho servisu je v\u00e1m v\u017edy k dispozici, aby zodpov\u011bd\u011bl v\u0161echny va\u0161e dotazy a pomohl v\u00e1m naj\u00edt dokonal\u00fd v\u00fdrobek pro va\u0161e pot\u0159eby. V\u00edme, \u017ee v\u00e1\u0161 \u010das je cenn\u00fd, proto si v\u00e1\u017e\u00edme va\u0161eho podnik\u00e1n\u00ed a d\u011bkujeme, \u017ee jste si vybrali Petal Whim\u2122!<\/p>\r\n<h2>Ochrana osobn\u00edch \u00fadaj\u016f<\/h2>\r\n<p>Na\u0161e v\u00fdm\u011bny jsou p\u0159\u00edsn\u011b d\u016fv\u011brn\u00e9 a v\u0161echny na\u0161e v\u00fdm\u011bny z\u016fst\u00e1vaj\u00ed soukrom\u00e9. V souladu s na\u0161imi z\u00e1sadami ochrany osobn\u00edch \u00fadaj\u016f nep\u0159ed\u00e1v\u00e1me \u017e\u00e1dn\u00e9 \u00fadaje t\u0159et\u00edm stran\u00e1m.<\/p>","protected":false},"excerpt":{"rendered":"Dal\u0161\u00ed zp\u016fsoby, jak n\u00e1s kontaktovat E-mailem E-mail : kontakt@ Pokud jste se na n\u00e1s obr\u00e1tili e-mailem, oce\u0148ujeme va\u0161i trp\u011blivost, proto\u017ee n\u00e1\u0161 t\u00fdm se sna\u017e\u00ed odpov\u011bd\u011bt na ka\u017ed\u00fd dotaz. Budeme se sna\u017eit odpov\u011bd\u011bt do 48 hodin. Vezm\u011bte pros\u00edm na v\u011bdom\u00ed, \u017ee na\u0161e reakce se m\u016f\u017ee zpozdit, pokud m\u00e1me [...]","protected":false},"author":1,"featured_media":0,"parent":0,"menu_order":0,"comment_status":"closed","ping_status":"closed","template":"page-blank-title-center.php","meta":{"footnotes":""},"class_list":["post-31","page","type-page","status-publish","hentry"],"yoast_head":"<!-- This site is optimized with the Yoast SEO plugin v25.9 - https:\/\/yoast.com\/wordpress\/plugins\/seo\/ -->\n<title>Contact us - Petal Whim\u2122<\/title>\n<meta name=\"robots\" content=\"noindex, follow\" \/>\n<meta property=\"og:locale\" content=\"cs_CZ\" \/>\n<meta property=\"og:type\" content=\"article\" \/>\n<meta property=\"og:title\" content=\"Contact us - Petal Whim\u2122\" \/>\n<meta property=\"og:description\" content=\"Other ways to contact us By email Email : contact@ If you have reached out to us via email, we appreciate your patience as our team works to respond to each inquiry. We will do our best to answer within 48 hours. Please note that our response time may be delayed if we are experiencing [...]\" \/>\n<meta property=\"og:url\" content=\"https:\/\/petalwhim.com\/cs\/kontaktujte-nas\/\" \/>\n<meta property=\"og:site_name\" content=\"Petal Whim\u2122\" \/>\n<meta property=\"article:modified_time\" content=\"2025-07-18T13:06:53+00:00\" \/>\n<meta property=\"og:image\" content=\"https:\/\/petalwhim.com\/wp-content\/uploads\/2024\/05\/cropped-Petal-Whim-Favicon.png\" \/>\n\t<meta property=\"og:image:width\" content=\"512\" \/>\n\t<meta property=\"og:image:height\" content=\"512\" \/>\n\t<meta property=\"og:image:type\" content=\"image\/png\" \/>\n<meta name=\"twitter:card\" content=\"summary_large_image\" \/>\n<meta name=\"twitter:label1\" content=\"Odhadovan\u00e1 doba \u010dten\u00ed\" \/>\n\t<meta name=\"twitter:data1\" content=\"2 minuty\" \/>\n<script type=\"application\/ld+json\" class=\"yoast-schema-graph\">{\"@context\":\"https:\/\/schema.org\",\"@graph\":[{\"@type\":\"WebPage\",\"@id\":\"https:\/\/petalwhim.com\/contact-us\/\",\"url\":\"https:\/\/petalwhim.com\/contact-us\/\",\"name\":\"Contact us - Petal Whim\u2122\",\"isPartOf\":{\"@id\":\"https:\/\/petalwhim.com\/#website\"},\"datePublished\":\"2024-04-10T02:30:24+00:00\",\"dateModified\":\"2025-07-18T13:06:53+00:00\",\"breadcrumb\":{\"@id\":\"https:\/\/petalwhim.com\/contact-us\/#breadcrumb\"},\"inLanguage\":\"cs\",\"potentialAction\":[{\"@type\":\"ReadAction\",\"target\":[\"https:\/\/petalwhim.com\/contact-us\/\"]}]},{\"@type\":\"BreadcrumbList\",\"@id\":\"https:\/\/petalwhim.com\/contact-us\/#breadcrumb\",\"itemListElement\":[{\"@type\":\"ListItem\",\"position\":1,\"name\":\"Home\",\"item\":\"https:\/\/petalwhim.com\/\"},{\"@type\":\"ListItem\",\"position\":2,\"name\":\"Contact us\"}]},{\"@type\":\"WebSite\",\"@id\":\"https:\/\/petalwhim.com\/#website\",\"url\":\"https:\/\/petalwhim.com\/\",\"name\":\"Petal Whim\u2122\",\"description\":\"Rose in Glass\",\"publisher\":{\"@id\":\"https:\/\/petalwhim.com\/#organization\"},\"potentialAction\":[{\"@type\":\"SearchAction\",\"target\":{\"@type\":\"EntryPoint\",\"urlTemplate\":\"https:\/\/petalwhim.com\/?s={search_term_string}\"},\"query-input\":{\"@type\":\"PropertyValueSpecification\",\"valueRequired\":true,\"valueName\":\"search_term_string\"}}],\"inLanguage\":\"cs\"},{\"@type\":\"Organization\",\"@id\":\"https:\/\/petalwhim.com\/#organization\",\"name\":\"Petal Whim\",\"alternateName\":\"Rose in Glass\",\"url\":\"https:\/\/petalwhim.com\/\",\"logo\":{\"@type\":\"ImageObject\",\"inLanguage\":\"cs\",\"@id\":\"https:\/\/petalwhim.com\/#\/schema\/logo\/image\/\",\"url\":\"https:\/\/petalwhim.com\/wp-content\/uploads\/2024\/05\/cropped-Petal-Whim-Favicon.png\",\"contentUrl\":\"https:\/\/petalwhim.com\/wp-content\/uploads\/2024\/05\/cropped-Petal-Whim-Favicon.png\",\"width\":512,\"height\":512,\"caption\":\"Petal Whim\"},\"image\":{\"@id\":\"https:\/\/petalwhim.com\/#\/schema\/logo\/image\/\"}}]}<\/script>\n<!-- \/ Yoast SEO plugin. -->","yoast_head_json":{"title":"Kontaktujte n\u00e1s - Petal Whim\u2122","robots":{"index":"noindex","follow":"follow"},"og_locale":"cs_CZ","og_type":"article","og_title":"Contact us - Petal Whim\u2122","og_description":"Other ways to contact us By email Email : contact@ If you have reached out to us via email, we appreciate your patience as our team works to respond to each inquiry. We will do our best to answer within 48 hours. Please note that our response time may be delayed if we are experiencing [...]","og_url":"https:\/\/petalwhim.com\/cs\/kontaktujte-nas\/","og_site_name":"Petal Whim\u2122","article_modified_time":"2025-07-18T13:06:53+00:00","og_image":[{"width":512,"height":512,"url":"https:\/\/petalwhim.com\/wp-content\/uploads\/2024\/05\/cropped-Petal-Whim-Favicon.png","type":"image\/png"}],"twitter_card":"summary_large_image","twitter_misc":{"Odhadovan\u00e1 doba \u010dten\u00ed":"2 minuty"},"schema":{"@context":"https:\/\/schema.org","@graph":[{"@type":"WebPage","@id":"https:\/\/petalwhim.com\/contact-us\/","url":"https:\/\/petalwhim.com\/contact-us\/","name":"Kontaktujte n\u00e1s - Petal Whim\u2122","isPartOf":{"@id":"https:\/\/petalwhim.com\/#website"},"datePublished":"2024-04-10T02:30:24+00:00","dateModified":"2025-07-18T13:06:53+00:00","breadcrumb":{"@id":"https:\/\/petalwhim.com\/contact-us\/#breadcrumb"},"inLanguage":"cs","potentialAction":[{"@type":"ReadAction","target":["https:\/\/petalwhim.com\/contact-us\/"]}]},{"@type":"BreadcrumbList","@id":"https:\/\/petalwhim.com\/contact-us\/#breadcrumb","itemListElement":[{"@type":"ListItem","position":1,"name":"Home","item":"https:\/\/petalwhim.com\/"},{"@type":"ListItem","position":2,"name":"Contact us"}]},{"@type":"WebSite","@id":"https:\/\/petalwhim.com\/#website","url":"https:\/\/petalwhim.com\/","name":"Petal Whim\u2122","description":"R\u016f\u017ee ve skle","publisher":{"@id":"https:\/\/petalwhim.com\/#organization"},"potentialAction":[{"@type":"SearchAction","target":{"@type":"EntryPoint","urlTemplate":"https:\/\/petalwhim.com\/?s={search_term_string}"},"query-input":{"@type":"PropertyValueSpecification","valueRequired":true,"valueName":"search_term_string"}}],"inLanguage":"cs"},{"@type":"Organization","@id":"https:\/\/petalwhim.com\/#organization","name":"Petal Whim","alternateName":"Rose in Glass","url":"https:\/\/petalwhim.com\/","logo":{"@type":"ImageObject","inLanguage":"cs","@id":"https:\/\/petalwhim.com\/#\/schema\/logo\/image\/","url":"https:\/\/petalwhim.com\/wp-content\/uploads\/2024\/05\/cropped-Petal-Whim-Favicon.png","contentUrl":"https:\/\/petalwhim.com\/wp-content\/uploads\/2024\/05\/cropped-Petal-Whim-Favicon.png","width":512,"height":512,"caption":"Petal Whim"},"image":{"@id":"https:\/\/petalwhim.com\/#\/schema\/logo\/image\/"}}]}},"_links":{"self":[{"href":"https:\/\/petalwhim.com\/cs\/wp-json\/wp\/v2\/pages\/31","targetHints":{"allow":["GET"]}}],"collection":[{"href":"https:\/\/petalwhim.com\/cs\/wp-json\/wp\/v2\/pages"}],"about":[{"href":"https:\/\/petalwhim.com\/cs\/wp-json\/wp\/v2\/types\/page"}],"author":[{"embeddable":true,"href":"https:\/\/petalwhim.com\/cs\/wp-json\/wp\/v2\/users\/1"}],"replies":[{"embeddable":true,"href":"https:\/\/petalwhim.com\/cs\/wp-json\/wp\/v2\/comments?post=31"}],"version-history":[{"count":0,"href":"https:\/\/petalwhim.com\/cs\/wp-json\/wp\/v2\/pages\/31\/revisions"}],"wp:attachment":[{"href":"https:\/\/petalwhim.com\/cs\/wp-json\/wp\/v2\/media?parent=31"}],"curies":[{"name":"wp","href":"https:\/\/api.w.org\/{rel}","templated":true}]}}